{"id":3246,"date":"2024-12-19T07:46:10","date_gmt":"2024-12-19T07:46:10","guid":{"rendered":"https:\/\/vapestornado.com\/?post_type=product&#038;p=3246"},"modified":"2025-08-23T12:26:13","modified_gmt":"2025-08-23T12:26:13","slug":"vapsolo-king-10000-puffs-2-5-low-nicotine-rechargeable-disposable-vapes-pen-wholesale-bulk-buy","status":"publish","type":"product","link":"https:\/\/vapestornado.com\/cs\/product\/vapsolo-king-10000-puffs-2-5-low-nicotine-rechargeable-disposable-vapes-pen-wholesale-bulk-buy\/","title":{"rendered":"Vapsolo King 10000 pot\u00e1hnut\u00ed 2% 5% N\u00edzk\u00fd nikotin Dob\u00edjec\u00ed jednor\u00e1zov\u00e1 vapes tu\u017eka Velkoobchod"},"content":{"rendered":"<h1 class=\"product-title\">Vapsolo King 10000 pot\u00e1hnut\u00ed 2% 5% N\u00edzk\u00fd nikotin Dob\u00edjec\u00ed jednor\u00e1zov\u00e1 vapes tu\u017eka Velkoobchod<\/h1>\n<p>Ten <strong>Vapsolo King 10000 Puffs s n\u00edzk\u00fdm obsahem nikotinu, dob\u00edjec\u00ed jednor\u00e1zov\u00fd vape pen<\/strong> je prvot\u0159\u00eddn\u00ed volbou pro vapery, kte\u0159\u00ed hledaj\u00ed <strong>dlouhotrvaj\u00edc\u00ed v\u00fdkon<\/strong>, <strong>nastaviteln\u00fd pr\u016ftok vzduchu<\/strong>a vynikaj\u00edc\u00ed hodnotu. S impozantn\u00edmi <strong>10 000 potahy<\/strong> na jedno za\u0159\u00edzen\u00ed, tento vape zaji\u0161\u0165uje dlouhotrvaj\u00edc\u00ed uspokojen\u00ed bez nutnosti \u010dast\u00fdch v\u00fdm\u011bn.<\/p>\n<p>Jeho <strong>kapacita 20 ml e-liquidu<\/strong> sp\u00e1rovan\u00fd s <strong>technologie mesh spir\u00e1lky<\/strong> poskytuje hladkou produkci p\u00e1ry a v\u00fdjime\u010dnou chu\u0165 v ka\u017ed\u00e9m potahu. <strong>650mAh dob\u00edjec\u00ed baterie<\/strong> zaji\u0161\u0165uje konzistentn\u00ed v\u00fdkon a <strong>Rychl\u00e9 nab\u00edjen\u00ed Type-C<\/strong> v\u00e1s udr\u017e\u00ed p\u0159ipraven\u00e9 k vapov\u00e1n\u00ed s minim\u00e1ln\u00edmi prostoji.<\/p>\n<p>Navr\u017eeno pro personalizaci, <strong>Nastaviteln\u00fd pr\u016ftok vzduchu<\/strong> funkce nab\u00edz\u00ed t\u0159i nastaven\u00ed, aby vyhovovala va\u0161emu preferovan\u00e9mu stylu vapov\u00e1n\u00ed\u2014a\u0165 u\u017e m\u00e1te r\u00e1di t\u011bsn\u011bj\u0161\u00ed potah nebo otev\u0159en\u011bj\u0161\u00ed proud\u011bn\u00ed vzduchu. Jeho <strong>lehk\u00fd a p\u0159enosn\u00fd design<\/strong>, v\u00e1\u017e\u00edc\u00ed pouze 95 g, je ide\u00e1ln\u00ed pro vapery na cest\u00e1ch. Nav\u00edc, s <strong>velkoobchodn\u00edmi cenami<\/strong>, Vapsolo King 10000 je cenov\u011b dostupn\u00e1 a spolehliv\u00e1 mo\u017enost jak pro jednotlivce, tak pro prodejce v \u010cesk\u00e9 republice.<\/p>\n<p>&nbsp;<\/p>\n<p><strong>P\u0159idejte si Amyin Whatsapp, z\u00edskejte okam\u017eitou odpov\u011b\u010f a kup\u00f3n na vape!<\/strong><\/p>\n<p><img fetchpriority=\"high\" decoding=\"async\" class=\"size-full wp-image-2932\" src=\"https:\/\/vapestornado.com\/wp-content\/uploads\/2024\/12\/Vape-Wholesale.jpg\" alt=\"Velkoobchod s vape\" width=\"229\" height=\"300\" \/><\/p>\n<h3><a href=\"https:\/\/wa.me\/8617776015835\" target=\"_blank\" rel=\"noopener\"><span style=\"color: #ff0000;\"><strong>WhatsApp: +86 17776015835<\/strong><\/span><\/a><\/h3>\n<p>&nbsp;<\/p>\n<h2><strong>Vapsolo King 10000 Puffs Vlastnosti produktu<\/strong><\/h2>\n<div role=\"article\" data-tabster=\"{&quot;groupper&quot;:{&quot;tabbability&quot;:2},&quot;focusable&quot;:{}}\" data-content=\"ai-message\" aria-labelledby=\"juhNTJ6o7Gk1cgwZMJgv2-author juhNTJ6o7Gk1cgwZMJgv2-content\">\n<div id=\"juhNTJ6o7Gk1cgwZMJgv2-content\">\n<div role=\"article\" data-tabster=\"{&quot;groupper&quot;:{&quot;tabbability&quot;:2},&quot;focusable&quot;:{}}\" data-content=\"ai-message\" aria-labelledby=\"x4EZuCZWrTbh3weWUt7CU-author x4EZuCZWrTbh3weWUt7CU-content\">\n<div id=\"x4EZuCZWrTbh3weWUt7CU-content\">\n<h3><\/h3>\n<ol>\n<li style=\"list-style-type: none;\">\n<ol>\n<li><strong>10 000 potah\u016f:<\/strong> Dlouhotrvaj\u00edc\u00ed z\u00e1\u017eitek z vapov\u00e1n\u00ed pro nep\u0159eru\u0161ovan\u00e9 uspokojen\u00ed.<\/li>\n<li><strong>Dob\u00edjec\u00ed baterie:<\/strong> <strong>Baterie 650 mAh<\/strong> s <strong>Rychl\u00e9 nab\u00edjen\u00ed Type-C<\/strong> pro pohodl\u00ed.<\/li>\n<li><strong>Nastaviteln\u00fd pr\u016ftok vzduchu:<\/strong> T\u0159i p\u0159izp\u016fsobiteln\u00e1 nastaven\u00ed pro personalizovan\u00fd potah.<\/li>\n<li><strong>Technologie mesh spir\u00e1lky:<\/strong> Zaji\u0161\u0165uje hladkou produkci p\u00e1ry a vylep\u0161enou chu\u0165.<\/li>\n<li><strong>Kapacita e-liquidu 20 ml:<\/strong> M\u00e9n\u011b dopl\u0148ov\u00e1n\u00ed pro v\u011bt\u0161\u00ed pohodl\u00ed.<\/li>\n<li><strong>P\u0159izp\u016fsobiteln\u00e9 \u00farovn\u011b nikotinu:<\/strong> Dostupn\u00e9 v <strong>2% a 5% n\u00edzk\u00e9ho obsahu nikotinu<\/strong> mo\u017enosti.<\/li>\n<li><strong>Lehk\u00fd design:<\/strong> V\u00e1\u017e\u00ed pouze <strong>95 g<\/strong>, ide\u00e1ln\u00ed pro p\u0159enosnost a cestov\u00e1n\u00ed.<\/li>\n<li><strong>Velkoobchodn\u00ed dostupnost:<\/strong> Cenov\u011b dostupn\u00e9 mo\u017enosti hromadn\u00e9ho n\u00e1kupu, ide\u00e1ln\u00ed pro osobn\u00ed a maloobchodn\u00ed pou\u017eit\u00ed.<\/li>\n<\/ol>\n<\/li>\n<\/ol>\n<figure id=\"attachment_3241\" aria-describedby=\"caption-attachment-3241\" style=\"width: 600px\" class=\"wp-caption alignnone\"><img decoding=\"async\" class=\"wp-image-3241\" src=\"https:\/\/vapestornado.com\/wp-content\/uploads\/2024\/12\/Vapsolo-Disposable-Vape-Wholesale-300x300.jpg\" alt=\"Jednor\u00e1zov\u00fd vape velkoobchod Vapsolo King 10000 pot\u00e1hnut\u00ed\" width=\"600\" height=\"600\" srcset=\"https:\/\/vapestornado.com\/wp-content\/uploads\/2024\/12\/Vapsolo-Disposable-Vape-Wholesale-300x300.jpg 300w, https:\/\/vapestornado.com\/wp-content\/uploads\/2024\/12\/Vapsolo-Disposable-Vape-Wholesale-150x150.jpg 150w, https:\/\/vapestornado.com\/wp-content\/uploads\/2024\/12\/Vapsolo-Disposable-Vape-Wholesale-768x768.jpg 768w, https:\/\/vapestornado.com\/wp-content\/uploads\/2024\/12\/Vapsolo-Disposable-Vape-Wholesale-600x600.jpg 600w, https:\/\/vapestornado.com\/wp-content\/uploads\/2024\/12\/Vapsolo-Disposable-Vape-Wholesale-100x100.jpg 100w, https:\/\/vapestornado.com\/wp-content\/uploads\/2024\/12\/Vapsolo-Disposable-Vape-Wholesale.jpg 1000w\" sizes=\"(max-width: 600px) 100vw, 600px\" \/><figcaption id=\"caption-attachment-3241\" class=\"wp-caption-text\">Jednor\u00e1zov\u00fd vape velkoobchod Vapsolo King 10000 pot\u00e1hnut\u00ed<\/figcaption><\/figure>\n<\/div>\n<\/div>\n<\/div>\n<\/div>\n<h2 class=\"product-title\"><strong>Seznam p\u0159\u00edchut\u00ed Vapsolo King 10000<\/strong><\/h2>\n<p>1. Bor\u016fvka malina<br \/>\n2. Modr\u00e1 malina<br \/>\n3. Jahoda kiwi<br \/>\n4. Broskev mango ananas<br \/>\n5. Red Bull<br \/>\n6. Ban\u00e1n led<br \/>\n7. Kysel\u00fd ananasov\u00fd led<br \/>\n8. Jahoda malina t\u0159e\u0161e\u0148 led<br \/>\n9. Kiwi mu\u010denka guava<br \/>\n10. Jahoda ban\u00e1n<br \/>\n11. \u0160umiv\u00e1 t\u0159e\u0161e\u0148<br \/>\n12. Bor\u016fvkov\u00fd led<br \/>\n13. Jahoda vodn\u00ed meloun<br \/>\n14. Fialov\u00fd d\u00e9\u0161\u0165<br \/>\n15. Citron limetka<br \/>\n16.Pan modr\u00fd<br \/>\n17.\u010derven\u00e9 jablko<br \/>\n18.sm\u00ed\u0161en\u00e9 bobule<br \/>\n19.melounov\u00e1 ledov\u00e1<br \/>\n20.jahodov\u00e1 ledov\u00e1<\/p>\n<h3>Pro\u010d zvolit vapestornado pro velkoobchodn\u00ed prodej Vapsolo King 10k Puffs Vape?<\/h3>\n<div class=\"flex-shrink-0 flex flex-col relative items-end\">\n<div class=\"pt-0\">\n<div class=\"gizmo-bot-avatar flex h-8 w-8 items-center justify-center overflow-hidden rounded-full\">\n<div class=\"relative p-1 rounded-sm flex items-center justify-center bg-token-main-surface-primary text-token-text-primary h-8 w-8\">\n<p>V\u00edtejte ve vapestornado, va\u0161em d\u016fv\u011bryhodn\u00e9m online obchod\u011b s vapovac\u00edmi pot\u0159ebami pro pr\u00e9miov\u00e9 jednor\u00e1zov\u00e9 vapy. S v\u00edce ne\u017e 5let\u00fdmi zku\u0161enostmi v\u00e1m p\u0159in\u00e1\u0161\u00edme obl\u00edben\u00e9 zna\u010dky jednor\u00e1zov\u00fdch vape, jako jsou Fumot RandM Vape, <a href=\"https:\/\/vapestornado.com\/cs\/product\/vapme-crystal-7000-puffs-rechargeable-disposable-vape-wholesale-cheap-price\/\">Vapme<\/a>, Bang Vape, Waspe Vape a WGA Vape, atd.<\/p>\n<p>N\u00e1\u0161 sortiment zahrnuje \u017ehav\u00e9 vapy, jako je <a href=\"https:\/\/vapestornado.com\/cs\/product\/fumot-randm-tornado-15000-puffs-rechargeable-disposable-vape-wholesale\/\">RandM Tornado 15000<\/a>, a chu\u0165ov\u011b bohat\u00e9 varianty jako <a href=\"https:\/\/vapestornado.com\/cs\/product\/vapsolo-dg-18000-puffs-smart-screen-wholesale-disposable-cheap-vapes\/\">\u00a0Vapsolo DG18000 potah\u016f<\/a> . Ka\u017ed\u00fd produkt je vyb\u00edr\u00e1n s d\u016frazem na kvalitu, hodnotu a rozmanitost, abychom zajistili, \u017ee najdete to prav\u00e9 pro va\u0161e pot\u0159eby. Objevte v\u00fdjime\u010dn\u00e9 slu\u017eby a \u0161irokou \u0161k\u00e1lu \u0161pi\u010dkov\u00fdch produkt\u016f za velkoobchodn\u00ed ceny na vapestornado.<\/p>\n<\/div>\n<h3><\/h3>\n<div class=\"relative p-1 rounded-sm flex items-center justify-center bg-token-main-surface-primary text-token-text-primary h-8 w-8\">\n<h3>\u010casto kladen\u00e9 dotazy k jednor\u00e1zov\u00e9mu vapu Vapsolo King 10000<\/h3>\n<\/div>\n<\/div>\n<\/div>\n<\/div>\n<div class=\"flex-shrink-0 flex flex-col relative items-end\">\n<div class=\"pt-0\">\n<div class=\"gizmo-bot-avatar flex h-8 w-8 items-center justify-center overflow-hidden rounded-full\">\n<div class=\"relative p-1 rounded-sm flex items-center justify-center bg-token-main-surface-primary text-token-text-primary h-8 w-8\">\n<div class=\"mb-2 flex gap-3 empty:hidden -ml-2\">\n<div role=\"article\" data-tabster=\"{&quot;groupper&quot;:{&quot;tabbability&quot;:2},&quot;focusable&quot;:{}}\" data-content=\"ai-message\" aria-labelledby=\"Vdt5ez4X7Tg813x6rFVha-author Vdt5ez4X7Tg813x6rFVha-content\">\n<div id=\"Vdt5ez4X7Tg813x6rFVha-content\">\n<div role=\"article\" data-tabster=\"{&quot;groupper&quot;:{&quot;tabbability&quot;:2},&quot;focusable&quot;:{}}\" data-content=\"ai-message\" aria-labelledby=\"o968oC7CEo2fGHsGdsRYC-author o968oC7CEo2fGHsGdsRYC-content\">\n<div id=\"o968oC7CEo2fGHsGdsRYC-content\">\n<h3><\/h3>\n<ol>\n<li><strong>Kolik potah\u016f Vapsolo 10000 nab\u00edz\u00ed?<\/strong><br \/>\nNab\u00edz\u00ed impozantn\u00ed <strong>10 000 potahy<\/strong>, co\u017e z n\u011bj d\u011bl\u00e1 skv\u011blou volbu pro dlouhotrvaj\u00edc\u00ed jednor\u00e1zov\u00e9 vapy.<\/li>\n<li><strong>Mohu Vapsolo King 10k dob\u00edt?<\/strong><br \/>\nAno, m\u00e1 <strong>650mAh dob\u00edjec\u00ed baterie<\/strong> s <strong>nab\u00edjec\u00edm portem typu C<\/strong> pro rychl\u00e9 a snadn\u00e9 dob\u00edjen\u00ed.<\/li>\n<li><strong>Jak\u00e9 s\u00edly nikotinu jsou k dispozici?<\/strong><br \/>\nZa\u0159\u00edzen\u00ed je k dispozici v <strong>2% a 5% n\u00edzk\u00e9ho obsahu nikotinu<\/strong> mo\u017enosti, kter\u00e9 uspokoj\u00ed \u0161irokou \u0161k\u00e1lu preferenc\u00ed.<\/li>\n<li><strong>Jak funguje nastaviteln\u00e9 proud\u011bn\u00ed vzduchu?<\/strong><br \/>\nVapsolo King 10000 m\u00e1 <strong>t\u0159i nastaven\u00ed proud\u011bn\u00ed vzduchu<\/strong>, co\u017e v\u00e1m umo\u017en\u00ed p\u0159izp\u016fsobit si z\u00e1\u017eitek z vapov\u00e1n\u00ed pro pevn\u011bj\u0161\u00ed nebo voln\u011bj\u0161\u00ed potah.<\/li>\n<li><strong>Kde mohu koupit Vapsolo King 10000 za velkoobchodn\u00ed ceny?<\/strong><br \/>\nPro nejlep\u0161\u00ed <strong>velkoobchodn\u00ed jednor\u00e1zov\u00e9 vape<\/strong> nab\u00eddky, nav\u0161tivte vapestornado<strong>\u00a0online obchod s vapkami<\/strong>, kde najdete <strong>levn\u00fdch jednor\u00e1zov\u00fdch e-cigaret<\/strong> s vysoce kvalitn\u00edm v\u00fdkonem.<\/li>\n<\/ol>\n<\/div>\n<\/div>\n<\/div>\n<\/div>\n<\/div>\n<\/div>\n<\/div>\n<\/div>\n<\/div>","protected":false},"excerpt":{"rendered":"<p>Vapsolo King 10000 Puffs 2% 5% N\u00edzk\u00fd obsah nikotinu Jednor\u00e1zov\u00e1 e-cigareta Velkoobchodn\u00ed cena<br \/>\nVapsolo King 10000 Puffs Dob\u00edjec\u00ed jednor\u00e1zov\u00e1 e-cigareta Velkoobchod<br \/>\nLevn\u00e1 tov\u00e1rna Vapsolo King 10000 Puffs 2% 5% N\u00edzk\u00fd obsah nikotinu Jednor\u00e1zov\u00e1 e-cigareta<\/p>\n<p><strong>P\u0159idejte si Amy na WhatsApp pro rychlou odpov\u011b\u010f a kup\u00f3n na vapky!<\/strong><\/p>\n<p><img fetchpriority=\"high\" decoding=\"async\" class=\"size-full wp-image-2932\" src=\"https:\/\/vapestornado.com\/wp-content\/uploads\/2024\/12\/Vape-Wholesale.jpg\" alt=\"Velkoobchod s vape\" width=\"229\" height=\"300\" \/><\/p>\n<h3><a href=\"https:\/\/wa.me\/8617776015835\"><span style=\"color: #ff0000;\"><strong>WhatsApp: +86 17776015835<\/strong><\/span><\/a><\/h3>\n<p>&nbsp;<\/p>","protected":false},"featured_media":3240,"comment_status":"open","ping_status":"closed","template":"","meta":{"_acf_changed":false,"_uag_custom_page_level_css":"","_lmt_disableupdate":"no","_lmt_disable":"","_monsterinsights_skip_tracking":false,"_monsterinsights_sitenote_active":false,"_monsterinsights_sitenote_note":"","_monsterinsights_sitenote_category":0,"site-sidebar-layout":"default","site-content-layout":"","ast-site-content-layout":"default","site-content-style":"default","site-sidebar-style":"default","ast-global-header-display":"","ast-banner-title-visibility":"","ast-main-header-display":"","ast-hfb-above-header-display":"","ast-hfb-below-header-display":"","ast-hfb-mobile-header-display":"","site-post-title":"","ast-breadcrumbs-content":"","ast-featured-img":"","footer-sml-layout":"","ast-disable-related-posts":"","theme-transparent-header-meta":"default","adv-header-id-meta":"","stick-header-meta":"","header-above-stick-meta":"","header-main-stick-meta":"","header-below-stick-meta":"","astra-migrate-meta-layouts":"set","ast-page-background-enabled":"default","ast-page-background-meta":{"desktop":{"background-color":"","background-image":"","background-repeat":"repeat","background-position":"center center","background-size":"auto","background-attachment":"scroll","background-type":"","background-media":"","overlay-type":"","overlay-color":"","overlay-opacity":"","overlay-gradient":""},"tablet":{"background-color":"","background-image":"","background-repeat":"repeat","background-position":"center center","background-size":"auto","background-attachment":"scroll","background-type":"","background-media":"","overlay-type":"","overlay-color":"","overlay-opacity":"","overlay-gradient":""},"mobile":{"background-color":"","background-image":"","background-repeat":"repeat","background-position":"center center","background-size":"auto","background-attachment":"scroll","background-type":"","background-media":"","overlay-type":"","overlay-color":"","overlay-opacity":"","overlay-gradient":""}},"ast-content-background-meta":{"desktop":{"background-color":"var(--ast-global-color-5)","background-image":"","background-repeat":"repeat","background-position":"center center","background-size":"auto","background-attachment":"scroll","background-type":"","background-media":"","overlay-type":"","overlay-color":"","overlay-opacity":"","overlay-gradient":""},"tablet":{"background-color":"var(--ast-global-color-5)","background-image":"","background-repeat":"repeat","background-position":"center center","background-size":"auto","background-attachment":"scroll","background-type":"","background-media":"","overlay-type":"","overlay-color":"","overlay-opacity":"","overlay-gradient":""},"mobile":{"background-color":"var(--ast-global-color-5)","background-image":"","background-repeat":"repeat","background-position":"center center","background-size":"auto","background-attachment":"scroll","background-type":"","background-media":"","overlay-type":"","overlay-color":"","overlay-opacity":"","overlay-gradient":""}},"_joinchat":{"telephone":"+8617776015835"}},"product_brand":[],"product_cat":[106,151,154,160,144,146,19,171],"product_tag":[165,97,166,94,139,180],"class_list":{"0":"post-3246","1":"product","2":"type-product","3":"status-publish","4":"has-post-thumbnail","6":"product_cat-10000-puff","7":"product_cat-buy-disposable-vapes-in-france","8":"product_cat-buy-disposable-vapes-in-netherlands","9":"product_cat-buy-disposable-vapes-in-switzerland","10":"product_cat-low-nicotine-disposable-vapes","11":"product_cat-rechargeable-disposable-vapes","12":"product_cat-vapes","13":"product_cat-vapsolo-disposable-vapes","14":"product_tag-cheap-vapes","15":"product_tag-hot-sale-disposable-vape","16":"product_tag-low-nicotine-vape","17":"product_tag-rechargeable-disposable-vape","18":"product_tag-vapsolo","19":"product_tag-vapsolo-king-10000","20":"desktop-align-left","21":"tablet-align-left","22":"mobile-align-left","24":"first","25":"instock","26":"sale","27":"shipping-taxable","28":"purchasable","29":"product-type-simple"},"acf":[],"uagb_featured_image_src":{"full":["https:\/\/vapestornado.com\/wp-content\/uploads\/2024\/12\/Disposable-Vape-Wholesale-Vapsolo-King-10000-Puffs.jpg",1000,1000,false],"thumbnail":["https:\/\/vapestornado.com\/wp-content\/uploads\/2024\/12\/Disposable-Vape-Wholesale-Vapsolo-King-10000-Puffs-150x150.jpg",150,150,true],"medium":["https:\/\/vapestornado.com\/wp-content\/uploads\/2024\/12\/Disposable-Vape-Wholesale-Vapsolo-King-10000-Puffs-300x300.jpg",300,300,true],"medium_large":["https:\/\/vapestornado.com\/wp-content\/uploads\/2024\/12\/Disposable-Vape-Wholesale-Vapsolo-King-10000-Puffs-768x768.jpg",768,768,true],"large":["https:\/\/vapestornado.com\/wp-content\/uploads\/2024\/12\/Disposable-Vape-Wholesale-Vapsolo-King-10000-Puffs.jpg",1000,1000,false],"1536x1536":["https:\/\/vapestornado.com\/wp-content\/uploads\/2024\/12\/Disposable-Vape-Wholesale-Vapsolo-King-10000-Puffs.jpg",1000,1000,false],"2048x2048":["https:\/\/vapestornado.com\/wp-content\/uploads\/2024\/12\/Disposable-Vape-Wholesale-Vapsolo-King-10000-Puffs.jpg",1000,1000,false],"trp-custom-language-flag":["https:\/\/vapestornado.com\/wp-content\/uploads\/2024\/12\/Disposable-Vape-Wholesale-Vapsolo-King-10000-Puffs.jpg",12,12,false],"woocommerce_thumbnail":["https:\/\/vapestornado.com\/wp-content\/uploads\/2024\/12\/Disposable-Vape-Wholesale-Vapsolo-King-10000-Puffs-300x300.jpg",300,300,true],"woocommerce_single":["https:\/\/vapestornado.com\/wp-content\/uploads\/2024\/12\/Disposable-Vape-Wholesale-Vapsolo-King-10000-Puffs-600x600.jpg",600,600,true],"woocommerce_gallery_thumbnail":["https:\/\/vapestornado.com\/wp-content\/uploads\/2024\/12\/Disposable-Vape-Wholesale-Vapsolo-King-10000-Puffs-100x100.jpg",100,100,true]},"uagb_author_info":{"display_name":"ESAMY","author_link":"https:\/\/vapestornado.com\/cs\/author\/"},"uagb_comment_info":1,"uagb_excerpt":"Vapsolo King 10000 Puffs 2% 5% Low Nicotine Disposable Vape Bulk Buy Price Vapsolo King 10000 Puffs Rechargeable Disposable Vape Wholesale Cheap Factory Vapsolo King 10000 Puffs 2% 5% Low Nicotine Disposable Vape Add Amy's whatsapp get right reply and vape vape coupon! WhatsApp: +86 17776015835 &nbsp;","_links":{"self":[{"href":"https:\/\/vapestornado.com\/cs\/wp-json\/wp\/v2\/product\/3246","targetHints":{"allow":["GET"]}}],"collection":[{"href":"https:\/\/vapestornado.com\/cs\/wp-json\/wp\/v2\/product"}],"about":[{"href":"https:\/\/vapestornado.com\/cs\/wp-json\/wp\/v2\/types\/product"}],"replies":[{"embeddable":true,"href":"https:\/\/vapestornado.com\/cs\/wp-json\/wp\/v2\/comments?post=3246"}],"wp:featuredmedia":[{"embeddable":true,"href":"https:\/\/vapestornado.com\/cs\/wp-json\/wp\/v2\/media\/3240"}],"wp:attachment":[{"href":"https:\/\/vapestornado.com\/cs\/wp-json\/wp\/v2\/media?parent=3246"}],"wp:term":[{"taxonomy":"product_brand","embeddable":true,"href":"https:\/\/vapestornado.com\/cs\/wp-json\/wp\/v2\/product_brand?post=3246"},{"taxonomy":"product_cat","embeddable":true,"href":"https:\/\/vapestornado.com\/cs\/wp-json\/wp\/v2\/product_cat?post=3246"},{"taxonomy":"product_tag","embeddable":true,"href":"https:\/\/vapestornado.com\/cs\/wp-json\/wp\/v2\/product_tag?post=3246"}],"curies":[{"name":"wp","href":"https:\/\/api.w.org\/{rel}","templated":true}]}}