{"id":3238,"date":"2024-12-19T03:54:42","date_gmt":"2024-12-19T03:54:42","guid":{"rendered":"https:\/\/vapestornado.com\/?post_type=product&#038;p=3238"},"modified":"2025-12-11T09:33:33","modified_gmt":"2025-12-11T09:33:33","slug":"bang-vape-35000-puffs-low-nicotine-bulk-buy-rechargeable-disposable-vapes-box-wholesale-price","status":"publish","type":"product","link":"https:\/\/vapestornado.com\/cs\/product\/bang-vape-35000-puffs-low-nicotine-bulk-buy-rechargeable-disposable-vapes-box-wholesale-price\/","title":{"rendered":"Bang Vape 35000 pot\u00e1hnut\u00ed N\u00edzk\u00fd obsah nikotinu Hromadn\u00fd n\u00e1kup Dob\u00edjec\u00ed jednor\u00e1zov\u00e9 vapy Box Velkoobchodn\u00ed cena"},"content":{"rendered":"<h2 class=\"product-title\">Bang Vape 35000 Puffs Jednor\u00e1zov\u00e1 BangBOX 35K Dlouhotrvaj\u00edc\u00ed za\u0159\u00edzen\u00ed<\/h2>\n<p><strong data-start=\"105\" data-end=\"130\">Bang Vape 35000 Potah\u016f<\/strong> je navr\u017een pro vapery, kte\u0159\u00ed cht\u011bj\u00ed v\u00e1\u017enou kapacitu, jasnou kontrolu a tah, kter\u00fd lze p\u0159izp\u016fsobit momentu. S <strong data-start=\"242\" data-end=\"264\">a\u017e 35 000 potahy<\/strong>, s <strong data-start=\"268\" data-end=\"290\">tankem na 35ml e-liquidu<\/strong>, <strong data-start=\"292\" data-end=\"305\">mesh spir\u00e1lka<\/strong>, a <strong data-start=\"311\" data-end=\"345\">dvojm\u00f3dov\u00fdm nap\u00e1jen\u00edm (Norm\u00e1ln\u00ed\/Turbo)<\/strong>, je Bang BOX 35K vyroben tak, aby zvl\u00e1dl dlouh\u00e9 dny a t\u00fddny bez pocitu p\u0159epln\u011bnosti. A <strong data-start=\"436\" data-end=\"474\">950mAh dob\u00edjec\u00ed bateri\u00ed typu-C<\/strong> a <strong data-start=\"479\" data-end=\"494\">LCD displej<\/strong> zaokrouhlit ho tak, abyste v\u017edy v\u011bd\u011bli, co za\u0159\u00edzen\u00ed d\u011bl\u00e1, a ne jen h\u00e1dali.<\/p>\n<h3>Pro\u010d vynik\u00e1 Bang Box 35K mezi jednor\u00e1zov\u00fdmi za\u0159\u00edzen\u00edmi s vysok\u00fdm po\u010dtem potah\u016f?<\/h3>\n<p data-start=\"867\" data-end=\"1254\"><strong data-start=\"867\" data-end=\"921\">Kapacita, kter\u00e1 skute\u010dn\u011b m\u011bn\u00ed va\u0161e n\u00e1kupn\u00ed zvyklosti.<\/strong> S <strong data-start=\"929\" data-end=\"959\">35ml tank a 35 000 potah\u016f<\/strong>, <strong data-start=\"965\" data-end=\"1007\">Bang Vape 35000 Puffs box s n\u00edzk\u00fdm obsahem nikotinu<\/strong> je navr\u017een tak, aby vydr\u017eel mnohem d\u00e9le ne\u017e standardn\u00ed jednor\u00e1zov\u00e9 v\u00fdrobky. Pro pravideln\u00e9 u\u017eivatele v <strong data-start=\"1084\" data-end=\"1099\">vapov\u00e1n\u00ed Polsko<\/strong>, N\u011bmecku nebo \u0160pan\u011blsku to obvykle znamen\u00e1 m\u00e9n\u011b posledn\u00edch minutov\u00fdch n\u00e1v\u0161t\u011bv v <strong data-start=\"1167\" data-end=\"1188\">E-cigaretov\u00e9m obchod\u011b<\/strong> a v\u00fdrazn\u011b ni\u017e\u0161\u00ed n\u00e1klady na den ve srovn\u00e1n\u00ed s 5K nebo 10K ty\u010dinkami.<\/p>\n<p data-start=\"1258\" data-end=\"1604\"><strong data-start=\"1258\" data-end=\"1304\">Norm\u00e1ln\u00ed vs Turbo: dva re\u017eimy v jednom t\u011ble.<\/strong> Ten <strong data-start=\"1309\" data-end=\"1351\">dvojm\u00f3dov\u00fd syst\u00e9m nap\u00e1jen\u00ed na Bang BOX 35K<\/strong> umo\u017e\u0148uje p\u0159ep\u00ednat mezi re\u017eimem Norm\u00e1ln\u00ed pro klidn\u011bj\u0161\u00ed, pomalej\u0161\u00ed pou\u017eit\u00ed a re\u017eimem Turbo, kdy\u017e chcete siln\u011bj\u0161\u00ed, teplej\u0161\u00ed tah s v\u011bt\u0161\u00edmi mraky. V praxi to znamen\u00e1, \u017ee jedno za\u0159\u00edzen\u00ed m\u016f\u017ee pokr\u00fdt tich\u00e9 pracovn\u00ed p\u0159est\u00e1vky i intenzivn\u011bj\u0161\u00ed ve\u010dern\u00ed sezen\u00ed bez pot\u0159eby druh\u00e9ho vaporiz\u00e9ru.<\/p>\n<p data-start=\"1608\" data-end=\"1953\"><strong data-start=\"1608\" data-end=\"1663\">S\u00ed\u0165ov\u00e1 c\u00edvka pro stabiln\u00ed chu\u0165, ne jen velk\u00e1 \u010d\u00edsla.<\/strong> Uvnit\u0159 <strong data-start=\"1675\" data-end=\"1721\">Bang Vape 35000 Puffs s\u00ed\u0165ov\u00e1 c\u00edvka jednor\u00e1zov\u00e1<\/strong>, c\u00edvka rovnom\u011brn\u011b rozv\u00e1d\u00ed teplo, udr\u017euje p\u00e1ru hladkou a chu\u0165 pln\u011bj\u0161\u00ed p\u0159i dlouhodob\u00e9m pou\u017e\u00edv\u00e1n\u00ed. Dostanete m\u00e9n\u011b sp\u00e1len\u00e9ho okraje, kter\u00fd se objevuje na z\u00e1kladn\u00edch c\u00edvk\u00e1ch s v\u011bkem, co\u017e je d\u016fle\u017eit\u00e9, kdy\u017e je za\u0159\u00edzen\u00ed navr\u017eeno na tis\u00edce pot\u00e1hnut\u00ed.<\/p>\n<p data-start=\"1957\" data-end=\"2279\"><strong data-start=\"1957\" data-end=\"1999\">LCD displej, kter\u00fd v\u00e1s udr\u017e\u00ed v kontrole.<\/strong> Displej na <strong data-start=\"2018\" data-end=\"2058\">Bang BOX 35K dob\u00edjec\u00ed jednor\u00e1zov\u00e1<\/strong> ukazuje \u00farove\u0148 baterie, po\u010det pot\u00e1hnut\u00ed a aktu\u00e1ln\u00ed re\u017eim v\u00fdkonu. To v\u00e1m pom\u016f\u017ee rozhodnout, zda pot\u0159ebujete rychl\u00e9 dopln\u011bn\u00ed pomoc\u00ed Type-C p\u0159ed odchodem, nebo jestli za\u0159\u00edzen\u00ed pohodln\u011b pokryje dlouh\u00fd den v \u010cesk\u00e9 republice, Francii nebo Nizozem\u00ed.<\/p>\n<p data-start=\"2283\" data-end=\"2609\"><strong data-start=\"2283\" data-end=\"2331\">P\u0159ipraveno jak pro osobn\u00ed pou\u017eit\u00ed, tak pro velkoobjemov\u00e9 objedn\u00e1vky.<\/strong> D\u00edky <strong data-start=\"2342\" data-end=\"2373\">Velkoobchodn\u00ed ceny cigaret<\/strong> a siln\u00fdm funkc\u00edm, Bang Vape 35000 Puffs vyhovuje jak individu\u00e1ln\u00edm kupuj\u00edc\u00edm, tak ka\u017ed\u00e9mu, kdo nakupuje od <strong data-start=\"2473\" data-end=\"2504\">Online velkoobchod s cigaretami<\/strong>. Maloobchodn\u00edci dostanou za\u0159\u00edzen\u00ed s dlouhou \u017eivotnost\u00ed, kter\u00e9 se dob\u0159e prod\u00e1v\u00e1; u\u017eivatel\u00e9 dostanou box, kter\u00fd nevydr\u017e\u00ed jen v\u00edkend.<\/p>\n<p>&nbsp;<\/p>\n<p><strong>P\u0159idejte si Amyin Whatsapp, z\u00edskejte okam\u017eitou odpov\u011b\u010f a kup\u00f3n na vape!<\/strong><\/p>\n<p><img fetchpriority=\"high\" decoding=\"async\" class=\"size-full wp-image-2932\" src=\"https:\/\/vapestornado.com\/wp-content\/uploads\/2024\/12\/Vape-Wholesale.jpg\" alt=\"Velkoobchod s vape\" width=\"229\" height=\"300\" \/><\/p>\n<h3><a href=\"https:\/\/wa.me\/8617776015835\" target=\"_blank\" rel=\"noopener\"><span style=\"color: #ff0000;\"><strong>WhatsApp: +86 17776015835<\/strong><\/span><\/a><\/h3>\n<p>&nbsp;<\/p>\n<h2><strong>Bang Vape 35000 pot\u00e1hnut\u00ed \u2013 Vlastnosti produktu<\/strong><\/h2>\n<div role=\"article\" data-tabster=\"{&quot;groupper&quot;:{&quot;tabbability&quot;:2},&quot;focusable&quot;:{}}\" data-content=\"ai-message\" aria-labelledby=\"juhNTJ6o7Gk1cgwZMJgv2-author juhNTJ6o7Gk1cgwZMJgv2-content\">\n<div id=\"juhNTJ6o7Gk1cgwZMJgv2-content\">\n<div role=\"article\" data-tabster=\"{&quot;groupper&quot;:{&quot;tabbability&quot;:2},&quot;focusable&quot;:{}}\" data-content=\"ai-message\" aria-labelledby=\"x4EZuCZWrTbh3weWUt7CU-author x4EZuCZWrTbh3weWUt7CU-content\">\n<div id=\"x4EZuCZWrTbh3weWUt7CU-content\">\n<table>\n<thead>\n<tr>\n<th>Funkce<\/th>\n<th>specifikace<\/th>\n<th>detaily<\/th>\n<\/tr>\n<\/thead>\n<tbody>\n<tr>\n<td>N\u00e1zev produktu<\/td>\n<td>Bang Vape 35000 Puffs \/ Bang BOX 35K<\/td>\n<td>Vysokokapacitn\u00ed dob\u00edjec\u00ed jednor\u00e1zov\u00e1 vape krabi\u010dka<\/td>\n<\/tr>\n<tr>\n<td>Kapacita pot\u00e1hnut\u00ed<\/td>\n<td>A\u017e 35 000 pot\u00e1hnut\u00ed<\/td>\n<td>Navr\u017eeno pro prodlou\u017een\u00e9 v\u00edcedenn\u00ed pou\u017e\u00edv\u00e1n\u00ed v z\u00e1vislosti na zvyklostech<\/td>\n<\/tr>\n<tr>\n<td>Objem e-liquidu<\/td>\n<td>35ml p\u0159ednapln\u011bno<\/td>\n<td>Velk\u00e1 n\u00e1dr\u017e odpov\u00eddaj\u00edc\u00ed vysok\u00e9mu po\u010dtu pot\u00e1hnut\u00ed<\/td>\n<\/tr>\n<tr>\n<td>Baterie<\/td>\n<td>950mAh dob\u00edjec\u00ed<\/td>\n<td>Podporuje opakovan\u00e9 nab\u00edjen\u00ed po celou dobu \u017eivotnosti za\u0159\u00edzen\u00ed<\/td>\n<\/tr>\n<tr>\n<td>Nab\u00edjen\u00ed<\/td>\n<td>Rychl\u00e9 nab\u00edjen\u00ed Type-C<\/td>\n<td>Rychl\u00e9, pohodln\u00e9 nab\u00edjen\u00ed s modern\u00edmi EU kabely<\/td>\n<\/tr>\n<tr>\n<td>Re\u017eimy v\u00fdkonu<\/td>\n<td>Dvou re\u017eim: Norm\u00e1ln\u00ed &amp; Turbo<\/td>\n<td>Vyberte si jemn\u011bj\u0161\u00ed, chladn\u011bj\u0161\u00ed nebo siln\u011bj\u0161\u00ed, teplej\u0161\u00ed v\u00fdstup<\/td>\n<\/tr>\n<tr>\n<td>Typ spir\u00e1lky<\/td>\n<td>Technologie mesh c\u00edvky<\/td>\n<td>Rovnom\u011brn\u00e9 vyt\u00e1p\u011bn\u00ed pro bohatou chu\u0165 a konzistentn\u00ed p\u00e1ru<\/td>\n<\/tr>\n<tr>\n<td>\u00darovn\u011b nikotinu<\/td>\n<td>0% \/ 2% \/ 3% \/ 5%<\/td>\n<td>Mo\u017enosti s n\u00edzk\u00fdm obsahem nikotinu plus siln\u011bj\u0161\u00ed varianty<\/td>\n<\/tr>\n<tr>\n<td>Displej<\/td>\n<td>LCD displej<\/td>\n<td>Zobrazen\u00ed v re\u00e1ln\u00e9m \u010dase baterie, po\u010dtu potah\u016f a re\u017eimu nap\u00e1jen\u00ed<\/td>\n<\/tr>\n<tr>\n<td>Design<\/td>\n<td>Kompaktn\u00ed, odoln\u00e1 krabi\u010dka<\/td>\n<td>Snadno p\u0159enosn\u00e1 pro doj\u00ed\u017ed\u011bn\u00ed, pr\u00e1ci a cestov\u00e1n\u00ed<\/td>\n<\/tr>\n<tr>\n<td>Um\u00edst\u011bn\u00ed<\/td>\n<td>Maloobchod &amp; velkoobchod<\/td>\n<td>Vhodn\u00e9 na police e-cigaret a do katalog\u016f velkoobchodn\u00edk\u016f s cigaretami online<\/td>\n<\/tr>\n<\/tbody>\n<\/table>\n<p><img decoding=\"async\" width=\"278\" height=\"300\" class=\"wp-image-3234\" src=\"https:\/\/vapestornado.com\/wp-content\/uploads\/2024\/12\/Bang-Box-35000-Puffs-Smart-Screen-Disposable-Vape-Bulk-Buy-278x300.jpg\" alt=\"&lt;yoastmark class=\" srcset=\"https:\/\/vapestornado.com\/wp-content\/uploads\/2024\/12\/Bang-Box-35000-Puffs-Smart-Screen-Disposable-Vape-Bulk-Buy-278x300.jpg 278w, https:\/\/vapestornado.com\/wp-content\/uploads\/2024\/12\/Bang-Box-35000-Puffs-Smart-Screen-Disposable-Vape-Bulk-Buy-950x1024.jpg 950w, https:\/\/vapestornado.com\/wp-content\/uploads\/2024\/12\/Bang-Box-35000-Puffs-Smart-Screen-Disposable-Vape-Bulk-Buy-768x828.jpg 768w, https:\/\/vapestornado.com\/wp-content\/uploads\/2024\/12\/Bang-Box-35000-Puffs-Smart-Screen-Disposable-Vape-Bulk-Buy-600x647.jpg 600w, https:\/\/vapestornado.com\/wp-content\/uploads\/2024\/12\/Bang-Box-35000-Puffs-Smart-Screen-Disposable-Vape-Bulk-Buy.jpg 1000w\" sizes=\"(max-width: 278px) 100vw, 278px\" \/><\/p>\n<\/div>\n<\/div>\n<\/div>\n<\/div>\n<h2 class=\"product-title\"><strong>Bang Vape 35000 pot\u00e1hnut\u00ed \u2013 Seznam p\u0159\u00edchut\u00ed<\/strong><\/h2>\n<p>1. JAHODOV\u00c9 KIWI<br \/>\n2. MODR\u00c1 MALINA S LEDEM<br \/>\n3. JAHODOV\u00dd MELOUN<br \/>\n4. MU\u010cENKA<br \/>\n5. CITRONOV\u00c1 COLA SODA<br \/>\n6. MELOUNOV\u00dd LED<br \/>\n7. MELOUNOV\u00c1 \u017dV\u00ddKA\u010cKA<br \/>\n8. KIWI MU\u010cENKA GUAVA<br \/>\n9. BOR\u016eVKOV\u00dd LED<br \/>\n10. MELOUNOV\u00c1 T\u0158E\u0160E\u0147<br \/>\n11. RED BULL<br \/>\n12. M\u00c1TOV\u00dd GRAPEFRUIT<\/p>\n<h3>Pro\u010d si vybrat vapestornado pro velkoobchod s Bang Vape 35000 pot\u00e1hnut\u00ed?<\/h3>\n<div class=\"flex-shrink-0 flex flex-col relative items-end\">\n<div class=\"pt-0\">\n<div class=\"gizmo-bot-avatar flex h-8 w-8 items-center justify-center overflow-hidden rounded-full\">\n<div class=\"relative p-1 rounded-sm flex items-center justify-center bg-token-main-surface-primary text-token-text-primary h-8 w-8\">\n<p>V\u00edtejte ve vapestornado, va\u0161em d\u016fv\u011bryhodn\u00e9m online obchod\u011b s vapovac\u00edmi pot\u0159ebami pro pr\u00e9miov\u00e9 jednor\u00e1zov\u00e9 vapy. S v\u00edce ne\u017e 5let\u00fdmi zku\u0161enostmi v\u00e1m p\u0159in\u00e1\u0161\u00edme obl\u00edben\u00e9 zna\u010dky jednor\u00e1zov\u00fdch vape, jako jsou Fumot RandM Vape, <a href=\"https:\/\/vapestornado.com\/cs\/product\/vapme-crystal-7000-puffs-rechargeable-disposable-vape-wholesale-cheap-price\/\">Vapme<\/a>, Bang Vape, Waspe Vape a WGA Vape, atd.<\/p>\n<p>N\u00e1\u0161 sortiment zahrnuje \u017ehav\u00e9 vapy, jako je <a href=\"https:\/\/vapestornado.com\/cs\/product\/fumot-randm-tornado-15000-puffs-rechargeable-disposable-vape-wholesale\/\">RandM Tornado 15000<\/a>, a chu\u0165ov\u011b bohat\u00e9 varianty jako <a href=\"https:\/\/vapestornado.com\/cs\/product\/vapsolo-dg-18000-puffs-smart-screen-wholesale-disposable-cheap-vapes\/\">\u00a0Vapsolo DG18000 potah\u016f<\/a> . Ka\u017ed\u00fd produkt je vyb\u00edr\u00e1n s d\u016frazem na kvalitu, hodnotu a rozmanitost, abychom zajistili, \u017ee najdete to prav\u00e9 pro va\u0161e pot\u0159eby. Objevte v\u00fdjime\u010dn\u00e9 slu\u017eby a \u0161irokou \u0161k\u00e1lu \u0161pi\u010dkov\u00fdch produkt\u016f za velkoobchodn\u00ed ceny na vapestornado.<\/p>\n<\/div>\n<h3><\/h3>\n<div class=\"relative p-1 rounded-sm flex items-center justify-center bg-token-main-surface-primary text-token-text-primary h-8 w-8\">\n<h3>\u010cast\u00e9 dotazy pro jednor\u00e1zovou e-cigaretu Bang Vape 35000 Puffs<\/h3>\n<\/div>\n<\/div>\n<\/div>\n<\/div>\n<div class=\"flex-shrink-0 flex flex-col relative items-end\">\n<div class=\"pt-0\">\n<div class=\"gizmo-bot-avatar flex h-8 w-8 items-center justify-center overflow-hidden rounded-full\">\n<div class=\"relative p-1 rounded-sm flex items-center justify-center bg-token-main-surface-primary text-token-text-primary h-8 w-8\">\n<div class=\"mb-2 flex gap-3 empty:hidden -ml-2\">\n<div role=\"article\" data-tabster=\"{&quot;groupper&quot;:{&quot;tabbability&quot;:2},&quot;focusable&quot;:{}}\" data-content=\"ai-message\" aria-labelledby=\"Vdt5ez4X7Tg813x6rFVha-author Vdt5ez4X7Tg813x6rFVha-content\">\n<div id=\"Vdt5ez4X7Tg813x6rFVha-content\">\n<div role=\"article\" data-tabster=\"{&quot;groupper&quot;:{&quot;tabbability&quot;:2},&quot;focusable&quot;:{}}\" data-content=\"ai-message\" aria-labelledby=\"o968oC7CEo2fGHsGdsRYC-author o968oC7CEo2fGHsGdsRYC-content\">\n<div id=\"o968oC7CEo2fGHsGdsRYC-content\">\n<h3 data-start=\"3750\" data-end=\"3845\">1. Jak dlouho obvykle vydr\u017e\u00ed krabi\u010dka Bang Vape 35000 potah\u016f s n\u00edzk\u00fdm obsahem nikotinu p\u0159i skute\u010dn\u00e9m pou\u017e\u00edv\u00e1n\u00ed?<\/h3>\n<p data-start=\"3846\" data-end=\"4197\">Pro mnoho u\u017eivatel\u016f v <strong data-start=\"3864\" data-end=\"3879\">vapov\u00e1n\u00ed Polsko<\/strong> nebo v \u010cesk\u00e9 republice, <strong data-start=\"3896\" data-end=\"3945\">Bang Vape 35000 potah\u016f s n\u00edzk\u00fdm obsahem nikotinu na jedno pou\u017eit\u00ed<\/strong> s jeho <strong data-start=\"3955\" data-end=\"3968\">N\u00e1dr\u017e 35 ml<\/strong> m\u016f\u017ee snadno pokr\u00fdt <strong data-start=\"3986\" data-end=\"4016\">n\u011bkolik t\u00fddn\u016f denn\u00edho pou\u017e\u00edv\u00e1n\u00ed<\/strong>. P\u0159esn\u00e1 \u017eivotnost z\u00e1vis\u00ed na tom, jak \u010dasto a jak siln\u011b potahujete, a zda tr\u00e1v\u00edte v\u00edce \u010dasu v re\u017eimu Norm\u00e1ln\u00ed nebo Turbo, ale jasn\u011b p\u0159ekra\u010duje b\u011b\u017en\u00e9 kr\u00e1tkodob\u00e9 jednor\u00e1zov\u00e9 za\u0159\u00edzen\u00ed.<\/p>\n<hr data-start=\"4199\" data-end=\"4202\" \/>\n<h3 data-start=\"4204\" data-end=\"4308\">2. Jakou v\u00fdhodu p\u0159in\u00e1\u0161\u00ed technologie s\u00ed\u0165ov\u00e9 c\u00edvky v nab\u00edjec\u00edm jednor\u00e1zov\u00e9m vaporiz\u00e9ru Bang BOX 35K?<\/h3>\n<p data-start=\"4309\" data-end=\"4608\">V <strong data-start=\"4316\" data-end=\"4354\">Bang BOX 35K s\u00edt\u011bov\u00e1 c\u00edvka e-cigareta<\/strong>, s\u00ed\u0165 rovnom\u011brn\u011b rozv\u00e1d\u00ed teplo p\u0159es knotu. To pom\u00e1h\u00e1 udr\u017eet p\u00e1ru hustou a jemnou, sni\u017euje pravd\u011bpodobnost such\u00fdch nebo sp\u00e1len\u00fdch potah\u016f a udr\u017euje chu\u0165 stabiln\u011bj\u0161\u00ed, kdy\u017e kles\u00e1 hladina kapaliny \u2014 co\u017e je d\u016fle\u017eit\u00e1 odli\u0161nost, kdy\u017e je za\u0159\u00edzen\u00ed hodnoceno na 35 000 potah\u016f.<\/p>\n<hr data-start=\"4610\" data-end=\"4613\" \/>\n<h3 data-start=\"4615\" data-end=\"4709\">3. Jak se li\u0161\u00ed pocit p\u0159i re\u017eimu Norm\u00e1ln\u00ed a Turbo na za\u0159\u00edzen\u00ed Bang Vape 35000 potah\u016f?<\/h3>\n<p data-start=\"4710\" data-end=\"5059\">Na <strong data-start=\"4717\" data-end=\"4756\">Bang Vape 35000 potah\u016f s du\u00e1ln\u00edm re\u017eimem<\/strong>, <strong data-start=\"4758\" data-end=\"4773\">Norm\u00e1ln\u00ed re\u017eim<\/strong> d\u00e1v\u00e1 chladn\u011bj\u0161\u00ed, uvoln\u011bn\u011bj\u0161\u00ed tah, kter\u00fd je vhodn\u00fd pro celodenn\u00ed pou\u017eit\u00ed nebo p\u0159est\u00e1vky na pr\u00e1ci, zat\u00edmco <strong data-start=\"4859\" data-end=\"4873\">Turbo re\u017eim<\/strong> zvy\u0161uje v\u00fdkon pro teplej\u0161\u00ed p\u00e1ru, siln\u011bj\u0161\u00ed pocit v krku a v\u011bt\u0161\u00ed mraky. Mnoho u\u017eivatel\u016f v \u010cesku nebo na Slovensku ho v\u011bt\u0161inu dne dr\u017e\u00ed v Norm\u00e1ln\u00edm re\u017eimu a p\u0159ep\u00ednaj\u00ed na Turbo, kdy\u017e cht\u011bj\u00ed v\u011bt\u0161\u00ed dopad.<\/p>\n<hr data-start=\"5061\" data-end=\"5064\" \/>\n<h3 data-start=\"5066\" data-end=\"5152\">4. Je LCD displej na e-cigaret\u011b Bang BOX 35K opravdu u\u017eite\u010dn\u00fd denn\u011b?<\/h3>\n<p data-start=\"5153\" data-end=\"5443\">Ano. <strong data-start=\"5162\" data-end=\"5208\">LCD displej na jednor\u00e1zov\u00e9 Bang BOX 35K<\/strong> sledovat po\u010det pota\u017een\u00ed, procento baterie a aktivn\u00ed re\u017eim. To znamen\u00e1, \u017ee v\u00edte, jestli krabi\u010dka vydr\u017e\u00ed celou ve\u010dern\u00ed seanci nebo jestli je t\u0159eba nejd\u0159\u00edve p\u0159ipojit kabel Type-C. Tak\u00e9 v\u00e1m pom\u00e1h\u00e1 vid\u011bt, jak Turbo vs Norm\u00e1ln\u00ed ovliv\u0148uje va\u0161e pou\u017e\u00edv\u00e1n\u00ed pota\u017een\u00ed v \u010dase.<\/p>\n<hr data-start=\"5445\" data-end=\"5448\" \/>\n<h3 data-start=\"5450\" data-end=\"5568\">5. Je Bang Vape 35000 Puffs vhodn\u00fd pro obchod s e-cigaretami nebo velkoobchod s cigaretami online zam\u011b\u0159en\u00fd na hodnotu?<\/h3>\n<p data-start=\"5569\" data-end=\"5931\">Pro <strong data-start=\"5576\" data-end=\"5597\">E-cigaretov\u00e9m obchod\u011b<\/strong> or <strong data-start=\"5601\" data-end=\"5632\">Online velkoobchod s cigaretami<\/strong>, <strong data-start=\"5638\" data-end=\"5672\">velkoobjemov\u00e9 balen\u00ed Bang Vape 35000 Puffs<\/strong> nab\u00edz\u00ed siln\u00fd hodnotov\u00fd p\u0159\u00edb\u011bh: velk\u00fd po\u010det pota\u017een\u00ed, <strong data-start=\"5718\" data-end=\"5757\">n\u00edzk\u00e9 nikotinov\u00e9 mo\u017enosti (0\u20133%) plus 5%<\/strong>, mesh c\u00edvka, dvou re\u017eimov\u00e1 s\u00edla a LCD displej, v\u0161e za konkurenceschopn\u00e9 velkoobchodn\u00ed ceny. Tato kombinace se obvykle dob\u0159e prod\u00e1v\u00e1 v sekc\u00edch s vysokou kapacitou a \u201enejlep\u0161\u00ed hodnota za pota\u017een\u00ed\u201c.<\/p>\n<p>&nbsp;<\/p>\n<\/div>\n<\/div>\n<\/div>\n<\/div>\n<\/div>\n<\/div>\n<\/div>\n<\/div>\n<\/div>","protected":false},"excerpt":{"rendered":"<p>Nejlep\u0161\u00ed Bang Vape 35000 Pot\u00e1hnut\u00ed 2% 5% Jednor\u00e1zov\u00e1 Vape s n\u00edzk\u00fdm obsahem nikotinu Velkoobchodn\u00ed cena<br \/>\nBang Vape 35000 Pot\u00e1hnut\u00ed Dob\u00edjec\u00ed Jednor\u00e1zov\u00e1 Vape Velkoobchod<br \/>\nLevn\u00e1 tov\u00e1rn\u00ed Bang Vape 35000 Pot\u00e1hnut\u00ed 2% 5% Jednor\u00e1zov\u00e1 Vape s n\u00edzk\u00fdm obsahem nikotinu<\/p>\n<p><strong>P\u0159idejte si Amy na WhatsApp pro rychlou odpov\u011b\u010f a kup\u00f3n na vapky!<\/strong><\/p>\n<p><img fetchpriority=\"high\" decoding=\"async\" class=\"size-full wp-image-2932\" src=\"https:\/\/vapestornado.com\/wp-content\/uploads\/2024\/12\/Vape-Wholesale.jpg\" alt=\"Velkoobchod s vape\" width=\"229\" height=\"300\" \/><\/p>\n<h3><a href=\"https:\/\/wa.me\/8617776015835\"><span style=\"color: #ff0000;\"><strong>WhatsApp: +86 17776015835<\/strong><\/span><\/a><\/h3>\n<p>&nbsp;<\/p>","protected":false},"featured_media":3236,"comment_status":"open","ping_status":"closed","template":"","meta":{"_acf_changed":false,"_uag_custom_page_level_css":"","_lmt_disableupdate":"no","_lmt_disable":"","_monsterinsights_skip_tracking":false,"_monsterinsights_sitenote_active":false,"_monsterinsights_sitenote_note":"","_monsterinsights_sitenote_category":0,"site-sidebar-layout":"default","site-content-layout":"","ast-site-content-layout":"default","site-content-style":"default","site-sidebar-style":"default","ast-global-header-display":"","ast-banner-title-visibility":"","ast-main-header-display":"","ast-hfb-above-header-display":"","ast-hfb-below-header-display":"","ast-hfb-mobile-header-display":"","site-post-title":"","ast-breadcrumbs-content":"","ast-featured-img":"","footer-sml-layout":"","ast-disable-related-posts":"","theme-transparent-header-meta":"default","adv-header-id-meta":"","stick-header-meta":"","header-above-stick-meta":"","header-main-stick-meta":"","header-below-stick-meta":"","astra-migrate-meta-layouts":"set","ast-page-background-enabled":"default","ast-page-background-meta":{"desktop":{"background-color":"","background-image":"","background-repeat":"repeat","background-position":"center center","background-size":"auto","background-attachment":"scroll","background-type":"","background-media":"","overlay-type":"","overlay-color":"","overlay-opacity":"","overlay-gradient":""},"tablet":{"background-color":"","background-image":"","background-repeat":"repeat","background-position":"center center","background-size":"auto","background-attachment":"scroll","background-type":"","background-media":"","overlay-type":"","overlay-color":"","overlay-opacity":"","overlay-gradient":""},"mobile":{"background-color":"","background-image":"","background-repeat":"repeat","background-position":"center center","background-size":"auto","background-attachment":"scroll","background-type":"","background-media":"","overlay-type":"","overlay-color":"","overlay-opacity":"","overlay-gradient":""}},"ast-content-background-meta":{"desktop":{"background-color":"var(--ast-global-color-5)","background-image":"","background-repeat":"repeat","background-position":"center center","background-size":"auto","background-attachment":"scroll","background-type":"","background-media":"","overlay-type":"","overlay-color":"","overlay-opacity":"","overlay-gradient":""},"tablet":{"background-color":"var(--ast-global-color-5)","background-image":"","background-repeat":"repeat","background-position":"center center","background-size":"auto","background-attachment":"scroll","background-type":"","background-media":"","overlay-type":"","overlay-color":"","overlay-opacity":"","overlay-gradient":""},"mobile":{"background-color":"var(--ast-global-color-5)","background-image":"","background-repeat":"repeat","background-position":"center center","background-size":"auto","background-attachment":"scroll","background-type":"","background-media":"","overlay-type":"","overlay-color":"","overlay-opacity":"","overlay-gradient":""}},"_joinchat":{"telephone":"+8617776015835"}},"product_brand":[],"product_cat":[140,175,64,153,157,159,142,143,146],"product_tag":[179,178,165,97,166,94,139],"class_list":{"0":"post-3238","1":"product","2":"type-product","3":"status-publish","4":"has-post-thumbnail","6":"product_cat-big-puffs-disposable-vapes","7":"product_cat-35000-puff","8":"product_cat-bangbox-vape","9":"product_cat-buy-disposable-vapes-in-italy","10":"product_cat-buy-disposable-vapes-in-portugal","11":"product_cat-buy-disposable-vapes-in-sweden","12":"product_cat-digital-box-disposable-vapes","13":"product_cat-dual-mesh-disposable-vapes","14":"product_cat-rechargeable-disposable-vapes","15":"product_tag-bang-box-35000","16":"product_tag-bang-vape-35000","17":"product_tag-cheap-vapes","18":"product_tag-hot-sale-disposable-vape","19":"product_tag-low-nicotine-vape","20":"product_tag-rechargeable-disposable-vape","21":"product_tag-vapsolo","22":"desktop-align-left","23":"tablet-align-left","24":"mobile-align-left","26":"first","27":"instock","28":"sale","29":"shipping-taxable","30":"purchasable","31":"product-type-simple"},"acf":[],"uagb_featured_image_src":{"full":["https:\/\/vapestornado.com\/wp-content\/uploads\/2024\/12\/Bang-Vape-35000-Puffs-Touch-Screen-Vape.jpg",1000,1000,false],"thumbnail":["https:\/\/vapestornado.com\/wp-content\/uploads\/2024\/12\/Bang-Vape-35000-Puffs-Touch-Screen-Vape-150x150.jpg",150,150,true],"medium":["https:\/\/vapestornado.com\/wp-content\/uploads\/2024\/12\/Bang-Vape-35000-Puffs-Touch-Screen-Vape-300x300.jpg",300,300,true],"medium_large":["https:\/\/vapestornado.com\/wp-content\/uploads\/2024\/12\/Bang-Vape-35000-Puffs-Touch-Screen-Vape-768x768.jpg",768,768,true],"large":["https:\/\/vapestornado.com\/wp-content\/uploads\/2024\/12\/Bang-Vape-35000-Puffs-Touch-Screen-Vape.jpg",1000,1000,false],"1536x1536":["https:\/\/vapestornado.com\/wp-content\/uploads\/2024\/12\/Bang-Vape-35000-Puffs-Touch-Screen-Vape.jpg",1000,1000,false],"2048x2048":["https:\/\/vapestornado.com\/wp-content\/uploads\/2024\/12\/Bang-Vape-35000-Puffs-Touch-Screen-Vape.jpg",1000,1000,false],"trp-custom-language-flag":["https:\/\/vapestornado.com\/wp-content\/uploads\/2024\/12\/Bang-Vape-35000-Puffs-Touch-Screen-Vape.jpg",12,12,false],"woocommerce_thumbnail":["https:\/\/vapestornado.com\/wp-content\/uploads\/2024\/12\/Bang-Vape-35000-Puffs-Touch-Screen-Vape-300x300.jpg",300,300,true],"woocommerce_single":["https:\/\/vapestornado.com\/wp-content\/uploads\/2024\/12\/Bang-Vape-35000-Puffs-Touch-Screen-Vape-600x600.jpg",600,600,true],"woocommerce_gallery_thumbnail":["https:\/\/vapestornado.com\/wp-content\/uploads\/2024\/12\/Bang-Vape-35000-Puffs-Touch-Screen-Vape-100x100.jpg",100,100,true]},"uagb_author_info":{"display_name":"ESAMY","author_link":"https:\/\/vapestornado.com\/cs\/author\/"},"uagb_comment_info":0,"uagb_excerpt":"Best Bang Vape 35000 Puffs 2% 5% Low Nicotine Disposable Vape Bulk Buy Price Bang Vape 35000 Puffs Rechargeable Disposable Vape Wholesale Cheap Factory Bang Vape 35000 Puffs 2% 5% Low Nicotine Disposable Vape Add Amy's whatsapp get right reply and vape vape coupon! WhatsApp: +86 17776015835 &nbsp;","_links":{"self":[{"href":"https:\/\/vapestornado.com\/cs\/wp-json\/wp\/v2\/product\/3238","targetHints":{"allow":["GET"]}}],"collection":[{"href":"https:\/\/vapestornado.com\/cs\/wp-json\/wp\/v2\/product"}],"about":[{"href":"https:\/\/vapestornado.com\/cs\/wp-json\/wp\/v2\/types\/product"}],"replies":[{"embeddable":true,"href":"https:\/\/vapestornado.com\/cs\/wp-json\/wp\/v2\/comments?post=3238"}],"wp:featuredmedia":[{"embeddable":true,"href":"https:\/\/vapestornado.com\/cs\/wp-json\/wp\/v2\/media\/3236"}],"wp:attachment":[{"href":"https:\/\/vapestornado.com\/cs\/wp-json\/wp\/v2\/media?parent=3238"}],"wp:term":[{"taxonomy":"product_brand","embeddable":true,"href":"https:\/\/vapestornado.com\/cs\/wp-json\/wp\/v2\/product_brand?post=3238"},{"taxonomy":"product_cat","embeddable":true,"href":"https:\/\/vapestornado.com\/cs\/wp-json\/wp\/v2\/product_cat?post=3238"},{"taxonomy":"product_tag","embeddable":true,"href":"https:\/\/vapestornado.com\/cs\/wp-json\/wp\/v2\/product_tag?post=3238"}],"curies":[{"name":"wp","href":"https:\/\/api.w.org\/{rel}","templated":true}]}}