{"id":3231,"date":"2024-12-18T09:42:32","date_gmt":"2024-12-18T09:42:32","guid":{"rendered":"https:\/\/vapestornado.com\/?post_type=product&#038;p=3231"},"modified":"2025-08-23T12:12:36","modified_gmt":"2025-08-23T12:12:36","slug":"wholesale-price-aivono-curved-smart-screen-35000-puffs-disposable-vape","status":"publish","type":"product","link":"https:\/\/vapestornado.com\/cs\/product\/wholesale-price-aivono-curved-smart-screen-35000-puffs-disposable-vape\/","title":{"rendered":"Velkoobchodn\u00ed cena AIVONO Zak\u0159iven\u00e1 chytr\u00e1 obrazovka 35000 pot\u00e1hnut\u00ed Jednor\u00e1zov\u00e1 Vape"},"content":{"rendered":"<h1>Velkoobchodn\u00ed cena AIVONO Zak\u0159iven\u00e1 chytr\u00e1 obrazovka 35000 pot\u00e1hnut\u00ed Jednor\u00e1zov\u00e1 Vape<\/h1>\n<p>Ten <strong data-start=\"346\" data-end=\"404\">AIVONO Zak\u0159iven\u00e1 chytr\u00e1 obrazovka 35000 pot\u00e1hnut\u00ed Jednor\u00e1zov\u00e1 elektronick\u00e1 cigareta<\/strong> je navr\u017eena pro vapery, kte\u0159\u00ed oce\u0148uj\u00ed pokro\u010dilou technologii, pr\u00e9miov\u00fd design a dlouhotrvaj\u00edc\u00ed v\u00fdkon. Poskytuje a\u017e <strong data-start=\"524\" data-end=\"540\">35 000 pot\u00e1hnut\u00ed<\/strong>pot\u00e1hnut\u00ed a je nap\u00e1jena spolehlivou <strong data-start=\"579\" data-end=\"622\">850mAh dob\u00edjec\u00ed bateri\u00ed z \u010dist\u00e9ho kobaltu<\/strong> s <strong data-start=\"628\" data-end=\"652\">Rychl\u00e9 nab\u00edjen\u00ed Type-C<\/strong>, kter\u00e1 zaji\u0161\u0165uje nep\u0159etr\u017eit\u00e9 vapov\u00e1n\u00ed. Jej\u00ed <strong data-start=\"689\" data-end=\"726\">28ml p\u0159edpln\u011bn\u00e1 kapacita e-liquidu<\/strong> a r\u016fzn\u00e9 s\u00edly nikotinu (0%, 2%, 3%, 5%) ji \u010din\u00ed vhodnou pro \u0161irok\u00e9 publikum.<\/p>\n<p>A <strong data-start=\"825\" data-end=\"848\">1.0\u03a9 du\u00e1ln\u00ed s\u00ed\u0165ovan\u00e1 spir\u00e1lka<\/strong> zaji\u0161\u0165uje bohatou chu\u0165 a hladk\u00e9 mraky, zat\u00edmco <strong data-start=\"898\" data-end=\"927\">nastaviteln\u00e1 nastaven\u00ed v\u00fdkonu<\/strong> umo\u017e\u0148uj\u00ed u\u017eivatel\u016fm p\u0159izp\u016fsobit hustotu a intenzitu p\u00e1ry. Zak\u0159iven\u00e1 dynamick\u00e1 <strong data-start=\"998\" data-end=\"1015\">chytr\u00fd displej<\/strong> obrazovka zobrazuje \u017eivotnost baterie a hladinu e-liquidu v re\u00e1ln\u00e9m \u010dase, dopln\u011bn\u00e1 animovan\u00fdmi vizualizacemi nab\u00edjen\u00ed a p\u0159izp\u016fsobiteln\u00fdm osv\u011btlen\u00fdm logem.<\/p>\n<p>S jeho <strong data-start=\"1166\" data-end=\"1190\">Elegantn\u00ed, kompaktn\u00ed konstrukce<\/strong> a mo\u017enosti OEM\/ODM \u010din\u00ed AIVONO Curved Smart Screen 35K ide\u00e1ln\u00ed pro osobn\u00ed u\u017eivatele i <strong data-start=\"1284\" data-end=\"1304\">velkoobchodn\u00ed kupce<\/strong> v cel\u00e9 Evrop\u011b. Kombinuje inovace, odolnost a styl a je vynikaj\u00edc\u00ed volbou pro <strong data-start=\"1392\" data-end=\"1452\">maloobchodn\u00edky a distributory, kte\u0159\u00ed hledaj\u00ed velkoobchodn\u00ed jednor\u00e1zov\u00e9 elektronick\u00e9 cigarety<\/strong> za konkurenceschopn\u00e9 ceny.<\/p>\n<figure id=\"attachment_3474\" aria-describedby=\"caption-attachment-3474\" style=\"width: 800px\" class=\"wp-caption alignnone\"><img fetchpriority=\"high\" decoding=\"async\" class=\"wp-image-3474 size-full\" src=\"https:\/\/vapestornado.com\/wp-content\/uploads\/2024\/12\/AIVONO-35k-puff-vape-Box.jpg\" alt=\"AIVONO 35k pot\u00e1hnut\u00ed e-cigareta krabi\u010dka\" width=\"800\" height=\"800\" srcset=\"https:\/\/vapestornado.com\/wp-content\/uploads\/2024\/12\/AIVONO-35k-puff-vape-Box.jpg 800w, https:\/\/vapestornado.com\/wp-content\/uploads\/2024\/12\/AIVONO-35k-puff-vape-Box-300x300.jpg 300w, https:\/\/vapestornado.com\/wp-content\/uploads\/2024\/12\/AIVONO-35k-puff-vape-Box-150x150.jpg 150w, https:\/\/vapestornado.com\/wp-content\/uploads\/2024\/12\/AIVONO-35k-puff-vape-Box-768x768.jpg 768w, https:\/\/vapestornado.com\/wp-content\/uploads\/2024\/12\/AIVONO-35k-puff-vape-Box-600x600.jpg 600w, https:\/\/vapestornado.com\/wp-content\/uploads\/2024\/12\/AIVONO-35k-puff-vape-Box-100x100.jpg 100w\" sizes=\"(max-width: 800px) 100vw, 800px\" \/><figcaption id=\"caption-attachment-3474\" class=\"wp-caption-text\">AIVONO 35k pot\u00e1hnut\u00ed e-cigareta krabi\u010dka<\/figcaption><\/figure>\n<p><img decoding=\"async\" class=\"wp-image-2951\" src=\"https:\/\/vapestornado.com\/wp-content\/uploads\/2024\/12\/Wholesale-Disposable-Vape-265x300.jpg\" alt=\"Velkoobchodn\u00ed jednor\u00e1zov\u00e9 Vape\" width=\"295\" height=\"334\" srcset=\"https:\/\/vapestornado.com\/wp-content\/uploads\/2024\/12\/Wholesale-Disposable-Vape-265x300.jpg 265w, https:\/\/vapestornado.com\/wp-content\/uploads\/2024\/12\/Wholesale-Disposable-Vape-768x871.jpg 768w, https:\/\/vapestornado.com\/wp-content\/uploads\/2024\/12\/Wholesale-Disposable-Vape-600x680.jpg 600w, https:\/\/vapestornado.com\/wp-content\/uploads\/2024\/12\/Wholesale-Disposable-Vape.jpg 823w\" sizes=\"(max-width: 295px) 100vw, 295px\" \/><\/p>\n<h6>Pro slevovou cenu kontaktujte Mandy na WhatsApp<a href=\"https:\/\/wa.me\/8618077105796\" target=\"_blank\" rel=\"noopener\">+8618077105796<\/a><\/h6>\n<h2><strong>AIVONO prohnut\u00fd displej 35000 pot\u00e1hnut\u00ed - Kl\u00ed\u010dov\u00e9 specifikace<\/strong><\/h2>\n<div class=\"flex max-w-full flex-col flex-grow\">\n<div class=\"min-h-8 text-message flex w-full flex-col items-end gap-2 whitespace-normal break-words text-start [.text-message+&amp;]:mt-5\" dir=\"auto\" data-message-author-role=\"assistant\" data-message-id=\"cdb991c0-f594-4bff-b2d5-fbbdd7ce9e54\" data-message-model-slug=\"gpt-4o-mini\">\n<div class=\"flex w-full flex-col gap-1 empty:hidden first:pt-[3px]\">\n<div class=\"markdown prose w-full break-words dark:prose-invert light\">\n<ul>\n<li><strong>Potahy:<\/strong> A\u017e 35 000 pot\u00e1hnut\u00ed<\/li>\n<li><strong>Kapacita e-liquidu:<\/strong> 28ml<\/li>\n<li><strong>Baterie:<\/strong> 17350 \u010dist\u00fd kobalt, 850mAh (dob\u00edjec\u00ed, Type-C)<\/li>\n<li><strong>Odpor spir\u00e1lky:<\/strong> 1.0\u03a9 du\u00e1ln\u00ed s\u00ed\u0165ovan\u00e1 spir\u00e1lka<\/li>\n<li><strong>Mo\u017enosti nikotinu:<\/strong> 5%, 3%, 2%, 0%<\/li>\n<li><strong>Funkce obrazovky:<\/strong> Indik\u00e1tory e-liquidu a baterie, p\u0159izp\u016fsobiteln\u00e9 osv\u011btlen\u00e9 logo<\/li>\n<li><strong>Displej:<\/strong> Zak\u0159iven\u00e1 dynamick\u00e1 obrazovka s efekty animace nab\u00edjen\u00ed a p\u00e1ry<\/li>\n<li><strong>Nastaviteln\u00fd v\u00fdkon:<\/strong> Podporuje kontrolu chuti a p\u00e1ry<\/li>\n<li><strong>Design:<\/strong> Kompaktn\u00ed velikost (55*95mm), podporuje OEM\/ODM p\u0159izp\u016fsoben\u00ed<\/li>\n<\/ul>\n<\/div>\n<\/div>\n<\/div>\n<\/div>\n<div class=\"mb-2 flex gap-3 empty:hidden -ml-2\">\n<div class=\"items-center justify-start rounded-xl p-1 flex\"><\/div>\n<\/div>\n<h2><strong>Velkoobchod Vap\u016f AIVONO Zak\u0159iven\u00e1 obrazovka 35k \u0160luk\u016f Seznam p\u0159\u00edchut\u00ed:<\/strong><\/h2>\n<p>1.AIM FLASH: Jahodov\u00fd led<br \/>\n2.AIM FLASH: Jahoda Vodn\u00ed meloun<br \/>\n3.AIM FLASH: T\u0159e\u0161e\u0148 Malina<br \/>\n4.AIM FLASH: Modr\u00e1 Malina Led<br \/>\n5.AIM FLASH: Citron<br \/>\n6.AIM FLASH: Broskvov\u00e1 \u0161\u0165\u00e1va<br \/>\n7.AIM FLASH: Bor\u016fvka Hrozny<br \/>\n8.AIM FLASH:Vodn\u00ed meloun led<br \/>\n9.AIM FLASH:Jablko bobule<br \/>\n10.AIM FLASH:Mango ananas<br \/>\n11.AIM FLASH:Modr\u00fd ran\u010d<br \/>\n12.AIM FLASH:Jahoda led<br \/>\n13.AIM FLASH:Hrozny<br \/>\n14.AIM FLASH:Mixovan\u00e9 bobule<br \/>\n15.AIM FLASH:Jahoda kiwi led<\/p>\n<div role=\"article\" data-tabster=\"{&quot;groupper&quot;:{&quot;tabbability&quot;:2},&quot;focusable&quot;:{}}\" data-content=\"ai-message\" aria-labelledby=\"dARUyEWDoEYhnSPXFwx5A-author dARUyEWDoEYhnSPXFwx5A-content\">\n<div id=\"dARUyEWDoEYhnSPXFwx5A-content\">\n<h3>Pro\u010d si vybrat AIVONO Curved Smart Screen 35000 Puffs v \u010cesk\u00e9 republice <a href=\"https:\/\/vapestornado.com\/cs\/store\/\">vapestornado.com<\/a>?<\/h3>\n<ol>\n<li><strong>Pr\u00e9miov\u00e1 kvalita a v\u00fdkon<\/strong><br \/>\nJednor\u00e1zov\u00fd vaporiz\u00e9r AIVONO Curved Smart Screen 35000 Puffs nab\u00edz\u00ed v\u00fdjime\u010dn\u00fd z\u00e1\u017eitek z vapov\u00e1n\u00ed s a\u017e 35 000 pot\u00e1hnut\u00edmi. Je poh\u00e1n\u011bn vysokokapacitn\u00ed dob\u00edjec\u00ed bateri\u00ed s kapacitou 850mAh, co\u017e zaji\u0161\u0165uje konzistentn\u00ed v\u00fdkon a mimo\u0159\u00e1dnou odolnost.<\/li>\n<li><strong>Pokro\u010dil\u00e9 funkce pro prvot\u0159\u00eddn\u00ed z\u00e1\u017eitek<\/strong><br \/>\nToto za\u0159\u00edzen\u00ed je vybaveno du\u00e1ln\u00ed mesh spir\u00e1lou s odporem 1,0\u03a9, kter\u00e1 zaji\u0161\u0165uje hladkou produkci p\u00e1ry a bohatou chu\u0165 p\u0159i ka\u017ed\u00e9m pot\u00e1hnut\u00ed. Zak\u0159iven\u00fd dynamick\u00fd chytr\u00fd displej poskytuje aktu\u00e1ln\u00ed informace o stavu e-liquidu a baterie, zat\u00edmco p\u0159izp\u016fsobiteln\u00e9 osv\u011btlen\u00e9 logo dod\u00e1v\u00e1 n\u00e1dech sofistikovanosti.<\/li>\n<li><strong>\u0160it\u00e9 na m\u00edru ka\u017ed\u00e9mu vaperovi<\/strong><br \/>\nVaporiz\u00e9r AIVONO nab\u00edz\u00ed n\u011bkolik mo\u017enost\u00ed obsahu nikotinu (5%, 3%, 2%, 0%), \u010d\u00edm\u017e vych\u00e1z\u00ed vst\u0159\u00edc nejr\u016fzn\u011bj\u0161\u00edm preferenc\u00edm a zaji\u0161\u0165uje ide\u00e1ln\u00ed volbu pro ka\u017ed\u00e9ho vapera.<\/li>\n<li><strong>Elegantn\u00ed a kompaktn\u00ed design<\/strong><br \/>\nJednor\u00e1zov\u00fd vaporiz\u00e9r AIVONO Curved Smart Screen, navr\u017een\u00fd s ohledem na pohodl\u00ed, m\u00e1 kompaktn\u00ed rozm\u011bry 55*95mm, co\u017e usnad\u0148uje jeho p\u0159en\u00e1\u0161en\u00ed a z\u00e1rove\u0148 si zachov\u00e1v\u00e1 stylov\u00fd a modern\u00ed vzhled.<\/li>\n<li><strong>Exkluzivn\u011b k dost\u00e1n\u00ed na vapestornado.com<\/strong><br \/>\nvapestornado.com nab\u00edz\u00ed exkluzivn\u00ed p\u0159\u00edstup k AIVONO Curved Smart Screen 35000 Puffs, \u010d\u00edm\u017e zaji\u0161\u0165uje konkurenceschopn\u00e9 ceny, rychlou dopravu a vynikaj\u00edc\u00ed z\u00e1kaznick\u00fd servis pro \u010desk\u00e9 z\u00e1kazn\u00edky i mimo n\u011b.<\/li>\n<li><strong>Ide\u00e1ln\u00ed pro \u010desk\u00e9 vapery<\/strong><br \/>\nD\u00edky sv\u00e9mu inovativn\u00edmu designu a pr\u00e9miov\u00e9mu v\u00fdkonu je vaporiz\u00e9r AIVONO Curved Smart Screen perfektn\u011b vhodn\u00fd pro sofistikovan\u00fd vkus \u010desk\u00fdch vaper\u016f, spojuje \u0161pi\u010dkovou technologii a odolnost v jednom za\u0159\u00edzen\u00ed.<\/li>\n<\/ol>\n<\/div>\n<\/div>\n<h3>\u010casto kladen\u00e9 dotazy o AIVONO Curved Smart Screen 35000 Puffs<\/h3>\n<p><strong>Ot\u00e1zka: Kolik pot\u00e1hnut\u00ed mohu o\u010dek\u00e1vat od AIVONO Curved Smart Screen 35000 Puffs?<\/strong><br \/>\n<strong>A:<\/strong> AIVONO Curved Smart Screen poskytuje a\u017e <strong>35 000 pot\u00e1hnut\u00ed<\/strong>, co\u017e zaji\u0161\u0165uje dlouhotrvaj\u00edc\u00ed a uspokojiv\u00fd z\u00e1\u017eitek z vapov\u00e1n\u00ed.<\/p>\n<p><strong>Ot\u00e1zka: Jak\u00e1 je kapacita baterie u 35k puff AIVONO CurvedScreen Vape?<\/strong><br \/>\n<strong>A:<\/strong> Za\u0159\u00edzen\u00ed je nap\u00e1jeno <strong>dob\u00edjec\u00ed bateri\u00ed z \u010dist\u00e9ho kobaltu 17350<\/strong> s kapacitou <strong>850mAh<\/strong>, kter\u00e1 nab\u00edz\u00ed spolehliv\u00fd v\u00fdkon a dlouhou \u017eivotnost baterie.<\/p>\n<p><strong>Q: Podporuje AIVONO Screen vape 35k puff nab\u00edjen\u00ed p\u0159es Type-C?<\/strong><br \/>\n<strong>A:<\/strong> Ano, za\u0159\u00edzen\u00ed je vybaveno <strong>nab\u00edjec\u00edm portem typu C<\/strong>, co\u017e umo\u017e\u0148uje rychl\u00e9 a pohodln\u00e9 dob\u00edjen\u00ed.<\/p>\n<p><strong>Q: Jak\u00fd typ c\u00edvky pou\u017e\u00edv\u00e1 AIVONO Curved Screen 35k puffs?<\/strong><br \/>\n<strong>A:<\/strong> Tato vapovac\u00ed sada pou\u017e\u00edv\u00e1 <strong>1.0\u03a9 du\u00e1ln\u00ed s\u00ed\u0165ovan\u00e1 spir\u00e1lka<\/strong>, co\u017e zaji\u0161\u0165uje hladkou a konzistentn\u00ed produkci p\u00e1ry, spolu s bohat\u00fdmi a chutn\u00fdmi potahy.<\/p>\n<p><strong>Q: Jak mohu zkontrolovat hladinu e-liquidu a baterie na AIVONO Curved Smart Screen 35000 vape baru?<\/strong><br \/>\n<strong>A:<\/strong> Za\u0159\u00edzen\u00ed je vybaveno <strong>zak\u0159iven\u00fd dynamick\u00fd chytr\u00fd displej<\/strong> kter\u00fd zobrazuje hladinu e-liquidu a baterie v re\u00e1ln\u00e9m \u010dase, tak\u017ee v\u017edy v\u00edte, kdy dob\u00edt nebo doplnit.<\/p>\n<p><strong>Q: Co d\u011bl\u00e1 levn\u00fd AIVONO Curved Smart Screen 35k Vapes ide\u00e1ln\u00edm pro \u010desk\u00e9 vapery?<\/strong><br \/>\n<strong>A:<\/strong> AIVONO Curved 35k puff vape kombinuje \u0161pi\u010dkovou technologii, elegantn\u00ed design a n\u011bkolik mo\u017enost\u00ed nikotinu, co\u017e z n\u011bj \u010din\u00ed ide\u00e1ln\u00ed volbu pro n\u00e1ro\u010dn\u00e9 preference \u010desk\u00fdch vaper\u016f.<\/p>","protected":false},"excerpt":{"rendered":"<p>AIVONO prohnut\u00fd inteligentn\u00ed displej 35000 pot\u00e1hnut\u00ed: Pr\u00e9miov\u00e1 jednor\u00e1zov\u00e1 e-cigareta, 35 000 pot\u00e1hnut\u00ed, p\u0159izp\u016fsobiteln\u00e9 funkce, du\u00e1ln\u00ed mesh spir\u00e1lka, nab\u00edjen\u00ed Type-C, ide\u00e1ln\u00ed pro \u010desk\u00e9 vapery.<\/p>\n<figure id=\"attachment_2951\" aria-describedby=\"caption-attachment-2951\" style=\"width: 265px\" class=\"wp-caption alignnone\"><img decoding=\"async\" class=\"size-medium wp-image-2951\" src=\"https:\/\/vapestornado.com\/wp-content\/uploads\/2024\/12\/Wholesale-Disposable-Vape-265x300.jpg\" alt=\"Velkoobchodn\u00ed jednor\u00e1zov\u00e9 Vape\" width=\"265\" height=\"300\" srcset=\"https:\/\/vapestornado.com\/wp-content\/uploads\/2024\/12\/Wholesale-Disposable-Vape-265x300.jpg 265w, https:\/\/vapestornado.com\/wp-content\/uploads\/2024\/12\/Wholesale-Disposable-Vape-768x871.jpg 768w, https:\/\/vapestornado.com\/wp-content\/uploads\/2024\/12\/Wholesale-Disposable-Vape-600x680.jpg 600w, https:\/\/vapestornado.com\/wp-content\/uploads\/2024\/12\/Wholesale-Disposable-Vape.jpg 823w\" sizes=\"(max-width: 265px) 100vw, 265px\" \/><figcaption id=\"caption-attachment-2951\" class=\"wp-caption-text\">Pro slevovou cenu kontaktujte Mandy na WhatsApp\u00a0 <a href=\"https:\/\/wa.me\/8618077105796\">+8618077105796<\/a><\/figcaption><\/figure>\n<p>&nbsp;<\/p>","protected":false},"featured_media":3479,"comment_status":"open","ping_status":"closed","template":"","meta":{"_acf_changed":false,"_uag_custom_page_level_css":"","_lmt_disableupdate":"no","_lmt_disable":"","_monsterinsights_skip_tracking":false,"_monsterinsights_sitenote_active":false,"_monsterinsights_sitenote_note":"","_monsterinsights_sitenote_category":0,"site-sidebar-layout":"default","site-content-layout":"","ast-site-content-layout":"default","site-content-style":"default","site-sidebar-style":"default","ast-global-header-display":"","ast-banner-title-visibility":"","ast-main-header-display":"","ast-hfb-above-header-display":"","ast-hfb-below-header-display":"","ast-hfb-mobile-header-display":"","site-post-title":"","ast-breadcrumbs-content":"","ast-featured-img":"","footer-sml-layout":"","ast-disable-related-posts":"","theme-transparent-header-meta":"default","adv-header-id-meta":"","stick-header-meta":"","header-above-stick-meta":"","header-main-stick-meta":"","header-below-stick-meta":"","astra-migrate-meta-layouts":"set","ast-page-background-enabled":"default","ast-page-background-meta":{"desktop":{"background-color":"","background-image":"","background-repeat":"repeat","background-position":"center center","background-size":"auto","background-attachment":"scroll","background-type":"","background-media":"","overlay-type":"","overlay-color":"","overlay-opacity":"","overlay-gradient":""},"tablet":{"background-color":"","background-image":"","background-repeat":"repeat","background-position":"center center","background-size":"auto","background-attachment":"scroll","background-type":"","background-media":"","overlay-type":"","overlay-color":"","overlay-opacity":"","overlay-gradient":""},"mobile":{"background-color":"","background-image":"","background-repeat":"repeat","background-position":"center center","background-size":"auto","background-attachment":"scroll","background-type":"","background-media":"","overlay-type":"","overlay-color":"","overlay-opacity":"","overlay-gradient":""}},"ast-content-background-meta":{"desktop":{"background-color":"var(--ast-global-color-5)","background-image":"","background-repeat":"repeat","background-position":"center center","background-size":"auto","background-attachment":"scroll","background-type":"","background-media":"","overlay-type":"","overlay-color":"","overlay-opacity":"","overlay-gradient":""},"tablet":{"background-color":"var(--ast-global-color-5)","background-image":"","background-repeat":"repeat","background-position":"center center","background-size":"auto","background-attachment":"scroll","background-type":"","background-media":"","overlay-type":"","overlay-color":"","overlay-opacity":"","overlay-gradient":""},"mobile":{"background-color":"var(--ast-global-color-5)","background-image":"","background-repeat":"repeat","background-position":"center center","background-size":"auto","background-attachment":"scroll","background-type":"","background-media":"","overlay-type":"","overlay-color":"","overlay-opacity":"","overlay-gradient":""}},"_joinchat":{"telephone":"+8618077105796"}},"product_brand":[],"product_cat":[175,176,140,153,157],"product_tag":[177,97],"class_list":{"0":"post-3231","1":"product","2":"type-product","3":"status-publish","4":"has-post-thumbnail","6":"product_cat-35000-puff","7":"product_cat-aivono-vape","8":"product_cat-big-puffs-disposable-vapes","9":"product_cat-buy-disposable-vapes-in-italy","10":"product_cat-buy-disposable-vapes-in-portugal","11":"product_tag-aivono-35000-puffs","12":"product_tag-hot-sale-disposable-vape","13":"desktop-align-left","14":"tablet-align-left","15":"mobile-align-left","17":"first","18":"instock","19":"sale","20":"shipping-taxable","21":"purchasable","22":"product-type-simple"},"acf":[],"uagb_featured_image_src":{"full":["https:\/\/vapestornado.com\/wp-content\/uploads\/2024\/12\/AIVONO-35000-Puffs-Good-Sale-Vape.jpg",800,800,false],"thumbnail":["https:\/\/vapestornado.com\/wp-content\/uploads\/2024\/12\/AIVONO-35000-Puffs-Good-Sale-Vape-150x150.jpg",150,150,true],"medium":["https:\/\/vapestornado.com\/wp-content\/uploads\/2024\/12\/AIVONO-35000-Puffs-Good-Sale-Vape-300x300.jpg",300,300,true],"medium_large":["https:\/\/vapestornado.com\/wp-content\/uploads\/2024\/12\/AIVONO-35000-Puffs-Good-Sale-Vape-768x768.jpg",768,768,true],"large":["https:\/\/vapestornado.com\/wp-content\/uploads\/2024\/12\/AIVONO-35000-Puffs-Good-Sale-Vape.jpg",800,800,false],"1536x1536":["https:\/\/vapestornado.com\/wp-content\/uploads\/2024\/12\/AIVONO-35000-Puffs-Good-Sale-Vape.jpg",800,800,false],"2048x2048":["https:\/\/vapestornado.com\/wp-content\/uploads\/2024\/12\/AIVONO-35000-Puffs-Good-Sale-Vape.jpg",800,800,false],"trp-custom-language-flag":["https:\/\/vapestornado.com\/wp-content\/uploads\/2024\/12\/AIVONO-35000-Puffs-Good-Sale-Vape.jpg",12,12,false],"woocommerce_thumbnail":["https:\/\/vapestornado.com\/wp-content\/uploads\/2024\/12\/AIVONO-35000-Puffs-Good-Sale-Vape-300x300.jpg",300,300,true],"woocommerce_single":["https:\/\/vapestornado.com\/wp-content\/uploads\/2024\/12\/AIVONO-35000-Puffs-Good-Sale-Vape-600x600.jpg",600,600,true],"woocommerce_gallery_thumbnail":["https:\/\/vapestornado.com\/wp-content\/uploads\/2024\/12\/AIVONO-35000-Puffs-Good-Sale-Vape-100x100.jpg",100,100,true]},"uagb_author_info":{"display_name":"ESMANDY","author_link":"https:\/\/vapestornado.com\/cs\/author\/"},"uagb_comment_info":0,"uagb_excerpt":"AIVONO Curved Smart Screen 35000 Puff\u00a0 vape pods : Premium disposable vape, 35,000 puffs, customizable features, dual mesh coil, Type-C charging, ideal for European vapers. [caption id=\"attachment_2951\" align=\"alignnone\" width=\"265\"] Pls Contact Mandy's WhatsApp For Discount Price\u00a0 +8618077105796[\/caption] &nbsp;","_links":{"self":[{"href":"https:\/\/vapestornado.com\/cs\/wp-json\/wp\/v2\/product\/3231","targetHints":{"allow":["GET"]}}],"collection":[{"href":"https:\/\/vapestornado.com\/cs\/wp-json\/wp\/v2\/product"}],"about":[{"href":"https:\/\/vapestornado.com\/cs\/wp-json\/wp\/v2\/types\/product"}],"replies":[{"embeddable":true,"href":"https:\/\/vapestornado.com\/cs\/wp-json\/wp\/v2\/comments?post=3231"}],"wp:featuredmedia":[{"embeddable":true,"href":"https:\/\/vapestornado.com\/cs\/wp-json\/wp\/v2\/media\/3479"}],"wp:attachment":[{"href":"https:\/\/vapestornado.com\/cs\/wp-json\/wp\/v2\/media?parent=3231"}],"wp:term":[{"taxonomy":"product_brand","embeddable":true,"href":"https:\/\/vapestornado.com\/cs\/wp-json\/wp\/v2\/product_brand?post=3231"},{"taxonomy":"product_cat","embeddable":true,"href":"https:\/\/vapestornado.com\/cs\/wp-json\/wp\/v2\/product_cat?post=3231"},{"taxonomy":"product_tag","embeddable":true,"href":"https:\/\/vapestornado.com\/cs\/wp-json\/wp\/v2\/product_tag?post=3231"}],"curies":[{"name":"wp","href":"https:\/\/api.w.org\/{rel}","templated":true}]}}