{"id":3201,"date":"2024-12-18T03:39:14","date_gmt":"2024-12-18T03:39:14","guid":{"rendered":"https:\/\/vapestornado.com\/?post_type=product&#038;p=3201"},"modified":"2025-08-23T09:47:27","modified_gmt":"2025-08-23T09:47:27","slug":"vapsolo-viking-12000-puffs-2-5-low-nicotine-bulk-buy-rechargeable-disposable-vapes-pen-wholesale-price","status":"publish","type":"product","link":"https:\/\/vapestornado.com\/cs\/product\/vapsolo-viking-12000-puffs-2-5-low-nicotine-bulk-buy-rechargeable-disposable-vapes-pen-wholesale-price\/","title":{"rendered":"VapSolo Viking 12000 pot\u00e1hnut\u00ed 2% 5% N\u00edzk\u00fd obsah nikotinu Hromadn\u00fd n\u00e1kup Dob\u00edjec\u00ed jednor\u00e1zov\u00e9 vapovac\u00ed tu\u017eky Velkoobchodn\u00ed cena"},"content":{"rendered":"<h1 class=\"product-title\">VapSolo Viking 12000 pot\u00e1hnut\u00ed 2% 5% N\u00edzk\u00fd obsah nikotinu Hromadn\u00fd n\u00e1kup Dob\u00edjec\u00ed jednor\u00e1zov\u00e9 vapovac\u00ed tu\u017eky Velkoobchodn\u00ed cena<\/h1>\n<p data-start=\"403\" data-end=\"652\">Ten <strong data-start=\"407\" data-end=\"453\">VapSolo Viking 12000 Puffs Jednor\u00e1zov\u00e1 Vape<\/strong> poskytuje roz\u0161\u00ed\u0159en\u00fd v\u00fdkon a flexibilitu v elegantn\u00edm, p\u0159enosn\u00e9m designu. S <strong data-start=\"536\" data-end=\"562\">kapacitou 22 ml e-liquidu<\/strong> a\u017e do <strong data-start=\"573\" data-end=\"589\">12 000 pot\u00e1hnut\u00ed<\/strong>, poskytuje dlouhodob\u00e9 pou\u017e\u00edv\u00e1n\u00ed bez neust\u00e1l\u00fdch v\u00fdm\u011bn.<\/p>\n<p data-start=\"654\" data-end=\"909\">Poh\u00e1n\u011bno <strong data-start=\"667\" data-end=\"698\">650mAh dob\u00edjec\u00ed baterie<\/strong> s <strong data-start=\"704\" data-end=\"728\">Rychl\u00e9 nab\u00edjen\u00ed Type-C<\/strong>, Viking 12K zaji\u0161\u0165uje konzistentn\u00ed relace a efektivn\u00ed dob\u00edjen\u00ed. Dod\u00e1v\u00e1 se v <strong data-start=\"811\" data-end=\"843\">S\u00edly nikotinu 2% a 5%<\/strong>, tak\u017ee je vhodn\u00fd pro m\u00edrn\u00e9 i siln\u011bj\u0161\u00ed preference.<\/p>\n<p data-start=\"911\" data-end=\"1150\">Vybaveno <strong data-start=\"925\" data-end=\"949\">technologie mesh spir\u00e1lky<\/strong> a <strong data-start=\"954\" data-end=\"984\">4\u00farov\u0148ov\u00e9 nastaviteln\u00e9 proud\u011bn\u00ed vzduchu<\/strong>, toto za\u0159\u00edzen\u00ed zaru\u010duje hladkou produkci p\u00e1ry a p\u0159izp\u016fsobiteln\u00e9 potahy. The <strong data-start=\"1061\" data-end=\"1076\">LCD displej<\/strong> p\u0159id\u00e1v\u00e1 pohodl\u00ed t\u00edm, \u017ee zobrazuje po\u010det pot\u00e1hnut\u00ed a stav baterie v re\u00e1ln\u00e9m \u010dase.<\/p>\n<p data-start=\"1152\" data-end=\"1410\">Lehk\u00fd a snadno p\u0159enosn\u00fd, <strong data-start=\"1187\" data-end=\"1211\">VapSolo Viking 12000<\/strong> je ide\u00e1ln\u00ed pro ka\u017edodenn\u00ed u\u017eivatele i velkoobchodn\u00edky. Jeho kombinace kapacity, pokro\u010dil\u00fdch funkc\u00ed a konkurenceschopn\u00e9 <strong data-start=\"1326\" data-end=\"1347\">velkoobchodn\u00edmi cenami<\/strong> z n\u011bj \u010din\u00ed ziskovou volbu pro maloobchodn\u00edky a distributory.<\/p>\n<p><strong>P\u0159idejte si Amyin Whatsapp, z\u00edskejte okam\u017eitou odpov\u011b\u010f a kup\u00f3n na vape!<\/strong><\/p>\n<p><img fetchpriority=\"high\" decoding=\"async\" class=\"size-full wp-image-2932\" src=\"https:\/\/vapestornado.com\/wp-content\/uploads\/2024\/12\/Vape-Wholesale.jpg\" alt=\"Velkoobchod s vape\" width=\"229\" height=\"300\" \/><\/p>\n<h3><a href=\"https:\/\/wa.me\/8617776015835\" target=\"_blank\" rel=\"noopener\"><span style=\"color: #ff0000;\"><strong>WhatsApp: +86 17776015835<\/strong><\/span><\/a><\/h3>\n<p>&nbsp;<\/p>\n<h2><strong>VapSolo Viking 12000 Vlastnosti produktu<\/strong><\/h2>\n<div role=\"article\" data-tabster=\"{&quot;groupper&quot;:{&quot;tabbability&quot;:2},&quot;focusable&quot;:{}}\" data-content=\"ai-message\" aria-labelledby=\"juhNTJ6o7Gk1cgwZMJgv2-author juhNTJ6o7Gk1cgwZMJgv2-content\">\n<div id=\"juhNTJ6o7Gk1cgwZMJgv2-content\">\n<div role=\"article\" data-tabster=\"{&quot;groupper&quot;:{&quot;tabbability&quot;:2},&quot;focusable&quot;:{}}\" data-content=\"ai-message\" aria-labelledby=\"x4EZuCZWrTbh3weWUt7CU-author x4EZuCZWrTbh3weWUt7CU-content\">\n<div id=\"x4EZuCZWrTbh3weWUt7CU-content\">\n<h3><\/h3>\n<ol>\n<li><strong>12 000 pot\u00e1hnut\u00ed na za\u0159\u00edzen\u00ed:<\/strong> Prodlou\u017een\u00e9 pou\u017e\u00edv\u00e1n\u00ed pro bezprobl\u00e9mov\u00e9 vapov\u00e1n\u00ed.<\/li>\n<li><strong>Mo\u017enosti s n\u00edzk\u00fdm obsahem nikotinu:<\/strong> K dispozici ve variant\u00e1ch 2% a 5%, kter\u00e9 uspokoj\u00ed r\u016fzn\u00e9 preference.<\/li>\n<li><strong>Dob\u00edjec\u00ed baterie:<\/strong> Kapacita 650 mAh s pohodln\u00fdm rychl\u00fdm nab\u00edjen\u00edm Type-C.<\/li>\n<li><strong>4\u00farov\u0148ov\u00e9 Nastaviteln\u00e9 Proud\u011bn\u00ed Vzduchu:<\/strong> P\u0159izp\u016fsobte si sv\u016fj styl vapingu s p\u0159esnost\u00ed.<\/li>\n<li><strong>Technologie mesh spir\u00e1lky:<\/strong> Poskytuje hladkou p\u00e1ru a vylep\u0161enou chu\u0165 poka\u017ed\u00e9.<\/li>\n<li><strong>Kapacita E-liquidu 22 ml:<\/strong> Poskytuje del\u0161\u00ed vapovac\u00ed sezen\u00ed bez \u010dast\u00e9ho dopl\u0148ov\u00e1n\u00ed.<\/li>\n<li><strong>LCD displej:<\/strong> Snadno sledujte po\u010det pot\u00e1hnut\u00ed a stav baterie v re\u00e1ln\u00e9m \u010dase.<\/li>\n<li><strong>Kompaktn\u00ed a lehk\u00fd:<\/strong> P\u0159enosn\u00fd design, v\u00e1\u017e\u00ed pouze 95 g pro snadn\u00e9 pou\u017eit\u00ed na cest\u00e1ch.<\/li>\n<li><strong>Dostupn\u00e9 Velkoobchodn\u00ed Ceny:<\/strong> Ide\u00e1ln\u00ed pro hromadn\u00e9 n\u00e1kupy a dal\u0161\u00ed prodej.<\/li>\n<li><strong>Pr\u00e9miov\u00e1 zna\u010dka jednor\u00e1zov\u00fdch vap\u016f:<\/strong> Kombinuje pohodl\u00ed, v\u00fdkon a styl.<\/li>\n<\/ol>\n<\/div>\n<\/div>\n<\/div>\n<\/div>\n<h2 class=\"product-title\"><strong>Seznam p\u0159\u00edchut\u00ed VapSolo 12000 pot\u00e1hnut\u00ed<\/strong><\/h2>\n<p>1.bor\u016fvka malina<br \/>\n2.bor\u016fvka<br \/>\n3.\u0161umiv\u00e1 vi\u0161e\u0148<br \/>\n4. melounov\u00fd led<br \/>\n5. jahodov\u00e9 kiwi<br \/>\n6.jahoda meloun<br \/>\n7.letn\u00ed sen<br \/>\n8. bor\u016fvka t\u0159e\u0161e\u0148 brusinka<br \/>\n9. citron limetka<br \/>\n10.gumov\u00fd medv\u00eddek<br \/>\n11. Jahoda Ban\u00e1n<br \/>\n12.\u010cerstv\u00e1 m\u00e1ta<br \/>\n13.Jahodov\u00e1 malinov\u00e1 zmrzlina<br \/>\n14.Citronov\u00e1 broskev<br \/>\n15. Ledov\u00e9 \u010derven\u00e9 jablko<\/p>\n<figure id=\"attachment_3194\" aria-describedby=\"caption-attachment-3194\" style=\"width: 600px\" class=\"wp-caption alignnone\"><img decoding=\"async\" class=\"wp-image-3194\" src=\"https:\/\/vapestornado.com\/wp-content\/uploads\/2024\/12\/VapSolo-12000-Puffs-Disposable-Vape-Wholesale-Cheap-Price-300x300.jpg\" alt=\"VapSolo 12000 pot\u00e1hnut\u00ed Jednor\u00e1zov\u00e1 vape Velkoobchod Levn\u00e1 cena\" width=\"600\" height=\"600\" srcset=\"https:\/\/vapestornado.com\/wp-content\/uploads\/2024\/12\/VapSolo-12000-Puffs-Disposable-Vape-Wholesale-Cheap-Price-300x300.jpg 300w, https:\/\/vapestornado.com\/wp-content\/uploads\/2024\/12\/VapSolo-12000-Puffs-Disposable-Vape-Wholesale-Cheap-Price-1024x1024.jpg 1024w, https:\/\/vapestornado.com\/wp-content\/uploads\/2024\/12\/VapSolo-12000-Puffs-Disposable-Vape-Wholesale-Cheap-Price-150x150.jpg 150w, https:\/\/vapestornado.com\/wp-content\/uploads\/2024\/12\/VapSolo-12000-Puffs-Disposable-Vape-Wholesale-Cheap-Price-768x768.jpg 768w, https:\/\/vapestornado.com\/wp-content\/uploads\/2024\/12\/VapSolo-12000-Puffs-Disposable-Vape-Wholesale-Cheap-Price-600x600.jpg 600w, https:\/\/vapestornado.com\/wp-content\/uploads\/2024\/12\/VapSolo-12000-Puffs-Disposable-Vape-Wholesale-Cheap-Price-100x100.jpg 100w, https:\/\/vapestornado.com\/wp-content\/uploads\/2024\/12\/VapSolo-12000-Puffs-Disposable-Vape-Wholesale-Cheap-Price.jpg 1126w\" sizes=\"(max-width: 600px) 100vw, 600px\" \/><figcaption id=\"caption-attachment-3194\" class=\"wp-caption-text\">VapSolo 12000 pot\u00e1hnut\u00ed Jednor\u00e1zov\u00e1 vape Velkoobchod Levn\u00e1 cena<\/figcaption><\/figure>\n<h3>Pro\u010d si vybrat vapestornado pro velkoobchod s VapSolo Viking 12000 pot\u00e1hnut\u00ed?<\/h3>\n<div class=\"flex-shrink-0 flex flex-col relative items-end\">\n<div class=\"pt-0\">\n<div class=\"gizmo-bot-avatar flex h-8 w-8 items-center justify-center overflow-hidden rounded-full\">\n<div class=\"relative p-1 rounded-sm flex items-center justify-center bg-token-main-surface-primary text-token-text-primary h-8 w-8\">\n<p>V\u00edtejte ve vapestornado, va\u0161em d\u016fv\u011bryhodn\u00e9m online obchod\u011b s vapovac\u00edmi pot\u0159ebami pro pr\u00e9miov\u00e9 jednor\u00e1zov\u00e9 vapy. S v\u00edce ne\u017e 5let\u00fdmi zku\u0161enostmi v\u00e1m p\u0159in\u00e1\u0161\u00edme obl\u00edben\u00e9 zna\u010dky jednor\u00e1zov\u00fdch vape, jako jsou Fumot RandM Vape, <a href=\"https:\/\/vapestornado.com\/cs\/product\/vapme-crystal-7000-puffs-rechargeable-disposable-vape-wholesale-cheap-price\/\">Vapme<\/a>, Bang Vape, Waspe Vape a WGA Vape, atd.<\/p>\n<p>N\u00e1\u0161 sortiment zahrnuje \u017ehav\u00e9 vapy, jako je <a href=\"https:\/\/vapestornado.com\/cs\/product\/fumot-randm-tornado-15000-puffs-rechargeable-disposable-vape-wholesale\/\">RandM Tornado 15000<\/a>, a chu\u0165ov\u011b bohat\u00e9 varianty jako <a href=\"https:\/\/vapestornado.com\/cs\/product\/waspe-40000-puffs-double-flavour-led-display-disposable-vape-wholesale\/\">WASPE Dvojit\u00e1 p\u0159\u00edchu\u0165 40000 tah\u016f<\/a> . Ka\u017ed\u00fd produkt je vyb\u00edr\u00e1n s d\u016frazem na kvalitu, hodnotu a rozmanitost, abychom zajistili, \u017ee najdete to prav\u00e9 pro va\u0161e pot\u0159eby. Objevte v\u00fdjime\u010dn\u00e9 slu\u017eby a \u0161irokou \u0161k\u00e1lu \u0161pi\u010dkov\u00fdch produkt\u016f za velkoobchodn\u00ed ceny na vapestornado.<\/p>\n<\/div>\n<h3><\/h3>\n<div class=\"relative p-1 rounded-sm flex items-center justify-center bg-token-main-surface-primary text-token-text-primary h-8 w-8\">\n<h3>\u010cast\u00e9 dotazy pro jednor\u00e1zovou vape VapSolo Viking 12k Puff<\/h3>\n<\/div>\n<\/div>\n<\/div>\n<\/div>\n<div class=\"flex-shrink-0 flex flex-col relative items-end\">\n<div class=\"pt-0\">\n<div class=\"gizmo-bot-avatar flex h-8 w-8 items-center justify-center overflow-hidden rounded-full\">\n<div class=\"relative p-1 rounded-sm flex items-center justify-center bg-token-main-surface-primary text-token-text-primary h-8 w-8\">\n<div class=\"mb-2 flex gap-3 empty:hidden -ml-2\">\n<div role=\"article\" data-tabster=\"{&quot;groupper&quot;:{&quot;tabbability&quot;:2},&quot;focusable&quot;:{}}\" data-content=\"ai-message\" aria-labelledby=\"Vdt5ez4X7Tg813x6rFVha-author Vdt5ez4X7Tg813x6rFVha-content\">\n<div id=\"Vdt5ez4X7Tg813x6rFVha-content\">\n<div role=\"article\" data-tabster=\"{&quot;groupper&quot;:{&quot;tabbability&quot;:2},&quot;focusable&quot;:{}}\" data-content=\"ai-message\" aria-labelledby=\"o968oC7CEo2fGHsGdsRYC-author o968oC7CEo2fGHsGdsRYC-content\">\n<div id=\"o968oC7CEo2fGHsGdsRYC-content\">\n<ol>\n<li><strong>Jak\u00e1 je kapacita pot\u00e1hnut\u00ed VapSolo Viking 12000?<\/strong><br \/>\nTen <strong>VapSolo Viking 12000<\/strong> nab\u00edz\u00ed a\u017e <strong>12 000 pot\u00e1hnut\u00ed<\/strong>, co\u017e zaji\u0161\u0165uje prodlou\u017een\u00e9 pou\u017e\u00edv\u00e1n\u00ed s minim\u00e1ln\u00ed \u00fadr\u017ebou.<\/li>\n<li><strong>Mohu dob\u00edjet VapSolo Viking 12000?<\/strong><br \/>\nAno, za\u0159\u00edzen\u00ed je vybaveno <strong>650mAh dob\u00edjec\u00ed baterie<\/strong> a <strong>nab\u00edjec\u00edm portem typu C<\/strong> pro rychl\u00e9 a efektivn\u00ed nab\u00edjen\u00ed.<\/li>\n<li><strong>Jak\u00e9 jsou dostupn\u00e9 \u00farovn\u011b nikotinu?<\/strong><br \/>\nZa\u0159\u00edzen\u00ed je k dispozici v <strong>mo\u017enostech s n\u00edzk\u00fdm obsahem nikotinu 2% a 5%<\/strong>, vyhovuj\u00edc\u00ed \u0159ad\u011b u\u017eivatelsk\u00fdch preferenc\u00ed.<\/li>\n<li><strong>Jak funguje nastaviteln\u00e9 proud\u011bn\u00ed vzduchu?<\/strong><br \/>\nTen <strong>4\u00farov\u0148ov\u00e9 nastaviteln\u00e9 proud\u011bn\u00ed vzduchu<\/strong> umo\u017e\u0148uje v\u00e1m p\u0159ep\u00ednat mezi t\u011bsn\u011bj\u0161\u00edm a voln\u011bj\u0161\u00edm potahem, co\u017e v\u00e1m d\u00e1v\u00e1 \u00faplnou kontrolu nad va\u0161\u00edm stylem vapingu.<\/li>\n<li><strong>Pro\u010d je VapSolo Viking 12000 ide\u00e1ln\u00ed pro velkoobchodn\u00ed odb\u011bratele?<\/strong><br \/>\nS jeho <strong>vysok\u00fd po\u010det potah\u016f<\/strong>, <strong>LCD displej<\/strong>, a <strong>dostupn\u00e9 hromadn\u00e9 ceny<\/strong>, je ide\u00e1ln\u00ed pro maloobchodn\u00edky, kte\u0159\u00ed cht\u011bj\u00ed skladovat vysoce kvalitn\u00ed a funk\u010dn\u011b bohat\u00e9 <strong>jednor\u00e1zov\u00e1 vapa<\/strong> produkty za konkurenceschopn\u00e9 ceny.<\/li>\n<\/ol>\n<\/div>\n<\/div>\n<\/div>\n<\/div>\n<\/div>\n<\/div>\n<\/div>\n<\/div>\n<\/div>","protected":false},"excerpt":{"rendered":"<p>VapSolo Viking 12000 pot\u00e1hnut\u00ed 2% 5% n\u00edzko nikotinov\u00e1 jednor\u00e1zov\u00e1 e-cigareta velkoobchodn\u00ed cena<br \/>\nVapSolo Viking 12000 pot\u00e1hnut\u00ed dob\u00edjec\u00ed jednor\u00e1zov\u00e1 e-cigareta velkoobchod<br \/>\nLevn\u00e1 tov\u00e1rna VapSolo 12000 pot\u00e1hnut\u00ed 2% 5% n\u00edzko nikotinov\u00e1 jednor\u00e1zov\u00e1 e-cigareta<\/p>\n<p><strong>P\u0159idejte si Amy na WhatsApp pro rychlou odpov\u011b\u010f a kup\u00f3n na vapky!<\/strong><\/p>\n<p><img fetchpriority=\"high\" decoding=\"async\" class=\"size-full wp-image-2932\" src=\"https:\/\/vapestornado.com\/wp-content\/uploads\/2024\/12\/Vape-Wholesale.jpg\" alt=\"Velkoobchod s vape\" width=\"229\" height=\"300\" \/><\/p>\n<h3><a href=\"https:\/\/wa.me\/8617776015835\"><span style=\"color: #ff0000;\"><strong>WhatsApp: +86 17776015835<\/strong><\/span><\/a><\/h3>\n<p>&nbsp;<\/p>","protected":false},"featured_media":3193,"comment_status":"open","ping_status":"closed","template":"","meta":{"_acf_changed":false,"_uag_custom_page_level_css":"","_lmt_disableupdate":"no","_lmt_disable":"","_monsterinsights_skip_tracking":false,"_monsterinsights_sitenote_active":false,"_monsterinsights_sitenote_note":"","_monsterinsights_sitenote_category":0,"site-sidebar-layout":"default","site-content-layout":"","ast-site-content-layout":"default","site-content-style":"default","site-sidebar-style":"default","ast-global-header-display":"","ast-banner-title-visibility":"","ast-main-header-display":"","ast-hfb-above-header-display":"","ast-hfb-below-header-display":"","ast-hfb-mobile-header-display":"","site-post-title":"","ast-breadcrumbs-content":"","ast-featured-img":"","footer-sml-layout":"","ast-disable-related-posts":"","theme-transparent-header-meta":"default","adv-header-id-meta":"","stick-header-meta":"","header-above-stick-meta":"","header-main-stick-meta":"","header-below-stick-meta":"","astra-migrate-meta-layouts":"set","ast-page-background-enabled":"default","ast-page-background-meta":{"desktop":{"background-color":"","background-image":"","background-repeat":"repeat","background-position":"center center","background-size":"auto","background-attachment":"scroll","background-type":"","background-media":"","overlay-type":"","overlay-color":"","overlay-opacity":"","overlay-gradient":""},"tablet":{"background-color":"","background-image":"","background-repeat":"repeat","background-position":"center center","background-size":"auto","background-attachment":"scroll","background-type":"","background-media":"","overlay-type":"","overlay-color":"","overlay-opacity":"","overlay-gradient":""},"mobile":{"background-color":"","background-image":"","background-repeat":"repeat","background-position":"center center","background-size":"auto","background-attachment":"scroll","background-type":"","background-media":"","overlay-type":"","overlay-color":"","overlay-opacity":"","overlay-gradient":""}},"ast-content-background-meta":{"desktop":{"background-color":"var(--ast-global-color-5)","background-image":"","background-repeat":"repeat","background-position":"center center","background-size":"auto","background-attachment":"scroll","background-type":"","background-media":"","overlay-type":"","overlay-color":"","overlay-opacity":"","overlay-gradient":""},"tablet":{"background-color":"var(--ast-global-color-5)","background-image":"","background-repeat":"repeat","background-position":"center center","background-size":"auto","background-attachment":"scroll","background-type":"","background-media":"","overlay-type":"","overlay-color":"","overlay-opacity":"","overlay-gradient":""},"mobile":{"background-color":"var(--ast-global-color-5)","background-image":"","background-repeat":"repeat","background-position":"center center","background-size":"auto","background-attachment":"scroll","background-type":"","background-media":"","overlay-type":"","overlay-color":"","overlay-opacity":"","overlay-gradient":""}},"_joinchat":{"telephone":"+8617776015835"}},"product_brand":[],"product_cat":[72,149,150,156,144,146,171],"product_tag":[165,97,166,94,139,170,169],"class_list":{"0":"post-3201","1":"product","2":"type-product","3":"status-publish","4":"has-post-thumbnail","6":"product_cat-12000-puff","7":"product_cat-buy-disposable-vapes-in-austria","8":"product_cat-buy-disposable-vapes-in-belgium","9":"product_cat-buy-disposable-vapes-in-poland","10":"product_cat-low-nicotine-disposable-vapes","11":"product_cat-rechargeable-disposable-vapes","12":"product_cat-vapsolo-disposable-vapes","13":"product_tag-cheap-vapes","14":"product_tag-hot-sale-disposable-vape","15":"product_tag-low-nicotine-vape","16":"product_tag-rechargeable-disposable-vape","17":"product_tag-vapsolo","18":"product_tag-vapsolo-viking-12000","19":"product_tag-vasolo-12000","20":"desktop-align-left","21":"tablet-align-left","22":"mobile-align-left","24":"first","25":"instock","26":"sale","27":"shipping-taxable","28":"purchasable","29":"product-type-simple"},"acf":[],"uagb_featured_image_src":{"full":["https:\/\/vapestornado.com\/wp-content\/uploads\/2024\/12\/VapSolo-12000-Puffs-Disposable-Vape-Bulk-Buy-Price.jpg",1126,1126,false],"thumbnail":["https:\/\/vapestornado.com\/wp-content\/uploads\/2024\/12\/VapSolo-12000-Puffs-Disposable-Vape-Bulk-Buy-Price-150x150.jpg",150,150,true],"medium":["https:\/\/vapestornado.com\/wp-content\/uploads\/2024\/12\/VapSolo-12000-Puffs-Disposable-Vape-Bulk-Buy-Price-300x300.jpg",300,300,true],"medium_large":["https:\/\/vapestornado.com\/wp-content\/uploads\/2024\/12\/VapSolo-12000-Puffs-Disposable-Vape-Bulk-Buy-Price-768x768.jpg",768,768,true],"large":["https:\/\/vapestornado.com\/wp-content\/uploads\/2024\/12\/VapSolo-12000-Puffs-Disposable-Vape-Bulk-Buy-Price-1024x1024.jpg",1024,1024,true],"1536x1536":["https:\/\/vapestornado.com\/wp-content\/uploads\/2024\/12\/VapSolo-12000-Puffs-Disposable-Vape-Bulk-Buy-Price.jpg",1126,1126,false],"2048x2048":["https:\/\/vapestornado.com\/wp-content\/uploads\/2024\/12\/VapSolo-12000-Puffs-Disposable-Vape-Bulk-Buy-Price.jpg",1126,1126,false],"trp-custom-language-flag":["https:\/\/vapestornado.com\/wp-content\/uploads\/2024\/12\/VapSolo-12000-Puffs-Disposable-Vape-Bulk-Buy-Price.jpg",12,12,false],"woocommerce_thumbnail":["https:\/\/vapestornado.com\/wp-content\/uploads\/2024\/12\/VapSolo-12000-Puffs-Disposable-Vape-Bulk-Buy-Price-300x300.jpg",300,300,true],"woocommerce_single":["https:\/\/vapestornado.com\/wp-content\/uploads\/2024\/12\/VapSolo-12000-Puffs-Disposable-Vape-Bulk-Buy-Price-600x600.jpg",600,600,true],"woocommerce_gallery_thumbnail":["https:\/\/vapestornado.com\/wp-content\/uploads\/2024\/12\/VapSolo-12000-Puffs-Disposable-Vape-Bulk-Buy-Price-100x100.jpg",100,100,true]},"uagb_author_info":{"display_name":"ESAMY","author_link":"https:\/\/vapestornado.com\/cs\/author\/"},"uagb_comment_info":0,"uagb_excerpt":"VapSolo Viking 12000 Puffs 2% 5% Low Nicotine Disposable VapeBulk Buy Price VapSolo Viking 12000 Puffs Rechargeable Disposable Vape Wholesale Cheap Factory VapSolo 12000 Puffs 2% 5% Low Nicotine Disposable Vape Add Amy's whatsapp get right reply and vape vape coupon! WhatsApp: +86 17776015835 &nbsp;","_links":{"self":[{"href":"https:\/\/vapestornado.com\/cs\/wp-json\/wp\/v2\/product\/3201","targetHints":{"allow":["GET"]}}],"collection":[{"href":"https:\/\/vapestornado.com\/cs\/wp-json\/wp\/v2\/product"}],"about":[{"href":"https:\/\/vapestornado.com\/cs\/wp-json\/wp\/v2\/types\/product"}],"replies":[{"embeddable":true,"href":"https:\/\/vapestornado.com\/cs\/wp-json\/wp\/v2\/comments?post=3201"}],"wp:featuredmedia":[{"embeddable":true,"href":"https:\/\/vapestornado.com\/cs\/wp-json\/wp\/v2\/media\/3193"}],"wp:attachment":[{"href":"https:\/\/vapestornado.com\/cs\/wp-json\/wp\/v2\/media?parent=3201"}],"wp:term":[{"taxonomy":"product_brand","embeddable":true,"href":"https:\/\/vapestornado.com\/cs\/wp-json\/wp\/v2\/product_brand?post=3201"},{"taxonomy":"product_cat","embeddable":true,"href":"https:\/\/vapestornado.com\/cs\/wp-json\/wp\/v2\/product_cat?post=3201"},{"taxonomy":"product_tag","embeddable":true,"href":"https:\/\/vapestornado.com\/cs\/wp-json\/wp\/v2\/product_tag?post=3201"}],"curies":[{"name":"wp","href":"https:\/\/api.w.org\/{rel}","templated":true}]}}