{"id":3179,"date":"2024-12-16T03:01:14","date_gmt":"2024-12-16T03:01:14","guid":{"rendered":"https:\/\/vapestornado.com\/?post_type=product&#038;p=3179"},"modified":"2025-08-23T09:54:56","modified_gmt":"2025-08-23T09:54:56","slug":"china-factory-vapsolo-super-15000-puffs-disposable-wholesale-price-disposable-vape-rechargeable-disposable-vapes-pen-bulk-buy-wholesale","status":"publish","type":"product","link":"https:\/\/vapestornado.com\/cs\/product\/china-factory-vapsolo-super-15000-puffs-disposable-wholesale-price-disposable-vape-rechargeable-disposable-vapes-pen-bulk-buy-wholesale\/","title":{"rendered":"Tov\u00e1rna \u010c\u00edna Vapsolo Super 15000 pot\u00e1hnut\u00ed, jednor\u00e1zov\u00e9, velkoobchodn\u00ed cena, jednor\u00e1zov\u00e9 dob\u00edjec\u00ed vape pera, hromadn\u00fd n\u00e1kup, velkoobchod"},"content":{"rendered":"<h1 class=\"product-title\">Tov\u00e1rna \u010c\u00edna Vapsolo Super 15000 pot\u00e1hnut\u00ed, jednor\u00e1zov\u00e9, velkoobchodn\u00ed cena, jednor\u00e1zov\u00e9 dob\u00edjec\u00ed vape pera, hromadn\u00fd n\u00e1kup, velkoobchod<\/h1>\n<p data-start=\"396\" data-end=\"669\">Ten <strong data-start=\"400\" data-end=\"445\">Vapsolo Super 15000 Puffs Jednor\u00e1zov\u00fd vaporiz\u00e9r<\/strong> spojuje kapacitu, v\u00fdkon a p\u0159izp\u016fsoben\u00ed v kompaktn\u00edm za\u0159\u00edzen\u00ed. S a\u017e <strong data-start=\"528\" data-end=\"544\">15 000 pot\u00e1hnut\u00ed<\/strong> a <strong data-start=\"551\" data-end=\"584\">25ml p\u0159edpln\u011bn\u00e9 n\u00e1dr\u017ee na e-liquid<\/strong>, poskytuje dlouhotrvaj\u00edc\u00ed spokojenost jak pro osobn\u00ed pou\u017eit\u00ed, tak pro velkoobchodn\u00ed z\u00e1kazn\u00edky.<\/p>\n<p data-start=\"671\" data-end=\"981\">Poh\u00e1n\u011bno <strong data-start=\"684\" data-end=\"715\">650mAh dob\u00edjec\u00ed baterie<\/strong> s <strong data-start=\"721\" data-end=\"745\">Rychl\u00e9 nab\u00edjen\u00ed Type-C<\/strong>, Super 15K zaji\u0161\u0165uje konzistentn\u00ed v\u00fdkon a minim\u00e1ln\u00ed prostoje. Jeho <strong data-start=\"813\" data-end=\"843\">4\u00farov\u0148ov\u00e9 nastaviteln\u00e9 proud\u011bn\u00ed vzduchu<\/strong> umo\u017e\u0148uje u\u017eivatel\u016fm volit mezi t\u011bsn\u011bj\u0161\u00edmi MTL tahy nebo hlad\u0161\u00edmi, otev\u0159en\u00fdmi n\u00e1dechy, zat\u00edmco <strong data-start=\"922\" data-end=\"935\">mesh spir\u00e1lka<\/strong> zlep\u0161uje p\u0159enos chuti a hustotu par.<\/p>\n<p data-start=\"983\" data-end=\"1292\">Dostupn\u00e9 v <strong data-start=\"996\" data-end=\"1020\">mo\u017enosti s n\u00edzk\u00fdm obsahem nikotinu<\/strong>, <strong data-start=\"1026\" data-end=\"1049\">Vapsolo Super 15000<\/strong> je navr\u017een tak, aby vyhovoval r\u016fzn\u00fdm preferenc\u00edm. Kombinac\u00ed pokro\u010dil\u00fdch funkc\u00ed, odoln\u00e9 konstrukce a konkurenceschopn\u00e9ho <strong data-start=\"1159\" data-end=\"1180\">velkoobchodn\u00edmi cenami<\/strong>, je silnou volbou pro prodejce, distributory a velkoobchodn\u00edky hledaj\u00edc\u00ed vysoce \u017e\u00e1dan\u00e9 jednor\u00e1zov\u00e9 vaporiz\u00e9ry.<\/p>\n<p><strong>P\u0159idejte si Amyin Whatsapp, z\u00edskejte okam\u017eitou odpov\u011b\u010f a kup\u00f3n na vape!<\/strong><\/p>\n<p><img fetchpriority=\"high\" decoding=\"async\" class=\"size-full wp-image-2932\" src=\"https:\/\/vapestornado.com\/wp-content\/uploads\/2024\/12\/Vape-Wholesale.jpg\" alt=\"Velkoobchod s vape\" width=\"229\" height=\"300\" \/><\/p>\n<h3><a href=\"https:\/\/wa.me\/8617776015835\" target=\"_blank\" rel=\"noopener\"><span style=\"color: #ff0000;\"><strong>WhatsApp: +86 17776015835<\/strong><\/span><\/a><\/h3>\n<p>&nbsp;<\/p>\n<h2><strong>Vapsolo Super 15000 Vlastnosti produktu<\/strong><\/h2>\n<div role=\"article\" data-tabster=\"{&quot;groupper&quot;:{&quot;tabbability&quot;:2},&quot;focusable&quot;:{}}\" data-content=\"ai-message\" aria-labelledby=\"juhNTJ6o7Gk1cgwZMJgv2-author juhNTJ6o7Gk1cgwZMJgv2-content\">\n<div id=\"juhNTJ6o7Gk1cgwZMJgv2-content\">\n<div role=\"article\" data-tabster=\"{&quot;groupper&quot;:{&quot;tabbability&quot;:2},&quot;focusable&quot;:{}}\" data-content=\"ai-message\" aria-labelledby=\"x4EZuCZWrTbh3weWUt7CU-author x4EZuCZWrTbh3weWUt7CU-content\">\n<div id=\"x4EZuCZWrTbh3weWUt7CU-content\">\n<h3><\/h3>\n<ol>\n<li><strong>Kapacita 15 000 pot\u00e1hnut\u00ed:<\/strong> Dlouhotrvaj\u00edc\u00ed pou\u017eit\u00ed pro nep\u0159etr\u017eitou spokojenost.<\/li>\n<li><strong>25ml Z\u00e1sobn\u00edk na E-Liquid:<\/strong> Velk\u00e1 kapacita pro m\u00e9n\u011b dopl\u0148ov\u00e1n\u00ed a maxim\u00e1ln\u00ed pohodl\u00ed.<\/li>\n<li><strong>650mAh Dob\u00edjec\u00ed Baterie:<\/strong> Spolehliv\u00fd v\u00fdkon s rychl\u00fdm nab\u00edjen\u00edm Type-C.<\/li>\n<li><strong>4\u00farov\u0148ov\u00e9 Nastaviteln\u00e9 Proud\u011bn\u00ed Vzduchu:<\/strong> P\u0159izp\u016fsobiteln\u00e9 pot\u00e1hnut\u00ed pro vapov\u00e1n\u00ed na m\u00edru.<\/li>\n<li><strong>Technologie mesh spir\u00e1lky:<\/strong> Zvy\u0161uje chu\u0165 a poskytuje hladkou, konzistentn\u00ed p\u00e1ru.<\/li>\n<li><strong>Kompaktn\u00ed a P\u0159enosn\u00fd Design:<\/strong> Snadn\u00e9 no\u0161en\u00ed a pou\u017eit\u00ed kdekoli.<\/li>\n<li><strong>N\u00edzko Nikotinov\u00e9 Vape Mo\u017enosti:<\/strong> Ide\u00e1ln\u00ed pro ty, kte\u0159\u00ed hledaj\u00ed sn\u00ed\u017een\u00e9 hladiny nikotinu.<\/li>\n<li><strong>Dostupn\u00e9 Velkoobchodn\u00ed Ceny:<\/strong> Ide\u00e1ln\u00ed pro hromadn\u00e9 n\u00e1kupy a dal\u0161\u00ed prodej.<\/li>\n<li><strong>Odoln\u00e1 konstrukce:<\/strong> Navr\u017eeno pro dlouhodob\u00e9 pou\u017e\u00edv\u00e1n\u00ed bez kompromis\u016f v kvalit\u011b.<\/li>\n<li><strong>\u0160pi\u010dkov\u00e1 zna\u010dka jednor\u00e1zov\u00fdch vap\u016f:<\/strong> D\u016fv\u011bryhodn\u00e1 volba pro vysoce kvalitn\u00ed jednor\u00e1zov\u00e9 vapy.<\/li>\n<\/ol>\n<\/div>\n<\/div>\n<\/div>\n<\/div>\n<h2 class=\"product-title\"><strong>Seznam p\u0159\u00edchut\u00ed Vapsolo Super 15000 Puffs<\/strong><\/h2>\n<p>1. blue razz<br \/>\n2. bor\u016fvkov\u00fd led<br \/>\n3. dvojit\u00e9 jablko<br \/>\n4. melounov\u00fd led<br \/>\n5. jahodov\u00e9 kiwi<br \/>\n6. sm\u011bs bobul\u00ed<br \/>\n7. red bull<br \/>\n8. bor\u016fvka t\u0159e\u0161e\u0148 brusinka<br \/>\n9. citron limetka<br \/>\n10. skittles<br \/>\n11. Letn\u00ed sen<br \/>\n12. Jahoda ban\u00e1n<br \/>\n13. Malina Vodn\u00ed meloun<br \/>\n14. Bor\u016fvka T\u0159e\u0161e\u0148 Cola<br \/>\n15. \u010cern\u00fd led Dra\u010d\u00ed ovoce Jahoda<\/p>\n<h3>Pro\u010d si vybrat vapestornado pro velkoobchod s Vapsolo Super 15000 Puffs Vape?<\/h3>\n<div class=\"flex-shrink-0 flex flex-col relative items-end\">\n<div class=\"pt-0\">\n<div class=\"gizmo-bot-avatar flex h-8 w-8 items-center justify-center overflow-hidden rounded-full\">\n<div class=\"relative p-1 rounded-sm flex items-center justify-center bg-token-main-surface-primary text-token-text-primary h-8 w-8\">\n<p>V\u00edtejte ve vapestornado, va\u0161em d\u016fv\u011bryhodn\u00e9m online obchod\u011b s vapovac\u00edmi pot\u0159ebami pro pr\u00e9miov\u00e9 jednor\u00e1zov\u00e9 vapy. S v\u00edce ne\u017e 5let\u00fdmi zku\u0161enostmi v\u00e1m p\u0159in\u00e1\u0161\u00edme obl\u00edben\u00e9 zna\u010dky jednor\u00e1zov\u00fdch vape, jako jsou Fumot RandM Vape, <a href=\"https:\/\/vapestornado.com\/cs\/product\/vapme-crystal-7000-puffs-rechargeable-disposable-vape-wholesale-cheap-price\/\">Vapme<\/a>, Bang Vape, Waspe Vape a WGA Vape, atd.<\/p>\n<p>N\u00e1\u0161 sortiment zahrnuje \u017ehav\u00e9 vapy, jako je <a href=\"https:\/\/vapestornado.com\/cs\/product\/fumot-randm-tornado-15000-puffs-rechargeable-disposable-vape-wholesale\/\">RandM Tornado 15000<\/a>, a chu\u0165ov\u011b bohat\u00e9 varianty jako <a href=\"https:\/\/vapestornado.com\/cs\/product\/waspe-40000-puffs-double-flavour-led-display-disposable-vape-wholesale\/\">WASPE Dvojit\u00e1 p\u0159\u00edchu\u0165 40000 tah\u016f<\/a> . Ka\u017ed\u00fd produkt je vyb\u00edr\u00e1n s d\u016frazem na kvalitu, hodnotu a rozmanitost, abychom zajistili, \u017ee najdete to prav\u00e9 pro va\u0161e pot\u0159eby. Objevte v\u00fdjime\u010dn\u00e9 slu\u017eby a \u0161irokou \u0161k\u00e1lu \u0161pi\u010dkov\u00fdch produkt\u016f za velkoobchodn\u00ed ceny na vapestornado.<\/p>\n<\/div>\n<h3><\/h3>\n<div class=\"relative p-1 rounded-sm flex items-center justify-center bg-token-main-surface-primary text-token-text-primary h-8 w-8\">\n<h3>\u010cast\u00e9 dotazy pro jednor\u00e1zovou vapku Vapsolo Super 15000 Puff<\/h3>\n<\/div>\n<\/div>\n<\/div>\n<\/div>\n<div class=\"flex-shrink-0 flex flex-col relative items-end\">\n<div class=\"pt-0\">\n<div class=\"gizmo-bot-avatar flex h-8 w-8 items-center justify-center overflow-hidden rounded-full\">\n<div class=\"relative p-1 rounded-sm flex items-center justify-center bg-token-main-surface-primary text-token-text-primary h-8 w-8\">\n<div class=\"mb-2 flex gap-3 empty:hidden -ml-2\">\n<div role=\"article\" data-tabster=\"{&quot;groupper&quot;:{&quot;tabbability&quot;:2},&quot;focusable&quot;:{}}\" data-content=\"ai-message\" aria-labelledby=\"Vdt5ez4X7Tg813x6rFVha-author Vdt5ez4X7Tg813x6rFVha-content\">\n<div id=\"Vdt5ez4X7Tg813x6rFVha-content\">\n<div role=\"article\" data-tabster=\"{&quot;groupper&quot;:{&quot;tabbability&quot;:2},&quot;focusable&quot;:{}}\" data-content=\"ai-message\" aria-labelledby=\"o968oC7CEo2fGHsGdsRYC-author o968oC7CEo2fGHsGdsRYC-content\">\n<div id=\"o968oC7CEo2fGHsGdsRYC-content\">\n<h3><\/h3>\n<ol>\n<li><strong>Kolik pot\u00e1hnut\u00ed nab\u00edz\u00ed Vapsolo Super 15k?<\/strong><br \/>\nTen <strong>Vapsolo 15000<\/strong> poskytuje a\u017e <strong>15 000 pot\u00e1hnut\u00ed<\/strong>, d\u00edky \u010demu\u017e je vysoce odoln\u00fd a m\u00e1 dlouhou \u017eivotnost.<\/li>\n<li><strong>Mohu si p\u0159izp\u016fsobit proud vzduchu?<\/strong><br \/>\nAno, obsahuje <strong>4\u00farov\u0148ov\u00e9 nastaviteln\u00e9 proud\u011bn\u00ed vzduchu<\/strong>, co\u017e v\u00e1m umo\u017en\u00ed p\u0159izp\u016fsobit si tah podle va\u0161ich preferenc\u00ed.<\/li>\n<li><strong>Je Vapsolo Super 15000 dob\u00edjec\u00ed?<\/strong><br \/>\nAbsolutn\u011b! Dod\u00e1v\u00e1 se s <strong>650mAh dob\u00edjec\u00ed baterie<\/strong> a <strong>nab\u00edjec\u00edm portem typu C<\/strong> pro rychl\u00e9 dob\u00edjen\u00ed.<\/li>\n<li><strong>\u010c\u00edm je Vapsolo Super 15000 vhodn\u00fd pro velkoobchod?<\/strong><br \/>\nJeho <strong>n\u00edzk\u00e1 cena<\/strong>, vysok\u00fd po\u010det pot\u00e1hnut\u00ed a pr\u00e9miov\u00e9 funkce z n\u011bj \u010din\u00ed ide\u00e1ln\u00ed volbu pro <strong>velkoobchodn\u00ed jednor\u00e1zov\u00e9 vapky<\/strong> a hromadn\u00e9 odb\u011bratele.<\/li>\n<li><strong>Je Vapsolo Super 15000 dobrou volbou pro u\u017eivatele s n\u00edzk\u00fdm obsahem nikotinu?<\/strong><br \/>\nAno, tento <strong>jednor\u00e1zovou vapku s n\u00edzk\u00fdm obsahem nikotinu<\/strong> je ide\u00e1ln\u00ed pro u\u017eivatele, kte\u0159\u00ed hledaj\u00ed sn\u00ed\u017eenou hladinu nikotinu a z\u00e1rove\u0148 si u\u017e\u00edvaj\u00ed pr\u00e9miov\u00fd z\u00e1\u017eitek z vapingu.<\/li>\n<\/ol>\n<\/div>\n<\/div>\n<\/div>\n<\/div>\n<\/div>\n<\/div>\n<\/div>\n<\/div>\n<\/div>","protected":false},"excerpt":{"rendered":"<p>Vapsolo Super 15000 pot\u00e1hnut\u00ed 2% 5% N\u00edzk\u00fd obsah nikotinu Velkoobchodn\u00ed cena<br \/>\nVapsolo Super 15000 pot\u00e1hnut\u00ed Dob\u00edjec\u00ed jednor\u00e1zov\u00e1 vapka<br \/>\n\u010c\u00ednsk\u00e1 tov\u00e1rna Vapsolo 15000 pot\u00e1hnut\u00ed 2% 5% Jednor\u00e1zov\u00e1 vapka s n\u00edzk\u00fdm obsahem nikotinu<\/p>\n<p><strong>P\u0159idejte si Amy na WhatsApp pro rychlou odpov\u011b\u010f a kup\u00f3n na vapky!<\/strong><\/p>\n<p><img fetchpriority=\"high\" decoding=\"async\" class=\"size-full wp-image-2932\" src=\"https:\/\/vapestornado.com\/wp-content\/uploads\/2024\/12\/Vape-Wholesale.jpg\" alt=\"Velkoobchod s vape\" width=\"229\" height=\"300\" \/><\/p>\n<h3><a href=\"https:\/\/wa.me\/8617776015835\"><span style=\"color: #ff0000;\"><strong>WhatsApp: +86 17776015835<\/strong><\/span><\/a><\/h3>\n<p>&nbsp;<\/p>","protected":false},"featured_media":3189,"comment_status":"open","ping_status":"closed","template":"","meta":{"_acf_changed":false,"_uag_custom_page_level_css":"","_lmt_disableupdate":"no","_lmt_disable":"","_monsterinsights_skip_tracking":false,"_monsterinsights_sitenote_active":false,"_monsterinsights_sitenote_note":"","_monsterinsights_sitenote_category":0,"site-sidebar-layout":"default","site-content-layout":"","ast-site-content-layout":"default","site-content-style":"default","site-sidebar-style":"default","ast-global-header-display":"","ast-banner-title-visibility":"","ast-main-header-display":"","ast-hfb-above-header-display":"","ast-hfb-below-header-display":"","ast-hfb-mobile-header-display":"","site-post-title":"","ast-breadcrumbs-content":"","ast-featured-img":"","footer-sml-layout":"","ast-disable-related-posts":"","theme-transparent-header-meta":"default","adv-header-id-meta":"","stick-header-meta":"","header-above-stick-meta":"","header-main-stick-meta":"","header-below-stick-meta":"","astra-migrate-meta-layouts":"set","ast-page-background-enabled":"default","ast-page-background-meta":{"desktop":{"background-color":"","background-image":"","background-repeat":"repeat","background-position":"center center","background-size":"auto","background-attachment":"scroll","background-type":"","background-media":"","overlay-type":"","overlay-color":"","overlay-opacity":"","overlay-gradient":""},"tablet":{"background-color":"","background-image":"","background-repeat":"repeat","background-position":"center center","background-size":"auto","background-attachment":"scroll","background-type":"","background-media":"","overlay-type":"","overlay-color":"","overlay-opacity":"","overlay-gradient":""},"mobile":{"background-color":"","background-image":"","background-repeat":"repeat","background-position":"center center","background-size":"auto","background-attachment":"scroll","background-type":"","background-media":"","overlay-type":"","overlay-color":"","overlay-opacity":"","overlay-gradient":""}},"ast-content-background-meta":{"desktop":{"background-color":"var(--ast-global-color-5)","background-image":"","background-repeat":"repeat","background-position":"center center","background-size":"auto","background-attachment":"scroll","background-type":"","background-media":"","overlay-type":"","overlay-color":"","overlay-opacity":"","overlay-gradient":""},"tablet":{"background-color":"var(--ast-global-color-5)","background-image":"","background-repeat":"repeat","background-position":"center center","background-size":"auto","background-attachment":"scroll","background-type":"","background-media":"","overlay-type":"","overlay-color":"","overlay-opacity":"","overlay-gradient":""},"mobile":{"background-color":"var(--ast-global-color-5)","background-image":"","background-repeat":"repeat","background-position":"center center","background-size":"auto","background-attachment":"scroll","background-type":"","background-media":"","overlay-type":"","overlay-color":"","overlay-opacity":"","overlay-gradient":""}},"_joinchat":{"telephone":"+8617776015835"}},"product_brand":[],"product_cat":[71,140,157,159,143,146,171],"product_tag":[165,97,166,94,139,168,167],"class_list":{"0":"post-3179","1":"product","2":"type-product","3":"status-publish","4":"has-post-thumbnail","6":"product_cat-15000-puff","7":"product_cat-big-puffs-disposable-vapes","8":"product_cat-buy-disposable-vapes-in-portugal","9":"product_cat-buy-disposable-vapes-in-sweden","10":"product_cat-dual-mesh-disposable-vapes","11":"product_cat-rechargeable-disposable-vapes","12":"product_cat-vapsolo-disposable-vapes","13":"product_tag-cheap-vapes","14":"product_tag-hot-sale-disposable-vape","15":"product_tag-low-nicotine-vape","16":"product_tag-rechargeable-disposable-vape","17":"product_tag-vapsolo","18":"product_tag-vapsolo-15000","19":"product_tag-vapsolo-super-15000","20":"desktop-align-left","21":"tablet-align-left","22":"mobile-align-left","24":"first","25":"instock","26":"sale","27":"shipping-taxable","28":"purchasable","29":"product-type-simple"},"acf":[],"uagb_featured_image_src":{"full":["https:\/\/vapestornado.com\/wp-content\/uploads\/2024\/12\/Vapsolo-Super-15000-Puffs-Disposable-Vapes-Bulk-Buy.jpg",1713,1713,false],"thumbnail":["https:\/\/vapestornado.com\/wp-content\/uploads\/2024\/12\/Vapsolo-Super-15000-Puffs-Disposable-Vapes-Bulk-Buy-150x150.jpg",150,150,true],"medium":["https:\/\/vapestornado.com\/wp-content\/uploads\/2024\/12\/Vapsolo-Super-15000-Puffs-Disposable-Vapes-Bulk-Buy-300x300.jpg",300,300,true],"medium_large":["https:\/\/vapestornado.com\/wp-content\/uploads\/2024\/12\/Vapsolo-Super-15000-Puffs-Disposable-Vapes-Bulk-Buy-768x768.jpg",768,768,true],"large":["https:\/\/vapestornado.com\/wp-content\/uploads\/2024\/12\/Vapsolo-Super-15000-Puffs-Disposable-Vapes-Bulk-Buy-1024x1024.jpg",1024,1024,true],"1536x1536":["https:\/\/vapestornado.com\/wp-content\/uploads\/2024\/12\/Vapsolo-Super-15000-Puffs-Disposable-Vapes-Bulk-Buy-1536x1536.jpg",1536,1536,true],"2048x2048":["https:\/\/vapestornado.com\/wp-content\/uploads\/2024\/12\/Vapsolo-Super-15000-Puffs-Disposable-Vapes-Bulk-Buy.jpg",1713,1713,false],"trp-custom-language-flag":["https:\/\/vapestornado.com\/wp-content\/uploads\/2024\/12\/Vapsolo-Super-15000-Puffs-Disposable-Vapes-Bulk-Buy.jpg",12,12,false],"woocommerce_thumbnail":["https:\/\/vapestornado.com\/wp-content\/uploads\/2024\/12\/Vapsolo-Super-15000-Puffs-Disposable-Vapes-Bulk-Buy-300x300.jpg",300,300,true],"woocommerce_single":["https:\/\/vapestornado.com\/wp-content\/uploads\/2024\/12\/Vapsolo-Super-15000-Puffs-Disposable-Vapes-Bulk-Buy-600x600.jpg",600,600,true],"woocommerce_gallery_thumbnail":["https:\/\/vapestornado.com\/wp-content\/uploads\/2024\/12\/Vapsolo-Super-15000-Puffs-Disposable-Vapes-Bulk-Buy-100x100.jpg",100,100,true]},"uagb_author_info":{"display_name":"ESAMY","author_link":"https:\/\/vapestornado.com\/cs\/author\/"},"uagb_comment_info":0,"uagb_excerpt":"Vapsolo Super 15000 Puffs 2% 5% Low Nicotine Bulk Buy Price Vapsolo Super 15000 Puffs Rechargeable Disposable Vape China Factory Vapsolo 15000 Puffs 2% 5% Low Nicotine Disposable Vape Add Amy's whatsapp get right reply and vape vape coupon! WhatsApp: +86 17776015835 &nbsp;","_links":{"self":[{"href":"https:\/\/vapestornado.com\/cs\/wp-json\/wp\/v2\/product\/3179","targetHints":{"allow":["GET"]}}],"collection":[{"href":"https:\/\/vapestornado.com\/cs\/wp-json\/wp\/v2\/product"}],"about":[{"href":"https:\/\/vapestornado.com\/cs\/wp-json\/wp\/v2\/types\/product"}],"replies":[{"embeddable":true,"href":"https:\/\/vapestornado.com\/cs\/wp-json\/wp\/v2\/comments?post=3179"}],"wp:featuredmedia":[{"embeddable":true,"href":"https:\/\/vapestornado.com\/cs\/wp-json\/wp\/v2\/media\/3189"}],"wp:attachment":[{"href":"https:\/\/vapestornado.com\/cs\/wp-json\/wp\/v2\/media?parent=3179"}],"wp:term":[{"taxonomy":"product_brand","embeddable":true,"href":"https:\/\/vapestornado.com\/cs\/wp-json\/wp\/v2\/product_brand?post=3179"},{"taxonomy":"product_cat","embeddable":true,"href":"https:\/\/vapestornado.com\/cs\/wp-json\/wp\/v2\/product_cat?post=3179"},{"taxonomy":"product_tag","embeddable":true,"href":"https:\/\/vapestornado.com\/cs\/wp-json\/wp\/v2\/product_tag?post=3179"}],"curies":[{"name":"wp","href":"https:\/\/api.w.org\/{rel}","templated":true}]}}