{"id":3178,"date":"2024-12-16T02:59:47","date_gmt":"2024-12-16T02:59:47","guid":{"rendered":"https:\/\/vapestornado.com\/?post_type=product&#038;p=3178"},"modified":"2025-08-23T09:55:35","modified_gmt":"2025-08-23T09:55:35","slug":"waspe-15000-puffs-low-nicotine-tornado-vape-bulk-buy-cheap-price","status":"publish","type":"product","link":"https:\/\/vapestornado.com\/cs\/product\/waspe-15000-puffs-low-nicotine-tornado-vape-bulk-buy-cheap-price\/","title":{"rendered":"Waspe 15000 pota\u017een\u00ed, n\u00edzk\u00fd obsah nikotinu, Tornado Vape, hromadn\u00fd n\u00e1kup, levn\u00e1 cena"},"content":{"rendered":"<h1 class=\"product-title\">Waspe 15000 pota\u017een\u00ed, n\u00edzk\u00fd obsah nikotinu, Tornado Vape, hromadn\u00fd n\u00e1kup, levn\u00e1 cena<\/h1>\n<p data-start=\"297\" data-end=\"604\">he <strong data-start=\"301\" data-end=\"346\">Jednor\u00e1zov\u00e1 elektronick\u00e1 cigareta Waspe 15000 Puffs Tornado<\/strong> kombinuje prodlou\u017eenou kapacitu, pohodl\u00ed a pokro\u010dil\u00e9 funkce, co\u017e z n\u00ed \u010din\u00ed skv\u011blou volbu pro jednotliv\u00e9 u\u017eivatele i velkoobchodn\u00ed kupuj\u00edc\u00ed. S a\u017e <strong data-start=\"496\" data-end=\"512\">15 000 pot\u00e1hnut\u00ed<\/strong> a kompaktn\u00edm designem poskytuje dlouhotrvaj\u00edc\u00ed v\u00fdkon bez \u010dast\u00fdch v\u00fdm\u011bn.<\/p>\n<p data-start=\"606\" data-end=\"854\">Vybaveno <strong data-start=\"622\" data-end=\"642\">LED displej<\/strong>, u\u017eivatel\u00e9 mohou v re\u00e1ln\u00e9m \u010dase sledovat po\u010det pot\u00e1hnut\u00ed a \u017eivotnost baterie. Syst\u00e9m <strong data-start=\"708\" data-end=\"726\">0,8\u03a9 mesh spir\u00e1lka<\/strong> zlep\u0161uje dod\u00e1v\u00e1n\u00ed chuti a produkci p\u00e1ry, zat\u00edmco <strong data-start=\"784\" data-end=\"808\">Rychl\u00e9 nab\u00edjen\u00ed Type-C<\/strong> zaji\u0161\u0165uje rychl\u00e9 dob\u00edjen\u00ed pro nep\u0159etr\u017eit\u00e9 pou\u017e\u00edv\u00e1n\u00ed.<\/p>\n<p data-start=\"856\" data-end=\"1111\">Dostupn\u00e9 v <strong data-start=\"869\" data-end=\"910\">0%, 2%, 3% a 5%<\/strong>, tento <strong data-start=\"917\" data-end=\"938\">e-cigaretu s n\u00edzk\u00fdm obsahem nikotinu<\/strong> vyhovuje \u0161irok\u00e9 \u0161k\u00e1le preferenc\u00ed. Pro velkoobchodn\u00edky a hromadn\u00e9 kupuj\u00edc\u00ed, <strong data-start=\"1015\" data-end=\"1033\">Waspe 15K Vaporiz\u00e9r<\/strong> nab\u00edz\u00ed konkurenceschopn\u00e9 ceny, spolehliv\u00fd v\u00fdkon a silnou popt\u00e1vku na trhu.<\/p>\n<p><strong>P\u0159idejte si Amyin Whatsapp, z\u00edskejte okam\u017eitou odpov\u011b\u010f a kup\u00f3n na vape!<\/strong><\/p>\n<p><img fetchpriority=\"high\" decoding=\"async\" class=\"size-full wp-image-2932\" src=\"https:\/\/vapestornado.com\/wp-content\/uploads\/2024\/12\/Vape-Wholesale.jpg\" alt=\"Velkoobchod s vape\" width=\"229\" height=\"300\" \/><\/p>\n<h3><a href=\"https:\/\/wa.me\/8617776015835\" target=\"_blank\" rel=\"noopener\"><span style=\"color: #ff0000;\"><strong>WhatsApp: +86 17776015835<\/strong><\/span><\/a><\/h3>\n<p>&nbsp;<\/p>\n<h2><strong>Vlastnosti produktu Waspe 15000 Puffs<\/strong><\/h2>\n<div role=\"article\" data-tabster=\"{&quot;groupper&quot;:{&quot;tabbability&quot;:2},&quot;focusable&quot;:{}}\" data-content=\"ai-message\" aria-labelledby=\"juhNTJ6o7Gk1cgwZMJgv2-author juhNTJ6o7Gk1cgwZMJgv2-content\">\n<div id=\"juhNTJ6o7Gk1cgwZMJgv2-content\">\n<div role=\"article\" data-tabster=\"{&quot;groupper&quot;:{&quot;tabbability&quot;:2},&quot;focusable&quot;:{}}\" data-content=\"ai-message\" aria-labelledby=\"x4EZuCZWrTbh3weWUt7CU-author x4EZuCZWrTbh3weWUt7CU-content\">\n<div id=\"x4EZuCZWrTbh3weWUt7CU-content\">\n<ul>\n<li><strong>Vlastn\u00ed mo\u017enosti nikotinu:<\/strong> Vyberte si mezi 0%, 2%, 3% nebo 5% nikotinu pro z\u00e1\u017eitek na m\u00edru.<\/li>\n<li><strong>Prodlou\u017een\u00e1 kapacita pot\u00e1hnut\u00ed:<\/strong> A\u017e 15 000 pot\u00e1hnut\u00ed s velkou n\u00e1dr\u017ekou na e-liquid o objemu 22 ml.<\/li>\n<li><strong>LED displej:<\/strong> P\u0159ehledn\u00fd displej zobrazuje \u017eivotnost baterie a po\u010det pot\u00e1hnut\u00ed.<\/li>\n<li><strong>Rychl\u00e9 nab\u00edjen\u00ed:<\/strong> Port Type-C pro rychl\u00e9 a pohodln\u00e9 nab\u00edjen\u00ed.<\/li>\n<li><strong>Technologie mesh spir\u00e1lky:<\/strong> 0,8\u03a9 spir\u00e1lka zaji\u0161\u0165uje bohatou chu\u0165 a hladkou p\u00e1ru.<\/li>\n<li><strong>P\u0159enosn\u00fd a elegantn\u00ed design:<\/strong> Kompaktn\u00ed a stylov\u00fd pro pou\u017eit\u00ed na cest\u00e1ch.<\/li>\n<li><strong>Vape s n\u00edzk\u00fdm obsahem nikotinu:<\/strong> Ide\u00e1ln\u00ed pro ty, kte\u0159\u00ed hledaj\u00ed mo\u017enosti se sn\u00ed\u017een\u00fdm obsahem nikotinu.<\/li>\n<li><strong>P\u0159\u00e1telsk\u00e9 pro velkoobchod s vape:<\/strong> Mo\u017enosti hromadn\u00e9ho n\u00e1kupu pro maloobchodn\u00edky za konkurenceschopn\u00e9 ceny.<\/li>\n<li><strong>Odoln\u00e1 konstrukce:<\/strong> Navr\u017eeno pro spolehlivost a dlouhodob\u00fd v\u00fdkon.<\/li>\n<li><strong>Cenov\u011b dostupn\u00e1 kvalita:<\/strong> A <strong>levnou vape<\/strong> s pr\u00e9miov\u00fdmi funkcemi.<\/li>\n<\/ul>\n<\/div>\n<\/div>\n<\/div>\n<\/div>\n<h2 class=\"product-title\"><strong>Seznam p\u0159\u00edchut\u00ed Waspe Tornado 15000 Puffs<\/strong><\/h2>\n<p>1 Melounov\u00fd led<br \/>\n2 Jahodov\u00fd meloun<br \/>\n3 Pomeran\u010dov\u00e1 limon\u00e1da<br \/>\n4 Dvojit\u00e9 jablko<br \/>\n5 Jahoda kiwi<br \/>\n6 T\u0159e\u0161e\u0148<br \/>\n7 Hrozen<br \/>\n8 Sm\u00ed\u0161en\u00e9 bobule<br \/>\n9 Bor\u016fvkov\u00e1 ledov\u00e1<br \/>\n10 Jahoda mango<br \/>\n11 Modr\u00e1 malina citron<br \/>\n12 Broskvov\u00e1 ledov\u00e1<\/p>\n<h3>Pro\u010d si vybrat vapestornado pro velkoobchodn\u00ed prodej Waspe 15k Puffs Vape?<\/h3>\n<div class=\"flex-shrink-0 flex flex-col relative items-end\">\n<div class=\"pt-0\">\n<div class=\"gizmo-bot-avatar flex h-8 w-8 items-center justify-center overflow-hidden rounded-full\">\n<div class=\"relative p-1 rounded-sm flex items-center justify-center bg-token-main-surface-primary text-token-text-primary h-8 w-8\">\n<p>V\u00edtejte ve vapestornado, va\u0161em d\u016fv\u011bryhodn\u00e9m online obchod\u011b s vapovac\u00edmi pot\u0159ebami pro pr\u00e9miov\u00e9 jednor\u00e1zov\u00e9 vapy. S v\u00edce ne\u017e 5let\u00fdmi zku\u0161enostmi v\u00e1m p\u0159in\u00e1\u0161\u00edme obl\u00edben\u00e9 zna\u010dky jednor\u00e1zov\u00fdch vape, jako jsou Fumot RandM Vape, <a href=\"https:\/\/vapestornado.com\/cs\/product\/vapme-crystal-7000-puffs-rechargeable-disposable-vape-wholesale-cheap-price\/\">Vapme<\/a>, Bang Vape, Waspe Vape a WGA Vape, atd.<\/p>\n<p>N\u00e1\u0161 sortiment zahrnuje \u017ehav\u00e9 vapy, jako je <a href=\"https:\/\/vapestornado.com\/cs\/product\/fumot-randm-tornado-15000-puffs-rechargeable-disposable-vape-wholesale\/\">RandM Tornado 15000<\/a>, a chu\u0165ov\u011b bohat\u00e9 varianty jako <a href=\"https:\/\/vapestornado.com\/cs\/product\/waspe-40000-puffs-double-flavour-led-display-disposable-vape-wholesale\/\">WASPE Dvojit\u00e1 p\u0159\u00edchu\u0165 40000 tah\u016f<\/a> . Ka\u017ed\u00fd produkt je vyb\u00edr\u00e1n s d\u016frazem na kvalitu, hodnotu a rozmanitost, abychom zajistili, \u017ee najdete to prav\u00e9 pro va\u0161e pot\u0159eby. Objevte v\u00fdjime\u010dn\u00e9 slu\u017eby a \u0161irokou \u0161k\u00e1lu \u0161pi\u010dkov\u00fdch produkt\u016f za velkoobchodn\u00ed ceny na vapestornado.<\/p>\n<\/div>\n<h3><\/h3>\n<div class=\"relative p-1 rounded-sm flex items-center justify-center bg-token-main-surface-primary text-token-text-primary h-8 w-8\">\n<h3>\u010casto kladen\u00e9 dotazy k jednor\u00e1zov\u00e9mu vapu Waspe 15000 Puffs<\/h3>\n<\/div>\n<\/div>\n<\/div>\n<\/div>\n<div class=\"flex-shrink-0 flex flex-col relative items-end\">\n<div class=\"pt-0\">\n<div class=\"gizmo-bot-avatar flex h-8 w-8 items-center justify-center overflow-hidden rounded-full\">\n<div class=\"relative p-1 rounded-sm flex items-center justify-center bg-token-main-surface-primary text-token-text-primary h-8 w-8\">\n<div class=\"mb-2 flex gap-3 empty:hidden -ml-2\">\n<div role=\"article\" data-tabster=\"{&quot;groupper&quot;:{&quot;tabbability&quot;:2},&quot;focusable&quot;:{}}\" data-content=\"ai-message\" aria-labelledby=\"Vdt5ez4X7Tg813x6rFVha-author Vdt5ez4X7Tg813x6rFVha-content\">\n<div id=\"Vdt5ez4X7Tg813x6rFVha-content\">\n<div role=\"article\" data-tabster=\"{&quot;groupper&quot;:{&quot;tabbability&quot;:2},&quot;focusable&quot;:{}}\" data-content=\"ai-message\" aria-labelledby=\"o968oC7CEo2fGHsGdsRYC-author o968oC7CEo2fGHsGdsRYC-content\">\n<div id=\"o968oC7CEo2fGHsGdsRYC-content\">\n<h3><\/h3>\n<ol>\n<li><strong>Jak\u00e1 je kapacita pot\u00e1hnut\u00ed Waspe 15000?<\/strong><br \/>\nTen <strong>Tornado 15000<\/strong> nab\u00edz\u00ed a\u017e <strong>15 000 pot\u00e1hnut\u00ed<\/strong> s velkou kapacitou 22 ml e-liquidu.<\/li>\n<li><strong>Mohu upravit hladinu nikotinu?<\/strong><br \/>\nAno, m\u016f\u017eete si vybrat z <strong>koncentrac\u00ed nikotinu 0%, 2%, 3% nebo 5%<\/strong> pro personalizovan\u00fd z\u00e1\u017eitek z vapingu.<\/li>\n<li><strong>Podporuje Waspe 15000 rychl\u00e9 nab\u00edjen\u00ed?<\/strong><br \/>\nRozhodn\u011b! Je vybaveno s <strong>nab\u00edjec\u00edm portem typu C<\/strong> pro rychl\u00e9 a efektivn\u00ed nab\u00edjen\u00ed.<\/li>\n<li><strong>Co d\u011bl\u00e1 Waspe 15000 ide\u00e1ln\u00edm pro velkoobchod?<\/strong><br \/>\nJeho <strong>n\u00edzk\u00e1 cena<\/strong>, vysok\u00e1 popt\u00e1vka a pr\u00e9miov\u00e9 funkce jej d\u011blaj\u00ed ide\u00e1ln\u00edm pro <strong>velkoobchodn\u00ed ceny<\/strong> a hromadn\u00e9 odb\u011bratele.<\/li>\n<li><strong>Je Waspe 15000 vhodn\u00fd pro u\u017eivatele s n\u00edzk\u00fdm obsahem nikotinu?<\/strong><br \/>\nAno, je navr\u017een jako <strong>e-cigaretu s n\u00edzk\u00fdm obsahem nikotinu<\/strong>, co\u017e jej \u010din\u00ed ide\u00e1ln\u00edm pro u\u017eivatele, kte\u0159\u00ed hledaj\u00ed mo\u017enosti se sn\u00ed\u017een\u00fdm obsahem nikotinu.<\/li>\n<\/ol>\n<\/div>\n<\/div>\n<\/div>\n<\/div>\n<\/div>\n<\/div>\n<\/div>\n<\/div>\n<\/div>","protected":false},"excerpt":{"rendered":"<p>Velkoobchodn\u00ed jednor\u00e1zov\u00e1 e-cigareta Vapsolo DG 18000 s chytrou obrazovkou<br \/>\nVapsolo DG 18000 pot\u00e1hnut\u00ed 2% 5% N\u00edzko nikotinov\u00e9 e-cigarety pro hromadn\u00fd n\u00e1kup<br \/>\nVapsolo DG18000 pot\u00e1hnut\u00ed 2% 5% N\u00edzko nikotinov\u00e1 dob\u00edjec\u00ed jednor\u00e1zov\u00e1 e-cigareta<\/p>\n<p><strong>P\u0159idejte si Amy na WhatsApp pro rychlou odpov\u011b\u010f a kup\u00f3n na vapky!<\/strong><\/p>\n<p><img fetchpriority=\"high\" decoding=\"async\" class=\"size-full wp-image-2932\" src=\"https:\/\/vapestornado.com\/wp-content\/uploads\/2024\/12\/Vape-Wholesale.jpg\" alt=\"Velkoobchod s vape\" width=\"229\" height=\"300\" \/><\/p>\n<h3><a href=\"https:\/\/wa.me\/8617776015835\"><span style=\"color: #ff0000;\"><strong>WhatsApp: +86 17776015835<\/strong><\/span><\/a><\/h3>\n<p>&nbsp;<\/p>","protected":false},"featured_media":3184,"comment_status":"open","ping_status":"closed","template":"","meta":{"_acf_changed":false,"_uag_custom_page_level_css":"","_lmt_disableupdate":"no","_lmt_disable":"","_monsterinsights_skip_tracking":false,"_monsterinsights_sitenote_active":false,"_monsterinsights_sitenote_note":"","_monsterinsights_sitenote_category":0,"site-sidebar-layout":"default","site-content-layout":"","ast-site-content-layout":"default","site-content-style":"default","site-sidebar-style":"default","ast-global-header-display":"","ast-banner-title-visibility":"","ast-main-header-display":"","ast-hfb-above-header-display":"","ast-hfb-below-header-display":"","ast-hfb-mobile-header-display":"","site-post-title":"","ast-breadcrumbs-content":"","ast-featured-img":"","footer-sml-layout":"","ast-disable-related-posts":"","theme-transparent-header-meta":"default","adv-header-id-meta":"","stick-header-meta":"","header-above-stick-meta":"","header-main-stick-meta":"","header-below-stick-meta":"","astra-migrate-meta-layouts":"set","ast-page-background-enabled":"default","ast-page-background-meta":{"desktop":{"background-color":"","background-image":"","background-repeat":"repeat","background-position":"center center","background-size":"auto","background-attachment":"scroll","background-type":"","background-media":"","overlay-type":"","overlay-color":"","overlay-opacity":"","overlay-gradient":""},"tablet":{"background-color":"","background-image":"","background-repeat":"repeat","background-position":"center center","background-size":"auto","background-attachment":"scroll","background-type":"","background-media":"","overlay-type":"","overlay-color":"","overlay-opacity":"","overlay-gradient":""},"mobile":{"background-color":"","background-image":"","background-repeat":"repeat","background-position":"center center","background-size":"auto","background-attachment":"scroll","background-type":"","background-media":"","overlay-type":"","overlay-color":"","overlay-opacity":"","overlay-gradient":""}},"ast-content-background-meta":{"desktop":{"background-color":"var(--ast-global-color-5)","background-image":"","background-repeat":"repeat","background-position":"center center","background-size":"auto","background-attachment":"scroll","background-type":"","background-media":"","overlay-type":"","overlay-color":"","overlay-opacity":"","overlay-gradient":""},"tablet":{"background-color":"var(--ast-global-color-5)","background-image":"","background-repeat":"repeat","background-position":"center center","background-size":"auto","background-attachment":"scroll","background-type":"","background-media":"","overlay-type":"","overlay-color":"","overlay-opacity":"","overlay-gradient":""},"mobile":{"background-color":"var(--ast-global-color-5)","background-image":"","background-repeat":"repeat","background-position":"center center","background-size":"auto","background-attachment":"scroll","background-type":"","background-media":"","overlay-type":"","overlay-color":"","overlay-opacity":"","overlay-gradient":""}},"_joinchat":{"telephone":"+8617776015835"}},"product_brand":[],"product_cat":[71,152,160,142,144,148,60],"product_tag":[97,94,114,164,163],"class_list":{"0":"post-3178","1":"product","2":"type-product","3":"status-publish","4":"has-post-thumbnail","6":"product_cat-15000-puff","7":"product_cat-buy-disposable-vapes-in-cermany","8":"product_cat-buy-disposable-vapes-in-switzerland","9":"product_cat-digital-box-disposable-vapes","10":"product_cat-low-nicotine-disposable-vapes","11":"product_cat-tornado-disposable-vapes","12":"product_cat-waspe-fihp-vape","13":"product_tag-hot-sale-disposable-vape","14":"product_tag-rechargeable-disposable-vape","15":"product_tag-tornado-vape","16":"product_tag-waspe-15000","17":"product_tag-waspe-vape","18":"desktop-align-left","19":"tablet-align-left","20":"mobile-align-left","22":"first","23":"instock","24":"sale","25":"shipping-taxable","26":"purchasable","27":"product-type-simple"},"acf":[],"uagb_featured_image_src":{"full":["https:\/\/vapestornado.com\/wp-content\/uploads\/2024\/12\/WASPE-15000-Puffs-Disposable-Vape.jpg",1713,1713,false],"thumbnail":["https:\/\/vapestornado.com\/wp-content\/uploads\/2024\/12\/WASPE-15000-Puffs-Disposable-Vape-150x150.jpg",150,150,true],"medium":["https:\/\/vapestornado.com\/wp-content\/uploads\/2024\/12\/WASPE-15000-Puffs-Disposable-Vape-300x300.jpg",300,300,true],"medium_large":["https:\/\/vapestornado.com\/wp-content\/uploads\/2024\/12\/WASPE-15000-Puffs-Disposable-Vape-768x768.jpg",768,768,true],"large":["https:\/\/vapestornado.com\/wp-content\/uploads\/2024\/12\/WASPE-15000-Puffs-Disposable-Vape-1024x1024.jpg",1024,1024,true],"1536x1536":["https:\/\/vapestornado.com\/wp-content\/uploads\/2024\/12\/WASPE-15000-Puffs-Disposable-Vape-1536x1536.jpg",1536,1536,true],"2048x2048":["https:\/\/vapestornado.com\/wp-content\/uploads\/2024\/12\/WASPE-15000-Puffs-Disposable-Vape.jpg",1713,1713,false],"trp-custom-language-flag":["https:\/\/vapestornado.com\/wp-content\/uploads\/2024\/12\/WASPE-15000-Puffs-Disposable-Vape.jpg",12,12,false],"woocommerce_thumbnail":["https:\/\/vapestornado.com\/wp-content\/uploads\/2024\/12\/WASPE-15000-Puffs-Disposable-Vape-300x300.jpg",300,300,true],"woocommerce_single":["https:\/\/vapestornado.com\/wp-content\/uploads\/2024\/12\/WASPE-15000-Puffs-Disposable-Vape-600x600.jpg",600,600,true],"woocommerce_gallery_thumbnail":["https:\/\/vapestornado.com\/wp-content\/uploads\/2024\/12\/WASPE-15000-Puffs-Disposable-Vape-100x100.jpg",100,100,true]},"uagb_author_info":{"display_name":"ESAMY","author_link":"https:\/\/vapestornado.com\/cs\/author\/"},"uagb_comment_info":0,"uagb_excerpt":"Vapsolo DG 18000 Smart Screen Wholesale Disposable Vape Vapsolo DG 18000 Puffs 2% 5% Low Nicotine Bulk Buy Vapes Vapsolo DG18000 Puffs 2% 5% Low Nicotine Rechargeable Disposable Vape Add Amy's whatsapp get right reply and vape vape coupon! WhatsApp: +86 17776015835 &nbsp;","_links":{"self":[{"href":"https:\/\/vapestornado.com\/cs\/wp-json\/wp\/v2\/product\/3178","targetHints":{"allow":["GET"]}}],"collection":[{"href":"https:\/\/vapestornado.com\/cs\/wp-json\/wp\/v2\/product"}],"about":[{"href":"https:\/\/vapestornado.com\/cs\/wp-json\/wp\/v2\/types\/product"}],"replies":[{"embeddable":true,"href":"https:\/\/vapestornado.com\/cs\/wp-json\/wp\/v2\/comments?post=3178"}],"wp:featuredmedia":[{"embeddable":true,"href":"https:\/\/vapestornado.com\/cs\/wp-json\/wp\/v2\/media\/3184"}],"wp:attachment":[{"href":"https:\/\/vapestornado.com\/cs\/wp-json\/wp\/v2\/media?parent=3178"}],"wp:term":[{"taxonomy":"product_brand","embeddable":true,"href":"https:\/\/vapestornado.com\/cs\/wp-json\/wp\/v2\/product_brand?post=3178"},{"taxonomy":"product_cat","embeddable":true,"href":"https:\/\/vapestornado.com\/cs\/wp-json\/wp\/v2\/product_cat?post=3178"},{"taxonomy":"product_tag","embeddable":true,"href":"https:\/\/vapestornado.com\/cs\/wp-json\/wp\/v2\/product_tag?post=3178"}],"curies":[{"name":"wp","href":"https:\/\/api.w.org\/{rel}","templated":true}]}}