{"id":3177,"date":"2024-12-16T02:49:21","date_gmt":"2024-12-16T02:49:21","guid":{"rendered":"https:\/\/vapestornado.com\/?post_type=product&#038;p=3177"},"modified":"2025-08-23T09:58:57","modified_gmt":"2025-08-23T09:58:57","slug":"vapsolo-dg-18000-puffs-smart-screen-wholesale-disposable-cheap-vapes","status":"publish","type":"product","link":"https:\/\/vapestornado.com\/cs\/product\/vapsolo-dg-18000-puffs-smart-screen-wholesale-disposable-cheap-vapes\/","title":{"rendered":"Vapsolo DG 18000 pot\u00e1hnut\u00ed Chytr\u00fd displej Velkoobchodn\u00ed jednor\u00e1zov\u00e9 levn\u00e9 vape"},"content":{"rendered":"<h1 class=\"product-title\">Vapsolo DG 18000 pot\u00e1hnut\u00ed Chytr\u00fd displej Velkoobchodn\u00ed jednor\u00e1zov\u00e9 levn\u00e9 vape<\/h1>\n<p>Ten <strong>Vapsolo DG 18000 pot\u00e1hnut\u00ed Chytr\u00e1 obrazovka Jednor\u00e1zov\u00e9 levn\u00e9 e-cigarety<\/strong>\u00a0p\u0159edefinuje pohodl\u00ed a v\u00fdkon p\u0159i vapov\u00e1n\u00ed. S masivn\u00ed <strong>kapacitou 18 000 pot\u00e1hnut\u00ed<\/strong>, tento <strong>jednor\u00e1zov\u00e1 vapa<\/strong> pero nab\u00edz\u00ed bezkonkuren\u010dn\u00ed \u017eivotnost a kvalitu, co\u017e z n\u011bj \u010din\u00ed <strong>hork\u00e1 novinka v oblasti vapingu<\/strong> na trhu. Navr\u017eeno s <strong>chytrou obrazovkou<\/strong>, kter\u00e1 v\u00e1s informuje o \u017eivotnosti baterie a statistik\u00e1ch pou\u017e\u00edv\u00e1n\u00ed, zat\u00edmco <strong>Nastaviteln\u00fd pr\u016ftok vzduchu<\/strong> umo\u017e\u0148uje personalizovan\u00e9 vapov\u00e1n\u00ed. Re\u017eim <strong>Chytr\u00fd re\u017eim<\/strong> automaticky optimalizuje nastaven\u00ed pro snadn\u00e9 vapov\u00e1n\u00ed, zat\u00edmco re\u017eim <strong>Re\u017eim zv\u00fd\u0161en\u00ed v\u00fdkonu<\/strong> poskytuje intenzivn\u00ed z\u00e1sah pro nad\u0161ence do chuti. Poh\u00e1n\u011bno <strong>650mAh dob\u00edjec\u00ed baterie<\/strong> s rychl\u00fdm nab\u00edjen\u00edm Type-C, je toto za\u0159\u00edzen\u00ed ide\u00e1ln\u00ed pro u\u017eivatele, kte\u0159\u00ed hledaj\u00ed efektivitu a v\u00fdkon. Hromadn\u00ed kupuj\u00edc\u00ed t\u011b\u017e\u00ed z konkuren\u010dn\u00edch <strong>velkoobchodn\u00ed ceny<\/strong> cen, co\u017e z n\u011bj \u010din\u00ed vynikaj\u00edc\u00ed volbu pro <strong>velkoobchod Vapsolo<\/strong>.<\/p>\n<p><strong>P\u0159idejte si Amyin Whatsapp, z\u00edskejte okam\u017eitou odpov\u011b\u010f a kup\u00f3n na vape!<\/strong><\/p>\n<p><img fetchpriority=\"high\" decoding=\"async\" class=\"size-full wp-image-2932\" src=\"https:\/\/vapestornado.com\/wp-content\/uploads\/2024\/12\/Vape-Wholesale.jpg\" alt=\"Velkoobchod s vape\" width=\"229\" height=\"300\" \/><\/p>\n<h3><a href=\"https:\/\/wa.me\/8617776015835\" target=\"_blank\" rel=\"noopener\"><span style=\"color: #ff0000;\"><strong>WhatsApp: +86 17776015835<\/strong><\/span><\/a><\/h3>\n<p>&nbsp;<\/p>\n<h2><strong>Vapsolo DG 18000 Vlastnosti produktu<\/strong><\/h2>\n<div role=\"article\" data-tabster=\"{&quot;groupper&quot;:{&quot;tabbability&quot;:2},&quot;focusable&quot;:{}}\" data-content=\"ai-message\" aria-labelledby=\"juhNTJ6o7Gk1cgwZMJgv2-author juhNTJ6o7Gk1cgwZMJgv2-content\">\n<div id=\"juhNTJ6o7Gk1cgwZMJgv2-content\">\n<div role=\"article\" data-tabster=\"{&quot;groupper&quot;:{&quot;tabbability&quot;:2},&quot;focusable&quot;:{}}\" data-content=\"ai-message\" aria-labelledby=\"x4EZuCZWrTbh3weWUt7CU-author x4EZuCZWrTbh3weWUt7CU-content\">\n<div id=\"x4EZuCZWrTbh3weWUt7CU-content\">\n<h3><\/h3>\n<ol>\n<li><strong>18 000 pot\u00e1hnut\u00ed:<\/strong> Dlouhotrvaj\u00edc\u00ed v\u00fdkon pro prodlou\u017een\u00fd po\u017eitek.<\/li>\n<li><strong>Chytr\u00fd displej:<\/strong> Snadno sledujte \u017eivotnost baterie a pou\u017e\u00edv\u00e1n\u00ed.<\/li>\n<li><strong>Nastaviteln\u00fd pr\u016ftok vzduchu:<\/strong> P\u0159izp\u016fsobte si potah pro dokonal\u00fd z\u00e1sah.<\/li>\n<li><strong>Du\u00e1ln\u00ed re\u017eimy:<\/strong> Vyberte si mezi chytr\u00fdm re\u017eimem pro snadn\u00e9 pou\u017eit\u00ed a re\u017eimem Boost pro intenzitu.<\/li>\n<li><strong>Dob\u00edjec\u00ed baterie:<\/strong> Baterie 650 mAh s nab\u00edjen\u00edm typu C pro rychl\u00e9 dobit\u00ed.<\/li>\n<li><strong>Velk\u00e1 kapacita E-Liquidu:<\/strong> Velkorys\u00e1 kapacita pro m\u00e9n\u011b dopl\u0148ov\u00e1n\u00ed.<\/li>\n<li><strong>Kvalitn\u00ed proveden\u00ed:<\/strong> Odoln\u00fd design odoln\u00fd proti \u00faniku zaji\u0161\u0165uje bezprobl\u00e9mov\u00fd z\u00e1\u017eitek.<\/li>\n<li><strong>Mo\u017enosti nikotinu:<\/strong> Dostupn\u00e9 v <strong>jednor\u00e1zovou vapku s n\u00edzk\u00fdm obsahem nikotinu<\/strong> s\u00edly.<\/li>\n<li><strong>Stylov\u00fd design:<\/strong> Kompaktn\u00ed a ergonomick\u00fd pro p\u0159enositelnost.<\/li>\n<li><strong>Velkoobchodn\u00ed ceny:<\/strong> Ide\u00e1ln\u00ed pro hromadn\u00e9 n\u00e1kup\u010d\u00ed s cenov\u011b v\u00fdhodn\u00fdmi cenami.<\/li>\n<\/ol>\n<\/div>\n<\/div>\n<\/div>\n<\/div>\n<h2 class=\"product-title\"><strong>Vapsolo DG 18000 Seznam p\u0159\u00edchut\u00ed pot\u00e1hnut\u00ed<\/strong><\/h2>\n<p>1. Broskev mango ananas<br \/>\n2. Marakuja kiwi led<br \/>\n3. Bor\u016fvka t\u0159e\u0161e\u0148 brusinka<br \/>\n4. melounov\u00fd led<br \/>\n5. Jahoda kiwi<br \/>\n6. Citron limetka<br \/>\n7. Jahoda ban\u00e1n<br \/>\n8. Redbull<br \/>\n9. M\u00edchan\u00e9 bobule<br \/>\n10. Prime jahoda meloun<\/p>\n<h3>Pro\u010d si vybrat vapestornado pro velkoobchod s Vapsolo DG 18000 Puffs Vape?<\/h3>\n<div class=\"flex-shrink-0 flex flex-col relative items-end\">\n<div class=\"pt-0\">\n<div class=\"gizmo-bot-avatar flex h-8 w-8 items-center justify-center overflow-hidden rounded-full\">\n<div class=\"relative p-1 rounded-sm flex items-center justify-center bg-token-main-surface-primary text-token-text-primary h-8 w-8\">\n<p>V\u00edtejte ve vapestornado, va\u0161em d\u016fv\u011bryhodn\u00e9m online obchod\u011b s vapovac\u00edmi pot\u0159ebami pro pr\u00e9miov\u00e9 jednor\u00e1zov\u00e9 vapy. S v\u00edce ne\u017e 5let\u00fdmi zku\u0161enostmi v\u00e1m p\u0159in\u00e1\u0161\u00edme obl\u00edben\u00e9 zna\u010dky jednor\u00e1zov\u00fdch vape, jako jsou Fumot RandM Vape, <a href=\"https:\/\/vapestornado.com\/cs\/product\/vapme-crystal-7000-puffs-rechargeable-disposable-vape-wholesale-cheap-price\/\">Vapme<\/a>, Bang Vape, Waspe Vape a WGA Vape, atd.<\/p>\n<p>N\u00e1\u0161 sortiment zahrnuje \u017ehav\u00e9 vapy, jako je <a href=\"https:\/\/vapestornado.com\/cs\/product\/fumot-randm-tornado-15000-puffs-rechargeable-disposable-vape-wholesale\/\">RandM Tornado 15000<\/a>, a chu\u0165ov\u011b bohat\u00e9 varianty jako <a href=\"https:\/\/vapestornado.com\/cs\/product\/waspe-40000-puffs-double-flavour-led-display-disposable-vape-wholesale\/\">WASPE Dvojit\u00e1 p\u0159\u00edchu\u0165 40000 tah\u016f<\/a> . Ka\u017ed\u00fd produkt je vyb\u00edr\u00e1n s d\u016frazem na kvalitu, hodnotu a rozmanitost, abychom zajistili, \u017ee najdete to prav\u00e9 pro va\u0161e pot\u0159eby. Objevte v\u00fdjime\u010dn\u00e9 slu\u017eby a \u0161irokou \u0161k\u00e1lu \u0161pi\u010dkov\u00fdch produkt\u016f za velkoobchodn\u00ed ceny na vapestornado.<\/p>\n<\/div>\n<h3><\/h3>\n<div class=\"relative p-1 rounded-sm flex items-center justify-center bg-token-main-surface-primary text-token-text-primary h-8 w-8\">\n<h3>\u010casto kladen\u00e9 ot\u00e1zky pro Vapsolo DG 18k Puffs Puff jednor\u00e1zovou vapku<\/h3>\n<\/div>\n<\/div>\n<\/div>\n<\/div>\n<div class=\"flex-shrink-0 flex flex-col relative items-end\">\n<div class=\"pt-0\">\n<div class=\"gizmo-bot-avatar flex h-8 w-8 items-center justify-center overflow-hidden rounded-full\">\n<div class=\"relative p-1 rounded-sm flex items-center justify-center bg-token-main-surface-primary text-token-text-primary h-8 w-8\">\n<div class=\"mb-2 flex gap-3 empty:hidden -ml-2\">\n<div role=\"article\" data-tabster=\"{&quot;groupper&quot;:{&quot;tabbability&quot;:2},&quot;focusable&quot;:{}}\" data-content=\"ai-message\" aria-labelledby=\"Vdt5ez4X7Tg813x6rFVha-author Vdt5ez4X7Tg813x6rFVha-content\">\n<div id=\"Vdt5ez4X7Tg813x6rFVha-content\">\n<div role=\"article\" data-tabster=\"{&quot;groupper&quot;:{&quot;tabbability&quot;:2},&quot;focusable&quot;:{}}\" data-content=\"ai-message\" aria-labelledby=\"o968oC7CEo2fGHsGdsRYC-author o968oC7CEo2fGHsGdsRYC-content\">\n<div id=\"o968oC7CEo2fGHsGdsRYC-content\">\n<h3><\/h3>\n<ol>\n<li><strong>Co je VapSolo DG18000?<\/strong><br \/>\nTen <strong>VapSolo DG18000<\/strong> je velkokapacitn\u00ed <strong>jednor\u00e1zov\u00e1 vapa<\/strong> nab\u00edz\u00ed <strong>18 000 pot\u00e1hnut\u00ed<\/strong>, chytr\u00fd displej a dob\u00edjec\u00ed funkce.<\/li>\n<li><strong>Jak funguje re\u017eim Smart?<\/strong><br \/>\n<strong>Chytr\u00fd re\u017eim<\/strong> automaticky optimalizuje nastaven\u00ed pro hladk\u00fd a snadn\u00fd z\u00e1\u017eitek z vapingu na z\u00e1klad\u011b va\u0161ich zvyklost\u00ed.<\/li>\n<li><strong>Co je re\u017eim Boost?<\/strong><br \/>\n<strong>Re\u017eim zv\u00fd\u0161en\u00ed v\u00fdkonu<\/strong> poskytuje siln\u011bj\u0161\u00ed a intenzivn\u011bj\u0161\u00ed z\u00e1sah pro u\u017eivatele, kte\u0159\u00ed preferuj\u00ed v\u00fdrazn\u011bj\u0161\u00ed chu\u0165 a produkci p\u00e1ry.<\/li>\n<li><strong>Je VapSolo DG18000 dob\u00edjec\u00ed?<\/strong><br \/>\nAno, m\u00e1 <strong>Baterie 650 mAh<\/strong> kter\u00fd lze rychle dob\u00edt pomoc\u00ed nab\u00edjec\u00edho portu Type-C.<\/li>\n<li><strong>Pro\u010d si vybrat VapSolo DG18000 pro velkoobchod?<\/strong><br \/>\nD\u00edky sv\u00e9 odolnosti, vysok\u00e9mu po\u010dtu pot\u00e1hnut\u00ed a konkurenceschopn\u00e9 <strong>velkoobchodn\u00ed ceny<\/strong> cen\u011b je to skv\u011bl\u00e1 volba pro maloobchodn\u00edky a hromadn\u00e9 n\u00e1kup\u010d\u00ed.<\/li>\n<\/ol>\n<\/div>\n<\/div>\n<\/div>\n<\/div>\n<p>&nbsp;<\/p>\n<\/div>\n<\/div>\n<\/div>\n<\/div>\n<\/div>\n<div class=\"group\/conversation-turn relative flex w-full min-w-0 flex-col agent-turn\">\n<div class=\"flex-col gap-1 md:gap-3\">\n<div class=\"flex max-w-full flex-col flex-grow\">\n<div class=\"min-h-8 text-message flex w-full flex-col items-end gap-2 whitespace-normal break-words [.text-message+&amp;]:mt-5\" dir=\"auto\" data-message-author-role=\"assistant\" data-message-id=\"db716a1c-9ed0-4b8d-b3b0-7bdb913c3d42\" data-message-model-slug=\"gpt-4o\">\n<div class=\"flex w-full flex-col gap-1 empty:hidden first:pt-[3px]\">\n<div class=\"markdown prose w-full break-words dark:prose-invert light\">\n<p>&nbsp;<\/p>\n<\/div>\n<\/div>\n<\/div>\n<\/div>\n<\/div>\n<\/div>","protected":false},"excerpt":{"rendered":"<p>Velkoobchodn\u00ed jednor\u00e1zov\u00e1 e-cigareta Vapsolo DG 18000 s chytrou obrazovkou<br \/>\nVapsolo DG 18000 pot\u00e1hnut\u00ed 2% 5% N\u00edzko nikotinov\u00e9 e-cigarety pro hromadn\u00fd n\u00e1kup<br \/>\nVapsolo DG18000 pot\u00e1hnut\u00ed 2% 5% N\u00edzko nikotinov\u00e1 dob\u00edjec\u00ed jednor\u00e1zov\u00e1 e-cigareta<\/p>\n<p><strong>P\u0159idejte si Amy na WhatsApp pro rychlou odpov\u011b\u010f a kup\u00f3n na vapky!<\/strong><\/p>\n<p><img fetchpriority=\"high\" decoding=\"async\" class=\"size-full wp-image-2932\" src=\"https:\/\/vapestornado.com\/wp-content\/uploads\/2024\/12\/Vape-Wholesale.jpg\" alt=\"Velkoobchod s vape\" width=\"229\" height=\"300\" \/><\/p>\n<h3><a href=\"https:\/\/wa.me\/8617776015835\"><span style=\"color: #ff0000;\"><strong>WhatsApp: +86 17776015835<\/strong><\/span><\/a><\/h3>\n<p>&nbsp;<\/p>","protected":false},"featured_media":3173,"comment_status":"open","ping_status":"closed","template":"","meta":{"_acf_changed":false,"_uag_custom_page_level_css":"","_lmt_disableupdate":"no","_lmt_disable":"","_monsterinsights_skip_tracking":false,"_monsterinsights_sitenote_active":false,"_monsterinsights_sitenote_note":"","_monsterinsights_sitenote_category":0,"site-sidebar-layout":"default","site-content-layout":"","ast-site-content-layout":"default","site-content-style":"default","site-sidebar-style":"default","ast-global-header-display":"","ast-banner-title-visibility":"","ast-main-header-display":"","ast-hfb-above-header-display":"","ast-hfb-below-header-display":"","ast-hfb-mobile-header-display":"","site-post-title":"","ast-breadcrumbs-content":"","ast-featured-img":"","footer-sml-layout":"","ast-disable-related-posts":"","theme-transparent-header-meta":"default","adv-header-id-meta":"","stick-header-meta":"","header-above-stick-meta":"","header-main-stick-meta":"","header-below-stick-meta":"","astra-migrate-meta-layouts":"set","ast-page-background-enabled":"default","ast-page-background-meta":{"desktop":{"background-color":"","background-image":"","background-repeat":"repeat","background-position":"center center","background-size":"auto","background-attachment":"scroll","background-type":"","background-media":"","overlay-type":"","overlay-color":"","overlay-opacity":"","overlay-gradient":""},"tablet":{"background-color":"","background-image":"","background-repeat":"repeat","background-position":"center center","background-size":"auto","background-attachment":"scroll","background-type":"","background-media":"","overlay-type":"","overlay-color":"","overlay-opacity":"","overlay-gradient":""},"mobile":{"background-color":"","background-image":"","background-repeat":"repeat","background-position":"center center","background-size":"auto","background-attachment":"scroll","background-type":"","background-media":"","overlay-type":"","overlay-color":"","overlay-opacity":"","overlay-gradient":""}},"ast-content-background-meta":{"desktop":{"background-color":"var(--ast-global-color-5)","background-image":"","background-repeat":"repeat","background-position":"center center","background-size":"auto","background-attachment":"scroll","background-type":"","background-media":"","overlay-type":"","overlay-color":"","overlay-opacity":"","overlay-gradient":""},"tablet":{"background-color":"var(--ast-global-color-5)","background-image":"","background-repeat":"repeat","background-position":"center center","background-size":"auto","background-attachment":"scroll","background-type":"","background-media":"","overlay-type":"","overlay-color":"","overlay-opacity":"","overlay-gradient":""},"mobile":{"background-color":"var(--ast-global-color-5)","background-image":"","background-repeat":"repeat","background-position":"center center","background-size":"auto","background-attachment":"scroll","background-type":"","background-media":"","overlay-type":"","overlay-color":"","overlay-opacity":"","overlay-gradient":""}},"_joinchat":{"telephone":"+8617776015835"}},"product_brand":[],"product_cat":[70,150,154,157,142,144,171],"product_tag":[97,94,139,162,161],"class_list":{"0":"post-3177","1":"product","2":"type-product","3":"status-publish","4":"has-post-thumbnail","6":"product_cat-18000-puff","7":"product_cat-buy-disposable-vapes-in-belgium","8":"product_cat-buy-disposable-vapes-in-netherlands","9":"product_cat-buy-disposable-vapes-in-portugal","10":"product_cat-digital-box-disposable-vapes","11":"product_cat-low-nicotine-disposable-vapes","12":"product_cat-vapsolo-disposable-vapes","13":"product_tag-hot-sale-disposable-vape","14":"product_tag-rechargeable-disposable-vape","15":"product_tag-vapsolo","16":"product_tag-vapsolo-18000","17":"product_tag-vapsolo-dg-18000-puffs","18":"desktop-align-left","19":"tablet-align-left","20":"mobile-align-left","22":"first","23":"instock","24":"sale","25":"shipping-taxable","26":"purchasable","27":"product-type-simple"},"acf":[],"uagb_featured_image_src":{"full":["https:\/\/vapestornado.com\/wp-content\/uploads\/2024\/12\/Vapsolo-DG-18000-Puffs-Smart-Screen-Wholesale-Disposable-Vape.jpg",1126,1126,false],"thumbnail":["https:\/\/vapestornado.com\/wp-content\/uploads\/2024\/12\/Vapsolo-DG-18000-Puffs-Smart-Screen-Wholesale-Disposable-Vape-150x150.jpg",150,150,true],"medium":["https:\/\/vapestornado.com\/wp-content\/uploads\/2024\/12\/Vapsolo-DG-18000-Puffs-Smart-Screen-Wholesale-Disposable-Vape-300x300.jpg",300,300,true],"medium_large":["https:\/\/vapestornado.com\/wp-content\/uploads\/2024\/12\/Vapsolo-DG-18000-Puffs-Smart-Screen-Wholesale-Disposable-Vape-768x768.jpg",768,768,true],"large":["https:\/\/vapestornado.com\/wp-content\/uploads\/2024\/12\/Vapsolo-DG-18000-Puffs-Smart-Screen-Wholesale-Disposable-Vape-1024x1024.jpg",1024,1024,true],"1536x1536":["https:\/\/vapestornado.com\/wp-content\/uploads\/2024\/12\/Vapsolo-DG-18000-Puffs-Smart-Screen-Wholesale-Disposable-Vape.jpg",1126,1126,false],"2048x2048":["https:\/\/vapestornado.com\/wp-content\/uploads\/2024\/12\/Vapsolo-DG-18000-Puffs-Smart-Screen-Wholesale-Disposable-Vape.jpg",1126,1126,false],"trp-custom-language-flag":["https:\/\/vapestornado.com\/wp-content\/uploads\/2024\/12\/Vapsolo-DG-18000-Puffs-Smart-Screen-Wholesale-Disposable-Vape.jpg",12,12,false],"woocommerce_thumbnail":["https:\/\/vapestornado.com\/wp-content\/uploads\/2024\/12\/Vapsolo-DG-18000-Puffs-Smart-Screen-Wholesale-Disposable-Vape-300x300.jpg",300,300,true],"woocommerce_single":["https:\/\/vapestornado.com\/wp-content\/uploads\/2024\/12\/Vapsolo-DG-18000-Puffs-Smart-Screen-Wholesale-Disposable-Vape-600x600.jpg",600,600,true],"woocommerce_gallery_thumbnail":["https:\/\/vapestornado.com\/wp-content\/uploads\/2024\/12\/Vapsolo-DG-18000-Puffs-Smart-Screen-Wholesale-Disposable-Vape-100x100.jpg",100,100,true]},"uagb_author_info":{"display_name":"ESAMY","author_link":"https:\/\/vapestornado.com\/cs\/author\/"},"uagb_comment_info":0,"uagb_excerpt":"Vapsolo DG 18000 Smart Screen Wholesale Disposable Vape Vapsolo DG 18000 Puffs 2% 5% Low Nicotine Bulk Buy Vapes Vapsolo DG18000 Puffs 2% 5% Low Nicotine Rechargeable Disposable Vape Add Amy's whatsapp get right reply and vape vape coupon! WhatsApp: +86 17776015835 &nbsp;","_links":{"self":[{"href":"https:\/\/vapestornado.com\/cs\/wp-json\/wp\/v2\/product\/3177","targetHints":{"allow":["GET"]}}],"collection":[{"href":"https:\/\/vapestornado.com\/cs\/wp-json\/wp\/v2\/product"}],"about":[{"href":"https:\/\/vapestornado.com\/cs\/wp-json\/wp\/v2\/types\/product"}],"replies":[{"embeddable":true,"href":"https:\/\/vapestornado.com\/cs\/wp-json\/wp\/v2\/comments?post=3177"}],"wp:featuredmedia":[{"embeddable":true,"href":"https:\/\/vapestornado.com\/cs\/wp-json\/wp\/v2\/media\/3173"}],"wp:attachment":[{"href":"https:\/\/vapestornado.com\/cs\/wp-json\/wp\/v2\/media?parent=3177"}],"wp:term":[{"taxonomy":"product_brand","embeddable":true,"href":"https:\/\/vapestornado.com\/cs\/wp-json\/wp\/v2\/product_brand?post=3177"},{"taxonomy":"product_cat","embeddable":true,"href":"https:\/\/vapestornado.com\/cs\/wp-json\/wp\/v2\/product_cat?post=3177"},{"taxonomy":"product_tag","embeddable":true,"href":"https:\/\/vapestornado.com\/cs\/wp-json\/wp\/v2\/product_tag?post=3177"}],"curies":[{"name":"wp","href":"https:\/\/api.w.org\/{rel}","templated":true}]}}