{"id":3171,"date":"2024-12-14T09:23:10","date_gmt":"2024-12-14T09:23:10","guid":{"rendered":"https:\/\/vapestornado.com\/?post_type=product&#038;p=3171"},"modified":"2025-08-23T10:02:23","modified_gmt":"2025-08-23T10:02:23","slug":"waspe-40000-puffs-double-flavor-rechargeable-vape-cheap-price","status":"publish","type":"product","link":"https:\/\/vapestornado.com\/cs\/product\/waspe-40000-puffs-double-flavor-rechargeable-vape-cheap-price\/","title":{"rendered":"WASPE 40000 pota\u017een\u00ed, dvojit\u00e1 p\u0159\u00edchu\u0165, dob\u00edjec\u00ed vape, levn\u00e1 cena"},"content":{"rendered":"<h1>WASPE 40000 pota\u017een\u00ed, dvojit\u00e1 p\u0159\u00edchu\u0165, dob\u00edjec\u00ed vape, levn\u00e1 cena<\/h1>\n<p>&nbsp;<\/p>\n<div role=\"article\" data-tabster=\"{&quot;groupper&quot;:{&quot;tabbability&quot;:2},&quot;focusable&quot;:{}}\" data-content=\"ai-message\" aria-labelledby=\"64JRvXrTnY7mRmPkEQLLT-author 64JRvXrTnY7mRmPkEQLLT-content\">\n<div id=\"64JRvXrTnY7mRmPkEQLLT-content\">\n<p>Dob\u00edjec\u00ed vape s du\u00e1ln\u00ed p\u0159\u00edchut\u00ed WASPE 40000 pot\u00e1hnut\u00ed kombinuje pokro\u010dilou technologii s vynikaj\u00edc\u00edm pod\u00e1n\u00edm chuti. Navr\u017eeno pro dlouhodob\u00e9 pou\u017e\u00edv\u00e1n\u00ed, WASPE VAPES nab\u00edz\u00ed a\u017e 40 000 pot\u00e1hnut\u00ed, co\u017e zaji\u0161\u0165uje dlouhotrvaj\u00edc\u00ed spokojenost. Du\u00e1ln\u00ed 0,9\u03a9 mesh c\u00edvky poskytuj\u00ed hladkou, plnou p\u00e1ru se zv\u00fd\u0161enou intenzitou chuti a uspokojiv\u00fdm pocitem v krku. Jeho kapacita e-liquidu 36 ml sni\u017euje pot\u0159ebu \u010dast\u00e9ho dopl\u0148ov\u00e1n\u00ed, zat\u00edmco 850mAh dob\u00edjec\u00ed baterie zaji\u0161\u0165uje spolehliv\u00fd v\u00fdkon. Funkce rychl\u00e9ho nab\u00edjen\u00ed Type-C minimalizuje prostoje. Chytr\u00fd LED displej nab\u00edz\u00ed aktualizace \u00farovn\u011b baterie a e-liquidu v re\u00e1ln\u00e9m \u010dase pro v\u011bt\u0161\u00ed pohodl\u00ed. S du\u00e1ln\u00edm syst\u00e9mem p\u0159\u00edchut\u00ed mohou u\u017eivatel\u00e9 bez n\u00e1mahy p\u0159ep\u00ednat mezi dv\u011bma odli\u0161n\u00fdmi p\u0159\u00edchut\u011bmi, co\u017e zlep\u0161uje z\u00e1\u017eitek z vapov\u00e1n\u00ed. K dispozici v sil\u00e1ch nikotinu 2% a 5% a 16 jedine\u010dn\u00fdch p\u0159\u00edchut\u00edch, je vhodn\u00fd jak pro nov\u00e9, tak pro zku\u0161en\u00e9 vapery. Vyberte si vape WASPE FIHP 40000 pot\u00e1hnut\u00ed pro \u0161pi\u010dkov\u00e9 funkce, elegantn\u00ed design a pr\u00e9miov\u00fd z\u00e1\u017eitek z vapov\u00e1n\u00ed p\u0159izp\u016fsoben\u00fd va\u0161im preferenc\u00edm.<\/p>\n<\/div>\n<\/div>\n<p><img fetchpriority=\"high\" decoding=\"async\" class=\"alignnone size-medium wp-image-4245\" src=\"https:\/\/vapestornado.com\/wp-content\/uploads\/2024\/12\/Waspe-DOUBLE-FLAVOUR-40k-Vape-Cheap-Price-300x300.jpg\" alt=\"\" width=\"300\" height=\"300\" srcset=\"https:\/\/vapestornado.com\/wp-content\/uploads\/2024\/12\/Waspe-DOUBLE-FLAVOUR-40k-Vape-Cheap-Price-300x300.jpg 300w, https:\/\/vapestornado.com\/wp-content\/uploads\/2024\/12\/Waspe-DOUBLE-FLAVOUR-40k-Vape-Cheap-Price-1024x1024.jpg 1024w, https:\/\/vapestornado.com\/wp-content\/uploads\/2024\/12\/Waspe-DOUBLE-FLAVOUR-40k-Vape-Cheap-Price-150x150.jpg 150w, https:\/\/vapestornado.com\/wp-content\/uploads\/2024\/12\/Waspe-DOUBLE-FLAVOUR-40k-Vape-Cheap-Price-768x768.jpg 768w, https:\/\/vapestornado.com\/wp-content\/uploads\/2024\/12\/Waspe-DOUBLE-FLAVOUR-40k-Vape-Cheap-Price-12x12.jpg 12w, https:\/\/vapestornado.com\/wp-content\/uploads\/2024\/12\/Waspe-DOUBLE-FLAVOUR-40k-Vape-Cheap-Price-600x600.jpg 600w, https:\/\/vapestornado.com\/wp-content\/uploads\/2024\/12\/Waspe-DOUBLE-FLAVOUR-40k-Vape-Cheap-Price-100x100.jpg 100w, https:\/\/vapestornado.com\/wp-content\/uploads\/2024\/12\/Waspe-DOUBLE-FLAVOUR-40k-Vape-Cheap-Price.jpg 1500w\" sizes=\"(max-width: 300px) 100vw, 300px\" \/><\/p>\n<p><img decoding=\"async\" class=\"wp-image-2951\" src=\"https:\/\/vapestornado.com\/wp-content\/uploads\/2024\/12\/Wholesale-Disposable-Vape-265x300.jpg\" alt=\"Velkoobchodn\u00ed jednor\u00e1zov\u00e9 Vape\" width=\"295\" height=\"334\" srcset=\"https:\/\/vapestornado.com\/wp-content\/uploads\/2024\/12\/Wholesale-Disposable-Vape-265x300.jpg 265w, https:\/\/vapestornado.com\/wp-content\/uploads\/2024\/12\/Wholesale-Disposable-Vape-768x871.jpg 768w, https:\/\/vapestornado.com\/wp-content\/uploads\/2024\/12\/Wholesale-Disposable-Vape-600x680.jpg 600w, https:\/\/vapestornado.com\/wp-content\/uploads\/2024\/12\/Wholesale-Disposable-Vape.jpg 823w\" sizes=\"(max-width: 295px) 100vw, 295px\" \/><\/p>\n<h6>Pro slevovou cenu kontaktujte Mandy na WhatsApp<a href=\"https:\/\/wa.me\/8618077105796\" target=\"_blank\" rel=\"noopener\">+8618077105796<\/a><\/h6>\n<p>&nbsp;<\/p>\n<h2><strong>Specifikace jednor\u00e1zov\u00fdch vap\u016f WASPE 40000 pot\u00e1hnut\u00ed<\/strong><\/h2>\n<ul>\n<li><strong>S\u00edla nikotinu<\/strong>: K dispozici v mo\u017enostech 2% a 5% pro z\u00e1\u017eitek z vapov\u00e1n\u00ed na m\u00edru.<\/li>\n<li><strong>Kapacita pot\u00e1hnut\u00ed<\/strong>: A\u017e 40 000 pot\u00e1hnut\u00ed, ide\u00e1ln\u00ed pro dlouhodob\u00e9 pou\u017e\u00edv\u00e1n\u00ed s minim\u00e1ln\u00edmi n\u00e1hradami.<\/li>\n<li><strong>Kapacita e-liquidu<\/strong>: P\u0159edpln\u011bno 36 ml pr\u00e9miov\u00e9ho vape d\u017eusu pro dlouhotrvaj\u00edc\u00ed sezen\u00ed.<\/li>\n<li><strong>Pokro\u010dil\u00e9 mesh c\u00edvky<\/strong>: Du\u00e1ln\u00ed 0,9\u03a9 mesh c\u00edvky dod\u00e1vaj\u00ed hladkou, bohatou p\u00e1ru a zv\u00fd\u0161enou chu\u0165.<\/li>\n<li><strong>Dob\u00edjec\u00ed Type-C<\/strong>: Rychl\u00e9 a efektivn\u00ed nab\u00edjen\u00ed Type-C minimalizuje prostoje.<\/li>\n<li><strong>Kapacita baterie<\/strong>: Robustn\u00ed 850mAh dob\u00edjec\u00ed baterie zaji\u0161\u0165uje konzistentn\u00ed v\u00fdkon.<\/li>\n<li><strong>Chytr\u00fd LED displej<\/strong>: Aktualizace \u00farovn\u011b baterie a e-liquidu v re\u00e1ln\u00e9m \u010dase pro bezprobl\u00e9mov\u00e9 pou\u017eit\u00ed.<\/li>\n<li><strong>Technologie du\u00e1ln\u00ed p\u0159\u00edchuti<\/strong>: P\u0159ep\u00ednejte mezi dv\u011bma odli\u0161n\u00fdmi p\u0159\u00edchut\u011bmi pro dynamick\u00fd a personalizovan\u00fd z\u00e1\u017eitek z vapov\u00e1n\u00ed.<\/li>\n<\/ul>\n<h2><strong>WASPE Tornado Vape 40k pot\u00e1hnut\u00ed Seznam p\u0159\u00edchut\u00ed:<\/strong><\/h2>\n<p class=\"selectable-text copyable-text x15bjb6t x1n2onr6\" dir=\"ltr\"><span class=\"selectable-text copyable-text false\">1.Vodn\u00ed meloun ledov\u00fd<\/span><\/p>\n<p class=\"selectable-text copyable-text x15bjb6t x1n2onr6\" dir=\"ltr\"><span class=\"selectable-text copyable-text false x1sdyfia xss6m8b\">2.<\/span><span class=\"selectable-text copyable-text false\"> \u0160umiv\u00e1 t\u0159e\u0161e\u0148 ledov\u00e1<\/span><\/p>\n<p class=\"selectable-text copyable-text x15bjb6t x1n2onr6\" dir=\"ltr\"><span class=\"selectable-text copyable-text false x1sdyfia xss6m8b\">3.<\/span><span class=\"selectable-text copyable-text false\"> Jahoda vodn\u00ed meloun<\/span><\/p>\n<p class=\"selectable-text copyable-text x15bjb6t x1n2onr6\" dir=\"ltr\"><span class=\"selectable-text copyable-text false x1sdyfia xss6m8b\">4.<\/span><span class=\"selectable-text copyable-text false\"> Red Bull ledov\u00fd<\/span><\/p>\n<p class=\"selectable-text copyable-text x15bjb6t x1n2onr6\" dir=\"ltr\"><span class=\"selectable-text copyable-text false x1sdyfia xss6m8b\">5.<\/span><span class=\"selectable-text copyable-text false\"> Broskev ledov\u00e1<\/span><\/p>\n<p class=\"selectable-text copyable-text x15bjb6t x1n2onr6\" dir=\"ltr\"><span class=\"selectable-text copyable-text false x1sdyfia xss6m8b\">6.<\/span><span class=\"selectable-text copyable-text false\"> Hroznov\u00e9 Ice<\/span><\/p>\n<p class=\"selectable-text copyable-text x15bjb6t x1n2onr6\" dir=\"ltr\"><span class=\"selectable-text copyable-text false x1sdyfia xss6m8b\">7.<\/span><span class=\"selectable-text copyable-text false\"> Modr\u00e1 malina limon\u00e1da<\/span><\/p>\n<p class=\"selectable-text copyable-text x15bjb6t x1n2onr6\" dir=\"ltr\"><span class=\"selectable-text copyable-text false x1sdyfia xss6m8b\">8.<\/span><span class=\"selectable-text copyable-text false\"> Sm\u00ed\u0161en\u00e9 bobule<\/span><\/p>\n<p class=\"selectable-text copyable-text x15bjb6t x1n2onr6\" dir=\"ltr\"><span class=\"selectable-text copyable-text false x1sdyfia xss6m8b\">9.<\/span><span class=\"selectable-text copyable-text false\"> Jahoda malina t\u0159e\u0161e\u0148<\/span><\/p>\n<p class=\"selectable-text copyable-text x15bjb6t x1n2onr6\" dir=\"ltr\"><span class=\"selectable-text copyable-text false x1sdyfia xss6m8b\">10.<\/span><span class=\"selectable-text copyable-text false\"> Jahodov\u00fd ban\u00e1n<\/span><\/p>\n<p class=\"selectable-text copyable-text x15bjb6t x1n2onr6\" dir=\"ltr\"><span class=\"selectable-text copyable-text false x1sdyfia xss6m8b\">11.<\/span><span class=\"selectable-text copyable-text false\"> Jahoda vodn\u00ed meloun \u017ev\u00fdka\u010dka<\/span><\/p>\n<p class=\"selectable-text copyable-text x15bjb6t x1n2onr6\" dir=\"ltr\"><span class=\"selectable-text copyable-text false x1sdyfia xss6m8b\">12.<\/span><span class=\"selectable-text copyable-text false\"> T\u0159e\u0161\u0148ov\u00e1 cola ledov\u00e1<\/span><\/p>\n<p class=\"selectable-text copyable-text x15bjb6t x1n2onr6\" dir=\"ltr\"><span class=\"selectable-text copyable-text false x1sdyfia xss6m8b\">13.<\/span><span class=\"selectable-text copyable-text false\"> Kysel\u00e9 jablko malina<\/span><\/p>\n<p class=\"selectable-text copyable-text x15bjb6t x1n2onr6\" dir=\"ltr\"><span class=\"selectable-text copyable-text false x1sdyfia xss6m8b\">14.<\/span><span class=\"selectable-text copyable-text false\"> Broskev bobule<\/span><\/p>\n<p class=\"selectable-text copyable-text x15bjb6t x1n2onr6\" dir=\"ltr\"><span class=\"selectable-text copyable-text false x1sdyfia xss6m8b\">15.<\/span><span class=\"selectable-text copyable-text false\"> Blueberry Ice<\/span><\/p>\n<p class=\"selectable-text copyable-text x15bjb6t x1n2onr6\" dir=\"ltr\"><span class=\"selectable-text copyable-text false x1sdyfia xss6m8b\">16.<\/span><span class=\"selectable-text copyable-text false\"> Jahoda t\u0159e\u0161e\u0148<\/span><\/p>\n<div role=\"article\" data-tabster=\"{&quot;groupper&quot;:{&quot;tabbability&quot;:2},&quot;focusable&quot;:{}}\" data-content=\"ai-message\" aria-labelledby=\"dARUyEWDoEYhnSPXFwx5A-author dARUyEWDoEYhnSPXFwx5A-content\">\n<div id=\"dARUyEWDoEYhnSPXFwx5A-content\">\n<h2><strong>Pro\u010d si vybrat WASPE 40k Puffs Vape Pods na vapestornado.com?<\/strong><\/h2>\n<ul>\n<li><strong>Bezkonkuren\u010dn\u00ed \u017eivotnost<\/strong>: S \u00factyhodn\u00fdmi 40 000 pot\u00e1hnut\u00edmi je WASPE 40K ide\u00e1ln\u00ed pro vapery, kte\u0159\u00ed hledaj\u00ed dlouhodob\u00e9 pou\u017e\u00edv\u00e1n\u00ed bez \u010dast\u00fdch v\u00fdm\u011bn.<\/li>\n<li><strong>Pokro\u010dil\u00e1 technologie vapov\u00e1n\u00ed<\/strong>: D\u00edky du\u00e1ln\u00edm 0,9\u03a9 mesh c\u00edvk\u00e1m toto za\u0159\u00edzen\u00ed zaji\u0161\u0165uje hladkou a chutnou p\u00e1ru s ka\u017ed\u00fdm pot\u00e1hnut\u00edm a nab\u00edz\u00ed prvot\u0159\u00eddn\u00ed z\u00e1\u017eitek z vapov\u00e1n\u00ed.<\/li>\n<li><strong>Obrovsk\u00e1 kapacita e-liquidu<\/strong>: P\u0159edpln\u011bno 36 ml vysoce kvalitn\u00ed vape \u0161\u0165\u00e1vy, je navr\u017eeno pro nep\u0159eru\u0161ovan\u00e9, dlouhotrvaj\u00edc\u00ed sezen\u00ed.<\/li>\n<li><strong>Pohodln\u00e9 dob\u00edjen\u00ed<\/strong>: WASPE 40000 potah\u016f je vybaveno 850mAh dob\u00edjec\u00ed bateri\u00ed Type-C, kter\u00e1 poskytuje spolehliv\u00fd v\u00fdkon a rychl\u00e9 nab\u00edjen\u00ed, co\u017e zaji\u0161\u0165uje, \u017ee jste v\u017edy p\u0159ipraveni vapovat.<\/li>\n<li><strong>Inovativn\u00ed funkce du\u00e1ln\u00ed p\u0159\u00edchuti<\/strong>: U\u017eijte si dv\u011b p\u0159\u00edchut\u011b v jednom za\u0159\u00edzen\u00ed, kter\u00e9 nab\u00edz\u00ed p\u0159izp\u016fsobiteln\u00fd a dynamick\u00fd z\u00e1\u017eitek z vapov\u00e1n\u00ed \u0161it\u00fd na m\u00edru va\u0161im preferenc\u00edm.<\/li>\n<li><strong>U\u017eivatelsky p\u0159\u00edv\u011btiv\u00fd design<\/strong>: Chytr\u00fd LED displej v\u00e1s informuje o stavu baterie a hladin\u011b e-liquidu, co\u017e p\u0159id\u00e1v\u00e1 dal\u0161\u00ed \u00farove\u0148 pohodl\u00ed do va\u0161\u00ed ka\u017edodenn\u00ed rutiny vapov\u00e1n\u00ed.<\/li>\n<li><strong>Flexibiln\u00ed mo\u017enosti nikotinu<\/strong>: Dostupn\u00e9 v sil\u00e1ch nikotinu 2% a 5%, vyhovuj\u00edc\u00ed jak za\u010d\u00e1te\u010dn\u00edk\u016fm, tak zku\u0161en\u00fdm vaper\u016fm.<\/li>\n<li><strong>Pr\u00e9miov\u00fd servis vapestornado<\/strong>: Nakupov\u00e1n\u00ed na vapestornado.com znamen\u00e1 p\u0159\u00edstup k autentick\u00fdm produkt\u016fm, konkurenceschopn\u00fdm cen\u00e1m a v\u00fdjime\u010dn\u00e9 z\u00e1kaznick\u00e9 podpo\u0159e.<\/li>\n<\/ul>\n<\/div>\n<\/div>\n<h2>\u010casto kladen\u00e9 ot\u00e1zky o <strong>WASPE 40K Puffs Velkoobchodn\u00ed cena dob\u00edjec\u00edch vaporiz\u00e9r\u016f<\/strong><\/h2>\n<p><strong>Q1: Jak mohu sledovat svou objedn\u00e1vku WASPE VAPES 40k Puffs?<\/strong><br \/>\nA: Jakmile bude va\u0161e objedn\u00e1vka odesl\u00e1na, obdr\u017e\u00edte e-mailem sledovac\u00ed \u010d\u00edslo, abyste mohli sledovat pr\u016fb\u011bh doru\u010den\u00ed.<\/p>\n<p><strong>Q2: Jak\u00e1 je odhadovan\u00e1 doba doru\u010den\u00ed pro WASPE 40000 PUFF?<\/strong><br \/>\nOdpov\u011b\u010f: Objedn\u00e1vky odeslan\u00e9 z \u010c\u00edny obvykle trvaj\u00ed 7-14 pracovn\u00edch dn\u016f, zat\u00edmco objedn\u00e1vky z evropsk\u00fdch sklad\u016f doraz\u00ed za 3-6 pracovn\u00edch dn\u016f.<\/p>\n<p><strong>Q3: Mohu z\u00edskat rychlej\u0161\u00ed doru\u010den\u00ed?<\/strong><br \/>\nOdpov\u011b\u010f: Pro rychlej\u0161\u00ed doru\u010den\u00ed zva\u017ete objedn\u00e1n\u00ed produkt\u016f, kter\u00e9 m\u00e1me skladem v na\u0161ich evropsk\u00fdch skladech.<\/p>\n<p><strong>Q4: Mohu si vybrat konkr\u00e9tn\u00ed p\u0159\u00edchut\u011b pro WASPE FIHP VAPE 40000 PUFFS?<\/strong><br \/>\nOdpov\u011b\u010f: P\u0159\u00edchut\u011b jsou obvykle uspo\u0159\u00e1d\u00e1ny n\u00e1hodn\u011b, ale m\u016f\u017eete n\u00e1m p\u0159i placen\u00ed zanechat pozn\u00e1mku s va\u0161imi preferencemi a my se budeme sna\u017eit v\u00e1m vyhov\u011bt.<\/p>\n<p><strong>Q5: Zas\u00edl\u00e1te WASPE 40000 puffs do cel\u00e9ho sv\u011bta?<\/strong><br \/>\nOdpov\u011b\u010f: Ano, zas\u00edl\u00e1me do v\u011bt\u0161iny zem\u00ed po cel\u00e9m sv\u011bt\u011b a zaji\u0161\u0165ujeme celn\u00ed odbaven\u00ed.<\/p>\n<p><strong>Q6: Jak mohu kontaktovat z\u00e1kaznick\u00fd servis?<\/strong><br \/>\nOdpov\u011b\u010f: Pro rychlou pomoc n\u00e1s kontaktujte e-mailem, p\u0159es WhatsApp nebo \u017eiv\u00fdm chatem na na\u0161ich webov\u00fdch str\u00e1nk\u00e1ch.<\/p>","protected":false},"excerpt":{"rendered":"<ul>\n<li><strong>Z\u00edskejte dob\u00edjec\u00ed vape WASPE FIHP 40000 pot\u00e1hnut\u00ed za bezkonkuren\u010dn\u00ed ceny<\/strong><\/li>\n<li><strong>Velkoobchodn\u00ed nab\u00eddky na vapy WASPE FIHP 40K pot\u00e1hnut\u00ed \u2013 U\u0161et\u0159ete na hromadn\u00fdch objedn\u00e1vk\u00e1ch<\/strong><\/li>\n<li><strong>Nakupujte vape s du\u00e1ln\u00ed p\u0159\u00edchut\u00ed WASPE 40000 pot\u00e1hnut\u00ed \u2013 Pokro\u010dil\u00e9 funkce, dostupn\u00e9 ceny<\/strong><\/li>\n<\/ul>\n<figure id=\"attachment_2951\" aria-describedby=\"caption-attachment-2951\" style=\"width: 265px\" class=\"wp-caption alignnone\"><img decoding=\"async\" class=\"size-medium wp-image-2951\" src=\"https:\/\/vapestornado.com\/wp-content\/uploads\/2024\/12\/Wholesale-Disposable-Vape-265x300.jpg\" alt=\"Velkoobchodn\u00ed jednor\u00e1zov\u00e9 Vape\" width=\"265\" height=\"300\" srcset=\"https:\/\/vapestornado.com\/wp-content\/uploads\/2024\/12\/Wholesale-Disposable-Vape-265x300.jpg 265w, https:\/\/vapestornado.com\/wp-content\/uploads\/2024\/12\/Wholesale-Disposable-Vape-768x871.jpg 768w, https:\/\/vapestornado.com\/wp-content\/uploads\/2024\/12\/Wholesale-Disposable-Vape-600x680.jpg 600w, https:\/\/vapestornado.com\/wp-content\/uploads\/2024\/12\/Wholesale-Disposable-Vape.jpg 823w\" sizes=\"(max-width: 265px) 100vw, 265px\" \/><figcaption id=\"caption-attachment-2951\" class=\"wp-caption-text\">Pro slevovou cenu kontaktujte Mandy na WhatsApp\u00a0 <a href=\"https:\/\/wa.me\/8618077105796\">+8618077105796<\/a><\/figcaption><\/figure>\n<p>&nbsp;<\/p>","protected":false},"featured_media":4245,"comment_status":"open","ping_status":"closed","template":"","meta":{"_acf_changed":false,"_uag_custom_page_level_css":"","_lmt_disableupdate":"no","_lmt_disable":"","_monsterinsights_skip_tracking":false,"_monsterinsights_sitenote_active":false,"_monsterinsights_sitenote_note":"","_monsterinsights_sitenote_category":0,"site-sidebar-layout":"default","site-content-layout":"","ast-site-content-layout":"default","site-content-style":"default","site-sidebar-style":"default","ast-global-header-display":"","ast-banner-title-visibility":"","ast-main-header-display":"","ast-hfb-above-header-display":"","ast-hfb-below-header-display":"","ast-hfb-mobile-header-display":"","site-post-title":"","ast-breadcrumbs-content":"","ast-featured-img":"","footer-sml-layout":"","ast-disable-related-posts":"","theme-transparent-header-meta":"default","adv-header-id-meta":"","stick-header-meta":"","header-above-stick-meta":"","header-main-stick-meta":"","header-below-stick-meta":"","astra-migrate-meta-layouts":"set","ast-page-background-enabled":"default","ast-page-background-meta":{"desktop":{"background-color":"","background-image":"","background-repeat":"repeat","background-position":"center center","background-size":"auto","background-attachment":"scroll","background-type":"","background-media":"","overlay-type":"","overlay-color":"","overlay-opacity":"","overlay-gradient":""},"tablet":{"background-color":"","background-image":"","background-repeat":"repeat","background-position":"center center","background-size":"auto","background-attachment":"scroll","background-type":"","background-media":"","overlay-type":"","overlay-color":"","overlay-opacity":"","overlay-gradient":""},"mobile":{"background-color":"","background-image":"","background-repeat":"repeat","background-position":"center center","background-size":"auto","background-attachment":"scroll","background-type":"","background-media":"","overlay-type":"","overlay-color":"","overlay-opacity":"","overlay-gradient":""}},"ast-content-background-meta":{"desktop":{"background-color":"var(--ast-global-color-5)","background-image":"","background-repeat":"repeat","background-position":"center center","background-size":"auto","background-attachment":"scroll","background-type":"","background-media":"","overlay-type":"","overlay-color":"","overlay-opacity":"","overlay-gradient":""},"tablet":{"background-color":"var(--ast-global-color-5)","background-image":"","background-repeat":"repeat","background-position":"center center","background-size":"auto","background-attachment":"scroll","background-type":"","background-media":"","overlay-type":"","overlay-color":"","overlay-opacity":"","overlay-gradient":""},"mobile":{"background-color":"var(--ast-global-color-5)","background-image":"","background-repeat":"repeat","background-position":"center center","background-size":"auto","background-attachment":"scroll","background-type":"","background-media":"","overlay-type":"","overlay-color":"","overlay-opacity":"","overlay-gradient":""}},"_joinchat":{"telephone":"+8618077105796"}},"product_brand":[],"product_cat":[65,149,153,156,157,158,60],"product_tag":[97,89],"class_list":{"0":"post-3171","1":"product","2":"type-product","3":"status-publish","4":"has-post-thumbnail","6":"product_cat-40000-puff","7":"product_cat-buy-disposable-vapes-in-austria","8":"product_cat-buy-disposable-vapes-in-italy","9":"product_cat-buy-disposable-vapes-in-poland","10":"product_cat-buy-disposable-vapes-in-portugal","11":"product_cat-buy-disposable-vapes-in-spain","12":"product_cat-waspe-fihp-vape","13":"product_tag-hot-sale-disposable-vape","14":"product_tag-waspe-40000-puffs","15":"desktop-align-left","16":"tablet-align-left","17":"mobile-align-left","19":"first","20":"instock","21":"sale","22":"shipping-taxable","23":"purchasable","24":"product-type-simple"},"acf":[],"uagb_featured_image_src":{"full":["https:\/\/vapestornado.com\/wp-content\/uploads\/2024\/12\/Waspe-DOUBLE-FLAVOUR-40k-Vape-Cheap-Price.jpg",1500,1500,false],"thumbnail":["https:\/\/vapestornado.com\/wp-content\/uploads\/2024\/12\/Waspe-DOUBLE-FLAVOUR-40k-Vape-Cheap-Price-150x150.jpg",150,150,true],"medium":["https:\/\/vapestornado.com\/wp-content\/uploads\/2024\/12\/Waspe-DOUBLE-FLAVOUR-40k-Vape-Cheap-Price-300x300.jpg",300,300,true],"medium_large":["https:\/\/vapestornado.com\/wp-content\/uploads\/2024\/12\/Waspe-DOUBLE-FLAVOUR-40k-Vape-Cheap-Price-768x768.jpg",768,768,true],"large":["https:\/\/vapestornado.com\/wp-content\/uploads\/2024\/12\/Waspe-DOUBLE-FLAVOUR-40k-Vape-Cheap-Price-1024x1024.jpg",1024,1024,true],"1536x1536":["https:\/\/vapestornado.com\/wp-content\/uploads\/2024\/12\/Waspe-DOUBLE-FLAVOUR-40k-Vape-Cheap-Price.jpg",1500,1500,false],"2048x2048":["https:\/\/vapestornado.com\/wp-content\/uploads\/2024\/12\/Waspe-DOUBLE-FLAVOUR-40k-Vape-Cheap-Price.jpg",1500,1500,false],"trp-custom-language-flag":["https:\/\/vapestornado.com\/wp-content\/uploads\/2024\/12\/Waspe-DOUBLE-FLAVOUR-40k-Vape-Cheap-Price-12x12.jpg",12,12,true],"woocommerce_thumbnail":["https:\/\/vapestornado.com\/wp-content\/uploads\/2024\/12\/Waspe-DOUBLE-FLAVOUR-40k-Vape-Cheap-Price-300x300.jpg",300,300,true],"woocommerce_single":["https:\/\/vapestornado.com\/wp-content\/uploads\/2024\/12\/Waspe-DOUBLE-FLAVOUR-40k-Vape-Cheap-Price-600x600.jpg",600,600,true],"woocommerce_gallery_thumbnail":["https:\/\/vapestornado.com\/wp-content\/uploads\/2024\/12\/Waspe-DOUBLE-FLAVOUR-40k-Vape-Cheap-Price-100x100.jpg",100,100,true]},"uagb_author_info":{"display_name":"ESMANDY","author_link":"https:\/\/vapestornado.com\/cs\/author\/"},"uagb_comment_info":0,"uagb_excerpt":"Get WASPE FIHP 40000 Puff Rechargeable Vape at Unbeatable Prices Wholesale Deals on WASPE FIHP 40K Puffs Vapes \u2013 Save Big on Bulk Orders Shop WASPE 40000 Puffs Dual Flavor Vape \u2013 Advanced Features, Affordable Prices [caption id=\"attachment_2951\" align=\"alignnone\" width=\"265\"] Pls Contact Mandy's WhatsApp For Discount Price\u00a0 +8618077105796[\/caption] &nbsp;","_links":{"self":[{"href":"https:\/\/vapestornado.com\/cs\/wp-json\/wp\/v2\/product\/3171","targetHints":{"allow":["GET"]}}],"collection":[{"href":"https:\/\/vapestornado.com\/cs\/wp-json\/wp\/v2\/product"}],"about":[{"href":"https:\/\/vapestornado.com\/cs\/wp-json\/wp\/v2\/types\/product"}],"replies":[{"embeddable":true,"href":"https:\/\/vapestornado.com\/cs\/wp-json\/wp\/v2\/comments?post=3171"}],"wp:featuredmedia":[{"embeddable":true,"href":"https:\/\/vapestornado.com\/cs\/wp-json\/wp\/v2\/media\/4245"}],"wp:attachment":[{"href":"https:\/\/vapestornado.com\/cs\/wp-json\/wp\/v2\/media?parent=3171"}],"wp:term":[{"taxonomy":"product_brand","embeddable":true,"href":"https:\/\/vapestornado.com\/cs\/wp-json\/wp\/v2\/product_brand?post=3171"},{"taxonomy":"product_cat","embeddable":true,"href":"https:\/\/vapestornado.com\/cs\/wp-json\/wp\/v2\/product_cat?post=3171"},{"taxonomy":"product_tag","embeddable":true,"href":"https:\/\/vapestornado.com\/cs\/wp-json\/wp\/v2\/product_tag?post=3171"}],"curies":[{"name":"wp","href":"https:\/\/api.w.org\/{rel}","templated":true}]}}