{"id":3132,"date":"2024-12-13T09:10:35","date_gmt":"2024-12-13T09:10:35","guid":{"rendered":"https:\/\/vapestornado.com\/?post_type=product&#038;p=3132"},"modified":"2025-08-23T10:04:00","modified_gmt":"2025-08-23T10:04:00","slug":"vapsolo-twins-20000-double-flavour-rechargeable-disposable-vape-wholesale-price","status":"publish","type":"product","link":"https:\/\/vapestornado.com\/cs\/product\/vapsolo-twins-20000-double-flavour-rechargeable-disposable-vape-wholesale-price\/","title":{"rendered":"Vapsolo Twins 20000 dvojit\u00e1 p\u0159\u00edchu\u0165 dob\u00edjec\u00ed jednor\u00e1zov\u00fd vape velkoobchodn\u00ed cena"},"content":{"rendered":"<h1 class=\"product-title\">Vapsolo Twins 20000 dvojit\u00e1 p\u0159\u00edchu\u0165 dob\u00edjec\u00ed jednor\u00e1zov\u00fd vape velkoobchodn\u00ed cena<\/h1>\n<p data-start=\"319\" data-end=\"581\">Ten <strong data-start=\"323\" data-end=\"377\">Vapsolo Twins 20000 Jednor\u00e1zov\u00e1 e-cigareta s dvojitou p\u0159\u00edchut\u00ed<\/strong> je ur\u010dena pro maloobchodn\u00edky a velkoobchodn\u00edky, kte\u0159\u00ed pot\u0159ebuj\u00ed spolehliv\u00e9 a trvanliv\u00e9 zbo\u017e\u00ed. S a\u017e <strong data-start=\"470\" data-end=\"497\">20 000 pot\u00e1hnut\u00edmi na za\u0159\u00edzen\u00ed<\/strong> a <strong data-start=\"504\" data-end=\"526\">25ml n\u00e1dr\u017ekou na e-liquid<\/strong>nab\u00edz\u00ed prodlou\u017een\u00e9 pou\u017e\u00edv\u00e1n\u00ed a siln\u00fd potenci\u00e1l pro dal\u0161\u00ed prodej.<\/p>\n<p data-start=\"583\" data-end=\"946\">Jeho <strong data-start=\"587\" data-end=\"612\">syst\u00e9m dvojit\u00e9 p\u0159\u00edchut\u011b<\/strong> umo\u017e\u0148uje z\u00e1kazn\u00edk\u016fm p\u0159ep\u00ednat mezi dv\u011bma sm\u011bsmi v jednom za\u0159\u00edzen\u00ed, co\u017e je atraktivn\u011bj\u0161\u00ed pro kupuj\u00edc\u00ed, kte\u0159\u00ed cht\u011bj\u00ed rozmanitost bez no\u0161en\u00ed v\u00edce e-cigaret. Ten <strong data-start=\"759\" data-end=\"783\">technologie mesh spir\u00e1lky<\/strong> zaji\u0161\u0165uje hladkou p\u00e1ru a konzistentn\u00ed chu\u0165, zat\u00edmco <strong data-start=\"837\" data-end=\"868\">650mAh dob\u00edjec\u00ed baterie<\/strong> s <strong data-start=\"874\" data-end=\"898\">Rychl\u00e9 nab\u00edjen\u00ed Type-C<\/strong> udr\u017euje stabiln\u00ed v\u00fdkon a\u017e do posledn\u00ed kapky.<\/p>\n<p data-start=\"948\" data-end=\"1202\">Dostupn\u00e9 v <strong data-start=\"961\" data-end=\"993\">S\u00edly nikotinu 2% a 5%<\/strong>, <strong data-start=\"999\" data-end=\"1025\">Vapsolo Twins 20K Vape<\/strong> vyhovuje r\u016fzn\u00fdm preferenc\u00edm z\u00e1kazn\u00edk\u016f. S konkurenceschopn\u00fdmi <strong data-start=\"1085\" data-end=\"1106\">velkoobchodn\u00edmi cenami<\/strong> cenami a silnou popt\u00e1vkou na trhu je to chytr\u00e1 volba pro mal\u00e9 obchody a distributory po cel\u00e9 Evrop\u011b<\/p>\n<p><strong>P\u0159idejte si Amyin Whatsapp, z\u00edskejte okam\u017eitou odpov\u011b\u010f a kup\u00f3n na vape!<\/strong><\/p>\n<p><img fetchpriority=\"high\" decoding=\"async\" class=\"size-full wp-image-2932\" src=\"https:\/\/vapestornado.com\/wp-content\/uploads\/2024\/12\/Vape-Wholesale.jpg\" alt=\"Velkoobchod s vape\" width=\"229\" height=\"300\" \/><\/p>\n<h3><a href=\"https:\/\/wa.me\/8617776015835\" target=\"_blank\" rel=\"noopener\"><span style=\"color: #ff0000;\"><strong>WhatsApp: +86 17776015835<\/strong><\/span><\/a><\/h3>\n<p>&nbsp;<\/p>\n<h2><strong>Vapsolo Twins 20000 Vlastnosti produktu<\/strong><\/h2>\n<div role=\"article\" data-tabster=\"{&quot;groupper&quot;:{&quot;tabbability&quot;:2},&quot;focusable&quot;:{}}\" data-content=\"ai-message\" aria-labelledby=\"juhNTJ6o7Gk1cgwZMJgv2-author juhNTJ6o7Gk1cgwZMJgv2-content\">\n<div id=\"juhNTJ6o7Gk1cgwZMJgv2-content\">\n<div role=\"article\" data-tabster=\"{&quot;groupper&quot;:{&quot;tabbability&quot;:2},&quot;focusable&quot;:{}}\" data-content=\"ai-message\" aria-labelledby=\"x4EZuCZWrTbh3weWUt7CU-author x4EZuCZWrTbh3weWUt7CU-content\">\n<div id=\"x4EZuCZWrTbh3weWUt7CU-content\">\n<h3><\/h3>\n<ol>\n<li><strong>Dvojit\u00e1 chu\u0165ov\u00e1 rozko\u0161:<\/strong> Syst\u00e9m s du\u00e1ln\u00ed n\u00e1dr\u017e\u00ed pro dv\u011b p\u0159\u00edchut\u011b v jedn\u00e9 elektronick\u00e9 cigaret\u011b.<\/li>\n<li><strong>Masivn\u00ed po\u010det pot\u00e1hnut\u00ed:<\/strong> Nab\u00edz\u00ed p\u016fsobiv\u00fd <strong>20 000 pot\u00e1hnut\u00ed<\/strong>.<\/li>\n<li><strong>Dob\u00edjec\u00ed baterie:<\/strong> Baterie s dlouhou v\u00fddr\u017e\u00ed 650 mAh s nab\u00edjen\u00edm typu C.<\/li>\n<li><strong>Velkorys\u00e1 kapacita e-liquidu:<\/strong> <strong>25ml p\u0159edpln\u011bn\u00e9 n\u00e1dr\u017eky<\/strong> pro del\u0161\u00ed pou\u017e\u00edv\u00e1n\u00ed.<\/li>\n<li><strong>Mo\u017enosti s\u00edly nikotinu:<\/strong> Vyberte si mezi <strong>2% nebo 5%<\/strong> hladinami nikotinu.<\/li>\n<li><strong>Technologie mesh spir\u00e1lky:<\/strong> Zaji\u0161\u0165uje hladkou a chutnou produkci p\u00e1ry.<\/li>\n<li><strong>Nastaviteln\u00fd pr\u016ftok vzduchu:<\/strong> P\u0159izp\u016fsobte intenzitu p\u00e1ry sv\u00e9mu stylu.<\/li>\n<li><strong>U\u017eivatelsky p\u0159\u00edv\u011btiv\u00fd design:<\/strong> Syst\u00e9m aktivace tahem pro snadn\u00e9 a pohodln\u00e9 vapov\u00e1n\u00ed.<\/li>\n<li><strong>Kompaktn\u00ed<\/strong> Stylov\u00fd design ide\u00e1ln\u00ed pro u\u017eivatele na cest\u00e1ch.<\/li>\n<li><strong>Chytr\u00fd displej:<\/strong> Aktualizace stavu baterie a po\u010dtu pot\u00e1hnut\u00ed v re\u00e1ln\u00e9m \u010dase.<\/li>\n<\/ol>\n<\/div>\n<\/div>\n<\/div>\n<\/div>\n<h2 class=\"product-title\"><strong>Seznam p\u0159\u00edchut\u00ed Vapsolo Twins 20000<\/strong><\/h2>\n<p>1. Citron Limetka<br \/>\n2. Hroznov\u00fd led<br \/>\n3. Ananas Kokos<br \/>\n4. Pomeran\u010d Mango Meloun<br \/>\n5. Bor\u016fvkov\u00fd led<br \/>\n6. Melounov\u00fd led<br \/>\n7. Jahoda Ban\u00e1n<br \/>\n8. Jahoda Malina T\u0159e\u0161e\u0148 Led<br \/>\n9. Modr\u00e1 Malina Limon\u00e1da<br \/>\n10. Melounov\u00fd led<br \/>\n11. Trojit\u00fd Meloun<br \/>\n12. \u010cern\u00fd Led Dra\u010d\u00ed Ovoce Jahoda<br \/>\n13. Ananas Kokos<br \/>\n14. Jahodov\u00fd led<br \/>\n15. Jahoda Kiwi<br \/>\n16. Trojit\u00fd meloun<\/p>\n<h3>Pro\u010d si vybrat vapestornado pro velkoobchod s Vapsolo Twins 20k Puff Vape?<\/h3>\n<div class=\"flex-shrink-0 flex flex-col relative items-end\">\n<div class=\"pt-0\">\n<div class=\"gizmo-bot-avatar flex h-8 w-8 items-center justify-center overflow-hidden rounded-full\">\n<div class=\"relative p-1 rounded-sm flex items-center justify-center bg-token-main-surface-primary text-token-text-primary h-8 w-8\">\n<p>V\u00edtejte ve vapestornado, va\u0161em d\u016fv\u011bryhodn\u00e9m online obchod\u011b s vapovac\u00edmi pot\u0159ebami pro pr\u00e9miov\u00e9 jednor\u00e1zov\u00e9 vapy. S v\u00edce ne\u017e 5let\u00fdmi zku\u0161enostmi v\u00e1m p\u0159in\u00e1\u0161\u00edme obl\u00edben\u00e9 zna\u010dky jednor\u00e1zov\u00fdch vape, jako jsou Fumot RandM Vape, <a href=\"https:\/\/vapestornado.com\/cs\/product\/vapme-crystal-7000-puffs-rechargeable-disposable-vape-wholesale-cheap-price\/\">Vapme<\/a>, Bang Vape, Waspe Vape a WGA Vape, atd.<\/p>\n<p>N\u00e1\u0161 sortiment zahrnuje \u017ehav\u00e9 vapy, jako je <a href=\"https:\/\/vapestornado.com\/cs\/product\/fumot-randm-tornado-15000-puffs-rechargeable-disposable-vape-wholesale\/\">RandM Tornado 15000<\/a>, a chu\u0165ov\u011b bohat\u00e9 varianty jako <a href=\"https:\/\/vapestornado.com\/cs\/product\/waspe-40000-puffs-double-flavour-led-display-disposable-vape-wholesale\/\">WASPE Dvojit\u00e1 p\u0159\u00edchu\u0165 40000 tah\u016f<\/a> . Ka\u017ed\u00fd produkt je vyb\u00edr\u00e1n s d\u016frazem na kvalitu, hodnotu a rozmanitost, abychom zajistili, \u017ee najdete to prav\u00e9 pro va\u0161e pot\u0159eby. Objevte v\u00fdjime\u010dn\u00e9 slu\u017eby a \u0161irokou \u0161k\u00e1lu \u0161pi\u010dkov\u00fdch produkt\u016f za velkoobchodn\u00ed ceny na vapestornado.<\/p>\n<\/div>\n<h3><\/h3>\n<div class=\"relative p-1 rounded-sm flex items-center justify-center bg-token-main-surface-primary text-token-text-primary h-8 w-8\">\n<h3>\u010casto kladen\u00e9 ot\u00e1zky pro jednor\u00e1zovou vapku Vapsolo 20k Puff<\/h3>\n<\/div>\n<\/div>\n<\/div>\n<\/div>\n<div class=\"flex-shrink-0 flex flex-col relative items-end\">\n<div class=\"pt-0\">\n<div class=\"gizmo-bot-avatar flex h-8 w-8 items-center justify-center overflow-hidden rounded-full\">\n<div class=\"relative p-1 rounded-sm flex items-center justify-center bg-token-main-surface-primary text-token-text-primary h-8 w-8\">\n<div class=\"mb-2 flex gap-3 empty:hidden -ml-2\">\n<div role=\"article\" data-tabster=\"{&quot;groupper&quot;:{&quot;tabbability&quot;:2},&quot;focusable&quot;:{}}\" data-content=\"ai-message\" aria-labelledby=\"Vdt5ez4X7Tg813x6rFVha-author Vdt5ez4X7Tg813x6rFVha-content\">\n<div id=\"Vdt5ez4X7Tg813x6rFVha-content\">\n<div role=\"article\" data-tabster=\"{&quot;groupper&quot;:{&quot;tabbability&quot;:2},&quot;focusable&quot;:{}}\" data-content=\"ai-message\" aria-labelledby=\"o968oC7CEo2fGHsGdsRYC-author o968oC7CEo2fGHsGdsRYC-content\">\n<div id=\"o968oC7CEo2fGHsGdsRYC-content\">\n<ol>\n<li><strong>\u010c\u00edm je Vapsolo Twins 20000 jedine\u010dn\u00fd?<\/strong><br \/>\nTen <strong>syst\u00e9m dvojit\u00e9 n\u00e1dr\u017ee na p\u0159\u00edchut\u011b<\/strong> v\u00e1m umo\u017e\u0148uje vychutnat si dv\u011b odli\u0161n\u00e9 p\u0159\u00edchut\u011b v jednom za\u0159\u00edzen\u00ed, d\u00edky \u010demu\u017e je vysoce univerz\u00e1ln\u00ed.<\/li>\n<li><strong>Kolik pot\u00e1hnut\u00ed nab\u00edz\u00ed Vapsolo Twins 20000?<\/strong><br \/>\nNab\u00edz\u00ed impozantn\u00ed <strong>20 000 pot\u00e1hnut\u00ed<\/strong>, tak\u017ee je ide\u00e1ln\u00ed pro dlouhodob\u00e9 pou\u017e\u00edv\u00e1n\u00ed.<\/li>\n<li><strong>Lze Vapsolo Twins dob\u00edjet?<\/strong><br \/>\nAno, m\u00e1 <strong>650mAh dob\u00edjec\u00ed baterie<\/strong> s rychl\u00fdm nab\u00edjen\u00edm Type-C pro pohodl\u00ed.<\/li>\n<li><strong>Jak\u00e9 jsou dostupn\u00e9 mo\u017enosti s\u00edly nikotinu?<\/strong><br \/>\nZa\u0159\u00edzen\u00ed se dod\u00e1v\u00e1 v <strong>2% a 5% \u00farovn\u00edch nikotinu<\/strong>, kter\u00e9 uspokoj\u00ed u\u017eivatele s n\u00edzkou i vysokou spot\u0159ebou nikotinu.<\/li>\n<li><strong>Je Vapsolo Twins vhodn\u00fd pro za\u010d\u00e1te\u010dn\u00edky?<\/strong><br \/>\nAbsolutn\u011b! Jeho <strong>syst\u00e9m aktivovan\u00fd pota\u017een\u00edm<\/strong> a jednoduch\u00e9 ovl\u00e1d\u00e1n\u00ed usnad\u0148uje pou\u017e\u00edv\u00e1n\u00ed za\u010d\u00e1te\u010dn\u00edk\u016fm a z\u00e1rove\u0148 nab\u00edz\u00ed pokro\u010dil\u00e9 funkce pro zku\u0161en\u00e9 vapery.<\/li>\n<\/ol>\n<\/div>\n<\/div>\n<\/div>\n<\/div>\n<p>&nbsp;<\/p>\n<\/div>\n<\/div>\n<\/div>\n<\/div>\n<\/div>\n<div class=\"group\/conversation-turn relative flex w-full min-w-0 flex-col agent-turn\">\n<div class=\"flex-col gap-1 md:gap-3\">\n<div class=\"flex max-w-full flex-col flex-grow\">\n<div class=\"min-h-8 text-message flex w-full flex-col items-end gap-2 whitespace-normal break-words [.text-message+&amp;]:mt-5\" dir=\"auto\" data-message-author-role=\"assistant\" data-message-id=\"db716a1c-9ed0-4b8d-b3b0-7bdb913c3d42\" data-message-model-slug=\"gpt-4o\">\n<div class=\"flex w-full flex-col gap-1 empty:hidden first:pt-[3px]\">\n<div class=\"markdown prose w-full break-words dark:prose-invert light\">\n<p>&nbsp;<\/p>\n<\/div>\n<\/div>\n<\/div>\n<\/div>\n<\/div>\n<\/div>","protected":false},"excerpt":{"rendered":"<p>Vapsolo Twins 20000 pot\u00e1hnut\u00ed 2 v 1 Jednor\u00e1zov\u00e1 elektronick\u00e1 cigareta Velkoobchodn\u00ed cena<br \/>\nVapsolo 20000 Dvojit\u00e1 p\u0159\u00edchu\u0165 Dob\u00edjec\u00ed jednor\u00e1zov\u00e1 elektronick\u00e1 cigareta Hork\u00fd prodej<br \/>\nVapsolo Twins 20k 2 p\u0159\u00edchut\u011b v 1 Jednor\u00e1zov\u00e1 elektronick\u00e1 cigareta Hromadn\u00fd n\u00e1kup cena<\/p>\n<p><strong>P\u0159idejte si Amy na WhatsApp pro rychlou odpov\u011b\u010f a kup\u00f3n na vapky!<\/strong><\/p>\n<p><img fetchpriority=\"high\" decoding=\"async\" class=\"size-full wp-image-2932\" src=\"https:\/\/vapestornado.com\/wp-content\/uploads\/2024\/12\/Vape-Wholesale.jpg\" alt=\"Velkoobchod s vape\" width=\"229\" height=\"300\" \/><\/p>\n<h3><a href=\"https:\/\/wa.me\/8617776015835\"><span style=\"color: #ff0000;\"><strong>WhatsApp: +86 17776015835<\/strong><\/span><\/a><\/h3>\n<p>&nbsp;<\/p>","protected":false},"featured_media":3129,"comment_status":"open","ping_status":"closed","template":"","meta":{"_acf_changed":false,"_uag_custom_page_level_css":"","_lmt_disableupdate":"no","_lmt_disable":"","_monsterinsights_skip_tracking":false,"_monsterinsights_sitenote_active":false,"_monsterinsights_sitenote_note":"","_monsterinsights_sitenote_category":0,"site-sidebar-layout":"default","site-content-layout":"","ast-site-content-layout":"default","site-content-style":"default","site-sidebar-style":"default","ast-global-header-display":"","ast-banner-title-visibility":"","ast-main-header-display":"","ast-hfb-above-header-display":"","ast-hfb-below-header-display":"","ast-hfb-mobile-header-display":"","site-post-title":"","ast-breadcrumbs-content":"","ast-featured-img":"","footer-sml-layout":"","ast-disable-related-posts":"","theme-transparent-header-meta":"default","adv-header-id-meta":"","stick-header-meta":"","header-above-stick-meta":"","header-main-stick-meta":"","header-below-stick-meta":"","astra-migrate-meta-layouts":"set","ast-page-background-enabled":"default","ast-page-background-meta":{"desktop":{"background-color":"","background-image":"","background-repeat":"repeat","background-position":"center center","background-size":"auto","background-attachment":"scroll","background-type":"","background-media":"","overlay-type":"","overlay-color":"","overlay-opacity":"","overlay-gradient":""},"tablet":{"background-color":"","background-image":"","background-repeat":"repeat","background-position":"center center","background-size":"auto","background-attachment":"scroll","background-type":"","background-media":"","overlay-type":"","overlay-color":"","overlay-opacity":"","overlay-gradient":""},"mobile":{"background-color":"","background-image":"","background-repeat":"repeat","background-position":"center center","background-size":"auto","background-attachment":"scroll","background-type":"","background-media":"","overlay-type":"","overlay-color":"","overlay-opacity":"","overlay-gradient":""}},"ast-content-background-meta":{"desktop":{"background-color":"var(--ast-global-color-5)","background-image":"","background-repeat":"repeat","background-position":"center center","background-size":"auto","background-attachment":"scroll","background-type":"","background-media":"","overlay-type":"","overlay-color":"","overlay-opacity":"","overlay-gradient":""},"tablet":{"background-color":"var(--ast-global-color-5)","background-image":"","background-repeat":"repeat","background-position":"center center","background-size":"auto","background-attachment":"scroll","background-type":"","background-media":"","overlay-type":"","overlay-color":"","overlay-opacity":"","overlay-gradient":""},"mobile":{"background-color":"var(--ast-global-color-5)","background-image":"","background-repeat":"repeat","background-position":"center center","background-size":"auto","background-attachment":"scroll","background-type":"","background-media":"","overlay-type":"","overlay-color":"","overlay-opacity":"","overlay-gradient":""}},"_joinchat":{"telephone":"+8617776015835"}},"product_brand":[],"product_cat":[69,171],"product_tag":[97,94,139,137,138],"class_list":{"0":"post-3132","1":"product","2":"type-product","3":"status-publish","4":"has-post-thumbnail","6":"product_cat-20000-puff","7":"product_cat-vapsolo-disposable-vapes","8":"product_tag-hot-sale-disposable-vape","9":"product_tag-rechargeable-disposable-vape","10":"product_tag-vapsolo","11":"product_tag-vapsolo-twins-20000","12":"product_tag-vapsolo-twins-20k","13":"desktop-align-left","14":"tablet-align-left","15":"mobile-align-left","17":"first","18":"instock","19":"sale","20":"shipping-taxable","21":"purchasable","22":"product-type-simple"},"acf":[],"uagb_featured_image_src":{"full":["https:\/\/vapestornado.com\/wp-content\/uploads\/2024\/12\/Vapsolo-Twins-EU-Electronic-Cigarette-Wholesale.jpg",1126,1126,false],"thumbnail":["https:\/\/vapestornado.com\/wp-content\/uploads\/2024\/12\/Vapsolo-Twins-EU-Electronic-Cigarette-Wholesale-150x150.jpg",150,150,true],"medium":["https:\/\/vapestornado.com\/wp-content\/uploads\/2024\/12\/Vapsolo-Twins-EU-Electronic-Cigarette-Wholesale-300x300.jpg",300,300,true],"medium_large":["https:\/\/vapestornado.com\/wp-content\/uploads\/2024\/12\/Vapsolo-Twins-EU-Electronic-Cigarette-Wholesale-768x768.jpg",768,768,true],"large":["https:\/\/vapestornado.com\/wp-content\/uploads\/2024\/12\/Vapsolo-Twins-EU-Electronic-Cigarette-Wholesale-1024x1024.jpg",1024,1024,true],"1536x1536":["https:\/\/vapestornado.com\/wp-content\/uploads\/2024\/12\/Vapsolo-Twins-EU-Electronic-Cigarette-Wholesale.jpg",1126,1126,false],"2048x2048":["https:\/\/vapestornado.com\/wp-content\/uploads\/2024\/12\/Vapsolo-Twins-EU-Electronic-Cigarette-Wholesale.jpg",1126,1126,false],"trp-custom-language-flag":["https:\/\/vapestornado.com\/wp-content\/uploads\/2024\/12\/Vapsolo-Twins-EU-Electronic-Cigarette-Wholesale.jpg",12,12,false],"woocommerce_thumbnail":["https:\/\/vapestornado.com\/wp-content\/uploads\/2024\/12\/Vapsolo-Twins-EU-Electronic-Cigarette-Wholesale-300x300.jpg",300,300,true],"woocommerce_single":["https:\/\/vapestornado.com\/wp-content\/uploads\/2024\/12\/Vapsolo-Twins-EU-Electronic-Cigarette-Wholesale-600x600.jpg",600,600,true],"woocommerce_gallery_thumbnail":["https:\/\/vapestornado.com\/wp-content\/uploads\/2024\/12\/Vapsolo-Twins-EU-Electronic-Cigarette-Wholesale-100x100.jpg",100,100,true]},"uagb_author_info":{"display_name":"ESAMY","author_link":"https:\/\/vapestornado.com\/cs\/author\/"},"uagb_comment_info":0,"uagb_excerpt":"Vapsolo Twins 20000 Puffs 2 in 1 Disposable Vape Wholesale Price Vapsolo 20000 Double Flavour Rechargeable Disposable Vape Hot Sale Vapsolo Twins 20k 2 Flavour in 1 Disposable Vape Bulk Buy Price Add Amy's whatsapp get right reply and vape vape coupon! WhatsApp: +86 17776015835 &nbsp;","_links":{"self":[{"href":"https:\/\/vapestornado.com\/cs\/wp-json\/wp\/v2\/product\/3132","targetHints":{"allow":["GET"]}}],"collection":[{"href":"https:\/\/vapestornado.com\/cs\/wp-json\/wp\/v2\/product"}],"about":[{"href":"https:\/\/vapestornado.com\/cs\/wp-json\/wp\/v2\/types\/product"}],"replies":[{"embeddable":true,"href":"https:\/\/vapestornado.com\/cs\/wp-json\/wp\/v2\/comments?post=3132"}],"wp:featuredmedia":[{"embeddable":true,"href":"https:\/\/vapestornado.com\/cs\/wp-json\/wp\/v2\/media\/3129"}],"wp:attachment":[{"href":"https:\/\/vapestornado.com\/cs\/wp-json\/wp\/v2\/media?parent=3132"}],"wp:term":[{"taxonomy":"product_brand","embeddable":true,"href":"https:\/\/vapestornado.com\/cs\/wp-json\/wp\/v2\/product_brand?post=3132"},{"taxonomy":"product_cat","embeddable":true,"href":"https:\/\/vapestornado.com\/cs\/wp-json\/wp\/v2\/product_cat?post=3132"},{"taxonomy":"product_tag","embeddable":true,"href":"https:\/\/vapestornado.com\/cs\/wp-json\/wp\/v2\/product_tag?post=3132"}],"curies":[{"name":"wp","href":"https:\/\/api.w.org\/{rel}","templated":true}]}}