{"id":3107,"date":"2024-12-13T02:59:26","date_gmt":"2024-12-13T02:59:26","guid":{"rendered":"https:\/\/vapestornado.com\/?post_type=product&#038;p=3107"},"modified":"2025-08-22T10:31:24","modified_gmt":"2025-08-22T10:31:24","slug":"randm-tornado-music-30000-puffs-fumot-bulk-sale-disposable","status":"publish","type":"product","link":"https:\/\/vapestornado.com\/cs\/product\/randm-tornado-music-30000-puffs-fumot-bulk-sale-disposable\/","title":{"rendered":"Randm Tornado Hudba 30000 Fumot Velk\u00fd prodej Jednor\u00e1zov\u00e9 vaporiz\u00e9ry"},"content":{"rendered":"<h1>Randm Tornado Music 30000 pot\u00e1hnut\u00ed Fumot velkoobchodn\u00ed prodej jednor\u00e1zov\u00e9 vape<\/h1>\n<p data-start=\"293\" data-end=\"626\">Ten <strong data-start=\"297\" data-end=\"364\">Randm Tornado Music 30000 pot\u00e1hnut\u00ed Fumot velkoobchodn\u00ed prodej jednor\u00e1zov\u00e9 vape<\/strong> je navr\u017een pro vapery, kte\u0159\u00ed cht\u011bj\u00ed dlouhotrvaj\u00edc\u00ed v\u00fdkon a pohodl\u00ed. S p\u016fsobiv\u00fdm <strong data-start=\"458\" data-end=\"482\">Kapacita 30 000 pot\u00e1hnut\u00ed<\/strong>, s <strong data-start=\"486\" data-end=\"517\">600mAh<\/strong>a pokro\u010dilou <strong data-start=\"532\" data-end=\"569\">technologi\u00ed proud\u011bn\u00ed vzduchu s 1,0\u03a9 mesh spir\u00e1lkou<\/strong>poskytuje hladkou a konzistentn\u00ed p\u00e1ru p\u0159i ka\u017ed\u00e9m pot\u00e1hnut\u00ed.<\/p>\n<p data-start=\"628\" data-end=\"848\">Kompaktn\u00ed a stylov\u00fd Tornado Music 30K se snadno p\u0159en\u00e1\u0161\u00ed a je ide\u00e1ln\u00ed pro celodenn\u00ed vapov\u00e1n\u00ed. P\u0159edpln\u011bn\u00fd \u0161irokou \u0161k\u00e1lou <strong data-start=\"750\" data-end=\"771\">30 jedine\u010dn\u00fdch p\u0159\u00edchut\u00ed<\/strong>nab\u00edz\u00ed n\u011bco pro ka\u017edou chu\u0165 \u2013 od ovocn\u00fdch po ledov\u00e9 sm\u011bsi.<\/p>\n<p data-start=\"850\" data-end=\"1048\">Pro velkoobchodn\u00edky a maloobchodn\u00edky, <strong data-start=\"885\" data-end=\"920\">Fumot Randm 30k jednor\u00e1zov\u00e1 vape<\/strong> kombinuje vysokou kapacitu, siln\u00e9 pov\u011bdom\u00ed o zna\u010dce a velkoobchodn\u00ed hodnotu, co\u017e z n\u011bj \u010din\u00ed ziskovou volbu pro \u010desk\u00fd trh.<\/p>\n<p><img fetchpriority=\"high\" decoding=\"async\" class=\"wp-image-3114 alignleft\" src=\"https:\/\/vapestornado.com\/wp-content\/uploads\/2024\/12\/Randm-tornado-vape-30000-puffs.jpg\" alt=\"Randm tornado vape 30000 potah\u016f velkoobchodn\u00ed cena\" width=\"559\" height=\"559\" srcset=\"https:\/\/vapestornado.com\/wp-content\/uploads\/2024\/12\/Randm-tornado-vape-30000-puffs.jpg 800w, https:\/\/vapestornado.com\/wp-content\/uploads\/2024\/12\/Randm-tornado-vape-30000-puffs-300x300.jpg 300w, https:\/\/vapestornado.com\/wp-content\/uploads\/2024\/12\/Randm-tornado-vape-30000-puffs-150x150.jpg 150w, https:\/\/vapestornado.com\/wp-content\/uploads\/2024\/12\/Randm-tornado-vape-30000-puffs-768x768.jpg 768w, https:\/\/vapestornado.com\/wp-content\/uploads\/2024\/12\/Randm-tornado-vape-30000-puffs-600x600.jpg 600w, https:\/\/vapestornado.com\/wp-content\/uploads\/2024\/12\/Randm-tornado-vape-30000-puffs-100x100.jpg 100w\" sizes=\"(max-width: 559px) 100vw, 559px\" \/><\/p>\n<p style=\"padding-left: 40px;\">\u00a0<img decoding=\"async\" class=\"wp-image-3124 alignleft\" src=\"https:\/\/vapestornado.com\/wp-content\/uploads\/2024\/12\/LYN-whatsapp-846x1024.jpg\" alt=\"LYN whatsapp\" width=\"290\" height=\"351\" srcset=\"https:\/\/vapestornado.com\/wp-content\/uploads\/2024\/12\/LYN-whatsapp-846x1024.jpg 846w, https:\/\/vapestornado.com\/wp-content\/uploads\/2024\/12\/LYN-whatsapp-248x300.jpg 248w, https:\/\/vapestornado.com\/wp-content\/uploads\/2024\/12\/LYN-whatsapp-768x930.jpg 768w, https:\/\/vapestornado.com\/wp-content\/uploads\/2024\/12\/LYN-whatsapp-600x726.jpg 600w, https:\/\/vapestornado.com\/wp-content\/uploads\/2024\/12\/LYN-whatsapp.jpg 1046w\" sizes=\"(max-width: 290px) 100vw, 290px\" \/><\/p>\n<p><em><strong><span style=\"color: #ff0000;\">Kontaktujte m\u011b naskenov\u00e1n\u00edm tohoto k\u00f3du a zjist\u011bte v\u00edce o pot\u00e1hnut\u00edch<\/span><\/strong><\/em><\/p>\n<p><em><strong>Whatsapp\uff1a<a href=\"https:\/\/wa.me\/8617840853976\" target=\"_blank\" rel=\"noopener\">+86178 4085 3976<\/a><\/strong><\/em><\/p>\n<p>&nbsp;<\/p>\n<h2><\/h2>\n<h2><strong>Hlavn\u00ed vlastnosti produktu pro 30k Music Fumot Vape.<br \/>\n<\/strong><\/h2>\n<p>(1) baterie\uff1a<span style=\"color: #ff0000;\">600mAh<\/span> dob\u00edjec\u00ed pro zaji\u0161t\u011bn\u00ed dlouhotrvaj\u00edc\u00edho v\u00fdkonu.<\/p>\n<p>(2) Nikotin\uff1aposkytuje <span style=\"color: #ff0000;\">2%\/5% nikotinu<\/span> vybrat pro r\u016fzn\u00e9 u\u017eivatele.<\/p>\n<p>(3) Potahy: nab\u00edz\u00ed<span style=\"color: #ff0000;\">30000 potah\u016f<\/span>, lze pou\u017e\u00edvat dlouhodob\u011b a bez nutnosti \u010dast\u00e9 v\u00fdm\u011bny.<\/p>\n<p>(4) <span style=\"color: #ff0000;\">30 p\u0159\u00edchut\u00ed<\/span>: lze vybrat v\u00edce p\u0159\u00edchut\u00ed a 50 ks lze vybrat minim\u00e1ln\u011b 5 p\u0159\u00edchut\u00ed.<\/p>\n<p>(5) Nab\u00edjec\u00ed port:<span style=\"color: #ff0000;\">Typ-C<\/span> rychl\u00e9 nab\u00edjec\u00ed rozhran\u00ed, podporuje funkci nab\u00edjen\u00ed.<\/p>\n<p>(6) <span style=\"color: #ff0000;\">Hudebn\u00ed sv\u011btlo<\/span>: Sv\u011btlo Randm 30k se p\u0159i pou\u017e\u00edv\u00e1n\u00ed synchronizuje s hudbou a vytv\u00e1\u0159\u00ed vylep\u0161en\u00fd z\u00e1\u017eitek z vapov\u00e1n\u00ed.<\/p>\n<h2><strong>Jak\u00e9 p\u0159\u00edchut\u011b jsou k dispozici u jednor\u00e1zov\u00e9 vapky Fumot 30k?<br \/>\n<\/strong><\/h2>\n<p><em><span style=\"color: #000000;\"><strong>1. Ban\u00e1nov\u00e9 ledov\u00e9: <\/strong><\/span><\/em>Jemn\u00e1 sm\u011bs zral\u00fdch ban\u00e1n\u016f s osv\u011b\u017euj\u00edc\u00edm ledov\u00fdm zakon\u010den\u00edm.<br \/>\n<span style=\"color: #000000;\"><strong><em>2. \u010cern\u00e9 ledov\u00e9:<\/em> <\/strong><\/span>V\u00fdrazn\u00fd \u010dern\u00fd ryb\u00edz s chladiv\u00fdm mentolov\u00fdm n\u00e1dechem.<br \/>\n<em><strong><span style=\"color: #000000;\">3. Modr\u00e9 malinov\u00e9 ledov\u00e9:<\/span> <\/strong><\/em>Sladk\u00e1 a nakysl\u00e1 modr\u00e1 malina s mraziv\u00fdm kopnut\u00edm.<br \/>\n<em><strong><span style=\"color: #000000;\">4. Bor\u016fvkov\u00e9 na led\u011b:<\/span><\/strong> <\/em>\u0160\u0165avnat\u00e9 bor\u016fvky sp\u00e1rovan\u00e9 s chladiv\u00fdm mentolov\u00fdm v\u00e1nkem.<br \/>\n<em><strong><span style=\"color: #000000;\">5. Bor\u016fvka malina:<\/span><\/strong><\/em> Lahodn\u00e1 sm\u011bs sladk\u00fdch bor\u016fvek a kysel\u00fdch malin.<br \/>\n<em><strong><span style=\"color: #000000;\">6. Bor\u016fvka Kysel\u00e1 Malina:<\/span> <\/strong><\/em>Bor\u016fvky a maliny s kysel\u00fdm n\u00e1dechem.<br \/>\n<em><strong><span style=\"color: #000000;\">7. T\u0159e\u0161e\u0148 Led:<\/span> <\/strong><\/em>Sladk\u00e9 t\u0159e\u0161n\u011b s osv\u011b\u017euj\u00edc\u00edm ledov\u00fdm dotekem.<br \/>\n<em><strong><span style=\"color: #000000;\">8. T\u0159e\u0161e\u0148 Cola:<\/span> <\/strong><\/em>Klasick\u00e1 chu\u0165 coly s n\u00e1dechem t\u0159e\u0161n\u011b.<br \/>\n<em><strong><span style=\"color: #000000;\">9. Cola Led:<\/span> <\/strong><\/em>\u0160umiv\u00e1 cola s chladiv\u00fdm mentolov\u00fdm z\u00e1v\u011brem.<br \/>\n<em><strong><span style=\"color: #000000;\">10. Chladiv\u00e1 M\u00e1ta:<\/span><\/strong> <\/em>Sv\u011b\u017e\u00ed a osv\u011b\u017euj\u00edc\u00ed m\u00e1tov\u00e1 chu\u0165.<br \/>\n<em><strong><span style=\"color: #000000;\">11. Dvojit\u00e9 jablko:<\/span><\/strong> <\/em>Sm\u011bs sladk\u00fdch a kysel\u00fdch jablek.<br \/>\n<em><strong><span style=\"color: #000000;\">12. Dr. Blue:<\/span><\/strong> <\/em>Z\u00e1hadn\u00e1 sm\u011bs bobul\u00ed s chladiv\u00fdm z\u00e1v\u011brem.<br \/>\n<em><strong><span style=\"color: #000000;\">13. Hroznov\u00e9 v\u00edno s ledem:<\/span> <\/strong><\/em>Sladk\u00e9 hrozny s mraziv\u00fdm mentolov\u00fdm n\u00e1dechem.<br \/>\n<em><strong><span style=\"color: #000000;\">14. Nanuk:<\/span> <\/strong><\/em>Nostalgick\u00e1 sm\u011bs ovocn\u00fdch p\u0159\u00edchut\u00ed nanuku.<br \/>\n<em><strong><span style=\"color: #000000;\">15. Kiwi Marakuja Guava:<\/span><\/strong> <\/em>Exotick\u00e1 sm\u011bs kiwi, marakuji a guavy.<br \/>\n<em><strong><span style=\"color: #000000;\">16. Love 66:<\/span> <\/strong><\/em>Unik\u00e1tn\u00ed sm\u011bs tropick\u00e9ho ovoce s n\u00e1dechem mentolu.<br \/>\n<em><strong><span style=\"color: #000000;\">17. Meloun s ledem:<\/span><\/strong> <\/em>Meloun s osv\u011b\u017euj\u00edc\u00edm ledov\u00fdm z\u00e1v\u011brem.<br \/>\n<em><strong><span style=\"color: #000000;\">18. M\u00edchan\u00e9 bobule:<\/span><\/strong><\/em> Sm\u011bs r\u016fzn\u00fdch bobul\u00ed.<br \/>\n<em><strong><span style=\"color: #000000;\">19. Broskev a bobule:<\/span> <\/strong><\/em>\u0160\u0165avnat\u00e9 broskve s bobulov\u00fdm n\u00e1dechem.<br \/>\n<em><strong><span style=\"color: #000000;\">20. Broskev s ledem:<\/span> <\/strong><\/em>Sladk\u00e9 broskve s chladiv\u00fdm mentolov\u00fdm z\u00e1v\u011brem.<br \/>\n<em><strong><span style=\"color: #000000;\">21. Broskvov\u00e9 Mango Ananas:<\/span><\/strong> <\/em>Tropick\u00e1 sm\u011bs broskve, manga a ananasu.<br \/>\n<em><strong><span style=\"color: #000000;\">22. Ananasov\u00fd led:<\/span> <\/strong><\/em>Sladk\u00fd a pikantn\u00ed ananas s mraziv\u00fdm dotekem.<br \/>\n<em><strong><span style=\"color: #000000;\">23. R\u016f\u017eov\u00e1 limon\u00e1da:<\/span> <\/strong><\/em>\u0160\u0165avnat\u00e1 limon\u00e1da s n\u00e1dechem bobul\u00ed.<br \/>\n<em><strong><span style=\"color: #000000;\">24. Skittles:<\/span> <\/strong><\/em>Duha ovocn\u00fdch chut\u00ed.<br \/>\n<em><strong><span style=\"color: #000000;\">25. Jahodov\u00fd ban\u00e1n:<\/span> <\/strong><\/em>Klasick\u00e1 sm\u011bs sladk\u00fdch jahod a kr\u00e9mov\u00fdch ban\u00e1n\u016f.<br \/>\n<em><strong><span style=\"color: #000000;\">26. Jahodov\u00e9 hrozny:<\/span><\/strong> <\/em>Sladk\u00e9 jahody sp\u00e1rovan\u00e9 se \u0161\u0165avnat\u00fdmi hrozny.<br \/>\n<em><strong><span style=\"color: #000000;\">27. Jahodov\u00fd led:<\/span><\/strong> <\/em>\u010cerstv\u00e9 jahody s chladiv\u00fdm mentolov\u00fdm z\u00e1v\u011brem.<br \/>\n<em><strong><span style=\"color: #000000;\">28. Jahodov\u00fd meloun:<\/span> <\/strong><\/em>Osv\u011b\u017euj\u00edc\u00ed sm\u011bs jahod a melounu.<br \/>\n<em><strong><span style=\"color: #000000;\">29. Trojit\u00e9 mango:<\/span> <\/strong><\/em>Intenzivn\u00ed chu\u0165 manga s trojn\u00e1sobnou d\u00e1vkou.<br \/>\n<em><strong><span style=\"color: #000000;\">30. Vimto:<\/span> <\/strong><\/em>Jedine\u010dn\u00e1 sm\u011bs m\u00edchan\u00e9ho ovoce inspirovan\u00e1 klasick\u00fdm n\u00e1pojem.<\/p>\n<div class=\"flex-shrink-0 flex flex-col relative items-end\">\n<div class=\"pt-0\">\n<div class=\"gizmo-bot-avatar flex h-8 w-8 items-center justify-center overflow-hidden rounded-full\">\n<div class=\"relative p-1 rounded-sm flex items-center justify-center bg-token-main-surface-primary text-token-text-primary h-8 w-8\">\n<h2><strong>\u010casto kladen\u00e9 ot\u00e1zky:<\/strong><\/h2>\n<h4>Ot\u00e1zka: Pro\u010d si vybrat jednor\u00e1zovou vapovac\u00ed sadu Fumot RANDM Tornado 30000 puffs?<\/h4>\n<p><span style=\"color: #000000;\"><b>A\uff1a<\/b><\/span>Vyberte si Fumot RANDM Tornado 30000 Puffs pro dlouhotrvaj\u00edc\u00ed, chutn\u00e9 a bezprobl\u00e9mov\u00e9 vapov\u00e1n\u00ed. Ide\u00e1ln\u00ed pro hromadn\u00e9 n\u00e1kupy.<\/p>\n<h4>Ot\u00e1zka: Jak\u00e9 je minim\u00e1ln\u00ed mno\u017estv\u00ed pro velkoobchodn\u00ed objedn\u00e1vku jednor\u00e1zov\u00e9 vapovac\u00ed sady Fumot 30k?<\/h4>\n<p><span style=\"color: #000000;\"><b>A\uff1a<\/b><\/span>Minim\u00e1ln\u00ed objedn\u00e1vka jednor\u00e1zov\u00e9 vapovac\u00ed sady Fumot 30k Tornado Music je 50 ks, \u010d\u00edm v\u011bt\u0161\u00ed mno\u017estv\u00ed objedn\u00e1te, t\u00edm lep\u0161\u00ed cenu z\u00edsk\u00e1te.<\/p>\n<h4>Ot\u00e1zka: Zvy\u0161uje se sleva s po\u010dtem objedn\u00e1vek?<\/h4>\n<p><span style=\"color: #000000;\"><b>A\uff1a<\/b>Slevu nab\u00edz\u00edme ji\u017e za velmi n\u00edzkou cenu, ale cena se s n\u00e1r\u016fstem objednan\u00e9ho mno\u017estv\u00ed nesn\u00ed\u017e\u00ed. Pokus\u00edme se v\u00e1m v\u0161ak zajistit vzorek, a nakonec douf\u00e1me, \u017ee v\u00e1m to p\u0159inese dobrou zku\u0161enost.<\/span><\/p>\n<h4>Ot\u00e1zka: Mohu sledovat bal\u00ed\u010dek s\u00e1m?<\/h4>\n<p><strong><span style=\"color: #000000;\"><b>A\uff1a<\/b><\/span><\/strong><span style=\"color: #000000;\">Ano, jakmile bude bal\u00ed\u010dek odesl\u00e1n, za\u0161leme v\u00e1m sledovac\u00ed \u010d\u00edslo, <\/span><span style=\"color: #000000;\">abyste mohli zkontrolovat jeho stav. Krom\u011b toho budeme bal\u00ed\u010dek sledovat, dokud jej neobdr\u017e\u00edte, a zaru\u010d\u00edme v\u00e1m, \u017ee budete po celou dobu procesu informov\u00e1ni.<\/span><\/p>\n<p>dal\u0161\u00ed vape, kter\u00fd by se v\u00e1m mohl l\u00edbit<br \/>\n<a href=\"https:\/\/vapestornado.com\/cs\/product-category\/30000-puff\/\">Vape s 30 000 potahy<\/a><\/p>\n<\/div>\n<\/div>\n<\/div>\n<\/div>","protected":false},"excerpt":{"rendered":"<p><em><strong>Randm 30k jednor\u00e1zov\u00e1 hudebn\u00ed vape, kter\u00e1 nab\u00edz\u00ed 30 000 pot\u00e1hnut\u00ed a 30 p\u0159\u00edchut\u00ed na v\u00fdb\u011br.\u00a0 <\/strong><\/em><\/p>\n<p><em><strong>U Fumot 30k vape si m\u016f\u017eete vybrat \u00farove\u0148 nikotinu 2% nebo 5%. Krom\u011b toho nab\u00edz\u00edme velkoobchodn\u00ed ceny a nejlep\u0161\u00ed slu\u017eby.<\/strong><\/em><\/p>\n<figure id=\"attachment_3124\" aria-describedby=\"caption-attachment-3124\" style=\"width: 248px\" class=\"wp-caption alignleft\"><img decoding=\"async\" class=\"size-medium wp-image-3124\" src=\"https:\/\/vapestornado.com\/wp-content\/uploads\/2024\/12\/LYN-whatsapp-248x300.jpg\" alt=\"LYN whatsapp\" width=\"248\" height=\"300\" srcset=\"https:\/\/vapestornado.com\/wp-content\/uploads\/2024\/12\/LYN-whatsapp-248x300.jpg 248w, https:\/\/vapestornado.com\/wp-content\/uploads\/2024\/12\/LYN-whatsapp-846x1024.jpg 846w, https:\/\/vapestornado.com\/wp-content\/uploads\/2024\/12\/LYN-whatsapp-768x930.jpg 768w, https:\/\/vapestornado.com\/wp-content\/uploads\/2024\/12\/LYN-whatsapp-600x726.jpg 600w, https:\/\/vapestornado.com\/wp-content\/uploads\/2024\/12\/LYN-whatsapp.jpg 1046w\" sizes=\"(max-width: 248px) 100vw, 248px\" \/><figcaption id=\"caption-attachment-3124\" class=\"wp-caption-text\"><a href=\"https:\/\/wa.me\/8617840853976\"><em><strong>Kontaktujte Lyn a zjist\u011bte v\u00edce o pot\u00e1hnut\u00edch<\/strong><\/em><\/a><\/figcaption><\/figure>","protected":false},"featured_media":3109,"comment_status":"open","ping_status":"closed","template":"","meta":{"_acf_changed":false,"_uag_custom_page_level_css":"","_lmt_disableupdate":"no","_lmt_disable":"","_monsterinsights_skip_tracking":false,"_monsterinsights_sitenote_active":false,"_monsterinsights_sitenote_note":"","_monsterinsights_sitenote_category":0,"site-sidebar-layout":"default","site-content-layout":"","ast-site-content-layout":"default","site-content-style":"default","site-sidebar-style":"default","ast-global-header-display":"","ast-banner-title-visibility":"","ast-main-header-display":"","ast-hfb-above-header-display":"","ast-hfb-below-header-display":"","ast-hfb-mobile-header-display":"","site-post-title":"","ast-breadcrumbs-content":"","ast-featured-img":"","footer-sml-layout":"","ast-disable-related-posts":"","theme-transparent-header-meta":"default","adv-header-id-meta":"","stick-header-meta":"","header-above-stick-meta":"","header-main-stick-meta":"","header-below-stick-meta":"","astra-migrate-meta-layouts":"set","ast-page-background-enabled":"default","ast-page-background-meta":{"desktop":{"background-color":"","background-image":"","background-repeat":"repeat","background-position":"center center","background-size":"auto","background-attachment":"scroll","background-type":"","background-media":"","overlay-type":"","overlay-color":"","overlay-opacity":"","overlay-gradient":""},"tablet":{"background-color":"","background-image":"","background-repeat":"repeat","background-position":"center center","background-size":"auto","background-attachment":"scroll","background-type":"","background-media":"","overlay-type":"","overlay-color":"","overlay-opacity":"","overlay-gradient":""},"mobile":{"background-color":"","background-image":"","background-repeat":"repeat","background-position":"center center","background-size":"auto","background-attachment":"scroll","background-type":"","background-media":"","overlay-type":"","overlay-color":"","overlay-opacity":"","overlay-gradient":""}},"ast-content-background-meta":{"desktop":{"background-color":"var(--ast-global-color-5)","background-image":"","background-repeat":"repeat","background-position":"center center","background-size":"auto","background-attachment":"scroll","background-type":"","background-media":"","overlay-type":"","overlay-color":"","overlay-opacity":"","overlay-gradient":""},"tablet":{"background-color":"var(--ast-global-color-5)","background-image":"","background-repeat":"repeat","background-position":"center center","background-size":"auto","background-attachment":"scroll","background-type":"","background-media":"","overlay-type":"","overlay-color":"","overlay-opacity":"","overlay-gradient":""},"mobile":{"background-color":"var(--ast-global-color-5)","background-image":"","background-repeat":"repeat","background-position":"center center","background-size":"auto","background-attachment":"scroll","background-type":"","background-media":"","overlay-type":"","overlay-color":"","overlay-opacity":"","overlay-gradient":""}},"_joinchat":{"telephone":"17776015835"}},"product_brand":[],"product_cat":[19,67,58],"product_tag":[83,125,124,126,78,114],"class_list":{"0":"post-3107","1":"product","2":"type-product","3":"status-publish","4":"has-post-thumbnail","6":"product_cat-vapes","7":"product_cat-30000-puff","8":"product_cat-fumot-vape","9":"product_tag-fumot-vape","10":"product_tag-randm-30000","11":"product_tag-randm-tornado-30000","12":"product_tag-randm-tornado-30k","13":"product_tag-randm-vape","14":"product_tag-tornado-vape","15":"desktop-align-left","16":"tablet-align-left","17":"mobile-align-left","19":"first","20":"instock","21":"sale","22":"shipping-taxable","23":"purchasable","24":"product-type-simple"},"acf":[],"uagb_featured_image_src":{"full":["https:\/\/vapestornado.com\/wp-content\/uploads\/2024\/12\/Randm-disposable-vape-30k-puffs.jpg",800,800,false],"thumbnail":["https:\/\/vapestornado.com\/wp-content\/uploads\/2024\/12\/Randm-disposable-vape-30k-puffs-150x150.jpg",150,150,true],"medium":["https:\/\/vapestornado.com\/wp-content\/uploads\/2024\/12\/Randm-disposable-vape-30k-puffs-300x300.jpg",300,300,true],"medium_large":["https:\/\/vapestornado.com\/wp-content\/uploads\/2024\/12\/Randm-disposable-vape-30k-puffs-768x768.jpg",768,768,true],"large":["https:\/\/vapestornado.com\/wp-content\/uploads\/2024\/12\/Randm-disposable-vape-30k-puffs.jpg",800,800,false],"1536x1536":["https:\/\/vapestornado.com\/wp-content\/uploads\/2024\/12\/Randm-disposable-vape-30k-puffs.jpg",800,800,false],"2048x2048":["https:\/\/vapestornado.com\/wp-content\/uploads\/2024\/12\/Randm-disposable-vape-30k-puffs.jpg",800,800,false],"trp-custom-language-flag":["https:\/\/vapestornado.com\/wp-content\/uploads\/2024\/12\/Randm-disposable-vape-30k-puffs.jpg",12,12,false],"woocommerce_thumbnail":["https:\/\/vapestornado.com\/wp-content\/uploads\/2024\/12\/Randm-disposable-vape-30k-puffs-300x300.jpg",300,300,true],"woocommerce_single":["https:\/\/vapestornado.com\/wp-content\/uploads\/2024\/12\/Randm-disposable-vape-30k-puffs-600x600.jpg",600,600,true],"woocommerce_gallery_thumbnail":["https:\/\/vapestornado.com\/wp-content\/uploads\/2024\/12\/Randm-disposable-vape-30k-puffs-100x100.jpg",100,100,true]},"uagb_author_info":{"display_name":"ESLYN","author_link":"https:\/\/vapestornado.com\/cs\/author\/"},"uagb_comment_info":0,"uagb_excerpt":"Randm 30k disaposable music vape that can offer 30,000 puffs and 30 flavors to choose.\u00a0 We have 2% or 5% Nicotine level can be choose in Fumot 30k vapes. Beside,we are sale Bulk price and have best service. [caption id=\"attachment_3124\" align=\"alignleft\" width=\"248\"] Contact Lyn to know more about puffs[\/caption]","_links":{"self":[{"href":"https:\/\/vapestornado.com\/cs\/wp-json\/wp\/v2\/product\/3107","targetHints":{"allow":["GET"]}}],"collection":[{"href":"https:\/\/vapestornado.com\/cs\/wp-json\/wp\/v2\/product"}],"about":[{"href":"https:\/\/vapestornado.com\/cs\/wp-json\/wp\/v2\/types\/product"}],"replies":[{"embeddable":true,"href":"https:\/\/vapestornado.com\/cs\/wp-json\/wp\/v2\/comments?post=3107"}],"wp:featuredmedia":[{"embeddable":true,"href":"https:\/\/vapestornado.com\/cs\/wp-json\/wp\/v2\/media\/3109"}],"wp:attachment":[{"href":"https:\/\/vapestornado.com\/cs\/wp-json\/wp\/v2\/media?parent=3107"}],"wp:term":[{"taxonomy":"product_brand","embeddable":true,"href":"https:\/\/vapestornado.com\/cs\/wp-json\/wp\/v2\/product_brand?post=3107"},{"taxonomy":"product_cat","embeddable":true,"href":"https:\/\/vapestornado.com\/cs\/wp-json\/wp\/v2\/product_cat?post=3107"},{"taxonomy":"product_tag","embeddable":true,"href":"https:\/\/vapestornado.com\/cs\/wp-json\/wp\/v2\/product_tag?post=3107"}],"curies":[{"name":"wp","href":"https:\/\/api.w.org\/{rel}","templated":true}]}}