{"id":3103,"date":"2024-12-12T09:36:42","date_gmt":"2024-12-12T09:36:42","guid":{"rendered":"https:\/\/vapestornado.com\/?post_type=product&#038;p=3103"},"modified":"2025-08-23T11:16:54","modified_gmt":"2025-08-23T11:16:54","slug":"randm-tornado-7k-puffs-hot-sale-rechargeable-vape","status":"publish","type":"product","link":"https:\/\/vapestornado.com\/cs\/product\/randm-tornado-7k-puffs-hot-sale-rechargeable-vape\/","title":{"rendered":"Randm Tornado 7k pot\u00e1hnut\u00ed, dob\u00edjec\u00ed Vape, akce"},"content":{"rendered":"<h1>Randm Tornado 7k pot\u00e1hnut\u00ed, dob\u00edjec\u00ed Vape, akce<\/h1>\n<p>&nbsp;<\/p>\n<div role=\"article\" data-tabster=\"{&quot;groupper&quot;:{&quot;tabbability&quot;:2},&quot;focusable&quot;:{}}\" data-content=\"ai-message\" aria-labelledby=\"64JRvXrTnY7mRmPkEQLLT-author 64JRvXrTnY7mRmPkEQLLT-content\">\n<div id=\"64JRvXrTnY7mRmPkEQLLT-content\">\n<p>Pozvedn\u011bte sv\u016fj z\u00e1\u017eitek z vapingu s p\u0159edpln\u011bnou dob\u00edjec\u00ed vapkou Randm Tornado 7000 Puffs, vrcholem luxusu a v\u00fdkonu. Toto \u0161pi\u010dkov\u00e9 za\u0159\u00edzen\u00ed se py\u0161n\u00ed pozoruhodnou kapacitou n\u00e1dr\u017eky 15 ml, kter\u00e1 poskytuje prodlou\u017een\u00e9 pot\u011b\u0161en\u00ed z vapingu bez neust\u00e1l\u00e9 pot\u0159eby dopl\u0148ov\u00e1n\u00ed. Robustn\u00ed baterie s kapacitou 850 mAh zaji\u0161\u0165uje bezprobl\u00e9mov\u00e9 a nep\u0159eru\u0161ovan\u00e9 pou\u017e\u00edv\u00e1n\u00ed, tak\u017ee je spolehliv\u00fdm spole\u010dn\u00edkem doma i na cest\u00e1ch.<\/p>\n<p>Jednou z v\u00fdjime\u010dn\u00fdch vlastnost\u00ed RandM Vape Tornado 7000 je jeho univerz\u00e1lnost s e-liquidy. To v\u00e1m umo\u017en\u00ed prozkoumat rozmanitou \u0161k\u00e1lu chut\u00ed, od povzbuzuj\u00edc\u00edch ovocn\u00fdch sm\u011bs\u00ed a\u017e po bohat\u00fd a uspokojuj\u00edc\u00ed tab\u00e1k. P\u0159izp\u016fsobte si svou cestu vapingu tak, aby vyhovovala va\u0161emu vyt\u0159\u00edben\u00e9mu jaz\u00fd\u010dku, a zajist\u011bte, aby ka\u017ed\u00e9 pot\u00e1hnut\u00ed bylo jedine\u010dn\u00fdm z\u00e1\u017eitkem.<\/p>\n<p>Pokro\u010dil\u00e1 technologie mesh coil zabudovan\u00e1 v RandM Tornado 7k puffs maximalizuje chu\u0165 a produkci p\u00e1ry a prom\u011b\u0148uje ka\u017ed\u00fd n\u00e1dech v n\u00e1dhern\u00fd chu\u0165ov\u00fd vjem. Jeho u\u017eivatelsky p\u0159\u00edv\u011btiv\u00fd design spolu s pohodln\u00fdm nab\u00edjec\u00edm syst\u00e9mem USB-C \u010din\u00ed toto za\u0159\u00edzen\u00ed stejn\u011b praktick\u00fdm, jako je v\u00fdkonn\u00e9.<\/p>\n<p>Pro ty, kte\u0159\u00ed po\u017eaduj\u00ed to nejlep\u0161\u00ed v kvalit\u011b a v\u00fdkonu, je jednor\u00e1zov\u00e1 vapka RandM Tornado 7000 tou nejlep\u0161\u00ed volbou. Jeho kombinace vynikaj\u00edc\u00ed konstrukce, inovativn\u00edch funkc\u00ed a v\u0161estrannosti chut\u00ed nastavuje nov\u00fd standard v luxusn\u00edm vapingu. Za\u017eijte ten rozd\u00edl se za\u0159\u00edzen\u00edm navr\u017een\u00fdm pro znalce, kte\u0159\u00ed oce\u0148uj\u00ed ty nejlep\u0161\u00ed v\u011bci v \u017eivot\u011b.<\/p>\n<\/div>\n<\/div>\n<p>&nbsp;<\/p>\n<p><img fetchpriority=\"high\" decoding=\"async\" class=\"wp-image-2951\" src=\"https:\/\/vapestornado.com\/wp-content\/uploads\/2024\/12\/Wholesale-Disposable-Vape-265x300.jpg\" alt=\"Velkoobchodn\u00ed jednor\u00e1zov\u00e9 Vape\" width=\"295\" height=\"334\" srcset=\"https:\/\/vapestornado.com\/wp-content\/uploads\/2024\/12\/Wholesale-Disposable-Vape-265x300.jpg 265w, https:\/\/vapestornado.com\/wp-content\/uploads\/2024\/12\/Wholesale-Disposable-Vape-768x871.jpg 768w, https:\/\/vapestornado.com\/wp-content\/uploads\/2024\/12\/Wholesale-Disposable-Vape-600x680.jpg 600w, https:\/\/vapestornado.com\/wp-content\/uploads\/2024\/12\/Wholesale-Disposable-Vape.jpg 823w\" sizes=\"(max-width: 295px) 100vw, 295px\" \/><\/p>\n<h6>Pro slevovou cenu kontaktujte Mandy na WhatsApp<a href=\"https:\/\/wa.me\/8618077105796\" target=\"_blank\" rel=\"noopener\">+8618077105796<\/a><\/h6>\n<h2><strong>Randm Vape 7000 Puffs \u2013 Kl\u00ed\u010dov\u00e9 specifikace<\/strong><\/h2>\n<ul>\n<li><strong>Kapacita baterie<\/strong>: 850 mAh pro prodlou\u017een\u00e9 vapov\u00e1n\u00ed.<\/li>\n<li><strong>Objem e-liquidu<\/strong>: 15ml n\u00e1dr\u017eka zaji\u0161\u0165uje trvalou chu\u0165 a uspokojen\u00ed.<\/li>\n<li><strong>Po\u010det pot\u00e1hnut\u00ed<\/strong>: A\u017e 7 000 pot\u00e1hnut\u00ed pro dlouhodob\u00e9 pou\u017e\u00edv\u00e1n\u00ed.<\/li>\n<li><strong>Nab\u00edjen\u00ed<\/strong>: Vybaven portem USB-C pro rychl\u00e9 a pohodln\u00e9 nab\u00edjen\u00ed.<\/li>\n<li><strong>Typ spir\u00e1lky<\/strong>: Pokro\u010dil\u00e1 mesh coil pro hlad\u0161\u00ed a chutn\u011bj\u0161\u00ed p\u00e1ru.<\/li>\n<li><strong>Funkce osv\u011btlen\u00ed<\/strong>: RGB osv\u011btlen\u00ed n\u00e1dr\u017ee dod\u00e1v\u00e1 stylov\u00fd a dynamick\u00fd vizu\u00e1ln\u00ed prvek.<\/li>\n<\/ul>\n<h2><strong>Tornado Vape Randm 7k Pot\u00e1hnut\u00ed \u2013 seznam p\u0159\u00edchut\u00ed:<\/strong><\/h2>\n<p>1 Chladiv\u00e1 m\u00e1ta<br \/>\n2 Bujn\u00fd led<br \/>\n3 Mandarinkov\u00fd led<br \/>\n4 Jahodov\u00fd donut<br \/>\n5 Gumov\u00fd medv\u00eddek<br \/>\n6 Bor\u016fvka s ledem<br \/>\n7 Mango s ledem<br \/>\n8 Broskvov\u00fd led<br \/>\n9 Ban\u00e1nov\u00fd led<br \/>\n10 Hroznov\u00fd led<br \/>\n11 R\u016f\u017eov\u00e1 limon\u00e1da<br \/>\n12 Pina Colada Rum<br \/>\n13 M\u00edchan\u00e9 bobule<br \/>\n14 Ban\u00e1nov\u00fd koktejl<br \/>\n15 Jahodov\u00fd meloun<br \/>\n16 \u010cerven\u00e9 jablko s citronem<br \/>\n17 Ananasov\u00fd led<br \/>\n18 Cukrov\u00e1 vata<br \/>\n19 Jahodov\u00fd ban\u00e1n<br \/>\n20 Jahodov\u00fd led<br \/>\n21 Jahodov\u00e9 kiwi<br \/>\n22. \u010cerven\u00fd energetick\u00fd led<br \/>\n23. Modr\u00e1 malinov\u00e1 limon\u00e1da<br \/>\n24. \u010cerven\u00e9 jablko s ledem<br \/>\n25. Malinov\u00e1 limon\u00e1da<br \/>\n26. Bor\u016fvkov\u00e1 \u017ev\u00fdka\u010dka<br \/>\n27. Modr\u00e1 kysel\u00e1 malina<br \/>\n28. Dr. Blue<br \/>\n29. Jablko Broskev Hru\u0161ka<br \/>\n30. Bor\u016fvka Gran\u00e1tov\u00e9 jablko<br \/>\n31. Vimto<br \/>\n32. Kiwi Mu\u010denka Guava<br \/>\n33. Colaice<br \/>\n34. Kysel\u00e9 jablko<br \/>\n35. \u010cern\u00fd ryb\u00edz Mentol<br \/>\n36. Tyg\u0159\u00ed krev<br \/>\n37. Broskvov\u00e9 bor\u016fvkov\u00e9 bonb\u00f3ny<br \/>\n38. Broskev Mango<br \/>\n39. Jahoda Red Bull<br \/>\n40. \u010cernoryb\u00edzov\u00fd led<br \/>\n41. Jahodov\u00e1 melounov\u00e1 limon\u00e1da<br \/>\n42. T\u0159e\u0161e\u0148<br \/>\n43. Modr\u00e1 malina T\u0159e\u0161e\u0148<br \/>\n44. Skittles<br \/>\n45. Bor\u016fvka Malina<br \/>\n46. Jahodov\u00e9 hrozny<br \/>\n47. Bor\u016fvka T\u0159e\u0161e\u0148 Brusinka<br \/>\n48. Jable\u010dn\u00e1 bobulov\u00e1 exploze<br \/>\n49. T\u0159e\u0161\u0148ov\u00e1 Cola<br \/>\n50. Citron<br \/>\n51. R\u016f\u017eov\u00fd V\u00fdbuch<br \/>\n52. Pacifick\u00fd Chladi\u010d<br \/>\n53. Ledov\u00e1 L\u00edz\u00e1tko<br \/>\n54. Bingo Drti\u010d<br \/>\n55. Vimto Drti\u010d<br \/>\n56. Tab\u00e1k<\/p>\n<div role=\"article\" data-tabster=\"{&quot;groupper&quot;:{&quot;tabbability&quot;:2},&quot;focusable&quot;:{}}\" data-content=\"ai-message\" aria-labelledby=\"dARUyEWDoEYhnSPXFwx5A-author dARUyEWDoEYhnSPXFwx5A-content\">\n<div id=\"dARUyEWDoEYhnSPXFwx5A-content\">\n<h2>Pro\u010d si vybrat RandM Tornado 7000 Puffs Vapes u <a href=\"https:\/\/vapestornado.com\/cs\/store\/\">vapestornado.com<\/a>?<\/h2>\n<p><strong>1. Vynikaj\u00edc\u00ed kapacita n\u00e1dr\u017eky<\/strong>: RandM Tornado 7000 Puffs Vape se vyzna\u010duje vynikaj\u00edc\u00ed kapacitou n\u00e1dr\u017eky 15 ml, kter\u00e1 poskytuje prodlou\u017een\u00e9 vapovac\u00ed relace bez nutnosti neust\u00e1l\u00e9ho dopl\u0148ov\u00e1n\u00ed. Ide\u00e1ln\u00ed pro dlouh\u00e9 dny a neru\u0161en\u00e9 pot\u011b\u0161en\u00ed.<\/p>\n<p><strong>2. Robustn\u00ed v\u00fdkon baterie<\/strong>: Toto za\u0159\u00edzen\u00ed, vybaven\u00e9 dob\u00edjec\u00ed bateri\u00ed s kapacitou 850 mAh, zaru\u010duje nep\u0159etr\u017eit\u00fd a spolehliv\u00fd v\u00fdkon, tak\u017ee nikdy nezme\u0161k\u00e1te \u017e\u00e1dn\u00fd okam\u017eik, a\u0165 u\u017e jste doma nebo na cest\u00e1ch.<\/p>\n<p><strong>3. V\u0161estrannost chut\u00ed<\/strong>: RandM Tornado 7000, kompatibiln\u00ed s r\u016fzn\u00fdmi e-liquidy, v\u00e1m umo\u017e\u0148uje p\u0159izp\u016fsobit si z\u00e1\u017eitek z vapov\u00e1n\u00ed. Od sm\u011bs\u00ed \u010derstv\u00e9ho ovoce po bohat\u00e9 tab\u00e1kov\u00e9 p\u0159\u00edchut\u011b, va\u0161e mo\u017enosti jsou neomezen\u00e9.<\/p>\n<p><strong>4. Pokro\u010dil\u00e1 technologie Mesh Coil<\/strong>: Inovativn\u00ed technologie mesh coil zaji\u0161\u0165uje optim\u00e1ln\u00ed rozvinut\u00ed chuti a produkci p\u00e1ry, \u010d\u00edm\u017e se ka\u017ed\u00e9 pot\u00e1hnut\u00ed prom\u011bn\u00ed ve vynikaj\u00edc\u00ed chu\u0165ov\u00fd z\u00e1\u017eitek. Za\u017eijte vrchol intenzity chuti s ka\u017ed\u00fdm n\u00e1dechem.<\/p>\n<p><strong>5. U\u017eivatelsky p\u0159\u00edv\u011btiv\u00fd design<\/strong>: D\u00edky snadn\u00e9mu dopl\u0148ov\u00e1n\u00ed a praktick\u00e9mu nab\u00edjec\u00edmu syst\u00e9mu USB-C je RandM Tornado 7000 navr\u017een pro pohodl\u00ed a efektivitu. Nen\u00ed jen v\u00fdkonn\u00fd; je tak\u00e9 neuv\u011b\u0159iteln\u011b snadn\u00e9 jej pou\u017e\u00edvat.<\/p>\n<p>Vyberte si RandM Tornado 7000 Puffs Vape Pod od <a href=\"https:\/\/vapestornado.com\/cs\/store\/\">vapestornado.com<\/a> pro z\u00e1\u017eitek z vapingu, kter\u00fd kombinuje luxus, v\u00fdkon a v\u0161estrannost.<\/p>\n<\/div>\n<\/div>\n<h2>\u010casto kladen\u00e9 ot\u00e1zky o dob\u00edjec\u00edm vapu RandM Tornado 7000 Puffs<\/h2>\n<p><strong>Ot\u00e1zka: Kolik pot\u00e1hnut\u00ed mohu o\u010dek\u00e1vat od RandM Tornado 7000?<\/strong><\/p>\n<p><strong>A:<\/strong> RandM Tornado 7000 nab\u00edz\u00ed p\u0159ibli\u017en\u011b 7 000 pot\u00e1hnut\u00ed na za\u0159\u00edzen\u00ed, co\u017e zaji\u0161\u0165uje dlouhotrvaj\u00edc\u00ed z\u00e1\u017eitek z vapingu.<\/p>\n<p><strong>Ot\u00e1zka: Jak\u00e1 je kapacita baterie RandM Tornado 7000?<\/strong><\/p>\n<p><strong>A:<\/strong> RandM Tornado 7000 je vybaven dob\u00edjec\u00ed bateri\u00ed s kapacitou 850 mAh, kter\u00e1 poskytuje konzistentn\u00ed v\u00fdkon a spolehlivost.<\/p>\n<p><strong>Ot\u00e1zka: Jak mohu dob\u00edt vape pero RandM Tornado 7000 puff?<\/strong><\/p>\n<p><strong>A:<\/strong> Za\u0159\u00edzen\u00ed je vybaveno nab\u00edjec\u00edm portem USB-C, kter\u00fd usnad\u0148uje dob\u00edjen\u00ed. Jednodu\u0161e p\u0159ipojte za\u0159\u00edzen\u00ed ke kompatibiln\u00ed nab\u00edje\u010dce a dobijte podle pot\u0159eby.<\/p>\n<p><strong>Ot\u00e1zka: Jakou kapacitu e-liquidu m\u00e1 randm vape Tornado 7000 puffs?<\/strong><\/p>\n<p><strong>A:<\/strong> Kapacita n\u00e1dr\u017eky RandM Tornado 7k puff je 15 ml, co\u017e zaji\u0161\u0165uje del\u0161\u00ed pou\u017e\u00edv\u00e1n\u00ed bez \u010dast\u00e9ho dopl\u0148ov\u00e1n\u00ed.<\/p>\n<p>&nbsp;<\/p>","protected":false},"excerpt":{"rendered":"<p><strong>Z\u00edskejte Randm Tornado 7000 Puffs za zv\u00fdhodn\u011bnou cenu je\u0161t\u011b dnes<\/strong><\/p>\n<p><strong>Dostupn\u00e1 velkoobchodn\u00ed cena pro Randm Tornado 7000 Puffs Vapes<\/strong><\/p>\n<p><strong>Hromadn\u00fd n\u00e1kup Randm Tornado 7000 Puff Vape pro maxim\u00e1ln\u00ed \u00faspory<\/strong><\/p>\n<figure id=\"attachment_2951\" aria-describedby=\"caption-attachment-2951\" style=\"width: 265px\" class=\"wp-caption alignnone\"><img decoding=\"async\" class=\"size-medium wp-image-2951\" src=\"https:\/\/vapestornado.com\/wp-content\/uploads\/2024\/12\/Wholesale-Disposable-Vape-265x300.jpg\" alt=\"Velkoobchodn\u00ed jednor\u00e1zov\u00e9 Vape\" width=\"265\" height=\"300\" srcset=\"https:\/\/vapestornado.com\/wp-content\/uploads\/2024\/12\/Wholesale-Disposable-Vape-265x300.jpg 265w, https:\/\/vapestornado.com\/wp-content\/uploads\/2024\/12\/Wholesale-Disposable-Vape-768x871.jpg 768w, https:\/\/vapestornado.com\/wp-content\/uploads\/2024\/12\/Wholesale-Disposable-Vape-600x680.jpg 600w, https:\/\/vapestornado.com\/wp-content\/uploads\/2024\/12\/Wholesale-Disposable-Vape.jpg 823w\" sizes=\"(max-width: 265px) 100vw, 265px\" \/><figcaption id=\"caption-attachment-2951\" class=\"wp-caption-text\">Pro slevovou cenu kontaktujte Mandy na WhatsApp\u00a0 <a href=\"https:\/\/wa.me\/8618077105796\">+8618077105796<\/a><\/figcaption><\/figure>\n<p>&nbsp;<\/p>","protected":false},"featured_media":3117,"comment_status":"open","ping_status":"closed","template":"","meta":{"_acf_changed":false,"_uag_custom_page_level_css":"","_lmt_disableupdate":"no","_lmt_disable":"","_monsterinsights_skip_tracking":false,"_monsterinsights_sitenote_active":false,"_monsterinsights_sitenote_note":"","_monsterinsights_sitenote_category":0,"site-sidebar-layout":"default","site-content-layout":"","ast-site-content-layout":"default","site-content-style":"default","site-sidebar-style":"default","ast-global-header-display":"","ast-banner-title-visibility":"","ast-main-header-display":"","ast-hfb-above-header-display":"","ast-hfb-below-header-display":"","ast-hfb-mobile-header-display":"","site-post-title":"","ast-breadcrumbs-content":"","ast-featured-img":"","footer-sml-layout":"","ast-disable-related-posts":"","theme-transparent-header-meta":"default","adv-header-id-meta":"","stick-header-meta":"","header-above-stick-meta":"","header-main-stick-meta":"","header-below-stick-meta":"","astra-migrate-meta-layouts":"set","ast-page-background-enabled":"default","ast-page-background-meta":{"desktop":{"background-color":"","background-image":"","background-repeat":"repeat","background-position":"center center","background-size":"auto","background-attachment":"scroll","background-type":"","background-media":"","overlay-type":"","overlay-color":"","overlay-opacity":"","overlay-gradient":""},"tablet":{"background-color":"","background-image":"","background-repeat":"repeat","background-position":"center center","background-size":"auto","background-attachment":"scroll","background-type":"","background-media":"","overlay-type":"","overlay-color":"","overlay-opacity":"","overlay-gradient":""},"mobile":{"background-color":"","background-image":"","background-repeat":"repeat","background-position":"center center","background-size":"auto","background-attachment":"scroll","background-type":"","background-media":"","overlay-type":"","overlay-color":"","overlay-opacity":"","overlay-gradient":""}},"ast-content-background-meta":{"desktop":{"background-color":"var(--ast-global-color-5)","background-image":"","background-repeat":"repeat","background-position":"center center","background-size":"auto","background-attachment":"scroll","background-type":"","background-media":"","overlay-type":"","overlay-color":"","overlay-opacity":"","overlay-gradient":""},"tablet":{"background-color":"var(--ast-global-color-5)","background-image":"","background-repeat":"repeat","background-position":"center center","background-size":"auto","background-attachment":"scroll","background-type":"","background-media":"","overlay-type":"","overlay-color":"","overlay-opacity":"","overlay-gradient":""},"mobile":{"background-color":"var(--ast-global-color-5)","background-image":"","background-repeat":"repeat","background-position":"center center","background-size":"auto","background-attachment":"scroll","background-type":"","background-media":"","overlay-type":"","overlay-color":"","overlay-opacity":"","overlay-gradient":""}},"_joinchat":{"telephone":"+8618077105796"}},"product_brand":[],"product_cat":[58,74,153,154,148],"product_tag":[97,127],"class_list":{"0":"post-3103","1":"product","2":"type-product","3":"status-publish","4":"has-post-thumbnail","6":"product_cat-fumot-vape","7":"product_cat-7000-puff","8":"product_cat-buy-disposable-vapes-in-italy","9":"product_cat-buy-disposable-vapes-in-netherlands","10":"product_cat-tornado-disposable-vapes","11":"product_tag-hot-sale-disposable-vape","12":"product_tag-randm-tornado-7000","13":"desktop-align-left","14":"tablet-align-left","15":"mobile-align-left","17":"first","18":"instock","19":"sale","20":"shipping-taxable","21":"purchasable","22":"product-type-simple"},"acf":[],"uagb_featured_image_src":{"full":["https:\/\/vapestornado.com\/wp-content\/uploads\/2024\/12\/Randm-7000-Puff-Strawberry-Watermelon-Lemonade.jpg",800,800,false],"thumbnail":["https:\/\/vapestornado.com\/wp-content\/uploads\/2024\/12\/Randm-7000-Puff-Strawberry-Watermelon-Lemonade-150x150.jpg",150,150,true],"medium":["https:\/\/vapestornado.com\/wp-content\/uploads\/2024\/12\/Randm-7000-Puff-Strawberry-Watermelon-Lemonade-300x300.jpg",300,300,true],"medium_large":["https:\/\/vapestornado.com\/wp-content\/uploads\/2024\/12\/Randm-7000-Puff-Strawberry-Watermelon-Lemonade-768x768.jpg",768,768,true],"large":["https:\/\/vapestornado.com\/wp-content\/uploads\/2024\/12\/Randm-7000-Puff-Strawberry-Watermelon-Lemonade.jpg",800,800,false],"1536x1536":["https:\/\/vapestornado.com\/wp-content\/uploads\/2024\/12\/Randm-7000-Puff-Strawberry-Watermelon-Lemonade.jpg",800,800,false],"2048x2048":["https:\/\/vapestornado.com\/wp-content\/uploads\/2024\/12\/Randm-7000-Puff-Strawberry-Watermelon-Lemonade.jpg",800,800,false],"trp-custom-language-flag":["https:\/\/vapestornado.com\/wp-content\/uploads\/2024\/12\/Randm-7000-Puff-Strawberry-Watermelon-Lemonade.jpg",12,12,false],"woocommerce_thumbnail":["https:\/\/vapestornado.com\/wp-content\/uploads\/2024\/12\/Randm-7000-Puff-Strawberry-Watermelon-Lemonade-300x300.jpg",300,300,true],"woocommerce_single":["https:\/\/vapestornado.com\/wp-content\/uploads\/2024\/12\/Randm-7000-Puff-Strawberry-Watermelon-Lemonade-600x600.jpg",600,600,true],"woocommerce_gallery_thumbnail":["https:\/\/vapestornado.com\/wp-content\/uploads\/2024\/12\/Randm-7000-Puff-Strawberry-Watermelon-Lemonade-100x100.jpg",100,100,true]},"uagb_author_info":{"display_name":"ESMANDY","author_link":"https:\/\/vapestornado.com\/cs\/author\/"},"uagb_comment_info":0,"uagb_excerpt":"Grab Randm Tornado 7000 Puffs at a Discount Price Today Affordable Wholesale Price for Randm Tornado 7000 Puffs Vapes Bulk Buy Randm Tornado 7000 Puff Vape for Maximum Savings [caption id=\"attachment_2951\" align=\"alignnone\" width=\"265\"] Pls Contact Mandy's WhatsApp For Discount Price\u00a0 +8618077105796[\/caption] &nbsp;","_links":{"self":[{"href":"https:\/\/vapestornado.com\/cs\/wp-json\/wp\/v2\/product\/3103","targetHints":{"allow":["GET"]}}],"collection":[{"href":"https:\/\/vapestornado.com\/cs\/wp-json\/wp\/v2\/product"}],"about":[{"href":"https:\/\/vapestornado.com\/cs\/wp-json\/wp\/v2\/types\/product"}],"replies":[{"embeddable":true,"href":"https:\/\/vapestornado.com\/cs\/wp-json\/wp\/v2\/comments?post=3103"}],"wp:featuredmedia":[{"embeddable":true,"href":"https:\/\/vapestornado.com\/cs\/wp-json\/wp\/v2\/media\/3117"}],"wp:attachment":[{"href":"https:\/\/vapestornado.com\/cs\/wp-json\/wp\/v2\/media?parent=3103"}],"wp:term":[{"taxonomy":"product_brand","embeddable":true,"href":"https:\/\/vapestornado.com\/cs\/wp-json\/wp\/v2\/product_brand?post=3103"},{"taxonomy":"product_cat","embeddable":true,"href":"https:\/\/vapestornado.com\/cs\/wp-json\/wp\/v2\/product_cat?post=3103"},{"taxonomy":"product_tag","embeddable":true,"href":"https:\/\/vapestornado.com\/cs\/wp-json\/wp\/v2\/product_tag?post=3103"}],"curies":[{"name":"wp","href":"https:\/\/api.w.org\/{rel}","templated":true}]}}