{"id":3101,"date":"2024-12-12T09:12:28","date_gmt":"2024-12-12T09:12:28","guid":{"rendered":"https:\/\/vapestornado.com\/?post_type=product&#038;p=3101"},"modified":"2025-12-05T08:52:27","modified_gmt":"2025-12-05T08:52:27","slug":"jnr-falcon-x-18000-puffs-disposable-vape-wholesale-price","status":"publish","type":"product","link":"https:\/\/vapestornado.com\/cs\/product\/jnr-falcon-x-18000-puffs-disposable-vape-wholesale-price\/","title":{"rendered":"JNR Falcon X 18000 Puffs jednor\u00e1zov\u00fd Vape velkoobchodn\u00ed cena"},"content":{"rendered":"<h1 class=\"product-title\">JNR Falcon X 18000 Puffs jednor\u00e1zov\u00fd Vape velkoobchodn\u00ed cena<\/h1>\n<p data-start=\"1154\" data-end=\"1343\">JNR Falcon X 18000 poskytuje 18 000 pota\u017een\u00ed s du\u00e1ln\u00edmi s\u00ed\u0165ov\u00fdmi c\u00edvkami, 950mAh dob\u00edjec\u00ed bateri\u00ed typu C a HD displejem\u2014navr\u017een\u00fd pro stabiln\u00ed chu\u0165 a dlouhodob\u00e9 denn\u00ed pou\u017e\u00edv\u00e1n\u00ed bez poklesu p\u0159i sp\u00e1len\u00ed.<\/p>\n<p data-start=\"567\" data-end=\"897\"><strong data-start=\"567\" data-end=\"608\">Kapacita 18K, kter\u00e1 odpov\u00edd\u00e1 skute\u010dn\u00fdm rutin\u00e1m.<\/strong><br data-start=\"608\" data-end=\"611\" \/>Ten <strong data-start=\"615\" data-end=\"653\">JNR Falcon X 18000 jednor\u00e1zov\u00fd vaporiz\u00e9r<\/strong> je ur\u010den pro del\u0161\u00ed pou\u017e\u00edv\u00e1n\u00ed, nikoliv kr\u00e1tk\u00e9 v\u00fdbuchy. S <strong data-start=\"700\" data-end=\"722\">a\u017e 18 000 pota\u017een\u00edmi<\/strong>, sni\u017euje frekvenci v\u00fdm\u011bny ve srovn\u00e1n\u00ed s men\u0161\u00edmi jednor\u00e1zov\u00fdmi za\u0159\u00edzen\u00edmi. Pro ka\u017ed\u00e9ho, kdo pou\u017e\u00edv\u00e1 vaporiz\u00e9r b\u011bhem pracovn\u00edch dn\u016f a v\u00edkend\u016f, je to d\u016fle\u017eit\u011bj\u0161\u00ed ne\u017e luxusn\u00ed dopl\u0148ky.<\/p>\n<p data-start=\"899\" data-end=\"1149\"><strong data-start=\"899\" data-end=\"936\">Du\u00e1ln\u00ed s\u00ed\u0165ov\u00e9 c\u00edvky pro stabiln\u00ed chu\u0165.<\/strong><br data-start=\"936\" data-end=\"939\" \/>Uvnit\u0159, <strong data-start=\"949\" data-end=\"974\">syst\u00e9mu du\u00e1ln\u00ed mesh spir\u00e1lky<\/strong> rovnom\u011brn\u011b rozv\u00e1d\u00ed teplo. To udr\u017euje tah hladk\u00fd a pom\u00e1h\u00e1 se vyhnout drsn\u00e9, sp\u00e1len\u00e9 chuti, kter\u00e1 se objevuje u slab\u0161\u00edch za\u0159\u00edzen\u00ed s vysok\u00fdm po\u010dtem pota\u017een\u00ed. Chu\u0165 z\u016fst\u00e1v\u00e1 konzistentn\u00ed i hloub\u011bji v n\u00e1dr\u017ei.<\/p>\n<p data-start=\"1151\" data-end=\"1400\"><strong data-start=\"1151\" data-end=\"1192\">Velk\u00e1 dob\u00edjec\u00ed baterie s Type-C.<\/strong><br data-start=\"1192\" data-end=\"1195\" \/>A <strong data-start=\"1197\" data-end=\"1215\">950mAh baterie<\/strong> nap\u00e1j\u00ed toto za\u0159\u00edzen\u00ed a je dob\u00edjec\u00ed. Kdy\u017e se baterie vybije, rychl\u00e9 <strong data-start=\"1294\" data-end=\"1311\">dopln\u011bn\u00ed p\u0159es Type-C<\/strong> ho vr\u00e1t\u00ed do provozu, tak\u017ee tekutina nep\u0159ijde nazmar, proto\u017ee se nejd\u0159\u00edve vybije nap\u00e1jen\u00ed.<\/p>\n<p data-start=\"1402\" data-end=\"1619\"><strong data-start=\"1402\" data-end=\"1437\">HD displej zachov\u00e1v\u00e1 jednoduchost.<\/strong><br data-start=\"1437\" data-end=\"1440\" \/>Displej ukazuje <strong data-start=\"1457\" data-end=\"1493\">stav baterie a hladinu e-liquidu<\/strong> v re\u00e1ln\u00e9m \u010dase. U\u017eivatel\u00e9 mohou vid\u011bt, co zb\u00fdv\u00e1, dob\u00edt p\u0159ed t\u00edm, ne\u017e klesne v\u00fdkon, a vyhnout se p\u0159ekvapiv\u00fdm such\u00fdm z\u00e1blesk\u016fm ke konci.<\/p>\n<p data-start=\"1621\" data-end=\"1892\"><strong data-start=\"1621\" data-end=\"1660\">Mo\u017enosti s n\u00edzk\u00fdm obsahem nikotinu pro kontrolovan\u00e9 pou\u017eit\u00ed.<\/strong><br data-start=\"1660\" data-end=\"1663\" \/>Tento model je nab\u00edzen v ni\u017e\u0161\u00edch volb\u00e1ch nikotinu pro lidi, kte\u0159\u00ed cht\u011bj\u00ed stabiln\u011bj\u0161\u00ed, m\u00e9n\u011b agresivn\u00ed z\u00e1\u017eitek. To \u010din\u00ed <strong data-start=\"1782\" data-end=\"1802\">JNR 18K Falcon X<\/strong> praktick\u00fdm krokem pro ku\u0159\u00e1ky, kte\u0159\u00ed cht\u011bj\u00ed v\u011bt\u0161\u00ed kontrolu nad p\u0159\u00edjmem bez zkr\u00e1cen\u00ed doby pou\u017e\u00edv\u00e1n\u00ed.<\/p>\n<p><strong>P\u0159idejte si Amyin Whatsapp, z\u00edskejte okam\u017eitou odpov\u011b\u010f a kup\u00f3n na vape!<\/strong><\/p>\n<p><img fetchpriority=\"high\" decoding=\"async\" class=\"size-full wp-image-2932\" src=\"https:\/\/vapestornado.com\/wp-content\/uploads\/2024\/12\/Vape-Wholesale.jpg\" alt=\"Velkoobchod s vape\" width=\"229\" height=\"300\" \/><\/p>\n<h3><a href=\"https:\/\/wa.me\/8617776015835\" target=\"_blank\" rel=\"noopener\"><span style=\"color: #ff0000;\"><strong>WhatsApp: +86 17776015835<\/strong><\/span><\/a><\/h3>\n<p>&nbsp;<\/p>\n<h2><strong>Funkce produktu JNR Falcon X 18000<\/strong><\/h2>\n<div role=\"article\" data-tabster=\"{&quot;groupper&quot;:{&quot;tabbability&quot;:2},&quot;focusable&quot;:{}}\" data-content=\"ai-message\" aria-labelledby=\"juhNTJ6o7Gk1cgwZMJgv2-author juhNTJ6o7Gk1cgwZMJgv2-content\">\n<div id=\"juhNTJ6o7Gk1cgwZMJgv2-content\">\n<div role=\"article\" data-tabster=\"{&quot;groupper&quot;:{&quot;tabbability&quot;:2},&quot;focusable&quot;:{}}\" data-content=\"ai-message\" aria-labelledby=\"x4EZuCZWrTbh3weWUt7CU-author x4EZuCZWrTbh3weWUt7CU-content\">\n<div id=\"x4EZuCZWrTbh3weWUt7CU-content\">\n<table>\n<thead>\n<tr>\n<th>Funkce \/ Parametr<\/th>\n<th align=\"right\">Specifikace<\/th>\n<th>Vysv\u011btlen\u00ed<\/th>\n<\/tr>\n<\/thead>\n<tbody>\n<tr>\n<td>N\u00e1zev produktu<\/td>\n<td align=\"right\">JNR Falcon X 18000 pot\u00e1hnut\u00ed jednor\u00e1zov\u00fd vape<\/td>\n<td>Jasn\u00e9 pojmenov\u00e1n\u00ed pro opakovan\u00e9 objedn\u00e1vky a vyhled\u00e1v\u00e1n\u00ed.<\/td>\n<\/tr>\n<tr>\n<td>Kapacita pot\u00e1hnut\u00ed<\/td>\n<td align=\"right\">A\u017e 18 000 pota<\/td>\n<td>Dlouhotrvaj\u00edc\u00ed pou\u017eit\u00ed; m\u00e9n\u011b v\u00fdm\u011bn za\u0159\u00edzen\u00ed.<\/td>\n<\/tr>\n<tr>\n<td>Typ spir\u00e1lky<\/td>\n<td align=\"right\">Du\u00e1ln\u00ed mesh spir\u00e1lky<\/td>\n<td>Rovnom\u011brn\u00e9 vyt\u00e1p\u011bn\u00ed = hlad\u0161\u00ed p\u00e1ra, stabiln\u011bj\u0161\u00ed chu\u0165, m\u00e9n\u011b sp\u00e1len\u00fdch z\u00e1blesk\u016f.<\/td>\n<\/tr>\n<tr>\n<td>Baterie<\/td>\n<td align=\"right\">950mAh dob\u00edjec\u00ed<\/td>\n<td>Dostate\u010dn\u011b siln\u00fd pro pou\u017eit\u00ed s vysok\u00fdm po\u010dtem pota; dob\u00edjen\u00ed pro dokon\u010den\u00ed n\u00e1dr\u017ee.<\/td>\n<\/tr>\n<tr>\n<td>Nab\u00edjen\u00ed<\/td>\n<td align=\"right\">USB Type-C rychl\u00e9 nab\u00edjen\u00ed<\/td>\n<td>B\u011b\u017en\u00fd standard kabelu; krat\u0161\u00ed doba odst\u00e1vky.<\/td>\n<\/tr>\n<tr>\n<td>Displej<\/td>\n<td align=\"right\">HD displej (baterie + e-liquid)<\/td>\n<td>Ukazuje zb\u00fdvaj\u00edc\u00ed v\u00fdkon a tekutinu, abyste z\u016fstali ve kontrole.<\/td>\n<\/tr>\n<tr>\n<td>Mo\u017enosti nikotinu<\/td>\n<td align=\"right\">Varianty s n\u00edzk\u00fdm obsahem nikotinu<\/td>\n<td>Vhodn\u00e9 pro u\u017eivatele, kte\u0159\u00ed cht\u011bj\u00ed leh\u010d\u00ed denn\u00ed z\u00e1\u017eitek.<\/td>\n<\/tr>\n<tr>\n<td>Konstrukce<\/td>\n<td align=\"right\">Kompaktn\u00ed, odoln\u00e9 t\u011blo<\/td>\n<td>Snadn\u00e9 no\u0161en\u00ed; vydr\u017e\u00ed ka\u017edodenn\u00ed pou\u017e\u00edv\u00e1n\u00ed v kapse.<\/td>\n<\/tr>\n<tr>\n<td>C\u00edlov\u00e9 p\u0159izp\u016fsoben\u00ed<\/td>\n<td align=\"right\">EU maloobchod a velkoobchod 2025<\/td>\n<td>Segment s vysokou kapacitou a popt\u00e1vkou po opakovan\u00e9m prodeji.<\/td>\n<\/tr>\n<\/tbody>\n<\/table>\n<\/div>\n<\/div>\n<\/div>\n<\/div>\n<h2 class=\"product-title\"><strong>Seznam p\u0159\u00edchut\u00ed JNR Falcon X 18000<\/strong><\/h2>\n<p>1. Blue Razz Ice<br \/>\n2.Bor\u016fvka Malina<br \/>\n3.Chladiv\u00e1 m\u00e1ta<br \/>\n4.Kiwi Meloun Led<br \/>\n5.Hroznov\u00fd led<br \/>\n6.Jahoda kiwi<br \/>\n7.Jahodov\u00fd meloun led<br \/>\n8.Meloun led<br \/>\n9. Ledov\u00e1 jahoda<br \/>\n10.Mix lesn\u00edch plod\u016f<br \/>\n11.Melounov\u00e1 \u017ev\u00fdka\u010dka<br \/>\n12.Kysel\u00e9 jablko led<br \/>\n13.Broskvov\u00fd led<br \/>\n14.Bobulov\u00fd mix<br \/>\n15.Bor\u016fvka Malina T\u0159e\u0161e\u0148<br \/>\n16.T\u0159e\u0161\u0148ov\u00fd mix<br \/>\n17.Jahoda Ban\u00e1n<br \/>\n18.Bor\u016fvka Kiwi<br \/>\n19.Marakuja Kiwi<br \/>\n20.B\u00edl\u00e1 broskev malina<br \/>\n21.Modr\u00e1 malina t\u0159e\u0161e\u0148<br \/>\n22.T\u0159e\u0161e\u0148 Meloun Mra\u017een\u00fd<br \/>\n23.T\u0159e\u0161\u0148ov\u00e1 Cola<br \/>\n24.Ban\u00e1nov\u00e1 ledov\u00e1<br \/>\n25. Skittles<br \/>\n26.Trojit\u00fd meloun<br \/>\n27.Pan modr\u00fd<br \/>\n28.T\u0159e\u0161\u0148ov\u00e1 ledov\u00e1<br \/>\n29.Vodn\u00ed meloun s li\u010di<\/p>\n<h3>Pro\u010d si vybrat vapestornado pro velkoobchod s jednor\u00e1zov\u00fdmi vapovac\u00edmi pery JNR 18000 Puffs?<\/h3>\n<div class=\"flex-shrink-0 flex flex-col relative items-end\">\n<div class=\"pt-0\">\n<div class=\"gizmo-bot-avatar flex h-8 w-8 items-center justify-center overflow-hidden rounded-full\">\n<div class=\"relative p-1 rounded-sm flex items-center justify-center bg-token-main-surface-primary text-token-text-primary h-8 w-8\">\n<p>V\u00edtejte ve vapestornado, va\u0161em d\u016fv\u011bryhodn\u00e9m online obchod\u011b s vapovac\u00edmi pot\u0159ebami pro pr\u00e9miov\u00e9 jednor\u00e1zov\u00e9 vapy. S v\u00edce ne\u017e 5let\u00fdmi zku\u0161enostmi v\u00e1m p\u0159in\u00e1\u0161\u00edme obl\u00edben\u00e9 zna\u010dky jednor\u00e1zov\u00fdch vape, jako jsou Fumot RandM Vape, <a href=\"https:\/\/vapestornado.com\/cs\/product\/vapme-crystal-7000-puffs-rechargeable-disposable-vape-wholesale-cheap-price\/\">Vapme<\/a>, Bang Vape, Waspe Vape a WGA Vape, atd.<\/p>\n<p>N\u00e1\u0161 sortiment zahrnuje \u017ehav\u00e9 vapy, jako je <a href=\"https:\/\/vapestornado.com\/cs\/product\/fumot-randm-tornado-15000-puffs-rechargeable-disposable-vape-wholesale\/\">RandM Tornado 15000<\/a>, a chu\u0165ov\u011b bohat\u00e9 varianty jako <a href=\"https:\/\/vapestornado.com\/cs\/product\/waspe-40000-puffs-double-flavour-led-display-disposable-vape-wholesale\/\">WASPE Dvojit\u00e1 p\u0159\u00edchu\u0165 40000 tah\u016f<\/a> . Ka\u017ed\u00fd produkt je vyb\u00edr\u00e1n s d\u016frazem na kvalitu, hodnotu a rozmanitost, abychom zajistili, \u017ee najdete to prav\u00e9 pro va\u0161e pot\u0159eby. Objevte v\u00fdjime\u010dn\u00e9 slu\u017eby a \u0161irokou \u0161k\u00e1lu \u0161pi\u010dkov\u00fdch produkt\u016f za velkoobchodn\u00ed ceny na vapestornado.<\/p>\n<\/div>\n<h3><\/h3>\n<div class=\"relative p-1 rounded-sm flex items-center justify-center bg-token-main-surface-primary text-token-text-primary h-8 w-8\">\n<h3>\u010casto kladen\u00e9 ot\u00e1zky ohledn\u011b jednor\u00e1zov\u00e9ho vapovac\u00edho pera JNR Falcon X 18k Puffs<\/h3>\n<p data-start=\"2922\" data-end=\"3135\"><strong data-start=\"2922\" data-end=\"2995\">1. Pot\u0159ebuji speci\u00e1ln\u00ed nab\u00edje\u010dku pro jednor\u00e1zovou e-cigaretu JNR Falcon X 18K?<\/strong><br data-start=\"2995\" data-end=\"2998\" \/>Ne. Ta <strong data-start=\"3006\" data-end=\"3042\">jednor\u00e1zov\u00e1 e-cigareta JNR Falcon X 18K<\/strong> se nab\u00edj\u00ed standardn\u00edm <strong data-start=\"3065\" data-end=\"3079\">USB Type-C<\/strong>, tak\u017ee bude fungovat jak\u00fdkoli b\u011b\u017en\u00fd kabel Type-C a bezpe\u010dn\u00fd adapt\u00e9r.<\/p>\n<p data-start=\"3137\" data-end=\"3403\"><strong data-start=\"3137\" data-end=\"3216\">2. Jak dlouho vydr\u017e\u00ed e-cigareta JNR Falcon X 18000 Puffs denn\u00edmu ku\u0159\u00e1kovi?<\/strong><br data-start=\"3216\" data-end=\"3219\" \/>Z\u00e1le\u017e\u00ed na pou\u017e\u00edv\u00e1n\u00ed, ale v\u011bt\u0161ina denn\u00edch u\u017eivatel\u016f dos\u00e1hne mnohem del\u0161\u00ed doby provozu ne\u017e u za\u0159\u00edzen\u00ed s 5k\u201310k, proto\u017ee <strong data-start=\"3321\" data-end=\"3349\">JNR Falcon X 18000 Puffs<\/strong> kombinuje vysok\u00fd po\u010det pot\u00e1hnut\u00ed s dob\u00edjec\u00ed bateri\u00ed.<\/p>\n<p data-start=\"3405\" data-end=\"3635\"><strong data-start=\"3405\" data-end=\"3471\">3. Vyh\u00fdb\u00e1 se JNR 18K Falcon X sp\u00e1len\u00e9 chuti ke konci?<\/strong><br data-start=\"3471\" data-end=\"3474\" \/>Ten <strong data-start=\"3478\" data-end=\"3497\">dvojit\u00e9 mesh spir\u00e1lky<\/strong> v <strong data-start=\"3505\" data-end=\"3525\">JNR 18K Falcon X<\/strong> zah\u0159\u00edvaj\u00ed rovnom\u011brn\u011b a jsou navr\u017eeny tak, aby omezily sp\u00e1len\u00e9 potahy v pozdn\u00ed f\u00e1zi, kter\u00e9 se \u010dasto objevuj\u00ed u jednor\u00e1zov\u00fdch za\u0159\u00edzen\u00ed s vysokou kapacitou.<\/p>\n<p data-start=\"3637\" data-end=\"3918\"><strong data-start=\"3637\" data-end=\"3714\">4. Je verze JNR Falcon X 18000 low-nic vhodn\u00e1 pro sek\u00e1n\u00ed?<\/strong><br data-start=\"3714\" data-end=\"3717\" \/>Ano. <strong data-start=\"3726\" data-end=\"3772\">JNR Falcon X 18000 low-nic jednor\u00e1zov\u00e1 vape<\/strong> je \u010dasto volena u\u017eivateli, kte\u0159\u00ed cht\u011bj\u00ed leh\u010d\u00ed denn\u00ed d\u00e1vku a z\u00e1rove\u0148 dlouhotrvaj\u00edc\u00ed za\u0159\u00edzen\u00ed, aby nemuseli p\u0159\u00edli\u0161 \u010dasto m\u011bnit (nebo pou\u017e\u00edvat) men\u0161\u00ed jednotky.<\/p>\n<p data-start=\"3920\" data-end=\"4186\"><strong data-start=\"3920\" data-end=\"3989\">5. Mohu si vz\u00edt jednor\u00e1zovou vape JNR Falcon X 18000 na letadlo?<\/strong><br data-start=\"3989\" data-end=\"3992\" \/>V\u011bt\u0161ina leteck\u00fdch spole\u010dnost\u00ed povoluje jednor\u00e1zov\u00e9 vaporiz\u00e9ry pouze v <strong data-start=\"4032\" data-end=\"4052\">p\u0159\u00edru\u010dn\u00edm zavazadle<\/strong>, nikoliv v odbaven\u00fdch zavazadlech, kv\u016fli pravidl\u016fm t\u00fdkaj\u00edc\u00edm se bateri\u00ed. Uchovejte je v <strong data-start=\"4103\" data-end=\"4141\">JNR Falcon X 18000 jednor\u00e1zov\u00fd vaporiz\u00e9r<\/strong> zape\u010det\u011bn\u00e9m stavu a dodr\u017eujte pravidla leteck\u00e9 spole\u010dnosti\/m\u00edstn\u00ed p\u0159edpisy.<\/p>\n<\/div>\n<\/div>\n<\/div>\n<\/div>","protected":false},"excerpt":{"rendered":"<p>JNR Falcon X 18000 pot\u00e1hnut\u00ed jednor\u00e1zov\u00fd vape velkoobchod<br \/>\nJNR Bar 18000 POT\u00c1HNUT\u00cd K\u0159i\u0161\u0165\u00e1lov\u00fd jednor\u00e1zov\u00fd vape<br \/>\nJNR Falcon X 18000 pot\u00e1hnut\u00ed digit\u00e1ln\u00ed jednor\u00e1zov\u00fd vape<\/p>\n<p><strong>P\u0159idejte si Amy na WhatsApp pro rychlou odpov\u011b\u010f a kup\u00f3n na vapky!<\/strong><\/p>\n<p><img fetchpriority=\"high\" decoding=\"async\" class=\"size-full wp-image-2932\" src=\"https:\/\/vapestornado.com\/wp-content\/uploads\/2024\/12\/Vape-Wholesale.jpg\" alt=\"Velkoobchod s vape\" width=\"229\" height=\"300\" \/><\/p>\n<h3><a href=\"https:\/\/wa.me\/8617776015835\"><span style=\"color: #ff0000;\"><strong>WhatsApp: +86 17776015835<\/strong><\/span><\/a><\/h3>\n<p>&nbsp;<\/p>","protected":false},"featured_media":3089,"comment_status":"open","ping_status":"closed","template":"","meta":{"_acf_changed":false,"_uag_custom_page_level_css":"","_lmt_disableupdate":"no","_lmt_disable":"","_monsterinsights_skip_tracking":false,"_monsterinsights_sitenote_active":false,"_monsterinsights_sitenote_note":"","_monsterinsights_sitenote_category":0,"site-sidebar-layout":"default","site-content-layout":"","ast-site-content-layout":"default","site-content-style":"default","site-sidebar-style":"default","ast-global-header-display":"","ast-banner-title-visibility":"","ast-main-header-display":"","ast-hfb-above-header-display":"","ast-hfb-below-header-display":"","ast-hfb-mobile-header-display":"","site-post-title":"","ast-breadcrumbs-content":"","ast-featured-img":"","footer-sml-layout":"","ast-disable-related-posts":"","theme-transparent-header-meta":"default","adv-header-id-meta":"","stick-header-meta":"","header-above-stick-meta":"","header-main-stick-meta":"","header-below-stick-meta":"","astra-migrate-meta-layouts":"set","ast-page-background-enabled":"default","ast-page-background-meta":{"desktop":{"background-color":"","background-image":"","background-repeat":"repeat","background-position":"center center","background-size":"auto","background-attachment":"scroll","background-type":"","background-media":"","overlay-type":"","overlay-color":"","overlay-opacity":"","overlay-gradient":""},"tablet":{"background-color":"","background-image":"","background-repeat":"repeat","background-position":"center center","background-size":"auto","background-attachment":"scroll","background-type":"","background-media":"","overlay-type":"","overlay-color":"","overlay-opacity":"","overlay-gradient":""},"mobile":{"background-color":"","background-image":"","background-repeat":"repeat","background-position":"center center","background-size":"auto","background-attachment":"scroll","background-type":"","background-media":"","overlay-type":"","overlay-color":"","overlay-opacity":"","overlay-gradient":""}},"ast-content-background-meta":{"desktop":{"background-color":"var(--ast-global-color-5)","background-image":"","background-repeat":"repeat","background-position":"center center","background-size":"auto","background-attachment":"scroll","background-type":"","background-media":"","overlay-type":"","overlay-color":"","overlay-opacity":"","overlay-gradient":""},"tablet":{"background-color":"var(--ast-global-color-5)","background-image":"","background-repeat":"repeat","background-position":"center center","background-size":"auto","background-attachment":"scroll","background-type":"","background-media":"","overlay-type":"","overlay-color":"","overlay-opacity":"","overlay-gradient":""},"mobile":{"background-color":"var(--ast-global-color-5)","background-image":"","background-repeat":"repeat","background-position":"center center","background-size":"auto","background-attachment":"scroll","background-type":"","background-media":"","overlay-type":"","overlay-color":"","overlay-opacity":"","overlay-gradient":""}},"_joinchat":{"telephone":"+8617776015835"}},"product_brand":[],"product_cat":[70,151,141,76],"product_tag":[97,136,479,134,135,94],"class_list":{"0":"post-3101","1":"product","2":"type-product","3":"status-publish","4":"has-post-thumbnail","6":"product_cat-18000-puff","7":"product_cat-buy-disposable-vapes-in-france","8":"product_cat-crystal-disposable-vapes","9":"product_cat-jnr-vape","10":"product_tag-hot-sale-disposable-vape","11":"product_tag-jnr-18000","12":"product_tag-jnr-18k","13":"product_tag-jnr-falcon-x-18000","14":"product_tag-jnr-vape","15":"product_tag-rechargeable-disposable-vape","16":"desktop-align-left","17":"tablet-align-left","18":"mobile-align-left","20":"first","21":"instock","22":"sale","23":"shipping-taxable","24":"purchasable","25":"product-type-simple"},"acf":[],"uagb_featured_image_src":{"full":["https:\/\/vapestornado.com\/wp-content\/uploads\/2024\/12\/JNR-Falcon-X-18000-Digital-Disposable-Vape.jpg",1126,1130,false],"thumbnail":["https:\/\/vapestornado.com\/wp-content\/uploads\/2024\/12\/JNR-Falcon-X-18000-Digital-Disposable-Vape-150x150.jpg",150,150,true],"medium":["https:\/\/vapestornado.com\/wp-content\/uploads\/2024\/12\/JNR-Falcon-X-18000-Digital-Disposable-Vape-300x300.jpg",300,300,true],"medium_large":["https:\/\/vapestornado.com\/wp-content\/uploads\/2024\/12\/JNR-Falcon-X-18000-Digital-Disposable-Vape-768x771.jpg",768,771,true],"large":["https:\/\/vapestornado.com\/wp-content\/uploads\/2024\/12\/JNR-Falcon-X-18000-Digital-Disposable-Vape-1020x1024.jpg",1020,1024,true],"1536x1536":["https:\/\/vapestornado.com\/wp-content\/uploads\/2024\/12\/JNR-Falcon-X-18000-Digital-Disposable-Vape.jpg",1126,1130,false],"2048x2048":["https:\/\/vapestornado.com\/wp-content\/uploads\/2024\/12\/JNR-Falcon-X-18000-Digital-Disposable-Vape.jpg",1126,1130,false],"trp-custom-language-flag":["https:\/\/vapestornado.com\/wp-content\/uploads\/2024\/12\/JNR-Falcon-X-18000-Digital-Disposable-Vape.jpg",12,12,false],"woocommerce_thumbnail":["https:\/\/vapestornado.com\/wp-content\/uploads\/2024\/12\/JNR-Falcon-X-18000-Digital-Disposable-Vape-300x300.jpg",300,300,true],"woocommerce_single":["https:\/\/vapestornado.com\/wp-content\/uploads\/2024\/12\/JNR-Falcon-X-18000-Digital-Disposable-Vape-600x602.jpg",600,602,true],"woocommerce_gallery_thumbnail":["https:\/\/vapestornado.com\/wp-content\/uploads\/2024\/12\/JNR-Falcon-X-18000-Digital-Disposable-Vape-100x100.jpg",100,100,true]},"uagb_author_info":{"display_name":"ESAMY","author_link":"https:\/\/vapestornado.com\/cs\/author\/"},"uagb_comment_info":0,"uagb_excerpt":"JNR Falcon X 18000 Puffs Disposable Vape Wholesale JNR Bar 18000 PUFFS Crystal Disposable Vape JNR Falcon X 18000 Puffs Digital Disposable Vape Add Amy's whatsapp get right reply and vape vape coupon! WhatsApp: +86 17776015835 &nbsp;","_links":{"self":[{"href":"https:\/\/vapestornado.com\/cs\/wp-json\/wp\/v2\/product\/3101","targetHints":{"allow":["GET"]}}],"collection":[{"href":"https:\/\/vapestornado.com\/cs\/wp-json\/wp\/v2\/product"}],"about":[{"href":"https:\/\/vapestornado.com\/cs\/wp-json\/wp\/v2\/types\/product"}],"replies":[{"embeddable":true,"href":"https:\/\/vapestornado.com\/cs\/wp-json\/wp\/v2\/comments?post=3101"}],"wp:featuredmedia":[{"embeddable":true,"href":"https:\/\/vapestornado.com\/cs\/wp-json\/wp\/v2\/media\/3089"}],"wp:attachment":[{"href":"https:\/\/vapestornado.com\/cs\/wp-json\/wp\/v2\/media?parent=3101"}],"wp:term":[{"taxonomy":"product_brand","embeddable":true,"href":"https:\/\/vapestornado.com\/cs\/wp-json\/wp\/v2\/product_brand?post=3101"},{"taxonomy":"product_cat","embeddable":true,"href":"https:\/\/vapestornado.com\/cs\/wp-json\/wp\/v2\/product_cat?post=3101"},{"taxonomy":"product_tag","embeddable":true,"href":"https:\/\/vapestornado.com\/cs\/wp-json\/wp\/v2\/product_tag?post=3101"}],"curies":[{"name":"wp","href":"https:\/\/api.w.org\/{rel}","templated":true}]}}