{"id":3099,"date":"2024-12-12T08:20:28","date_gmt":"2024-12-12T08:20:28","guid":{"rendered":"https:\/\/vapestornado.com\/?post_type=product&#038;p=3099"},"modified":"2025-12-05T09:13:20","modified_gmt":"2025-12-05T09:13:20","slug":"vapme-shisha-hookah-15000-puff-rechargeable-disposable-vape-wholesale-poland","status":"publish","type":"product","link":"https:\/\/vapestornado.com\/cs\/product\/vapme-shisha-hookah-15000-puff-rechargeable-disposable-vape-wholesale-poland\/","title":{"rendered":"Vapme Shisha Hookah 15000 pot\u00e1hnut\u00ed dob\u00edjec\u00ed jednor\u00e1zov\u00fd Vape velkoobchod \u010cesk\u00e1 republika"},"content":{"rendered":"<h1 class=\"product-title\">Vapme Shisha Hookah 15000 pot\u00e1hnut\u00ed dob\u00edjec\u00ed jednor\u00e1zov\u00fd Vape velkoobchod \u010cesk\u00e1 republika<\/h1>\n<p data-start=\"87\" data-end=\"383\">Ten <strong data-start=\"91\" data-end=\"136\">Vapme Shisha Hookah 15000 jednor\u00e1zov\u00fd vaporiz\u00e9r<\/strong> p\u0159in\u00e1\u0161\u00ed sezen\u00ed ve stylu shisha v kompaktn\u00edm, snadno p\u0159enosn\u00e9m t\u011ble. Vyroben pro dlouhodob\u00e9 denn\u00ed pou\u017e\u00edv\u00e1n\u00ed, poskytuje dobu provozu, kterou lid\u00e9 od za\u0159\u00edzen\u00ed o\u010dek\u00e1vaj\u00ed, <strong data-start=\"274\" data-end=\"307\">Vapme Shisha Hookah 15K potah\u016f<\/strong> za\u0159\u00edzen\u00ed, podporovan\u00e9 25ml p\u0159ednapln\u011bnou n\u00e1dr\u017e\u00ed a dob\u00edjec\u00edm nap\u00e1jec\u00edm syst\u00e9mem.<\/p>\n<p data-start=\"385\" data-end=\"653\">Toto je prav\u00fd <strong data-start=\"400\" data-end=\"426\">15000 potah\u016f shisha vaporiz\u00e9r<\/strong> navr\u017een\u00fd kolem otev\u0159en\u00e9ho, hladk\u00e9ho tahu. The <strong data-start=\"469\" data-end=\"506\">0,6\u03a9 shisha styl jednor\u00e1zov\u00fd vaporiz\u00e9r<\/strong> c\u00edvkov\u00fd syst\u00e9m produkuje hust\u0161\u00ed p\u00e1ru a \u0161ir\u0161\u00ed n\u00e1dech ne\u017e t\u011bsn\u00e9 MTL jednor\u00e1zov\u00e9, co\u017e p\u0159in\u00e1\u0161\u00ed pocit bl\u00edzk\u00fd hookah bez jak\u00e9hokoliv nastavov\u00e1n\u00ed, uhl\u00ed nebo nepo\u0159\u00e1dku.<\/p>\n<p data-start=\"655\" data-end=\"1025\">Kapacita je podlo\u017eena skute\u010dn\u00fdm objemem kapaliny. Jako <strong data-start=\"702\" data-end=\"728\">Vapme Hookah vaporiz\u00e9r 25ml<\/strong> model, nese dostatek e-\u0161\u0165\u00e1vy, aby odpov\u00eddal vysok\u00e9mu po\u010dtu potah\u016f, tak\u017ee u\u017eivatel\u00e9 nezni\u010d\u00ed za\u0159\u00edzen\u00ed za n\u011bkolik dn\u00ed. Kdy\u017e se baterie vybije, <strong data-start=\"876\" data-end=\"922\">Typ-C dob\u00edjec\u00fd jednor\u00e1zov\u00fd shisha vaporiz\u00e9r<\/strong> syst\u00e9m umo\u017e\u0148uje rychl\u00e9 dopl\u0148ov\u00e1n\u00ed, co\u017e u\u017eivatel\u016fm umo\u017e\u0148uje doplnit plnou n\u00e1dr\u017e m\u00edsto p\u0159ed\u010dasn\u00e9ho vyhozen\u00ed.<\/p>\n<p data-start=\"1027\" data-end=\"1209\">Nikotin je dostupn\u00fd ve dvou rozumn\u00fdch variant\u00e1ch\u20140% pro ochutn\u00e1vkov\u00e9 sezen\u00ed pouze s p\u0159\u00edchut\u00ed a 2% pro lehk\u00fd ka\u017edodenn\u00ed z\u00e1\u017eitek\u2014plus \u0161irok\u00e1 \u0161k\u00e1la p\u0159\u00edchut\u00ed, tak\u017ee si u\u017eivatel\u00e9 mohou vybrat to, co maj\u00ed r\u00e1di, i p\u0159i dlouhodob\u00e9m pou\u017e\u00edv\u00e1n\u00ed.<\/p>\n<p><strong style=\"font-size: 16px;\">Kontaktujte Amy pro spr\u00e1vnou odpov\u011b\u010f a kup\u00f3n na vaporiz\u00e9r!<\/strong><\/p>\n<p><img fetchpriority=\"high\" decoding=\"async\" class=\"size-full wp-image-2932\" src=\"https:\/\/vapestornado.com\/wp-content\/uploads\/2024\/12\/Vape-Wholesale.jpg\" alt=\"Velkoobchod s vape\" width=\"229\" height=\"300\" \/><\/p>\n<h3><a href=\"https:\/\/wa.me\/8617776015835\" target=\"_blank\" rel=\"noopener\"><span style=\"color: #ff0000;\"><strong>WhatsApp: +86 17776015835<\/strong><\/span><\/a><\/h3>\n<p>&nbsp;<\/p>\n<h2><strong>Vapme Shisha Hookah 15000 Vlastnosti produktu<\/strong><\/h2>\n<table>\n<thead>\n<tr>\n<th>Funkce<\/th>\n<th align=\"right\">Specifikace<\/th>\n<th>Vysv\u011btlen\u00ed<\/th>\n<\/tr>\n<\/thead>\n<tbody>\n<tr>\n<td>N\u00e1zev produktu<\/td>\n<td align=\"right\">Vapme Shisha Vodn\u00ed d\u00fdmka 15000<\/td>\n<td>Jasn\u00e9 pojmenov\u00e1n\u00ed pro opakovan\u00e9 objedn\u00e1vky a vyhled\u00e1v\u00e1n\u00ed.<\/td>\n<\/tr>\n<tr>\n<td>Kapacita pot\u00e1hnut\u00ed<\/td>\n<td align=\"right\">A\u017e 15 000 pota\u017een\u00ed<\/td>\n<td>Del\u0161\u00ed pou\u017e\u00edv\u00e1n\u00ed ne\u017e standardn\u00ed jednor\u00e1zov\u00e9; m\u00e9n\u011b v\u00fdm\u011bn.<\/td>\n<\/tr>\n<tr>\n<td>Objem e-liquidu<\/td>\n<td align=\"right\">25ml p\u0159ednapln\u011bn\u00e1 n\u00e1dr\u017e<\/td>\n<td>Velk\u00e1 n\u00e1dr\u017e podporuje hodnocen\u00ed 15K.<\/td>\n<\/tr>\n<tr>\n<td>C\u00edvka \/ Odpor<\/td>\n<td align=\"right\">0,6\u03a9<\/td>\n<td>Otev\u0159en\u011bj\u0161\u00ed tah a hust\u0161\u00ed p\u00e1ra, bl\u00ed\u017ee stylu shisha.<\/td>\n<\/tr>\n<tr>\n<td>Baterie<\/td>\n<td align=\"right\">650mAh dob\u00edjec\u00ed<\/td>\n<td>Dobijte pro pln\u00e9 vyu\u017eit\u00ed n\u00e1dr\u017ee.<\/td>\n<\/tr>\n<tr>\n<td>Nab\u00edjen\u00ed<\/td>\n<td align=\"right\">USB Type-C<\/td>\n<td>B\u011b\u017en\u00fd kabelov\u00fd standard; rychl\u00e9 dopl\u0148ov\u00e1n\u00ed.<\/td>\n<\/tr>\n<tr>\n<td>Mo\u017enosti nikotinu<\/td>\n<td align=\"right\">0% \/ 2%<\/td>\n<td>Vyberte si pouze p\u0159\u00edchu\u0165 nebo lehk\u00fd nikotinov\u00fd n\u00e1dech.<\/td>\n<\/tr>\n<tr>\n<td>Mo\u017enosti p\u0159\u00edchut\u00ed<\/td>\n<td align=\"right\">24 p\u0159\u00edchut\u00ed<\/td>\n<td>Rozsah pro r\u016fzn\u00e9 preference a opakovan\u00e9 n\u00e1kupy.<\/td>\n<\/tr>\n<tr>\n<td>Aktivace<\/td>\n<td align=\"right\">Aktivace potahem<\/td>\n<td>\u017d\u00e1dn\u00e9 tla\u010d\u00edtka; vdechujte pro vapov\u00e1n\u00ed.<\/td>\n<\/tr>\n<\/tbody>\n<\/table>\n<h2 class=\"product-title\"><strong>Seznam p\u0159\u00edchut\u00ed Vapme 15000 E Shisha<\/strong><\/h2>\n<ol start=\"1\">\n<li>Bor\u016fvka s ledem<\/li>\n<li>Kiwi Marakuja Guava<\/li>\n<li>Blue Razz limon\u00e1da<\/li>\n<li>Jahoda a kiwi<\/li>\n<li>Mix bobul\u00ed<\/li>\n<li>Jahoda Vodn\u00ed meloun<\/li>\n<li>Hroznov\u00e9 v\u00edno s ledem<\/li>\n<li>Vodn\u00ed meloun s ledem<\/li>\n<li>Broskev Mango Ananas<\/li>\n<li>Jahodov\u00fd led<\/li>\n<li>Broskvov\u00fd led<\/li>\n<li>Mango Ban\u00e1n<\/li>\n<li>T\u0159e\u0161e\u0148 a lesn\u00ed plody<\/li>\n<li>Bor\u016fvka Malina<\/li>\n<li>L\u00e1ska 66<\/li>\n<li>Meloun Bull<\/li>\n<li>Jahoda Hroznov\u00e9 v\u00edno<\/li>\n<li>Jahoda Malina Bonb\u00f3n<\/li>\n<li>Mamba<\/li>\n<li>Meloun T\u0159e\u0161e\u0148<\/li>\n<li>Mra\u017een\u00e9 Jablko<\/li>\n<li>Citr\u00f3n a m\u00e1ta<\/li>\n<li>\u010cern\u00fd ryb\u00edz s ledem<\/li>\n<li>Ananasov\u00fd koktejl<\/li>\n<\/ol>\n<h3>Pro\u010d si vybrat vapestornado pro velkoobchodn\u00ed prodej jednor\u00e1zov\u00fdch vap\u016f Vapme 15000 tah\u016f?<\/h3>\n<div class=\"flex-shrink-0 flex flex-col relative items-end\">\n<div class=\"pt-0\">\n<div class=\"gizmo-bot-avatar flex h-8 w-8 items-center justify-center overflow-hidden rounded-full\">\n<div class=\"relative p-1 rounded-sm flex items-center justify-center bg-token-main-surface-primary text-token-text-primary h-8 w-8\">\n<p>V\u00edtejte ve vapestornado, va\u0161em d\u016fv\u011bryhodn\u00e9m online obchod\u011b s vapovac\u00edmi pot\u0159ebami pro pr\u00e9miov\u00e9 jednor\u00e1zov\u00e9 vapy. S v\u00edce ne\u017e 5let\u00fdmi zku\u0161enostmi v\u00e1m p\u0159in\u00e1\u0161\u00edme obl\u00edben\u00e9 zna\u010dky jednor\u00e1zov\u00fdch vape, jako jsou Fumot RandM Vape, <a href=\"https:\/\/vapestornado.com\/cs\/product\/vapme-crystal-7000-puffs-rechargeable-disposable-vape-wholesale-cheap-price\/\">Vapme<\/a>, Bang Vape, Waspe Vape a WGA Vape, atd.<\/p>\n<p>N\u00e1\u0161 sortiment zahrnuje \u017ehav\u00e9 vapy, jako je <a href=\"https:\/\/vapestornado.com\/cs\/product\/fumot-randm-tornado-15000-puffs-rechargeable-disposable-vape-wholesale\/\">RandM Tornado 15000<\/a>, a chu\u0165ov\u011b bohat\u00e9 varianty jako <a href=\"https:\/\/vapestornado.com\/cs\/product\/waspe-40000-puffs-double-flavour-led-display-disposable-vape-wholesale\/\">WASPE Dvojit\u00e1 p\u0159\u00edchu\u0165 40000 tah\u016f<\/a> . Ka\u017ed\u00fd produkt je vyb\u00edr\u00e1n s d\u016frazem na kvalitu, hodnotu a rozmanitost, abychom zajistili, \u017ee najdete to prav\u00e9 pro va\u0161e pot\u0159eby. Objevte v\u00fdjime\u010dn\u00e9 slu\u017eby a \u0161irokou \u0161k\u00e1lu \u0161pi\u010dkov\u00fdch produkt\u016f za velkoobchodn\u00ed ceny na vapestornado.<\/p>\n<\/div>\n<h3><\/h3>\n<div class=\"relative p-1 rounded-sm flex items-center justify-center bg-token-main-surface-primary text-token-text-primary h-8 w-8\">\n<h3>\u010casto kladen\u00e9 dotazy k jednor\u00e1zov\u00e9mu vapu Vapme Shisha 15000 tah\u016f<\/h3>\n<p data-start=\"2743\" data-end=\"2944\"><strong data-start=\"2743\" data-end=\"2812\">1. Pot\u0159ebuji speci\u00e1ln\u00ed nab\u00edje\u010dku pro Vapme Shisha 15K?<\/strong><br data-start=\"2812\" data-end=\"2815\" \/>Ne. Ta <strong data-start=\"2823\" data-end=\"2861\">Vapme Shisha 15K jednor\u00e1zov\u00e1<\/strong> nab\u00edj\u00ed p\u0159es <strong data-start=\"2874\" data-end=\"2888\">USB Type-C<\/strong>, tak\u017ee jak\u00fdkoli standardn\u00ed Type-C kabel a bezpe\u010dn\u00fd adapt\u00e9r funguj\u00ed.<\/p>\n<p data-start=\"2946\" data-end=\"3170\"><strong data-start=\"2946\" data-end=\"3021\">2. Je Vapme Shisha 15000 bl\u00ed\u017ee shisha nebo kou\u0159en\u00ed cigarety?<\/strong><br data-start=\"3021\" data-end=\"3024\" \/>Je naklon\u011bn\u00e1 ke shisha. Ta <strong data-start=\"3045\" data-end=\"3058\">0,6\u03a9 c\u00edvka<\/strong> na <strong data-start=\"3066\" data-end=\"3100\">Vapme Shisha 15000 vaporiz\u00e9r<\/strong> d\u00e1v\u00e1 otev\u0159en\u011bj\u0161\u00ed n\u00e1dech a hust\u0161\u00ed p\u00e1ru ne\u017e t\u011bsn\u00e9 MTL jednor\u00e1zov\u00e9.<\/p>\n<p data-start=\"3172\" data-end=\"3428\"><strong data-start=\"3172\" data-end=\"3247\">3. Jak\u00fd nikotin je dostupn\u00fd v \u0159ad\u011b Vapme 15k shisha?<\/strong><br data-start=\"3247\" data-end=\"3250\" \/>Existuj\u00ed dv\u011b mo\u017enosti: <strong data-start=\"3273\" data-end=\"3279\">0%<\/strong> pro \u017e\u00e1dn\u00fd nikotin a <strong data-start=\"3300\" data-end=\"3306\">2%<\/strong> pro lehk\u00fd, stabiln\u00ed n\u00e1dech. Ten <strong data-start=\"3336\" data-end=\"3377\">Vapme 150000 Shisha 2% nikotin<\/strong> verze je vhodn\u00e1 pro ku\u0159\u00e1ky, kte\u0159\u00ed cht\u011bj\u00ed n\u011bco m\u00edrn\u00e9ho.<\/p>\n<p data-start=\"3430\" data-end=\"3683\"><strong data-start=\"3430\" data-end=\"3510\">4. Jak dlouho vydr\u017e\u00ed jednor\u00e1zov\u00e1 vapka Vapme Shisha 15000 p\u0159i denn\u00edm pou\u017e\u00edv\u00e1n\u00ed?<\/strong><br data-start=\"3510\" data-end=\"3513\" \/>Pou\u017eit\u00ed se li\u0161\u00ed, ale <strong data-start=\"3535\" data-end=\"3557\">hodnocen\u00ed 15 000 pot\u00e1hnut\u00ed<\/strong> plus <strong data-start=\"3563\" data-end=\"3578\">25 ml kapaliny<\/strong> obvykle vydr\u017e\u00ed mnohem d\u00e9le ne\u017e mal\u00e9 jednor\u00e1zov\u00e9, zvl\u00e1\u0161t\u011b kdy\u017e si dob\u00edj\u00edte baterii podle pot\u0159eby.<\/p>\n<p data-start=\"3685\" data-end=\"3961\"><strong data-start=\"3685\" data-end=\"3758\">5. Jak\u00e9 p\u0159\u00edchut\u011b jsou k dispozici pro Vapme Shisha 15k pot\u00e1hnut\u00ed?<\/strong><br data-start=\"3758\" data-end=\"3761\" \/>Tento <strong data-start=\"3765\" data-end=\"3801\">Vapme <\/strong>\u00a0\u0159ada vaporiz\u00e9r\u016f nab\u00edz\u00ed <strong data-start=\"3814\" data-end=\"3828\">24 p\u0159\u00edchut\u00ed<\/strong>, pokr\u00fdvaj\u00edc\u00ed ovoce, led a slad\u0161\u00ed sm\u011bsi. Obchody mohou skladovat nab\u00eddku podle m\u00edstn\u00ed popt\u00e1vky a u\u017eivatel\u00e9 se mohou dr\u017eet zn\u00e1m\u00e9ho profilu.<\/p>\n<\/div>\n<\/div>\n<\/div>\n<\/div>","protected":false},"excerpt":{"rendered":"<p>Vapme Shisha Hookah 15000 Disposable Vape Bulk Buy Cheap Price<br \/>\nVapme 15K Puff Disposable Shisha Hookah Wholesale Price<br \/>\nVapme Shisha 15k Rechargeable Vape with Full Flavors in Stock<\/p>\n<p><strong>P\u0159idejte si Amy na WhatsApp pro rychlou odpov\u011b\u010f a kup\u00f3n na vapky!<\/strong><\/p>\n<p><img fetchpriority=\"high\" decoding=\"async\" class=\"size-full wp-image-2932\" src=\"https:\/\/vapestornado.com\/wp-content\/uploads\/2024\/12\/Vape-Wholesale.jpg\" alt=\"Velkoobchod s vape\" width=\"229\" height=\"300\" \/><\/p>\n<h3><a href=\"https:\/\/wa.me\/8617776015835\"><span style=\"color: #ff0000;\"><strong>WhatsApp: +86 17776015835<\/strong><\/span><\/a><\/h3>\n<p>&nbsp;<\/p>","protected":false},"featured_media":3094,"comment_status":"open","ping_status":"closed","template":"","meta":{"_acf_changed":false,"_uag_custom_page_level_css":"","_lmt_disableupdate":"no","_lmt_disable":"","_monsterinsights_skip_tracking":false,"_monsterinsights_sitenote_active":false,"_monsterinsights_sitenote_note":"","_monsterinsights_sitenote_category":0,"site-sidebar-layout":"default","site-content-layout":"","ast-site-content-layout":"default","site-content-style":"default","site-sidebar-style":"default","ast-global-header-display":"","ast-banner-title-visibility":"","ast-main-header-display":"","ast-hfb-above-header-display":"","ast-hfb-below-header-display":"","ast-hfb-mobile-header-display":"","site-post-title":"","ast-breadcrumbs-content":"","ast-featured-img":"","footer-sml-layout":"","ast-disable-related-posts":"","theme-transparent-header-meta":"default","adv-header-id-meta":"","stick-header-meta":"","header-above-stick-meta":"","header-main-stick-meta":"","header-below-stick-meta":"","astra-migrate-meta-layouts":"set","ast-page-background-enabled":"default","ast-page-background-meta":{"desktop":{"background-color":"","background-image":"","background-repeat":"repeat","background-position":"center center","background-size":"auto","background-attachment":"scroll","background-type":"","background-media":"","overlay-type":"","overlay-color":"","overlay-opacity":"","overlay-gradient":""},"tablet":{"background-color":"","background-image":"","background-repeat":"repeat","background-position":"center center","background-size":"auto","background-attachment":"scroll","background-type":"","background-media":"","overlay-type":"","overlay-color":"","overlay-opacity":"","overlay-gradient":""},"mobile":{"background-color":"","background-image":"","background-repeat":"repeat","background-position":"center center","background-size":"auto","background-attachment":"scroll","background-type":"","background-media":"","overlay-type":"","overlay-color":"","overlay-opacity":"","overlay-gradient":""}},"ast-content-background-meta":{"desktop":{"background-color":"var(--ast-global-color-5)","background-image":"","background-repeat":"repeat","background-position":"center center","background-size":"auto","background-attachment":"scroll","background-type":"","background-media":"","overlay-type":"","overlay-color":"","overlay-opacity":"","overlay-gradient":""},"tablet":{"background-color":"var(--ast-global-color-5)","background-image":"","background-repeat":"repeat","background-position":"center center","background-size":"auto","background-attachment":"scroll","background-type":"","background-media":"","overlay-type":"","overlay-color":"","overlay-opacity":"","overlay-gradient":""},"mobile":{"background-color":"var(--ast-global-color-5)","background-image":"","background-repeat":"repeat","background-position":"center center","background-size":"auto","background-attachment":"scroll","background-type":"","background-media":"","overlay-type":"","overlay-color":"","overlay-opacity":"","overlay-gradient":""}},"_joinchat":{"telephone":"+8617776015835"}},"product_brand":[],"product_cat":[71,150,154,156,144,146,147,61],"product_tag":[131,93,132,130],"class_list":{"0":"post-3099","1":"product","2":"type-product","3":"status-publish","4":"has-post-thumbnail","6":"product_cat-15000-puff","7":"product_cat-buy-disposable-vapes-in-belgium","8":"product_cat-buy-disposable-vapes-in-netherlands","9":"product_cat-buy-disposable-vapes-in-poland","10":"product_cat-low-nicotine-disposable-vapes","11":"product_cat-rechargeable-disposable-vapes","12":"product_cat-shisha-hookah-disposable-vapes","13":"product_cat-vapme-shisha","14":"product_tag-shisha-hookah","15":"product_tag-vape-wholesale","16":"product_tag-vapme-shisha-15000","17":"product_tag-vapme-shisha-hookah-15000","18":"desktop-align-left","19":"tablet-align-left","20":"mobile-align-left","22":"first","23":"instock","24":"sale","25":"shipping-taxable","26":"purchasable","27":"product-type-simple"},"acf":[],"uagb_featured_image_src":{"full":["https:\/\/vapestornado.com\/wp-content\/uploads\/2024\/12\/JNR-Vapme-Shisha-Hookah-15000-Wholesale.jpg",1126,1126,false],"thumbnail":["https:\/\/vapestornado.com\/wp-content\/uploads\/2024\/12\/JNR-Vapme-Shisha-Hookah-15000-Wholesale-150x150.jpg",150,150,true],"medium":["https:\/\/vapestornado.com\/wp-content\/uploads\/2024\/12\/JNR-Vapme-Shisha-Hookah-15000-Wholesale-300x300.jpg",300,300,true],"medium_large":["https:\/\/vapestornado.com\/wp-content\/uploads\/2024\/12\/JNR-Vapme-Shisha-Hookah-15000-Wholesale-768x768.jpg",768,768,true],"large":["https:\/\/vapestornado.com\/wp-content\/uploads\/2024\/12\/JNR-Vapme-Shisha-Hookah-15000-Wholesale-1024x1024.jpg",1024,1024,true],"1536x1536":["https:\/\/vapestornado.com\/wp-content\/uploads\/2024\/12\/JNR-Vapme-Shisha-Hookah-15000-Wholesale.jpg",1126,1126,false],"2048x2048":["https:\/\/vapestornado.com\/wp-content\/uploads\/2024\/12\/JNR-Vapme-Shisha-Hookah-15000-Wholesale.jpg",1126,1126,false],"trp-custom-language-flag":["https:\/\/vapestornado.com\/wp-content\/uploads\/2024\/12\/JNR-Vapme-Shisha-Hookah-15000-Wholesale.jpg",12,12,false],"woocommerce_thumbnail":["https:\/\/vapestornado.com\/wp-content\/uploads\/2024\/12\/JNR-Vapme-Shisha-Hookah-15000-Wholesale-300x300.jpg",300,300,true],"woocommerce_single":["https:\/\/vapestornado.com\/wp-content\/uploads\/2024\/12\/JNR-Vapme-Shisha-Hookah-15000-Wholesale-600x600.jpg",600,600,true],"woocommerce_gallery_thumbnail":["https:\/\/vapestornado.com\/wp-content\/uploads\/2024\/12\/JNR-Vapme-Shisha-Hookah-15000-Wholesale-100x100.jpg",100,100,true]},"uagb_author_info":{"display_name":"ESAMY","author_link":"https:\/\/vapestornado.com\/cs\/author\/"},"uagb_comment_info":0,"uagb_excerpt":"Vapme Shisha Hookah 15000 Disposable Vape Bulk Buy Cheap Price Vapme 15K Puff Disposable Shisha Hookah Wholesale Price Vapme Shisha 15k Rechargeable Vape with Full Flavors in Stock Add Amy's whatsapp get right reply and vape vape coupon! WhatsApp: +86 17776015835 &nbsp;","_links":{"self":[{"href":"https:\/\/vapestornado.com\/cs\/wp-json\/wp\/v2\/product\/3099","targetHints":{"allow":["GET"]}}],"collection":[{"href":"https:\/\/vapestornado.com\/cs\/wp-json\/wp\/v2\/product"}],"about":[{"href":"https:\/\/vapestornado.com\/cs\/wp-json\/wp\/v2\/types\/product"}],"replies":[{"embeddable":true,"href":"https:\/\/vapestornado.com\/cs\/wp-json\/wp\/v2\/comments?post=3099"}],"wp:featuredmedia":[{"embeddable":true,"href":"https:\/\/vapestornado.com\/cs\/wp-json\/wp\/v2\/media\/3094"}],"wp:attachment":[{"href":"https:\/\/vapestornado.com\/cs\/wp-json\/wp\/v2\/media?parent=3099"}],"wp:term":[{"taxonomy":"product_brand","embeddable":true,"href":"https:\/\/vapestornado.com\/cs\/wp-json\/wp\/v2\/product_brand?post=3099"},{"taxonomy":"product_cat","embeddable":true,"href":"https:\/\/vapestornado.com\/cs\/wp-json\/wp\/v2\/product_cat?post=3099"},{"taxonomy":"product_tag","embeddable":true,"href":"https:\/\/vapestornado.com\/cs\/wp-json\/wp\/v2\/product_tag?post=3099"}],"curies":[{"name":"wp","href":"https:\/\/api.w.org\/{rel}","templated":true}]}}