{"id":3083,"date":"2024-12-11T09:26:24","date_gmt":"2024-12-11T09:26:24","guid":{"rendered":"https:\/\/vapestornado.com\/?post_type=product&#038;p=3083"},"modified":"2025-08-23T11:13:51","modified_gmt":"2025-08-23T11:13:51","slug":"randm-vape-tornado-7000-puffs-disposable-vape-bulk-buy-price-germany","status":"publish","type":"product","link":"https:\/\/vapestornado.com\/cs\/product\/randm-vape-tornado-7000-puffs-disposable-vape-bulk-buy-price-germany\/","title":{"rendered":"RandM Vape Tornado 7000 pot\u00e1hnut\u00ed Jednor\u00e1zov\u00e1 e-cigareta Hromadn\u00fd n\u00e1kup Cena N\u011bmecko"},"content":{"rendered":"<h1 class=\"product-title\">RandM Vape Tornado 7000 pot\u00e1hnut\u00ed Jednor\u00e1zov\u00e1 e-cigareta Hromadn\u00fd n\u00e1kup Cena N\u011bmecko<\/h1>\n<p data-start=\"178\" data-end=\"507\">Ten <strong data-start=\"182\" data-end=\"220\">RandM Tornado 7000 Jednor\u00e1zov\u00e1 Vape<\/strong> je siln\u00fdm prodejcem na n\u011bmeck\u00e9m trhu, kombinuje spolehliv\u00fd v\u00fdkon s \u0161irokou \u0161k\u00e1lou p\u0159\u00edchut\u00ed za konkuren\u010dn\u00ed <strong data-start=\"336\" data-end=\"354\">velkoobchodn\u00ed cenu<\/strong>. S a\u017e <strong data-start=\"367\" data-end=\"391\">7 000 pot\u00e1hnut\u00ed na jednotku<\/strong>, tento model nab\u00edz\u00ed maloobchodn\u00edk\u016fm cenov\u011b dostupnou a p\u0159itom odolnou mo\u017enost pro z\u00e1kazn\u00edky, kte\u0159\u00ed hledaj\u00ed chu\u0165 i pohodl\u00ed.<span id=\"1\" class=\"notranslate immersive-translate-target-wrapper\" lang=\"zh-CN\" translate=\"no\" data-immersive-translate-loading-id=\"\">\u00a0 <\/span><\/p>\n<p data-start=\"509\" data-end=\"785\">Vybaveno <strong data-start=\"525\" data-end=\"557\">1000mAh dob\u00edjec\u00ed bateri\u00ed<\/strong> a <strong data-start=\"562\" data-end=\"586\">Rychl\u00e9 nab\u00edjen\u00ed Type-C<\/strong>, RandM 7K zaji\u0161\u0165uje nep\u0159etr\u017eit\u00e9 pou\u017e\u00edv\u00e1n\u00ed bez zbyte\u010dn\u00e9ho pl\u00fdtv\u00e1n\u00ed e-liquidem. An <strong data-start=\"654\" data-end=\"683\">nastaviteln\u00fd syst\u00e9m proud\u011bn\u00ed vzduchu<\/strong> umo\u017e\u0148uje u\u017eivatel\u016fm p\u0159ep\u00ednat mezi t\u011bsn\u011bj\u0161\u00edm nebo otev\u0159en\u011bj\u0161\u00edm potahem, tak\u017ee je vhodn\u00fd pro r\u016fzn\u00e9 preference.<\/p>\n<p data-start=\"787\" data-end=\"1022\">S <strong data-start=\"792\" data-end=\"816\">56 variant p\u0159\u00edchut\u00ed<\/strong> od ovocn\u00fdch po dezertn\u00ed profily, toto za\u0159\u00edzen\u00ed uspokoj\u00ed r\u016fznorodou n\u011bmeckou z\u00e1kaznickou z\u00e1kladnu. The <strong data-start=\"915\" data-end=\"938\">form\u00e1t s n\u00edzk\u00fdm obsahem nikotinu<\/strong> (2% nebo m\u00e9n\u011b) z n\u011bj \u010din\u00ed atraktivn\u00ed volbu pro vapery, kte\u0159\u00ed hledaj\u00ed jemn\u011bj\u0161\u00ed sezen\u00ed.<\/p>\n<p data-start=\"1024\" data-end=\"1096\">Pro distributory a majitele obchod\u016f <strong data-start=\"1062\" data-end=\"1084\">RandM Tornado 7000<\/strong> poskytuje:<\/p>\n<ul data-start=\"1097\" data-end=\"1349\">\n<li data-start=\"1097\" data-end=\"1151\">\n<p data-start=\"1099\" data-end=\"1151\">St\u0159edn\u00ed kapacita pot\u00e1hnut\u00ed ide\u00e1ln\u00ed pro ka\u017edodenn\u00ed prodej<\/p>\n<\/li>\n<li data-start=\"1152\" data-end=\"1200\">\n<p data-start=\"1154\" data-end=\"1200\">\u0160irok\u00fd katalog p\u0159\u00edchut\u00ed pro opakovan\u00e9 n\u00e1kupy<\/p>\n<\/li>\n<li data-start=\"1201\" data-end=\"1257\">\n<p data-start=\"1203\" data-end=\"1257\">Dob\u00edjec\u00ed design, sni\u017euj\u00edc\u00ed po\u010det reklamac\u00ed a vratek<\/p>\n<\/li>\n<li data-start=\"1258\" data-end=\"1349\">\n<p data-start=\"1260\" data-end=\"1349\"><strong data-start=\"1260\" data-end=\"1312\">Velkoobchodn\u00ed balen\u00ed a konkuren\u010dn\u00ed velkoobchodn\u00ed ceny<\/strong> \u0161it\u00e9 na m\u00edru trh\u016fm EU a N\u011bmecka<\/p>\n<\/li>\n<\/ul>\n<p><strong>P\u0159idejte si Amyin Whatsapp, z\u00edskejte okam\u017eitou odpov\u011b\u010f a kup\u00f3n na vape!<\/strong><\/p>\n<p><img fetchpriority=\"high\" decoding=\"async\" class=\"size-full wp-image-2932\" src=\"https:\/\/vapestornado.com\/wp-content\/uploads\/2024\/12\/Vape-Wholesale.jpg\" alt=\"Velkoobchod s vape\" width=\"229\" height=\"300\" \/><\/p>\n<h3><a href=\"https:\/\/wa.me\/8617776015835\" target=\"_blank\" rel=\"noopener\"><span style=\"color: #ff0000;\"><strong>WhatsApp: +86 17776015835<\/strong><\/span><\/a><\/h3>\n<p>&nbsp;<\/p>\n<h2><strong>Vlastnosti produktu RandM Tornado 7000<\/strong><\/h2>\n<p>Integrovan\u00e1 baterie 1000mAh<br \/>\nDob\u00edjec\u00ed baterie<br \/>\n7000 pot\u00e1hnut\u00ed na za\u0159\u00edzen\u00ed<br \/>\nRegulace proud\u011bn\u00ed vzduchu<br \/>\nK dispozici 56 p\u0159\u00edchut\u00ed<br \/>\nDob\u00edjen\u00ed typu C<\/p>\n<h2 class=\"product-title\"><strong>Seznam p\u0159\u00edchut\u00ed RandM Tornado 7000<\/strong><\/h2>\n<p>1 Chladiv\u00e1 m\u00e1ta<br \/>\n2 Bujn\u00fd led<br \/>\n3 Mandarinkov\u00fd led<br \/>\n4 Jahodov\u00fd donut<br \/>\n5 Gumov\u00fd medv\u00eddek<br \/>\n6 Bor\u016fvka s ledem<br \/>\n7 Mango s ledem<br \/>\n8 Broskvov\u00fd led<br \/>\n9 Ban\u00e1nov\u00fd led<br \/>\n10 Hroznov\u00fd led<br \/>\n11 R\u016f\u017eov\u00e1 limon\u00e1da<br \/>\n12 Pina Colada Rum<br \/>\n13 M\u00edchan\u00e9 bobule<br \/>\n14 Ban\u00e1nov\u00fd koktejl<br \/>\n15 Jahodov\u00fd meloun<br \/>\n16 \u010cerven\u00e9 jablko s citronem<br \/>\n17 Ananasov\u00fd led<br \/>\n18 Cukrov\u00e1 vata<br \/>\n19 Jahodov\u00fd ban\u00e1n<br \/>\n20 Jahodov\u00fd led<br \/>\n21 Jahodov\u00e9 kiwi<br \/>\n22. \u010cerven\u00fd energetick\u00fd led<br \/>\n23. Modr\u00e1 malinov\u00e1 limon\u00e1da<br \/>\n24. \u010cerven\u00e9 jablko s ledem<br \/>\n25. Malinov\u00e1 limon\u00e1da<br \/>\n26. Bor\u016fvkov\u00e1 \u017ev\u00fdka\u010dka<br \/>\n27. Modr\u00e1 kysel\u00e1 malina<br \/>\n28. Dr. Blue<br \/>\n29. Jablko Broskev Hru\u0161ka<br \/>\n30. Bor\u016fvka Gran\u00e1tov\u00e9 jablko<br \/>\n31. Vimto<br \/>\n32. Kiwi Mu\u010denka Guava<br \/>\n33. Colaice<br \/>\n34. Kysel\u00e9 jablko<br \/>\n35. \u010cern\u00fd ryb\u00edz Mentol<br \/>\n36. Tyg\u0159\u00ed krev<br \/>\n37. Broskvov\u00e9 bor\u016fvkov\u00e9 bonb\u00f3ny<br \/>\n38. Broskev Mango<br \/>\n39. Jahoda Red Bull<br \/>\n40. \u010cernoryb\u00edzov\u00fd led<br \/>\n41. Jahodov\u00e1 melounov\u00e1 limon\u00e1da<br \/>\n42. T\u0159e\u0161e\u0148<br \/>\n43. Modr\u00e1 malina T\u0159e\u0161e\u0148<br \/>\n44. Skittles<br \/>\n45. Bor\u016fvka Malina<br \/>\n46. Jahodov\u00e9 hrozny<br \/>\n47. Bor\u016fvka T\u0159e\u0161e\u0148 Brusinka<br \/>\n48. Jable\u010dn\u00e1 bobulov\u00e1 exploze<br \/>\n49. T\u0159e\u0161\u0148ov\u00e1 Cola<br \/>\n50. Citron<br \/>\n51. R\u016f\u017eov\u00fd V\u00fdbuch<br \/>\n52. Pacifick\u00fd Chladi\u010d<br \/>\n53. Ledov\u00e1 L\u00edz\u00e1tko<br \/>\n54. Bingo Drti\u010d<\/p>\n<h2>Pro\u010d si vybrat vapestornado pro velkoobchodn\u00ed prodej Fumot RandM 7k Vape?<\/h2>\n<div class=\"flex-shrink-0 flex flex-col relative items-end\">\n<div class=\"pt-0\">\n<div class=\"gizmo-bot-avatar flex h-8 w-8 items-center justify-center overflow-hidden rounded-full\">\n<div class=\"relative p-1 rounded-sm flex items-center justify-center bg-token-main-surface-primary text-token-text-primary h-8 w-8\">\n<p>V\u00edtejte ve vapestornado, va\u0161em d\u016fv\u011bryhodn\u00e9m online obchod\u011b s vapovac\u00edmi pot\u0159ebami pro pr\u00e9miov\u00e9 jednor\u00e1zov\u00e9 vapy. S v\u00edce ne\u017e 5let\u00fdmi zku\u0161enostmi v\u00e1m p\u0159in\u00e1\u0161\u00edme obl\u00edben\u00e9 zna\u010dky jednor\u00e1zov\u00fdch vape, jako jsou Fumot RandM Vape, <a href=\"https:\/\/vapestornado.com\/cs\/product\/vapme-crystal-7000-puffs-rechargeable-disposable-vape-wholesale-cheap-price\/\">Vapme<\/a>, Bang Vape, Waspe Vape a WGA Vape, atd.<\/p>\n<p>N\u00e1\u0161 sortiment zahrnuje \u017ehav\u00e9 vapy, jako je <a href=\"https:\/\/vapestornado.com\/cs\/product\/fumot-randm-tornado-15000-puffs-rechargeable-disposable-vape-wholesale\/\">RandM Tornado 15000<\/a>, a chu\u0165ov\u011b bohat\u00e9 varianty jako <a href=\"https:\/\/vapestornado.com\/cs\/product\/waspe-40000-puffs-double-flavour-led-display-disposable-vape-wholesale\/\">WASPE Dvojit\u00e1 p\u0159\u00edchu\u0165 40000 tah\u016f<\/a> . Ka\u017ed\u00fd produkt je vyb\u00edr\u00e1n s d\u016frazem na kvalitu, hodnotu a rozmanitost, abychom zajistili, \u017ee najdete to prav\u00e9 pro va\u0161e pot\u0159eby. Objevte v\u00fdjime\u010dn\u00e9 slu\u017eby a \u0161irokou \u0161k\u00e1lu \u0161pi\u010dkov\u00fdch produkt\u016f za velkoobchodn\u00ed ceny na vapestornado.<\/p>\n<\/div>\n<h3><\/h3>\n<div class=\"relative p-1 rounded-sm flex items-center justify-center bg-token-main-surface-primary text-token-text-primary h-8 w-8\">\n<h2>\u010cast\u00e9 dotazy k jednor\u00e1zov\u00e9mu vapu RandM 7000 Music<\/h2>\n<\/div>\n<\/div>\n<\/div>\n<\/div>\n<div class=\"flex-shrink-0 flex flex-col relative items-end\">\n<div class=\"pt-0\">\n<div class=\"gizmo-bot-avatar flex h-8 w-8 items-center justify-center overflow-hidden rounded-full\">\n<div class=\"relative p-1 rounded-sm flex items-center justify-center bg-token-main-surface-primary text-token-text-primary h-8 w-8\">\n<div class=\"mb-2 flex gap-3 empty:hidden -ml-2\">\n<h3><\/h3>\n<ol>\n<li><strong>Kolik pot\u00e1hnut\u00ed RandM 7000 poskytuje?<\/strong><br \/>\nRandM 7000 nab\u00edz\u00ed p\u016fsobiv\u00fdch 7 000 pot\u00e1hnut\u00ed na za\u0159\u00edzen\u00ed, co\u017e zaji\u0161\u0165uje dlouhodob\u00e9 pou\u017e\u00edv\u00e1n\u00ed pro ka\u017ed\u00e9 vapov\u00e1n\u00ed.<\/li>\n<li><strong>Lze RandM 7000 dob\u00edjet?<\/strong><br \/>\nAno, za\u0159\u00edzen\u00ed je vybaveno dob\u00edjec\u00ed bateri\u00ed s kapacitou 1000 mAh a podporuje rychl\u00e9 nab\u00edjen\u00ed typu C pro v\u011bt\u0161\u00ed pohodl\u00ed.<\/li>\n<li><strong>Kolik p\u0159\u00edchut\u00ed je k dispozici pro Fumot Tornado 7000?<\/strong><br \/>\nFumot Tornado 7000 se dod\u00e1v\u00e1 s 56 r\u016fzn\u00fdmi p\u0159\u00edchut\u011bmi, kter\u00e9 nab\u00edzej\u00ed \u0161irokou \u0161k\u00e1lu pro uspokojen\u00ed r\u016fzn\u00fdch preferenc\u00ed.<\/li>\n<li><strong>Je RandM Tornado 7k vhodn\u00fd pro u\u017eivatele s n\u00edzk\u00fdm obsahem nikotinu?<\/strong><br \/>\nAno, RandM Tornado 7k je <strong>jednor\u00e1zovou vapku s n\u00edzk\u00fdm obsahem nikotinu<\/strong>, co\u017e z n\u011bj \u010din\u00ed skv\u011blou volbu pro ty, kte\u0159\u00ed preferuj\u00ed jemn\u011bj\u0161\u00ed a m\u00edrn\u011bj\u0161\u00ed vaping.<\/li>\n<li><strong>Mohu koupit RandM Tornado 7000 ve velk\u00e9m za velkoobchodn\u00ed ceny?<\/strong><br \/>\nRozhodn\u011b! RandM Tornado 7000 je k dispozici pro <strong>velkoobchodn\u00ed ceny<\/strong>, nab\u00edz\u00ed konkuren\u010dn\u00ed velkoobchodn\u00ed ceny pro maloobchodn\u00edky v \u010cesk\u00e9 republice i mimo ni.<\/li>\n<\/ol>\n<p>&nbsp;<\/p>\n<\/div>\n<\/div>\n<\/div>\n<\/div>\n<\/div>\n<div class=\"group\/conversation-turn relative flex w-full min-w-0 flex-col agent-turn\">\n<div class=\"flex-col gap-1 md:gap-3\">\n<div class=\"flex max-w-full flex-col flex-grow\">\n<div class=\"min-h-8 text-message flex w-full flex-col items-end gap-2 whitespace-normal break-words [.text-message+&amp;]:mt-5\" dir=\"auto\" data-message-author-role=\"assistant\" data-message-id=\"db716a1c-9ed0-4b8d-b3b0-7bdb913c3d42\" data-message-model-slug=\"gpt-4o\">\n<div class=\"flex w-full flex-col gap-1 empty:hidden first:pt-[3px]\">\n<div class=\"markdown prose w-full break-words dark:prose-invert light\">\n<p>&nbsp;<\/p>\n<\/div>\n<\/div>\n<\/div>\n<\/div>\n<\/div>\n<\/div>","protected":false},"excerpt":{"rendered":"<p>Ten <strong data-start=\"1398\" data-end=\"1426\">RandM Tornado 7000 pot\u00e1hnut\u00ed<\/strong> nab\u00edz\u00ed 56 p\u0159\u00edchut\u00ed, dob\u00edjec\u00ed baterii 1000 mAh a nastaviteln\u00fd pr\u016ftok vzduchu. Jednor\u00e1zov\u00e1 vape s pr\u016fm\u011brnou kapacitou ur\u010den\u00e1 pro <strong data-start=\"1545\" data-end=\"1578\">velkoobchodn\u00ed odb\u011bratele v N\u011bmecku<\/strong> za konkuren\u010dn\u00ed ceny.<\/p>\n<p><strong>P\u0159idejte si Amy na WhatsApp pro rychlou odpov\u011b\u010f a kup\u00f3n na vapky!<\/strong><\/p>\n<p><img fetchpriority=\"high\" decoding=\"async\" class=\"size-full wp-image-2932\" src=\"https:\/\/vapestornado.com\/wp-content\/uploads\/2024\/12\/Vape-Wholesale.jpg\" alt=\"Velkoobchod s vape\" width=\"229\" height=\"300\" \/><\/p>\n<h3><a href=\"https:\/\/wa.me\/8617776015835\"><span style=\"color: #ff0000;\"><strong>WhatsApp: +86 17776015835<\/strong><\/span><\/a><\/h3>\n<p>&nbsp;<\/p>","protected":false},"featured_media":3080,"comment_status":"open","ping_status":"closed","template":"","meta":{"_acf_changed":false,"_uag_custom_page_level_css":"","_lmt_disableupdate":"no","_lmt_disable":"","_monsterinsights_skip_tracking":false,"_monsterinsights_sitenote_active":false,"_monsterinsights_sitenote_note":"","_monsterinsights_sitenote_category":0,"site-sidebar-layout":"default","site-content-layout":"","ast-site-content-layout":"default","site-content-style":"default","site-sidebar-style":"default","ast-global-header-display":"","ast-banner-title-visibility":"","ast-main-header-display":"","ast-hfb-above-header-display":"","ast-hfb-below-header-display":"","ast-hfb-mobile-header-display":"","site-post-title":"","ast-breadcrumbs-content":"","ast-featured-img":"","footer-sml-layout":"","ast-disable-related-posts":"","theme-transparent-header-meta":"default","adv-header-id-meta":"","stick-header-meta":"","header-above-stick-meta":"","header-main-stick-meta":"","header-below-stick-meta":"","astra-migrate-meta-layouts":"set","ast-page-background-enabled":"default","ast-page-background-meta":{"desktop":{"background-color":"","background-image":"","background-repeat":"repeat","background-position":"center center","background-size":"auto","background-attachment":"scroll","background-type":"","background-media":"","overlay-type":"","overlay-color":"","overlay-opacity":"","overlay-gradient":""},"tablet":{"background-color":"","background-image":"","background-repeat":"repeat","background-position":"center center","background-size":"auto","background-attachment":"scroll","background-type":"","background-media":"","overlay-type":"","overlay-color":"","overlay-opacity":"","overlay-gradient":""},"mobile":{"background-color":"","background-image":"","background-repeat":"repeat","background-position":"center center","background-size":"auto","background-attachment":"scroll","background-type":"","background-media":"","overlay-type":"","overlay-color":"","overlay-opacity":"","overlay-gradient":""}},"ast-content-background-meta":{"desktop":{"background-color":"var(--ast-global-color-5)","background-image":"","background-repeat":"repeat","background-position":"center center","background-size":"auto","background-attachment":"scroll","background-type":"","background-media":"","overlay-type":"","overlay-color":"","overlay-opacity":"","overlay-gradient":""},"tablet":{"background-color":"var(--ast-global-color-5)","background-image":"","background-repeat":"repeat","background-position":"center center","background-size":"auto","background-attachment":"scroll","background-type":"","background-media":"","overlay-type":"","overlay-color":"","overlay-opacity":"","overlay-gradient":""},"mobile":{"background-color":"var(--ast-global-color-5)","background-image":"","background-repeat":"repeat","background-position":"center center","background-size":"auto","background-attachment":"scroll","background-type":"","background-media":"","overlay-type":"","overlay-color":"","overlay-opacity":"","overlay-gradient":""}},"_joinchat":{"telephone":"+8617776015835"}},"product_brand":[],"product_cat":[74,151,152,143,58,144,148],"product_tag":[83,128,127,129,78,114,93],"class_list":{"0":"post-3083","1":"product","2":"type-product","3":"status-publish","4":"has-post-thumbnail","6":"product_cat-7000-puff","7":"product_cat-buy-disposable-vapes-in-france","8":"product_cat-buy-disposable-vapes-in-cermany","9":"product_cat-dual-mesh-disposable-vapes","10":"product_cat-fumot-vape","11":"product_cat-low-nicotine-disposable-vapes","12":"product_cat-tornado-disposable-vapes","13":"product_tag-fumot-vape","14":"product_tag-randm-7000","15":"product_tag-randm-tornado-7000","16":"product_tag-randm-tornado-7000-germany","17":"product_tag-randm-vape","18":"product_tag-tornado-vape","19":"product_tag-vape-wholesale","20":"desktop-align-left","21":"tablet-align-left","22":"mobile-align-left","24":"first","25":"instock","26":"sale","27":"shipping-taxable","28":"purchasable","29":"product-type-simple"},"acf":[],"uagb_featured_image_src":{"full":["https:\/\/vapestornado.com\/wp-content\/uploads\/2024\/12\/RandM-Tornado-7000-Puffs-Disposable-Vape.jpg",1126,1126,false],"thumbnail":["https:\/\/vapestornado.com\/wp-content\/uploads\/2024\/12\/RandM-Tornado-7000-Puffs-Disposable-Vape-150x150.jpg",150,150,true],"medium":["https:\/\/vapestornado.com\/wp-content\/uploads\/2024\/12\/RandM-Tornado-7000-Puffs-Disposable-Vape-300x300.jpg",300,300,true],"medium_large":["https:\/\/vapestornado.com\/wp-content\/uploads\/2024\/12\/RandM-Tornado-7000-Puffs-Disposable-Vape-768x768.jpg",768,768,true],"large":["https:\/\/vapestornado.com\/wp-content\/uploads\/2024\/12\/RandM-Tornado-7000-Puffs-Disposable-Vape-1024x1024.jpg",1024,1024,true],"1536x1536":["https:\/\/vapestornado.com\/wp-content\/uploads\/2024\/12\/RandM-Tornado-7000-Puffs-Disposable-Vape.jpg",1126,1126,false],"2048x2048":["https:\/\/vapestornado.com\/wp-content\/uploads\/2024\/12\/RandM-Tornado-7000-Puffs-Disposable-Vape.jpg",1126,1126,false],"trp-custom-language-flag":["https:\/\/vapestornado.com\/wp-content\/uploads\/2024\/12\/RandM-Tornado-7000-Puffs-Disposable-Vape.jpg",12,12,false],"woocommerce_thumbnail":["https:\/\/vapestornado.com\/wp-content\/uploads\/2024\/12\/RandM-Tornado-7000-Puffs-Disposable-Vape-300x300.jpg",300,300,true],"woocommerce_single":["https:\/\/vapestornado.com\/wp-content\/uploads\/2024\/12\/RandM-Tornado-7000-Puffs-Disposable-Vape-600x600.jpg",600,600,true],"woocommerce_gallery_thumbnail":["https:\/\/vapestornado.com\/wp-content\/uploads\/2024\/12\/RandM-Tornado-7000-Puffs-Disposable-Vape-100x100.jpg",100,100,true]},"uagb_author_info":{"display_name":"ESAMY","author_link":"https:\/\/vapestornado.com\/cs\/author\/"},"uagb_comment_info":0,"uagb_excerpt":"The RandM Tornado 7000 Puffs offers 56 flavours, 1000mAh rechargeable battery, and adjustable airflow. A mid-capacity disposable vape designed for Germany wholesale bulk buyers at competitive prices. Add Amy's whatsapp get right reply and vape vape coupon! WhatsApp: +86 17776015835 &nbsp;","_links":{"self":[{"href":"https:\/\/vapestornado.com\/cs\/wp-json\/wp\/v2\/product\/3083","targetHints":{"allow":["GET"]}}],"collection":[{"href":"https:\/\/vapestornado.com\/cs\/wp-json\/wp\/v2\/product"}],"about":[{"href":"https:\/\/vapestornado.com\/cs\/wp-json\/wp\/v2\/types\/product"}],"replies":[{"embeddable":true,"href":"https:\/\/vapestornado.com\/cs\/wp-json\/wp\/v2\/comments?post=3083"}],"wp:featuredmedia":[{"embeddable":true,"href":"https:\/\/vapestornado.com\/cs\/wp-json\/wp\/v2\/media\/3080"}],"wp:attachment":[{"href":"https:\/\/vapestornado.com\/cs\/wp-json\/wp\/v2\/media?parent=3083"}],"wp:term":[{"taxonomy":"product_brand","embeddable":true,"href":"https:\/\/vapestornado.com\/cs\/wp-json\/wp\/v2\/product_brand?post=3083"},{"taxonomy":"product_cat","embeddable":true,"href":"https:\/\/vapestornado.com\/cs\/wp-json\/wp\/v2\/product_cat?post=3083"},{"taxonomy":"product_tag","embeddable":true,"href":"https:\/\/vapestornado.com\/cs\/wp-json\/wp\/v2\/product_tag?post=3083"}],"curies":[{"name":"wp","href":"https:\/\/api.w.org\/{rel}","templated":true}]}}