{"id":3076,"date":"2024-12-11T08:15:21","date_gmt":"2024-12-11T08:15:21","guid":{"rendered":"https:\/\/vapestornado.com\/?post_type=product&#038;p=3076"},"modified":"2025-12-09T09:39:23","modified_gmt":"2025-12-09T09:39:23","slug":"randm-tornado-30000-puffs-music-rechargeable-disposable-vape-pen-wholesale","status":"publish","type":"product","link":"https:\/\/vapestornado.com\/cs\/product\/randm-tornado-30000-puffs-music-rechargeable-disposable-vape-pen-wholesale\/","title":{"rendered":"RandM Tornado 30000 pot\u00e1hnut\u00ed Hudebn\u00ed Dob\u00edjec\u00ed Jednor\u00e1zov\u00e9 Vape Pen Velkoobchod"},"content":{"rendered":"<h1 class=\"product-title\">RandM Tornado 30000 pot\u00e1hnut\u00ed Hudebn\u00ed Dob\u00edjec\u00ed Jednor\u00e1zov\u00e9 Vape Pen Velkoobchod<\/h1>\n<p data-start=\"1141\" data-end=\"1425\">Fumot RandM Tornado 30000 Puffs je 30 000 pot\u00e1hnut\u00ed dob\u00edjec\u00ed jednor\u00e1zov\u00fd vaporiz\u00e9r s 1.0\u03a9 s\u00ed\u0165ovou c\u00edvkou a LED osv\u011btlen\u00edm synchronizovan\u00fdm s hudbou, ur\u010den\u00fd pro dlouh\u00e9 sezen\u00ed, stabiln\u00ed chu\u0165 a v\u00fdrazn\u00ed styl.<\/p>\n<p data-start=\"915\" data-end=\"1120\"><strong data-start=\"915\" data-end=\"946\">Dlouh\u00e1 \u017eivotnost bez objemnosti.<\/strong> Ten <strong data-start=\"951\" data-end=\"1000\">Jednor\u00e1zov\u00fd vaporiz\u00e9r RandM Tornado 30000 Puffs<\/strong> je ur\u010den pro pravideln\u00e9 u\u017eivatele, kte\u0159\u00ed cht\u011bj\u00ed za\u0159\u00edzen\u00ed, je\u017e vydr\u017e\u00ed t\u00fddny, nikoliv dny, a z\u00e1rove\u0148 je snadno p\u0159enosn\u00e9 pro ka\u017edodenn\u00ed rutiny.<\/p>\n<p data-start=\"1124\" data-end=\"1346\"><strong data-start=\"1124\" data-end=\"1172\">Stabilita s\u00ed\u0165ov\u00e9 c\u00edvky p\u0159i vysok\u00e9m po\u010dtu pot\u00e1hnut\u00ed.<\/strong> Tento FUMOT<strong data-start=\"1177\" data-end=\"1232\">\u00a030K s\u00ed\u0165ov\u00e1 c\u00edvka dob\u00edjec\u00ed jednor\u00e1zov\u00fd<\/strong> pou\u017e\u00edv\u00e1 <strong data-start=\"1240\" data-end=\"1258\">1.0\u03a9 s\u00ed\u0165ov\u00e1 c\u00edvka<\/strong> zaji\u0161\u0165uje plynul\u00e9 tahy, hust\u00fd vapour a pomalej\u0161\u00ed \u00fabytek chuti i hluboko do rozsahu 30K.<\/p>\n<p data-start=\"1350\" data-end=\"1534\"><strong data-start=\"1350\" data-end=\"1397\">Nap\u00e1jen\u00ed p\u0159es Type-C, kter\u00e9 zabra\u0148uje pl\u00fdtv\u00e1n\u00ed e-liquidem.<\/strong> S <strong data-start=\"1405\" data-end=\"1455\">650mAh dob\u00edjec\u00ed Tornado Vape 30k s Type-C<\/strong>, dopl\u0148ujete podle pot\u0159eby a pokra\u010dujete v vapov\u00e1n\u00ed, dokud za\u0159\u00edzen\u00ed nen\u00ed skute\u010dn\u011b vy\u010derp\u00e1no.<\/p>\n<p data-start=\"1538\" data-end=\"1781\"><strong data-start=\"1538\" data-end=\"1577\">LED synchronizovan\u00e9 s hudbou pro spole\u010densk\u00e9 prost\u0159ed\u00ed.<\/strong> Fumot <strong data-start=\"1582\" data-end=\"1616\">Tornado Vapa<\/strong> pulsuje sv\u011btly podle va\u0161\u00ed playlistu, co\u017e je funkce, kter\u00e1 se velmi prod\u00e1v\u00e1 v <strong data-start=\"1682\" data-end=\"1736\">\u010cesk\u00e9 republice, Polsku, \u0160pan\u011blsku, It\u00e1lii a Nizozemsku<\/strong>, zejm\u00e9na v no\u010dn\u00edm \u017eivot\u011b a v\u00edkendov\u00fdch sc\u00e9n\u00e1ch.<\/p>\n<p data-start=\"1785\" data-end=\"1987\"><strong data-start=\"1785\" data-end=\"1820\">Vestav\u011bn\u00e1 \u0161irok\u00e1 rotace p\u0159\u00edchut\u00ed.<\/strong> Dvacet p\u0159\u00edchut\u00ed pokr\u00fdv\u00e1 ovocn\u00e9, ledov\u00e9 a klasick\u00e9 profily, tak\u017ee <strong data-start=\"1884\" data-end=\"1922\">RandM 30K jednor\u00e1zov\u00fd<\/strong> z\u016fst\u00e1v\u00e1 zaj\u00edmav\u00fd p\u0159i dlouhodob\u00e9m pou\u017e\u00edv\u00e1n\u00ed bez pot\u0159eby druh\u00e9ho za\u0159\u00edzen\u00ed.<\/p>\n<p><strong>P\u0159idejte si Amyin Whatsapp, z\u00edskejte okam\u017eitou odpov\u011b\u010f a kup\u00f3n na vape!<\/strong><\/p>\n<p><img fetchpriority=\"high\" decoding=\"async\" class=\"size-full wp-image-2932\" src=\"https:\/\/vapestornado.com\/wp-content\/uploads\/2024\/12\/Vape-Wholesale.jpg\" alt=\"Velkoobchod s vape\" width=\"229\" height=\"300\" \/><\/p>\n<h3><a href=\"https:\/\/wa.me\/8617776015835\" target=\"_blank\" rel=\"noopener\"><span style=\"color: #ff0000;\"><strong>WhatsApp: +86 17776015835<\/strong><\/span><\/a><\/h3>\n<p>&nbsp;<\/p>\n<h2><strong>Vlastnosti produktu RandM Tornado 30000<\/strong><\/h2>\n<table>\n<thead>\n<tr>\n<th>Funkce<\/th>\n<th>Specifikace<\/th>\n<th>Detaily<\/th>\n<\/tr>\n<\/thead>\n<tbody>\n<tr>\n<td>N\u00e1zev produktu<\/td>\n<td>RandM Tornado 30000 Puffs Hudebn\u00ed Vape<\/td>\n<td>Vysoce kapacitn\u00ed dob\u00edjec\u00ed jednor\u00e1zov\u00e1 s lehk\u00fdmi funkcemi.<\/td>\n<\/tr>\n<tr>\n<td>Kapacita pot\u00e1hnut\u00ed<\/td>\n<td>A\u017e 30 000 pot\u00e1hnut\u00ed<\/td>\n<td>Navr\u017eeno pro dlouhodob\u00e9 denn\u00ed pou\u017eit\u00ed s m\u00e9n\u011b v\u00fdm\u011bnami.<\/td>\n<\/tr>\n<tr>\n<td>Typ spir\u00e1lky<\/td>\n<td>1.0\u03a9 s\u00ed\u0165ov\u00e1 c\u00edvka<\/td>\n<td>Rovnom\u011brn\u00e9 zah\u0159\u00edv\u00e1n\u00ed pro hladk\u00fd vapour a konzistentn\u00ed chu\u0165.<\/td>\n<\/tr>\n<tr>\n<td>Baterie<\/td>\n<td>650mAh dob\u00edjec\u00ed<\/td>\n<td>Spolehliv\u00fd v\u00fdkon; dob\u00edjejte pro vyu\u017eit\u00ed pln\u00e9 \u017eivotnosti za\u0159\u00edzen\u00ed.<\/td>\n<\/tr>\n<tr>\n<td>Nab\u00edjen\u00ed<\/td>\n<td>rychl\u00e9 nab\u00edjen\u00ed Type-C<\/td>\n<td>Rychl\u00e9 dopl\u0148ky s modern\u00edmi EU-standardn\u00edmi kabely.<\/td>\n<\/tr>\n<tr>\n<td>Funkce osv\u011btlen\u00ed<\/td>\n<td>Hudebn\u011b-synchronizovan\u00fd LED syst\u00e9m<\/td>\n<td>LED diody pulzuj\u00ed do rytmu hudby pro vizu\u00e1ln\u00ed, interaktivn\u00ed efekt.<\/td>\n<\/tr>\n<tr>\n<td>Rozsah p\u0159\u00edchut\u00ed<\/td>\n<td>30 p\u0159\u00edchut\u00ed<\/td>\n<td>\u0160irok\u00fd v\u00fdb\u011br pro dlouhodobou rotaci.<\/td>\n<\/tr>\n<tr>\n<td>Styl nikotinu<\/td>\n<td>Podpora n\u00edzk\u00e9ho obsahu nikotinu<\/td>\n<td>Vhodn\u00e9 pro u\u017eivatele, kte\u0159\u00ed preferuj\u00ed m\u00edrn\u011bj\u0161\u00ed n\u00e1raz.<\/td>\n<\/tr>\n<tr>\n<td>Um\u00edst\u011bn\u00ed<\/td>\n<td>Maloobchodn\u00ed a velkoobchodn\u00ed model s vysok\u00fdm obratem<\/td>\n<td>Design s v\u00fdrazn\u00fdm vzhledem na polici a dlouhou v\u00fddr\u017e\u00ed.<\/td>\n<\/tr>\n<\/tbody>\n<\/table>\n<h2 class=\"product-title\"><strong>Seznam p\u0159\u00edchut\u00ed RandM Tornado 30000<\/strong><\/h2>\n<p>1. Ban\u00e1nov\u00fd led<br \/>\n2. \u010cern\u00fd led<br \/>\n3. Modr\u00e1 malina s ledem<br \/>\n4. Bor\u016fvka s ledem<br \/>\n5. Bor\u016fvka s malinou<br \/>\n6. Kysel\u00e1 bor\u016fvka s malinou<br \/>\n7. T\u0159e\u0161e\u0148 s ledem<br \/>\n8. T\u0159e\u0161\u0148ov\u00e1 cola<br \/>\n9. Cola Ice<br \/>\n10. Chladiv\u00e1 m\u00e1ta<br \/>\n11. Dvojit\u00e9 jablko<br \/>\n12. Dr. Blue<br \/>\n13. Hroznov\u00e1 ledov\u00e1<br \/>\n14. Ledov\u00fd nanuk<br \/>\n15. Kiwi, marakuja, guava<br \/>\n16. L\u00e1ska 66<br \/>\n17. Sv\u011b\u017e\u00ed ledov\u00e1<br \/>\n18. Sm\u00ed\u0161en\u00e9 bobule<br \/>\n19. Broskvov\u00e9 bobule<br \/>\n20. Broskvov\u00fd led<br \/>\n21. Broskvov\u00e9 mango ananas<br \/>\n22. Ananasov\u00fd led<br \/>\n23. R\u016f\u017eov\u00e1 limon\u00e1da<br \/>\n24. Skittles<br \/>\n25. Jahoda ban\u00e1n<br \/>\n26. Jahoda hrozen<br \/>\n27. Jahodov\u00fd led<br \/>\n28. Jahoda meloun<br \/>\n29. Trojit\u00e9 mango<br \/>\n30. Vimto<\/p>\n<h2>Pro\u010d si pro velkoobchodn\u00ed prodej vap\u016f Fumot 30k vybrat vapestornado?<\/h2>\n<div class=\"flex-shrink-0 flex flex-col relative items-end\">\n<div class=\"pt-0\">\n<div class=\"gizmo-bot-avatar flex h-8 w-8 items-center justify-center overflow-hidden rounded-full\">\n<div class=\"relative p-1 rounded-sm flex items-center justify-center bg-token-main-surface-primary text-token-text-primary h-8 w-8\">\n<p>V\u00edtejte ve vapestornado, va\u0161em d\u016fv\u011bryhodn\u00e9m online obchod\u011b s vapovac\u00edmi pot\u0159ebami pro pr\u00e9miov\u00e9 jednor\u00e1zov\u00e9 vapy. S v\u00edce ne\u017e 5let\u00fdmi zku\u0161enostmi v\u00e1m p\u0159in\u00e1\u0161\u00edme obl\u00edben\u00e9 zna\u010dky jednor\u00e1zov\u00fdch vape, jako jsou Fumot RandM Vape, <a href=\"https:\/\/vapestornado.com\/cs\/product\/vapme-crystal-7000-puffs-rechargeable-disposable-vape-wholesale-cheap-price\/\">Vapme<\/a>, Bang Vape, Waspe Vape a WGA Vape, atd.<\/p>\n<p>N\u00e1\u0161 sortiment zahrnuje \u017ehav\u00e9 vapy, jako je <a href=\"https:\/\/vapestornado.com\/cs\/product\/fumot-randm-tornado-15000-puffs-rechargeable-disposable-vape-wholesale\/\">RandM Tornado 15000<\/a>, a chu\u0165ov\u011b bohat\u00e9 varianty jako <a href=\"https:\/\/vapestornado.com\/cs\/product\/waspe-40000-puffs-double-flavour-led-display-disposable-vape-wholesale\/\">WASPE Dvojit\u00e1 p\u0159\u00edchu\u0165 40000 tah\u016f<\/a> . Ka\u017ed\u00fd produkt je vyb\u00edr\u00e1n s d\u016frazem na kvalitu, hodnotu a rozmanitost, abychom zajistili, \u017ee najdete to prav\u00e9 pro va\u0161e pot\u0159eby. Objevte v\u00fdjime\u010dn\u00e9 slu\u017eby a \u0161irokou \u0161k\u00e1lu \u0161pi\u010dkov\u00fdch produkt\u016f za velkoobchodn\u00ed ceny na vapestornado.<\/p>\n<\/div>\n<h3><\/h3>\n<div class=\"relative p-1 rounded-sm flex items-center justify-center bg-token-main-surface-primary text-token-text-primary h-8 w-8\">\n<h2>\u010casto kladen\u00e9 ot\u00e1zky k jednor\u00e1zov\u00e9mu vapu RandM 30k Music<\/h2>\n<\/div>\n<\/div>\n<\/div>\n<\/div>\n<div class=\"flex-shrink-0 flex flex-col relative items-end\">\n<div class=\"pt-0\">\n<div class=\"gizmo-bot-avatar flex h-8 w-8 items-center justify-center overflow-hidden rounded-full\">\n<div class=\"relative p-1 rounded-sm flex items-center justify-center bg-token-main-surface-primary text-token-text-primary h-8 w-8\">\n<div class=\"mb-2 flex gap-3 empty:hidden -ml-2\">\n<h2 data-start=\"2910\" data-end=\"2929\"><\/h2>\n<ol data-start=\"2931\" data-end=\"4128\">\n<li data-start=\"2931\" data-end=\"3167\">\n<p data-start=\"2934\" data-end=\"3167\"><strong data-start=\"2934\" data-end=\"3034\">Jak udr\u017e\u00ed stabiln\u00ed chu\u0165 mesh c\u00edvka na jednor\u00e1zov\u00e9m za\u0159\u00edzen\u00ed RandM Tornado 30000 Puffs p\u0159i dlouhodob\u00e9m pou\u017e\u00edv\u00e1n\u00ed?<\/strong><br data-start=\"3034\" data-end=\"3037\" \/>Ten <strong data-start=\"3041\" data-end=\"3059\">1.0\u03a9 s\u00ed\u0165ov\u00e1 c\u00edvka<\/strong> rovnom\u011brn\u011b rozv\u00e1d\u00ed teplo, co\u017e pom\u00e1h\u00e1 vapouru z\u016fstat hladk\u00fdm a chu\u0165 d\u00e9le p\u0159\u00edtomn\u00e1 v za\u0159\u00edzen\u00ed.<\/p>\n<\/li>\n<li data-start=\"3169\" data-end=\"3415\">\n<p data-start=\"3172\" data-end=\"3415\"><strong data-start=\"3172\" data-end=\"3281\">\u010c\u00edm se li\u0161\u00ed dob\u00edjec\u00ed jednor\u00e1zov\u00fd vaporiz\u00e9r RandM Tornado 30K Music od standardn\u00edho za\u0159\u00edzen\u00ed 30K?<\/strong><br data-start=\"3281\" data-end=\"3284\" \/>Ten <strong data-start=\"3288\" data-end=\"3315\">Hudebn\u011b-synchronizovan\u00e9 LED osv\u011btlen\u00ed<\/strong> reaguje na va\u0161i playlistu, poskytuje vizu\u00e1ln\u00ed rytmick\u00fd efekt, kter\u00fd se hod\u00ed do spole\u010densk\u00e9ho a no\u010dn\u00edho prost\u0159ed\u00ed.<\/p>\n<\/li>\n<li data-start=\"3417\" data-end=\"3661\">\n<p data-start=\"3420\" data-end=\"3661\"><strong data-start=\"3420\" data-end=\"3533\">Dokon\u010d\u00ed Fumot Tornado 30000 Type-C dob\u00edjec\u00ed vaporiz\u00e9r sv\u016fj pln\u00fd objem n\u00e1dechu bez poklesu baterie?<\/strong><br data-start=\"3533\" data-end=\"3536\" \/>Dob\u00edjec\u00ed funkce \u0159e\u0161\u00ed probl\u00e9m s brzk\u00fdm vybit\u00edm baterie. Kdy\u017e je energie n\u00edzk\u00e1, Type-C dopln\u011bn\u00ed ji udr\u017e\u00ed v chodu, dokud nejsou n\u00e1dechy hotov\u00e9.<\/p>\n<\/li>\n<li data-start=\"3663\" data-end=\"3885\">\n<p data-start=\"3666\" data-end=\"3885\"><strong data-start=\"3666\" data-end=\"3768\">Je jednor\u00e1zov\u00fd vaporiz\u00e9r Fumot 30K LED vhodn\u00fd pro ka\u017edodenn\u00ed no\u0161en\u00ed i no\u010dn\u00ed v\u00fdlety?<\/strong><br data-start=\"3768\" data-end=\"3771\" \/>Ano. Z\u016fst\u00e1v\u00e1 p\u0159enosn\u00fd pro ka\u017edodenn\u00ed pou\u017eit\u00ed, zat\u00edmco funkce LED p\u0159id\u00e1v\u00e1 atraktivitu v barech, klubech a v\u00edkendov\u00fdch prost\u0159ed\u00edch.<\/p>\n<\/li>\n<li data-start=\"3887\" data-end=\"4128\">\n<p data-start=\"3890\" data-end=\"4128\"><strong data-start=\"3890\" data-end=\"3982\">Jak pom\u00e1haj\u00ed 30 p\u0159\u00edchut\u00ed v RandM Tornado 30000 Puffs Music Vape dlouhodob\u00fdm u\u017eivatel\u016fm?<\/strong><br data-start=\"3982\" data-end=\"3985\" \/>Velk\u00fd v\u00fdb\u011br p\u0159\u00edchut\u00ed \u010din\u00ed dlouhodob\u00e9 pou\u017e\u00edv\u00e1n\u00ed za\u0159\u00edzen\u00ed z\u00e1bavn\u011bj\u0161\u00ed, umo\u017e\u0148uje u\u017eivatel\u016fm st\u0159\u00eddat profily m\u00edsto toho, aby byli uv\u011bzn\u011bni v jedn\u00e9 chuti na t\u00fddny.<\/p>\n<\/li>\n<\/ol>\n<\/div>\n<\/div>\n<\/div>\n<\/div>\n<\/div>\n<div class=\"group\/conversation-turn relative flex w-full min-w-0 flex-col agent-turn\">\n<div class=\"flex-col gap-1 md:gap-3\">\n<div class=\"flex max-w-full flex-col flex-grow\">\n<div class=\"min-h-8 text-message flex w-full flex-col items-end gap-2 whitespace-normal break-words [.text-message+&amp;]:mt-5\" dir=\"auto\" data-message-author-role=\"assistant\" data-message-id=\"db716a1c-9ed0-4b8d-b3b0-7bdb913c3d42\" data-message-model-slug=\"gpt-4o\">\n<div class=\"flex w-full flex-col gap-1 empty:hidden first:pt-[3px]\">\n<div class=\"markdown prose w-full break-words dark:prose-invert light\">\n<p>&nbsp;<\/p>\n<\/div>\n<\/div>\n<\/div>\n<\/div>\n<\/div>\n<\/div>","protected":false},"excerpt":{"rendered":"<p data-start=\"1465\" data-end=\"1662\">Fumot RandM Tornado 30000 Puffs Hudebn\u00ed dob\u00edjec\u00ed jednor\u00e1zov\u00fd vaporiz\u00e9r s 1.0\u03a9 s\u00ed\u0165ovou c\u00edvkou, 650mAh rychl\u00e9 nab\u00edjen\u00ed p\u0159es Type-C, LED osv\u011btlen\u00ed synchronizovan\u00e9 s hudbou a 20 p\u0159\u00edchut\u011bmi. Vyroben pro dlouh\u00e9, plynul\u00e9 sezen\u00ed a siln\u00fd maloobchodn\u00ed z\u00e1jem v EU. V\u00fdjime\u010dn\u00fd jednor\u00e1zov\u00fd vaporiz\u00e9r navr\u017een\u00fd pro <strong data-start=\"1624\" data-end=\"1659\">velkoobchodn\u00ed odb\u011bratele v Evrop\u011b<\/strong>.<\/p>\n<p><strong>P\u0159idejte si Amy na WhatsApp pro rychlou odpov\u011b\u010f a kup\u00f3n na vapky!<\/strong><\/p>\n<p><img fetchpriority=\"high\" decoding=\"async\" class=\"size-full wp-image-2932\" src=\"https:\/\/vapestornado.com\/wp-content\/uploads\/2024\/12\/Vape-Wholesale.jpg\" alt=\"Velkoobchod s vape\" width=\"229\" height=\"300\" \/><\/p>\n<h3><a href=\"https:\/\/wa.me\/8617776015835\"><span style=\"color: #ff0000;\"><strong>WhatsApp: +86 17776015835<\/strong><\/span><\/a><\/h3>\n<p>&nbsp;<\/p>","protected":false},"featured_media":3025,"comment_status":"open","ping_status":"closed","template":"","meta":{"_acf_changed":false,"_uag_custom_page_level_css":"","_lmt_disableupdate":"no","_lmt_disable":"","_monsterinsights_skip_tracking":false,"_monsterinsights_sitenote_active":false,"_monsterinsights_sitenote_note":"","_monsterinsights_sitenote_category":0,"site-sidebar-layout":"default","site-content-layout":"","ast-site-content-layout":"default","site-content-style":"default","site-sidebar-style":"default","ast-global-header-display":"","ast-banner-title-visibility":"","ast-main-header-display":"","ast-hfb-above-header-display":"","ast-hfb-below-header-display":"","ast-hfb-mobile-header-display":"","site-post-title":"","ast-breadcrumbs-content":"","ast-featured-img":"","footer-sml-layout":"","ast-disable-related-posts":"","theme-transparent-header-meta":"default","adv-header-id-meta":"","stick-header-meta":"","header-above-stick-meta":"","header-main-stick-meta":"","header-below-stick-meta":"","astra-migrate-meta-layouts":"set","ast-page-background-enabled":"default","ast-page-background-meta":{"desktop":{"background-color":"","background-image":"","background-repeat":"repeat","background-position":"center center","background-size":"auto","background-attachment":"scroll","background-type":"","background-media":"","overlay-type":"","overlay-color":"","overlay-opacity":"","overlay-gradient":""},"tablet":{"background-color":"","background-image":"","background-repeat":"repeat","background-position":"center center","background-size":"auto","background-attachment":"scroll","background-type":"","background-media":"","overlay-type":"","overlay-color":"","overlay-opacity":"","overlay-gradient":""},"mobile":{"background-color":"","background-image":"","background-repeat":"repeat","background-position":"center center","background-size":"auto","background-attachment":"scroll","background-type":"","background-media":"","overlay-type":"","overlay-color":"","overlay-opacity":"","overlay-gradient":""}},"ast-content-background-meta":{"desktop":{"background-color":"var(--ast-global-color-5)","background-image":"","background-repeat":"repeat","background-position":"center center","background-size":"auto","background-attachment":"scroll","background-type":"","background-media":"","overlay-type":"","overlay-color":"","overlay-opacity":"","overlay-gradient":""},"tablet":{"background-color":"var(--ast-global-color-5)","background-image":"","background-repeat":"repeat","background-position":"center center","background-size":"auto","background-attachment":"scroll","background-type":"","background-media":"","overlay-type":"","overlay-color":"","overlay-opacity":"","overlay-gradient":""},"mobile":{"background-color":"var(--ast-global-color-5)","background-image":"","background-repeat":"repeat","background-position":"center center","background-size":"auto","background-attachment":"scroll","background-type":"","background-media":"","overlay-type":"","overlay-color":"","overlay-opacity":"","overlay-gradient":""}},"_joinchat":{"telephone":"+8617776015835"}},"product_brand":[],"product_cat":[67,153,154,160,142,58,148],"product_tag":[83,125,124,126,78,114],"class_list":{"0":"post-3076","1":"product","2":"type-product","3":"status-publish","4":"has-post-thumbnail","6":"product_cat-30000-puff","7":"product_cat-buy-disposable-vapes-in-italy","8":"product_cat-buy-disposable-vapes-in-netherlands","9":"product_cat-buy-disposable-vapes-in-switzerland","10":"product_cat-digital-box-disposable-vapes","11":"product_cat-fumot-vape","12":"product_cat-tornado-disposable-vapes","13":"product_tag-fumot-vape","14":"product_tag-randm-30000","15":"product_tag-randm-tornado-30000","16":"product_tag-randm-tornado-30k","17":"product_tag-randm-vape","18":"product_tag-tornado-vape","19":"desktop-align-left","20":"tablet-align-left","21":"mobile-align-left","23":"first","24":"instock","25":"sale","26":"shipping-taxable","27":"purchasable","28":"product-type-simple"},"acf":[],"uagb_featured_image_src":{"full":["https:\/\/vapestornado.com\/wp-content\/uploads\/2024\/12\/Randm-Tornado-30K-Puffs-Rechargeable-Disposable-Vapes.jpg",1126,1126,false],"thumbnail":["https:\/\/vapestornado.com\/wp-content\/uploads\/2024\/12\/Randm-Tornado-30K-Puffs-Rechargeable-Disposable-Vapes-150x150.jpg",150,150,true],"medium":["https:\/\/vapestornado.com\/wp-content\/uploads\/2024\/12\/Randm-Tornado-30K-Puffs-Rechargeable-Disposable-Vapes-300x300.jpg",300,300,true],"medium_large":["https:\/\/vapestornado.com\/wp-content\/uploads\/2024\/12\/Randm-Tornado-30K-Puffs-Rechargeable-Disposable-Vapes-768x768.jpg",768,768,true],"large":["https:\/\/vapestornado.com\/wp-content\/uploads\/2024\/12\/Randm-Tornado-30K-Puffs-Rechargeable-Disposable-Vapes-1024x1024.jpg",1024,1024,true],"1536x1536":["https:\/\/vapestornado.com\/wp-content\/uploads\/2024\/12\/Randm-Tornado-30K-Puffs-Rechargeable-Disposable-Vapes.jpg",1126,1126,false],"2048x2048":["https:\/\/vapestornado.com\/wp-content\/uploads\/2024\/12\/Randm-Tornado-30K-Puffs-Rechargeable-Disposable-Vapes.jpg",1126,1126,false],"trp-custom-language-flag":["https:\/\/vapestornado.com\/wp-content\/uploads\/2024\/12\/Randm-Tornado-30K-Puffs-Rechargeable-Disposable-Vapes.jpg",12,12,false],"woocommerce_thumbnail":["https:\/\/vapestornado.com\/wp-content\/uploads\/2024\/12\/Randm-Tornado-30K-Puffs-Rechargeable-Disposable-Vapes-300x300.jpg",300,300,true],"woocommerce_single":["https:\/\/vapestornado.com\/wp-content\/uploads\/2024\/12\/Randm-Tornado-30K-Puffs-Rechargeable-Disposable-Vapes-600x600.jpg",600,600,true],"woocommerce_gallery_thumbnail":["https:\/\/vapestornado.com\/wp-content\/uploads\/2024\/12\/Randm-Tornado-30K-Puffs-Rechargeable-Disposable-Vapes-100x100.jpg",100,100,true]},"uagb_author_info":{"display_name":"ESAMY","author_link":"https:\/\/vapestornado.com\/cs\/author\/"},"uagb_comment_info":0,"uagb_excerpt":"Fumot RandM Tornado 30000 Puffs Music rechargeable disposable vape with 1.0\u03a9 mesh coil, 650mAh Type-C fast charging, music-sync LED lighting, and 20 flavours. Built for long, smooth sessions and strong EU retail demand.\u00a0A standout disposable designed for wholesale bulk buyers in Europe. Add Amy's whatsapp get right reply and vape vape coupon! WhatsApp: +86 17776015835&hellip;","_links":{"self":[{"href":"https:\/\/vapestornado.com\/cs\/wp-json\/wp\/v2\/product\/3076","targetHints":{"allow":["GET"]}}],"collection":[{"href":"https:\/\/vapestornado.com\/cs\/wp-json\/wp\/v2\/product"}],"about":[{"href":"https:\/\/vapestornado.com\/cs\/wp-json\/wp\/v2\/types\/product"}],"replies":[{"embeddable":true,"href":"https:\/\/vapestornado.com\/cs\/wp-json\/wp\/v2\/comments?post=3076"}],"wp:featuredmedia":[{"embeddable":true,"href":"https:\/\/vapestornado.com\/cs\/wp-json\/wp\/v2\/media\/3025"}],"wp:attachment":[{"href":"https:\/\/vapestornado.com\/cs\/wp-json\/wp\/v2\/media?parent=3076"}],"wp:term":[{"taxonomy":"product_brand","embeddable":true,"href":"https:\/\/vapestornado.com\/cs\/wp-json\/wp\/v2\/product_brand?post=3076"},{"taxonomy":"product_cat","embeddable":true,"href":"https:\/\/vapestornado.com\/cs\/wp-json\/wp\/v2\/product_cat?post=3076"},{"taxonomy":"product_tag","embeddable":true,"href":"https:\/\/vapestornado.com\/cs\/wp-json\/wp\/v2\/product_tag?post=3076"}],"curies":[{"name":"wp","href":"https:\/\/api.w.org\/{rel}","templated":true}]}}