{"id":3064,"date":"2024-12-10T08:39:40","date_gmt":"2024-12-10T08:39:40","guid":{"rendered":"https:\/\/vapestornado.com\/?post_type=product&#038;p=3064"},"modified":"2025-12-04T07:06:41","modified_gmt":"2025-12-04T07:06:41","slug":"fumot-randm-tornado-25000-puffs-touch-disposable-vape-wholesale-online","status":"publish","type":"product","link":"https:\/\/vapestornado.com\/cs\/product\/fumot-randm-tornado-25000-puffs-touch-disposable-vape-wholesale-online\/","title":{"rendered":"Fumot RandM Tornado 25000 Puffs Dotykov\u00e1 jednor\u00e1zov\u00e1 vapka Velkoobchod online"},"content":{"rendered":"<h2 class=\"product-title\">Fumot RandM Tornado 25000 Puff Jednor\u00e1zov\u00fd vaporiz\u00e9r Touch \u2014 Chytr\u00e1 S\u00edla, Dlouh\u00e1 V\u00fddr\u017e, Pr\u00e9miov\u00e1 P\u0159\u00edchu\u0165<\/h2>\n<p data-start=\"285\" data-end=\"669\">Pokud hled\u00e1te <strong data-start=\"309\" data-end=\"337\">jednor\u00e1zov\u00fd vaporiz\u00e9r s 25k potahy<\/strong> kter\u00fd skute\u010dn\u011b vydr\u017e\u00ed a st\u00e1le p\u016fsob\u00ed modern\u011b na pou\u017e\u00edv\u00e1n\u00ed, je <strong data-start=\"390\" data-end=\"430\">Fumot RandM Tornado 25000 Puff jednor\u00e1zov\u00fd vaporiz\u00e9r<\/strong> navr\u017een tak, aby vynikal nad b\u011b\u017en\u00fdmi vysokokapacitn\u00edmi mo\u017enostmi. S <strong data-start=\"491\" data-end=\"508\">25 000+ potahy<\/strong>, hladk\u00fdm syst\u00e9mem dvojit\u00e9 m\u0159\u00ed\u017eky c\u00edvky a citlivou obrazovkou Smart Touch, nab\u00edz\u00ed dlouh\u00e9 seance, konzistentn\u00ed chu\u0165 a snadn\u00e9 ovl\u00e1d\u00e1n\u00ed v jednom za\u0159\u00edzen\u00ed p\u0159ipraven\u00e9m do kapsy.<\/p>\n<h3 data-start=\"671\" data-end=\"723\">Pro\u010d je tento nejlep\u0161\u00ed vaporiz\u00e9r s 25K potahy pro denn\u00ed u\u017eivatele<\/h3>\n<p data-start=\"724\" data-end=\"1134\">V\u011bt\u0161ina dlouhotrvaj\u00edc\u00edch jednor\u00e1zov\u00fdch vaporiz\u00e9r\u016f ob\u011btov\u00e1v\u00e1 chu\u0165 nebo p\u0159estane fungovat d\u0159\u00edve, ne\u017e dojde n\u00e1pl\u0148. <strong data-start=\"809\" data-end=\"854\">Fumot RandM Tornado 25000 Puff Touch vaporiz\u00e9r<\/strong> \u0159e\u0161\u00ed tento probl\u00e9m s <strong data-start=\"882\" data-end=\"920\">jednor\u00e1zov\u00fdm vaporiz\u00e9rem s dvojitou m\u0159\u00ed\u017ekou 25k<\/strong> kter\u00fd se rovnom\u011brn\u011b zah\u0159\u00edv\u00e1 a udr\u017euje chu\u0165 \u010distou od prvn\u00edho potahu a\u017e po posledn\u00ed. A\u0165 u\u017e preferujete ovocn\u00e9 sm\u011bsi, chladiv\u00e9 ledov\u00e9 profily nebo sladkosti ve stylu dezertu, chu\u0165 z\u016fst\u00e1v\u00e1 stabiln\u00ed m\u00edsto aby vybledla uprost\u0159ed pou\u017e\u00edv\u00e1n\u00ed.<\/p>\n<p data-start=\"1136\" data-end=\"1312\">Proto\u017ee je navr\u017een pro dlouhodob\u00e9 pou\u017e\u00edv\u00e1n\u00ed, mnoho z\u00e1kazn\u00edk\u016f ho hodnot\u00ed jako <strong data-start=\"1206\" data-end=\"1228\">nejlep\u0161\u00ed vaporiz\u00e9r s 25k potahy<\/strong> pro intenzivn\u00ed denn\u00ed vapov\u00e1n\u00ed, zat\u00edmco p\u0159\u00edle\u017eitostn\u00ed u\u017eivatel\u00e9 oce\u0148uj\u00ed, jak z\u0159\u00eddka je t\u0159eba ho m\u011bnit.<\/p>\n<h3 data-start=\"1314\" data-end=\"1383\">Chytr\u00e1 obrazovka Touch + Nastaviteln\u00fd v\u00fdkon (Jednoduch\u00e9, Ne Slo\u017eit\u011bj\u0161\u00ed)<\/h3>\n<p data-start=\"1384\" data-end=\"1533\">Toto je v\u00edc ne\u017e b\u011b\u017en\u00fd jednor\u00e1zov\u00fd vaporiz\u00e9r. Je to <strong data-start=\"1432\" data-end=\"1476\">jednor\u00e1zov\u00fd vaporiz\u00e9r s dotykovou obrazovkou na 25000 potah\u016f<\/strong> s rozhran\u00edm Smart Touch navr\u017een\u00fdm pro skute\u010dnou pohodl\u00ed:<\/p>\n<ul data-start=\"1535\" data-end=\"1669\">\n<li data-start=\"1535\" data-end=\"1598\">\n<p data-start=\"1537\" data-end=\"1598\"><strong data-start=\"1537\" data-end=\"1551\">Dvojit\u00e9 poklep\u00e1n\u00ed<\/strong> pro okam\u017eit\u00e9 kontrolov\u00e1n\u00ed stavu baterie a v\u00fdkonu.<\/p>\n<\/li>\n<li data-start=\"1599\" data-end=\"1669\">\n<p data-start=\"1601\" data-end=\"1669\"><strong data-start=\"1601\" data-end=\"1615\">Trojn\u00e1sobn\u00e9 poklep\u00e1n\u00ed<\/strong> pro nastaven\u00ed v\u00fdstupu pro plynulej\u0161\u00ed tahy nebo v\u00fdrazn\u011bj\u0161\u00ed mraky.<\/p>\n<\/li>\n<\/ul>\n<p data-start=\"1671\" data-end=\"1969\">To z n\u011bj d\u011bl\u00e1 skute\u010dn\u00fd <strong data-start=\"1692\" data-end=\"1742\">chytr\u00fd dotykov\u00fd jednor\u00e1zov\u00fd vaporiz\u00e9r s nastaviteln\u00fdm v\u00fdkonem<\/strong> mo\u017enost\u2014ide\u00e1ln\u00ed pro u\u017eivatele, kte\u0159\u00ed cht\u011bj\u00ed kontrolu bez menu nebo aplikac\u00ed. Pokud r\u00e1di vid\u00edte stav sv\u00e9ho za\u0159\u00edzen\u00ed jasn\u011b, ocen\u00edte <strong data-start=\"1877\" data-end=\"1912\">jednor\u00e1zov\u00fd vaporiz\u00e9r s TFT displejem<\/strong> stylov\u00e9 zobrazen\u00ed, kter\u00e9 udr\u017e\u00ed v\u0161e p\u0159ehledn\u00e9 na prvn\u00ed pohled.<\/p>\n<h3 data-start=\"1971\" data-end=\"2012\">Typ-C dob\u00edjen\u00ed pro pou\u017eit\u00ed p\u0159i ka\u017ed\u00e9m potahu<\/h3>\n<p data-start=\"2013\" data-end=\"2239\">Ten <strong data-start=\"2017\" data-end=\"2067\">RandM 25K Typ-C dob\u00edjec\u00ed jednor\u00e1zov\u00fd vaporiz\u00e9r<\/strong> funguje na odoln\u00e9 <strong data-start=\"2086\" data-end=\"2104\">700mAh baterii<\/strong> s rychl\u00fdm nab\u00edjen\u00edm p\u0159es Typ-C. To znamen\u00e1, \u017ee jej m\u016f\u017eete dob\u00edjet podle pot\u0159eby a dokon\u010dit cel\u00fd obsah n\u00e1dr\u017eky\u2014\u017e\u00e1dn\u00e9 pl\u00fdtv\u00e1n\u00ed potahy, \u017e\u00e1dn\u00e9 p\u0159ed\u010dasn\u00e9 vypnut\u00ed baterie.<\/p>\n<h3 data-start=\"2241\" data-end=\"2269\">Z\u00e1bavn\u00fd dopln\u011bk: hern\u00ed re\u017eim<\/h3>\n<p data-start=\"2270\" data-end=\"2523\">Pro u\u017eivatele, kte\u0159\u00ed cht\u011bj\u00ed n\u011bco jin\u00e9ho, p\u0159id\u00e1v\u00e1 voliteln\u00e1 <strong data-start=\"2323\" data-end=\"2363\">RandM Tornado 25000 hern\u00ed re\u017eim vaporiz\u00e9ru<\/strong> funkce interaktivn\u00ed z\u00e1\u017eitek. Nen\u00ed nutn\u00fd pro vapov\u00e1n\u00ed\u2014jen jedine\u010dn\u00fd dopln\u011bk, kter\u00fd d\u00e1v\u00e1 za\u0159\u00edzen\u00ed pocit vy\u0161\u0161\u00ed kvality a pom\u00e1h\u00e1 mu vyniknout na reg\u00e1lech.<\/p>\n<p>&nbsp;<\/p>\n<p><strong>P\u0159idejte si Amyin Whatsapp, z\u00edskejte okam\u017eitou odpov\u011b\u010f a kup\u00f3n na vape!<\/strong><\/p>\n<p><img fetchpriority=\"high\" decoding=\"async\" class=\"size-full wp-image-2932\" src=\"https:\/\/vapestornado.com\/wp-content\/uploads\/2024\/12\/Vape-Wholesale.jpg\" alt=\"Velkoobchod s vape\" width=\"229\" height=\"300\" \/><\/p>\n<h3><a href=\"https:\/\/wa.me\/8617776015835\" target=\"_blank\" rel=\"noopener\"><span style=\"color: #ff0000;\"><strong>WhatsApp: +86 17776015835<\/strong><\/span><\/a><\/h3>\n<p>&nbsp;<\/p>\n<h2><strong>RandM Tornado 25000 Vlastnosti produktu<\/strong><\/h2>\n<table>\n<thead>\n<tr>\n<th>Parametr<\/th>\n<th align=\"right\">Specifikace<\/th>\n<th>Lidsk\u00e9 vysv\u011btlen\u00ed<\/th>\n<\/tr>\n<\/thead>\n<tbody>\n<tr>\n<td>Kapacita pot\u00e1hnut\u00ed<\/td>\n<td align=\"right\">25 000+ potahy<\/td>\n<td>Vydr\u017e\u00ed t\u00fddny pro v\u011bt\u0161inu u\u017eivatel\u016f; m\u00e9n\u011b v\u00fdm\u011bn.<\/td>\n<\/tr>\n<tr>\n<td>Baterie<\/td>\n<td align=\"right\">700mAh dob\u00edjec\u00ed<\/td>\n<td>V\u011bt\u0161\u00ed baterie podporuje pln\u00fd po\u010det potah\u016f; dob\u00edjejte, dokud nezkon\u010d\u00ed n\u00e1pl\u0148.<\/td>\n<\/tr>\n<tr>\n<td>Nab\u00edjen\u00ed<\/td>\n<td align=\"right\">USB Type-C<\/td>\n<td>Standard rychl\u00e9ho nab\u00edjen\u00ed; snadno dostupn\u00e9 kabely.<\/td>\n<\/tr>\n<tr>\n<td>Typ spir\u00e1lky<\/td>\n<td align=\"right\">Du\u00e1ln\u00ed mesh spir\u00e1lky<\/td>\n<td>Rovnom\u011brn\u00e9 zah\u0159\u00edv\u00e1n\u00ed = siln\u011bj\u0161\u00ed konzistence chuti a hlad\u0161\u00ed p\u00e1ra.<\/td>\n<\/tr>\n<tr>\n<td>Displej \/ Ovl\u00e1d\u00e1n\u00ed<\/td>\n<td align=\"right\">Chytr\u00e9 Dotykov\u00e9 + Digit\u00e1ln\u00ed Obrazovka<\/td>\n<td>Klepnut\u00edm zkontrolujte baterii\/watt\u00e1\u017e; upravte v\u00fdkon bez menu.<\/td>\n<\/tr>\n<tr>\n<td>Nastaven\u00ed v\u00fdkonu<\/td>\n<td align=\"right\">T\u0159ikr\u00e1t klepn\u011bte pro zm\u011bnu v\u00fdstupu<\/td>\n<td>Umo\u017e\u0148uje zvolit jemn\u011bj\u0161\u00ed tahy nebo siln\u011bj\u0161\u00ed mraky.<\/td>\n<\/tr>\n<tr>\n<td>Hern\u00ed re\u017eim<\/td>\n<td align=\"right\">Interaktivn\u00ed voliteln\u00fd re\u017eim<\/td>\n<td>P\u0159id\u00e1v\u00e1 novost a atraktivitu pro mlad\u0161\u00ed\/technologicky zam\u011b\u0159en\u00e9 u\u017eivatele.<\/td>\n<\/tr>\n<tr>\n<td>Aktivace<\/td>\n<td align=\"right\">Aktivace potahem<\/td>\n<td>Nen\u00ed t\u0159eba tla\u010d\u00edtek k vapov\u00e1n\u00ed; inhalujte pro pou\u017eit\u00ed.<\/td>\n<\/tr>\n<tr>\n<td>C\u00edlov\u00ed u\u017eivatel\u00e9<\/td>\n<td align=\"right\">P\u0159\u00edle\u017eitostn\u00ed a\u017e intenzivn\u00ed vap\u00e9\u0159i<\/td>\n<td>Funguje pro u\u017eivatele po cel\u00fd den i p\u0159\u00edle\u017eitostn\u00e9 vap\u00e9ry.<\/td>\n<\/tr>\n<tr>\n<td>Trh a um\u00edst\u011bn\u00ed<\/td>\n<td align=\"right\">Prodej v \u010cR i velkoobchod<\/td>\n<td>Vysok\u00e1 kapacita + pr\u00e9miov\u00e9 funkce podporuj\u00ed opakovan\u00fd prodej.<\/td>\n<\/tr>\n<\/tbody>\n<\/table>\n<h2 class=\"product-title\"><strong>RandM 25000 Seznam p\u0159\u00edchut\u00ed<\/strong><\/h2>\n<p>1. Ban\u00e1nov\u00fd led<br \/>\n2. Jahodov\u00fd meloun<br \/>\n3. Miami Mint<br \/>\n4. Bor\u016fvkov\u00e1 malina<br \/>\n5. \u010cern\u00fd led<br \/>\n6. White Gummy Ice<br \/>\n7. Watermelon Ice<br \/>\n8. Juicy Peach Ice<br \/>\n9. R\u016f\u017eov\u00e1 limon\u00e1da<br \/>\n10. Jahodov\u00e9 mango<br \/>\n11. Broskvov\u00e9 mango s melounem<br \/>\n12. Hroznov\u00fd citron<br \/>\n13. Tropick\u00fd Duha V\u00fdbuch<br \/>\n14. T\u0159e\u0161\u0148ov\u00e1 bomba<br \/>\n15. Jahodov\u00e9 m\u00e1tov\u00e9 bonb\u00f3ny<br \/>\n16. Dvojit\u00e9 jablko<br \/>\n17. Bor\u016fvka s ledem<br \/>\n18. Jahodov\u00fd led<br \/>\n19. Bujn\u00fd led<br \/>\n20. Ananasov\u00fd led<br \/>\n21. Hroznov\u00fd led<br \/>\n22. Dr. Blue<br \/>\n23. Kiwi Marakuja Guava<br \/>\n24. T\u0159e\u0161\u0148ov\u00e1 Cola<\/p>\n<figure id=\"attachment_3266\" aria-describedby=\"caption-attachment-3266\" style=\"width: 300px\" class=\"wp-caption alignnone\"><img decoding=\"async\" class=\"size-medium wp-image-3266\" src=\"https:\/\/vapestornado.com\/wp-content\/uploads\/2024\/12\/Buy-RandM-Tornado-25K-Vape-300x201.png\" alt=\"Kup Fumot RandM Tornado 250000 Vape\" width=\"300\" height=\"201\" srcset=\"https:\/\/vapestornado.com\/wp-content\/uploads\/2024\/12\/Buy-RandM-Tornado-25K-Vape-300x201.png 300w, https:\/\/vapestornado.com\/wp-content\/uploads\/2024\/12\/Buy-RandM-Tornado-25K-Vape-768x515.png 768w, https:\/\/vapestornado.com\/wp-content\/uploads\/2024\/12\/Buy-RandM-Tornado-25K-Vape-600x403.png 600w, https:\/\/vapestornado.com\/wp-content\/uploads\/2024\/12\/Buy-RandM-Tornado-25K-Vape.png 900w\" sizes=\"(max-width: 300px) 100vw, 300px\" \/><figcaption id=\"caption-attachment-3266\" class=\"wp-caption-text\">Kup Fumot RandM Tornado 250000 Vape<\/figcaption><\/figure>\n<figure id=\"attachment_3266\" aria-describedby=\"caption-attachment-3266\" style=\"width: 300px\" class=\"wp-caption alignnone\"><img decoding=\"async\" class=\"size-medium wp-image-3266\" src=\"https:\/\/vapestornado.com\/wp-content\/uploads\/2024\/12\/Buy-RandM-Tornado-25K-Vape-300x201.png\" alt=\"Kup Fumot RandM Tornado 250000 Vape\" width=\"300\" height=\"201\" srcset=\"https:\/\/vapestornado.com\/wp-content\/uploads\/2024\/12\/Buy-RandM-Tornado-25K-Vape-300x201.png 300w, https:\/\/vapestornado.com\/wp-content\/uploads\/2024\/12\/Buy-RandM-Tornado-25K-Vape-768x515.png 768w, https:\/\/vapestornado.com\/wp-content\/uploads\/2024\/12\/Buy-RandM-Tornado-25K-Vape-600x403.png 600w, https:\/\/vapestornado.com\/wp-content\/uploads\/2024\/12\/Buy-RandM-Tornado-25K-Vape.png 900w\" sizes=\"(max-width: 300px) 100vw, 300px\" \/><figcaption id=\"caption-attachment-3266\" class=\"wp-caption-text\">Kup Fumot RandM Tornado 250000 Vape<\/figcaption><\/figure>\n<h3>Pro\u010d si vybrat vapestornado pro velkoobchodn\u00ed prodej Fumot 25k Vape?<\/h3>\n<div class=\"flex-shrink-0 flex flex-col relative items-end\">\n<div class=\"pt-0\">\n<div class=\"gizmo-bot-avatar flex h-8 w-8 items-center justify-center overflow-hidden rounded-full\">\n<div class=\"relative p-1 rounded-sm flex items-center justify-center bg-token-main-surface-primary text-token-text-primary h-8 w-8\">\n<p>V\u00edtejte ve vapestornado, va\u0161em d\u016fv\u011bryhodn\u00e9m online vape shopu pro pr\u00e9miov\u00e9 jednor\u00e1zov\u00e9 vapy. S v\u00edce ne\u017e 5 lety zku\u0161enost\u00ed v\u00e1m p\u0159in\u00e1\u0161\u00edme obl\u00edben\u00e9 zna\u010dky jednor\u00e1zov\u00fdch vap\u016f, jako jsou Fumot RandM Vape, Vapme, Bang Vape, Waspe Vape a WGA Vape atd.<\/p>\n<p>N\u00e1\u0161 sortiment zahrnuje \u017ehav\u00e9 vapy, jako je <a href=\"https:\/\/vapestornado.com\/cs\/product\/fumot-randm-tornado-15000-puffs-rechargeable-disposable-vape-wholesale\/\">RandM Tornado 15000<\/a>, a chu\u0165ov\u011b bohat\u00e9 varianty jako <a href=\"https:\/\/vapestornado.com\/cs\/product\/waspe-40000-puffs-double-flavour-led-display-disposable-vape-wholesale\/\">WASPE Dvojit\u00e1 p\u0159\u00edchu\u0165 40000 tah\u016f<\/a> . Ka\u017ed\u00fd produkt je vyb\u00edr\u00e1n s d\u016frazem na kvalitu, hodnotu a rozmanitost, abychom zajistili, \u017ee najdete to prav\u00e9 pro va\u0161e pot\u0159eby. Objevte v\u00fdjime\u010dn\u00e9 slu\u017eby a \u0161irokou \u0161k\u00e1lu \u0161pi\u010dkov\u00fdch produkt\u016f za velkoobchodn\u00ed ceny na vapestornado.<\/p>\n<\/div>\n<h3><\/h3>\n<div class=\"relative p-1 rounded-sm flex items-center justify-center bg-token-main-surface-primary text-token-text-primary h-8 w-8\">\n<h3>\u010casto kladen\u00e9 ot\u00e1zky pro jednor\u00e1zovou vapku RandM 25k<\/h3>\n<p data-start=\"4913\" data-end=\"5124\"><strong data-start=\"4913\" data-end=\"4989\">1. Vy\u017eaduj\u00ed jednor\u00e1zov\u00e9 vaporiz\u00e9ry speci\u00e1ln\u00ed nab\u00edje\u010dku pro Fumot RandM 25K Puff?<\/strong><br data-start=\"4989\" data-end=\"4992\" \/>Ne. Ta <strong data-start=\"5000\" data-end=\"5046\">Fumot RandM 25K Puff Touch Jednor\u00e1zov\u00fd vaporiz\u00e9r<\/strong> pou\u017e\u00edv\u00e1 standardn\u00ed <strong data-start=\"5061\" data-end=\"5075\">USB Type-C<\/strong>, tak\u017ee jak\u00fdkoli kabel Type-C a bezpe\u010dn\u00fd USB adapt\u00e9r funguj\u00ed.<\/p>\n<p data-start=\"5126\" data-end=\"5380\"><strong data-start=\"5126\" data-end=\"5212\">2. Zp\u016fsobuj\u00ed jednor\u00e1zov\u00e9 vaporiz\u00e9ry z\u00e1vislost rychleji \u2014 v\u010detn\u011b Fumot RandM 25K Puff?<\/strong><br data-start=\"5212\" data-end=\"5215\" \/>Riziko z\u00e1vislosti z\u00e1vis\u00ed na <strong data-start=\"5241\" data-end=\"5287\">s\u00edle nikotinu a frekvenci pou\u017e\u00edv\u00e1n\u00ed<\/strong>, nikoliv pouze na po\u010dtu pota\u017een\u00ed. Pokud m\u00e1te obavy, zvolte ni\u017e\u0161\u00ed mo\u017enost s obsahem nikotinu a st\u0159\u00eddm\u00e9 pou\u017e\u00edv\u00e1n\u00ed.<\/p>\n<p data-start=\"5382\" data-end=\"5657\"><strong data-start=\"5382\" data-end=\"5462\">3. Kter\u00fd jednor\u00e1zov\u00fd p\u0159\u00edstroj vydr\u017e\u00ed d\u00e9le: Fumot RandM 25K Puff nebo za\u0159\u00edzen\u00ed s 10k\/20k pota\u017een\u00edmi?<\/strong><br data-start=\"5462\" data-end=\"5465\" \/>V re\u00e1ln\u00e9m pou\u017eit\u00ed <strong data-start=\"5482\" data-end=\"5506\">Fumot RandM 25K Puff<\/strong> obvykle vydr\u017e\u00ed d\u00e9le, proto\u017ee kombinuje <strong data-start=\"5550\" data-end=\"5612\">25 000+ pota\u017een\u00ed, dvojit\u00e9 s\u00ed\u0165ov\u00e9 c\u00edvky a dob\u00edjec\u00ed baterii<\/strong>, zat\u00edmco za\u0159\u00edzen\u00ed s ni\u017e\u0161\u00edm po\u010dtem pota\u017een\u00ed kon\u010d\u00ed d\u0159\u00edve.<\/p>\n<p data-start=\"5659\" data-end=\"5949\"><strong data-start=\"5659\" data-end=\"5743\">4. Jak\u00e9 jsou nejlep\u0161\u00ed p\u0159\u00edchut\u011b v \u0159ad\u011b Fumot 25K Puff Touch pr\u00e1v\u011b te\u010f?<\/strong><br data-start=\"5743\" data-end=\"5746\" \/>Nejprod\u00e1van\u011bj\u0161\u00ed obvykle poch\u00e1zej\u00ed z <strong data-start=\"5776\" data-end=\"5814\">ovocn\u00fdch-ice a sm\u00ed\u0161en\u00fdch ovocn\u00fdch profil\u016f<\/strong>, proto\u017ee z\u016fst\u00e1vaj\u00ed osv\u011b\u017euj\u00edc\u00ed po dlouh\u00fdch sezen\u00edch. Dostupnost se li\u0161\u00ed podle regionu, proto zkontrolujte aktu\u00e1ln\u00ed seznam p\u0159\u00edchut\u00ed na str\u00e1nce produktu.<\/p>\n<p data-start=\"5951\" data-end=\"6200\"><strong data-start=\"5951\" data-end=\"6022\">5. Mohu si vz\u00edt jednor\u00e1zov\u00fd vaporiz\u00e9r RandM 25000 Puff na let?<\/strong><br data-start=\"6022\" data-end=\"6025\" \/>V\u011bt\u0161ina leteck\u00fdch spole\u010dnost\u00ed umo\u017e\u0148uje jednor\u00e1zov\u00e9 vaporiz\u00e9ry <strong data-start=\"6057\" data-end=\"6085\">pouze v p\u0159\u00edru\u010dn\u00edm zavazadle<\/strong>, nikoli v odbaven\u00fdch zavazadlech, kv\u016fli pravidl\u016fm t\u00fdkaj\u00edc\u00edm se bateri\u00ed. Udr\u017eujte ho uzav\u0159en\u00fd a p\u0159ed cestou si ov\u011b\u0159te nejnov\u011bj\u0161\u00ed politiku va\u0161\u00ed leteck\u00e9 spole\u010dnosti.<\/p>\n<\/div>\n<\/div>\n<\/div>\n<\/div>","protected":false},"excerpt":{"rendered":"<p>Jednor\u00e1zov\u00e1 e-cigareta Fumot RandM Tornado 25000 Puffs Touch<br \/>\nPUFF 25000 RandM Vape Tornado Velkoobchodn\u00ed cena<br \/>\nRandM Vape Tornado 25000 Digit\u00e1ln\u00ed displej Jednor\u00e1zov\u00e1 e-cigareta<\/p>\n<p><strong>P\u0159idejte si Amy na WhatsApp pro rychlou odpov\u011b\u010f a kup\u00f3n na vapky!<\/strong><\/p>\n<p><img fetchpriority=\"high\" decoding=\"async\" class=\"size-full wp-image-2932\" src=\"https:\/\/vapestornado.com\/wp-content\/uploads\/2024\/12\/Vape-Wholesale.jpg\" alt=\"Velkoobchod s vape\" width=\"229\" height=\"300\" \/><\/p>\n<h3><a href=\"https:\/\/wa.me\/8617776015835\"><span style=\"color: #ff0000;\"><strong>WhatsApp: +86 17776015835<\/strong><\/span><\/a><\/h3>\n<p>&nbsp;<\/p>","protected":false},"featured_media":3038,"comment_status":"open","ping_status":"closed","template":"","meta":{"_acf_changed":false,"_uag_custom_page_level_css":"","_lmt_disableupdate":"no","_lmt_disable":"","_monsterinsights_skip_tracking":false,"_monsterinsights_sitenote_active":false,"_monsterinsights_sitenote_note":"","_monsterinsights_sitenote_category":0,"site-sidebar-layout":"default","site-content-layout":"","ast-site-content-layout":"default","site-content-style":"default","site-sidebar-style":"default","ast-global-header-display":"","ast-banner-title-visibility":"","ast-main-header-display":"","ast-hfb-above-header-display":"","ast-hfb-below-header-display":"","ast-hfb-mobile-header-display":"","site-post-title":"","ast-breadcrumbs-content":"","ast-featured-img":"","footer-sml-layout":"","ast-disable-related-posts":"","theme-transparent-header-meta":"default","adv-header-id-meta":"","stick-header-meta":"","header-above-stick-meta":"","header-main-stick-meta":"","header-below-stick-meta":"","astra-migrate-meta-layouts":"set","ast-page-background-enabled":"default","ast-page-background-meta":{"desktop":{"background-color":"","background-image":"","background-repeat":"repeat","background-position":"center center","background-size":"auto","background-attachment":"scroll","background-type":"","background-media":"","overlay-type":"","overlay-color":"","overlay-opacity":"","overlay-gradient":""},"tablet":{"background-color":"","background-image":"","background-repeat":"repeat","background-position":"center center","background-size":"auto","background-attachment":"scroll","background-type":"","background-media":"","overlay-type":"","overlay-color":"","overlay-opacity":"","overlay-gradient":""},"mobile":{"background-color":"","background-image":"","background-repeat":"repeat","background-position":"center center","background-size":"auto","background-attachment":"scroll","background-type":"","background-media":"","overlay-type":"","overlay-color":"","overlay-opacity":"","overlay-gradient":""}},"ast-content-background-meta":{"desktop":{"background-color":"var(--ast-global-color-5)","background-image":"","background-repeat":"repeat","background-position":"center center","background-size":"auto","background-attachment":"scroll","background-type":"","background-media":"","overlay-type":"","overlay-color":"","overlay-opacity":"","overlay-gradient":""},"tablet":{"background-color":"var(--ast-global-color-5)","background-image":"","background-repeat":"repeat","background-position":"center center","background-size":"auto","background-attachment":"scroll","background-type":"","background-media":"","overlay-type":"","overlay-color":"","overlay-opacity":"","overlay-gradient":""},"mobile":{"background-color":"var(--ast-global-color-5)","background-image":"","background-repeat":"repeat","background-position":"center center","background-size":"auto","background-attachment":"scroll","background-type":"","background-media":"","overlay-type":"","overlay-color":"","overlay-opacity":"","overlay-gradient":""}},"_joinchat":{"telephone":"+8617776015835"}},"product_brand":[],"product_cat":[68,58,19],"product_tag":[83,115,117,116,78,114],"class_list":{"0":"post-3064","1":"product","2":"type-product","3":"status-publish","4":"has-post-thumbnail","6":"product_cat-25000-puff","7":"product_cat-fumot-vape","8":"product_cat-vapes","9":"product_tag-fumot-vape","10":"product_tag-randm-25000","11":"product_tag-randm-25k","12":"product_tag-randm-tornado-25000","13":"product_tag-randm-vape","14":"product_tag-tornado-vape","15":"desktop-align-left","16":"tablet-align-left","17":"mobile-align-left","19":"first","20":"instock","21":"sale","22":"shipping-taxable","23":"purchasable","24":"product-type-simple"},"acf":[],"uagb_featured_image_src":{"full":["https:\/\/vapestornado.com\/wp-content\/uploads\/2024\/12\/PUFF-25000-Tornado-RandM-Vape.jpg",1182,1182,false],"thumbnail":["https:\/\/vapestornado.com\/wp-content\/uploads\/2024\/12\/PUFF-25000-Tornado-RandM-Vape-150x150.jpg",150,150,true],"medium":["https:\/\/vapestornado.com\/wp-content\/uploads\/2024\/12\/PUFF-25000-Tornado-RandM-Vape-300x300.jpg",300,300,true],"medium_large":["https:\/\/vapestornado.com\/wp-content\/uploads\/2024\/12\/PUFF-25000-Tornado-RandM-Vape-768x768.jpg",768,768,true],"large":["https:\/\/vapestornado.com\/wp-content\/uploads\/2024\/12\/PUFF-25000-Tornado-RandM-Vape-1024x1024.jpg",1024,1024,true],"1536x1536":["https:\/\/vapestornado.com\/wp-content\/uploads\/2024\/12\/PUFF-25000-Tornado-RandM-Vape.jpg",1182,1182,false],"2048x2048":["https:\/\/vapestornado.com\/wp-content\/uploads\/2024\/12\/PUFF-25000-Tornado-RandM-Vape.jpg",1182,1182,false],"trp-custom-language-flag":["https:\/\/vapestornado.com\/wp-content\/uploads\/2024\/12\/PUFF-25000-Tornado-RandM-Vape.jpg",12,12,false],"woocommerce_thumbnail":["https:\/\/vapestornado.com\/wp-content\/uploads\/2024\/12\/PUFF-25000-Tornado-RandM-Vape-300x300.jpg",300,300,true],"woocommerce_single":["https:\/\/vapestornado.com\/wp-content\/uploads\/2024\/12\/PUFF-25000-Tornado-RandM-Vape-600x600.jpg",600,600,true],"woocommerce_gallery_thumbnail":["https:\/\/vapestornado.com\/wp-content\/uploads\/2024\/12\/PUFF-25000-Tornado-RandM-Vape-100x100.jpg",100,100,true]},"uagb_author_info":{"display_name":"ESAMY","author_link":"https:\/\/vapestornado.com\/cs\/author\/"},"uagb_comment_info":0,"uagb_excerpt":"Fumot RandM Tornado 25000 Puffs Touch Disposable Vape PUFF 25000 RandM Vape Tornado Wholesale Price RandM Vape Tornado 25000 Digital Display Disposable Vape Add Amy's whatsapp get right reply and vape vape coupon! WhatsApp: +86 17776015835 &nbsp;","_links":{"self":[{"href":"https:\/\/vapestornado.com\/cs\/wp-json\/wp\/v2\/product\/3064","targetHints":{"allow":["GET"]}}],"collection":[{"href":"https:\/\/vapestornado.com\/cs\/wp-json\/wp\/v2\/product"}],"about":[{"href":"https:\/\/vapestornado.com\/cs\/wp-json\/wp\/v2\/types\/product"}],"replies":[{"embeddable":true,"href":"https:\/\/vapestornado.com\/cs\/wp-json\/wp\/v2\/comments?post=3064"}],"wp:featuredmedia":[{"embeddable":true,"href":"https:\/\/vapestornado.com\/cs\/wp-json\/wp\/v2\/media\/3038"}],"wp:attachment":[{"href":"https:\/\/vapestornado.com\/cs\/wp-json\/wp\/v2\/media?parent=3064"}],"wp:term":[{"taxonomy":"product_brand","embeddable":true,"href":"https:\/\/vapestornado.com\/cs\/wp-json\/wp\/v2\/product_brand?post=3064"},{"taxonomy":"product_cat","embeddable":true,"href":"https:\/\/vapestornado.com\/cs\/wp-json\/wp\/v2\/product_cat?post=3064"},{"taxonomy":"product_tag","embeddable":true,"href":"https:\/\/vapestornado.com\/cs\/wp-json\/wp\/v2\/product_tag?post=3064"}],"curies":[{"name":"wp","href":"https:\/\/api.w.org\/{rel}","templated":true}]}}