{"id":3062,"date":"2024-12-10T08:21:23","date_gmt":"2024-12-10T08:21:23","guid":{"rendered":"https:\/\/vapestornado.com\/?post_type=product&#038;p=3062"},"modified":"2025-12-05T09:32:41","modified_gmt":"2025-12-05T09:32:41","slug":"randm-tornado-9000-puffs-rechargeable-disposable-vape-wholesale-online","status":"publish","type":"product","link":"https:\/\/vapestornado.com\/cs\/product\/randm-tornado-9000-puffs-rechargeable-disposable-vape-wholesale-online\/","title":{"rendered":"RandM Tornado 9000 pot\u00e1hnut\u00ed Dob\u00edjec\u00ed jednor\u00e1zov\u00e1 e-cigareta Velkoobchod online"},"content":{"rendered":"<h1 class=\"product-title\">RandM Tornado 9000 pot\u00e1hnut\u00ed Dob\u00edjec\u00ed jednor\u00e1zov\u00e1 e-cigareta Velkoobchod online<\/h1>\n<p data-start=\"1186\" data-end=\"1344\">RandM Tornado 9000 je kompaktn\u00ed dob\u00edjec\u00ed jednor\u00e1zov\u00e1 za\u0159\u00edzen\u00ed s v\u00edce ne\u017e 9 000 potahy, 18 ml p\u0159ednapln\u011bn\u00e9 tekutiny, bateri\u00ed typu C s kapacitou 850mAh, v\u00fdstupem z mesh c\u00edvky a RGB displejem\u2014navr\u017een\u00e9 pro dlouhodob\u00e9 denn\u00ed pou\u017e\u00edv\u00e1n\u00ed a jasn\u00e9 sledov\u00e1n\u00ed.<\/p>\n<p data-start=\"545\" data-end=\"882\"><strong data-start=\"545\" data-end=\"591\">V\u00edce ne\u017e 9 000 potah\u016f, kter\u00e9 prodlu\u017euj\u00ed \u017eivotnost za\u0159\u00edzen\u00ed.<\/strong><br data-start=\"591\" data-end=\"594\" \/>Ten <strong data-start=\"598\" data-end=\"636\">Jednor\u00e1zov\u00fd vaporiz\u00e9r RandM Tornado 9000<\/strong> pat\u0159\u00ed do kategorie \u201epou\u017eij si na chv\u00edli\u201c. Jeho <strong data-start=\"680\" data-end=\"699\">hodnocen\u00ed p\u0159es 9K potah\u016f<\/strong> z n\u011bj \u010din\u00ed solidn\u00ed krok nahoru od mal\u00fdch jednor\u00e1zov\u00fdch za\u0159\u00edzen\u00ed, tak\u017ee nemus\u00edte m\u011bnit vaporiz\u00e9ry ka\u017ed\u00fd druh\u00fd den. Pro pravideln\u00e9 ku\u0159\u00e1ky, kte\u0159\u00ed vapuj\u00ed b\u011bhem pracovn\u00edch p\u0159est\u00e1vek a ve\u010der\u016f, je d\u016fle\u017eit\u00e1 konzistence.<\/p>\n<p data-start=\"884\" data-end=\"1120\"><strong data-start=\"884\" data-end=\"919\">N\u00e1doba na 18 ml, bez dopl\u0148ov\u00e1n\u00ed, bez nepo\u0159\u00e1dku.<\/strong><br data-start=\"919\" data-end=\"922\" \/>Ka\u017ed\u00e9 za\u0159\u00edzen\u00ed je <strong data-start=\"938\" data-end=\"971\">p\u0159ednapln\u011bn\u00e9 18 ml e-liquidu<\/strong>, odpov\u00eddaj\u00edc\u00edho po\u010dtu potah\u016f. My\u0161lenka je jednoduch\u00e1: otev\u0159\u00edt balen\u00ed, vapovat, dob\u00edt podle pot\u0159eby a pou\u017e\u00edvat, dokud se tekutina nespot\u0159ebuje, bez nutnosti \u0159e\u0161it lahvi\u010dky nebo kapsle.<\/p>\n<p data-start=\"1122\" data-end=\"1338\"><strong data-start=\"1122\" data-end=\"1159\">Vdech mesh c\u00edvky, kter\u00e1 z\u016fst\u00e1v\u00e1 hladk\u00e1.<\/strong><br data-start=\"1159\" data-end=\"1162\" \/>A <strong data-start=\"1164\" data-end=\"1177\">mesh spir\u00e1lka<\/strong> rovnom\u011brn\u011b rozv\u00e1d\u00ed teplo, tak\u017ee p\u00e1ra z\u016fst\u00e1v\u00e1 stabiln\u00ed a chu\u0165 vydr\u017e\u00ed d\u00e9le. Pom\u00e1h\u00e1 tak\u00e9 zabr\u00e1nit such\u00e9mu, sp\u00e1len\u00e9mu okraji, kter\u00fd se m\u016f\u017ee objevit u z\u00e1kladn\u00edch c\u00edvek, kdy\u017e je n\u00e1dr\u017eka t\u00e9m\u011b\u0159 pr\u00e1zdn\u00e1.<\/p>\n<p data-start=\"1340\" data-end=\"1599\"><strong data-start=\"1340\" data-end=\"1384\">Dob\u00edjec\u00ed baterie s kapacitou 850mAh a Type-C.<\/strong><br data-start=\"1384\" data-end=\"1387\" \/>Ten <strong data-start=\"1391\" data-end=\"1409\">Baterie 850mAh<\/strong> je dob\u00edjec\u00ed a <strong data-start=\"1431\" data-end=\"1459\">rychl\u00e9 nab\u00edjen\u00ed USB-C<\/strong> z\u016fst\u00e1v\u00e1 praktick\u00e1. Kdy\u017e klesne v\u00fdkon, kr\u00e1tk\u00e9 dobit\u00ed v\u00e1s vr\u00e1t\u00ed k pln\u00e9mu v\u00fdkonu, co\u017e v\u00e1m umo\u017en\u00ed spot\u0159ebovat cel\u00fdch 18 ml bez pl\u00fdtv\u00e1n\u00ed.<\/p>\n<p data-start=\"1822\" data-end=\"2064\"><strong data-start=\"1822\" data-end=\"1857\">54 p\u0159\u00edchut\u00ed a varianty s n\u00edzk\u00fdm nikotinem.<\/strong><br data-start=\"1857\" data-end=\"1860\" \/>S <strong data-start=\"1865\" data-end=\"1879\">54 p\u0159\u00edchut\u00ed<\/strong>, RandM Tornado 9K pokr\u00fdv\u00e1 obl\u00edben\u00e9 EU p\u0159\u00edchut\u011b\u2014ovoce, led, sladk\u00e9 sm\u011bsi\u2014aby si lid\u00e9 mohli zachovat to, co maj\u00ed r\u00e1di. Varianty s n\u00edzk\u00fdm obsahem nikotinu jsou k dispozici pro u\u017eivatele, kte\u0159\u00ed cht\u011bj\u00ed leh\u010d\u00ed denn\u00ed d\u00e1vku.<\/p>\n<p>&nbsp;<\/p>\n<p><strong>P\u0159idejte si Amyin Whatsapp, z\u00edskejte okam\u017eitou odpov\u011b\u010f a kup\u00f3n na vape!<\/strong><\/p>\n<p><img fetchpriority=\"high\" decoding=\"async\" class=\"size-full wp-image-2932\" src=\"https:\/\/vapestornado.com\/wp-content\/uploads\/2024\/12\/Vape-Wholesale.jpg\" alt=\"Velkoobchod s vape\" width=\"229\" height=\"300\" \/><\/p>\n<h3><a href=\"https:\/\/wa.me\/8617776015835\" target=\"_blank\" rel=\"noopener\"><span style=\"color: #ff0000;\"><strong>WhatsApp: +86 17776015835<\/strong><\/span><\/a><\/h3>\n<p>&nbsp;<\/p>\n<h2><strong>Vlastnosti produktu RandM Tornado 9000<\/strong><\/h2>\n<table>\n<thead>\n<tr>\n<th>Funkce \/ Parametr<\/th>\n<th align=\"right\">Specifikace<\/th>\n<th>Vysv\u011btlen\u00ed<\/th>\n<\/tr>\n<\/thead>\n<tbody>\n<tr>\n<td>N\u00e1zev produktu<\/td>\n<td align=\"right\">RandM Torn\u00e1do 9000<\/td>\n<td>Jasn\u00fd n\u00e1zev modelu pro opakovan\u00e9 objedn\u00e1vky a vyhled\u00e1v\u00e1n\u00ed.<\/td>\n<\/tr>\n<tr>\n<td>Kapacita pot\u00e1hnut\u00ed<\/td>\n<td align=\"right\">V\u00edce ne\u017e 9 000 potah\u016f<\/td>\n<td>Del\u0161\u00ed pou\u017eit\u00ed ne\u017e standardn\u00ed jednor\u00e1zov\u00e9; m\u00e9n\u011b v\u00fdm\u011bn.<\/td>\n<\/tr>\n<tr>\n<td>Objem e-liquidu<\/td>\n<td align=\"right\">18ml p\u0159ednapln\u011bno<\/td>\n<td>Dostate\u010dn\u011b velk\u00e9 na podporu hodnocen\u00ed 9K bez dopl\u0148ov\u00e1n\u00ed.<\/td>\n<\/tr>\n<tr>\n<td>Typ spir\u00e1lky<\/td>\n<td align=\"right\">Mesh spir\u00e1lka<\/td>\n<td>Rovnom\u011brn\u00e9 zah\u0159\u00edv\u00e1n\u00ed = hlad\u0161\u00ed tah a stabiln\u011bj\u0161\u00ed chu\u0165.<\/td>\n<\/tr>\n<tr>\n<td>Baterie<\/td>\n<td align=\"right\">850mAh dob\u00edjec\u00ed<\/td>\n<td>Dob\u00edjejte, abyste dokon\u010dili n\u00e1dr\u017e, m\u00edsto abyste ji brzy vyhodili.<\/td>\n<\/tr>\n<tr>\n<td>Nab\u00edjen\u00ed<\/td>\n<td align=\"right\">USB Type-C rychl\u00e9 nab\u00edjen\u00ed<\/td>\n<td>B\u011b\u017en\u00fd kabelov\u00fd standard; rychl\u00e9 dopl\u0148ov\u00e1n\u00ed.<\/td>\n<\/tr>\n<tr>\n<td>Displej<\/td>\n<td align=\"right\">RGB displej s informacemi o potaz\u00edch a baterii<\/td>\n<td>Sleduje vyu\u017eit\u00ed a zb\u00fdvaj\u00edc\u00ed v\u00fdkon na prvn\u00ed pohled.<\/td>\n<\/tr>\n<tr>\n<td>P\u0159\u00edchut\u011b<\/td>\n<td align=\"right\">54 mo\u017enost\u00ed<\/td>\n<td>\u0160irok\u00e1 volba pro r\u016fzn\u00e9 chut\u011b a trhy.<\/td>\n<\/tr>\n<tr>\n<td>Nikotin<\/td>\n<td align=\"right\">K dispozici jsou varianty s n\u00edzk\u00fdm obsahem nikotinu<\/td>\n<td>Vhodn\u00e9 pro leh\u010d\u00ed denn\u00ed d\u00e1vky nebo u\u017eivatele sni\u017euj\u00edc\u00ed p\u0159\u00edjem.<\/td>\n<\/tr>\n<tr>\n<td>Tvarov\u00e9 proveden\u00ed<\/td>\n<td align=\"right\">Kompaktn\u00ed, p\u0159enosn\u00e9 t\u011blo<\/td>\n<td>Snadn\u00e9 na p\u0159en\u00e1\u0161en\u00ed do pr\u00e1ce i na cesty.<\/td>\n<\/tr>\n<tr>\n<td>Aktivace<\/td>\n<td align=\"right\">Aktivace potahem<\/td>\n<td>\u017d\u00e1dn\u00e9 tla\u010d\u00edtka; vdechujte pro vapov\u00e1n\u00ed.<\/td>\n<\/tr>\n<\/tbody>\n<\/table>\n<h2 class=\"product-title\"><strong>Seznam p\u0159\u00edchut\u00ed RandM 9000<\/strong><\/h2>\n<p>1 Bor\u016fvka Malina<br \/>\n2 Pan Modr\u00fd<br \/>\n3 Jahoda Meloun<br \/>\n4 Pomeran\u010dov\u00e1 Limon\u00e1da<br \/>\n5 Melounov\u00e1 \u017dv\u00fdka\u010dka<br \/>\n6 Duhov\u00fd Bonb\u00f3n<br \/>\n7 R\u016f\u017eov\u00e1 Limon\u00e1da<br \/>\n8 Broskev Mango Ananas<br \/>\n9 Jahoda Ban\u00e1n<br \/>\n10 Sv\u011b\u017e\u00ed led<br \/>\n11 Led \u010dern\u00e9ho draka<br \/>\n12 Aloe hrozen<br \/>\n13 Modr\u00fd malinov\u00fd led<br \/>\n14 Kiwi, mu\u010denka, guava<br \/>\n15 \u017delatinov\u00fd medv\u00eddek<br \/>\n16 Sm\u011bs bobul\u00ed<br \/>\n17 Chladiv\u00e1 m\u00e1ta<br \/>\n18 Malina meloun<br \/>\n19 Broskvov\u00e1 limon\u00e1da<br \/>\n20 Guava led<br \/>\n21 Jahodov\u00e1 limon\u00e1da<br \/>\n22 Ledov\u00fd meloun<br \/>\n23 Ban\u00e1nov\u00fd kr\u00e9m<br \/>\n24 Broskvov\u00e9 bobule<br \/>\n25 Jahodov\u00fd kr\u00e9m<br \/>\n26 Kysel\u00fd bonb\u00f3n<br \/>\n27 Citr\u00f3n<br \/>\n28 T\u0159e\u0161e\u0148<br \/>\n29 \u0160umiv\u00e1 T\u0159e\u0161e\u0148<br \/>\n30 Bor\u016fvka T\u0159e\u0161e\u0148 Brusinka<br \/>\n31 Vimto<br \/>\n32 Skittles<br \/>\n33 \u010cern\u00fd Led<br \/>\n34 Hroznov\u00e9 V\u00edno<br \/>\n35 Modr\u00fd Led<br \/>\n36 Jahodov\u00fd Led<br \/>\n37 Modr\u00fd Razz Kush<br \/>\n38 Ledov\u00fd Nanuk<br \/>\n39 Bor\u016fvka Kysel\u00e1 Malina<br \/>\n40 Ananas<br \/>\n41 T\u0159e\u0161e\u0148 Broskev Limon\u00e1da<br \/>\n42 Jahoda Malina T\u0159e\u0161e\u0148 Led<br \/>\n43 Trojit\u00e9 Mango<br \/>\n44 Jahoda Malina Led<br \/>\n45 Jahoda Meloun \u017dv\u00fdka\u010dka<br \/>\n46 Prime Jahoda Meloun<br \/>\n47 Melounov\u00fd Led<\/p>\n<h3>Pro\u010d si vybrat vapestornado pro velkoobchod s vapem RandM Tornado 9k?<\/h3>\n<div class=\"flex-shrink-0 flex flex-col relative items-end\">\n<div class=\"pt-0\">\n<div class=\"gizmo-bot-avatar flex h-8 w-8 items-center justify-center overflow-hidden rounded-full\">\n<div class=\"relative p-1 rounded-sm flex items-center justify-center bg-token-main-surface-primary text-token-text-primary h-8 w-8\">\n<p>V\u00edtejte ve vapestornado, va\u0161em d\u016fv\u011bryhodn\u00e9m online vape shopu pro pr\u00e9miov\u00e9 jednor\u00e1zov\u00e9 vapy. S v\u00edce ne\u017e 5 lety zku\u0161enost\u00ed v\u00e1m p\u0159in\u00e1\u0161\u00edme obl\u00edben\u00e9 zna\u010dky jednor\u00e1zov\u00fdch vap\u016f, jako jsou Fumot RandM Vape, Vapme, Bang Vape, Waspe Vape a WGA Vape atd.<\/p>\n<p>N\u00e1\u0161 sortiment zahrnuje \u017ehav\u00e9 vapy, jako je <a href=\"https:\/\/vapestornado.com\/cs\/product\/randm-12000-puffs-fumot-digital-disposable-vape-wholesale-price\/\">RandM Tornado 12000<\/a>, a chu\u0165ov\u011b bohat\u00e9 varianty jako <a href=\"https:\/\/vapestornado.com\/cs\/product\/fumot-randm-tornado-15000-puffs-rechargeable-disposable-vape-wholesale\/\">Randm 15000 pot\u00e1hnut\u00ed<\/a> . Ka\u017ed\u00fd produkt je vyb\u00edr\u00e1n se zam\u011b\u0159en\u00edm na kvalitu, hodnotu a rozmanitost, co\u017e zaji\u0161\u0165uje, \u017ee najdete perfektn\u00ed shodu pro va\u0161e pot\u0159eby. Objevte v\u00fdjime\u010dn\u00e9 slu\u017eby a \u0161irokou \u0161k\u00e1lu \u0161pi\u010dkov\u00fdch produkt\u016f na vapestornado.<\/p>\n<\/div>\n<h3><\/h3>\n<div class=\"relative p-1 rounded-sm flex items-center justify-center bg-token-main-surface-primary text-token-text-primary h-8 w-8\">\n<h3>Nej\u010dast\u011bj\u0161\u00ed dotazy pro jednor\u00e1zovou vapu Fumot 9k<\/h3>\n<\/div>\n<\/div>\n<\/div>\n<\/div>\n<div class=\"flex-shrink-0 flex flex-col relative items-end\">\n<div class=\"pt-0\">\n<div class=\"gizmo-bot-avatar flex h-8 w-8 items-center justify-center overflow-hidden rounded-full\">\n<p data-start=\"3174\" data-end=\"3366\"><strong data-start=\"3174\" data-end=\"3237\">1. Vy\u017eaduje RandM Tornado 9K nab\u00edjen\u00ed p\u0159ed prvn\u00edm pou\u017eit\u00edm<\/strong><br data-start=\"3237\" data-end=\"3240\" \/>Ne. Ta <strong data-start=\"3248\" data-end=\"3279\">Jednor\u00e1zov\u00fd RandM Tornado 9K<\/strong> je p\u0159ipraven ihned po vybalen\u00ed. Nab\u00edjen\u00ed je pot\u0159eba a\u017e pozd\u011bji k dopln\u011bn\u00ed pln\u00e9 z\u00e1soby 18 ml.<\/p>\n<p data-start=\"3368\" data-end=\"3611\"><strong data-start=\"3368\" data-end=\"3444\">2. Jak dlouho vydr\u017e\u00ed vaporiz\u00e9r RandM Tornado 9000 Puffs pro denn\u00edho ku\u0159\u00e1ka<\/strong><br data-start=\"3444\" data-end=\"3447\" \/>Pou\u017eit\u00ed se li\u0161\u00ed, ale <strong data-start=\"3469\" data-end=\"3497\">RandM Tornado 9000 Puffs<\/strong> model obvykle vydr\u017e\u00ed mnohem d\u00e9le ne\u017e 3k\u20135k jednor\u00e1zov\u00fdch, d\u00edky vy\u0161\u0161\u00edmu po\u010dtu pota\u017een\u00ed a dob\u00edjec\u00ed baterii.<\/p>\n<p data-start=\"3613\" data-end=\"3838\"><strong data-start=\"3613\" data-end=\"3683\">3. Je s\u00ed\u0165ov\u00e1 c\u00edvka RandM Tornado 9000 lep\u0161\u00ed ne\u017e standardn\u00ed c\u00edvka<\/strong><br data-start=\"3683\" data-end=\"3686\" \/>Ano, v praxi. The <strong data-start=\"3707\" data-end=\"3739\">s\u00ed\u0165ov\u00e1 c\u00edvka RandM Tornado 9000<\/strong> se oh\u0159\u00edv\u00e1 rovnom\u011brn\u011bji, co\u017e podporuje hlad\u0161\u00ed p\u00e1ru a pom\u00e1h\u00e1 sni\u017eovat ztr\u00e1tu chuti pozd\u011bji v za\u0159\u00edzen\u00ed.<\/p>\n<p data-start=\"3840\" data-end=\"4039\"><strong data-start=\"3840\" data-end=\"3901\">4. Lze RandM Tornado 9 000+ pou\u017e\u00edvat s n\u00edzk\u00fdm obsahem nikotinu<\/strong><br data-start=\"3901\" data-end=\"3904\" \/>Ano. <strong data-start=\"3909\" data-end=\"3950\">N\u00edzkonikotinn\u00e9 verze RandM Tornado 9 000+<\/strong> jsou k dispozici pro u\u017eivatele, kte\u0159\u00ed preferuj\u00ed leh\u010d\u00ed denn\u00ed d\u00e1vku nebo cht\u011bj\u00ed m\u00edt v\u011bt\u0161\u00ed kontrolu nad p\u0159\u00edjmem.<\/p>\n<p data-start=\"4041\" data-end=\"4330\"><strong data-start=\"4041\" data-end=\"4113\">5. \u010c\u00edm se RandM Tornado 9000 li\u0161\u00ed od jin\u00fdch jednor\u00e1zov\u00fdch 9K<\/strong><br data-start=\"4113\" data-end=\"4116\" \/>Ten <strong data-start=\"4120\" data-end=\"4142\">RandM Torn\u00e1do 9000<\/strong> kombinuje vysok\u00e9 hodnocen\u00ed pufov\u00e1n\u00ed s <strong data-start=\"4179\" data-end=\"4210\">850mAh dob\u00edjec\u00ed bateri\u00ed<\/strong>, <strong data-start=\"4212\" data-end=\"4231\">Nab\u00edjen\u00ed typu C<\/strong>, a <strong data-start=\"4240\" data-end=\"4254\">RGB obrazovku<\/strong> kter\u00e1 sleduje jak po\u010det puf\u016f, tak v\u00fdkon\u2014funkce, kter\u00e9 nejsou v\u017edy p\u0159\u00edtomny v t\u00e9to t\u0159\u00edd\u011b.<\/p>\n<\/div>\n<\/div>\n<\/div>","protected":false},"excerpt":{"rendered":"<p>RandM Tornado 9000 Disposable Vape \u2014 9K+ Puffs for Day-to-Day Reliability<br \/>\nRandM Tornado 9K Mesh Coil Flavor and Type-C Rechargeable Power<br \/>\nFumot Tornado 9000 Flavors (54 Options) with RGB Live Screen Control<\/p>\n<p><strong>P\u0159idejte si Amy na WhatsApp pro rychlou odpov\u011b\u010f a kup\u00f3n na vapky!<\/strong><\/p>\n<p><img fetchpriority=\"high\" decoding=\"async\" class=\"size-full wp-image-2932\" src=\"https:\/\/vapestornado.com\/wp-content\/uploads\/2024\/12\/Vape-Wholesale.jpg\" alt=\"Velkoobchod s vape\" width=\"229\" height=\"300\" \/><\/p>\n<h3><a href=\"https:\/\/wa.me\/8617776015835\"><span style=\"color: #ff0000;\"><strong>WhatsApp: +86 17776015835<\/strong><\/span><\/a><\/h3>\n<p>&nbsp;<\/p>","protected":false},"featured_media":3050,"comment_status":"open","ping_status":"closed","template":"","meta":{"_acf_changed":false,"_uag_custom_page_level_css":"","_lmt_disableupdate":"no","_lmt_disable":"","_monsterinsights_skip_tracking":false,"_monsterinsights_sitenote_active":false,"_monsterinsights_sitenote_note":"","_monsterinsights_sitenote_category":0,"site-sidebar-layout":"default","site-content-layout":"","ast-site-content-layout":"default","site-content-style":"default","site-sidebar-style":"default","ast-global-header-display":"","ast-banner-title-visibility":"","ast-main-header-display":"","ast-hfb-above-header-display":"","ast-hfb-below-header-display":"","ast-hfb-mobile-header-display":"","site-post-title":"","ast-breadcrumbs-content":"","ast-featured-img":"","footer-sml-layout":"","ast-disable-related-posts":"","theme-transparent-header-meta":"default","adv-header-id-meta":"","stick-header-meta":"","header-above-stick-meta":"","header-main-stick-meta":"","header-below-stick-meta":"","astra-migrate-meta-layouts":"set","ast-page-background-enabled":"default","ast-page-background-meta":{"desktop":{"background-color":"","background-image":"","background-repeat":"repeat","background-position":"center center","background-size":"auto","background-attachment":"scroll","background-type":"","background-media":"","overlay-type":"","overlay-color":"","overlay-opacity":"","overlay-gradient":""},"tablet":{"background-color":"","background-image":"","background-repeat":"repeat","background-position":"center center","background-size":"auto","background-attachment":"scroll","background-type":"","background-media":"","overlay-type":"","overlay-color":"","overlay-opacity":"","overlay-gradient":""},"mobile":{"background-color":"","background-image":"","background-repeat":"repeat","background-position":"center center","background-size":"auto","background-attachment":"scroll","background-type":"","background-media":"","overlay-type":"","overlay-color":"","overlay-opacity":"","overlay-gradient":""}},"ast-content-background-meta":{"desktop":{"background-color":"var(--ast-global-color-5)","background-image":"","background-repeat":"repeat","background-position":"center center","background-size":"auto","background-attachment":"scroll","background-type":"","background-media":"","overlay-type":"","overlay-color":"","overlay-opacity":"","overlay-gradient":""},"tablet":{"background-color":"var(--ast-global-color-5)","background-image":"","background-repeat":"repeat","background-position":"center center","background-size":"auto","background-attachment":"scroll","background-type":"","background-media":"","overlay-type":"","overlay-color":"","overlay-opacity":"","overlay-gradient":""},"mobile":{"background-color":"var(--ast-global-color-5)","background-image":"","background-repeat":"repeat","background-position":"center center","background-size":"auto","background-attachment":"scroll","background-type":"","background-media":"","overlay-type":"","overlay-color":"","overlay-opacity":"","overlay-gradient":""}},"_joinchat":{"telephone":"+8617776015835"}},"product_brand":[],"product_cat":[73,154,157,160,58,148],"product_tag":[83,113,112,78,114],"class_list":{"0":"post-3062","1":"product","2":"type-product","3":"status-publish","4":"has-post-thumbnail","6":"product_cat-9000-puff","7":"product_cat-buy-disposable-vapes-in-netherlands","8":"product_cat-buy-disposable-vapes-in-portugal","9":"product_cat-buy-disposable-vapes-in-switzerland","10":"product_cat-fumot-vape","11":"product_cat-tornado-disposable-vapes","12":"product_tag-fumot-vape","13":"product_tag-randm-9000","14":"product_tag-randm-tornado-9000","15":"product_tag-randm-vape","16":"product_tag-tornado-vape","17":"desktop-align-left","18":"tablet-align-left","19":"mobile-align-left","21":"first","22":"instock","23":"sale","24":"shipping-taxable","25":"purchasable","26":"product-type-simple"},"acf":[],"uagb_featured_image_src":{"full":["https:\/\/vapestornado.com\/wp-content\/uploads\/2024\/12\/RandM-9000-Tornado-Fumot-Vape.jpg",800,800,false],"thumbnail":["https:\/\/vapestornado.com\/wp-content\/uploads\/2024\/12\/RandM-9000-Tornado-Fumot-Vape-150x150.jpg",150,150,true],"medium":["https:\/\/vapestornado.com\/wp-content\/uploads\/2024\/12\/RandM-9000-Tornado-Fumot-Vape-300x300.jpg",300,300,true],"medium_large":["https:\/\/vapestornado.com\/wp-content\/uploads\/2024\/12\/RandM-9000-Tornado-Fumot-Vape-768x768.jpg",768,768,true],"large":["https:\/\/vapestornado.com\/wp-content\/uploads\/2024\/12\/RandM-9000-Tornado-Fumot-Vape.jpg",800,800,false],"1536x1536":["https:\/\/vapestornado.com\/wp-content\/uploads\/2024\/12\/RandM-9000-Tornado-Fumot-Vape.jpg",800,800,false],"2048x2048":["https:\/\/vapestornado.com\/wp-content\/uploads\/2024\/12\/RandM-9000-Tornado-Fumot-Vape.jpg",800,800,false],"trp-custom-language-flag":["https:\/\/vapestornado.com\/wp-content\/uploads\/2024\/12\/RandM-9000-Tornado-Fumot-Vape.jpg",12,12,false],"woocommerce_thumbnail":["https:\/\/vapestornado.com\/wp-content\/uploads\/2024\/12\/RandM-9000-Tornado-Fumot-Vape-300x300.jpg",300,300,true],"woocommerce_single":["https:\/\/vapestornado.com\/wp-content\/uploads\/2024\/12\/RandM-9000-Tornado-Fumot-Vape-600x600.jpg",600,600,true],"woocommerce_gallery_thumbnail":["https:\/\/vapestornado.com\/wp-content\/uploads\/2024\/12\/RandM-9000-Tornado-Fumot-Vape-100x100.jpg",100,100,true]},"uagb_author_info":{"display_name":"ESAMY","author_link":"https:\/\/vapestornado.com\/cs\/author\/"},"uagb_comment_info":0,"uagb_excerpt":"RandM Tornado 9000 Disposable Vape \u2014 9K+ Puffs for Day-to-Day Reliability RandM Tornado 9K Mesh Coil Flavor and Type-C Rechargeable Power Fumot Tornado 9000 Flavors (54 Options) with RGB Live Screen Control Add Amy's whatsapp get right reply and vape vape coupon! WhatsApp: +86 17776015835 &nbsp;","_links":{"self":[{"href":"https:\/\/vapestornado.com\/cs\/wp-json\/wp\/v2\/product\/3062","targetHints":{"allow":["GET"]}}],"collection":[{"href":"https:\/\/vapestornado.com\/cs\/wp-json\/wp\/v2\/product"}],"about":[{"href":"https:\/\/vapestornado.com\/cs\/wp-json\/wp\/v2\/types\/product"}],"replies":[{"embeddable":true,"href":"https:\/\/vapestornado.com\/cs\/wp-json\/wp\/v2\/comments?post=3062"}],"wp:featuredmedia":[{"embeddable":true,"href":"https:\/\/vapestornado.com\/cs\/wp-json\/wp\/v2\/media\/3050"}],"wp:attachment":[{"href":"https:\/\/vapestornado.com\/cs\/wp-json\/wp\/v2\/media?parent=3062"}],"wp:term":[{"taxonomy":"product_brand","embeddable":true,"href":"https:\/\/vapestornado.com\/cs\/wp-json\/wp\/v2\/product_brand?post=3062"},{"taxonomy":"product_cat","embeddable":true,"href":"https:\/\/vapestornado.com\/cs\/wp-json\/wp\/v2\/product_cat?post=3062"},{"taxonomy":"product_tag","embeddable":true,"href":"https:\/\/vapestornado.com\/cs\/wp-json\/wp\/v2\/product_tag?post=3062"}],"curies":[{"name":"wp","href":"https:\/\/api.w.org\/{rel}","templated":true}]}}