{"id":3033,"date":"2024-12-10T06:54:50","date_gmt":"2024-12-10T06:54:50","guid":{"rendered":"https:\/\/vapestornado.com\/?post_type=product&#038;p=3033"},"modified":"2025-08-23T10:12:12","modified_gmt":"2025-08-23T10:12:12","slug":"wga-crystal-pro-max-15k-puffs-wholesale-price-vape-pods","status":"publish","type":"product","link":"https:\/\/vapestornado.com\/cs\/product\/wga-crystal-pro-max-15k-puffs-wholesale-price-vape-pods\/","title":{"rendered":"WGA Crystal Pro Max 15k pot\u00e1hnut\u00ed velkoobchodn\u00ed cena vape pody"},"content":{"rendered":"<h1>WGA Crystal Pro Max 15k pot\u00e1hnut\u00ed velkoobchodn\u00ed cena vape pody<\/h1>\n<p data-start=\"286\" data-end=\"581\">Ten <strong data-start=\"290\" data-end=\"339\">Jednor\u00e1zov\u00e1 e-cigareta WGA Crystal Pro Max 15K Puffs<\/strong> je ur\u010dena pro velkoobchodn\u00edky a maloobchodn\u00edky, kte\u0159\u00ed hledaj\u00ed spolehliv\u00e9 produkty s vysokou popt\u00e1vkou pro evropsk\u00fd trh. S a\u017e <strong data-start=\"457\" data-end=\"484\">15 000 pot\u00e1hnut\u00ed na jedno za\u0159\u00edzen\u00ed<\/strong> a <strong data-start=\"491\" data-end=\"524\">25ml p\u0159edpln\u011bn\u00e9 n\u00e1dr\u017ee na e-liquid<\/strong>potahy poskytuje prodlou\u017een\u00e9 pou\u017e\u00edv\u00e1n\u00ed a siln\u00fd potenci\u00e1l pro dal\u0161\u00ed prodej.<\/p>\n<p data-start=\"583\" data-end=\"874\">Poh\u00e1n\u011bno <strong data-start=\"596\" data-end=\"627\">650mAh dob\u00edjec\u00ed baterie<\/strong> s <strong data-start=\"633\" data-end=\"657\">Rychl\u00e9 nab\u00edjen\u00ed Type-C<\/strong>Crystal Pro Max zaji\u0161\u0165uje konzistentn\u00ed sezen\u00ed bez p\u0159eru\u0161en\u00ed. LED indik\u00e1tor v <strong data-start=\"732\" data-end=\"759\">re\u00e1ln\u00e9m \u010dase<\/strong> informuje u\u017eivatele o stavu baterie, zat\u00edmco <strong data-start=\"810\" data-end=\"828\">0,8\u03a9 mesh spir\u00e1lka<\/strong> zvy\u0161uje hustotu p\u00e1ry a dod\u00e1v\u00e1n\u00ed chuti.<\/p>\n<p data-start=\"876\" data-end=\"1231\">Kompaktn\u00ed a p\u0159enosn\u00fd s rozm\u011bry <strong data-start=\"900\" data-end=\"923\">43 mm \u00d7 23 mm \u00d7 105 mm<\/strong>, <strong data-start=\"929\" data-end=\"961\">WGA Krystal Pro Max 15K Vape<\/strong> se snadno p\u0159en\u00e1\u0161\u00ed, stylov\u011b vypad\u00e1 na displeji a je k dispozici v \u0161irok\u00e9 \u0161k\u00e1le chu\u0165ov\u00fdch profil\u016f, aby vyhovoval r\u016fzn\u00fdm preferenc\u00edm. Jeho kombinace kapacity, designu a konkurenceschopnosti <strong data-start=\"1133\" data-end=\"1154\">velkoobchodn\u00edmi cenami<\/strong> z n\u011bj \u010din\u00ed vynikaj\u00edc\u00ed volbu pro maloobchodn\u00edky a distributory po cel\u00e9 Evrop\u011b.<\/p>\n<p>&nbsp;<\/p>\n<p><img fetchpriority=\"high\" decoding=\"async\" class=\"size-medium wp-image-2951\" src=\"https:\/\/vapestornado.com\/wp-content\/uploads\/2024\/12\/Wholesale-Disposable-Vape-265x300.jpg\" alt=\"Velkoobchodn\u00ed jednor\u00e1zov\u00e9 Vape\" width=\"265\" height=\"300\" srcset=\"https:\/\/vapestornado.com\/wp-content\/uploads\/2024\/12\/Wholesale-Disposable-Vape-265x300.jpg 265w, https:\/\/vapestornado.com\/wp-content\/uploads\/2024\/12\/Wholesale-Disposable-Vape-768x871.jpg 768w, https:\/\/vapestornado.com\/wp-content\/uploads\/2024\/12\/Wholesale-Disposable-Vape-600x680.jpg 600w, https:\/\/vapestornado.com\/wp-content\/uploads\/2024\/12\/Wholesale-Disposable-Vape.jpg 823w\" sizes=\"(max-width: 265px) 100vw, 265px\" \/><\/p>\n<h6><span style=\"font-size: 1.1em; font-weight: bold;\">Pro slevovou cenu kontaktujte Mandy na WhatsApp<\/span><a style=\"font-size: 1.1em; font-weight: bold; background-color: #ffffff;\" href=\"https:\/\/wa.me\/8618077105796\" target=\"_blank\" rel=\"noopener\">+8618077105796<\/a><\/h6>\n<p>&nbsp;<\/p>\n<h2><strong>WGA The Crystal Pro Max Extra 15 000 Puffs Vape \u2013 Kl\u00ed\u010dov\u00e9 specifikace<\/strong><\/h2>\n<ul>\n<li><strong>Rozs\u00e1hl\u00e1 kapacita potah\u016f<\/strong>: Poskytuje a\u017e 15 000 potah\u016f na za\u0159\u00edzen\u00ed, nab\u00edz\u00ed prodlou\u017een\u00e9 pou\u017e\u00edv\u00e1n\u00ed a sn\u00ed\u017eenou pot\u0159ebu v\u00fdm\u011bn.<\/li>\n<li><strong>Dob\u00edjec\u00ed baterie 650 mAh<\/strong>: Obsahuje odolnou baterii 650 mAh pro stabiln\u00ed dod\u00e1vku energie b\u011bhem ka\u017ed\u00e9ho sezen\u00ed.<\/li>\n<li><strong>Efektivn\u00ed nab\u00edjen\u00ed Type-C<\/strong>: Obsahuje modern\u00ed port Type-C pro rychl\u00e9 a pohodln\u00e9 nab\u00edjen\u00ed, aby bylo va\u0161e za\u0159\u00edzen\u00ed p\u0159ipraveno.<\/li>\n<li><strong>Velk\u00e1 kapacita e-liquidu<\/strong>: Vybaveno 25ml z\u00e1sobn\u00edkem na e-liquid, kter\u00fd podporuje dlouh\u00e9 vapov\u00e1n\u00ed bez neust\u00e1l\u00e9ho dopl\u0148ov\u00e1n\u00ed.<\/li>\n<li><strong>LED displej stavu baterie<\/strong>: Obsahuje LED indik\u00e1tor v re\u00e1ln\u00e9m \u010dase pro sledov\u00e1n\u00ed \u00farovn\u011b nabit\u00ed baterie a zabr\u00e1n\u011bn\u00ed neo\u010dek\u00e1van\u00fdm p\u0159eru\u0161en\u00edm.<\/li>\n<li><strong>P\u0159enosn\u00fd a stylov\u00fd design<\/strong>: Kompaktn\u00ed rozm\u011bry 43 mm x 23 mm x 105 mm zaji\u0161\u0165uj\u00ed snadnou manipulaci a p\u0159enositelnost, ide\u00e1ln\u00ed pro pou\u017eit\u00ed na cest\u00e1ch.<\/li>\n<\/ul>\n<h2><strong>Seznam p\u0159\u00edchut\u00ed WGA Crystal Pro Max 15k Puffs:<\/strong><\/h2>\n<p>1. VODN\u00cd MELOUN S LEDEM<br \/>\n2. BOR\u016eVKOV\u00c1 MALINA<br \/>\n3. FIZZ CHERRY<br \/>\n4. GUMOV\u00dd MEDV\u00cdDEK<br \/>\n5. CITRONOV\u00c1 LIMETKA<br \/>\n6. JAHODOV\u00dd LED<br \/>\n7. BOR\u016eVKOV\u00c1 KYSEL\u00c1 MALINA<br \/>\n8. MODR\u00dd RAZZ LED<br \/>\n9. PAN MODR\u00dd<br \/>\n10. SKITTLES<br \/>\n11. BOR\u016eVKA T\u0158E\u0160E\u0147 BRUSINKA<br \/>\n12. \u0160\u0164AVNAT\u00c1 BROSKEV<br \/>\n13. Jahodov\u00e1 malinov\u00e1 t\u0159e\u0161\u0148ov\u00e1 zmrzlina<br \/>\n14. HUBBA BUBBA<br \/>\n15. Ostru\u017eina bor\u016fvka malina<br \/>\n16. Jahodov\u00e1 nanuk<br \/>\n17. Bor\u016fvkov\u00e1 nanuk<br \/>\n18. Prime jahoda meloun<br \/>\n19. Jahodov\u00e1 t\u0159e\u0161\u0148ov\u00e1 \u017ev\u00fdka\u010dka<br \/>\n20. Malinov\u00e1 t\u0159e\u0161\u0148ov\u00e1 zmrzlina<br \/>\n21. ANANASOV\u00dd LED<br \/>\n22. LETN\u00cd SEN<br \/>\n23.WGA R\u016e\u017dOV\u00c1<br \/>\n24.SV\u011a\u017d\u00cd M\u00c1TA<br \/>\n25.DVOJIT\u00c9 JABLKO<br \/>\n26.TROPICK\u00c9 MANGO<br \/>\n27.\u010cERN\u00dd DRAK S LEDEM<br \/>\n28.COLA S LEDEM<br \/>\n29.ANANAS S CITRONEM<br \/>\n30.MR \u010cERN\u00c1<br \/>\n31.KIWI MARACUJA GUAVA<\/p>\n<h3><strong>Pro\u010d si vybrat WGA The Crystal Pro Max 15 000 pot\u00e1hnut\u00ed?<\/strong><\/h3>\n<ul>\n<li><strong>V\u00fdjime\u010dn\u00e9 chu\u0165ov\u00e9 profily<\/strong>: Pono\u0159te se do vybran\u00e9ho v\u00fdb\u011bru \u017eiv\u00fdch a osv\u011b\u017euj\u00edc\u00edch ovocn\u00fdch p\u0159\u00edchut\u00ed, z nich\u017e ka\u017ed\u00e1 je vytvo\u0159ena tak, aby poskytovala trvale p\u0159\u00edjemn\u00fd z\u00e1\u017eitek z vapingu.<\/li>\n<li><strong>Snadn\u00e9 pohodl\u00ed<\/strong>: Tato jednor\u00e1zov\u00e1 vapka, navr\u017een\u00e1 s ohledem na jednoduchost, nab\u00edz\u00ed bezprobl\u00e9mov\u00fd a bezstresov\u00fd zp\u016fsob, jak si u\u017e\u00edt pr\u00e9miov\u00fd vaping kdykoli a kdekoli.<\/li>\n<li><strong>Odolnost a v\u00fdkon<\/strong>: S a\u017e 15 000 pot\u00e1hnut\u00edmi, robustn\u00ed 650mAh dob\u00edjec\u00ed bateri\u00ed a kapacitou 25 ml e-liquidu je tato vapka navr\u017eena tak, aby poskytovala spolehliv\u00fd v\u00fdkon po del\u0161\u00ed dobu.<\/li>\n<li><strong>Modern\u00ed a kompaktn\u00ed design<\/strong>: Jej\u00ed elegantn\u00ed rozm\u011bry a elegantn\u00ed konstrukce zaji\u0161\u0165uj\u00ed p\u0159enositelnost bez ob\u011btov\u00e1n\u00ed stylu nebo funk\u010dnosti.<\/li>\n<\/ul>\n<p>Ten <strong>WGA Krystal Pro Max Extra 15000 Ploch\u00a0<\/strong> je ide\u00e1ln\u00ed volbou pro vapery, kte\u0159\u00ed hledaj\u00ed pohodl\u00ed, v\u00fdkon a v\u00fdjime\u010dn\u00fd smyslov\u00fd z\u00e1\u017eitek. \u010cek\u00e1 na v\u00e1s dokonal\u00e9 spojen\u00ed \u0161pi\u010dkov\u00e9 technologie a vynikaj\u00edc\u00ed chuti.<\/p>\n<p>&nbsp;<\/p>\n<h3><strong>\u010casto kladen\u00e9 ot\u00e1zky o WGA The Crystal Pro Max 15 000 Puffs Dob\u00edjec\u00ed Vape<\/strong><\/h3>\n<ol>\n<li><strong>Kolik pot\u00e1hnut\u00ed nab\u00edz\u00ed WGA Crystal Pro Max puff 15k?<\/strong><br \/>\nZa\u0159\u00edzen\u00ed poskytuje a\u017e 15 000 pot\u00e1hnut\u00ed, tak\u017ee je ide\u00e1ln\u00ed pro del\u0161\u00ed pou\u017e\u00edv\u00e1n\u00ed bez \u010dast\u00e9 v\u00fdm\u011bny.<\/li>\n<li><strong>Jak\u00fd typ baterie pou\u017e\u00edv\u00e1?<\/strong><br \/>\nJe vybaven 650mAh dob\u00edjec\u00ed bateri\u00ed s nab\u00edjec\u00edm portem typu C, kter\u00fd zaji\u0161\u0165uje rychl\u00e9 a efektivn\u00ed nab\u00edjen\u00ed.<\/li>\n<li><strong>Jak\u00e1 je kapacita e-liquidu Vape 15000 Puffs <a href=\"https:\/\/vapestornado.com\/cs\/product\/wga-crystal-pro-max-15k-puffs-wholesale-price-vape-pods\/\">WGA Vape<\/a>?<\/strong><br \/>\nCrystal Pro Max je dod\u00e1v\u00e1n s velkorysou kapacitou 25 ml e-liquidu, kter\u00e1 nab\u00edz\u00ed prodlou\u017een\u00e9 vapov\u00e1n\u00ed.<\/li>\n<li><strong>M\u00e1 WGA Crystal Vape 15000 Puffs indik\u00e1tor baterie?<\/strong><br \/>\nAno, obsahuje LED indik\u00e1tor baterie v re\u00e1ln\u00e9m \u010dase, tak\u017ee m\u016f\u017eete sledovat \u00farove\u0148 nabit\u00ed baterie a podle pot\u0159eby ji dob\u00edt.<\/li>\n<li><strong>Lze e-liquid WGA 15000 Puffs doplnit?<\/strong><br \/>\nNe, WGA Crystal Pro Max 15000 Puffs je p\u0159edpln\u011bn\u00e9 jednor\u00e1zov\u00e9 za\u0159\u00edzen\u00ed a nepodporuje dopl\u0148ov\u00e1n\u00ed.<\/li>\n<\/ol>","protected":false},"excerpt":{"rendered":"<p>WGA Crystal Pro Max 15k Puffs vape pody za velkoobchodn\u00ed ceny. U\u017eijte si dlouhotrvaj\u00edc\u00ed potahy, pr\u00e9miov\u00e9 p\u0159\u00edchut\u011b a mo\u017enosti hromadn\u00e9ho n\u00e1kupu pro va\u0161e podnik\u00e1n\u00ed.<\/p>\n<figure id=\"attachment_2951\" aria-describedby=\"caption-attachment-2951\" style=\"width: 265px\" class=\"wp-caption alignnone\"><img fetchpriority=\"high\" decoding=\"async\" class=\"size-medium wp-image-2951\" src=\"https:\/\/vapestornado.com\/wp-content\/uploads\/2024\/12\/Wholesale-Disposable-Vape-265x300.jpg\" alt=\"Velkoobchodn\u00ed jednor\u00e1zov\u00e9 Vape\" width=\"265\" height=\"300\" srcset=\"https:\/\/vapestornado.com\/wp-content\/uploads\/2024\/12\/Wholesale-Disposable-Vape-265x300.jpg 265w, https:\/\/vapestornado.com\/wp-content\/uploads\/2024\/12\/Wholesale-Disposable-Vape-768x871.jpg 768w, https:\/\/vapestornado.com\/wp-content\/uploads\/2024\/12\/Wholesale-Disposable-Vape-600x680.jpg 600w, https:\/\/vapestornado.com\/wp-content\/uploads\/2024\/12\/Wholesale-Disposable-Vape.jpg 823w\" sizes=\"(max-width: 265px) 100vw, 265px\" \/><figcaption id=\"caption-attachment-2951\" class=\"wp-caption-text\">Pro slevovou cenu kontaktujte Mandy na WhatsApp<a href=\"https:\/\/wa.me\/8618077105796\">+8618077105796<\/a><\/figcaption><\/figure>\n<p>&nbsp;<\/p>","protected":false},"featured_media":3052,"comment_status":"open","ping_status":"closed","template":"","meta":{"_acf_changed":false,"_uag_custom_page_level_css":"","_lmt_disableupdate":"no","_lmt_disable":"","_monsterinsights_skip_tracking":false,"_monsterinsights_sitenote_active":false,"_monsterinsights_sitenote_note":"","_monsterinsights_sitenote_category":0,"site-sidebar-layout":"default","site-content-layout":"","ast-site-content-layout":"default","site-content-style":"default","site-sidebar-style":"default","ast-global-header-display":"","ast-banner-title-visibility":"","ast-main-header-display":"","ast-hfb-above-header-display":"","ast-hfb-below-header-display":"","ast-hfb-mobile-header-display":"","site-post-title":"","ast-breadcrumbs-content":"","ast-featured-img":"","footer-sml-layout":"","ast-disable-related-posts":"","theme-transparent-header-meta":"default","adv-header-id-meta":"","stick-header-meta":"","header-above-stick-meta":"","header-main-stick-meta":"","header-below-stick-meta":"","astra-migrate-meta-layouts":"set","ast-page-background-enabled":"default","ast-page-background-meta":{"desktop":{"background-color":"","background-image":"","background-repeat":"repeat","background-position":"center center","background-size":"auto","background-attachment":"scroll","background-type":"","background-media":"","overlay-type":"","overlay-color":"","overlay-opacity":"","overlay-gradient":""},"tablet":{"background-color":"","background-image":"","background-repeat":"repeat","background-position":"center center","background-size":"auto","background-attachment":"scroll","background-type":"","background-media":"","overlay-type":"","overlay-color":"","overlay-opacity":"","overlay-gradient":""},"mobile":{"background-color":"","background-image":"","background-repeat":"repeat","background-position":"center center","background-size":"auto","background-attachment":"scroll","background-type":"","background-media":"","overlay-type":"","overlay-color":"","overlay-opacity":"","overlay-gradient":""}},"ast-content-background-meta":{"desktop":{"background-color":"var(--ast-global-color-5)","background-image":"","background-repeat":"repeat","background-position":"center center","background-size":"auto","background-attachment":"scroll","background-type":"","background-media":"","overlay-type":"","overlay-color":"","overlay-opacity":"","overlay-gradient":""},"tablet":{"background-color":"var(--ast-global-color-5)","background-image":"","background-repeat":"repeat","background-position":"center center","background-size":"auto","background-attachment":"scroll","background-type":"","background-media":"","overlay-type":"","overlay-color":"","overlay-opacity":"","overlay-gradient":""},"mobile":{"background-color":"var(--ast-global-color-5)","background-image":"","background-repeat":"repeat","background-position":"center center","background-size":"auto","background-attachment":"scroll","background-type":"","background-media":"","overlay-type":"","overlay-color":"","overlay-opacity":"","overlay-gradient":""}},"_joinchat":{"telephone":"+8618077105796"}},"product_brand":[],"product_cat":[71,140,153,158,159,160,141,59],"product_tag":[97,111],"class_list":{"0":"post-3033","1":"product","2":"type-product","3":"status-publish","4":"has-post-thumbnail","6":"product_cat-15000-puff","7":"product_cat-big-puffs-disposable-vapes","8":"product_cat-buy-disposable-vapes-in-italy","9":"product_cat-buy-disposable-vapes-in-spain","10":"product_cat-buy-disposable-vapes-in-sweden","11":"product_cat-buy-disposable-vapes-in-switzerland","12":"product_cat-crystal-disposable-vapes","13":"product_cat-wga-crystal-vape","14":"product_tag-hot-sale-disposable-vape","15":"product_tag-wga-15k-puffs","16":"desktop-align-left","17":"tablet-align-left","18":"mobile-align-left","20":"first","21":"instock","22":"sale","23":"shipping-taxable","24":"purchasable","25":"product-type-simple"},"acf":[],"uagb_featured_image_src":{"full":["https:\/\/vapestornado.com\/wp-content\/uploads\/2024\/12\/WGA-15000-PUFFS-JUICY-PEACH-Disposable-Vape.jpg",800,800,false],"thumbnail":["https:\/\/vapestornado.com\/wp-content\/uploads\/2024\/12\/WGA-15000-PUFFS-JUICY-PEACH-Disposable-Vape-150x150.jpg",150,150,true],"medium":["https:\/\/vapestornado.com\/wp-content\/uploads\/2024\/12\/WGA-15000-PUFFS-JUICY-PEACH-Disposable-Vape-300x300.jpg",300,300,true],"medium_large":["https:\/\/vapestornado.com\/wp-content\/uploads\/2024\/12\/WGA-15000-PUFFS-JUICY-PEACH-Disposable-Vape-768x768.jpg",768,768,true],"large":["https:\/\/vapestornado.com\/wp-content\/uploads\/2024\/12\/WGA-15000-PUFFS-JUICY-PEACH-Disposable-Vape.jpg",800,800,false],"1536x1536":["https:\/\/vapestornado.com\/wp-content\/uploads\/2024\/12\/WGA-15000-PUFFS-JUICY-PEACH-Disposable-Vape.jpg",800,800,false],"2048x2048":["https:\/\/vapestornado.com\/wp-content\/uploads\/2024\/12\/WGA-15000-PUFFS-JUICY-PEACH-Disposable-Vape.jpg",800,800,false],"trp-custom-language-flag":["https:\/\/vapestornado.com\/wp-content\/uploads\/2024\/12\/WGA-15000-PUFFS-JUICY-PEACH-Disposable-Vape.jpg",12,12,false],"woocommerce_thumbnail":["https:\/\/vapestornado.com\/wp-content\/uploads\/2024\/12\/WGA-15000-PUFFS-JUICY-PEACH-Disposable-Vape-300x300.jpg",300,300,true],"woocommerce_single":["https:\/\/vapestornado.com\/wp-content\/uploads\/2024\/12\/WGA-15000-PUFFS-JUICY-PEACH-Disposable-Vape-600x600.jpg",600,600,true],"woocommerce_gallery_thumbnail":["https:\/\/vapestornado.com\/wp-content\/uploads\/2024\/12\/WGA-15000-PUFFS-JUICY-PEACH-Disposable-Vape-100x100.jpg",100,100,true]},"uagb_author_info":{"display_name":"ESMANDY","author_link":"https:\/\/vapestornado.com\/cs\/author\/"},"uagb_comment_info":0,"uagb_excerpt":"WGA Crystal Pro Max 15k Puffs vape pods at wholesale prices. Enjoy long-lasting puffs, premium flavors, and bulk purchase options for your business. [caption id=\"attachment_2951\" align=\"alignnone\" width=\"265\"] Pls Contact Mandy's WhatsApp For Discount Price+8618077105796[\/caption] &nbsp;","_links":{"self":[{"href":"https:\/\/vapestornado.com\/cs\/wp-json\/wp\/v2\/product\/3033","targetHints":{"allow":["GET"]}}],"collection":[{"href":"https:\/\/vapestornado.com\/cs\/wp-json\/wp\/v2\/product"}],"about":[{"href":"https:\/\/vapestornado.com\/cs\/wp-json\/wp\/v2\/types\/product"}],"replies":[{"embeddable":true,"href":"https:\/\/vapestornado.com\/cs\/wp-json\/wp\/v2\/comments?post=3033"}],"wp:featuredmedia":[{"embeddable":true,"href":"https:\/\/vapestornado.com\/cs\/wp-json\/wp\/v2\/media\/3052"}],"wp:attachment":[{"href":"https:\/\/vapestornado.com\/cs\/wp-json\/wp\/v2\/media?parent=3033"}],"wp:term":[{"taxonomy":"product_brand","embeddable":true,"href":"https:\/\/vapestornado.com\/cs\/wp-json\/wp\/v2\/product_brand?post=3033"},{"taxonomy":"product_cat","embeddable":true,"href":"https:\/\/vapestornado.com\/cs\/wp-json\/wp\/v2\/product_cat?post=3033"},{"taxonomy":"product_tag","embeddable":true,"href":"https:\/\/vapestornado.com\/cs\/wp-json\/wp\/v2\/product_tag?post=3033"}],"curies":[{"name":"wp","href":"https:\/\/api.w.org\/{rel}","templated":true}]}}