{"id":3021,"date":"2024-12-09T09:52:59","date_gmt":"2024-12-09T09:52:59","guid":{"rendered":"https:\/\/vapestornado.com\/?post_type=product&#038;p=3021"},"modified":"2025-12-05T09:42:57","modified_gmt":"2025-12-05T09:42:57","slug":"bang-36000-smart-disposable-vape-wholesale-shop-online","status":"publish","type":"product","link":"https:\/\/vapestornado.com\/cs\/product\/bang-36000-smart-disposable-vape-wholesale-shop-online\/","title":{"rendered":"Bang 36000 chytr\u00e1 jednor\u00e1zov\u00e1 vapka velkoobchod online obchod"},"content":{"rendered":"<div class=\"flex-shrink-0 flex flex-col relative items-end\">\n<div>\n<div class=\"pt-0\">\n<div class=\"gizmo-bot-avatar flex h-8 w-8 items-center justify-center overflow-hidden rounded-full\">\n<div class=\"relative p-1 rounded-sm flex items-center justify-center bg-token-main-surface-primary text-token-text-primary h-8 w-8\"><\/div>\n<\/div>\n<\/div>\n<\/div>\n<\/div>\n<div class=\"group\/conversation-turn relative flex w-full min-w-0 flex-col agent-turn\">\n<div class=\"flex-col gap-1 md:gap-3\">\n<div class=\"flex max-w-full flex-col flex-grow\">\n<div class=\"min-h-8 text-message flex w-full flex-col items-end gap-2 whitespace-normal break-words text-start [.text-message+&amp;]:mt-5\" dir=\"auto\" data-message-author-role=\"assistant\" data-message-id=\"24923bbb-bc24-49c4-aeeb-a72cf182457d\" data-message-model-slug=\"gpt-4o\">\n<div class=\"flex w-full flex-col gap-1 empty:hidden first:pt-[3px]\">\n<div class=\"markdown prose w-full break-words dark:prose-invert light\">\n<h3><strong>Bang 36000 chytr\u00e1 jednor\u00e1zov\u00e1 vapka velkoobchod online obchod<\/strong><\/h3>\n<\/div>\n<\/div>\n<\/div>\n<\/div>\n<\/div>\n<\/div>\n<p data-start=\"289\" data-end=\"603\">Bang 36000 Smart Jednor\u00e1zov\u00e1 Vape poskytuje dlouhou \u017eivotnost 36 000 pot\u00e1hnut\u00ed s 30ml n\u00e1dr\u017e\u00ed, 0,6\u03a9 s\u00ed\u0165ovou c\u00edvkou, nastaviteln\u00fdm p\u0159\u00edvodem vzduchu, \u017eivou LED obrazovkou stavu a dob\u00edjec\u00ed bateri\u00ed 650mAh typu-C v jednom kompaktn\u00edm za\u0159\u00edzen\u00ed.<\/p>\n<p data-start=\"571\" data-end=\"921\"><strong data-start=\"571\" data-end=\"615\">36 000 pot\u00e1hnut\u00ed podpo\u0159en\u00fdch plnou n\u00e1dr\u017e\u00ed o objemu 30ml.<\/strong><br data-start=\"615\" data-end=\"618\" \/>Ten <strong data-start=\"622\" data-end=\"658\">Bang 36000 Chytr\u00e1 jednor\u00e1zov\u00e1 vapka<\/strong> pat\u0159\u00ed do kategorie s vysokou kapacitou pro lidi, kte\u0159\u00ed denn\u011b vapuj\u00ed a necht\u011bj\u00ed neust\u00e1le m\u011bnit mal\u00e9 jednotky. A <strong data-start=\"768\" data-end=\"797\">30ml p\u0159ednapln\u011bn\u00fd rezervo\u00e1r<\/strong> podporuje po\u010det pot\u00e1hnut\u00ed p\u0159i b\u011b\u017en\u00e9m pou\u017e\u00edv\u00e1n\u00ed, tak\u017ee za\u0159\u00edzen\u00ed vydr\u017e\u00ed d\u00e9le ne\u017e standardn\u00ed jednor\u00e1zov\u00e9 a udr\u017e\u00ed va\u0161i rutinu stabiln\u00ed.<\/p>\n<p data-start=\"923\" data-end=\"1193\"><strong data-start=\"923\" data-end=\"971\">Chytr\u00e1 LED obrazovka, kter\u00e1 ukazuje, co zb\u00fdv\u00e1.<\/strong><br data-start=\"971\" data-end=\"974\" \/>Vestav\u011bn\u00fd <strong data-start=\"985\" data-end=\"1010\">LED indik\u00e1torov\u00fd displej<\/strong> zobrazuje <strong data-start=\"1017\" data-end=\"1067\">stav baterie a hladina e-liquidu v re\u00e1ln\u00e9m \u010dase<\/strong>. Je to jednoduch\u00e1 funkce, ale u\u017eite\u010dn\u00e1: v\u00edte, kdy je t\u0159eba dob\u00edt a kdy je n\u00e1dr\u017e t\u00e9m\u011b\u0159 pr\u00e1zdn\u00e1, bez h\u00e1d\u00e1n\u00ed uprost\u0159ed sezen\u00ed.<\/p>\n<p data-start=\"1195\" data-end=\"1456\"><strong data-start=\"1195\" data-end=\"1238\">0,6\u03a9 s\u00ed\u0165ov\u00e1 c\u00edvka pro hust\u00fd, hladk\u00fd par.<\/strong><br data-start=\"1238\" data-end=\"1241\" \/>Ten <strong data-start=\"1245\" data-end=\"1265\">0,6ohmov\u00e1 s\u00ed\u0165ov\u00e1 c\u00edvka<\/strong> je nastavena pro otev\u0159en\u00fd tah a siln\u011bj\u0161\u00ed par. S\u00ed\u0165ov\u00e9 vyt\u00e1p\u011bn\u00ed rovnom\u011brn\u011b rozkl\u00e1d\u00e1 teplotu, co\u017e pom\u00e1h\u00e1 zachovat chu\u0165 \u010distou a sni\u017euje such\u00fd, sp\u00e1len\u00fd okraj, kter\u00fd se u mnoha vysokopotahov\u00fdch jednor\u00e1zov\u00fdch za\u0159\u00edzen\u00ed objevuje bl\u00edzko konce.<\/p>\n<p data-start=\"1458\" data-end=\"1688\"><strong data-start=\"1458\" data-end=\"1496\">Nastaven\u00ed pr\u016ftoku vzduchu podle va\u0161eho stylu.<\/strong><br data-start=\"1496\" data-end=\"1499\" \/>Ovl\u00e1d\u00e1n\u00ed p\u0159\u00edvodu vzduchu v\u00e1m umo\u017e\u0148uje zvolit t\u011bsn\u011bj\u0161\u00ed tah nebo otev\u0159en\u011bj\u0161\u00ed n\u00e1dech. Ku\u0159\u00e1ci, kte\u0159\u00ed cht\u011bj\u00ed odpor podobn\u00fd cigaret\u011b, si mohou sn\u00ed\u017eit nastaven\u00ed; u\u017eivatel\u00e9, kte\u0159\u00ed preferuj\u00ed voln\u011bj\u0161\u00ed tah, si mohou otev\u0159\u00edt.<\/p>\n<p data-start=\"1690\" data-end=\"1987\"><strong data-start=\"1690\" data-end=\"1740\">Dob\u00edjec\u00ed nap\u00e1jen\u00ed typu-C plus rozsah nikotinu.<\/strong><br data-start=\"1740\" data-end=\"1743\" \/>Bang 36k Smart Jednor\u00e1zov\u00e1 Vape p\u0159ich\u00e1z\u00ed s <strong data-start=\"1745\" data-end=\"1776\">650mAh dob\u00edjec\u00ed baterie<\/strong> s <strong data-start=\"1782\" data-end=\"1810\">rychl\u00e9 nab\u00edjen\u00ed USB-C<\/strong> udr\u017euje dobu ne\u010dinnosti kr\u00e1tkou a umo\u017e\u0148uje v\u00e1m dokon\u010dit n\u00e1dr\u017e m\u00edsto p\u0159ed\u010dasn\u00e9ho vyhozen\u00ed vaporiz\u00e9ru. Mo\u017enosti nikotinu pokr\u00fdvaj\u00ed <strong data-start=\"1919\" data-end=\"1941\">0%, 2%, 3% a 5%<\/strong>, tak\u017ee u\u017eivatel\u00e9 si mohou p\u0159izp\u016fsobit s\u00edlu podle denn\u00edch n\u00e1vyk\u016f.<\/p>\n<p>&nbsp;<\/p>\n<p><strong>P\u0159idejte si Amy na Whatsapp a z\u00edskejte spr\u00e1vnou odpov\u011b\u010f a vape kup\u00f3n!<\/strong><\/p>\n<p><img fetchpriority=\"high\" decoding=\"async\" class=\"size-full wp-image-2932\" src=\"https:\/\/vapestornado.com\/wp-content\/uploads\/2024\/12\/Vape-Wholesale.jpg\" alt=\"Velkoobchod s vape\" width=\"229\" height=\"300\" \/><\/p>\n<h3><a href=\"https:\/\/wa.me\/8617776015835\" target=\"_blank\" rel=\"noopener\"><span style=\"color: #ff0000;\"><strong>WhatsApp: +86 17776015835<\/strong><\/span><\/a><\/h3>\n<p>&nbsp;<\/p>\n<h4><strong style=\"font-size: 1.7em;\">\u00a0Bang 36000 Vlastnosti produktu<\/strong><\/h4>\n<table>\n<thead>\n<tr>\n<th>Funkce \/ Parametr<\/th>\n<th align=\"right\">Specifikace<\/th>\n<th>Vysv\u011btlen\u00ed<\/th>\n<\/tr>\n<\/thead>\n<tbody>\n<tr>\n<td>N\u00e1zev produktu<\/td>\n<td align=\"right\">Bang 36000 Chytr\u00e1 jednor\u00e1zov\u00e1 vapka<\/td>\n<td>Jasn\u00e9 pojmenov\u00e1n\u00ed modelu pro opakovan\u00e9 objedn\u00e1vky a vyhled\u00e1v\u00e1n\u00ed.<\/td>\n<\/tr>\n<tr>\n<td>Kapacita pot\u00e1hnut\u00ed<\/td>\n<td align=\"right\">A\u017e 36 000 pot\u00e1hnut\u00ed<\/td>\n<td>Jednor\u00e1zov\u00e1 s vysok\u00fdm po\u010dtem pota\u017een\u00ed; m\u00e9n\u011b v\u00fdm\u011bn.<\/td>\n<\/tr>\n<tr>\n<td>Objem e-liquidu<\/td>\n<td align=\"right\">30ml p\u0159ednapln\u011bn\u00e9<\/td>\n<td>Velk\u00e1 n\u00e1dr\u017e podporuje hodnocen\u00ed 36K.<\/td>\n<\/tr>\n<tr>\n<td>C\u00edvka \/ Odpor<\/td>\n<td align=\"right\">0,6\u03a9 mesh coil<\/td>\n<td>Otev\u0159en\u00fd tah, hust\u00fd par, stabiln\u011bj\u0161\u00ed chu\u0165.<\/td>\n<\/tr>\n<tr>\n<td>Pr\u016ftok vzduchu<\/td>\n<td align=\"right\">Nastaviteln\u00e9<\/td>\n<td>T\u011bsn\u011bj\u0161\u00ed tah nebo otev\u0159en\u00fd n\u00e1dech, rozhoduje u\u017eivatel.<\/td>\n<\/tr>\n<tr>\n<td>Baterie<\/td>\n<td align=\"right\">650mAh dob\u00edjec\u00ed<\/td>\n<td>Dobijte pro pln\u00e9 vyu\u017eit\u00ed n\u00e1dr\u017ee.<\/td>\n<\/tr>\n<tr>\n<td>Nab\u00edjen\u00ed<\/td>\n<td align=\"right\">USB Type-C rychl\u00e9 nab\u00edjen\u00ed<\/td>\n<td>B\u011b\u017en\u00fd standard kabelu a rychl\u00e9 dopl\u0148ov\u00e1n\u00ed.<\/td>\n<\/tr>\n<tr>\n<td>Mo\u017enosti nikotinu<\/td>\n<td align=\"right\">0% \/ 2% \/ 3% \/ 5%<\/td>\n<td>Vyberte nulov\u00fd nikotin p\u0159es siln\u011bj\u0161\u00ed z\u00e1sah.<\/td>\n<\/tr>\n<tr>\n<td>P\u0159\u00edchut\u011b<\/td>\n<td align=\"right\">12 mo\u017enost\u00ed<\/td>\n<td>Pokryje hlavn\u00ed trendy chuti v EU.<\/td>\n<\/tr>\n<tr>\n<td>Displej<\/td>\n<td align=\"right\">Chytr\u00e9 LED baterie + displej e-liquidu<\/td>\n<td>Sledov\u00e1n\u00ed stavu v re\u00e1ln\u00e9m \u010dase p\u0159i vapov\u00e1n\u00ed.<\/td>\n<\/tr>\n<tr>\n<td>Tvarov\u00e9 proveden\u00ed<\/td>\n<td align=\"right\">Kompaktn\u00ed, p\u0159ipraven\u00e9 do kapsy t\u011blo<\/td>\n<td>Vhodn\u00e9 pro ka\u017edodenn\u00ed no\u0161en\u00ed a cestov\u00e1n\u00ed.<\/td>\n<\/tr>\n<\/tbody>\n<\/table>\n<p>&nbsp;<\/p>\n<h2 class=\"product-title\"><strong>\u00a0Seznam p\u0159\u00edchut\u00ed Bang 36000<\/strong><\/h2>\n<p>1. Jahoda Kiwi<br \/>\n2. M\u00edchan\u00e9 bobule<br \/>\n3. Bor\u016fvka s ledem<br \/>\n4. Hroznov\u00fd led<br \/>\n5. T\u0159e\u0161\u0148ov\u00fd led<br \/>\n6. Bor\u016fvkov\u00e1 malinov\u00e1 limon\u00e1da<br \/>\n7. Broskvov\u00fd led<br \/>\n8. Jahodov\u00fd meloun<br \/>\n9. Broskvov\u00e9 mango meloun<br \/>\n10. Melounov\u00fd led<\/p>\n<h3>Pro\u010d si vybrat vapestornado pro velkoobchod s Bang 36k Vape?<\/h3>\n<div class=\"flex-shrink-0 flex flex-col relative items-end\">\n<div class=\"pt-0\">\n<div class=\"gizmo-bot-avatar flex h-8 w-8 items-center justify-center overflow-hidden rounded-full\">\n<div class=\"relative p-1 rounded-sm flex items-center justify-center bg-token-main-surface-primary text-token-text-primary h-8 w-8\">\n<p>V\u00edtejte ve vapestornado, va\u0161em d\u016fv\u011bryhodn\u00e9m online vape shopu pro pr\u00e9miov\u00e9 jednor\u00e1zov\u00e9 vapy. S v\u00edce ne\u017e 5 lety zku\u0161enost\u00ed v\u00e1m p\u0159in\u00e1\u0161\u00edme obl\u00edben\u00e9 zna\u010dky jednor\u00e1zov\u00fdch vap\u016f, jako jsou Fumot RandM Vape, Vapme, Bang Vape, Waspe Vape a WGA Vape atd.<\/p>\n<p>N\u00e1\u0161 sortiment zahrnuje \u017ehav\u00e9 vapy, jako je <a href=\"https:\/\/vapestornado.com\/cs\/product\/fumot-randm-tornado-15000-puffs-rechargeable-disposable-vape-wholesale\/\">RandM Tornado 15000<\/a>, a chu\u0165ov\u011b bohat\u00e9 varianty jako <a href=\"https:\/\/vapestornado.com\/cs\/product\/waspe-40000-puffs-double-flavour-led-display-disposable-vape-wholesale\/\">WASPE Dvojit\u00e1 p\u0159\u00edchu\u0165 40000 tah\u016f<\/a> . Ka\u017ed\u00fd produkt je vyb\u00edr\u00e1n se zam\u011b\u0159en\u00edm na kvalitu, hodnotu a rozmanitost, co\u017e zaji\u0161\u0165uje, \u017ee najdete perfektn\u00ed shodu pro va\u0161e pot\u0159eby. Objevte v\u00fdjime\u010dn\u00e9 slu\u017eby a \u0161irokou \u0161k\u00e1lu \u0161pi\u010dkov\u00fdch produkt\u016f na vapestornado.<\/p>\n<\/div>\n<h3><\/h3>\n<div class=\"relative p-1 rounded-sm flex items-center justify-center bg-token-main-surface-primary text-token-text-primary h-8 w-8\">\n<h3>\u010cast\u00e9 dotazy k dob\u00edjec\u00edmu jednor\u00e1zov\u00e9mu vapu Bang 36000<\/h3>\n<\/div>\n<\/div>\n<\/div>\n<\/div>\n<div class=\"group\/conversation-turn relative flex w-full min-w-0 flex-col agent-turn\">\n<div class=\"flex-col gap-1 md:gap-3\">\n<div class=\"flex max-w-full flex-col flex-grow\">\n<div class=\"min-h-8 text-message flex w-full flex-col items-end gap-2 whitespace-normal break-words [.text-message+&amp;]:mt-5\" dir=\"auto\" data-message-author-role=\"assistant\" data-message-id=\"db716a1c-9ed0-4b8d-b3b0-7bdb913c3d42\" data-message-model-slug=\"gpt-4o\">\n<div class=\"flex w-full flex-col gap-1 empty:hidden first:pt-[3px]\">\n<div class=\"markdown prose w-full break-words dark:prose-invert light\">\n<div class=\"flex max-w-full flex-col flex-grow\">\n<div class=\"min-h-8 text-message flex w-full flex-col items-end gap-2 whitespace-normal break-words text-start [.text-message+&amp;]:mt-5\" dir=\"auto\" data-message-author-role=\"assistant\" data-message-id=\"2dbf2369-71ab-44c2-8168-31d5a517a1e4\" data-message-model-slug=\"gpt-4o-mini\">\n<div class=\"flex w-full flex-col gap-1 empty:hidden first:pt-[3px]\">\n<div class=\"markdown prose w-full break-words dark:prose-invert light\">\n<article class=\"text-token-text-primary w-full focus:outline-none [--shadow-height:45px] has-data-writing-block:pointer-events-none has-data-writing-block:-mt-(--shadow-height) has-data-writing-block:pt-(--shadow-height) [&amp;:has([data-writing-block])&gt;*]:pointer-events-auto scroll-mt-[calc(var(--header-height)+min(200px,max(70px,20svh)))]\" dir=\"auto\" tabindex=\"-1\" data-turn-id=\"ee759558-2db1-4861-8932-66c87485c242\" data-testid=\"conversation-turn-82\" data-scroll-anchor=\"true\" data-turn=\"assistant\">\n<div class=\"text-base my-auto mx-auto pb-10 [--thread-content-margin:--spacing(4)] @w-sm\/main:[--thread-content-margin:--spacing(6)] @w-lg\/main:[--thread-content-margin:--spacing(16)] px-(--thread-content-margin)\">\n<div class=\"[--thread-content-max-width:40rem] @w-lg\/main:[--thread-content-max-width:48rem] mx-auto max-w-(--thread-content-max-width) flex-1 group\/turn-messages focus-visible:outline-hidden relative flex w-full min-w-0 flex-col agent-turn\" tabindex=\"-1\">\n<div class=\"flex max-w-full flex-col grow\">\n<div class=\"min-h-8 text-message relative flex w-full flex-col items-end gap-2 text-start break-words whitespace-normal [.text-message+&amp;]:mt-1\" dir=\"auto\" data-message-author-role=\"assistant\" data-message-id=\"370325a1-2e03-4ed2-9b16-18960ddf0293\" data-message-model-slug=\"gpt-5-1\">\n<div class=\"flex w-full flex-col gap-1 empty:hidden first:pt-[1px]\">\n<div class=\"markdown prose dark:prose-invert w-full break-words light markdown-new-styling\">\n<p data-start=\"0\" data-end=\"139\">\n<ol data-start=\"141\" data-end=\"1633\">\n<li data-start=\"141\" data-end=\"427\">\n<p data-start=\"144\" data-end=\"427\"><strong data-start=\"144\" data-end=\"221\">Je Bang 36000 Smart Disposable Vape vhodn\u00fd pro MTL nebo voln\u011bj\u0161\u00ed tah<\/strong><br data-start=\"221\" data-end=\"224\" \/>Ano. <strong data-start=\"233\" data-end=\"269\" data-is-only-node=\"\">Bang 36000 Chytr\u00e1 jednor\u00e1zov\u00e1 vapka<\/strong> m\u00e1 nastaviteln\u00fd pr\u016ftok vzduchu, tak\u017ee ho lze nastavit na t\u011bsn\u011bj\u0161\u00ed tah ve stylu MTL nebo otev\u0159\u00edt pro voln\u011bj\u0161\u00ed n\u00e1dech. To pom\u00e1h\u00e1 b\u00fdval\u00fdm ku\u0159\u00e1k\u016fm p\u0159izp\u016fsobit si tah, na kter\u00fd jsou zvykl\u00ed.<\/p>\n<\/li>\n<li data-start=\"429\" data-end=\"754\">\n<p data-start=\"432\" data-end=\"754\"><strong data-start=\"432\" data-end=\"517\">Lze Bang King 36K pou\u017e\u00edvat a\u017e do posledn\u00ed kapky, ani\u017e by klesala v\u00fdkonost<\/strong><br data-start=\"517\" data-end=\"520\" \/>Ten <strong data-start=\"524\" data-end=\"552\" data-is-only-node=\"\">Bang King 36K disposable<\/strong> pou\u017e\u00edv\u00e1 mesh c\u00edvku 0,6\u03a9 a dob\u00edjec\u00ed baterii. Mesh oh\u0159ev udr\u017euje stabiln\u011bj\u0161\u00ed v\u00fdkon p\u0159i velk\u00e9m tanku a dob\u00edjen\u00ed zabr\u00e1n\u00ed p\u0159ed\u010dasn\u00e9mu vypnut\u00ed baterie, tak\u017ee v\u00fdkon z\u016fst\u00e1v\u00e1 konzistentn\u011bj\u0161\u00ed i p\u0159i del\u0161\u00edm pou\u017e\u00edv\u00e1n\u00ed.<\/p>\n<\/li>\n<li data-start=\"756\" data-end=\"1035\">\n<p data-start=\"759\" data-end=\"1035\"><strong data-start=\"759\" data-end=\"839\">Pro\u010d se mi n\u011bkdy po nabit\u00ed zd\u00e1, \u017ee Bang 36 000 potah\u016f je slab\u0161\u00ed<\/strong><br data-start=\"839\" data-end=\"842\" \/>Hned po nabit\u00ed m\u016f\u017ee kondenzace vzduchu m\u00edrn\u011b zm\u011bk\u010dit prvn\u00ed n\u011bkolik tah\u016f. Ud\u011blejte p\u00e1r kr\u00e1tk\u00fdch tah\u016f a obvykle se to vy\u010dist\u00ed. Pokud z\u016fst\u00e1v\u00e1 slab\u00e9, zkontrolujte, zda nen\u00ed nastaven\u00ed pr\u016ftoku vzduchu p\u0159\u00edli\u0161 t\u011bsn\u00e9.<\/p>\n<\/li>\n<li data-start=\"1037\" data-end=\"1313\">\n<p data-start=\"1040\" data-end=\"1313\"><strong data-start=\"1040\" data-end=\"1120\">M\u00e1 Bang 36000 Smart Disposable s mixovan\u00fdmi p\u0159\u00edchut\u011bmi pro velkoobchodn\u00ed objedn\u00e1vky<\/strong><br data-start=\"1120\" data-end=\"1123\" \/>V\u011bt\u0161ina velkoobchodn\u00edk\u016f umo\u017e\u0148uje balen\u00ed s r\u016fzn\u00fdmi p\u0159\u00edchut\u011bmi pro <strong data-start=\"1175\" data-end=\"1206\" data-is-only-node=\"\">Bang 36000 Smart Disposable<\/strong> \u0159adu. S 12 dostupn\u00fdmi p\u0159\u00edchut\u011bmi si obchody \u010dasto m\u00edchaj\u00ed bestsellery s n\u011bkolika region\u00e1ln\u00edmi obl\u00edbenostmi pro testov\u00e1n\u00ed popt\u00e1vky.<\/p>\n<\/li>\n<li data-start=\"1315\" data-end=\"1633\">\n<p data-start=\"1318\" data-end=\"1633\"><strong data-start=\"1318\" data-end=\"1399\">Jak m\u00e1m skladovat Bang 36K Smart Disposable, aby nedo\u0161lo k \u00faniku nebo such\u00fdm tah\u016fm<\/strong><br data-start=\"1399\" data-end=\"1402\" \/>Ulo\u017ete ho <strong data-start=\"1412\" data-end=\"1446\" data-is-only-node=\"\">Bang 36K Chytr\u00e1 Jednor\u00e1zov\u00e1 Vape<\/strong> vzp\u0159\u00edmen\u011b, pokud je to mo\u017en\u00e9, a dr\u017ete ji mimo hork\u00e1 auta nebo mraziv\u00e9 podm\u00ednky. Extr\u00e9mn\u00ed teplotn\u00ed v\u00fdkyvy mohou zp\u016fsobit kondenzaci nebo zten\u010den\u00ed e-liquidu, co\u017e je obvykl\u00e1 p\u0159\u00ed\u010dina men\u0161\u00edch \u00fanik\u016f.<\/p>\n<\/li>\n<\/ol>\n<\/div>\n<\/div>\n<\/div>\n<\/div>\n<\/div>\n<\/div>\n<\/article>\n<\/div>\n<\/div>\n<\/div>\n<\/div>\n<\/div>\n<\/div>\n<\/div>\n<\/div>\n<\/div>\n<\/div>","protected":false},"excerpt":{"rendered":"<p>Bang 36000 Smart Disposable Vape \u2014 36K Puffs Built for Long Daily Use<br \/>\nBang 36K Mesh Coil and Adjustable Airflow for Smooth, Dense Vapor<br \/>\nBang 36000 Smart Disposable with LED Screen and Type-C Rechargeable Power<\/p>\n<p><strong>P\u0159idejte si Amy na WhatsApp pro rychlou odpov\u011b\u010f a kup\u00f3n na vapky!<\/strong><\/p>\n<p><img fetchpriority=\"high\" decoding=\"async\" class=\"size-full wp-image-2932\" src=\"https:\/\/vapestornado.com\/wp-content\/uploads\/2024\/12\/Vape-Wholesale.jpg\" alt=\"Velkoobchod s vape\" width=\"229\" height=\"300\" \/><\/p>\n<h3><a href=\"https:\/\/wa.me\/8617776015835\"><span style=\"color: #ff0000;\"><strong>WhatsApp: +86 17776015835<\/strong><\/span><\/a><\/h3>\n<p>&nbsp;<\/p>","protected":false},"featured_media":3006,"comment_status":"open","ping_status":"closed","template":"","meta":{"_acf_changed":false,"_uag_custom_page_level_css":"","_lmt_disableupdate":"no","_lmt_disable":"","_monsterinsights_skip_tracking":false,"_monsterinsights_sitenote_active":false,"_monsterinsights_sitenote_note":"","_monsterinsights_sitenote_category":0,"site-sidebar-layout":"default","site-content-layout":"","ast-site-content-layout":"default","site-content-style":"default","site-sidebar-style":"default","ast-global-header-display":"","ast-banner-title-visibility":"","ast-main-header-display":"","ast-hfb-above-header-display":"","ast-hfb-below-header-display":"","ast-hfb-mobile-header-display":"","site-post-title":"","ast-breadcrumbs-content":"","ast-featured-img":"","footer-sml-layout":"","ast-disable-related-posts":"","theme-transparent-header-meta":"default","adv-header-id-meta":"","stick-header-meta":"","header-above-stick-meta":"","header-main-stick-meta":"","header-below-stick-meta":"","astra-migrate-meta-layouts":"set","ast-page-background-enabled":"default","ast-page-background-meta":{"desktop":{"background-color":"","background-image":"","background-repeat":"repeat","background-position":"center center","background-size":"auto","background-attachment":"scroll","background-type":"","background-media":"","overlay-type":"","overlay-color":"","overlay-opacity":"","overlay-gradient":""},"tablet":{"background-color":"","background-image":"","background-repeat":"repeat","background-position":"center center","background-size":"auto","background-attachment":"scroll","background-type":"","background-media":"","overlay-type":"","overlay-color":"","overlay-opacity":"","overlay-gradient":""},"mobile":{"background-color":"","background-image":"","background-repeat":"repeat","background-position":"center center","background-size":"auto","background-attachment":"scroll","background-type":"","background-media":"","overlay-type":"","overlay-color":"","overlay-opacity":"","overlay-gradient":""}},"ast-content-background-meta":{"desktop":{"background-color":"var(--ast-global-color-5)","background-image":"","background-repeat":"repeat","background-position":"center center","background-size":"auto","background-attachment":"scroll","background-type":"","background-media":"","overlay-type":"","overlay-color":"","overlay-opacity":"","overlay-gradient":""},"tablet":{"background-color":"var(--ast-global-color-5)","background-image":"","background-repeat":"repeat","background-position":"center center","background-size":"auto","background-attachment":"scroll","background-type":"","background-media":"","overlay-type":"","overlay-color":"","overlay-opacity":"","overlay-gradient":""},"mobile":{"background-color":"var(--ast-global-color-5)","background-image":"","background-repeat":"repeat","background-position":"center center","background-size":"auto","background-attachment":"scroll","background-type":"","background-media":"","overlay-type":"","overlay-color":"","overlay-opacity":"","overlay-gradient":""}},"_joinchat":{"telephone":"+8617776015835"}},"product_brand":[],"product_cat":[66,62,149,154,160,146],"product_tag":[109,108,110,105,93],"class_list":{"0":"post-3021","1":"product","2":"type-product","3":"status-publish","4":"has-post-thumbnail","6":"product_cat-36000-puff","7":"product_cat-bang-vape","8":"product_cat-buy-disposable-vapes-in-austria","9":"product_cat-buy-disposable-vapes-in-netherlands","10":"product_cat-buy-disposable-vapes-in-switzerland","11":"product_cat-rechargeable-disposable-vapes","12":"product_tag-bang-36000","13":"product_tag-bang-vape-36000","14":"product_tag-bang-vape-36k","15":"product_tag-digital-disposable-vape","16":"product_tag-vape-wholesale","17":"desktop-align-left","18":"tablet-align-left","19":"mobile-align-left","21":"first","22":"instock","23":"sale","24":"shipping-taxable","25":"purchasable","26":"product-type-simple"},"acf":[],"uagb_featured_image_src":{"full":["https:\/\/vapestornado.com\/wp-content\/uploads\/2024\/12\/Bang-36000-Puffs-Disposable-Vape-Wholesale-Price.jpg",1126,1126,false],"thumbnail":["https:\/\/vapestornado.com\/wp-content\/uploads\/2024\/12\/Bang-36000-Puffs-Disposable-Vape-Wholesale-Price-150x150.jpg",150,150,true],"medium":["https:\/\/vapestornado.com\/wp-content\/uploads\/2024\/12\/Bang-36000-Puffs-Disposable-Vape-Wholesale-Price-300x300.jpg",300,300,true],"medium_large":["https:\/\/vapestornado.com\/wp-content\/uploads\/2024\/12\/Bang-36000-Puffs-Disposable-Vape-Wholesale-Price-768x768.jpg",768,768,true],"large":["https:\/\/vapestornado.com\/wp-content\/uploads\/2024\/12\/Bang-36000-Puffs-Disposable-Vape-Wholesale-Price-1024x1024.jpg",1024,1024,true],"1536x1536":["https:\/\/vapestornado.com\/wp-content\/uploads\/2024\/12\/Bang-36000-Puffs-Disposable-Vape-Wholesale-Price.jpg",1126,1126,false],"2048x2048":["https:\/\/vapestornado.com\/wp-content\/uploads\/2024\/12\/Bang-36000-Puffs-Disposable-Vape-Wholesale-Price.jpg",1126,1126,false],"trp-custom-language-flag":["https:\/\/vapestornado.com\/wp-content\/uploads\/2024\/12\/Bang-36000-Puffs-Disposable-Vape-Wholesale-Price.jpg",12,12,false],"woocommerce_thumbnail":["https:\/\/vapestornado.com\/wp-content\/uploads\/2024\/12\/Bang-36000-Puffs-Disposable-Vape-Wholesale-Price-300x300.jpg",300,300,true],"woocommerce_single":["https:\/\/vapestornado.com\/wp-content\/uploads\/2024\/12\/Bang-36000-Puffs-Disposable-Vape-Wholesale-Price-600x600.jpg",600,600,true],"woocommerce_gallery_thumbnail":["https:\/\/vapestornado.com\/wp-content\/uploads\/2024\/12\/Bang-36000-Puffs-Disposable-Vape-Wholesale-Price-100x100.jpg",100,100,true]},"uagb_author_info":{"display_name":"ESAMY","author_link":"https:\/\/vapestornado.com\/cs\/author\/"},"uagb_comment_info":0,"uagb_excerpt":"Bang 36000 Smart Disposable Vape \u2014 36K Puffs Built for Long Daily Use Bang 36K Mesh Coil and Adjustable Airflow for Smooth, Dense Vapor Bang 36000 Smart Disposable with LED Screen and Type-C Rechargeable Power Add Amy's whatsapp to get right reply and vape vape coupon! WhatsApp: +86 17776015835 &nbsp;","_links":{"self":[{"href":"https:\/\/vapestornado.com\/cs\/wp-json\/wp\/v2\/product\/3021","targetHints":{"allow":["GET"]}}],"collection":[{"href":"https:\/\/vapestornado.com\/cs\/wp-json\/wp\/v2\/product"}],"about":[{"href":"https:\/\/vapestornado.com\/cs\/wp-json\/wp\/v2\/types\/product"}],"replies":[{"embeddable":true,"href":"https:\/\/vapestornado.com\/cs\/wp-json\/wp\/v2\/comments?post=3021"}],"wp:featuredmedia":[{"embeddable":true,"href":"https:\/\/vapestornado.com\/cs\/wp-json\/wp\/v2\/media\/3006"}],"wp:attachment":[{"href":"https:\/\/vapestornado.com\/cs\/wp-json\/wp\/v2\/media?parent=3021"}],"wp:term":[{"taxonomy":"product_brand","embeddable":true,"href":"https:\/\/vapestornado.com\/cs\/wp-json\/wp\/v2\/product_brand?post=3021"},{"taxonomy":"product_cat","embeddable":true,"href":"https:\/\/vapestornado.com\/cs\/wp-json\/wp\/v2\/product_cat?post=3021"},{"taxonomy":"product_tag","embeddable":true,"href":"https:\/\/vapestornado.com\/cs\/wp-json\/wp\/v2\/product_tag?post=3021"}],"curies":[{"name":"wp","href":"https:\/\/api.w.org\/{rel}","templated":true}]}}