{"id":3020,"date":"2024-12-09T09:13:52","date_gmt":"2024-12-09T09:13:52","guid":{"rendered":"https:\/\/vapestornado.com\/?post_type=product&#038;p=3020"},"modified":"2025-08-23T10:17:17","modified_gmt":"2025-08-23T10:17:17","slug":"vapme-uwin-crystal-10000-puff-vape-pen-cheap-price-2-5-nicotine","status":"publish","type":"product","link":"https:\/\/vapestornado.com\/cs\/product\/vapme-uwin-crystal-10000-puff-vape-pen-cheap-price-2-5-nicotine\/","title":{"rendered":"Vapme UWIN Crystal 10000 pot\u00e1hnut\u00ed Vape propiska Levn\u00e1 cena 2% 5% Nikotin"},"content":{"rendered":"<h1>Vapme UWIN Crystal 10000 pot\u00e1hnut\u00ed Vape propiska Levn\u00e1 cena 2% 5% Nikotin<\/h1>\n<p data-start=\"391\" data-end=\"692\">Ten <strong data-start=\"395\" data-end=\"439\">UWIN Crystal 10000 Puffs Jednor\u00e1zov\u00e1 Vape<\/strong> kombinuje kapacitu, design a spolehliv\u00fd v\u00fdkon, co\u017e z n\u011bj \u010din\u00ed silnou volbu pro <strong data-start=\"523\" data-end=\"562\">velkoobchodn\u00edky a maloobchodn\u00edky v Evrop\u011b<\/strong>. S a\u017e <strong data-start=\"575\" data-end=\"591\">10 000 potahy<\/strong> a <strong data-start=\"599\" data-end=\"632\">18ml p\u0159edpln\u011bn\u00e1 e-liquidov\u00e1 n\u00e1dr\u017eka<\/strong>, nab\u00edz\u00ed del\u0161\u00ed pou\u017e\u00edv\u00e1n\u00ed ve srovn\u00e1n\u00ed se standardn\u00edmi jednor\u00e1zov\u00fdmi za\u0159\u00edzen\u00edmi.<\/p>\n<p data-start=\"694\" data-end=\"952\">Poh\u00e1n\u011bno <strong data-start=\"707\" data-end=\"738\">650mAh dob\u00edjec\u00ed baterie<\/strong> s <strong data-start=\"744\" data-end=\"768\">Rychl\u00e9 nab\u00edjen\u00ed Type-C<\/strong>, UWIN 10K zaji\u0161\u0165uje stabiln\u00ed v\u00fdkon a sn\u00ed\u017eenou dobu ne\u010dinnosti. Jeho <strong data-start=\"831\" data-end=\"849\">0,8\u03a9 mesh spir\u00e1lka<\/strong> poskytuje hladkou produkci p\u00e1ry a konzistentn\u00ed pod\u00e1n\u00ed chuti, co\u017e oslovuje \u0161irokou \u0161k\u00e1lu u\u017eivatel\u016f.<\/p>\n<p data-start=\"954\" data-end=\"1246\">D\u00edky <strong data-start=\"966\" data-end=\"994\">pr\u016fhledn\u00e9 k\u0159i\u0161\u0165\u00e1lov\u00e9 t\u011blo<\/strong> s <strong data-start=\"1000\" data-end=\"1016\">RGB osv\u011btlen\u00ed<\/strong>, tato vape vynik\u00e1 na reg\u00e1lech obchod\u016f a z\u00e1rove\u0148 z\u016fst\u00e1v\u00e1 kompaktn\u00ed a snadno se p\u0159en\u00e1\u0161\u00ed. K dispozici v <strong data-start=\"1112\" data-end=\"1144\">S\u00edly nikotinu 2% a 5%<\/strong>, <strong data-start=\"1150\" data-end=\"1177\">UWIN Crystal 10000 Vaporiz\u00e9r<\/strong> vyhovuje r\u016fzn\u00fdm pot\u0159eb\u00e1m z\u00e1kazn\u00edk\u016f, od p\u0159\u00edle\u017eitostn\u00fdch a\u017e po pravideln\u00e9 vapery.<\/p>\n<p data-start=\"1248\" data-end=\"1373\">Pro velkoobchodn\u00edky je jeho <strong data-start=\"1269\" data-end=\"1297\">konkuren\u010dn\u00ed velkoobchodn\u00ed ceny<\/strong> a siln\u00e1 spot\u0159ebitelsk\u00e1 p\u0159ita\u017elivost z n\u011bj \u010din\u00ed ziskov\u00fd produkt pro skladov\u00e1n\u00ed v roce 2025.<\/p>\n<p><img fetchpriority=\"high\" decoding=\"async\" class=\"size-medium wp-image-2951\" src=\"https:\/\/vapestornado.com\/wp-content\/uploads\/2024\/12\/Wholesale-Disposable-Vape-265x300.jpg\" alt=\"Velkoobchodn\u00ed jednor\u00e1zov\u00e9 Vape\" width=\"265\" height=\"300\" srcset=\"https:\/\/vapestornado.com\/wp-content\/uploads\/2024\/12\/Wholesale-Disposable-Vape-265x300.jpg 265w, https:\/\/vapestornado.com\/wp-content\/uploads\/2024\/12\/Wholesale-Disposable-Vape-768x871.jpg 768w, https:\/\/vapestornado.com\/wp-content\/uploads\/2024\/12\/Wholesale-Disposable-Vape-600x680.jpg 600w, https:\/\/vapestornado.com\/wp-content\/uploads\/2024\/12\/Wholesale-Disposable-Vape.jpg 823w\" sizes=\"(max-width: 265px) 100vw, 265px\" \/><\/p>\n<h6>Pro slevovou cenu kontaktujte Mandy na WhatsApp<a href=\"https:\/\/wa.me\/8618077105796\" target=\"_blank\" rel=\"noopener\">+8618077105796<\/a><\/h6>\n<p>&nbsp;<\/p>\n<h2><strong>Kl\u00ed\u010dov\u00e9 vlastnosti Uwin Crystal 10000 Puffs vape pod\u016f<\/strong><\/h2>\n<ul>\n<li><strong>A\u017e 10000 pot\u00e1hnut\u00ed<\/strong>: Dlouhotrvaj\u00edc\u00ed v\u00fdkon pro del\u0161\u00ed pou\u017e\u00edv\u00e1n\u00ed.<\/li>\n<li><strong>V\u00edce sil nikotinu<\/strong>: K dispozici v mo\u017enostech nikotinu 0%, 2%, 3% a 5%.<\/li>\n<li><strong>Kapacita e-liquidu 18 ml<\/strong>: Velk\u00e1 n\u00e1dr\u017e pro m\u00e9n\u011b dopl\u0148ov\u00e1n\u00ed.<\/li>\n<li><strong>Dob\u00edjec\u00ed baterie 650 mAh<\/strong>Nab\u00edjen\u00ed typu Type-C<\/li>\n<li><strong>: Rychl\u00e9 nab\u00edjen\u00ed Type-C pro rychl\u00e9 dob\u00edjen\u00ed.<\/strong>0.8\u03a9 Mesh Coil<\/li>\n<li><strong>: Vylep\u0161en\u00e1 chu\u0165 a produkce p\u00e1ry.<\/strong>RGB sv\u011btla<\/li>\n<li><strong>: Dynamick\u00e9 osv\u011btlen\u00ed pro modern\u00ed vzhled.<\/strong>Hromadn\u00fd n\u00e1kup<\/li>\n<li><strong>: Velkoobchodn\u00ed mo\u017enosti s 200 kusy na karton.<\/strong>: Snadno se p\u0159en\u00e1\u0161\u00ed a je ide\u00e1ln\u00ed jak pro za\u010d\u00e1te\u010dn\u00edky, tak pro zku\u0161en\u00e9 vapery.<\/li>\n<\/ul>\n<h2><strong>Rozmanit\u00e1 \u0161k\u00e1la p\u0159\u00edchut\u00ed<\/strong><\/h2>\n<p>Uwin Crystal 10000 Puffs nab\u00edz\u00ed pe\u010dliv\u011b vybranou \u0159adu 15 charakteristick\u00fdch p\u0159\u00edchut\u00ed, navr\u017een\u00fdch tak, aby uspokojily ka\u017ed\u00e9ho. A\u0165 u\u017e preferujete sladk\u00e9, ovocn\u00e9 sm\u011bsi nebo chladiv\u00e9 mentoly, existuje p\u0159\u00edchu\u0165, kter\u00e1 vyhovuje ka\u017ed\u00e9 preferenci. Zde je bli\u017e\u0161\u00ed pohled na dostupn\u00e9 mo\u017enosti:<\/p>\n<p>1.Bor\u016fvka Malina<br \/>\n2.Hroznov\u00e9 v\u00edno led<br \/>\n3. Jahoda vodn\u00ed meloun<br \/>\n4.Bor\u016fvka na ledu<br \/>\n5. Melounov\u00fd led<br \/>\n6.T\u0159e\u0161e\u0148 led<br \/>\n7.Jahoda malina t\u0159e\u0161e\u0148<br \/>\n8.Kiwi Marakuja guava<br \/>\n9.Jahoda led<br \/>\n10.Broskev led<br \/>\n11.Jahoda kiwi<br \/>\n12.Broskev lesn\u00ed plody<br \/>\n13.T\u0159e\u0161\u0148ov\u00e1 cola<br \/>\n14.Sm\u011bs lesn\u00edch plod\u016f<br \/>\n15.Pan modr\u00fd<\/p>\n<h3><strong>Pro\u010d zvolit <a href=\"https:\/\/vapestornado.com\/cs\/product\/vapme-uwin-crystal-10000-puff-vape-pen-cheap-price-2-5-nicotine\/\">Uwin Crystal 10000 Puch\u00fd\u0159\u016f<\/a> od <a href=\"https:\/\/vapestornado.com\/cs\/store\/\">vapestornado.com<\/a>?<\/strong><\/h3>\n<ul>\n<li><strong>Pr\u00e9miov\u00e1 kvalita<\/strong>: Uwin Crystal 10000 Puffs nab\u00edz\u00ed v\u00fdjime\u010dn\u00fd v\u00fdkon s pokro\u010dilou technologi\u00ed mesh coil, kter\u00e1 zaji\u0161\u0165uje hladkou chu\u0165 a hustou p\u00e1ru p\u0159i ka\u017ed\u00e9m pot\u00e1hnut\u00ed.<\/li>\n<li><strong>Dlouh\u00e1 \u017eivotnost<\/strong>: S a\u017e 10 000 pot\u00e1hnut\u00edmi a velkou kapacitou 18 ml e-liquidu poskytuje toto za\u0159\u00edzen\u00ed prodlou\u017een\u00e9 pou\u017e\u00edv\u00e1n\u00ed, co\u017e z n\u011bj \u010din\u00ed cenov\u011b v\u00fdhodnou mo\u017enost jak pro p\u0159\u00edle\u017eitostn\u00e9, tak pro pravideln\u00e9 vapery.<\/li>\n<li><strong>P\u0159izp\u016fsobiteln\u00e9 hladiny nikotinu<\/strong>: K dispozici s obsahem nikotinu 0%, 2%, 3% a 5%, co\u017e vyhovuje \u0161irok\u00e9 \u0161k\u00e1le preferenc\u00ed.<\/li>\n<li><strong>Rychl\u00e9 nab\u00edjen\u00ed<\/strong>: 650mAh dob\u00edjec\u00ed baterie s nab\u00edjen\u00edm p\u0159es USB-C zaji\u0161\u0165uje rychl\u00e9 a spolehliv\u00e9 dob\u00edjen\u00ed, tak\u017ee m\u016f\u017eete vapovat d\u00e9le.<\/li>\n<li><strong>Elegantn\u00ed a stylov\u00fd<\/strong>: Transparentn\u00ed design s \u017eiv\u00fdmi RGB sv\u011btly nejen zlep\u0161uje estetiku, ale tak\u00e9 z n\u011bj d\u011bl\u00e1 v\u00fdrazn\u00fd dopln\u011bk.<\/li>\n<li><strong>Pohodl\u00ed<\/strong>: Snadn\u00e9 p\u0159en\u00e1\u0161en\u00ed a okam\u017eit\u00e9 pou\u017eit\u00ed, ide\u00e1ln\u00ed pro vapov\u00e1n\u00ed na cest\u00e1ch.<\/li>\n<li><strong>Konkuren\u010dn\u00ed ceny<\/strong>: vapestornado nab\u00edz\u00ed Uwin Crystal 10000 Puffs za bezkonkuren\u010dn\u00ed cenu, s mo\u017enost\u00ed velkoobchodn\u00edho n\u00e1kupu.<\/li>\n<li><strong>Spolehliv\u00fd servis<\/strong>: U\u017eijte si rychlou p\u0159epravu po \u010cesk\u00e9 republice, vynikaj\u00edc\u00ed z\u00e1kaznickou podporu a bezprobl\u00e9mov\u00fd n\u00e1kup na vapestornado.com.<\/li>\n<\/ul>\n<p>&nbsp;<\/p>\n<h3><strong>V\u00fdhody hromadn\u00e9ho n\u00e1kupu na vapestornado.com<\/strong><\/h3>\n<ul>\n<li><strong>\u00daspora n\u00e1klad\u016f<\/strong>: N\u00e1kup ve velk\u00e9m sni\u017euje n\u00e1klady na jednotku, co\u017e zvy\u0161uje va\u0161i celkovou ziskovost.<\/li>\n<li><strong>St\u00e1l\u00e1 dostupnost<\/strong>: Udr\u017eujte spolehliv\u00e9 z\u00e1soby, abyste bez p\u0159eru\u0161en\u00ed uspokojili popt\u00e1vku z\u00e1kazn\u00edk\u016f, co\u017e je ide\u00e1ln\u00ed pro udr\u017een\u00ed plynul\u00e9ho chodu podniku.<\/li>\n<li><strong>Flexibiln\u00ed objedn\u00e1vky<\/strong>: P\u0159izp\u016fsobte si sv\u016fj hromadn\u00fd n\u00e1kup s r\u016fzn\u00fdmi p\u0159\u00edchut\u011bmi a silami nikotinu, abyste vyhov\u011bli sv\u00e9 z\u00e1kaznick\u00e9 z\u00e1kladn\u011b.<\/li>\n<li><strong>Exkluzivn\u00ed velkoobchodn\u00ed slevy<\/strong>: Vyu\u017eijte speci\u00e1ln\u00ed ceny p\u0159i hromadn\u00fdch objedn\u00e1vk\u00e1ch, co\u017e v\u00e1m zajist\u00ed nejlep\u0161\u00ed hodnotu za pr\u00e9miov\u00e9 produkty.<\/li>\n<\/ul>\n<div class=\"flex-shrink-0 flex flex-col relative items-end\">\n<div>\n<div class=\"pt-0\">\n<div class=\"gizmo-bot-avatar flex h-8 w-8 items-center justify-center overflow-hidden rounded-full\">\n<div class=\"relative p-1 rounded-sm flex items-center justify-center bg-token-main-surface-primary text-token-text-primary h-8 w-8\"><\/div>\n<\/div>\n<\/div>\n<\/div>\n<\/div>\n<div class=\"group\/conversation-turn relative flex w-full min-w-0 flex-col agent-turn\">\n<div class=\"flex-col gap-1 md:gap-3\">\n<div class=\"flex max-w-full flex-col flex-grow\">\n<div class=\"min-h-8 text-message flex w-full flex-col items-end gap-2 whitespace-normal break-words text-start [.text-message+&amp;]:mt-5\" dir=\"auto\" data-message-author-role=\"assistant\" data-message-id=\"782e374d-2cea-4922-b41d-46c77a1b831e\" data-message-model-slug=\"gpt-4o\">\n<div class=\"flex w-full flex-col gap-1 empty:hidden first:pt-[3px]\">\n<div class=\"markdown prose w-full break-words dark:prose-invert light\">\n<h3><strong>Nej\u010dast\u011bj\u0161\u00ed dotazy o dob\u00edjec\u00ed vapce Uwin Crystal 10000 Puffs<\/strong><\/h3>\n<\/div>\n<\/div>\n<\/div>\n<\/div>\n<\/div>\n<\/div>\n<div class=\"flex max-w-full flex-col flex-grow\">\n<div class=\"min-h-8 text-message flex w-full flex-col items-end gap-2 whitespace-normal break-words text-start [.text-message+&amp;]:mt-5\" dir=\"auto\" data-message-author-role=\"assistant\" data-message-id=\"782e374d-2cea-4922-b41d-46c77a1b831e\" data-message-model-slug=\"gpt-4o\">\n<div class=\"flex w-full flex-col gap-1 empty:hidden first:pt-[3px]\">\n<div class=\"markdown prose w-full break-words dark:prose-invert light\">\n<ol>\n<li><strong>Jak dlouho vydr\u017e\u00ed vapa Uwin Crystal Vape 10000 Puffs?<\/strong><br \/>\nS a\u017e 10 000 potahy je toto za\u0159\u00edzen\u00ed navr\u017eeno tak, aby vydr\u017eelo n\u011bkolik dn\u00ed nebo dokonce t\u00fddn\u016f, v z\u00e1vislosti na zvyklostech pou\u017e\u00edv\u00e1n\u00ed.<\/li>\n<li><strong>Je Uwin Crystal 10k Puffs dob\u00edjec\u00ed?<\/strong><br \/>\nAno, disponuje dob\u00edjec\u00ed bateri\u00ed s kapacitou 650 mAh a nab\u00edjen\u00edm typu C pro rychl\u00e9 a efektivn\u00ed dob\u00edjen\u00ed.<\/li>\n<li><strong>Jak\u00e9 s\u00edly nikotinu jsou k dispozici pro Uwin Crystal 10000 Puffs?<\/strong><br \/>\nToto za\u0159\u00edzen\u00ed se dod\u00e1v\u00e1 v \u00farovn\u00edch nikotinu 0%, 2%, 3% a 5%, co\u017e nab\u00edz\u00ed mo\u017enosti pro r\u016fzn\u00e9 preference.<\/li>\n<li><strong>\u010c\u00edm je Uwin Crystal 10000 Puffs jedine\u010dn\u00fd?<\/strong><br \/>\nUwin Crystal vynik\u00e1 svou kapacitou 18 ml e-liquidu, pokro\u010dilou mesh spir\u00e1lkou s odporem 0,8 \u03a9 pro lep\u0161\u00ed chu\u0165, elegantn\u00edm k\u0159i\u0161\u0165\u00e1lov\u011b \u010dist\u00fdm designem a dynamick\u00fdm RGB osv\u011btlen\u00edm.<\/li>\n<li><strong>Mohu si koupit Uwin Crystal 10000 Puffs ve velk\u00e9m?<\/strong><br \/>\nAno, vapestornado nab\u00edz\u00ed velkoobchodn\u00ed mo\u017enosti s 200 kusy v kartonu, ide\u00e1ln\u00ed pro maloobchodn\u00edky nebo podniky.<\/li>\n<li><strong>Je jednor\u00e1zov\u00e1 e-cigareta Uwin Crystal 10000 Puffs vhodn\u00e1 pro za\u010d\u00e1te\u010dn\u00edky?<\/strong><br \/>\nRozhodn\u011b! D\u00edky sv\u00e9mu u\u017eivatelsky p\u0159\u00edv\u011btiv\u00e9mu designu aktivovan\u00e9mu potahem je ide\u00e1ln\u00ed pro nov\u00e9 i zku\u0161en\u00e9 vapery.<\/li>\n<\/ol>\n<\/div>\n<\/div>\n<\/div>\n<\/div>\n<div class=\"mb-2 flex gap-3 empty:hidden -ml-2\">\n<div class=\"items-center justify-start rounded-xl p-1 flex\"><\/div>\n<\/div>","protected":false},"excerpt":{"rendered":"<p>UWIN Crystal 10000 Puffs dob\u00edjec\u00ed vape nab\u00edz\u00ed dlouhotrvaj\u00edc\u00ed v\u00fdkon, \u017eiv\u00fd design a prvot\u0159\u00eddn\u00ed chu\u0165 s pokro\u010dilou technologi\u00ed vapov\u00e1n\u00ed.<\/p>\n<figure id=\"attachment_2951\" aria-describedby=\"caption-attachment-2951\" style=\"width: 265px\" class=\"wp-caption alignnone\"><img fetchpriority=\"high\" decoding=\"async\" class=\"size-medium wp-image-2951\" src=\"https:\/\/vapestornado.com\/wp-content\/uploads\/2024\/12\/Wholesale-Disposable-Vape-265x300.jpg\" alt=\"Velkoobchodn\u00ed jednor\u00e1zov\u00e9 Vape\" width=\"265\" height=\"300\" srcset=\"https:\/\/vapestornado.com\/wp-content\/uploads\/2024\/12\/Wholesale-Disposable-Vape-265x300.jpg 265w, https:\/\/vapestornado.com\/wp-content\/uploads\/2024\/12\/Wholesale-Disposable-Vape-768x871.jpg 768w, https:\/\/vapestornado.com\/wp-content\/uploads\/2024\/12\/Wholesale-Disposable-Vape-600x680.jpg 600w, https:\/\/vapestornado.com\/wp-content\/uploads\/2024\/12\/Wholesale-Disposable-Vape.jpg 823w\" sizes=\"(max-width: 265px) 100vw, 265px\" \/><figcaption id=\"caption-attachment-2951\" class=\"wp-caption-text\">Kontaktujte Mandy pro slevovou cenu<a href=\"https:\/\/wa.me\/8618077105796\">+86 18077105796<\/a><\/figcaption><\/figure>\n<p>&nbsp;<\/p>","protected":false},"featured_media":3009,"comment_status":"open","ping_status":"closed","template":"","meta":{"_acf_changed":false,"_uag_custom_page_level_css":"","_lmt_disableupdate":"no","_lmt_disable":"","_monsterinsights_skip_tracking":false,"_monsterinsights_sitenote_active":false,"_monsterinsights_sitenote_note":"","_monsterinsights_sitenote_category":0,"site-sidebar-layout":"default","site-content-layout":"","ast-site-content-layout":"default","site-content-style":"default","site-sidebar-style":"default","ast-global-header-display":"","ast-banner-title-visibility":"","ast-main-header-display":"","ast-hfb-above-header-display":"","ast-hfb-below-header-display":"","ast-hfb-mobile-header-display":"","site-post-title":"","ast-breadcrumbs-content":"","ast-featured-img":"","footer-sml-layout":"","ast-disable-related-posts":"","theme-transparent-header-meta":"default","adv-header-id-meta":"","stick-header-meta":"","header-above-stick-meta":"","header-main-stick-meta":"","header-below-stick-meta":"","astra-migrate-meta-layouts":"set","ast-page-background-enabled":"default","ast-page-background-meta":{"desktop":{"background-color":"","background-image":"","background-repeat":"repeat","background-position":"center center","background-size":"auto","background-attachment":"scroll","background-type":"","background-media":"","overlay-type":"","overlay-color":"","overlay-opacity":"","overlay-gradient":""},"tablet":{"background-color":"","background-image":"","background-repeat":"repeat","background-position":"center center","background-size":"auto","background-attachment":"scroll","background-type":"","background-media":"","overlay-type":"","overlay-color":"","overlay-opacity":"","overlay-gradient":""},"mobile":{"background-color":"","background-image":"","background-repeat":"repeat","background-position":"center center","background-size":"auto","background-attachment":"scroll","background-type":"","background-media":"","overlay-type":"","overlay-color":"","overlay-opacity":"","overlay-gradient":""}},"ast-content-background-meta":{"desktop":{"background-color":"var(--ast-global-color-5)","background-image":"","background-repeat":"repeat","background-position":"center center","background-size":"auto","background-attachment":"scroll","background-type":"","background-media":"","overlay-type":"","overlay-color":"","overlay-opacity":"","overlay-gradient":""},"tablet":{"background-color":"var(--ast-global-color-5)","background-image":"","background-repeat":"repeat","background-position":"center center","background-size":"auto","background-attachment":"scroll","background-type":"","background-media":"","overlay-type":"","overlay-color":"","overlay-opacity":"","overlay-gradient":""},"mobile":{"background-color":"var(--ast-global-color-5)","background-image":"","background-repeat":"repeat","background-position":"center center","background-size":"auto","background-attachment":"scroll","background-type":"","background-media":"","overlay-type":"","overlay-color":"","overlay-opacity":"","overlay-gradient":""}},"_joinchat":{"telephone":"+8618077105796"}},"product_brand":[],"product_cat":[106,140,149,150,153,155,158,141,233],"product_tag":[97,107],"class_list":{"0":"post-3020","1":"product","2":"type-product","3":"status-publish","4":"has-post-thumbnail","6":"product_cat-10000-puff","7":"product_cat-big-puffs-disposable-vapes","8":"product_cat-buy-disposable-vapes-in-austria","9":"product_cat-buy-disposable-vapes-in-belgium","10":"product_cat-buy-disposable-vapes-in-italy","11":"product_cat-buy-disposable-vapes-in-norway","12":"product_cat-buy-disposable-vapes-in-spain","13":"product_cat-crystal-disposable-vapes","14":"product_cat-uwin-vape","15":"product_tag-hot-sale-disposable-vape","16":"product_tag-uwin-crystal-10000-puffs","17":"desktop-align-left","18":"tablet-align-left","19":"mobile-align-left","21":"first","22":"instock","23":"sale","24":"shipping-taxable","25":"purchasable","26":"product-type-simple"},"acf":[],"uagb_featured_image_src":{"full":["https:\/\/vapestornado.com\/wp-content\/uploads\/2024\/12\/UWIN-Crystal-10000-Puffs-Vape-Pen-cherry-cola.jpg",800,800,false],"thumbnail":["https:\/\/vapestornado.com\/wp-content\/uploads\/2024\/12\/UWIN-Crystal-10000-Puffs-Vape-Pen-cherry-cola-150x150.jpg",150,150,true],"medium":["https:\/\/vapestornado.com\/wp-content\/uploads\/2024\/12\/UWIN-Crystal-10000-Puffs-Vape-Pen-cherry-cola-300x300.jpg",300,300,true],"medium_large":["https:\/\/vapestornado.com\/wp-content\/uploads\/2024\/12\/UWIN-Crystal-10000-Puffs-Vape-Pen-cherry-cola-768x768.jpg",768,768,true],"large":["https:\/\/vapestornado.com\/wp-content\/uploads\/2024\/12\/UWIN-Crystal-10000-Puffs-Vape-Pen-cherry-cola.jpg",800,800,false],"1536x1536":["https:\/\/vapestornado.com\/wp-content\/uploads\/2024\/12\/UWIN-Crystal-10000-Puffs-Vape-Pen-cherry-cola.jpg",800,800,false],"2048x2048":["https:\/\/vapestornado.com\/wp-content\/uploads\/2024\/12\/UWIN-Crystal-10000-Puffs-Vape-Pen-cherry-cola.jpg",800,800,false],"trp-custom-language-flag":["https:\/\/vapestornado.com\/wp-content\/uploads\/2024\/12\/UWIN-Crystal-10000-Puffs-Vape-Pen-cherry-cola.jpg",12,12,false],"woocommerce_thumbnail":["https:\/\/vapestornado.com\/wp-content\/uploads\/2024\/12\/UWIN-Crystal-10000-Puffs-Vape-Pen-cherry-cola-300x300.jpg",300,300,true],"woocommerce_single":["https:\/\/vapestornado.com\/wp-content\/uploads\/2024\/12\/UWIN-Crystal-10000-Puffs-Vape-Pen-cherry-cola-600x600.jpg",600,600,true],"woocommerce_gallery_thumbnail":["https:\/\/vapestornado.com\/wp-content\/uploads\/2024\/12\/UWIN-Crystal-10000-Puffs-Vape-Pen-cherry-cola-100x100.jpg",100,100,true]},"uagb_author_info":{"display_name":"ESMANDY","author_link":"https:\/\/vapestornado.com\/cs\/author\/"},"uagb_comment_info":0,"uagb_excerpt":"UWIN Crystal 10000 Puffs Rechargeable vape offers long-lasting performance, vibrant design, and premium flavor with advanced vaping technology. [caption id=\"attachment_2951\" align=\"alignnone\" width=\"265\"] Contact Mandy For Discount Price+86 18077105796[\/caption] &nbsp;","_links":{"self":[{"href":"https:\/\/vapestornado.com\/cs\/wp-json\/wp\/v2\/product\/3020","targetHints":{"allow":["GET"]}}],"collection":[{"href":"https:\/\/vapestornado.com\/cs\/wp-json\/wp\/v2\/product"}],"about":[{"href":"https:\/\/vapestornado.com\/cs\/wp-json\/wp\/v2\/types\/product"}],"replies":[{"embeddable":true,"href":"https:\/\/vapestornado.com\/cs\/wp-json\/wp\/v2\/comments?post=3020"}],"wp:featuredmedia":[{"embeddable":true,"href":"https:\/\/vapestornado.com\/cs\/wp-json\/wp\/v2\/media\/3009"}],"wp:attachment":[{"href":"https:\/\/vapestornado.com\/cs\/wp-json\/wp\/v2\/media?parent=3020"}],"wp:term":[{"taxonomy":"product_brand","embeddable":true,"href":"https:\/\/vapestornado.com\/cs\/wp-json\/wp\/v2\/product_brand?post=3020"},{"taxonomy":"product_cat","embeddable":true,"href":"https:\/\/vapestornado.com\/cs\/wp-json\/wp\/v2\/product_cat?post=3020"},{"taxonomy":"product_tag","embeddable":true,"href":"https:\/\/vapestornado.com\/cs\/wp-json\/wp\/v2\/product_tag?post=3020"}],"curies":[{"name":"wp","href":"https:\/\/api.w.org\/{rel}","templated":true}]}}