{"id":2993,"date":"2024-12-06T08:51:10","date_gmt":"2024-12-06T08:51:10","guid":{"rendered":"https:\/\/vapestornado.com\/?post_type=product&#038;p=2993"},"modified":"2025-08-23T10:20:29","modified_gmt":"2025-08-23T10:20:29","slug":"randm-tornado-25000-puffs-2-nicotine-bulk-buy-vape-pods","status":"publish","type":"product","link":"https:\/\/vapestornado.com\/cs\/product\/randm-tornado-25000-puffs-2-nicotine-bulk-buy-vape-pods\/","title":{"rendered":"Randm Tornado 25000 Puffs\u00a0 2% Nikotin Velkoobjemov\u00fd n\u00e1kup vapovac\u00edch pod\u016f"},"content":{"rendered":"<h1>Randm Tornado 25000 Puffs 2% Nikotin Velkoobchod Vape Pody<\/h1>\n<p>&nbsp;<\/p>\n<p data-start=\"281\" data-end=\"553\">Ten <strong data-start=\"285\" data-end=\"323\">Randm Tornado 25000 pot\u00e1hnut\u00ed Vape Pod<\/strong> je navr\u017een pro velkoobchodn\u00edky a majitele obchod\u016f, kte\u0159\u00ed hledaj\u00ed vysoce kapacitn\u00ed, pln\u011b vybaven\u00e9 jednor\u00e1zov\u00e9 vaporiz\u00e9ry. S a\u017e <strong data-start=\"436\" data-end=\"463\">25 000 pot\u00e1hnut\u00ed na za\u0159\u00edzen\u00ed<\/strong> a <strong data-start=\"470\" data-end=\"492\">20ml e-liquidov\u00e1 n\u00e1dr\u017e<\/strong>, poskytuje dlouhou \u017eivotnost a siln\u00fd potenci\u00e1l pro dal\u0161\u00ed prodej.<\/p>\n<p data-start=\"555\" data-end=\"811\">Vybaveno <strong data-start=\"571\" data-end=\"602\">700mAh dob\u00edjec\u00ed bateri\u00ed<\/strong> a <strong data-start=\"607\" data-end=\"631\">Rychl\u00e9 nab\u00edjen\u00ed Type-C<\/strong>, Randm 25K minimalizuje prostoje. Jeho <strong data-start=\"671\" data-end=\"698\">technologie dotykov\u00e9ho sp\u00edna\u010de<\/strong> a <strong data-start=\"703\" data-end=\"720\">z\u00e1bavn\u00fd hern\u00ed re\u017eim<\/strong> p\u0159id\u00e1v\u00e1 interaktivitu, co\u017e ho \u010din\u00ed obl\u00edben\u00fdm mezi mlad\u0161\u00edmi spot\u0159ebiteli v Evrop\u011b. Funkce zahrnuj\u00ed:<\/p>\n<ul data-start=\"812\" data-end=\"925\">\n<li data-start=\"812\" data-end=\"849\">\n<p data-start=\"814\" data-end=\"849\"><strong data-start=\"814\" data-end=\"828\">Dvojit\u00e9 poklep\u00e1n\u00ed<\/strong> pro probuzen\u00ed obrazovky<\/p>\n<\/li>\n<li data-start=\"850\" data-end=\"886\">\n<p data-start=\"852\" data-end=\"886\"><strong data-start=\"852\" data-end=\"866\">Trojn\u00e1sobn\u00e9 poklep\u00e1n\u00ed<\/strong> pro nastaven\u00ed v\u00fdkonu<\/p>\n<\/li>\n<li data-start=\"887\" data-end=\"925\">\n<p data-start=\"889\" data-end=\"925\"><strong data-start=\"889\" data-end=\"901\">\u010cty\u0159n\u00e1sobn\u00e9 poklep\u00e1n\u00ed<\/strong> pro aktivaci hern\u00edho re\u017eimu<\/p>\n<\/li>\n<\/ul>\n<p data-start=\"927\" data-end=\"1181\">Dostupn\u00e9 v <strong data-start=\"940\" data-end=\"979\">0 %, 2 %, 3 % a 5 % nikotinu<\/strong>, <strong data-start=\"985\" data-end=\"1006\">Randm Tornado 25K<\/strong> vyhovuje jak lehk\u00fdm, tak i t\u011b\u017ek\u00fdm u\u017eivatel\u016fm. Kompaktn\u00ed, stylov\u00fd a p\u0159enosn\u00fd, kombinuje v\u00fdkon s pohodl\u00edm, co\u017e z n\u011bj \u010din\u00ed siln\u00e9ho prodejce na velkoobchodn\u00edm trhu s vaporiz\u00e9ry v Evrop\u011b.<\/p>\n<p><img fetchpriority=\"high\" decoding=\"async\" class=\"size-medium wp-image-2951\" src=\"https:\/\/vapestornado.com\/wp-content\/uploads\/2024\/12\/Wholesale-Disposable-Vape-265x300.jpg\" alt=\"Velkoobchodn\u00ed jednor\u00e1zov\u00e9 Vape\" width=\"265\" height=\"300\" srcset=\"https:\/\/vapestornado.com\/wp-content\/uploads\/2024\/12\/Wholesale-Disposable-Vape-265x300.jpg 265w, https:\/\/vapestornado.com\/wp-content\/uploads\/2024\/12\/Wholesale-Disposable-Vape-768x871.jpg 768w, https:\/\/vapestornado.com\/wp-content\/uploads\/2024\/12\/Wholesale-Disposable-Vape-600x680.jpg 600w, https:\/\/vapestornado.com\/wp-content\/uploads\/2024\/12\/Wholesale-Disposable-Vape.jpg 823w\" sizes=\"(max-width: 265px) 100vw, 265px\" \/><\/p>\n<h6>Pro slevovou cenu kontaktujte Mandy na WhatsApp<a href=\"https:\/\/wa.me\/8618077105796\" target=\"_blank\" rel=\"noopener\">+8618077105796<\/a><\/h6>\n<p>&nbsp;<\/p>\n<h2><strong>Kl\u00ed\u010dov\u00e9 vlastnosti Fumot Tornado Vape 25000 Puffs<\/strong><\/h2>\n<ul>\n<li><strong>Po\u010det pot\u00e1hnut\u00ed:<\/strong> 25 000 potah\u016f<\/li>\n<li><strong>Baterie:<\/strong> 700mAh, dob\u00edjec\u00ed<\/li>\n<li><strong>Kapacita e-liquidu:<\/strong> 20ml<\/li>\n<li><strong>\u00darovn\u011b nikotinu:<\/strong> 0%, 2%, 3%, 5%<\/li>\n<li><strong>Nab\u00edjen\u00ed:<\/strong> Rychl\u00e9 nab\u00edjen\u00ed Type-C<\/li>\n<li><strong>Hern\u00ed re\u017eim:<\/strong> Interaktivn\u00ed z\u00e1bavn\u00e1 hern\u00ed funkce<\/li>\n<li><strong>Funkce dotykov\u00e9ho p\u0159ep\u00edna\u010de:<\/strong>\n<ul>\n<li>Dvojit\u00e9 klepnut\u00ed: Probud\u00ed obrazovku<\/li>\n<li>Trojit\u00e9 klepnut\u00ed: Nastav\u00ed v\u00fdkon ve wattech<\/li>\n<li>\u010cty\u0159n\u00e1sobn\u00e9 klepnut\u00ed: Vstup do hern\u00edho re\u017eimu; pro spu\u0161t\u011bn\u00ed hry klepn\u011bte jednou<\/li>\n<\/ul>\n<\/li>\n<li><strong>Design:<\/strong> P\u0159enosn\u00fd a u\u017eivatelsky p\u0159\u00edv\u011btiv\u00fd vape pod<\/li>\n<\/ul>\n<h2><strong>Seznam p\u0159\u00edchut\u00ed jednor\u00e1zov\u00e9 e-cigarety RandM Tornado 25k Puffs:<\/strong><\/h2>\n<p>1. Ban\u00e1nov\u00fd led<br \/>\n2. Jahodov\u00fd meloun<br \/>\n3. Miami Mint<br \/>\n4. Bor\u016fvkov\u00e1 malina<br \/>\n5. \u010cern\u00fd led<br \/>\n6. White Gummy Ice<br \/>\n7. Watermelon Ice<br \/>\n8. Juicy Peach Ice<br \/>\n9. R\u016f\u017eov\u00e1 limon\u00e1da<br \/>\n10. Jahodov\u00e9 mango<br \/>\n11. Broskvov\u00e9 mango s melounem<br \/>\n12. Hroznov\u00fd citron<br \/>\n13. Tropick\u00fd Duha V\u00fdbuch<br \/>\n14. T\u0159e\u0161\u0148ov\u00e1 bomba<br \/>\n15. Jahodov\u00e9 m\u00e1tov\u00e9 bonb\u00f3ny<br \/>\n16. Dvojit\u00e9 jablko<br \/>\n17. Bor\u016fvka s ledem<br \/>\n18. Jahodov\u00fd led<br \/>\n19. Bujn\u00fd led<br \/>\n20. Ananasov\u00fd led<br \/>\n21. Hroznov\u00fd led<br \/>\n22. Dr. Blue<br \/>\n23. Kiwi Marakuja Guava<br \/>\n24. T\u0159e\u0161\u0148ov\u00e1 Cola<\/p>\n<h3>Pro\u010d si vybrat RandM Tornado 25000 Puffs v <a href=\"https:\/\/vapestornado.com\/cs\/\">vapestornado<\/a>?<\/h3>\n<p><strong>1. V\u00fdhody n\u00e1kupu na vapestornado<\/strong><\/p>\n<ul>\n<li><strong>\u0160irok\u00fd v\u00fdb\u011br<\/strong>: vapestornado nab\u00edz\u00ed komplexn\u00ed sortiment vysoce kvalitn\u00edch zna\u010dek a model\u016f vape, kter\u00e9 spl\u0148uj\u00ed v\u0161echny pot\u0159eby z\u00e1kazn\u00edk\u016f na jednom m\u00edst\u011b.<\/li>\n<li><strong>Vynikaj\u00edc\u00ed servis<\/strong>: U\u017eijte si rychlou p\u0159epravu a spolehlivou poprodejn\u00ed podporu pro bezstarostn\u00e9 nakupov\u00e1n\u00ed.<\/li>\n<li><strong>Transparentn\u00ed ceny<\/strong>: U ka\u017ed\u00e9ho produktu jsou uvedeny jasn\u00e9 a podrobn\u00e9 ceny\u2014\u017e\u00e1dn\u00e9 skryt\u00e9 n\u00e1klady.<\/li>\n<li><strong>Speci\u00e1ln\u00ed nab\u00eddky<\/strong>: Pravideln\u00e9 slevy a akce, s exkluzivn\u00edmi nab\u00eddkami pro \u010dleny.<\/li>\n<li><strong>U\u017eivatelsky p\u0159\u00edv\u011btiv\u00e1 platforma<\/strong>: Snadno ovladateln\u00fd web, kter\u00fd podporuje v\u00edce jazyk\u016f a platebn\u00edch metod, v\u010detn\u011b kreditn\u00edch karet a slu\u017eby PayPal.<\/li>\n<\/ul>\n<p><strong>2. P\u0159ednosti RandM Tornado 25k Puffs<\/strong><\/p>\n<ul>\n<li><strong>Dlouh\u00e1 \u017eivotnost<\/strong>: Navr\u017eeno s 25 000 potahy, co\u017e zaji\u0161\u0165uje odolnost a prodlou\u017een\u00e9 pou\u017e\u00edv\u00e1n\u00ed pro \u010dast\u00e9 vapery.<\/li>\n<li><strong>V\u00fdkonn\u00e1 baterie<\/strong>: Vybaveno dob\u00edjec\u00ed bateri\u00ed s kapacitou 700mAh a rychl\u00fdm nab\u00edjen\u00edm p\u0159es USB-C pro ekologick\u00e9 a praktick\u00e9 pou\u017eit\u00ed.<\/li>\n<li><strong>Bohat\u00e1 nab\u00eddka p\u0159\u00edchut\u00ed<\/strong>: Nab\u00edz\u00ed a\u017e 30 p\u0159\u00edchut\u00ed, v\u010detn\u011b ovocn\u00fdch, mentolov\u00fdch a inspirovan\u00fdch n\u00e1poji, aby vyhov\u011bly r\u016fzn\u00fdm vkus\u016fm.<\/li>\n<li><strong>Stylov\u00fd design<\/strong>: Obsahuje LED sv\u011btla pro modern\u00ed a poutav\u00fd vzhled.<\/li>\n<li><strong>Snadn\u00e9 pou\u017eit\u00ed<\/strong>: P\u0159ipraveno k okam\u017eit\u00e9mu pou\u017eit\u00ed bez nutnosti jak\u00e9hokoli nastavov\u00e1n\u00ed, ide\u00e1ln\u00ed pro za\u010d\u00e1te\u010dn\u00edky i zku\u0161en\u00e9 u\u017eivatele.<\/li>\n<\/ul>\n<p><strong>3. vapestornado Speci\u00e1ln\u00ed nab\u00eddka<\/strong><\/p>\n<ul>\n<li><strong>Dostupn\u00e1 cena<\/strong>: RandM Tornado 25000 Puffs je k dispozici za ak\u010dn\u00ed cenu, \u010d\u00edm\u017e u\u0161et\u0159\u00edte ve srovn\u00e1n\u00ed s tr\u017en\u00edmi cenami.<\/li>\n<li><strong>Mno\u017estevn\u00ed slevy<\/strong>: Dal\u0161\u00ed \u00faspory p\u0159i velkoobchodn\u00edch n\u00e1kupech, ide\u00e1ln\u00ed pro distributory a velkoodb\u011bratele.<\/li>\n<li><strong>\u010casov\u011b omezen\u00e9 nab\u00eddky<\/strong>: Zkontrolujte domovskou str\u00e1nku pro exkluzivn\u00ed slevov\u00e9 kup\u00f3ny na produkty RandM.<\/li>\n<\/ul>\n<p>Nakupujte nyn\u00ed na vapestornado a u\u017eijte si nep\u0159ekonateln\u00e9 nab\u00eddky a v\u00fdjime\u010dn\u00fd z\u00e1\u017eitek z vapingu s RandM Tornado 25000 Puffs!<\/p>\n<h3><\/h3>\n<h3>\u010casto kladen\u00e9 dotazy o dob\u00edjec\u00edm vapu Randm Vape 25000 Puffs:<\/h3>\n<ul>\n<li><strong>Jak dlouho vydr\u017e\u00ed RandM Tornado 25000 Puffs?<\/strong><br \/>\nRandM Tornado 25000 Puffs nab\u00edz\u00ed dlouhotrvaj\u00edc\u00ed vapingov\u00fd z\u00e1\u017eitek a poskytuje a\u017e 25 000 pot\u00e1hnut\u00ed, co\u017e jej \u010din\u00ed ide\u00e1ln\u00edm pro dlouhodob\u00e9 pou\u017eit\u00ed bez \u010dast\u00fdch v\u00fdm\u011bn.<\/li>\n<li><strong>Jak aktivujete RandM Tornado 25000 Puffs?<\/strong><br \/>\nRandM Tornado 25000 Puffs je p\u0159ipraven k pou\u017eit\u00ed ihned po vybalen\u00ed z krabi\u010dky. Jednodu\u0161e vdechn\u011bte z n\u00e1ustku, abyste za\u0159\u00edzen\u00ed aktivovali \u2013 nejsou pot\u0159eba \u017e\u00e1dn\u00e1 tla\u010d\u00edtka ani slo\u017eit\u00e1 nastaven\u00ed.<\/li>\n<li><strong>Je RandM Tornado 25000 Puffs dob\u00edjec\u00ed?<\/strong><br \/>\nAno, RandM Tornado 25000 Puffs je vybaven dob\u00edjec\u00ed bateri\u00ed s kapacitou 700 mAh, kter\u00e1 v\u00e1m zajist\u00ed konzistentn\u00ed v\u00fdkon s rychl\u00fdm nab\u00edjen\u00edm p\u0159es Type-C.<\/li>\n<li><strong>Jak pozn\u00e1m, \u017ee je baterie nebo e-liquid v m\u00e9m za\u0159\u00edzen\u00ed RandM Tornado 25000 Puffs t\u00e9m\u011b\u0159 vybit\u00e1?<\/strong><br \/>\nPokud se sn\u00ed\u017e\u00ed produkce p\u00e1ry nebo je chu\u0165 m\u00e9n\u011b intenzivn\u00ed, je to znamen\u00ed, \u017ee se bl\u00ed\u017e\u00ed vy\u010derp\u00e1n\u00ed baterie nebo e-liquidu. Nabijte baterii nebo za\u0159\u00edzen\u00ed vym\u011b\u0148te, jakmile dojde e-liquid.<\/li>\n<\/ul>","protected":false},"excerpt":{"rendered":"<p data-start=\"1221\" data-end=\"1388\">Ten <strong data-start=\"1225\" data-end=\"1263\">Randm Tornado 25000 pot\u00e1hnut\u00ed Vape Pod<\/strong> nab\u00edz\u00ed du\u00e1ln\u00ed mo\u017enosti nikotinu, chytr\u00e9 dotykov\u00e9 ovl\u00e1d\u00e1n\u00ed a 25K pot\u00e1hnut\u00ed. Spolehliv\u00e1 volba pro <strong data-start=\"1353\" data-end=\"1385\">velkoobchodn\u00ed n\u00e1kup v Evrop\u011b<\/strong>.<\/p>\n<figure id=\"attachment_2951\" aria-describedby=\"caption-attachment-2951\" style=\"width: 265px\" class=\"wp-caption alignnone\"><img fetchpriority=\"high\" decoding=\"async\" class=\"size-medium wp-image-2951\" src=\"https:\/\/vapestornado.com\/wp-content\/uploads\/2024\/12\/Wholesale-Disposable-Vape-265x300.jpg\" alt=\"Velkoobchodn\u00ed jednor\u00e1zov\u00e9 Vape\" width=\"265\" height=\"300\" srcset=\"https:\/\/vapestornado.com\/wp-content\/uploads\/2024\/12\/Wholesale-Disposable-Vape-265x300.jpg 265w, https:\/\/vapestornado.com\/wp-content\/uploads\/2024\/12\/Wholesale-Disposable-Vape-768x871.jpg 768w, https:\/\/vapestornado.com\/wp-content\/uploads\/2024\/12\/Wholesale-Disposable-Vape-600x680.jpg 600w, https:\/\/vapestornado.com\/wp-content\/uploads\/2024\/12\/Wholesale-Disposable-Vape.jpg 823w\" sizes=\"(max-width: 265px) 100vw, 265px\" \/><figcaption id=\"caption-attachment-2951\" class=\"wp-caption-text\">Pro slevovou cenu kontaktujte Mandy na WhatsApp<a href=\"https:\/\/wa.me\/8618077105796\">+8618077105796<\/a><\/figcaption><\/figure>\n<p>&nbsp;<\/p>","protected":false},"featured_media":2987,"comment_status":"open","ping_status":"closed","template":"","meta":{"_acf_changed":false,"_uag_custom_page_level_css":"","_lmt_disableupdate":"no","_lmt_disable":"","_monsterinsights_skip_tracking":false,"_monsterinsights_sitenote_active":false,"_monsterinsights_sitenote_note":"","_monsterinsights_sitenote_category":0,"site-sidebar-layout":"default","site-content-layout":"","ast-site-content-layout":"default","site-content-style":"default","site-sidebar-style":"default","ast-global-header-display":"","ast-banner-title-visibility":"","ast-main-header-display":"","ast-hfb-above-header-display":"","ast-hfb-below-header-display":"","ast-hfb-mobile-header-display":"","site-post-title":"","ast-breadcrumbs-content":"","ast-featured-img":"","footer-sml-layout":"","ast-disable-related-posts":"","theme-transparent-header-meta":"default","adv-header-id-meta":"","stick-header-meta":"","header-above-stick-meta":"","header-main-stick-meta":"","header-below-stick-meta":"","astra-migrate-meta-layouts":"set","ast-page-background-enabled":"default","ast-page-background-meta":{"desktop":{"background-color":"","background-image":"","background-repeat":"repeat","background-position":"center center","background-size":"auto","background-attachment":"scroll","background-type":"","background-media":"","overlay-type":"","overlay-color":"","overlay-opacity":"","overlay-gradient":""},"tablet":{"background-color":"","background-image":"","background-repeat":"repeat","background-position":"center center","background-size":"auto","background-attachment":"scroll","background-type":"","background-media":"","overlay-type":"","overlay-color":"","overlay-opacity":"","overlay-gradient":""},"mobile":{"background-color":"","background-image":"","background-repeat":"repeat","background-position":"center center","background-size":"auto","background-attachment":"scroll","background-type":"","background-media":"","overlay-type":"","overlay-color":"","overlay-opacity":"","overlay-gradient":""}},"ast-content-background-meta":{"desktop":{"background-color":"var(--ast-global-color-5)","background-image":"","background-repeat":"repeat","background-position":"center center","background-size":"auto","background-attachment":"scroll","background-type":"","background-media":"","overlay-type":"","overlay-color":"","overlay-opacity":"","overlay-gradient":""},"tablet":{"background-color":"var(--ast-global-color-5)","background-image":"","background-repeat":"repeat","background-position":"center center","background-size":"auto","background-attachment":"scroll","background-type":"","background-media":"","overlay-type":"","overlay-color":"","overlay-opacity":"","overlay-gradient":""},"mobile":{"background-color":"var(--ast-global-color-5)","background-image":"","background-repeat":"repeat","background-position":"center center","background-size":"auto","background-attachment":"scroll","background-type":"","background-media":"","overlay-type":"","overlay-color":"","overlay-opacity":"","overlay-gradient":""}},"_joinchat":{"telephone":"+8618077105796"}},"product_brand":[],"product_cat":[68,153,156,58,148],"product_tag":[97,102],"class_list":{"0":"post-2993","1":"product","2":"type-product","3":"status-publish","4":"has-post-thumbnail","6":"product_cat-25000-puff","7":"product_cat-buy-disposable-vapes-in-italy","8":"product_cat-buy-disposable-vapes-in-poland","9":"product_cat-fumot-vape","10":"product_cat-tornado-disposable-vapes","11":"product_tag-hot-sale-disposable-vape","12":"product_tag-randm-tornado-25k","13":"desktop-align-left","14":"tablet-align-left","15":"mobile-align-left","17":"first","18":"instock","19":"sale","20":"shipping-taxable","21":"purchasable","22":"product-type-simple"},"acf":[],"uagb_featured_image_src":{"full":["https:\/\/vapestornado.com\/wp-content\/uploads\/2024\/12\/RandM-Fumot-25000-Dr-Blue-Disposable-Vape.jpg",800,800,false],"thumbnail":["https:\/\/vapestornado.com\/wp-content\/uploads\/2024\/12\/RandM-Fumot-25000-Dr-Blue-Disposable-Vape-150x150.jpg",150,150,true],"medium":["https:\/\/vapestornado.com\/wp-content\/uploads\/2024\/12\/RandM-Fumot-25000-Dr-Blue-Disposable-Vape-300x300.jpg",300,300,true],"medium_large":["https:\/\/vapestornado.com\/wp-content\/uploads\/2024\/12\/RandM-Fumot-25000-Dr-Blue-Disposable-Vape-768x768.jpg",768,768,true],"large":["https:\/\/vapestornado.com\/wp-content\/uploads\/2024\/12\/RandM-Fumot-25000-Dr-Blue-Disposable-Vape.jpg",800,800,false],"1536x1536":["https:\/\/vapestornado.com\/wp-content\/uploads\/2024\/12\/RandM-Fumot-25000-Dr-Blue-Disposable-Vape.jpg",800,800,false],"2048x2048":["https:\/\/vapestornado.com\/wp-content\/uploads\/2024\/12\/RandM-Fumot-25000-Dr-Blue-Disposable-Vape.jpg",800,800,false],"trp-custom-language-flag":["https:\/\/vapestornado.com\/wp-content\/uploads\/2024\/12\/RandM-Fumot-25000-Dr-Blue-Disposable-Vape.jpg",12,12,false],"woocommerce_thumbnail":["https:\/\/vapestornado.com\/wp-content\/uploads\/2024\/12\/RandM-Fumot-25000-Dr-Blue-Disposable-Vape-300x300.jpg",300,300,true],"woocommerce_single":["https:\/\/vapestornado.com\/wp-content\/uploads\/2024\/12\/RandM-Fumot-25000-Dr-Blue-Disposable-Vape-600x600.jpg",600,600,true],"woocommerce_gallery_thumbnail":["https:\/\/vapestornado.com\/wp-content\/uploads\/2024\/12\/RandM-Fumot-25000-Dr-Blue-Disposable-Vape-100x100.jpg",100,100,true]},"uagb_author_info":{"display_name":"ESMANDY","author_link":"https:\/\/vapestornado.com\/cs\/author\/"},"uagb_comment_info":0,"uagb_excerpt":"The Randm Tornado 25000 Puffs Vape Pod offers dual nicotine options, smart touch controls, and 25K puffs. A reliable choice for wholesale bulk buy in Europe. [caption id=\"attachment_2951\" align=\"alignnone\" width=\"265\"] Pls Contact Mandy's WhatsApp For Discount Price+8618077105796[\/caption] &nbsp;","_links":{"self":[{"href":"https:\/\/vapestornado.com\/cs\/wp-json\/wp\/v2\/product\/2993","targetHints":{"allow":["GET"]}}],"collection":[{"href":"https:\/\/vapestornado.com\/cs\/wp-json\/wp\/v2\/product"}],"about":[{"href":"https:\/\/vapestornado.com\/cs\/wp-json\/wp\/v2\/types\/product"}],"replies":[{"embeddable":true,"href":"https:\/\/vapestornado.com\/cs\/wp-json\/wp\/v2\/comments?post=2993"}],"wp:featuredmedia":[{"embeddable":true,"href":"https:\/\/vapestornado.com\/cs\/wp-json\/wp\/v2\/media\/2987"}],"wp:attachment":[{"href":"https:\/\/vapestornado.com\/cs\/wp-json\/wp\/v2\/media?parent=2993"}],"wp:term":[{"taxonomy":"product_brand","embeddable":true,"href":"https:\/\/vapestornado.com\/cs\/wp-json\/wp\/v2\/product_brand?post=2993"},{"taxonomy":"product_cat","embeddable":true,"href":"https:\/\/vapestornado.com\/cs\/wp-json\/wp\/v2\/product_cat?post=2993"},{"taxonomy":"product_tag","embeddable":true,"href":"https:\/\/vapestornado.com\/cs\/wp-json\/wp\/v2\/product_tag?post=2993"}],"curies":[{"name":"wp","href":"https:\/\/api.w.org\/{rel}","templated":true}]}}