{"id":2980,"date":"2024-12-06T06:49:43","date_gmt":"2024-12-06T06:49:43","guid":{"rendered":"https:\/\/vapestornado.com\/?post_type=product&#038;p=2980"},"modified":"2025-08-23T12:26:33","modified_gmt":"2025-08-23T12:26:33","slug":"waspe-vape-30000-fihp-30k-puffs-disposable-vape-wholesale-price-in-germany","status":"publish","type":"product","link":"https:\/\/vapestornado.com\/cs\/product\/waspe-vape-30000-fihp-30k-puffs-disposable-vape-wholesale-price-in-germany\/","title":{"rendered":"Waspe Vape 30000 FIHP 30K pota\u017een\u00ed, jednor\u00e1zov\u00fd vape, velkoobchodn\u00ed cena v \u010cesk\u00e9 republice"},"content":{"rendered":"<h1 class=\"product-title\">Waspe Vape 30000 FIHP 30K pota\u017een\u00ed, jednor\u00e1zov\u00fd vape, velkoobchodn\u00ed cena v \u010cesk\u00e9 republice<\/h1>\n<p>Hled\u00e1te pr\u00e9miov\u00e9 \u0159e\u0161en\u00ed pro vaping, kter\u00e9 kombinuje vysok\u00fd v\u00fdkon s v\u00fdjime\u010dn\u00fdmi chu\u0165ov\u00fdmi mo\u017enostmi? <strong>Jednor\u00e1zov\u00fd vape Waspe Vape FIHP 30000 pot\u00e1hnut\u00ed<\/strong> je zde, aby pov\u00fd\u0161il v\u00e1\u0161 z\u00e1\u017eitek z vapingu. S <strong>du\u00e1ln\u00edmi re\u017eimy<\/strong>, nastaviteln\u00fdmi \u00farovn\u011bmi nikotinu a elegantn\u00edm LED displejem, je toto za\u0159\u00edzen\u00ed ide\u00e1ln\u00ed pro ty, kte\u0159\u00ed hledaj\u00ed kvalitu a p\u0159izp\u016fsoben\u00ed za konkuren\u010dn\u00ed velkoobchodn\u00ed cenu v \u010cesk\u00e9 republice.<\/p>\n<p>A\u0165 u\u017e jste prodejce, kter\u00fd hled\u00e1 <strong>velkoobchodn\u00ed nab\u00eddky vape v \u010cesk\u00e9 republice<\/strong> nebo jednotlivec hledaj\u00edc\u00ed vysoce v\u00fdkonn\u00fd vape <strong>jednor\u00e1zovou vapku s n\u00edzk\u00fdm obsahem nikotinu<\/strong>, Waspe 30K nab\u00edz\u00ed bezkonkuren\u010dn\u00ed hodnotu. Jeho <strong>dob\u00edjec\u00ed vapka<\/strong> design a inovativn\u00ed funkce z n\u011bj d\u011blaj\u00ed na trhu jedni\u010dku.<\/p>\n<p>Waspe FIHP je dod\u00e1v\u00e1n v r\u016fzn\u00fdch <strong>kombinac\u00edch dvojit\u00fdch chut\u00ed<\/strong>, kter\u00e9 dod\u00e1vaj\u00ed bohat\u00e9 a uspokojiv\u00e9 p\u0159\u00edchut\u011b, kter\u00e9 uspokoj\u00ed ka\u017ed\u00fd patro.<\/p>\n<p>Vyu\u017eijte <strong>Waspe Vape 30000 FIHP 30K pota\u017een\u00ed, jednor\u00e1zov\u00fd vape, velkoobchodn\u00ed cena v \u010cesk\u00e9 republice<\/strong> a p\u0159ineste tento \u0161pi\u010dkov\u00fd produkt sv\u00fdm z\u00e1kazn\u00edk\u016fm je\u0161t\u011b dnes!<\/p>\n<p>&nbsp;<\/p>\n<p><strong>P\u0159idejte si Amy na Whatsapp a z\u00edskejte spr\u00e1vnou odpov\u011b\u010f a vape kup\u00f3n!<\/strong><\/p>\n<p><img fetchpriority=\"high\" decoding=\"async\" class=\"size-full wp-image-2932\" src=\"https:\/\/vapestornado.com\/wp-content\/uploads\/2024\/12\/Vape-Wholesale.jpg\" alt=\"Velkoobchod s vape\" width=\"229\" height=\"300\" \/><\/p>\n<h3><a href=\"https:\/\/wa.me\/8617776015835\" target=\"_blank\" rel=\"noopener\"><span style=\"color: #ff0000;\"><strong>WhatsApp: +86 17776015835<\/strong><\/span><\/a><\/h3>\n<p>&nbsp;<\/p>\n<h4><strong style=\"font-size: 1.7em;\">Vlastnosti produktu Waspe Vape 30000<\/strong><\/h4>\n<h4><\/h4>\n<ul>\n<li><strong>30000 pot\u00e1hnut\u00ed s du\u00e1ln\u00edmi re\u017eimy<\/strong>:<br \/>\nU\u017eijte si a\u017e <strong>30 000 potah\u016f<\/strong> v b\u011b\u017en\u00e9m re\u017eimu pro dlouhotrvaj\u00edc\u00ed seance, nebo p\u0159epn\u011bte na <strong>pulzn\u00ed re\u017eim<\/strong> pro intenzivn\u011bj\u0161\u00ed z\u00e1\u017eitek, poskytuj\u00edc\u00ed 15 000 pot\u00e1hnut\u00ed. Ide\u00e1ln\u00ed pro u\u017eivatele, kte\u0159\u00ed ocen\u00ed flexibilitu.<\/li>\n<li><strong>V\u00edce mo\u017enost\u00ed nikotinu<\/strong>:<br \/>\nP\u0159izp\u016fsobte si sv\u016fj z\u00e1\u017eitek z vapov\u00e1n\u00ed s <strong>0 %, 2 % nebo 5 % hladiny nikotinu<\/strong>, ur\u010den\u00e9 jak pro nad\u0161ence s n\u00edzk\u00fdm obsahem nikotinu, tak pro ty, kte\u0159\u00ed preferuj\u00ed siln\u011bj\u0161\u00ed z\u00e1sah.<\/li>\n<li><strong>Kapacita e-liquidu 28 ml<\/strong>:<br \/>\nToto za\u0159\u00edzen\u00ed pojme velkorys\u00fdch <strong>28 ml e-liquidu<\/strong>, co\u017e sni\u017euje pot\u0159ebu \u010dast\u00e9ho dopl\u0148ov\u00e1n\u00ed a zaji\u0161\u0165uje prodlou\u017een\u00e9 pou\u017e\u00edv\u00e1n\u00ed.<\/li>\n<li><strong>Technologie du\u00e1ln\u00ed mesh spir\u00e1lky<\/strong>:<br \/>\nVybaveno pokro\u010dilou <strong>Du\u00e1ln\u00ed m\u0159\u00ed\u017ekov\u00e9 spir\u00e1lky 1ohm + 1ohm<\/strong>, Waspe 30K poskytuje hlad\u0161\u00ed p\u00e1ru a konzistentn\u011b bohatou chu\u0165.<\/li>\n<li><strong>Dob\u00edjec\u00ed a \u00fa\u010dinn\u00e9<\/strong>:<br \/>\nD\u00edky <strong>850mAh dob\u00edjec\u00ed bateri\u00ed<\/strong> s <strong>Rychl\u00e9 nab\u00edjen\u00ed Type-C<\/strong>, toto vapovac\u00ed za\u0159\u00edzen\u00ed zajist\u00ed, \u017ee budete m\u00edt energii po cel\u00fd den s minim\u00e1ln\u00edmi prostoji.<\/li>\n<li><strong>LED displej pro snadn\u00e9 sledov\u00e1n\u00ed<\/strong>:<br \/>\nVestav\u011bn\u00fd <strong>LED displej<\/strong> ukazuje po\u010det pot\u00e1hnut\u00ed a \u017eivotnost baterie v re\u00e1ln\u00e9m \u010dase, co\u017e v\u00e1m d\u00e1v\u00e1 naprostou kontrolu nad va\u0161imi vapovac\u00edmi seancemi.<\/li>\n<li><strong>Nastaviteln\u00fd pr\u016ftok vzduchu pro p\u0159izp\u016fsoben\u00ed<\/strong>:<br \/>\nD\u00edky <strong>nastaviteln\u00fd syst\u00e9m proud\u011bn\u00ed vzduchu<\/strong>, m\u016f\u017eete upravit intenzitu tahu pro vapovac\u00ed z\u00e1\u017eitek na m\u00edru.<\/li>\n<\/ul>\n<h2 class=\"product-title\"><strong>WASPE 30000 Seznam p\u0159\u00edchut\u00ed<\/strong><\/h2>\n<p>1.Jahoda Mango<br \/>\n2.Lesn\u00ed plody<br \/>\n3. Melounov\u00fd led<br \/>\n4.Jahoda Meloun<br \/>\n5.Jahodov\u00fd Red Bull<br \/>\n6.Kiwi Mu\u010denka Guava<br \/>\n7.Hroznov\u00fd led<br \/>\n8.Dvojit\u00e9 jable\u010dn\u00e9 ledov\u00e9<br \/>\n9.Bor\u016fvka Malina<br \/>\n10.Meloun Mango Ledov\u00e9<br \/>\n11. Bor\u016fvka s ledem<br \/>\n12. Broskvov\u00e9 bobule<br \/>\n13.Jahoda Kiwi<br \/>\n14.T\u0159e\u0161\u0148ov\u00e9 ledov\u00e9<br \/>\n15.Jahodov\u00e1 Superburst T\u0159e\u0161e\u0148<br \/>\n16.Melounov\u00e1 \u017dv\u00fdka\u010dka<\/p>\n<h3>Pro\u010d si vybrat vapestornado pro velkoobchodn\u00ed prodej WASPE 30k Vape?<\/h3>\n<div class=\"flex-shrink-0 flex flex-col relative items-end\">\n<div class=\"pt-0\">\n<div class=\"gizmo-bot-avatar flex h-8 w-8 items-center justify-center overflow-hidden rounded-full\">\n<div class=\"relative p-1 rounded-sm flex items-center justify-center bg-token-main-surface-primary text-token-text-primary h-8 w-8\">\n<p>V\u00edtejte ve vapestornado, va\u0161em d\u016fv\u011bryhodn\u00e9m online vape shopu pro pr\u00e9miov\u00e9 jednor\u00e1zov\u00e9 vapy. S v\u00edce ne\u017e 5 lety zku\u0161enost\u00ed v\u00e1m p\u0159in\u00e1\u0161\u00edme obl\u00edben\u00e9 zna\u010dky jednor\u00e1zov\u00fdch vap\u016f, jako jsou Fumot RandM Vape, Vapme, Bang Vape, Waspe Vape a WGA Vape atd.<\/p>\n<p>N\u00e1\u0161 sortiment zahrnuje \u017ehav\u00e9 vapy, jako je <a href=\"https:\/\/vapestornado.com\/cs\/product\/fumot-randm-tornado-15000-puffs-rechargeable-disposable-vape-wholesale\/\">RandM Tornado 15000<\/a>, a chu\u0165ov\u011b bohat\u00e9 varianty jako <a href=\"https:\/\/vapestornado.com\/cs\/product\/waspe-40000-puffs-double-flavour-led-display-disposable-vape-wholesale\/\">WASPE Dvojit\u00e1 p\u0159\u00edchu\u0165 40000 tah\u016f<\/a> . Ka\u017ed\u00fd produkt je vyb\u00edr\u00e1n se zam\u011b\u0159en\u00edm na kvalitu, hodnotu a rozmanitost, co\u017e zaji\u0161\u0165uje, \u017ee najdete perfektn\u00ed shodu pro va\u0161e pot\u0159eby. Objevte v\u00fdjime\u010dn\u00e9 slu\u017eby a \u0161irokou \u0161k\u00e1lu \u0161pi\u010dkov\u00fdch produkt\u016f na vapestornado.<\/p>\n<\/div>\n<h3><\/h3>\n<div class=\"relative p-1 rounded-sm flex items-center justify-center bg-token-main-surface-primary text-token-text-primary h-8 w-8\">\n<h3>\u010casto kladen\u00e9 ot\u00e1zky pro WASPE 40k dob\u00edjec\u00ed jednor\u00e1zovou vapku<\/h3>\n<\/div>\n<\/div>\n<\/div>\n<\/div>\n<div class=\"group\/conversation-turn relative flex w-full min-w-0 flex-col agent-turn\">\n<div class=\"flex-col gap-1 md:gap-3\">\n<div class=\"flex max-w-full flex-col flex-grow\">\n<div class=\"min-h-8 text-message flex w-full flex-col items-end gap-2 whitespace-normal break-words [.text-message+&amp;]:mt-5\" dir=\"auto\" data-message-author-role=\"assistant\" data-message-id=\"db716a1c-9ed0-4b8d-b3b0-7bdb913c3d42\" data-message-model-slug=\"gpt-4o\">\n<div class=\"flex w-full flex-col gap-1 empty:hidden first:pt-[3px]\">\n<div class=\"markdown prose w-full break-words dark:prose-invert light\">\n<ul>\n<li><strong>Kde koupit jednor\u00e1zovou vapku WASPE FIHP 30000 Puffs za velkoobchodn\u00ed cenu v \u010cesk\u00e9 republice?<\/strong><br \/>\nJednor\u00e1zovou vapku WASPE FIHP 30000 Puffs si m\u016f\u017eete zakoupit za velkoobchodn\u00ed ceny v \u010cesk\u00e9 republice prost\u0159ednictv\u00edm d\u016fv\u011bryhodn\u00fdch <strong>velkoobchodn\u00edch dodavatel\u016f vape<\/strong> nebo online velkoobchodn\u00edch platforem, jako je vapestornado, kter\u00e9 se specializuj\u00ed na vapingov\u00e9 produkty.<\/li>\n<li><strong>Kolik potah\u016f poskytuje WASPE FIHP 30k Puffs?<\/strong><br \/>\nWASPE FIHP 30K nab\u00edz\u00ed <strong>30 000 potah\u016f<\/strong> v b\u011b\u017en\u00e9m re\u017eimu, nebo <strong>15 000 pot\u00e1hnut\u00ed<\/strong> v pulzn\u00edm re\u017eimu pro intenzivn\u011bj\u0161\u00ed z\u00e1\u017eitek z vapov\u00e1n\u00ed.<\/li>\n<li><strong>Jak dlouho vydr\u017e\u00ed obl\u00edben\u00e1 jednor\u00e1zov\u00e1 krabi\u010dka WASPE vape 30000 potah\u016f Ultra?<\/strong><br \/>\n\u017divotnost za\u0159\u00edzen\u00ed z\u00e1vis\u00ed na frekvenci pou\u017e\u00edv\u00e1n\u00ed. Pro m\u00edrn\u00e9 vapery m\u016f\u017ee <strong>30 000 potah\u016f<\/strong> vydr\u017eet n\u011bkolik t\u00fddn\u016f, co\u017e z n\u011bj \u010din\u00ed ide\u00e1ln\u00ed volbu pro dlouhodob\u00e9 pou\u017e\u00edv\u00e1n\u00ed.<\/li>\n<li><strong>Jak\u00e9 jsou obl\u00edben\u00e9 p\u0159\u00edchut\u011b pro digit\u00e1ln\u00ed krabi\u010dku WASPE 30000 vape?<\/strong><br \/>\nDigit\u00e1ln\u00ed krabi\u010dka WASPE 30000 vape se vyzna\u010duje <strong>dvojit\u00fdm chu\u0165ov\u00fdm z\u00e1\u017eitkem<\/strong>, kter\u00fd nab\u00edz\u00ed rozmanit\u00e9 a uspokojiv\u00e9 kombinace. Obl\u00edben\u00e9 volby se li\u0161\u00ed, ale \u010dasto zahrnuj\u00ed ovocn\u00e9, m\u00e1tov\u00e9 a dezertn\u00ed sm\u011bsi, aby vyhovovaly r\u016fzn\u00fdm preferenc\u00edm.<\/li>\n<li><strong>Jak dlouho trv\u00e1 nab\u00edjen\u00ed jednor\u00e1zov\u00fdch vapes WASPE FIHP 30k?<\/strong><br \/>\nTen <strong>850mAh dob\u00edjec\u00ed bateri\u00ed<\/strong> se rychle nab\u00edj\u00ed p\u0159es <strong>nab\u00edjec\u00edm portem typu C<\/strong>, obvykle to trv\u00e1 asi <strong>1 a\u017e 1,5 hodiny<\/strong> pro pln\u00e9 nabit\u00ed.<\/li>\n<li><strong>Kolik nikotinu je v jednor\u00e1zov\u00fdch vapk\u00e1ch WASPE 30000 Digital screen box?<\/strong><br \/>\nWASPE 30000 nab\u00edz\u00ed <strong>mo\u017enosti nikotinu 0%, 2% nebo 5%<\/strong>, co\u017e u\u017eivatel\u016fm umo\u017e\u0148uje zvolit s\u00edlu nikotinu, kter\u00e1 nejl\u00e9pe vyhovuje jejich preferenc\u00edm.<\/li>\n<\/ul>\n<\/div>\n<\/div>\n<\/div>\n<\/div>\n<\/div>\n<\/div>","protected":false},"excerpt":{"rendered":"<p>WASPE FIHP 30000 pot\u00e1hnut\u00ed LED displej jednor\u00e1zov\u00fd vape<br \/>\nWaspe 30000 pot\u00e1hnut\u00ed FIHP Vape elektronick\u00e1 cigareta 30k<br \/>\nWASPE Vape 30000 pot\u00e1hnut\u00ed Dual Mesh 0% 2% 5% nikotin<\/p>\n<p><strong>P\u0159idejte si Amy na WhatsApp pro rychlou odpov\u011b\u010f a kup\u00f3n na vapky!<\/strong><\/p>\n<p><img fetchpriority=\"high\" decoding=\"async\" class=\"size-full wp-image-2932\" src=\"https:\/\/vapestornado.com\/wp-content\/uploads\/2024\/12\/Vape-Wholesale.jpg\" alt=\"Velkoobchod s vape\" width=\"229\" height=\"300\" \/><\/p>\n<h3><a href=\"https:\/\/wa.me\/8617776015835\"><span style=\"color: #ff0000;\"><strong>WhatsApp: +86 17776015835<\/strong><\/span><\/a><\/h3>\n<p>&nbsp;<\/p>","protected":false},"featured_media":2977,"comment_status":"open","ping_status":"closed","template":"","meta":{"_acf_changed":false,"_uag_custom_page_level_css":"","_lmt_disableupdate":"no","_lmt_disable":"","_monsterinsights_skip_tracking":false,"_monsterinsights_sitenote_active":false,"_monsterinsights_sitenote_note":"","_monsterinsights_sitenote_category":0,"site-sidebar-layout":"default","site-content-layout":"","ast-site-content-layout":"default","site-content-style":"default","site-sidebar-style":"default","ast-global-header-display":"","ast-banner-title-visibility":"","ast-main-header-display":"","ast-hfb-above-header-display":"","ast-hfb-below-header-display":"","ast-hfb-mobile-header-display":"","site-post-title":"","ast-breadcrumbs-content":"","ast-featured-img":"","footer-sml-layout":"","ast-disable-related-posts":"","theme-transparent-header-meta":"default","adv-header-id-meta":"","stick-header-meta":"","header-above-stick-meta":"","header-main-stick-meta":"","header-below-stick-meta":"","astra-migrate-meta-layouts":"set","ast-page-background-enabled":"default","ast-page-background-meta":{"desktop":{"background-color":"","background-image":"","background-repeat":"repeat","background-position":"center center","background-size":"auto","background-attachment":"scroll","background-type":"","background-media":"","overlay-type":"","overlay-color":"","overlay-opacity":"","overlay-gradient":""},"tablet":{"background-color":"","background-image":"","background-repeat":"repeat","background-position":"center center","background-size":"auto","background-attachment":"scroll","background-type":"","background-media":"","overlay-type":"","overlay-color":"","overlay-opacity":"","overlay-gradient":""},"mobile":{"background-color":"","background-image":"","background-repeat":"repeat","background-position":"center center","background-size":"auto","background-attachment":"scroll","background-type":"","background-media":"","overlay-type":"","overlay-color":"","overlay-opacity":"","overlay-gradient":""}},"ast-content-background-meta":{"desktop":{"background-color":"var(--ast-global-color-5)","background-image":"","background-repeat":"repeat","background-position":"center center","background-size":"auto","background-attachment":"scroll","background-type":"","background-media":"","overlay-type":"","overlay-color":"","overlay-opacity":"","overlay-gradient":""},"tablet":{"background-color":"var(--ast-global-color-5)","background-image":"","background-repeat":"repeat","background-position":"center center","background-size":"auto","background-attachment":"scroll","background-type":"","background-media":"","overlay-type":"","overlay-color":"","overlay-opacity":"","overlay-gradient":""},"mobile":{"background-color":"var(--ast-global-color-5)","background-image":"","background-repeat":"repeat","background-position":"center center","background-size":"auto","background-attachment":"scroll","background-type":"","background-media":"","overlay-type":"","overlay-color":"","overlay-opacity":"","overlay-gradient":""}},"_joinchat":{"telephone":"+8617776015835"}},"product_brand":[],"product_cat":[67,152,157,158,142,146,60],"product_tag":[100,99,101],"class_list":{"0":"post-2980","1":"product","2":"type-product","3":"status-publish","4":"has-post-thumbnail","6":"product_cat-30000-puff","7":"product_cat-buy-disposable-vapes-in-cermany","8":"product_cat-buy-disposable-vapes-in-portugal","9":"product_cat-buy-disposable-vapes-in-spain","10":"product_cat-digital-box-disposable-vapes","11":"product_cat-rechargeable-disposable-vapes","12":"product_cat-waspe-fihp-vape","13":"product_tag-wasoe-vape","14":"product_tag-waspe-30000-puffs","15":"product_tag-waspe-30k","16":"desktop-align-left","17":"tablet-align-left","18":"mobile-align-left","20":"first","21":"instock","22":"sale","23":"shipping-taxable","24":"purchasable","25":"product-type-simple"},"acf":[],"uagb_featured_image_src":{"full":["https:\/\/vapestornado.com\/wp-content\/uploads\/2024\/12\/Waspe-FIHP-30000-30K-Puffs-Disposable-Vape.jpg",800,800,false],"thumbnail":["https:\/\/vapestornado.com\/wp-content\/uploads\/2024\/12\/Waspe-FIHP-30000-30K-Puffs-Disposable-Vape-150x150.jpg",150,150,true],"medium":["https:\/\/vapestornado.com\/wp-content\/uploads\/2024\/12\/Waspe-FIHP-30000-30K-Puffs-Disposable-Vape-300x300.jpg",300,300,true],"medium_large":["https:\/\/vapestornado.com\/wp-content\/uploads\/2024\/12\/Waspe-FIHP-30000-30K-Puffs-Disposable-Vape-768x768.jpg",768,768,true],"large":["https:\/\/vapestornado.com\/wp-content\/uploads\/2024\/12\/Waspe-FIHP-30000-30K-Puffs-Disposable-Vape.jpg",800,800,false],"1536x1536":["https:\/\/vapestornado.com\/wp-content\/uploads\/2024\/12\/Waspe-FIHP-30000-30K-Puffs-Disposable-Vape.jpg",800,800,false],"2048x2048":["https:\/\/vapestornado.com\/wp-content\/uploads\/2024\/12\/Waspe-FIHP-30000-30K-Puffs-Disposable-Vape.jpg",800,800,false],"trp-custom-language-flag":["https:\/\/vapestornado.com\/wp-content\/uploads\/2024\/12\/Waspe-FIHP-30000-30K-Puffs-Disposable-Vape.jpg",12,12,false],"woocommerce_thumbnail":["https:\/\/vapestornado.com\/wp-content\/uploads\/2024\/12\/Waspe-FIHP-30000-30K-Puffs-Disposable-Vape-300x300.jpg",300,300,true],"woocommerce_single":["https:\/\/vapestornado.com\/wp-content\/uploads\/2024\/12\/Waspe-FIHP-30000-30K-Puffs-Disposable-Vape-600x600.jpg",600,600,true],"woocommerce_gallery_thumbnail":["https:\/\/vapestornado.com\/wp-content\/uploads\/2024\/12\/Waspe-FIHP-30000-30K-Puffs-Disposable-Vape-100x100.jpg",100,100,true]},"uagb_author_info":{"display_name":"ESAMY","author_link":"https:\/\/vapestornado.com\/cs\/author\/"},"uagb_comment_info":0,"uagb_excerpt":"WASPE FIHP 30000 Puffs LED Display Disposable Vape Waspe 30000 Puffs FIHP Vape Electric Cigarette 30k WASPE Vape 30000 Puffs Dual Mesh 0% 2% 5% Nicotine Add Amy's whatsapp to get right reply and vape vape coupon! WhatsApp: +86 17776015835 &nbsp;","_links":{"self":[{"href":"https:\/\/vapestornado.com\/cs\/wp-json\/wp\/v2\/product\/2980","targetHints":{"allow":["GET"]}}],"collection":[{"href":"https:\/\/vapestornado.com\/cs\/wp-json\/wp\/v2\/product"}],"about":[{"href":"https:\/\/vapestornado.com\/cs\/wp-json\/wp\/v2\/types\/product"}],"replies":[{"embeddable":true,"href":"https:\/\/vapestornado.com\/cs\/wp-json\/wp\/v2\/comments?post=2980"}],"wp:featuredmedia":[{"embeddable":true,"href":"https:\/\/vapestornado.com\/cs\/wp-json\/wp\/v2\/media\/2977"}],"wp:attachment":[{"href":"https:\/\/vapestornado.com\/cs\/wp-json\/wp\/v2\/media?parent=2980"}],"wp:term":[{"taxonomy":"product_brand","embeddable":true,"href":"https:\/\/vapestornado.com\/cs\/wp-json\/wp\/v2\/product_brand?post=2980"},{"taxonomy":"product_cat","embeddable":true,"href":"https:\/\/vapestornado.com\/cs\/wp-json\/wp\/v2\/product_cat?post=2980"},{"taxonomy":"product_tag","embeddable":true,"href":"https:\/\/vapestornado.com\/cs\/wp-json\/wp\/v2\/product_tag?post=2980"}],"curies":[{"name":"wp","href":"https:\/\/api.w.org\/{rel}","templated":true}]}}