{"id":2974,"date":"2024-12-05T03:54:55","date_gmt":"2024-12-05T03:54:55","guid":{"rendered":"https:\/\/vapestornado.com\/?post_type=product&#038;p=2974"},"modified":"2025-08-23T11:41:10","modified_gmt":"2025-08-23T11:41:10","slug":"vopk-ultra-40000-puffs-2-in-1-digital-screen-rechargeable-disposable-vape","status":"publish","type":"product","link":"https:\/\/vapestornado.com\/cs\/product\/vopk-ultra-40000-puffs-2-in-1-digital-screen-rechargeable-disposable-vape\/","title":{"rendered":"VOPK ULTRA 40000 pot\u00e1hnut\u00ed 2 v 1 digit\u00e1ln\u00ed obrazovka dob\u00edjec\u00ed jednor\u00e1zov\u00e1 vapka"},"content":{"rendered":"<h1 class=\"product-title\">VOPK ULTRA 40000 pot\u00e1hnut\u00ed 2 v 1 digit\u00e1ln\u00ed obrazovka dob\u00edjec\u00ed jednor\u00e1zov\u00e1 vapka<\/h1>\n<p>Za\u017eijte dal\u0161\u00ed \u00farove\u0148 vapov\u00e1n\u00ed s <strong>VOPK ULTRA 40000<\/strong>, \u0161pi\u010dkov\u00fdm za\u0159\u00edzen\u00edm <strong>dob\u00edjec\u00ed jednor\u00e1zov\u00e1 vape<\/strong> navr\u017een\u00fdm tak, aby poskytovalo bezkonkuren\u010dn\u00ed pohodl\u00ed, chu\u0165 a v\u00fdkon. D\u00edky mimo\u0159\u00e1dn\u00e9mu syst\u00e9mu <strong>40000 pot\u00e1hnut\u00ed<\/strong> a <strong>dvojit\u00e9 p\u0159\u00edchuti 2 v 1<\/strong> umo\u017e\u0148uje toto za\u0159\u00edzen\u00ed u\u017eivatel\u016fm plynule p\u0159ep\u00ednat mezi dv\u011bma odli\u0161n\u00fdmi chut\u011bmi, \u010d\u00edm\u017e nov\u011b definuje koncept rozmanitosti chut\u00ed.<\/p>\n<p>S masivn\u00ed kapacitou <strong>kapacita 36ml e-liquidu<\/strong> a dostupnost\u00ed v sil\u00e1ch nikotinu <strong>2% nebo 5%<\/strong>, <strong>VOPK 40K<\/strong> zaji\u0161\u0165uje, \u017ee ka\u017ed\u00fd potah je jemn\u00fd, uspokojuj\u00edc\u00ed a p\u0159izp\u016fsoben\u00fd va\u0161im preferenc\u00edm. Inovativn\u00ed <strong>LED displej<\/strong> posouv\u00e1 pohodl\u00ed na dal\u0161\u00ed \u00farove\u0148, poskytuje informace v re\u00e1ln\u00e9m \u010dase o \u017eivotnosti baterie a zb\u00fdvaj\u00edc\u00ed hladin\u011b e-liquidu, tak\u017ee m\u016f\u017eete vapovat bez starost\u00ed.<\/p>\n<p>Ten <strong>Dob\u00edjec\u00ed baterie typu C<\/strong> poskytuje rychl\u00e9 a spolehliv\u00e9 nab\u00edjen\u00ed, zat\u00edmco d\u00edky sv\u00e9mu kompaktn\u00edmu a p\u0159enosn\u00e9mu designu je <strong>VOPK ULTRA 40000<\/strong> ide\u00e1ln\u00ed pro vapov\u00e1n\u00ed na cest\u00e1ch. Vyberte si z 10 l\u00e1kav\u00fdch p\u0159\u00edchut\u00ed a dop\u0159ejte si skute\u010dn\u011b p\u0159izp\u016fsobiteln\u00fd z\u00e1\u017eitek, a to v\u0161e p\u0159i u\u017e\u00edv\u00e1n\u00ed v\u00fdhod <strong>jednor\u00e1zovou vapku s n\u00edzk\u00fdm obsahem nikotinu<\/strong>.<\/p>\n<p>A\u0165 u\u017e jste maloobchodn\u00edk nebo hled\u00e1te hromadn\u00e9 n\u00e1kupy, <strong>VOPK ULTRA 40000<\/strong> vynik\u00e1 v oboru <strong>velkoobchodn\u00ed ceny<\/strong> trh jako dokonalou kombinaci odolnosti, inovace a cenov\u00e9 dostupnosti. Pozvedn\u011bte sv\u016fj z\u00e1\u017eitek z vapov\u00e1n\u00ed se za\u0159\u00edzen\u00edm, kter\u00e9 je navr\u017eeno tak, aby vydr\u017eelo a poskytovalo dvojn\u00e1sobnou chu\u0165, a to v\u0161e s chytr\u00fdm <strong>digit\u00e1ln\u00ed displej<\/strong>.<\/p>\n<p>P\u0159ejd\u011bte na <strong>VOPK ULTRA 40000 pot\u00e1hnut\u00ed<\/strong> a u\u017eijte si to nejlep\u0161\u00ed z modern\u00edho vapov\u00e1n\u00ed se stylem a pohodl\u00edm!<\/p>\n<p>&nbsp;<\/p>\n<p><strong>P\u0159idejte si Amy na Whatsapp a z\u00edskejte spr\u00e1vnou odpov\u011b\u010f a vape kup\u00f3n!<\/strong><\/p>\n<p><img fetchpriority=\"high\" decoding=\"async\" class=\"size-full wp-image-2932\" src=\"https:\/\/vapestornado.com\/wp-content\/uploads\/2024\/12\/Vape-Wholesale.jpg\" alt=\"Velkoobchod s vape\" width=\"229\" height=\"300\" \/><\/p>\n<h3><a href=\"https:\/\/wa.me\/8617776015835\" target=\"_blank\" rel=\"noopener\"><span style=\"color: #ff0000;\"><strong>WhatsApp: +86 17776015835<\/strong><\/span><\/a><\/h3>\n<p>&nbsp;<\/p>\n<h2><strong>VOPK ULTRA 40000 pot\u00e1hnut\u00ed \u2013 vlastnosti produktu<\/strong><\/h2>\n<p>Potahy: 40000 potah\u016f<br \/>\nKapacita E-Liquidu: 36 ml<br \/>\nNikotin: 2%\/5%<br \/>\nDob\u00edjen\u00ed typu C pro rychl\u00e9 nab\u00edjen\u00ed<br \/>\nChytr\u00fd LED displej zobrazuje stav baterie a hladinu e-liquidu<br \/>\nDvojit\u00fd chu\u0165ov\u00fd z\u00e1\u017eitek<br \/>\n10 p\u0159\u00edchut\u00ed na v\u00fdb\u011br<\/p>\n<h2 class=\"product-title\"><strong>Seznam p\u0159\u00edchut\u00ed VOPK ULTRA 40000<\/strong><\/h2>\n<p>1.Jahoda Vodn\u00ed meloun\/ Kiwi Mu\u010denka Guava<br \/>\n2.Bor\u016fvka Malina \/Broskev Mango Vodn\u00ed meloun<br \/>\n3.Modr\u00e1 malina Gumov\u00fd medv\u00eddek\/Jahoda Kiwi<br \/>\n4.Modr\u00e1 malina T\u0159e\u0161e\u0148\/Jahoda Malina<br \/>\n5.\u0160umiv\u00fd citron<br \/>\n6.Vodn\u00ed meloun led \/Modr\u00e1 malina led<br \/>\n7.Modr\u00e1 malina Ananas \/Trojit\u00e9 Mango<br \/>\n8.Hroznov\u00e9 bobule exploze \/Hru\u0161ka Jablko Malina<br \/>\n9.Jahoda Brusinka T\u0159e\u0161e\u0148\/Ananas Mu\u010denka Limetka<br \/>\n10.Bor\u016fvka Jahoda Mentol\/Bor\u016fvka Malina Mentol<\/p>\n<p>&nbsp;<\/p>\n<h2>Pro\u010d zvolit vapestornado pro velkoobchodn\u00ed prodej VOPK 40k Vape?<\/h2>\n<div class=\"flex-shrink-0 flex flex-col relative items-end\">\n<div class=\"pt-0\">\n<div class=\"gizmo-bot-avatar flex h-8 w-8 items-center justify-center overflow-hidden rounded-full\">\n<div class=\"relative p-1 rounded-sm flex items-center justify-center bg-token-main-surface-primary text-token-text-primary h-8 w-8\">\n<p>V\u00edtejte ve vapestornado, va\u0161em d\u016fv\u011bryhodn\u00e9m online vape shopu pro pr\u00e9miov\u00e9 jednor\u00e1zov\u00e9 vapy. S v\u00edce ne\u017e 5 lety zku\u0161enost\u00ed v\u00e1m p\u0159in\u00e1\u0161\u00edme obl\u00edben\u00e9 zna\u010dky jednor\u00e1zov\u00fdch vap\u016f, jako jsou Fumot RandM Vape, Vapme, Bang Vape, Waspe Vape a WGA Vape atd.<\/p>\n<p>N\u00e1\u0161 sortiment zahrnuje \u017ehav\u00e9 vapy, jako je <a href=\"https:\/\/vapestornado.com\/cs\/product\/fumot-randm-tornado-15000-puffs-rechargeable-disposable-vape-wholesale\/\">RandM Tornado 15000<\/a>, a chu\u0165ov\u011b bohat\u00e9 varianty jako <a href=\"https:\/\/vapestornado.com\/cs\/product\/waspe-40000-puffs-double-flavour-led-display-disposable-vape-wholesale\/\">WASPE Dvojit\u00e1 p\u0159\u00edchu\u0165 40000 tah\u016f<\/a> . Ka\u017ed\u00fd produkt je vyb\u00edr\u00e1n se zam\u011b\u0159en\u00edm na kvalitu, hodnotu a rozmanitost, co\u017e zaji\u0161\u0165uje, \u017ee najdete perfektn\u00ed shodu pro va\u0161e pot\u0159eby. Objevte v\u00fdjime\u010dn\u00e9 slu\u017eby a \u0161irokou \u0161k\u00e1lu \u0161pi\u010dkov\u00fdch produkt\u016f na vapestornado.<\/p>\n<\/div>\n<h3><\/h3>\n<div class=\"relative p-1 rounded-sm flex items-center justify-center bg-token-main-surface-primary text-token-text-primary h-8 w-8\">\n<h2>\u010casto kladen\u00e9 dotazy k VOPK 40k dob\u00edjec\u00ed jednor\u00e1zov\u00e9 vapovac\u00ed sad\u011b<\/h2>\n<\/div>\n<\/div>\n<\/div>\n<\/div>\n<div class=\"group\/conversation-turn relative flex w-full min-w-0 flex-col agent-turn\">\n<div class=\"flex-col gap-1 md:gap-3\">\n<div class=\"flex max-w-full flex-col flex-grow\">\n<div class=\"min-h-8 text-message flex w-full flex-col items-end gap-2 whitespace-normal break-words [.text-message+&amp;]:mt-5\" dir=\"auto\" data-message-author-role=\"assistant\" data-message-id=\"db716a1c-9ed0-4b8d-b3b0-7bdb913c3d42\" data-message-model-slug=\"gpt-4o\">\n<div class=\"flex w-full flex-col gap-1 empty:hidden first:pt-[3px]\">\n<div class=\"markdown prose w-full break-words dark:prose-invert light\">\n<p>&nbsp;<\/p>\n<p><strong>1. Kde koupit VOPK 40000 pot\u00e1hnut\u00ed jednor\u00e1zov\u00e9 vapovac\u00ed sady za velkoobchodn\u00ed cenu v \u010cesk\u00e9 republice<\/strong><br \/>\nM\u016f\u017eete si zakoupit <strong>Jednor\u00e1zov\u00fd vaporiz\u00e9r VOPK 40000 Puffs<\/strong> za velkoobchodn\u00ed ceny prost\u0159ednictv\u00edm online <strong>velkoobchodn\u00ed ceny<\/strong> platforem, kter\u00e9 se zam\u011b\u0159uj\u00ed na \u010ceskou republiku.<\/p>\n<p><strong>2. Kolik potah\u016f poskytuje VOPK Ultra 40k Puffs?<\/strong><br \/>\nTen <strong>Jednor\u00e1zov\u00fd vaporiz\u00e9r VOPK Ultra 40k Puffs<\/strong> poskytuje a\u017e <strong>40 000 pot\u00e1hnut\u00ed<\/strong>, co\u017e z n\u011bj \u010din\u00ed jedno z nejd\u00e9le trvaj\u00edc\u00edch dostupn\u00fdch za\u0159\u00edzen\u00ed.<\/p>\n<p><strong>3. Jak dlouho vydr\u017e\u00ed popul\u00e1rn\u00ed jednor\u00e1zov\u00fd vaporiz\u00e9r VOPK 40000 puffs Ultra?<\/strong><br \/>\nTrv\u00e1n\u00ed <strong>VOPK Ultra 40000<\/strong> z\u00e1vis\u00ed na zvyklostech u\u017e\u00edv\u00e1n\u00ed, ale d\u00edky jeho masivn\u00ed <strong>kapacita 36ml e-liquidu<\/strong> a dob\u00edjec\u00ed baterie, je navr\u017een tak, aby vydr\u017eel v\u00fdrazn\u011b d\u00e9le ne\u017e v\u011bt\u0161ina jednor\u00e1zov\u00fdch vaporiz\u00e9r\u016f.<\/p>\n<p><strong>4. Jak\u00e9 jsou obl\u00edben\u00e9 p\u0159\u00edchut\u011b pro digit\u00e1ln\u00ed box VOPK 40000 Puffs?<\/strong><br \/>\nTen <strong>VOPK 40k potah\u016f<\/strong> nab\u00edz\u00ed 10 vzru\u0161uj\u00edc\u00edch p\u0159\u00edchut\u00ed, s jeho <strong>dvojit\u00e1 chu\u0165<\/strong> syst\u00e9mem umo\u017e\u0148uj\u00edc\u00edm u\u017eivatel\u016fm vychutnat si dv\u011b chut\u011b v jednom za\u0159\u00edzen\u00ed. Obl\u00edben\u00e9 p\u0159\u00edchut\u011b se li\u0161\u00ed podle preferenc\u00ed, ale ovocn\u00e9 a mentolov\u00e9 kombinace jsou obzvl\u00e1\u0161t\u011b obl\u00edben\u00e9.<\/p>\n<p><strong>5. Jak dlouho trv\u00e1 nabit\u00ed jednor\u00e1zov\u00fdch vaporiz\u00e9r\u016f VOPK 40k Puffs Spaceman?<\/strong><br \/>\nTen <strong>VOPK Ultra 40k potah\u016f<\/strong> pou\u017e\u00edv\u00e1 <strong>Dob\u00edjec\u00ed baterie typu C<\/strong>, kter\u00e9 se obvykle pln\u011b nabije p\u0159ibli\u017en\u011b za <strong>1-2 hodiny<\/strong> v z\u00e1vislosti na zdroji nap\u00e1jen\u00ed.<\/p>\n<p><strong>6. Kolik nikotinu je v jednor\u00e1zov\u00fdch vaporiz\u00e9rech VOPK 40k Digital screen box?<\/strong><br \/>\nTen <strong>VOPK Ultra 40000<\/strong> je k dispozici ve <strong>2% (20mg)<\/strong> or <strong>5% (50mg)<\/strong> s\u00edla nikotinu, uspokojuj\u00edc\u00ed r\u016fzn\u00e9 preference nikotinu.<\/p>\n<\/div>\n<\/div>\n<\/div>\n<\/div>\n<\/div>\n<\/div>","protected":false},"excerpt":{"rendered":"<p>VOPK 40000 pot\u00e1hnut\u00ed jednor\u00e1zov\u00fd vape 2 v 1 s dvojitou p\u0159\u00edchut\u00ed 40K velkoobchod<br \/>\nVOPK dvojit\u00e1 p\u0159\u00edchu\u0165 40000 pot\u00e1hnut\u00ed dob\u00edjec\u00ed jednor\u00e1zov\u00fd vape<br \/>\nVOPK 40000 pot\u00e1hnut\u00ed dvojit\u00e1 p\u0159\u00edchu\u0165 s LED displejem<\/p>\n<p><strong>P\u0159idejte si Amy na WhatsApp pro rychlou odpov\u011b\u010f a kup\u00f3n na vapky!<\/strong><\/p>\n<p><img fetchpriority=\"high\" decoding=\"async\" class=\"size-full wp-image-2932\" src=\"https:\/\/vapestornado.com\/wp-content\/uploads\/2024\/12\/Vape-Wholesale.jpg\" alt=\"Velkoobchod s vape\" width=\"229\" height=\"300\" \/><\/p>","protected":false},"featured_media":2973,"comment_status":"open","ping_status":"closed","template":"","meta":{"_acf_changed":false,"_uag_custom_page_level_css":"","_lmt_disableupdate":"no","_lmt_disable":"","_monsterinsights_skip_tracking":false,"_monsterinsights_sitenote_active":false,"_monsterinsights_sitenote_note":"","_monsterinsights_sitenote_category":0,"site-sidebar-layout":"default","site-content-layout":"","ast-site-content-layout":"default","site-content-style":"default","site-sidebar-style":"default","ast-global-header-display":"","ast-banner-title-visibility":"","ast-main-header-display":"","ast-hfb-above-header-display":"","ast-hfb-below-header-display":"","ast-hfb-mobile-header-display":"","site-post-title":"","ast-breadcrumbs-content":"","ast-featured-img":"","footer-sml-layout":"","ast-disable-related-posts":"","theme-transparent-header-meta":"default","adv-header-id-meta":"","stick-header-meta":"","header-above-stick-meta":"","header-main-stick-meta":"","header-below-stick-meta":"","astra-migrate-meta-layouts":"set","ast-page-background-enabled":"default","ast-page-background-meta":{"desktop":{"background-color":"","background-image":"","background-repeat":"repeat","background-position":"center center","background-size":"auto","background-attachment":"scroll","background-type":"","background-media":"","overlay-type":"","overlay-color":"","overlay-opacity":"","overlay-gradient":""},"tablet":{"background-color":"","background-image":"","background-repeat":"repeat","background-position":"center center","background-size":"auto","background-attachment":"scroll","background-type":"","background-media":"","overlay-type":"","overlay-color":"","overlay-opacity":"","overlay-gradient":""},"mobile":{"background-color":"","background-image":"","background-repeat":"repeat","background-position":"center center","background-size":"auto","background-attachment":"scroll","background-type":"","background-media":"","overlay-type":"","overlay-color":"","overlay-opacity":"","overlay-gradient":""}},"ast-content-background-meta":{"desktop":{"background-color":"var(--ast-global-color-5)","background-image":"","background-repeat":"repeat","background-position":"center center","background-size":"auto","background-attachment":"scroll","background-type":"","background-media":"","overlay-type":"","overlay-color":"","overlay-opacity":"","overlay-gradient":""},"tablet":{"background-color":"var(--ast-global-color-5)","background-image":"","background-repeat":"repeat","background-position":"center center","background-size":"auto","background-attachment":"scroll","background-type":"","background-media":"","overlay-type":"","overlay-color":"","overlay-opacity":"","overlay-gradient":""},"mobile":{"background-color":"var(--ast-global-color-5)","background-image":"","background-repeat":"repeat","background-position":"center center","background-size":"auto","background-attachment":"scroll","background-type":"","background-media":"","overlay-type":"","overlay-color":"","overlay-opacity":"","overlay-gradient":""}},"_joinchat":{"telephone":"+8617776015835"}},"product_brand":[],"product_cat":[65,140,153,157,158,142,144,290],"product_tag":[94,95,93,96,92],"class_list":{"0":"post-2974","1":"product","2":"type-product","3":"status-publish","4":"has-post-thumbnail","6":"product_cat-40000-puff","7":"product_cat-big-puffs-disposable-vapes","8":"product_cat-buy-disposable-vapes-in-italy","9":"product_cat-buy-disposable-vapes-in-portugal","10":"product_cat-buy-disposable-vapes-in-spain","11":"product_cat-digital-box-disposable-vapes","12":"product_cat-low-nicotine-disposable-vapes","13":"product_cat-vopk-vape","14":"product_tag-rechargeable-disposable-vape","15":"product_tag-spaceman-disposable-vape","16":"product_tag-vape-wholesale","17":"product_tag-vopk-40000","18":"product_tag-vopk-vape","19":"desktop-align-left","20":"tablet-align-left","21":"mobile-align-left","23":"first","24":"instock","25":"sale","26":"shipping-taxable","27":"purchasable","28":"product-type-simple"},"acf":[],"uagb_featured_image_src":{"full":["https:\/\/vapestornado.com\/wp-content\/uploads\/2024\/12\/VOPK-ULTRA-40000-Disposable-Vape.jpg",1126,1126,false],"thumbnail":["https:\/\/vapestornado.com\/wp-content\/uploads\/2024\/12\/VOPK-ULTRA-40000-Disposable-Vape-150x150.jpg",150,150,true],"medium":["https:\/\/vapestornado.com\/wp-content\/uploads\/2024\/12\/VOPK-ULTRA-40000-Disposable-Vape-300x300.jpg",300,300,true],"medium_large":["https:\/\/vapestornado.com\/wp-content\/uploads\/2024\/12\/VOPK-ULTRA-40000-Disposable-Vape-768x768.jpg",768,768,true],"large":["https:\/\/vapestornado.com\/wp-content\/uploads\/2024\/12\/VOPK-ULTRA-40000-Disposable-Vape-1024x1024.jpg",1024,1024,true],"1536x1536":["https:\/\/vapestornado.com\/wp-content\/uploads\/2024\/12\/VOPK-ULTRA-40000-Disposable-Vape.jpg",1126,1126,false],"2048x2048":["https:\/\/vapestornado.com\/wp-content\/uploads\/2024\/12\/VOPK-ULTRA-40000-Disposable-Vape.jpg",1126,1126,false],"trp-custom-language-flag":["https:\/\/vapestornado.com\/wp-content\/uploads\/2024\/12\/VOPK-ULTRA-40000-Disposable-Vape.jpg",12,12,false],"woocommerce_thumbnail":["https:\/\/vapestornado.com\/wp-content\/uploads\/2024\/12\/VOPK-ULTRA-40000-Disposable-Vape-300x300.jpg",300,300,true],"woocommerce_single":["https:\/\/vapestornado.com\/wp-content\/uploads\/2024\/12\/VOPK-ULTRA-40000-Disposable-Vape-600x600.jpg",600,600,true],"woocommerce_gallery_thumbnail":["https:\/\/vapestornado.com\/wp-content\/uploads\/2024\/12\/VOPK-ULTRA-40000-Disposable-Vape-100x100.jpg",100,100,true]},"uagb_author_info":{"display_name":"ESAMY","author_link":"https:\/\/vapestornado.com\/cs\/author\/"},"uagb_comment_info":0,"uagb_excerpt":"VOPK 40000 Puffs 2 in 1 Disposable Vape Dual Taste 40K Wholesale VOPK Double Flavor 40000 Puffs Rechargeable Disposable Vape VOPK 40000 Puffs Double Flavor with LED Display Add Amy's whatsapp to get right reply and vape vape coupon!","_links":{"self":[{"href":"https:\/\/vapestornado.com\/cs\/wp-json\/wp\/v2\/product\/2974","targetHints":{"allow":["GET"]}}],"collection":[{"href":"https:\/\/vapestornado.com\/cs\/wp-json\/wp\/v2\/product"}],"about":[{"href":"https:\/\/vapestornado.com\/cs\/wp-json\/wp\/v2\/types\/product"}],"replies":[{"embeddable":true,"href":"https:\/\/vapestornado.com\/cs\/wp-json\/wp\/v2\/comments?post=2974"}],"wp:featuredmedia":[{"embeddable":true,"href":"https:\/\/vapestornado.com\/cs\/wp-json\/wp\/v2\/media\/2973"}],"wp:attachment":[{"href":"https:\/\/vapestornado.com\/cs\/wp-json\/wp\/v2\/media?parent=2974"}],"wp:term":[{"taxonomy":"product_brand","embeddable":true,"href":"https:\/\/vapestornado.com\/cs\/wp-json\/wp\/v2\/product_brand?post=2974"},{"taxonomy":"product_cat","embeddable":true,"href":"https:\/\/vapestornado.com\/cs\/wp-json\/wp\/v2\/product_cat?post=2974"},{"taxonomy":"product_tag","embeddable":true,"href":"https:\/\/vapestornado.com\/cs\/wp-json\/wp\/v2\/product_tag?post=2974"}],"curies":[{"name":"wp","href":"https:\/\/api.w.org\/{rel}","templated":true}]}}