{"id":2968,"date":"2024-12-04T04:02:23","date_gmt":"2024-12-04T04:02:23","guid":{"rendered":"https:\/\/vapestornado.com\/?post_type=product&#038;p=2968"},"modified":"2025-12-08T04:02:53","modified_gmt":"2025-12-08T04:02:53","slug":"waspe-40000-puffs-double-flavour-led-display-disposable-vape-wholesale","status":"publish","type":"product","link":"https:\/\/vapestornado.com\/cs\/product\/waspe-40000-puffs-double-flavour-led-display-disposable-vape-wholesale\/","title":{"rendered":"WASPE 40000 pot\u00e1hnut\u00ed, du\u00e1ln\u00ed p\u0159\u00edchu\u0165, LED displej, jednor\u00e1zov\u00fd vape, velkoobchod"},"content":{"rendered":"<h1 class=\"product-title\">WASPE 40000 Puff Double Flavour Disposable Vape \u2014 P\u0159ep\u00edn\u00e1n\u00ed dvou chut\u00ed a chytr\u00e9 ovl\u00e1d\u00e1n\u00ed LED<\/h1>\n<p data-start=\"1070\" data-end=\"1397\">Ten <strong data-start=\"108\" data-end=\"154\">WASPE 40000 Puffs Double Flavour Disposable Vape<\/strong> je ur\u010dena pro lidi, kte\u0159\u00ed cht\u011bj\u00ed dlouhotrvaj\u00edc\u00ed jednor\u00e1zov\u00e9 za\u0159\u00edzen\u00ed bez ztr\u00e1ty volby nebo kontroly. Z\u00edsk\u00e1te <strong data-start=\"254\" data-end=\"276\">a\u017e 40 000 pota\u017een\u00ed<\/strong>, s <strong data-start=\"280\" data-end=\"303\">syst\u00e9m dvoj\u00ed p\u0159\u00edchut\u011b<\/strong> m\u016f\u017eete p\u0159ep\u00ednat za chodu, a <strong data-start=\"337\" data-end=\"357\">chytr\u00e1 LED obrazovka<\/strong> kter\u00e9 v\u00e1m p\u0159esn\u011b uk\u00e1\u017ee, jak\u00fd je stav va\u0161\u00ed baterie a e-liquid. Stru\u010dn\u011b \u0159e\u010deno: m\u00e9n\u011b v\u00fdm\u011bn, v\u00edce rozmanitosti a za\u0159\u00edzen\u00ed, kter\u00e9 se chov\u00e1 p\u0159edv\u00eddateln\u011b p\u0159i ka\u017edodenn\u00edm pou\u017e\u00edv\u00e1n\u00ed.<\/p>\n<h3 data-start=\"755\" data-end=\"807\">Pro\u010d m\u016f\u017eete d\u016fv\u011b\u0159ovat vaporiz\u00e9ru Waspe 40000 puff \u2014 a pro\u010d je to stoj\u00ed za to koupit<\/h3>\n<ul data-start=\"809\" data-end=\"1956\">\n<li data-start=\"809\" data-end=\"1099\">\n<p data-start=\"811\" data-end=\"1099\"><strong data-start=\"811\" data-end=\"874\">Je navr\u017een pro skute\u010dn\u00e9 pou\u017eit\u00ed, ne jen pro velk\u00e9 \u010d\u00edslo pot\u00e1hnut\u00ed.<\/strong> 36ml p\u0159ednapln\u011bn\u00e1 n\u00e1dr\u017e a dvojit\u00e9 m\u0159\u00ed\u017ekov\u00e9 c\u00edvky o odporu 0,9\u03a9 jsou navr\u017eeny tak, aby udr\u017eovaly chu\u0165 a p\u00e1ru konzistentn\u00ed po dlouh\u00fdch sezen\u00edch. To je kl\u00ed\u010dov\u00fd rozd\u00edl mezi velk\u00fdm jednor\u00e1zov\u00fdm za\u0159\u00edzen\u00edm, kter\u00e9 <em data-start=\"1054\" data-end=\"1061\">vydr\u017e\u00ed<\/em> a t\u00edm, kter\u00e9 pouze <em data-start=\"1082\" data-end=\"1090\">tvrd\u00ed<\/em> \u017ee vydr\u017e\u00ed.<\/p>\n<\/li>\n<li data-start=\"1101\" data-end=\"1356\">\n<p data-start=\"1103\" data-end=\"1356\"><strong data-start=\"1103\" data-end=\"1163\">P\u0159ep\u00edn\u00e1n\u00ed dvou chut\u00ed \u010din\u00ed za\u0159\u00edzen\u00ed praktick\u00fdm, nikoli k\u00fd\u010dovit\u00fdm.<\/strong> Nam\u00edsto n\u00e1kupu dvou za\u0159\u00edzen\u00ed nebo ztr\u00e1ty z\u00e1jmu uprost\u0159ed, m\u016f\u017eete p\u0159ep\u00ednat mezi dv\u011bma chut\u011bmi v jednom za\u0159\u00edzen\u00ed. Pro mnoho u\u017eivatel\u016f je to funkce, kter\u00e1 zabr\u00e1n\u00ed tomu, aby vaporiz\u00e9r p\u016fsobil \u201ejednobarevn\u011b\u201c po t\u00fddnu.<\/p>\n<\/li>\n<li data-start=\"1358\" data-end=\"1596\">\n<p data-start=\"1360\" data-end=\"1596\"><strong data-start=\"1360\" data-end=\"1436\">Dob\u00edjec\u00ed baterie odstra\u0148uje hlavn\u00ed slabinu vysokopotahov\u00fdch jednor\u00e1zov\u00fdch za\u0159\u00edzen\u00ed.<\/strong> D\u00edky <strong data-start=\"1445\" data-end=\"1476\">850mAh dob\u00edjec\u00ed bateri\u00ed<\/strong> a <strong data-start=\"1481\" data-end=\"1505\">Rychl\u00e9 nab\u00edjen\u00ed Type-C<\/strong>, nebudete z\u016fst\u00e1vat s kapalinou, ale bez energie. To je d\u016fle\u017eit\u00e9, pokud vapujete pravideln\u011b.<\/p>\n<\/li>\n<li data-start=\"1598\" data-end=\"1800\">\n<p data-start=\"1600\" data-end=\"1800\"><strong data-start=\"1600\" data-end=\"1638\">LED displej p\u0159id\u00e1v\u00e1 transparentnost.<\/strong> Nemus\u00edte odhadovat zb\u00fdvaj\u00edc\u00ed baterii nebo kapalinu. V\u00edte, kdy doplnit nebo kdy se bl\u00ed\u017e\u00edte ke konci \u2014 u\u017eite\u010dn\u00e9 p\u0159i doj\u00ed\u017ed\u011bn\u00ed, ve\u010d\u00edrc\u00edch a cestov\u00e1n\u00ed.<\/p>\n<\/li>\n<li data-start=\"1802\" data-end=\"1956\">\n<p data-start=\"1804\" data-end=\"1956\"><strong data-start=\"1804\" data-end=\"1850\">S\u00edly nikotinu pokr\u00fdvaj\u00ed r\u016fzn\u00e9 zvyky.<\/strong> Mo\u017enosti nikotinu 2% a 5% s\u016fl \u010din\u00ed za\u0159\u00edzen\u00ed vhodn\u00fdm, a\u0165 u\u017e chcete leh\u010d\u00ed denn\u00ed vapov\u00e1n\u00ed nebo siln\u011bj\u0161\u00ed z\u00e1\u017eitek.<\/p>\n<\/li>\n<\/ul>\n<p>&nbsp;<\/p>\n<p><strong>P\u0159idejte si Amy na Whatsapp a z\u00edskejte spr\u00e1vnou odpov\u011b\u010f a vape kup\u00f3n!<\/strong><\/p>\n<p><img fetchpriority=\"high\" decoding=\"async\" class=\"size-full wp-image-2932\" src=\"https:\/\/vapestornado.com\/wp-content\/uploads\/2024\/12\/Vape-Wholesale.jpg\" alt=\"Velkoobchod s vape\" width=\"229\" height=\"300\" \/><\/p>\n<h3><a href=\"https:\/\/wa.me\/8617776015835\" target=\"_blank\" rel=\"noopener\"><span style=\"color: #ff0000;\"><strong>WhatsApp: +86 17776015835<\/strong><\/span><\/a><\/h3>\n<p>&nbsp;<\/p>\n<h2><strong>Vlastnosti produktu WASPE 40000 Puffs<\/strong><\/h2>\n<table>\n<thead>\n<tr>\n<th>Specifikace<\/th>\n<th>Detaily<\/th>\n<th><\/th>\n<\/tr>\n<\/thead>\n<tbody>\n<tr>\n<td>Kapacita potahu<\/td>\n<td>A\u017e 40 000 pota\u017een\u00ed<\/td>\n<td>Navr\u017eeno pro dlouhodob\u00e9 pou\u017eit\u00ed; m\u00e9n\u011b v\u00fdm\u011bn a lep\u0161\u00ed pom\u011br n\u00e1klad\u016f na potah.<\/td>\n<\/tr>\n<tr>\n<td>Objem e-liquidu<\/td>\n<td>36 ml p\u0159ednapln\u011bno<\/td>\n<td>Velk\u00e1 n\u00e1dr\u017e podporuje del\u0161\u00ed sezen\u00ed a zpomaluje \u00fabytek chuti.<\/td>\n<\/tr>\n<tr>\n<td>Baterie<\/td>\n<td>850mAh dob\u00edjec\u00ed<\/td>\n<td>Dostatek v\u00fdkonu pro vysok\u00fd po\u010det potah\u016f; nabijte m\u00edsto vyhozen\u00ed d\u0159\u00edve.<\/td>\n<\/tr>\n<tr>\n<td>Nab\u00edjen\u00ed<\/td>\n<td>Rychl\u00e9 nab\u00edjen\u00ed Type-C<\/td>\n<td>Rychl\u00e9, \u0161iroce kompatibiln\u00ed nab\u00edjen\u00ed po cel\u00e9 Evrop\u011b.<\/td>\n<\/tr>\n<tr>\n<td>Syst\u00e9m \u017ehavic\u00ed spir\u00e1ly<\/td>\n<td>Dvojit\u00e9 mesh c\u00edvky 0.9\u03a9<\/td>\n<td>Rovnom\u011brn\u011bj\u0161\u00ed oh\u0159ev, bohat\u0161\u00ed chu\u0165, hlad\u0161\u00ed pocit v krku, konzistentn\u00ed p\u00e1ra.<\/td>\n<\/tr>\n<tr>\n<td>S\u00edly nikotinu<\/td>\n<td>2% \/ 5% s\u016fl nikotinu<\/td>\n<td>Umo\u017e\u0148uje p\u0159izp\u016fsobit intenzitu va\u0161emu zvyku.<\/td>\n<\/tr>\n<tr>\n<td>Displej<\/td>\n<td>Chytr\u00e1 LED obrazovka (baterie + e-liquid)<\/td>\n<td>Sledov\u00e1n\u00ed v re\u00e1ln\u00e9m \u010dase, tak\u017ee nikdy nebudete h\u00e1dat.<\/td>\n<\/tr>\n<tr>\n<td>Syst\u00e9m chuti<\/td>\n<td>Dvojit\u00fd p\u0159ep\u00edna\u010d p\u0159\u00edchut\u00ed<\/td>\n<td>Dva chut\u011b v jednom za\u0159\u00edzen\u00ed; m\u011b\u0148te kdykoli chcete.<\/td>\n<\/tr>\n<tr>\n<td>Mo\u017enosti chuti<\/td>\n<td>16 v\u00fdb\u011br\u016f chut\u00ed<\/td>\n<td>\u0160irok\u00e1 \u0161k\u00e1la pro r\u016fzn\u00e9 preference a opakovan\u00fd n\u00e1kup.<\/td>\n<\/tr>\n<\/tbody>\n<\/table>\n<h2 class=\"product-title\"><strong>WASPE 40000 Potah\u016f Seznam p\u0159\u00edchut\u00ed<\/strong><\/h2>\n<p>1 melounov\u00fd led \/ citronov\u00e1 limetka<br \/>\n2 \u0161umiv\u00e1 t\u0159e\u0161e\u0148 s ledem \/ bor\u016fvkov\u00e1 cukrov\u00e1 vata<br \/>\n3 jahodov\u00fd meloun \/ bor\u016fvkov\u00e1 malina<br \/>\n4 red bull Ice \/ jahoda mango<br \/>\n5 broskev Ice \/ ananas mango broskev<br \/>\n6 hroznov\u00e9 Ice \/ jahoda kiwi<br \/>\n7 m\u00edchan\u00e9 bobule \/ dvojit\u00e9 jablko ice<br \/>\n8 blue Razz limon\u00e1da \/ melounov\u00e1 \u017ev\u00fdka\u010dka<br \/>\n9 jahoda malina t\u0159e\u0161e\u0148 \/ love 666<br \/>\n10 jahoda ban\u00e1n \/ ananas kokos ice<br \/>\n11 jahoda meloun \u017ev\u00fdka\u010dka \/ m\u00edchan\u00e9 ovoce<br \/>\n12 t\u0159e\u0161\u0148ov\u00e1 cola ice \/ jahoda malina bonb\u00f3n<br \/>\n13 kysel\u00e9 jablko malina \/ jahoda big bang<br \/>\n14 broskev Berry \/ meloun mango broskev<br \/>\n15 bor\u016fvka Ice \/ black Dragon ice<br \/>\n16 jahoda t\u0159e\u0161e\u0148 \/ kiwi mu\u010denka guava<\/p>\n<figure id=\"attachment_4660\" aria-describedby=\"caption-attachment-4660\" style=\"width: 225px\" class=\"wp-caption alignnone\"><img decoding=\"async\" class=\"size-medium wp-image-4660\" src=\"https:\/\/vapestornado.com\/wp-content\/uploads\/2025\/12\/WASPE-40k-Disposable-Vape-1-225x300.jpg\" alt=\"WASPE 40k Potahov\u00e9 Jednor\u00e1zov\u00e9 Vape\" width=\"225\" height=\"300\" srcset=\"https:\/\/vapestornado.com\/wp-content\/uploads\/2025\/12\/WASPE-40k-Disposable-Vape-1-225x300.jpg 225w, https:\/\/vapestornado.com\/wp-content\/uploads\/2025\/12\/WASPE-40k-Disposable-Vape-1-768x1024.jpg 768w, https:\/\/vapestornado.com\/wp-content\/uploads\/2025\/12\/WASPE-40k-Disposable-Vape-1-1152x1536.jpg 1152w, https:\/\/vapestornado.com\/wp-content\/uploads\/2025\/12\/WASPE-40k-Disposable-Vape-1-9x12.jpg 9w, https:\/\/vapestornado.com\/wp-content\/uploads\/2025\/12\/WASPE-40k-Disposable-Vape-1-600x800.jpg 600w, https:\/\/vapestornado.com\/wp-content\/uploads\/2025\/12\/WASPE-40k-Disposable-Vape-1.jpg 1280w\" sizes=\"(max-width: 225px) 100vw, 225px\" \/><figcaption id=\"caption-attachment-4660\" class=\"wp-caption-text\">WASPE 40k Potahov\u00e9 Jednor\u00e1zov\u00e9 Vape<\/figcaption><\/figure>\n<figure id=\"attachment_4661\" aria-describedby=\"caption-attachment-4661\" style=\"width: 300px\" class=\"wp-caption alignnone\"><img decoding=\"async\" class=\"size-medium wp-image-4661\" src=\"https:\/\/vapestornado.com\/wp-content\/uploads\/2025\/12\/WASPE-40000-Wholesale-300x300.jpg\" alt=\"WASPE 40000 Potah\u016f Velkoobchodn\u00ed Vape \u010cesk\u00e1 republika\" width=\"300\" height=\"300\" srcset=\"https:\/\/vapestornado.com\/wp-content\/uploads\/2025\/12\/WASPE-40000-Wholesale-300x300.jpg 300w, https:\/\/vapestornado.com\/wp-content\/uploads\/2025\/12\/WASPE-40000-Wholesale-1024x1024.jpg 1024w, https:\/\/vapestornado.com\/wp-content\/uploads\/2025\/12\/WASPE-40000-Wholesale-150x150.jpg 150w, https:\/\/vapestornado.com\/wp-content\/uploads\/2025\/12\/WASPE-40000-Wholesale-768x768.jpg 768w, https:\/\/vapestornado.com\/wp-content\/uploads\/2025\/12\/WASPE-40000-Wholesale-1536x1536.jpg 1536w, https:\/\/vapestornado.com\/wp-content\/uploads\/2025\/12\/WASPE-40000-Wholesale-2048x2048.jpg 2048w, https:\/\/vapestornado.com\/wp-content\/uploads\/2025\/12\/WASPE-40000-Wholesale-12x12.jpg 12w, https:\/\/vapestornado.com\/wp-content\/uploads\/2025\/12\/WASPE-40000-Wholesale-600x600.jpg 600w, https:\/\/vapestornado.com\/wp-content\/uploads\/2025\/12\/WASPE-40000-Wholesale-100x100.jpg 100w\" sizes=\"(max-width: 300px) 100vw, 300px\" \/><figcaption id=\"caption-attachment-4661\" class=\"wp-caption-text\">WASPE 40000 Potah\u016f Velkoobchodn\u00ed Vape \u010cesk\u00e1 republika<\/figcaption><\/figure>\n<h2>Pro\u010d si vybrat vapestornado pro WASPE 40000 Puffs Vape Velkoobchod?<\/h2>\n<div class=\"flex-shrink-0 flex flex-col relative items-end\">\n<div class=\"pt-0\">\n<div class=\"gizmo-bot-avatar flex h-8 w-8 items-center justify-center overflow-hidden rounded-full\">\n<div class=\"relative p-1 rounded-sm flex items-center justify-center bg-token-main-surface-primary text-token-text-primary h-8 w-8\">\n<p>V\u00edtejte ve vapestornado, va\u0161em d\u016fv\u011bryhodn\u00e9m online vape shopu pro pr\u00e9miov\u00e9 jednor\u00e1zov\u00e9 vapy. S v\u00edce ne\u017e 5 lety zku\u0161enost\u00ed v\u00e1m p\u0159in\u00e1\u0161\u00edme obl\u00edben\u00e9 zna\u010dky jednor\u00e1zov\u00fdch vap\u016f, jako jsou Fumot RandM Vape, Vapme, Bang Vape, Waspe Vape a WGA Vape atd.<\/p>\n<p>N\u00e1\u0161 sortiment zahrnuje \u017ehav\u00e9 vapy, jako je <a href=\"https:\/\/vapestornado.com\/cs\/product\/fumot-randm-tornado-15000-puffs-rechargeable-disposable-vape-wholesale\/\">RandM Tornado 15000<\/a>, a v\u00fdb\u011br bohat\u00fd na chu\u0165, jako je WASPE Double Flavor 40000 Puffs . Ka\u017ed\u00fd produkt je vyb\u00edr\u00e1n se zam\u011b\u0159en\u00edm na kvalitu, hodnotu a rozmanitost, co\u017e zaji\u0161\u0165uje, \u017ee najdete perfektn\u00ed shodu pro va\u0161e pot\u0159eby. Objevte v\u00fdjime\u010dn\u00e9 slu\u017eby a \u0161irokou \u0161k\u00e1lu \u0161pi\u010dkov\u00fdch produkt\u016f na vapestornado.<\/p>\n<\/div>\n<h3><\/h3>\n<div class=\"relative p-1 rounded-sm flex items-center justify-center bg-token-main-surface-primary text-token-text-primary h-8 w-8\">\n<h2>\u010casto kladen\u00e9 ot\u00e1zky pro WASPE 40k dob\u00edjec\u00ed jednor\u00e1zovou vapku<\/h2>\n<\/div>\n<\/div>\n<\/div>\n<\/div>\n<div class=\"group\/conversation-turn relative flex w-full min-w-0 flex-col agent-turn\">\n<div class=\"flex-col gap-1 md:gap-3\">\n<div class=\"flex max-w-full flex-col flex-grow\">\n<div class=\"min-h-8 text-message flex w-full flex-col items-end gap-2 whitespace-normal break-words [.text-message+&amp;]:mt-5\" dir=\"auto\" data-message-author-role=\"assistant\" data-message-id=\"db716a1c-9ed0-4b8d-b3b0-7bdb913c3d42\" data-message-model-slug=\"gpt-4o\">\n<div class=\"flex w-full flex-col gap-1 empty:hidden first:pt-[3px]\">\n<div class=\"markdown prose w-full break-words dark:prose-invert light\">\n<ol data-start=\"4048\" data-end=\"5439\">\n<li data-start=\"4048\" data-end=\"4347\">\n<p data-start=\"4051\" data-end=\"4347\"><strong data-start=\"4051\" data-end=\"4153\">Jak udr\u017e\u00ed WASPE 40000 Double Flavour Jednor\u00e1zov\u00fd vaporiz\u00e9r chu\u0165 konzistentn\u00ed p\u0159es 40 000 pot\u00e1hnut\u00ed?<\/strong><br data-start=\"4153\" data-end=\"4156\" \/>Pou\u017e\u00edv\u00e1 <strong data-start=\"4164\" data-end=\"4188\">du\u00e1ln\u00edmi 0,9\u03a9 mesh spir\u00e1lkami<\/strong> kter\u00e9 rovnom\u011brn\u011b rozv\u00e1d\u00ed teplo skrze kapalinu. To sni\u017euje hork\u00e1 m\u00edsta a pom\u00e1h\u00e1 se vyhnout chuti \u201etenk\u00e9 nebo sp\u00e1len\u00e9\u201c, kterou mnoho vysokokapacitn\u00edch jednor\u00e1zov\u00fdch vaporiz\u00e9r\u016f pozd\u011bji z\u00edsk\u00e1v\u00e1.<\/p>\n<\/li>\n<li data-start=\"4349\" data-end=\"4610\">\n<p data-start=\"4352\" data-end=\"4610\"><strong data-start=\"4352\" data-end=\"4430\">Je syst\u00e9m p\u0159ep\u00edn\u00e1n\u00ed dvou chut\u00ed WASPE 40K skute\u010dn\u011b u\u017eite\u010dn\u00fd denn\u011b?<\/strong><br data-start=\"4430\" data-end=\"4433\" \/>Ano. Mo\u017enost p\u0159ep\u00ednat chut\u011b uvnit\u0159 jednoho za\u0159\u00edzen\u00ed znamen\u00e1, \u017ee si m\u016f\u017eete <strong data-start=\"4500\" data-end=\"4561\">m\u011bnit chu\u0165, kdy chcete, bez nutnosti nosit druh\u00fd vaporiz\u00e9r<\/strong>, co\u017e udr\u017euje z\u00e1\u017eitek \u010derstv\u00fd p\u0159i dlouhodob\u00e9m pou\u017e\u00edv\u00e1n\u00ed.<\/p>\n<\/li>\n<li data-start=\"4612\" data-end=\"4889\">\n<p data-start=\"4615\" data-end=\"4889\"><strong data-start=\"4615\" data-end=\"4701\">S bateri\u00ed o kapacit\u011b 850mAh, vydr\u017e\u00ed vaporiz\u00e9r WASPE 40000 cel\u00fd 36ml tank?<\/strong><br data-start=\"4701\" data-end=\"4704\" \/>Proto je nab\u00edjec\u00ed. Pokud vaperujete intenzivn\u011b, mo\u017en\u00e1 budete muset nab\u00edjet d\u0159\u00edve, ne\u017e dojde kapalina \u2014 <strong data-start=\"4812\" data-end=\"4848\">Nab\u00edjen\u00ed Type-C to umo\u017e\u0148uje rychle<\/strong>, tak\u017ee st\u00e1le m\u016f\u017eete vyu\u017e\u00edvat plnou kapacitu.<\/p>\n<\/li>\n<li data-start=\"4891\" data-end=\"5143\">\n<p data-start=\"4894\" data-end=\"5143\"><strong data-start=\"4894\" data-end=\"5002\">Co ukazuje LED displej na WASPE 40000 Double Flavour Jednor\u00e1zov\u00e9m vaporiz\u00e9ru a pro\u010d je to d\u016fle\u017eit\u00e9?<\/strong><br data-start=\"5002\" data-end=\"5005\" \/>Ukazuje <strong data-start=\"5014\" data-end=\"5063\">stav baterie a hladinu e-liquidu v re\u00e1ln\u00e9m \u010dase<\/strong>, tak\u017ee si m\u016f\u017eete napl\u00e1novat nab\u00edjen\u00ed nebo v\u00fdm\u011bnu, m\u00edsto abyste byli p\u0159ekvapeni uprost\u0159ed dne.<\/p>\n<\/li>\n<li data-start=\"5145\" data-end=\"5439\">\n<p data-start=\"5148\" data-end=\"5439\"><strong data-start=\"5148\" data-end=\"5245\">Je vysokokapacitn\u00ed jednor\u00e1zov\u00fd vaporiz\u00e9r WASPE 40000 vhodn\u00fd pro t\u011b\u017ek\u00e9 u\u017eivatele, kte\u0159\u00ed cht\u011bj\u00ed siln\u00fd vapour?<\/strong><br data-start=\"5245\" data-end=\"5248\" \/>Ur\u010dit\u011b. Sada c\u00edvky a n\u00edzk\u00fd odpor podporuj\u00ed <strong data-start=\"5302\" data-end=\"5341\">hust\u00fd vapour a pevn\u00fd z\u00e1\u017eitek v krku<\/strong>, zejm\u00e9na s mo\u017enost\u00ed 5%. T\u011b\u017ec\u00ed u\u017eivatel\u00e9 jsou ti, kte\u0159\u00ed z dlouh\u00e9 \u017eivotnosti t\u011b\u017e\u00ed nejv\u00edce.<\/p>\n<\/li>\n<\/ol>\n<\/div>\n<\/div>\n<\/div>\n<\/div>\n<\/div>\n<\/div>","protected":false},"excerpt":{"rendered":"<p data-start=\"1437\" data-end=\"1596\"><strong data-start=\"1441\" data-end=\"1476\">WASPE 40000 Double Flavour Vape,<\/strong> vysoce kapacitn\u00ed 36ml, dvouchutn\u00e1 jednor\u00e1zov\u00e1 za\u0159\u00edzen\u00ed s dob\u00edjec\u00edm Type-C nap\u00e1jen\u00edm a dvojit\u00fdmi m\u0159\u00ed\u017ekov\u00fdmi c\u00edvkami, poskytuj\u00edc\u00ed a\u017e 40 000 jemn\u00fdch, pln\u00fdch chut\u00ed a sledov\u00e1n\u00ed stavu baterie\/kapaliny. Dlouhotrvaj\u00edc\u00ed volba pro <strong data-start=\"1558\" data-end=\"1593\">velkoobchodn\u00ed odb\u011bratele vape v Evrop\u011b<\/strong>.<\/p>\n<p><strong>P\u0159idejte si Amy na WhatsApp pro rychlou odpov\u011b\u010f a kup\u00f3n na vapky!<\/strong><\/p>\n<p><img fetchpriority=\"high\" decoding=\"async\" class=\"size-full wp-image-2932\" src=\"https:\/\/vapestornado.com\/wp-content\/uploads\/2024\/12\/Vape-Wholesale.jpg\" alt=\"Velkoobchod s vape\" width=\"229\" height=\"300\" \/><\/p>\n<h3><a href=\"https:\/\/wa.me\/8617776015835\"><span style=\"color: #ff0000;\"><strong>WhatsApp: +86 17776015835<\/strong><\/span><\/a><\/h3>\n<p>&nbsp;<\/p>","protected":false},"featured_media":2961,"comment_status":"open","ping_status":"closed","template":"","meta":{"_acf_changed":false,"_uag_custom_page_level_css":"","_lmt_disableupdate":"no","_lmt_disable":"","_monsterinsights_skip_tracking":false,"_monsterinsights_sitenote_active":false,"_monsterinsights_sitenote_note":"","_monsterinsights_sitenote_category":0,"site-sidebar-layout":"default","site-content-layout":"","ast-site-content-layout":"default","site-content-style":"default","site-sidebar-style":"default","ast-global-header-display":"","ast-banner-title-visibility":"","ast-main-header-display":"","ast-hfb-above-header-display":"","ast-hfb-below-header-display":"","ast-hfb-mobile-header-display":"","site-post-title":"","ast-breadcrumbs-content":"","ast-featured-img":"","footer-sml-layout":"","ast-disable-related-posts":"","theme-transparent-header-meta":"default","adv-header-id-meta":"","stick-header-meta":"","header-above-stick-meta":"","header-main-stick-meta":"","header-below-stick-meta":"","astra-migrate-meta-layouts":"set","ast-page-background-enabled":"default","ast-page-background-meta":{"desktop":{"background-color":"","background-image":"","background-repeat":"repeat","background-position":"center center","background-size":"auto","background-attachment":"scroll","background-type":"","background-media":"","overlay-type":"","overlay-color":"","overlay-opacity":"","overlay-gradient":""},"tablet":{"background-color":"","background-image":"","background-repeat":"repeat","background-position":"center center","background-size":"auto","background-attachment":"scroll","background-type":"","background-media":"","overlay-type":"","overlay-color":"","overlay-opacity":"","overlay-gradient":""},"mobile":{"background-color":"","background-image":"","background-repeat":"repeat","background-position":"center center","background-size":"auto","background-attachment":"scroll","background-type":"","background-media":"","overlay-type":"","overlay-color":"","overlay-opacity":"","overlay-gradient":""}},"ast-content-background-meta":{"desktop":{"background-color":"var(--ast-global-color-5)","background-image":"","background-repeat":"repeat","background-position":"center center","background-size":"auto","background-attachment":"scroll","background-type":"","background-media":"","overlay-type":"","overlay-color":"","overlay-opacity":"","overlay-gradient":""},"tablet":{"background-color":"var(--ast-global-color-5)","background-image":"","background-repeat":"repeat","background-position":"center center","background-size":"auto","background-attachment":"scroll","background-type":"","background-media":"","overlay-type":"","overlay-color":"","overlay-opacity":"","overlay-gradient":""},"mobile":{"background-color":"var(--ast-global-color-5)","background-image":"","background-repeat":"repeat","background-position":"center center","background-size":"auto","background-attachment":"scroll","background-type":"","background-media":"","overlay-type":"","overlay-color":"","overlay-opacity":"","overlay-gradient":""}},"_joinchat":{"telephone":"+8617776015835"}},"product_brand":[],"product_cat":[65,149,150,157,146,60],"product_tag":[91,89,90],"class_list":{"0":"post-2968","1":"product","2":"type-product","3":"status-publish","4":"has-post-thumbnail","6":"product_cat-40000-puff","7":"product_cat-buy-disposable-vapes-in-austria","8":"product_cat-buy-disposable-vapes-in-belgium","9":"product_cat-buy-disposable-vapes-in-portugal","10":"product_cat-rechargeable-disposable-vapes","11":"product_cat-waspe-fihp-vape","12":"product_tag-double-flavour","13":"product_tag-waspe-40000-puffs","14":"product_tag-waspe-40k","15":"desktop-align-left","16":"tablet-align-left","17":"mobile-align-left","19":"first","20":"instock","21":"sale","22":"shipping-taxable","23":"purchasable","24":"product-type-simple"},"acf":[],"uagb_featured_image_src":{"full":["https:\/\/vapestornado.com\/wp-content\/uploads\/2024\/12\/WASPE-40k-Puffs-Disposalbe-Vape-Bulk-Buy-Price.jpg",800,800,false],"thumbnail":["https:\/\/vapestornado.com\/wp-content\/uploads\/2024\/12\/WASPE-40k-Puffs-Disposalbe-Vape-Bulk-Buy-Price-150x150.jpg",150,150,true],"medium":["https:\/\/vapestornado.com\/wp-content\/uploads\/2024\/12\/WASPE-40k-Puffs-Disposalbe-Vape-Bulk-Buy-Price-300x300.jpg",300,300,true],"medium_large":["https:\/\/vapestornado.com\/wp-content\/uploads\/2024\/12\/WASPE-40k-Puffs-Disposalbe-Vape-Bulk-Buy-Price-768x768.jpg",768,768,true],"large":["https:\/\/vapestornado.com\/wp-content\/uploads\/2024\/12\/WASPE-40k-Puffs-Disposalbe-Vape-Bulk-Buy-Price.jpg",800,800,false],"1536x1536":["https:\/\/vapestornado.com\/wp-content\/uploads\/2024\/12\/WASPE-40k-Puffs-Disposalbe-Vape-Bulk-Buy-Price.jpg",800,800,false],"2048x2048":["https:\/\/vapestornado.com\/wp-content\/uploads\/2024\/12\/WASPE-40k-Puffs-Disposalbe-Vape-Bulk-Buy-Price.jpg",800,800,false],"trp-custom-language-flag":["https:\/\/vapestornado.com\/wp-content\/uploads\/2024\/12\/WASPE-40k-Puffs-Disposalbe-Vape-Bulk-Buy-Price.jpg",12,12,false],"woocommerce_thumbnail":["https:\/\/vapestornado.com\/wp-content\/uploads\/2024\/12\/WASPE-40k-Puffs-Disposalbe-Vape-Bulk-Buy-Price-300x300.jpg",300,300,true],"woocommerce_single":["https:\/\/vapestornado.com\/wp-content\/uploads\/2024\/12\/WASPE-40k-Puffs-Disposalbe-Vape-Bulk-Buy-Price-600x600.jpg",600,600,true],"woocommerce_gallery_thumbnail":["https:\/\/vapestornado.com\/wp-content\/uploads\/2024\/12\/WASPE-40k-Puffs-Disposalbe-Vape-Bulk-Buy-Price-100x100.jpg",100,100,true]},"uagb_author_info":{"display_name":"ESAMY","author_link":"https:\/\/vapestornado.com\/cs\/author\/"},"uagb_comment_info":0,"uagb_excerpt":"WASPE 40000 Double Flavour Vape, a high-capacity 36ml, dual-flavour disposable with rechargeable Type-C power and dual mesh coils, delivering up to 40,000 smooth, full-taste puffs with clear battery\/liquid tracking. A long-lasting option for wholesale vape buyers in Europe. Add Amy's whatsapp to get right reply and vape vape coupon! WhatsApp: +86 17776015835 &nbsp;","_links":{"self":[{"href":"https:\/\/vapestornado.com\/cs\/wp-json\/wp\/v2\/product\/2968","targetHints":{"allow":["GET"]}}],"collection":[{"href":"https:\/\/vapestornado.com\/cs\/wp-json\/wp\/v2\/product"}],"about":[{"href":"https:\/\/vapestornado.com\/cs\/wp-json\/wp\/v2\/types\/product"}],"replies":[{"embeddable":true,"href":"https:\/\/vapestornado.com\/cs\/wp-json\/wp\/v2\/comments?post=2968"}],"wp:featuredmedia":[{"embeddable":true,"href":"https:\/\/vapestornado.com\/cs\/wp-json\/wp\/v2\/media\/2961"}],"wp:attachment":[{"href":"https:\/\/vapestornado.com\/cs\/wp-json\/wp\/v2\/media?parent=2968"}],"wp:term":[{"taxonomy":"product_brand","embeddable":true,"href":"https:\/\/vapestornado.com\/cs\/wp-json\/wp\/v2\/product_brand?post=2968"},{"taxonomy":"product_cat","embeddable":true,"href":"https:\/\/vapestornado.com\/cs\/wp-json\/wp\/v2\/product_cat?post=2968"},{"taxonomy":"product_tag","embeddable":true,"href":"https:\/\/vapestornado.com\/cs\/wp-json\/wp\/v2\/product_tag?post=2968"}],"curies":[{"name":"wp","href":"https:\/\/api.w.org\/{rel}","templated":true}]}}