{"id":2958,"date":"2024-12-05T08:16:37","date_gmt":"2024-12-05T08:16:37","guid":{"rendered":"https:\/\/vapestornado.com\/?post_type=product&#038;p=2958"},"modified":"2025-08-23T10:27:04","modified_gmt":"2025-08-23T10:27:04","slug":"randm-vape-tornado-15k-puffs-disposable-vapes-wholesale-price-2-5-nicotine","status":"publish","type":"product","link":"https:\/\/vapestornado.com\/cs\/product\/randm-vape-tornado-15k-puffs-disposable-vapes-wholesale-price-2-5-nicotine\/","title":{"rendered":"Randm Vape Tornado 15k pot\u00e1hnut\u00ed Jednor\u00e1zov\u00e9 e-cigarety Velkoobchodn\u00ed cena 2% 5% Nikotin"},"content":{"rendered":"<h1>Velkoobchodn\u00ed cena jednor\u00e1zov\u00fdch vapovac\u00edch per Randm Vape Tornado 15k Puffs s obsahem nikotinu 2% a 5%<\/h1>\n<p>&nbsp;<\/p>\n<p data-start=\"206\" data-end=\"513\">Ten <strong data-start=\"210\" data-end=\"247\">RandM Tornado 15K Jednor\u00e1zov\u00e1 Vape<\/strong> je navr\u017eena tak, aby maloobchodn\u00edk\u016fm a distributor\u016fm poskytla spolehlivou mo\u017enost velk\u00e9ho objemu pro jejich reg\u00e1ly. Ka\u017ed\u00e1 jednotka je p\u0159edem napln\u011bna <strong data-start=\"383\" data-end=\"403\">25ml e-liquidu<\/strong> a je nap\u00e1jena <strong data-start=\"425\" data-end=\"456\">850mAh dob\u00edjec\u00ed bateri\u00ed<\/strong>, nab\u00edzej\u00edc\u00ed a\u017e <strong data-start=\"473\" data-end=\"489\">15 000 pot\u00e1hnut\u00ed<\/strong> bez p\u0159eru\u0161en\u00ed.<\/p>\n<p data-start=\"515\" data-end=\"845\">Navr\u017eeno s <strong data-start=\"533\" data-end=\"553\">syst\u00e9mem mesh spir\u00e1lky<\/strong>, za\u0159\u00edzen\u00ed poskytuje stabiln\u00ed produkci p\u00e1ry a plnou chu\u0165. U\u017eivatel\u00e9 mohou snadno sledovat v\u00fdkon prost\u0159ednictv\u00edm <strong data-start=\"672\" data-end=\"691\">du\u00e1ln\u00edch indik\u00e1tor\u016f<\/strong> pro stav baterie i hladinu liquidu. Jeho <strong data-start=\"732\" data-end=\"767\">mechanismus aktivace potahem<\/strong> zaji\u0161\u0165uje jednoduch\u00e9 pou\u017e\u00edv\u00e1n\u00ed bez tla\u010d\u00edtek, tak\u017ee je vhodn\u00fd pro ka\u017edodenn\u00ed z\u00e1kazn\u00edky.<\/p>\n<p data-start=\"847\" data-end=\"1119\">Ten <strong data-start=\"851\" data-end=\"875\">Rychl\u00e9 nab\u00edjen\u00ed Type-C<\/strong> port sni\u017euje prostoje mezi relacemi a lehk\u00fd <strong data-start=\"936\" data-end=\"950\">r\u00e1m o hmotnosti 103 g<\/strong> usnad\u0148uje p\u0159en\u00e1\u0161en\u00ed na cest\u00e1ch. S <strong data-start=\"990\" data-end=\"1022\">S\u00edly nikotinu 2% a 5%<\/strong>, <strong data-start=\"1028\" data-end=\"1041\">RandM 15K<\/strong> vyhovuje jak p\u0159\u00edle\u017eitostn\u00fdm u\u017eivatel\u016fm, tak t\u011bm, kte\u0159\u00ed preferuj\u00ed siln\u011bj\u0161\u00ed z\u00e1sah do krku.<\/p>\n<p data-start=\"1121\" data-end=\"1311\">Navr\u017eeno s ohledem na velkoobchod, the <strong data-start=\"1158\" data-end=\"1193\">RandM Tornado 15 000 Pot\u00e1hnut\u00ed Vape<\/strong> vyva\u017euje kapacitu, pou\u017eitelnost a konkurenceschopn\u00e9 velkoobchodn\u00ed ceny \u2013 co\u017e z n\u011bj \u010din\u00ed chytrou investici do evropsk\u00fdch z\u00e1sob vape.<\/p>\n<p><img fetchpriority=\"high\" decoding=\"async\" class=\"size-medium wp-image-2951\" src=\"https:\/\/vapestornado.com\/wp-content\/uploads\/2024\/12\/Wholesale-Disposable-Vape-265x300.jpg\" alt=\"Velkoobchodn\u00ed jednor\u00e1zov\u00e9 Vape\" width=\"265\" height=\"300\" srcset=\"https:\/\/vapestornado.com\/wp-content\/uploads\/2024\/12\/Wholesale-Disposable-Vape-265x300.jpg 265w, https:\/\/vapestornado.com\/wp-content\/uploads\/2024\/12\/Wholesale-Disposable-Vape-768x871.jpg 768w, https:\/\/vapestornado.com\/wp-content\/uploads\/2024\/12\/Wholesale-Disposable-Vape-600x680.jpg 600w, https:\/\/vapestornado.com\/wp-content\/uploads\/2024\/12\/Wholesale-Disposable-Vape.jpg 823w\" sizes=\"(max-width: 265px) 100vw, 265px\" \/><\/p>\n<h6>Pro slevovou cenu kontaktujte Mandy na WhatsApp<a href=\"https:\/\/wa.me\/8618077105796\" target=\"_blank\" rel=\"noopener\">+8618077105796<\/a><\/h6>\n<p>&nbsp;<\/p>\n<h2><strong>RandM Tornado Vape 15000 Puffs \u2013 Hlavn\u00ed vlastnosti produktu<\/strong><\/h2>\n<ul>\n<li><strong>Prodlou\u017een\u00e9 pou\u017e\u00edv\u00e1n\u00ed<\/strong>: Poskytuje p\u016fsobiv\u00fdch 15 000 potah\u016f, co\u017e zaji\u0161\u0165uje dlouhotrvaj\u00edc\u00ed v\u00fdkon pro \u010dast\u00e9 u\u017eivatele.<\/li>\n<li><strong>Chytr\u00e9 indik\u00e1tory<\/strong>: Vybaveno indik\u00e1tory \u00farovn\u011b baterie a e-liquidu, poskytuj\u00edc\u00edmi aktu\u00e1ln\u00ed informace, aby se zabr\u00e1nilo neo\u010dek\u00e1van\u00fdm p\u0159eru\u0161en\u00edm.<\/li>\n<li><strong>Snadn\u00e9 ovl\u00e1d\u00e1n\u00ed<\/strong>: Aktivuje se jednoduch\u00fdm potahem, co\u017e eliminuje pot\u0159ebu tla\u010d\u00edtek a nab\u00edz\u00ed bezprobl\u00e9mov\u00fd z\u00e1\u017eitek z vapov\u00e1n\u00ed.<\/li>\n<li><strong>Snadn\u00e9 dob\u00edjen\u00ed<\/strong>: Poh\u00e1n\u011bno dob\u00edjec\u00ed bateri\u00ed 850mAh s nab\u00edjec\u00edm portem Type-C pro rychl\u00e9 a efektivn\u00ed dob\u00edjen\u00ed.<\/li>\n<li><strong>Vynikaj\u00edc\u00ed syst\u00e9m c\u00edvky<\/strong>: Vyu\u017e\u00edv\u00e1 pokro\u010dilou technologii mesh c\u00edvky pro konzistentn\u00ed, bohat\u00e9 chut\u011b a hust\u00e9 mraky p\u00e1ry.<\/li>\n<li><strong>P\u0159ipraveno na velkoobchod<\/strong>: Hromadn\u00e9 balen\u00ed po 200 kusech v kartonu vyhovuje velkoobchodn\u00edk\u016fm a maloobchodn\u00edm distributor\u016fm v \u010cesk\u00e9 republice.<\/li>\n<li><strong>P\u0159enosn\u00e1 konstrukce<\/strong>: S hmotnost\u00ed pouh\u00fdch 103 g je tento lehk\u00fd design ide\u00e1ln\u00ed pro aktivn\u00ed \u017eivotn\u00ed styl.<\/li>\n<\/ul>\n<p>&nbsp;<\/p>\n<h2><strong>RandM Tornado 15000 Puff Podrobn\u00fd popis p\u0159\u00edchut\u00ed<\/strong><\/h2>\n<p>1.Modr\u00e1 malinov\u00e1 limon\u00e1da<br \/>\n2.Broskvov\u00e1 ledov\u00e1<br \/>\n3.Kysel\u00e9 jablko<br \/>\n4. Melounov\u00fd led<br \/>\n5.Bor\u016fvka na ledu<br \/>\n6.Bor\u016fvka malina<br \/>\n7.Ananasov\u00fd led<br \/>\n8.T\u0159e\u0161e\u0148<br \/>\n9. Ledov\u00e1 jahoda<br \/>\n10. Vimto<br \/>\n11.Hroznov\u00e1 ledov\u00e1<br \/>\n12.Kolov\u00fd led<br \/>\n13.Jahoda a meloun<br \/>\n14.R\u016f\u017eov\u00e1 limon\u00e1da<br \/>\n15.Mixovan\u00e9 lesn\u00ed plody<br \/>\n16.Broskev Mango<br \/>\n17.Dra\u010d\u00ed ovoce<br \/>\n18.Jahody Hrozny<br \/>\n19.Pan Modr\u00fd<br \/>\n20.Sv\u011b\u017e\u00ed led<br \/>\n21.Ledov\u00e1 T\u0159tina<br \/>\n22.Jahody Kiwi<br \/>\n23.Kiwi Marakuja Guava<br \/>\n24.Trojbobule<br \/>\n25.Ban\u00e1nov\u00fd led<br \/>\n26.Broskvov\u00e9 bor\u016fvkov\u00e9 bonb\u00f3ny<br \/>\n27.Jablko broskev hru\u0161ka<br \/>\n28.Bobulov\u00e1 limon\u00e1da<br \/>\n29.Modr\u00e1 malina t\u0159e\u0161e\u0148<br \/>\n30.Bor\u016fvkov\u00e1 \u017ev\u00fdka\u010dka<br \/>\n31.Bor\u016fvka t\u0159e\u0161e\u0148 brusinka<br \/>\n32.Bor\u016fvka gran\u00e1tov\u00e9 jablko<br \/>\n33.Kysel\u00e9 bor\u016fvkov\u00e9 maliny<br \/>\n34.T\u0159e\u0161\u0148ov\u00e1 kola<br \/>\n35.Gumov\u00fd medv\u00eddek<br \/>\n36.Citron<br \/>\n37.Mango na ledu<br \/>\n38.\u010cerven\u00fd energetick\u00fd led<br \/>\n39.Jahoda ban\u00e1n<br \/>\n40.Jahodov\u00fd Red Bull<br \/>\n41.Jahodov\u00e1 melounov\u00e1 limon\u00e1da<br \/>\n42.Ledov\u00fd \u010daj citronov\u00fd led<br \/>\n43.Ledov\u00fd \u010daj broskvov\u00fd led<br \/>\n44.\u0160umiv\u00e1 t\u0159e\u0161e\u0148<br \/>\n45. Skittles<\/p>\n<h3><strong>Pro\u010d si vybrat RandM Tornado 15000 pot\u00e1hnut\u00ed?<\/strong><\/h3>\n<ul>\n<li><strong>Bezkonkuren\u010dn\u00ed \u017eivotnost<\/strong><br \/>\nU\u017eijte si a\u017e 15 000 potah\u016f na jedno za\u0159\u00edzen\u00ed, co\u017e zaji\u0161\u0165uje prodlou\u017een\u00e9 pou\u017e\u00edv\u00e1n\u00ed bez \u010dast\u00fdch v\u00fdm\u011bn \u2013 perfektn\u00ed volba pro pravideln\u00e9 vapery.<\/li>\n<li><strong>Pokro\u010dil\u00e1 technologie<\/strong><br \/>\nD\u00edky technologii mesh coil p\u0159in\u00e1\u0161\u00ed RandM Tornado vynikaj\u00edc\u00ed chu\u0165ov\u00e9 profily a hust\u00e9 mraky p\u00e1ry, co\u017e umocn\u00ed v\u00e1\u0161 z\u00e1\u017eitek z vapov\u00e1n\u00ed.<\/li>\n<li><strong>Nov\u00e1 definice pohodl\u00ed<\/strong><br \/>\nS automatick\u00fdm aktiva\u010dn\u00edm syst\u00e9mem je vapov\u00e1n\u00ed tak jednoduch\u00e9, jako nadechnut\u00ed \u2013 \u017e\u00e1dn\u00e1 tla\u010d\u00edtka, \u017e\u00e1dn\u00e9 starosti, jen pohodln\u00fd po\u017eitek.<\/li>\n<li><strong>Dob\u00edjec\u00ed baterie<\/strong><br \/>\nDob\u00edjec\u00ed baterie s kapacitou 850 mAh, spojen\u00e1 s nab\u00edjec\u00edm portem typu C, zaji\u0161\u0165uje rychl\u00e9 dob\u00edjen\u00ed, tak\u017ee budete v\u017edy p\u0159ipraveni k vapov\u00e1n\u00ed.<\/li>\n<li><strong>Monitorov\u00e1n\u00ed v re\u00e1ln\u00e9m \u010dase<\/strong><br \/>\nD\u00edky indik\u00e1tor\u016fm stavu baterie a e-liquidu m\u016f\u017eete m\u00edt p\u0159ehled o stavu sv\u00e9ho za\u0159\u00edzen\u00ed a vyhnout se tak neo\u010dek\u00e1van\u00fdm p\u0159eru\u0161en\u00edm.<\/li>\n<\/ul>\n<h3><strong>N\u00e1kup RandM Tornado 15000 Puffs ve velk\u00e9m<\/strong><\/h3>\n<p><strong>Dostupn\u00e1 dokonalost<\/strong><br \/>\nN\u00e1kup RandM Tornado 15000 Puffs ve velk\u00e9m je cenov\u011b efektivn\u00ed zp\u016fsob, jak si u\u017e\u00edt pr\u00e9miov\u00e9 vapov\u00e1n\u00ed za ni\u017e\u0161\u00ed cenu za kus. Tato mo\u017enost je ide\u00e1ln\u00ed pro prodejce a jednotliv\u00e9 kupuj\u00edc\u00ed, kte\u0159\u00ed hledaj\u00ed maxim\u00e1ln\u00ed hodnotu bez kompromis\u016f v kvalit\u011b.<\/p>\n<p><strong>St\u00e1l\u00e1 dostupnost<\/strong><br \/>\nS n\u00e1kupy ve velk\u00e9m se v\u00e1m nikdy nestane, \u017ee by v\u00e1m do\u0161la va\u0161e obl\u00edben\u00e1 jednor\u00e1zov\u00e1 e-cigareta. A\u0165 u\u017e jste prodejce nebo nad\u0161en\u00fd vaper, st\u00e1l\u00fd p\u0159\u00edsun t\u011bchto za\u0159\u00edzen\u00ed s dlouhou v\u00fddr\u017e\u00ed zaru\u010duje nep\u0159eru\u0161ovanou spokojenost.<\/p>\n<p><strong>Perfektn\u00ed pro firmy<\/strong><br \/>\nProdejci a majitel\u00e9 vape obchod\u016f mohou v\u00fdrazn\u011b profitovat z naskladn\u011bn\u00ed RandM Tornado 15000. Jej\u00ed pov\u011bst pro vysok\u00fd v\u00fdkon, dob\u00edjec\u00ed funk\u010dnost a p\u016fsobiv\u00fd po\u010det pot\u00e1hnut\u00ed z n\u00ed \u010din\u00ed \u0161pi\u010dkov\u00fd produkt, kter\u00fd p\u0159itahuje \u0161irokou z\u00e1kaznickou z\u00e1kladnu.<\/p>\n<p><strong>Mo\u017enost p\u0159izp\u016fsoben\u00ed v\u00fdb\u011bru p\u0159\u00edchut\u00ed<\/strong><br \/>\nS \u0161irokou \u0161k\u00e1lou p\u0159\u00edchut\u00ed, od sladk\u00fdch a ovocn\u00fdch po klasick\u00e9 a mentolov\u00e9, lze objedn\u00e1vky ve velk\u00e9m p\u0159izp\u016fsobit tak, aby obsahovaly r\u016fzn\u00e9 mo\u017enosti, kter\u00e9 uspokoj\u00ed nejr\u016fzn\u011bj\u0161\u00ed preference. Tato flexibilita zaji\u0161\u0165uje, \u017ee si ka\u017ed\u00fd z\u00e1kazn\u00edk najde sv\u016fj ide\u00e1ln\u00ed z\u00e1\u017eitek z vapov\u00e1n\u00ed.<\/p>\n<h3><\/h3>\n<h3><strong>Pro\u010d si vybrat velkoobchodn\u00ed n\u00e1kupy vapestornado Randm Vape 15k puff?<\/strong><\/h3>\n<ul>\n<li><strong>Velkoobchodn\u00ed v\u00fdhody<\/strong>: Velk\u00e9 objedn\u00e1vky p\u0159ich\u00e1zej\u00ed se slevami, co\u017e z nich \u010din\u00ed chytrou volbu pro podnik\u00e1n\u00ed.<\/li>\n<li><strong>Ekologick\u00fd design<\/strong>: Dob\u00edjec\u00ed technologie sni\u017euje mno\u017estv\u00ed odpadu ve srovn\u00e1n\u00ed s jednor\u00e1zov\u00fdmi za\u0159\u00edzen\u00edmi.<\/li>\n<li><strong>Vy\u0161\u0161\u00ed ziskov\u00e9 mar\u017ee<\/strong>: Maloobchodn\u00edci mohou vyd\u011blat na popularit\u011b tohoto velmi \u017e\u00e1dan\u00e9ho produktu.<\/li>\n<\/ul>\n<h3><strong>Prozkoumejte sv\u011bt vapu RandM<\/strong><\/h3>\n<p>Pono\u0159te se do rozs\u00e1hl\u00e9ho v\u00fdb\u011bru vzru\u0161uj\u00edc\u00edch p\u0159\u00edchut\u00ed jako je <strong>Bor\u016fvkov\u00fd led<\/strong>, <strong>Mango Broskev<\/strong>, <strong>Chladiv\u00e1 m\u00e1ta<\/strong>, a dal\u0161\u00ed. Ka\u017ed\u00e1 p\u0159\u00edchu\u0165 je vytvo\u0159ena tak, aby poskytovala jedine\u010dnou a konzistentn\u00ed chu\u0165, a zajistila, \u017ee ka\u017ed\u00fd potah je stejn\u011b lahodn\u00fd jako ten prvn\u00ed. Objevte dokonalost ve vapov\u00e1n\u00ed s RandM Tornado 15000 Puffs. Velkoobchodn\u00ed mo\u017enosti jsou nyn\u00ed k dispozici u <a href=\"https:\/\/vapestornado.com\/cs\/\"><strong>vapestornado<\/strong><\/a>, va\u0161eho spolehliv\u00e9ho zdroje pro pr\u00e9miov\u00e9 jednor\u00e1zov\u00e9 vapy. Nakupujte je\u0161t\u011b dnes a posu\u0148te svou cestu vapov\u00e1n\u00edm na novou \u00farove\u0148!<\/p>","protected":false},"excerpt":{"rendered":"<p>Ten <strong data-start=\"1355\" data-end=\"1381\">RandM Tornado 15K Vaporiz\u00e9r<\/strong> nab\u00edz\u00ed kapacitu 25 ml, 15 000 pot\u00e1hnut\u00ed a du\u00e1ln\u00ed indik\u00e1tory. Lehk\u00e1, dob\u00edjec\u00ed varianta \u0161it\u00e1 na m\u00edru pro <strong data-start=\"1487\" data-end=\"1523\">velkoobchodn\u00ed trhy s vape v Evrop\u011b<\/strong>.<\/p>\n<figure id=\"attachment_2951\" aria-describedby=\"caption-attachment-2951\" style=\"width: 265px\" class=\"wp-caption alignnone\"><img fetchpriority=\"high\" decoding=\"async\" class=\"size-medium wp-image-2951\" src=\"https:\/\/vapestornado.com\/wp-content\/uploads\/2024\/12\/Wholesale-Disposable-Vape-265x300.jpg\" alt=\"Velkoobchodn\u00ed jednor\u00e1zov\u00e9 Vape\" width=\"265\" height=\"300\" srcset=\"https:\/\/vapestornado.com\/wp-content\/uploads\/2024\/12\/Wholesale-Disposable-Vape-265x300.jpg 265w, https:\/\/vapestornado.com\/wp-content\/uploads\/2024\/12\/Wholesale-Disposable-Vape-768x871.jpg 768w, https:\/\/vapestornado.com\/wp-content\/uploads\/2024\/12\/Wholesale-Disposable-Vape-600x680.jpg 600w, https:\/\/vapestornado.com\/wp-content\/uploads\/2024\/12\/Wholesale-Disposable-Vape.jpg 823w\" sizes=\"(max-width: 265px) 100vw, 265px\" \/><figcaption id=\"caption-attachment-2951\" class=\"wp-caption-text\">Pro slevovou cenu kontaktujte Mandy na WhatsApp<a href=\"https:\/\/wa.me\/8618077105796\">+8618077105796<\/a><\/figcaption><\/figure>\n<p>&nbsp;<\/p>","protected":false},"featured_media":2933,"comment_status":"open","ping_status":"closed","template":"","meta":{"_acf_changed":false,"_uag_custom_page_level_css":"","_lmt_disableupdate":"no","_lmt_disable":"","_monsterinsights_skip_tracking":false,"_monsterinsights_sitenote_active":false,"_monsterinsights_sitenote_note":"","_monsterinsights_sitenote_category":0,"site-sidebar-layout":"default","site-content-layout":"","ast-site-content-layout":"default","site-content-style":"default","site-sidebar-style":"default","ast-global-header-display":"","ast-banner-title-visibility":"","ast-main-header-display":"","ast-hfb-above-header-display":"","ast-hfb-below-header-display":"","ast-hfb-mobile-header-display":"","site-post-title":"","ast-breadcrumbs-content":"","ast-featured-img":"","footer-sml-layout":"","ast-disable-related-posts":"","theme-transparent-header-meta":"default","adv-header-id-meta":"","stick-header-meta":"","header-above-stick-meta":"","header-main-stick-meta":"","header-below-stick-meta":"","astra-migrate-meta-layouts":"set","ast-page-background-enabled":"default","ast-page-background-meta":{"desktop":{"background-color":"","background-image":"","background-repeat":"repeat","background-position":"center center","background-size":"auto","background-attachment":"scroll","background-type":"","background-media":"","overlay-type":"","overlay-color":"","overlay-opacity":"","overlay-gradient":""},"tablet":{"background-color":"","background-image":"","background-repeat":"repeat","background-position":"center center","background-size":"auto","background-attachment":"scroll","background-type":"","background-media":"","overlay-type":"","overlay-color":"","overlay-opacity":"","overlay-gradient":""},"mobile":{"background-color":"","background-image":"","background-repeat":"repeat","background-position":"center center","background-size":"auto","background-attachment":"scroll","background-type":"","background-media":"","overlay-type":"","overlay-color":"","overlay-opacity":"","overlay-gradient":""}},"ast-content-background-meta":{"desktop":{"background-color":"var(--ast-global-color-5)","background-image":"","background-repeat":"repeat","background-position":"center center","background-size":"auto","background-attachment":"scroll","background-type":"","background-media":"","overlay-type":"","overlay-color":"","overlay-opacity":"","overlay-gradient":""},"tablet":{"background-color":"var(--ast-global-color-5)","background-image":"","background-repeat":"repeat","background-position":"center center","background-size":"auto","background-attachment":"scroll","background-type":"","background-media":"","overlay-type":"","overlay-color":"","overlay-opacity":"","overlay-gradient":""},"mobile":{"background-color":"var(--ast-global-color-5)","background-image":"","background-repeat":"repeat","background-position":"center center","background-size":"auto","background-attachment":"scroll","background-type":"","background-media":"","overlay-type":"","overlay-color":"","overlay-opacity":"","overlay-gradient":""}},"_joinchat":{"telephone":"+8618077105796"}},"product_brand":[],"product_cat":[71,154,157,58,148],"product_tag":[97,80],"class_list":{"0":"post-2958","1":"product","2":"type-product","3":"status-publish","4":"has-post-thumbnail","6":"product_cat-15000-puff","7":"product_cat-buy-disposable-vapes-in-netherlands","8":"product_cat-buy-disposable-vapes-in-portugal","9":"product_cat-fumot-vape","10":"product_cat-tornado-disposable-vapes","11":"product_tag-hot-sale-disposable-vape","12":"product_tag-randm-15k","13":"desktop-align-left","14":"tablet-align-left","15":"mobile-align-left","17":"first","18":"instock","19":"sale","20":"shipping-taxable","21":"purchasable","22":"product-type-simple"},"acf":[],"uagb_featured_image_src":{"full":["https:\/\/vapestornado.com\/wp-content\/uploads\/2024\/12\/Discount-Price-Randm-Vape-Tornado-15000-Puffs-Apple-Peach-Pear.jpg",800,800,false],"thumbnail":["https:\/\/vapestornado.com\/wp-content\/uploads\/2024\/12\/Discount-Price-Randm-Vape-Tornado-15000-Puffs-Apple-Peach-Pear-150x150.jpg",150,150,true],"medium":["https:\/\/vapestornado.com\/wp-content\/uploads\/2024\/12\/Discount-Price-Randm-Vape-Tornado-15000-Puffs-Apple-Peach-Pear-300x300.jpg",300,300,true],"medium_large":["https:\/\/vapestornado.com\/wp-content\/uploads\/2024\/12\/Discount-Price-Randm-Vape-Tornado-15000-Puffs-Apple-Peach-Pear-768x768.jpg",768,768,true],"large":["https:\/\/vapestornado.com\/wp-content\/uploads\/2024\/12\/Discount-Price-Randm-Vape-Tornado-15000-Puffs-Apple-Peach-Pear.jpg",800,800,false],"1536x1536":["https:\/\/vapestornado.com\/wp-content\/uploads\/2024\/12\/Discount-Price-Randm-Vape-Tornado-15000-Puffs-Apple-Peach-Pear.jpg",800,800,false],"2048x2048":["https:\/\/vapestornado.com\/wp-content\/uploads\/2024\/12\/Discount-Price-Randm-Vape-Tornado-15000-Puffs-Apple-Peach-Pear.jpg",800,800,false],"trp-custom-language-flag":["https:\/\/vapestornado.com\/wp-content\/uploads\/2024\/12\/Discount-Price-Randm-Vape-Tornado-15000-Puffs-Apple-Peach-Pear.jpg",12,12,false],"woocommerce_thumbnail":["https:\/\/vapestornado.com\/wp-content\/uploads\/2024\/12\/Discount-Price-Randm-Vape-Tornado-15000-Puffs-Apple-Peach-Pear-300x300.jpg",300,300,true],"woocommerce_single":["https:\/\/vapestornado.com\/wp-content\/uploads\/2024\/12\/Discount-Price-Randm-Vape-Tornado-15000-Puffs-Apple-Peach-Pear-600x600.jpg",600,600,true],"woocommerce_gallery_thumbnail":["https:\/\/vapestornado.com\/wp-content\/uploads\/2024\/12\/Discount-Price-Randm-Vape-Tornado-15000-Puffs-Apple-Peach-Pear-100x100.jpg",100,100,true]},"uagb_author_info":{"display_name":"ESMANDY","author_link":"https:\/\/vapestornado.com\/cs\/author\/"},"uagb_comment_info":0,"uagb_excerpt":"The RandM Tornado 15K Vape offers 25ml capacity, 15,000 puffs, and dual indicators. A lightweight, rechargeable option tailored for wholesale vape markets in Europe. [caption id=\"attachment_2951\" align=\"alignnone\" width=\"265\"] Pls Contact Mandy's WhatsApp For Discount Price+8618077105796[\/caption] &nbsp;","_links":{"self":[{"href":"https:\/\/vapestornado.com\/cs\/wp-json\/wp\/v2\/product\/2958","targetHints":{"allow":["GET"]}}],"collection":[{"href":"https:\/\/vapestornado.com\/cs\/wp-json\/wp\/v2\/product"}],"about":[{"href":"https:\/\/vapestornado.com\/cs\/wp-json\/wp\/v2\/types\/product"}],"replies":[{"embeddable":true,"href":"https:\/\/vapestornado.com\/cs\/wp-json\/wp\/v2\/comments?post=2958"}],"wp:featuredmedia":[{"embeddable":true,"href":"https:\/\/vapestornado.com\/cs\/wp-json\/wp\/v2\/media\/2933"}],"wp:attachment":[{"href":"https:\/\/vapestornado.com\/cs\/wp-json\/wp\/v2\/media?parent=2958"}],"wp:term":[{"taxonomy":"product_brand","embeddable":true,"href":"https:\/\/vapestornado.com\/cs\/wp-json\/wp\/v2\/product_brand?post=2958"},{"taxonomy":"product_cat","embeddable":true,"href":"https:\/\/vapestornado.com\/cs\/wp-json\/wp\/v2\/product_cat?post=2958"},{"taxonomy":"product_tag","embeddable":true,"href":"https:\/\/vapestornado.com\/cs\/wp-json\/wp\/v2\/product_tag?post=2958"}],"curies":[{"name":"wp","href":"https:\/\/api.w.org\/{rel}","templated":true}]}}