{"id":2926,"date":"2024-12-03T08:03:07","date_gmt":"2024-12-03T08:03:07","guid":{"rendered":"https:\/\/vapestornado.com\/?post_type=product&#038;p=2926"},"modified":"2025-08-23T10:05:34","modified_gmt":"2025-08-23T10:05:34","slug":"fumot-digital-box-12000-puffs-cheap-price-disposable-vape","status":"publish","type":"product","link":"https:\/\/vapestornado.com\/cs\/product\/fumot-digital-box-12000-puffs-cheap-price-disposable-vape\/","title":{"rendered":"Fumot Digital Box 12000 Puffs Levn\u00e1 cena jednor\u00e1zov\u00e1 vapa"},"content":{"rendered":"<h1>Fumot Digital Box 12000 Puffs Levn\u00e1 cena jednor\u00e1zov\u00e1 vapa<\/h1>\n<p>&nbsp;<\/p>\n<p data-start=\"298\" data-end=\"609\">Ten <strong data-start=\"302\" data-end=\"351\">Fumot Digital Box 12000 Puffs jednor\u00e1zov\u00e1 vapa<\/strong> nab\u00edz\u00ed dlouhotrvaj\u00edc\u00ed v\u00fdkon a silnou velkoobchodn\u00ed p\u0159ita\u017elivost. S <strong data-start=\"420\" data-end=\"453\">20ml p\u0159edpln\u011bnou n\u00e1dr\u017ekou na e-liquid<\/strong> a\u017e do <strong data-start=\"464\" data-end=\"491\">12 000 pot\u00e1hnut\u00ed na za\u0159\u00edzen\u00ed<\/strong>poskytuje prodlou\u017een\u00e9 pou\u017e\u00edv\u00e1n\u00ed a konzistentn\u00ed chu\u0165, co\u017e z n\u011bj \u010din\u00ed atraktivn\u00ed volbu pro maloobchodn\u00edky i hromadn\u00e9 odb\u011bratele.<\/p>\n<p data-start=\"611\" data-end=\"868\">Poh\u00e1n\u011bno <strong data-start=\"624\" data-end=\"655\">550mAh dob\u00edjec\u00ed baterie<\/strong> s <strong data-start=\"661\" data-end=\"685\">Rychl\u00e9 nab\u00edjen\u00ed Type-C<\/strong>tato vapka minimalizuje prostoje a z\u00e1rove\u0148 poskytuje spolehliv\u00fd v\u00fdkon. Jeho <strong data-start=\"759\" data-end=\"789\">nastaviteln\u00e9 regulace proud\u011bn\u00ed vzduchu<\/strong> umo\u017e\u0148uje z\u00e1kazn\u00edk\u016fm p\u0159izp\u016fsobit si produkci p\u00e1ry, co\u017e oslovuje \u0161irokou \u0161k\u00e1lu u\u017eivatel\u016f.<\/p>\n<p data-start=\"870\" data-end=\"1111\">Unik\u00e1tn\u00ed vlastnost\u00ed <strong data-start=\"894\" data-end=\"919\">Fumot 12K Digit\u00e1ln\u00ed Box<\/strong> je <strong data-start=\"927\" data-end=\"943\">6 RGB sv\u011btel<\/strong>kter\u00e9 se aktivuj\u00ed b\u011bhem pou\u017e\u00edv\u00e1n\u00ed a dod\u00e1vaj\u00ed vizu\u00e1ln\u00ed p\u0159ita\u017elivost \u2013 obl\u00edben\u00e9 u mlad\u0161\u00edch evropsk\u00fdch spot\u0159ebitel\u016f. Kompaktn\u00ed, odoln\u00fd a snadno se p\u0159en\u00e1\u0161\u00ed, hod\u00ed se pro ka\u017edodenn\u00ed i spole\u010densk\u00e9 pou\u017eit\u00ed.<\/p>\n<p data-start=\"1113\" data-end=\"1315\">D\u00edky sv\u00e9 rovnov\u00e1ze mezi vysokou kapacitou pot\u00e1hnut\u00ed, p\u0159izp\u016fsobiteln\u00fdmi funkcemi a <strong data-start=\"1180\" data-end=\"1213\">konkuren\u010dn\u00ed velkoobchodn\u00ed ceny<\/strong>, <strong data-start=\"1219\" data-end=\"1246\">Fumot Digit\u00e1ln\u00ed Box 12000<\/strong> je chytr\u00fd dopln\u011bk pro vape shopy a distributory po cel\u00e9 Evrop\u011b.<\/p>\n<p><img fetchpriority=\"high\" decoding=\"async\" class=\"size-medium wp-image-2951\" src=\"https:\/\/vapestornado.com\/wp-content\/uploads\/2024\/12\/Wholesale-Disposable-Vape-265x300.jpg\" alt=\"Velkoobchodn\u00ed jednor\u00e1zov\u00e9 Vape\" width=\"265\" height=\"300\" srcset=\"https:\/\/vapestornado.com\/wp-content\/uploads\/2024\/12\/Wholesale-Disposable-Vape-265x300.jpg 265w, https:\/\/vapestornado.com\/wp-content\/uploads\/2024\/12\/Wholesale-Disposable-Vape-768x871.jpg 768w, https:\/\/vapestornado.com\/wp-content\/uploads\/2024\/12\/Wholesale-Disposable-Vape-600x680.jpg 600w, https:\/\/vapestornado.com\/wp-content\/uploads\/2024\/12\/Wholesale-Disposable-Vape.jpg 823w\" sizes=\"(max-width: 265px) 100vw, 265px\" \/><\/p>\n<h6>Pro slevovou cenu kontaktujte Mandy na WhatsApp<a href=\"https:\/\/wa.me\/8618077105796\" target=\"_blank\" rel=\"noopener\">+8618077105796<\/a><\/h6>\n<p>&nbsp;<\/p>\n<h3>Vlastnosti produktu<\/h3>\n<ul>\n<li><strong>20ml e-liquidu<\/strong>: Poskytuje v\u00fdjime\u010dnou chu\u0165 a a\u017e 12 000 pot\u00e1hnut\u00ed.<\/li>\n<li><strong>550mAh dob\u00edjec\u00ed baterie<\/strong>: Zaji\u0161\u0165uje dlouhotrvaj\u00edc\u00ed energii s rychl\u00fdm nab\u00edjen\u00edm typu C.<\/li>\n<li><strong>6 RGB sv\u011btel<\/strong>: Vylep\u0161ete sv\u016fj z\u00e1\u017eitek z vapingu chladnou a stylovou z\u00e1\u0159\u00ed.<\/li>\n<li><strong>P\u0159ep\u00edna\u010d ovl\u00e1d\u00e1n\u00ed proud\u011bn\u00ed vzduchu<\/strong>: Snadno upravte intenzitu p\u00e1ry podle sv\u00fdch preferenc\u00ed.<\/li>\n<li><strong>Kompaktn\u00ed a odoln\u00fd<\/strong>: Ide\u00e1ln\u00ed pro pou\u017eit\u00ed na cest\u00e1ch s elegantn\u00edm, \u0161pi\u010dkov\u00fdm designem.<\/li>\n<\/ul>\n<h4><strong>Fumot 12000 p\u0159\u00edchut\u00ed<\/strong><\/h4>\n<p>1 Chladiv\u00e1 m\u00e1ta<br \/>\n2 Vodn\u00ed meloun Led<br \/>\n3 Hroznov\u00fd led<br \/>\n4 Bor\u016fvka Malina<br \/>\n5 Jahoda Vodn\u00ed meloun<br \/>\n6 Jahoda Ban\u00e1n<br \/>\n7 Sv\u011b\u017e\u00ed Led<br \/>\n8 T\u0159e\u0161e\u0148<br \/>\n9 Jahodov\u00e1 ledov\u00e1<br \/>\n10 Ledov\u00fd nanuk<br \/>\n11 R\u016f\u017eov\u00e1 limon\u00e1da<br \/>\n12 Mango na ledu<br \/>\n13 M\u00edchan\u00e9 bobule<br \/>\n14 Jahodov\u00fd donut<br \/>\n15 Jahodov\u00e9 hrozny<br \/>\n16 T\u0159e\u0161\u0148ov\u00e1 kola<br \/>\n17 Dr. modr\u00e1<br \/>\n18 Bor\u016fvka na ledu<br \/>\n19 Kiwi mu\u010denka guava<br \/>\n20 Jahodov\u00e9 kiwi<br \/>\n21 Broskvov\u00e9 mango<br \/>\n22 Broskvov\u00e1 ledov\u00e1<br \/>\n23 \u010cerven\u00e9 jablko ledov\u00e9<br \/>\n24 Bor\u016fvkov\u00e1 \u017ev\u00fdka\u010dka<br \/>\n25 Bobulov\u00e1 limon\u00e1da<br \/>\n26 Modr\u00e1 malinov\u00e1 limon\u00e1da<br \/>\n27 Modr\u00e1 kysel\u00e1 malina<br \/>\n28 Jahodov\u00fd Red Bull<br \/>\n29 Jable\u010dn\u00fd bobulov\u00fd v\u00fdbuch<br \/>\n30 Vodn\u00ed meloun \u017ev\u00fdka\u010dka<br \/>\n31 Malina vodn\u00ed meloun<br \/>\n32 \u010cern\u00fd led<br \/>\n33 Bor\u016fvka t\u0159e\u0161e\u0148 brusinka<br \/>\n34 Jahodov\u00e9 gran\u00e1tov\u00e9 jablko<br \/>\n35 Vimto<br \/>\n36 T\u0159e\u0161\u0148ov\u00e9 bobule<br \/>\n37 Citron<br \/>\n38 Bingo Crush<br \/>\n39 Bor\u016fvka kiwi<br \/>\n40 Jablko se sko\u0159ic\u00ed<\/p>\n<p>&nbsp;<\/p>\n<h3>\u010casto kladen\u00e9 ot\u00e1zky o jednor\u00e1zov\u00e9 vapce Fumot Digital Box s 12 000 potahy<\/h3>\n<p><strong>Ot\u00e1zka: Jsou vapes Fumot vysoce kvalitn\u00ed?<\/strong><br \/>\n<strong>A:<\/strong> Ano, vapes Fumot jsou proslul\u00e9 svou pr\u00e9miovou kvalitou a v\u00fdjime\u010dn\u00fdm v\u00fdkonem. Jsou vybaveny pokro\u010dilou technologi\u00ed, kter\u00e1 poskytuje konzistentn\u00ed chu\u0165, uspokojuj\u00edc\u00ed z\u00e1\u017eitek z vapov\u00e1n\u00ed a p\u016fsobiv\u00fd po\u010det potah\u016f, co\u017e z nich \u010din\u00ed spolehlivou volbu pro nad\u0161ence vapingu.<\/p>\n<p><strong>Ot\u00e1zka: Jak dlouho vydr\u017e\u00ed vape randm s 12 000 potahy?<\/strong><br \/>\n<strong>A:<\/strong> Doba trv\u00e1n\u00ed z\u00e1vis\u00ed na individu\u00e1ln\u00edch zvyklostech pou\u017e\u00edv\u00e1n\u00ed. U siln\u00fdch u\u017eivatel\u016f m\u016f\u017ee vydr\u017eet n\u011bkolik t\u00fddn\u016f, zat\u00edmco m\u00edrn\u00fdm u\u017eivatel\u016fm m\u016f\u017ee sta\u010dit na jeden a\u017e dva m\u011bs\u00edce. Lehc\u00ed u\u017eivatel\u00e9 si mohou sv\u00e9 za\u0159\u00edzen\u00ed u\u017e\u00edvat a\u017e t\u0159i m\u011bs\u00edce, co\u017e je ide\u00e1ln\u00ed pro ty, kte\u0159\u00ed preferuj\u00ed dlouhotrvaj\u00edc\u00ed vapovac\u00ed mo\u017enost bez \u010dast\u00fdch v\u00fdm\u011bn.<\/p>\n<p><strong>Ot\u00e1zka: Jak\u00e1 je cena vape Fumot s 12 000 potahy?<\/strong><br \/>\n<strong>A:<\/strong> Cena za vape s 12 000 potahy se li\u0161\u00ed v z\u00e1vislosti na zna\u010dce, funkc\u00edch a prodejci. V \u010cesk\u00e9 republice se obvykle pohybuje mezi 450 a 850 K\u010d. Na cenu mohou m\u00edt vliv i sez\u00f3nn\u00ed slevy, dostupnost a varianty modelu.<\/p>\n<p><strong>Ot\u00e1zka: Kolik nikotinu je ve vape s 12 000 potahy?<\/strong><br \/>\n<strong>A:<\/strong> Fumot Digital Box nab\u00edz\u00ed n\u011bkolik mo\u017enost\u00ed s\u00edly nikotinu, v\u010detn\u011b 0%, 2%, 3% a 5%. Tato rozmanitost umo\u017e\u0148uje u\u017eivatel\u016fm zvolit \u00farove\u0148, kter\u00e1 odpov\u00edd\u00e1 jejich preferenc\u00edm a zvyklostem vapingu.<\/p>\n<p><strong>Ot\u00e1zka: Jak dlouho trv\u00e1 nabit\u00ed vape Fumot?<\/strong><br \/>\n<strong>A:<\/strong> Doba nab\u00edjen\u00ed vape Fumot je p\u0159ibli\u017en\u011b 1 a\u017e 2 hodiny, v z\u00e1vislosti na kapacit\u011b baterie za\u0159\u00edzen\u00ed a typu nab\u00edje\u010dky. Funkce rychl\u00e9ho nab\u00edjen\u00ed zaji\u0161\u0165uje minim\u00e1ln\u00ed prostoje, tak\u017ee u\u017eivatel\u00e9 mohou rychle pokra\u010dovat ve vapingu.<\/p>\n<p>&nbsp;<\/p>\n<h3>D\u016fvody, pro\u010d zvolit velkoobchodn\u00ed cenu <a href=\"https:\/\/vapestornado.com\/cs\/product\/fumot-digital-box-12000-puffs-cheap-price-disposable-vape\/\">Fumot Digital Box 12 000 potah\u016f<\/a> Jednor\u00e1zov\u00e9 vape v <a href=\"https:\/\/vapestornado.com\/cs\/store\/\">vapestornado<\/a><\/h3>\n<ol>\n<li><strong>Vysok\u00fd po\u010det potah\u016f pro dlouhou \u017eivotnost<\/strong><br \/>\nS p\u016fsobivou kapacitou 12 000 potah\u016f zaji\u0161\u0165uje toto za\u0159\u00edzen\u00ed prodlou\u017een\u00e9 pou\u017e\u00edv\u00e1n\u00ed, ide\u00e1ln\u00ed pro ty, kte\u0159\u00ed hledaj\u00ed dlouhotrvaj\u00edc\u00ed vape bez \u010dast\u00fdch v\u00fdm\u011bn.<\/li>\n<li><strong>P\u0159izp\u016fsobiteln\u00e9 mo\u017enosti nikotinu<\/strong><br \/>\nFumot Digital Box je k dispozici v sil\u00e1ch nikotinu 0%, 2%, 3% a 5% a uspokojuje \u0161irokou \u0161k\u00e1lu preferenc\u00ed, a\u0165 u\u017e hled\u00e1te z\u00e1\u017eitek bez nikotinu nebo siln\u011bj\u0161\u00ed z\u00e1\u017eitek.<\/li>\n<li><strong>Kompaktn\u00ed design s pokro\u010dil\u00fdmi funkcemi<\/strong><br \/>\nElegantn\u00ed, lehk\u00fd design je sp\u00e1rov\u00e1n s modern\u00edmi funkcemi, jako je kontrola proud\u011bn\u00ed vzduchu a 6 RGB sv\u011btel, co\u017e poskytuje funk\u010dnost i styl.<\/li>\n<li><strong>Pohodln\u00e1 dob\u00edjec\u00ed baterie<\/strong><br \/>\nVybaven dob\u00edjec\u00ed bateri\u00ed s kapacitou 550mAh a nab\u00edjec\u00edm portem typu C, nab\u00edz\u00ed rychl\u00e9 dob\u00edjen\u00ed, \u010d\u00edm\u017e minimalizuje prostoje.<\/li>\n<li><strong>Dostupn\u00e1 cena<\/strong><br \/>\nNab\u00edz\u00ed pr\u00e9miov\u00e9 funkce za konkuren\u010dn\u00ed cenu, Fumot Digital Box p\u0159in\u00e1\u0161\u00ed vynikaj\u00edc\u00ed hodnotu pro ty, kte\u0159\u00ed hledaj\u00ed cenov\u011b dostupn\u00e9 a vysoce v\u00fdkonn\u00e9 vapingov\u00e9 \u0159e\u0161en\u00ed.<\/li>\n<\/ol>","protected":false},"excerpt":{"rendered":"<p>Objevte bezkonkuren\u010dn\u00ed nab\u00eddky na dob\u00edjec\u00ed vaporiz\u00e9r Fumot Digital Box 12000 pot\u00e1hnut\u00ed. Kontaktujte n\u00e1s je\u0161t\u011b dnes a zajist\u011bte si svou speci\u00e1ln\u00ed slevu!<strong>(MOQ je 50ks)<\/strong><\/p>\n<figure id=\"attachment_2951\" aria-describedby=\"caption-attachment-2951\" style=\"width: 265px\" class=\"wp-caption alignnone\"><img fetchpriority=\"high\" decoding=\"async\" class=\"size-medium wp-image-2951\" src=\"https:\/\/vapestornado.com\/wp-content\/uploads\/2024\/12\/Wholesale-Disposable-Vape-265x300.jpg\" alt=\"Velkoobchodn\u00ed jednor\u00e1zov\u00e9 Vape\" width=\"265\" height=\"300\" srcset=\"https:\/\/vapestornado.com\/wp-content\/uploads\/2024\/12\/Wholesale-Disposable-Vape-265x300.jpg 265w, https:\/\/vapestornado.com\/wp-content\/uploads\/2024\/12\/Wholesale-Disposable-Vape-768x871.jpg 768w, https:\/\/vapestornado.com\/wp-content\/uploads\/2024\/12\/Wholesale-Disposable-Vape-600x680.jpg 600w, https:\/\/vapestornado.com\/wp-content\/uploads\/2024\/12\/Wholesale-Disposable-Vape.jpg 823w\" sizes=\"(max-width: 265px) 100vw, 265px\" \/><figcaption id=\"caption-attachment-2951\" class=\"wp-caption-text\">Pro slevovou cenu kontaktujte Mandy na WhatsApp<a href=\"https:\/\/wa.me\/8618077105796\">+8618077105796<\/a><\/figcaption><\/figure>","protected":false},"featured_media":2943,"comment_status":"open","ping_status":"closed","template":"","meta":{"_acf_changed":false,"_uag_custom_page_level_css":"","_lmt_disableupdate":"no","_lmt_disable":"","_monsterinsights_skip_tracking":false,"_monsterinsights_sitenote_active":false,"_monsterinsights_sitenote_note":"","_monsterinsights_sitenote_category":0,"site-sidebar-layout":"default","site-content-layout":"","ast-site-content-layout":"default","site-content-style":"default","site-sidebar-style":"default","ast-global-header-display":"","ast-banner-title-visibility":"","ast-main-header-display":"","ast-hfb-above-header-display":"","ast-hfb-below-header-display":"","ast-hfb-mobile-header-display":"","site-post-title":"","ast-breadcrumbs-content":"","ast-featured-img":"","footer-sml-layout":"","ast-disable-related-posts":"","theme-transparent-header-meta":"default","adv-header-id-meta":"","stick-header-meta":"","header-above-stick-meta":"","header-main-stick-meta":"","header-below-stick-meta":"","astra-migrate-meta-layouts":"set","ast-page-background-enabled":"default","ast-page-background-meta":{"desktop":{"background-color":"","background-image":"","background-repeat":"repeat","background-position":"center center","background-size":"auto","background-attachment":"scroll","background-type":"","background-media":"","overlay-type":"","overlay-color":"","overlay-opacity":"","overlay-gradient":""},"tablet":{"background-color":"","background-image":"","background-repeat":"repeat","background-position":"center center","background-size":"auto","background-attachment":"scroll","background-type":"","background-media":"","overlay-type":"","overlay-color":"","overlay-opacity":"","overlay-gradient":""},"mobile":{"background-color":"","background-image":"","background-repeat":"repeat","background-position":"center center","background-size":"auto","background-attachment":"scroll","background-type":"","background-media":"","overlay-type":"","overlay-color":"","overlay-opacity":"","overlay-gradient":""}},"ast-content-background-meta":{"desktop":{"background-color":"var(--ast-global-color-5)","background-image":"","background-repeat":"repeat","background-position":"center center","background-size":"auto","background-attachment":"scroll","background-type":"","background-media":"","overlay-type":"","overlay-color":"","overlay-opacity":"","overlay-gradient":""},"tablet":{"background-color":"var(--ast-global-color-5)","background-image":"","background-repeat":"repeat","background-position":"center center","background-size":"auto","background-attachment":"scroll","background-type":"","background-media":"","overlay-type":"","overlay-color":"","overlay-opacity":"","overlay-gradient":""},"mobile":{"background-color":"var(--ast-global-color-5)","background-image":"","background-repeat":"repeat","background-position":"center center","background-size":"auto","background-attachment":"scroll","background-type":"","background-media":"","overlay-type":"","overlay-color":"","overlay-opacity":"","overlay-gradient":""}},"_joinchat":{"telephone":"+8618077105796"}},"product_brand":[],"product_cat":[72,154,155,142,58],"product_tag":[82,98],"class_list":{"0":"post-2926","1":"product","2":"type-product","3":"status-publish","4":"has-post-thumbnail","6":"product_cat-12000-puff","7":"product_cat-buy-disposable-vapes-in-netherlands","8":"product_cat-buy-disposable-vapes-in-norway","9":"product_cat-digital-box-disposable-vapes","10":"product_cat-fumot-vape","11":"product_tag-fumot-digital-box-12000-puffs","12":"product_tag-wholesale-price-disposable-vape","13":"desktop-align-left","14":"tablet-align-left","15":"mobile-align-left","17":"first","18":"instock","19":"sale","20":"shipping-taxable","21":"purchasable","22":"product-type-simple"},"acf":[],"uagb_featured_image_src":{"full":["https:\/\/vapestornado.com\/wp-content\/uploads\/2024\/12\/Fumot-Digital-Box-12000-Puffs-Grape-Ice.jpg",800,800,false],"thumbnail":["https:\/\/vapestornado.com\/wp-content\/uploads\/2024\/12\/Fumot-Digital-Box-12000-Puffs-Grape-Ice-150x150.jpg",150,150,true],"medium":["https:\/\/vapestornado.com\/wp-content\/uploads\/2024\/12\/Fumot-Digital-Box-12000-Puffs-Grape-Ice-300x300.jpg",300,300,true],"medium_large":["https:\/\/vapestornado.com\/wp-content\/uploads\/2024\/12\/Fumot-Digital-Box-12000-Puffs-Grape-Ice-768x768.jpg",768,768,true],"large":["https:\/\/vapestornado.com\/wp-content\/uploads\/2024\/12\/Fumot-Digital-Box-12000-Puffs-Grape-Ice.jpg",800,800,false],"1536x1536":["https:\/\/vapestornado.com\/wp-content\/uploads\/2024\/12\/Fumot-Digital-Box-12000-Puffs-Grape-Ice.jpg",800,800,false],"2048x2048":["https:\/\/vapestornado.com\/wp-content\/uploads\/2024\/12\/Fumot-Digital-Box-12000-Puffs-Grape-Ice.jpg",800,800,false],"trp-custom-language-flag":["https:\/\/vapestornado.com\/wp-content\/uploads\/2024\/12\/Fumot-Digital-Box-12000-Puffs-Grape-Ice.jpg",12,12,false],"woocommerce_thumbnail":["https:\/\/vapestornado.com\/wp-content\/uploads\/2024\/12\/Fumot-Digital-Box-12000-Puffs-Grape-Ice-300x300.jpg",300,300,true],"woocommerce_single":["https:\/\/vapestornado.com\/wp-content\/uploads\/2024\/12\/Fumot-Digital-Box-12000-Puffs-Grape-Ice-600x600.jpg",600,600,true],"woocommerce_gallery_thumbnail":["https:\/\/vapestornado.com\/wp-content\/uploads\/2024\/12\/Fumot-Digital-Box-12000-Puffs-Grape-Ice-100x100.jpg",100,100,true]},"uagb_author_info":{"display_name":"ESMANDY","author_link":"https:\/\/vapestornado.com\/cs\/author\/"},"uagb_comment_info":0,"uagb_excerpt":"Discover unbeatable deals on the Fumot Digital Box 12000 puff Rechargeable Vape. Reach out today to secure your special discount!(MOQ is 50pcs) [caption id=\"attachment_2951\" align=\"alignnone\" width=\"265\"] Pls Contact Mandy's WhatsApp For Discount Price+8618077105796[\/caption]","_links":{"self":[{"href":"https:\/\/vapestornado.com\/cs\/wp-json\/wp\/v2\/product\/2926","targetHints":{"allow":["GET"]}}],"collection":[{"href":"https:\/\/vapestornado.com\/cs\/wp-json\/wp\/v2\/product"}],"about":[{"href":"https:\/\/vapestornado.com\/cs\/wp-json\/wp\/v2\/types\/product"}],"replies":[{"embeddable":true,"href":"https:\/\/vapestornado.com\/cs\/wp-json\/wp\/v2\/comments?post=2926"}],"wp:featuredmedia":[{"embeddable":true,"href":"https:\/\/vapestornado.com\/cs\/wp-json\/wp\/v2\/media\/2943"}],"wp:attachment":[{"href":"https:\/\/vapestornado.com\/cs\/wp-json\/wp\/v2\/media?parent=2926"}],"wp:term":[{"taxonomy":"product_brand","embeddable":true,"href":"https:\/\/vapestornado.com\/cs\/wp-json\/wp\/v2\/product_brand?post=2926"},{"taxonomy":"product_cat","embeddable":true,"href":"https:\/\/vapestornado.com\/cs\/wp-json\/wp\/v2\/product_cat?post=2926"},{"taxonomy":"product_tag","embeddable":true,"href":"https:\/\/vapestornado.com\/cs\/wp-json\/wp\/v2\/product_tag?post=2926"}],"curies":[{"name":"wp","href":"https:\/\/api.w.org\/{rel}","templated":true}]}}