{"id":2918,"date":"2024-12-19T09:35:14","date_gmt":"2024-12-19T09:35:14","guid":{"rendered":"https:\/\/vapestornado.com\/?post_type=product&#038;p=2918"},"modified":"2025-08-23T12:26:04","modified_gmt":"2025-08-23T12:26:04","slug":"buy-fumot-tornado-25000-touch-screen-vape","status":"publish","type":"product","link":"https:\/\/vapestornado.com\/cs\/product\/buy-fumot-tornado-25000-touch-screen-vape\/","title":{"rendered":"Koupit dotykov\u00fd displej Vape Fumot 25000 pot\u00e1hnut\u00ed"},"content":{"rendered":"<h3>Co je RandM Fumot 25000 Puffs jednor\u00e1zov\u00e1 e-cigareta?<\/h3>\n<p>Jednor\u00e1zov\u00e1 e-cigareta Fumot 25000 Puffs je revolu\u010dn\u00ed za\u0159\u00edzen\u00ed pro vapov\u00e1n\u00ed, navr\u017een\u00e9 pro dlouhodob\u00e9 pou\u017e\u00edv\u00e1n\u00ed a bezkonkuren\u010dn\u00ed pohodl\u00ed. S robustn\u00ed dob\u00edjec\u00ed bateri\u00ed o kapacit\u011b 700mAh a velkorysou 20ml n\u00e1pln\u00ed e-liquidu poskytuje a\u017e 25 000 pot\u00e1hnut\u00ed, co\u017e z n\u00ed \u010din\u00ed ide\u00e1ln\u00ed volbu pro dlouhodob\u00e9 u\u017e\u00edv\u00e1n\u00ed bez \u010dast\u00e9ho dopl\u0148ov\u00e1n\u00ed. D\u00edky n\u011bkolika mo\u017enostem s\u00edly nikotinu (0%, 2%, 3% a 5%) uspokoj\u00ed r\u016fzn\u00e9 preference u\u017eivatel\u016f. Je vybavena dob\u00edjec\u00edm portem typu Type-C, kter\u00fd zaji\u0161\u0165uje rychl\u00e9 a efektivn\u00ed nab\u00edjen\u00ed. Toto za\u0159\u00edzen\u00ed m\u00e1 tak\u00e9 interaktivn\u00ed dotykov\u00fd sp\u00edna\u010d, kter\u00fd nab\u00edz\u00ed pokro\u010dil\u00e9 ovl\u00e1d\u00e1n\u00ed, jako je nastaven\u00ed v\u00fdkonu, probuzen\u00ed obrazovky a dokonce i z\u00e1bavn\u00fd hern\u00ed re\u017eim pro dodate\u010dnou z\u00e1bavu. Jeho elegantn\u00ed, ergonomick\u00fd design a \u017eiv\u00e9 p\u0159\u00edchut\u011b ho odli\u0161uj\u00ed na konkuren\u010dn\u00edm trhu jednor\u00e1zov\u00fdch e-cigaret a poskytuj\u00ed pr\u00e9miov\u00fd z\u00e1\u017eitek z vapov\u00e1n\u00ed pro u\u017eivatele, kte\u0159\u00ed hledaj\u00ed styl, funk\u010dnost a dlouhou \u017eivotnost.<\/p>\n<h3><strong>Vlastnosti produktu<\/strong><\/h3>\n<ul>\n<li><strong>Obrovsk\u00e1 kapacita pot\u00e1hnut\u00ed<\/strong>: A\u017e 25 000 pot\u00e1hnut\u00ed pro dlouhodob\u00e9 pou\u017e\u00edv\u00e1n\u00ed.<\/li>\n<li><strong>Dob\u00edjec\u00ed baterie<\/strong>: 700mAh baterie s nab\u00edjen\u00edm p\u0159es Type-C pro pohodl\u00ed.<\/li>\n<li><strong>Interaktivn\u00ed dotykov\u00fd sp\u00edna\u010d<\/strong>: Pokro\u010dil\u00e9 funkce jako nastaven\u00ed v\u00fdkonu a hern\u00ed re\u017eim.<\/li>\n<li><strong>V\u00edce mo\u017enost\u00ed nikotinu<\/strong>: K dispozici v sil\u00e1ch nikotinu 0%, 2%, 3% a 5%.<\/li>\n<li><strong>Rozmanitost p\u0159\u00edchut\u00ed<\/strong>: 24 vzru\u0161uj\u00edc\u00edch p\u0159\u00edchut\u00ed pro osobn\u00ed z\u00e1\u017eitek z vapov\u00e1n\u00ed<\/li>\n<\/ul>\n<p><img fetchpriority=\"high\" decoding=\"async\" class=\"alignnone size-full wp-image-3269\" src=\"https:\/\/vapestornado.com\/wp-content\/uploads\/2024\/12\/Fumot-Disposable-Vape-25K.png\" alt=\"Jednor\u00e1zov\u00e1 e-cigareta Fumot 25K\" width=\"900\" height=\"348\" srcset=\"https:\/\/vapestornado.com\/wp-content\/uploads\/2024\/12\/Fumot-Disposable-Vape-25K.png 900w, https:\/\/vapestornado.com\/wp-content\/uploads\/2024\/12\/Fumot-Disposable-Vape-25K-300x116.png 300w, https:\/\/vapestornado.com\/wp-content\/uploads\/2024\/12\/Fumot-Disposable-Vape-25K-768x297.png 768w, https:\/\/vapestornado.com\/wp-content\/uploads\/2024\/12\/Fumot-Disposable-Vape-25K-600x232.png 600w\" sizes=\"(max-width: 900px) 100vw, 900px\" \/><img decoding=\"async\" class=\"alignnone size-full wp-image-3270\" src=\"https:\/\/vapestornado.com\/wp-content\/uploads\/2024\/12\/Fumot-Vape-25000-Puffs.png\" alt=\"Fumot Vape 25000 pot\u00e1cek\" width=\"900\" height=\"425\" srcset=\"https:\/\/vapestornado.com\/wp-content\/uploads\/2024\/12\/Fumot-Vape-25000-Puffs.png 900w, https:\/\/vapestornado.com\/wp-content\/uploads\/2024\/12\/Fumot-Vape-25000-Puffs-300x142.png 300w, https:\/\/vapestornado.com\/wp-content\/uploads\/2024\/12\/Fumot-Vape-25000-Puffs-768x363.png 768w, https:\/\/vapestornado.com\/wp-content\/uploads\/2024\/12\/Fumot-Vape-25000-Puffs-600x283.png 600w\" sizes=\"(max-width: 900px) 100vw, 900px\" \/><img decoding=\"async\" class=\"alignnone size-full wp-image-3272\" src=\"https:\/\/vapestornado.com\/wp-content\/uploads\/2024\/12\/Fumot-Vapes-25000-Puffs-Near-Me.png\" alt=\"Fumot Vapes 25000 Puffs v m\u00e9 bl\u00edzkosti\" width=\"900\" height=\"354\" srcset=\"https:\/\/vapestornado.com\/wp-content\/uploads\/2024\/12\/Fumot-Vapes-25000-Puffs-Near-Me.png 900w, https:\/\/vapestornado.com\/wp-content\/uploads\/2024\/12\/Fumot-Vapes-25000-Puffs-Near-Me-300x118.png 300w, https:\/\/vapestornado.com\/wp-content\/uploads\/2024\/12\/Fumot-Vapes-25000-Puffs-Near-Me-768x302.png 768w, https:\/\/vapestornado.com\/wp-content\/uploads\/2024\/12\/Fumot-Vapes-25000-Puffs-Near-Me-600x236.png 600w\" sizes=\"(max-width: 900px) 100vw, 900px\" \/> <img loading=\"lazy\" decoding=\"async\" class=\"alignnone size-full wp-image-3273\" src=\"https:\/\/vapestornado.com\/wp-content\/uploads\/2024\/12\/RandM-Vape-Tornado-25K.png\" alt=\"RandM Vape Tornado 25K\" width=\"900\" height=\"331\" srcset=\"https:\/\/vapestornado.com\/wp-content\/uploads\/2024\/12\/RandM-Vape-Tornado-25K.png 900w, https:\/\/vapestornado.com\/wp-content\/uploads\/2024\/12\/RandM-Vape-Tornado-25K-300x110.png 300w, https:\/\/vapestornado.com\/wp-content\/uploads\/2024\/12\/RandM-Vape-Tornado-25K-768x282.png 768w, https:\/\/vapestornado.com\/wp-content\/uploads\/2024\/12\/RandM-Vape-Tornado-25K-600x221.png 600w\" sizes=\"(max-width: 900px) 100vw, 900px\" \/> <img loading=\"lazy\" decoding=\"async\" class=\"alignnone size-full wp-image-3274\" src=\"https:\/\/vapestornado.com\/wp-content\/uploads\/2024\/12\/Wholesale-Fumot-Vape-25K.png\" alt=\"Velkoobchod Fumot Vape 25K\" width=\"900\" height=\"336\" srcset=\"https:\/\/vapestornado.com\/wp-content\/uploads\/2024\/12\/Wholesale-Fumot-Vape-25K.png 900w, https:\/\/vapestornado.com\/wp-content\/uploads\/2024\/12\/Wholesale-Fumot-Vape-25K-300x112.png 300w, https:\/\/vapestornado.com\/wp-content\/uploads\/2024\/12\/Wholesale-Fumot-Vape-25K-768x287.png 768w, https:\/\/vapestornado.com\/wp-content\/uploads\/2024\/12\/Wholesale-Fumot-Vape-25K-600x224.png 600w\" sizes=\"(max-width: 900px) 100vw, 900px\" \/><\/p>\n<h4><strong>Seznam p\u0159\u00edchut\u00ed Fumot 25000 Puffs:<\/strong><\/h4>\n<ol>\n<li>Ban\u00e1nov\u00e1 Led<\/li>\n<li>Jahoda Vodn\u00ed meloun<\/li>\n<li>Miami Mint<\/li>\n<li>Bor\u016fvka Malina<\/li>\n<li>\u010cern\u00fd led<\/li>\n<li>B\u00edl\u00e1 gumov\u00e1 zmrzlina<\/li>\n<li>Vodn\u00ed meloun s ledem<\/li>\n<li>\u0160\u0165avnat\u00e1 broskev s ledem<\/li>\n<li>R\u016f\u017eov\u00e1 limon\u00e1da<\/li>\n<li>Jahoda Mango<\/li>\n<li>Peach Mango Watermelon (Broskev, mango, meloun)<\/li>\n<li>Hroznov\u00fd Citron<\/li>\n<li>Tropick\u00e1 duhov\u00e1 exploze<\/li>\n<li>T\u0159e\u0161\u0148ov\u00e1 bomba<\/li>\n<li>Jahodov\u00fd m\u00e1tov\u00fd bonb\u00f3n<\/li>\n<li>Dvojit\u00e1 Jablko<\/li>\n<li>Bor\u016fvka s ledem<\/li>\n<li>Jahodov\u00fd led<\/li>\n<li>Ledov\u00e1 sv\u011b\u017eest<\/li>\n<li>Ananasov\u00fd led<\/li>\n<li>Hroznov\u00e9 v\u00edno s ledem<\/li>\n<li>Dr Blue<\/li>\n<li>Kiwi Marakuja Guava<\/li>\n<li>T\u0159e\u0161\u0148ov\u00e1 Cola<\/li>\n<\/ol>\n<h3>5 nejlep\u0161\u00edch p\u0159\u00edchut\u00ed Fumot 25000 Puffs<\/h3>\n<ol>\n<li><strong>Ban\u00e1nov\u00e1 Led<\/strong>: Kr\u00e9mov\u00fd ban\u00e1n s osv\u011b\u017euj\u00edc\u00edm m\u00e1tov\u00fdm n\u00e1dechem.<\/li>\n<li><strong>Jahoda Vodn\u00ed meloun<\/strong>: \u0160\u0165avnat\u00e1 sm\u011bs sladk\u00e9 jahody a zral\u00e9ho melounu.<\/li>\n<li><strong>Miami Mint<\/strong>: K\u0159upav\u00e1 a osv\u011b\u017euj\u00edc\u00ed m\u00e1ta pro chladiv\u00fd pocit.<\/li>\n<li><strong>Bor\u016fvka Malina<\/strong>: Sladk\u00e9 bor\u016fvky sp\u00e1rovan\u00e9 s trpk\u00fdmi malinami.<\/li>\n<li><strong>R\u016f\u017eov\u00e1 limon\u00e1da<\/strong>: Pikantn\u00ed citrus s n\u00e1dechem sladk\u00fdch bobul\u00ed.<\/li>\n<\/ol>\n<h3>Pro\u010d si vybrat jednor\u00e1zovou e-cigaretu Fumot 25000 Puffs?<\/h3>\n<ul>\n<li><strong>Bezkonkuren\u010dn\u00ed \u017eivotnost<\/strong>: S 25 000 potahy vydr\u017e\u00ed podstatn\u011b d\u00e9le ne\u017e v\u011bt\u0161ina jednor\u00e1zov\u00fdch e-cigaret na trhu.<\/li>\n<li><strong>P\u0159izp\u016fsobiteln\u00fd z\u00e1\u017eitek<\/strong>: Nab\u00edz\u00ed nastaviteln\u00fd v\u00fdkon a r\u016fzn\u00e9 \u00farovn\u011b nikotinu, aby vyhovovaly va\u0161im preferenc\u00edm.<\/li>\n<li><strong>Inovativn\u00ed funkce<\/strong>: Interaktivn\u00ed dotykov\u00fd p\u0159ep\u00edna\u010d a hern\u00ed re\u017eim p\u0159id\u00e1vaj\u00ed jedine\u010dn\u00fd, z\u00e1bavn\u00fd rozm\u011br.<\/li>\n<li><strong>Chutn\u00e9 volby<\/strong>: 24 rozmanit\u00fdch p\u0159\u00edchut\u00ed, kter\u00e9 uspokoj\u00ed ka\u017ed\u00fd vkus.<\/li>\n<li><strong>Ekologick\u00fd design<\/strong>: Dob\u00edjec\u00ed baterie sni\u017euje mno\u017estv\u00ed odpadu ve srovn\u00e1n\u00ed s tradi\u010dn\u00edmi jednor\u00e1zov\u00fdmi e-cigaretami.<\/li>\n<\/ul>\n<h4>Kontaktujte velkoobchod Fumot Tornado 25000 a z\u00edskejte slevu!<\/h4>\n<figure id=\"attachment_2921\" aria-describedby=\"caption-attachment-2921\" style=\"width: 887px\" class=\"wp-caption alignnone\"><img loading=\"lazy\" decoding=\"async\" class=\"size-large wp-image-2921\" src=\"https:\/\/vapestornado.com\/wp-content\/uploads\/2024\/11\/20062b3a285f900e79520aad496b94d-887x1024.jpg\" alt=\"vapestornado Vicky\" width=\"887\" height=\"1024\" srcset=\"https:\/\/vapestornado.com\/wp-content\/uploads\/2024\/11\/20062b3a285f900e79520aad496b94d-887x1024.jpg 887w, https:\/\/vapestornado.com\/wp-content\/uploads\/2024\/11\/20062b3a285f900e79520aad496b94d-260x300.jpg 260w, https:\/\/vapestornado.com\/wp-content\/uploads\/2024\/11\/20062b3a285f900e79520aad496b94d-768x887.jpg 768w, https:\/\/vapestornado.com\/wp-content\/uploads\/2024\/11\/20062b3a285f900e79520aad496b94d-600x693.jpg 600w, https:\/\/vapestornado.com\/wp-content\/uploads\/2024\/11\/20062b3a285f900e79520aad496b94d.jpg 1080w\" sizes=\"(max-width: 887px) 100vw, 887px\" \/><figcaption id=\"caption-attachment-2921\" class=\"wp-caption-text\">vapestornado Vicky<\/figcaption><\/figure>","protected":false},"excerpt":{"rendered":"<p><strong>RandM Fumot 25000 Puffs jednor\u00e1zov\u00e1 e-cigareta<\/strong> nab\u00edz\u00ed 25 000 pot\u00e1hnut\u00ed, dob\u00edjec\u00ed 700mAh baterii, p\u0159izp\u016fsobiteln\u00e1 nastaven\u00ed a 24 p\u0159\u00edchut\u00ed pro pr\u00e9miov\u00fd z\u00e1\u017eitek z vapov\u00e1n\u00ed.<br \/>\nmin. objedn\u00e1vka 50ks!<strong><span style=\"color: #ff0000;\">(cena na na\u0161em webu nezahrnuje n\u00e1klady na dopravu, kontaktujte m\u011b, abyste z\u00edskali celkovou cenu a va\u0161i slevu!)<\/span><\/strong><\/p>\n<p><img loading=\"lazy\" decoding=\"async\" class=\"size-medium wp-image-2921\" src=\"https:\/\/vapestornado.com\/wp-content\/uploads\/2024\/11\/20062b3a285f900e79520aad496b94d-260x300.jpg\" alt=\"vapestornado Vicky\" width=\"260\" height=\"300\" srcset=\"https:\/\/vapestornado.com\/wp-content\/uploads\/2024\/11\/20062b3a285f900e79520aad496b94d-260x300.jpg 260w, https:\/\/vapestornado.com\/wp-content\/uploads\/2024\/11\/20062b3a285f900e79520aad496b94d-887x1024.jpg 887w, https:\/\/vapestornado.com\/wp-content\/uploads\/2024\/11\/20062b3a285f900e79520aad496b94d-768x887.jpg 768w, https:\/\/vapestornado.com\/wp-content\/uploads\/2024\/11\/20062b3a285f900e79520aad496b94d-600x693.jpg 600w, https:\/\/vapestornado.com\/wp-content\/uploads\/2024\/11\/20062b3a285f900e79520aad496b94d.jpg 1080w\" sizes=\"(max-width: 260px) 100vw, 260px\" \/><\/p>","protected":false},"featured_media":3266,"comment_status":"open","ping_status":"closed","template":"","meta":{"_acf_changed":false,"_uag_custom_page_level_css":"","_lmt_disableupdate":"no","_lmt_disable":"","_monsterinsights_skip_tracking":false,"_monsterinsights_sitenote_active":false,"_monsterinsights_sitenote_note":"","_monsterinsights_sitenote_category":0,"site-sidebar-layout":"default","site-content-layout":"","ast-site-content-layout":"default","site-content-style":"default","site-sidebar-style":"default","ast-global-header-display":"","ast-banner-title-visibility":"","ast-main-header-display":"","ast-hfb-above-header-display":"","ast-hfb-below-header-display":"","ast-hfb-mobile-header-display":"","site-post-title":"","ast-breadcrumbs-content":"","ast-featured-img":"","footer-sml-layout":"","ast-disable-related-posts":"","theme-transparent-header-meta":"default","adv-header-id-meta":"","stick-header-meta":"","header-above-stick-meta":"","header-main-stick-meta":"","header-below-stick-meta":"","astra-migrate-meta-layouts":"set","ast-page-background-enabled":"default","ast-page-background-meta":{"desktop":{"background-color":"","background-image":"","background-repeat":"repeat","background-position":"center center","background-size":"auto","background-attachment":"scroll","background-type":"","background-media":"","overlay-type":"","overlay-color":"","overlay-opacity":"","overlay-gradient":""},"tablet":{"background-color":"","background-image":"","background-repeat":"repeat","background-position":"center center","background-size":"auto","background-attachment":"scroll","background-type":"","background-media":"","overlay-type":"","overlay-color":"","overlay-opacity":"","overlay-gradient":""},"mobile":{"background-color":"","background-image":"","background-repeat":"repeat","background-position":"center center","background-size":"auto","background-attachment":"scroll","background-type":"","background-media":"","overlay-type":"","overlay-color":"","overlay-opacity":"","overlay-gradient":""}},"ast-content-background-meta":{"desktop":{"background-color":"var(--ast-global-color-5)","background-image":"","background-repeat":"repeat","background-position":"center center","background-size":"auto","background-attachment":"scroll","background-type":"","background-media":"","overlay-type":"","overlay-color":"","overlay-opacity":"","overlay-gradient":""},"tablet":{"background-color":"var(--ast-global-color-5)","background-image":"","background-repeat":"repeat","background-position":"center center","background-size":"auto","background-attachment":"scroll","background-type":"","background-media":"","overlay-type":"","overlay-color":"","overlay-opacity":"","overlay-gradient":""},"mobile":{"background-color":"var(--ast-global-color-5)","background-image":"","background-repeat":"repeat","background-position":"center center","background-size":"auto","background-attachment":"scroll","background-type":"","background-media":"","overlay-type":"","overlay-color":"","overlay-opacity":"","overlay-gradient":""}},"_joinchat":{"telephone":"+8618077105750"}},"product_brand":[],"product_cat":[68,155,157,142,58,144],"product_tag":[],"class_list":{"0":"post-2918","1":"product","2":"type-product","3":"status-publish","4":"has-post-thumbnail","6":"product_cat-25000-puff","7":"product_cat-buy-disposable-vapes-in-norway","8":"product_cat-buy-disposable-vapes-in-portugal","9":"product_cat-digital-box-disposable-vapes","10":"product_cat-fumot-vape","11":"product_cat-low-nicotine-disposable-vapes","12":"desktop-align-left","13":"tablet-align-left","14":"mobile-align-left","16":"first","17":"instock","18":"sale","19":"shipping-taxable","20":"purchasable","21":"product-type-simple"},"acf":[],"uagb_featured_image_src":{"full":["https:\/\/vapestornado.com\/wp-content\/uploads\/2024\/12\/Buy-RandM-Tornado-25K-Vape.png",900,604,false],"thumbnail":["https:\/\/vapestornado.com\/wp-content\/uploads\/2024\/12\/Buy-RandM-Tornado-25K-Vape-150x150.png",150,150,true],"medium":["https:\/\/vapestornado.com\/wp-content\/uploads\/2024\/12\/Buy-RandM-Tornado-25K-Vape-300x201.png",300,201,true],"medium_large":["https:\/\/vapestornado.com\/wp-content\/uploads\/2024\/12\/Buy-RandM-Tornado-25K-Vape-768x515.png",768,515,true],"large":["https:\/\/vapestornado.com\/wp-content\/uploads\/2024\/12\/Buy-RandM-Tornado-25K-Vape.png",900,604,false],"1536x1536":["https:\/\/vapestornado.com\/wp-content\/uploads\/2024\/12\/Buy-RandM-Tornado-25K-Vape.png",900,604,false],"2048x2048":["https:\/\/vapestornado.com\/wp-content\/uploads\/2024\/12\/Buy-RandM-Tornado-25K-Vape.png",900,604,false],"trp-custom-language-flag":["https:\/\/vapestornado.com\/wp-content\/uploads\/2024\/12\/Buy-RandM-Tornado-25K-Vape.png",18,12,false],"woocommerce_thumbnail":["https:\/\/vapestornado.com\/wp-content\/uploads\/2024\/12\/Buy-RandM-Tornado-25K-Vape-300x300.png",300,300,true],"woocommerce_single":["https:\/\/vapestornado.com\/wp-content\/uploads\/2024\/12\/Buy-RandM-Tornado-25K-Vape-600x403.png",600,403,true],"woocommerce_gallery_thumbnail":["https:\/\/vapestornado.com\/wp-content\/uploads\/2024\/12\/Buy-RandM-Tornado-25K-Vape-100x100.png",100,100,true]},"uagb_author_info":{"display_name":"ESvicky","author_link":"https:\/\/vapestornado.com\/cs\/author\/"},"uagb_comment_info":0,"uagb_excerpt":"RandM Fumot 25000 Puffs Disposable Vape offers 25,000 puffs, a 700mAh rechargeable battery, customizable settings, and 24 flavors for a premium vaping experience. min order 50pcs!(our website price not include shipping cost, please contact me to get whole price and your disccount!)","_links":{"self":[{"href":"https:\/\/vapestornado.com\/cs\/wp-json\/wp\/v2\/product\/2918","targetHints":{"allow":["GET"]}}],"collection":[{"href":"https:\/\/vapestornado.com\/cs\/wp-json\/wp\/v2\/product"}],"about":[{"href":"https:\/\/vapestornado.com\/cs\/wp-json\/wp\/v2\/types\/product"}],"replies":[{"embeddable":true,"href":"https:\/\/vapestornado.com\/cs\/wp-json\/wp\/v2\/comments?post=2918"}],"wp:featuredmedia":[{"embeddable":true,"href":"https:\/\/vapestornado.com\/cs\/wp-json\/wp\/v2\/media\/3266"}],"wp:attachment":[{"href":"https:\/\/vapestornado.com\/cs\/wp-json\/wp\/v2\/media?parent=2918"}],"wp:term":[{"taxonomy":"product_brand","embeddable":true,"href":"https:\/\/vapestornado.com\/cs\/wp-json\/wp\/v2\/product_brand?post=2918"},{"taxonomy":"product_cat","embeddable":true,"href":"https:\/\/vapestornado.com\/cs\/wp-json\/wp\/v2\/product_cat?post=2918"},{"taxonomy":"product_tag","embeddable":true,"href":"https:\/\/vapestornado.com\/cs\/wp-json\/wp\/v2\/product_tag?post=2918"}],"curies":[{"name":"wp","href":"https:\/\/api.w.org\/{rel}","templated":true}]}}