{"id":2784,"date":"2024-11-12T10:04:17","date_gmt":"2024-11-12T10:04:17","guid":{"rendered":"https:\/\/vapestornado.com\/?page_id=2784"},"modified":"2024-11-12T10:04:19","modified_gmt":"2024-11-12T10:04:19","slug":"payment-methods-at-vapestornado","status":"publish","type":"page","link":"https:\/\/vapestornado.com\/cs\/payment-methods-at-vapestornado\/","title":{"rendered":"Platebn\u00ed metody ve vapestornado"},"content":{"rendered":"<p>D\u011bkujeme, \u017ee jste si vybrali <strong>vapestornado<\/strong>, v\u00e1\u0161 d\u016fv\u011bryhodn\u00fd online obchod s pr\u00e9miov\u00fdmi jednor\u00e1zov\u00fdmi vape produkty. S dlouholet\u00fdmi zku\u0161enostmi v oboru jsme hrd\u00ed na to, \u017ee m\u016f\u017eeme nab\u00eddnout \u0161irok\u00fd v\u00fdb\u011br \u0161pi\u010dkov\u00fdch zna\u010dek a dod\u00e1vat na\u0161e produkty do r\u016fzn\u00fdch zem\u00ed po cel\u00e9m sv\u011bt\u011b. Jsme odhodl\u00e1ni poskytnout v\u00e1m bezpe\u010dn\u00fd, pohodln\u00fd a bezprobl\u00e9mov\u00fd z\u00e1\u017eitek z nakupov\u00e1n\u00ed.<\/p>\n\n\n\n<p>P\u0159ij\u00edm\u00e1me n\u00e1sleduj\u00edc\u00ed zp\u016fsoby platby:<\/p>\n\n\n\n<ol class=\"wp-block-list\">\n<li><strong>PayPal<\/strong>: U\u017eijte si bezpe\u010dn\u00e9 a snadn\u00e9 platby prost\u0159ednictv\u00edm PayPal pro va\u0161e objedn\u00e1vky. <em>(V\u010detn\u011b DPH)<\/em><\/li>\n\n\n\n<li><strong>Kreditn\u00ed karta<\/strong>: P\u0159ij\u00edm\u00e1me hlavn\u00ed kreditn\u00ed karty, co\u017e zaji\u0161\u0165uje bezprobl\u00e9mov\u00fd proces placen\u00ed. <em>(V\u010detn\u011b DPH)<\/em><\/li>\n\n\n\n<li><strong>Bankovn\u00ed p\u0159evod<\/strong>: Pro tradi\u010dn\u00ed platby jsou k dispozici bankovn\u00ed p\u0159evody. <em>(Bez DPH)<\/em><\/li>\n\n\n\n<li><strong>Kryptom\u011bna<\/strong>: Nab\u00edz\u00edme platby kryptom\u011bnami pro modern\u00ed platebn\u00ed mo\u017enost zam\u011b\u0159enou na budoucnost. <em>(Bez DPH)<\/em><\/li>\n\n\n\n<li><strong>Wise P\u0159evod<\/strong>: Pou\u017eijte Wise pro efektivn\u00ed a n\u00e1kladov\u011b efektivn\u00ed p\u0159evodn\u00ed slu\u017eby. <em>(Bez DPH)<\/em><\/li>\n<\/ol>\n\n\n\n<p>Pokud m\u00e1te jak\u00e9koli specifick\u00e9 dotazy nebo po\u017eadavky t\u00fdkaj\u00edc\u00ed se plateb, n\u00e1\u0161 t\u00fdm z\u00e1kaznick\u00e9ho servisu je v\u017edy p\u0159ipraven v\u00e1m pomoci. Jsme tu proto, abychom zajistili, \u017ee va\u0161e nakupov\u00e1n\u00ed na vapestornado bude hladk\u00e9 a bezpe\u010dn\u00e9!<\/p>\n\n\n\n<p><\/p>","protected":false},"excerpt":{"rendered":"<p>D\u011bkujeme, \u017ee jste si vybrali vapestornado, v\u00e1\u0161 d\u016fv\u011bryhodn\u00fd online obchod s pr\u00e9miov\u00fdmi jednor\u00e1zov\u00fdmi vape produkty. S dlouholet\u00fdmi zku\u0161enostmi v oboru jsme hrd\u00ed na to, \u017ee m\u016f\u017eeme nab\u00eddnout \u0161irok\u00fd v\u00fdb\u011br \u0161pi\u010dkov\u00fdch zna\u010dek a zas\u00edlat na\u0161e produkty do r\u016fzn\u00fdch zem\u00ed po cel\u00e9m sv\u011bt\u011b. Jsme odhodl\u00e1ni poskytnout v\u00e1m bezpe\u010dn\u00fd, pohodln\u00fd a bezprobl\u00e9mov\u00fd z\u00e1\u017eitek z nakupov\u00e1n\u00ed.<\/p>","protected":false},"author":1,"featured_media":0,"parent":0,"menu_order":0,"comment_status":"closed","ping_status":"closed","template":"","meta":{"_acf_changed":false,"_uag_custom_page_level_css":"","_lmt_disableupdate":"","_lmt_disable":"","_monsterinsights_skip_tracking":false,"_monsterinsights_sitenote_active":false,"_monsterinsights_sitenote_note":"","_monsterinsights_sitenote_category":0,"site-sidebar-layout":"default","site-content-layout":"","ast-site-content-layout":"default","site-content-style":"default","site-sidebar-style":"default","ast-global-header-display":"","ast-banner-title-visibility":"","ast-main-header-display":"","ast-hfb-above-header-display":"","ast-hfb-below-header-display":"","ast-hfb-mobile-header-display":"","site-post-title":"","ast-breadcrumbs-content":"","ast-featured-img":"","footer-sml-layout":"","ast-disable-related-posts":"","theme-transparent-header-meta":"","adv-header-id-meta":"","stick-header-meta":"","header-above-stick-meta":"","header-main-stick-meta":"","header-below-stick-meta":"","astra-migrate-meta-layouts":"set","ast-page-background-enabled":"default","ast-page-background-meta":{"desktop":{"background-color":"","background-image":"","background-repeat":"repeat","background-position":"center center","background-size":"auto","background-attachment":"scroll","background-type":"","background-media":"","overlay-type":"","overlay-color":"","overlay-opacity":"","overlay-gradient":""},"tablet":{"background-color":"","background-image":"","background-repeat":"repeat","background-position":"center center","background-size":"auto","background-attachment":"scroll","background-type":"","background-media":"","overlay-type":"","overlay-color":"","overlay-opacity":"","overlay-gradient":""},"mobile":{"background-color":"","background-image":"","background-repeat":"repeat","background-position":"center center","background-size":"auto","background-attachment":"scroll","background-type":"","background-media":"","overlay-type":"","overlay-color":"","overlay-opacity":"","overlay-gradient":""}},"ast-content-background-meta":{"desktop":{"background-color":"var(--ast-global-color-5)","background-image":"","background-repeat":"repeat","background-position":"center center","background-size":"auto","background-attachment":"scroll","background-type":"","background-media":"","overlay-type":"","overlay-color":"","overlay-opacity":"","overlay-gradient":""},"tablet":{"background-color":"var(--ast-global-color-5)","background-image":"","background-repeat":"repeat","background-position":"center center","background-size":"auto","background-attachment":"scroll","background-type":"","background-media":"","overlay-type":"","overlay-color":"","overlay-opacity":"","overlay-gradient":""},"mobile":{"background-color":"var(--ast-global-color-5)","background-image":"","background-repeat":"repeat","background-position":"center center","background-size":"auto","background-attachment":"scroll","background-type":"","background-media":"","overlay-type":"","overlay-color":"","overlay-opacity":"","overlay-gradient":""}},"_joinchat":[],"footnotes":""},"class_list":["post-2784","page","type-page","status-publish","hentry"],"acf":[],"uagb_featured_image_src":{"full":false,"thumbnail":false,"medium":false,"medium_large":false,"large":false,"1536x1536":false,"2048x2048":false,"trp-custom-language-flag":false,"woocommerce_thumbnail":false,"woocommerce_single":false,"woocommerce_gallery_thumbnail":false},"uagb_author_info":{"display_name":"yannazhan@gmail.com","author_link":"https:\/\/vapestornado.com\/cs\/author\/yannazhangmail-com\/"},"uagb_comment_info":0,"uagb_excerpt":"Thank you for choosing vapestornado, your trusted online store for premium disposable vape products. With years of expertise in the industry, we are proud to offer a wide selection of top brands and ship our products globally to various countries. We are committed to providing you with a secure, convenient, and seamless shopping experience. We&hellip;","_links":{"self":[{"href":"https:\/\/vapestornado.com\/cs\/wp-json\/wp\/v2\/pages\/2784","targetHints":{"allow":["GET"]}}],"collection":[{"href":"https:\/\/vapestornado.com\/cs\/wp-json\/wp\/v2\/pages"}],"about":[{"href":"https:\/\/vapestornado.com\/cs\/wp-json\/wp\/v2\/types\/page"}],"author":[{"embeddable":true,"href":"https:\/\/vapestornado.com\/cs\/wp-json\/wp\/v2\/users\/1"}],"replies":[{"embeddable":true,"href":"https:\/\/vapestornado.com\/cs\/wp-json\/wp\/v2\/comments?post=2784"}],"version-history":[{"count":1,"href":"https:\/\/vapestornado.com\/cs\/wp-json\/wp\/v2\/pages\/2784\/revisions"}],"predecessor-version":[{"id":2785,"href":"https:\/\/vapestornado.com\/cs\/wp-json\/wp\/v2\/pages\/2784\/revisions\/2785"}],"wp:attachment":[{"href":"https:\/\/vapestornado.com\/cs\/wp-json\/wp\/v2\/media?parent=2784"}],"curies":[{"name":"wp","href":"https:\/\/api.w.org\/{rel}","templated":true}]}}