{"id":2781,"date":"2024-11-12T10:02:57","date_gmt":"2024-11-12T10:02:57","guid":{"rendered":"https:\/\/vapestornado.com\/?page_id=2781"},"modified":"2024-11-12T10:02:58","modified_gmt":"2024-11-12T10:02:58","slug":"age-verification-policy-for-vapestornado","status":"publish","type":"page","link":"https:\/\/vapestornado.com\/cs\/age-verification-policy-for-vapestornado\/","title":{"rendered":"Z\u00e1sady ov\u011b\u0159en\u00ed v\u011bku pro vapestornado"},"content":{"rendered":"<p>Ve spole\u010dnosti vapestornado jsme odhodl\u00e1ni dodr\u017eovat odpov\u011bdn\u00fd a leg\u00e1ln\u00ed p\u0159\u00edstup k prodeji na\u0161ich vapovac\u00edch produkt\u016f. Abychom zajistili spln\u011bn\u00ed z\u00e1konn\u00fdch po\u017eadavk\u016f a podporovali odpov\u011bdn\u00e9 vapov\u00e1n\u00ed, zavedli jsme n\u00e1sleduj\u00edc\u00ed z\u00e1sady ov\u011b\u0159ov\u00e1n\u00ed v\u011bku:<\/p>\n\n\n\n<h3 class=\"wp-block-heading\"><strong>Z\u00e1konn\u00fd v\u011bk pro kou\u0159en\u00ed<\/strong><\/h3>\n\n\n\n<p>Z\u00e1kazn\u00edci mus\u00ed b\u00fdt alespo\u0148 <strong>21 let<\/strong> (z\u00e1konn\u00fd v\u011bk pro kou\u0159en\u00ed v \u010cesk\u00e9 republice) pro n\u00e1kup vape produkt\u016f z na\u0161ich webov\u00fdch str\u00e1nek vapestornado.com.<\/p>\n\n\n\n<h3 class=\"wp-block-heading\"><strong>Fal\u0161ov\u00e1n\u00ed v\u011bku je nez\u00e1konn\u00e9<\/strong><\/h3>\n\n\n\n<p>Je <strong>nez\u00e1konn\u00e9<\/strong> fal\u0161ovat sv\u016fj v\u011bk za \u00fa\u010delem n\u00e1kupu na\u0161ich produkt\u016f. Poru\u0161en\u00ed tohoto z\u00e1kona m\u016f\u017ee v\u00e9st k pr\u00e1vn\u00edm sankc\u00edm, v\u010detn\u011b pokut a potenci\u00e1ln\u00edho trestn\u00edho st\u00edh\u00e1n\u00ed.<\/p>\n\n\n\n<h3 class=\"wp-block-heading\"><strong>Z\u00e1kaz n\u00e1kupu pro nezletil\u00e9<\/strong><\/h3>\n\n\n\n<p>N\u00e1kup vape produkt\u016f od vapestornado pro <strong>nezletil\u00e9<\/strong> je p\u0159\u00edsn\u011b zak\u00e1z\u00e1n. Jak\u00fdkoli pokus o to m\u016f\u017ee v\u00e9st k pr\u00e1vn\u00edm d\u016fsledk\u016fm pro kupuj\u00edc\u00edho.<\/p>\n\n\n\n<h3 class=\"wp-block-heading\"><strong>Proces ov\u011b\u0159en\u00ed v\u011bku<\/strong><\/h3>\n\n\n\n<p>M\u00e1me <strong>p\u0159\u00edsn\u00fd proces ov\u011b\u0159en\u00ed v\u011bku<\/strong> pro zaji\u0161t\u011bn\u00ed souladu se z\u00e1konn\u00fdmi po\u017eadavky na v\u011bk. K dokon\u010den\u00ed ov\u011b\u0159en\u00ed v\u011bku m\u016f\u017eete b\u00fdt po\u017e\u00e1d\u00e1ni o poskytnut\u00ed osobn\u00edch \u00fadaj\u016f, v\u010detn\u011b va\u0161eho jm\u00e9na, adresy, data narozen\u00ed a posledn\u00edch \u010dty\u0159 \u010d\u00edslic va\u0161eho rodn\u00e9ho \u010d\u00edsla. Tyto informace budou k\u0159\u00ed\u017eov\u011b zkontrolov\u00e1ny s ve\u0159ejn\u00fdmi z\u00e1znamy. Pokud k\u0159\u00ed\u017eov\u00e1 kontrola nebude \u00fasp\u011b\u0161n\u00e1 nebo pokud nem\u016f\u017eete poskytnout sv\u00e9 rodn\u00e9 \u010d\u00edslo, budete muset nahr\u00e1t <strong>doklad toto\u017enosti vydan\u00fd vl\u00e1dou \u010cesk\u00e9 republiky<\/strong> pro ov\u011b\u0159en\u00ed.<\/p>\n\n\n\n<h3 class=\"wp-block-heading\"><strong>Pr\u00e1vo odm\u00edtnout slu\u017ebu<\/strong><\/h3>\n\n\n\n<p>Vyhrazujeme si pr\u00e1vo <strong>odm\u00edtnout nebo zru\u0161it objedn\u00e1vku<\/strong> pokud nem\u016f\u017eeme ov\u011b\u0159it v\u00e1\u0161 v\u011bk nebo pokud nelze neprodlen\u011b poskytnout \u0159\u00e1dn\u00fd pr\u016fkaz toto\u017enosti.<\/p>\n\n\n\n<h3 class=\"wp-block-heading\"><strong>Z\u00e1vazek k prevenci ml\u00e1de\u017ee<\/strong><\/h3>\n\n\n\n<p>vapestornado se v\u011bnuje prevenci prodeje produkt\u016f osob\u00e1m mlad\u0161\u00edm v\u011bku. Pou\u017e\u00edv\u00e1me robustn\u00ed syst\u00e9m ov\u011b\u0159ov\u00e1n\u00ed v\u011bku, abychom zajistili dodr\u017eov\u00e1n\u00ed z\u00e1konn\u00fdch v\u011bkov\u00fdch omezen\u00ed a zabr\u00e1nili p\u0159\u00edstupu mlad\u00fdch lid\u00ed k produkt\u016fm vape.<\/p>\n\n\n\n<h3 class=\"wp-block-heading\"><strong>Odm\u00edtnut\u00ed nebo omezen\u00ed slu\u017eby<\/strong><\/h3>\n\n\n\n<p>Vyhrazujeme si pr\u00e1vo <strong>odm\u00edtnout slu\u017ebu<\/strong> osob\u00e1m, kter\u00e9 nespl\u0148uj\u00ed v\u011bkov\u00e9 po\u017eadavky nebo nep\u0159edlo\u017e\u00ed dostate\u010dn\u00fd d\u016fkaz o v\u011bku. Pokud se domn\u00edv\u00e1te, \u017ee v\u00e1m byla slu\u017eba nepr\u00e1vem odep\u0159ena, kontaktujte pros\u00edm n\u00e1\u0161 t\u00fdm z\u00e1kaznick\u00e9ho servisu pro pomoc.<\/p>\n\n\n\n<h3 class=\"wp-block-heading\"><strong>Upozorn\u011bn\u00ed na obsah str\u00e1nek<\/strong><\/h3>\n\n\n\n<p>Zahrnujeme <strong>varovnou zpr\u00e1vu<\/strong> na na\u0161ich webov\u00fdch str\u00e1nk\u00e1ch t\u00fdkaj\u00edc\u00ed se elektronick\u00fdch cigaret, kter\u00e1 z\u00e1kazn\u00edk\u016fm p\u0159ipom\u00edn\u00e1, \u017ee jim mus\u00ed b\u00fdt alespo\u0148 <strong>21 let<\/strong> v \u010cesk\u00e9 republice, aby mohli nakupovat.<\/p>\n\n\n\n<p>Ve spole\u010dnosti vapestornado up\u0159ednost\u0148ujeme <strong>bezpe\u010dnost<\/strong> a <strong>blaho<\/strong> na\u0161ich z\u00e1kazn\u00edk\u016f. Zaji\u0161t\u011bn\u00edm p\u0159\u00edsn\u00e9ho dodr\u017eov\u00e1n\u00ed protokol\u016f ov\u011b\u0159ov\u00e1n\u00ed v\u011bku udr\u017eujeme odpov\u011bdn\u00fd a leg\u00e1ln\u00ed p\u0159\u00edstup k prodeji e-cigaret. N\u00e1\u0161 z\u00e1vazek k prevenci p\u0159\u00edstupu osob mlad\u0161\u00edch 18 let odr\u00e1\u017e\u00ed na\u0161e odhodl\u00e1n\u00ed podporovat zdravou a odpov\u011bdnou komunitu vapingu.<\/p>\n\n\n\n<p>4o mini<\/p>","protected":false},"excerpt":{"rendered":"<p>Ve spole\u010dnosti vapestornado jsme odhodl\u00e1ni udr\u017eovat odpov\u011bdn\u00fd a leg\u00e1ln\u00ed p\u0159\u00edstup k prodeji na\u0161ich vape produkt\u016f. Abychom zajistili spln\u011bn\u00ed z\u00e1konn\u00fdch po\u017eadavk\u016f a podpo\u0159ili odpov\u011bdn\u00e9 vapov\u00e1n\u00ed, zavedli jsme n\u00e1sleduj\u00edc\u00ed z\u00e1sady ov\u011b\u0159ov\u00e1n\u00ed v\u011bku: Po\u017eadavek z\u00e1konn\u00e9ho v\u011bku pro kou\u0159en\u00ed Z\u00e1kazn\u00edci mus\u00ed b\u00fdt star\u0161\u00ed 18 let (z\u00e1konn\u00fd v\u011bk pro kou\u0159en\u00ed v [\u2026]<\/p>","protected":false},"author":1,"featured_media":0,"parent":0,"menu_order":0,"comment_status":"closed","ping_status":"closed","template":"","meta":{"_acf_changed":false,"_uag_custom_page_level_css":"","_lmt_disableupdate":"","_lmt_disable":"","_monsterinsights_skip_tracking":false,"_monsterinsights_sitenote_active":false,"_monsterinsights_sitenote_note":"","_monsterinsights_sitenote_category":0,"site-sidebar-layout":"default","site-content-layout":"","ast-site-content-layout":"default","site-content-style":"default","site-sidebar-style":"default","ast-global-header-display":"","ast-banner-title-visibility":"","ast-main-header-display":"","ast-hfb-above-header-display":"","ast-hfb-below-header-display":"","ast-hfb-mobile-header-display":"","site-post-title":"","ast-breadcrumbs-content":"","ast-featured-img":"","footer-sml-layout":"","ast-disable-related-posts":"","theme-transparent-header-meta":"","adv-header-id-meta":"","stick-header-meta":"","header-above-stick-meta":"","header-main-stick-meta":"","header-below-stick-meta":"","astra-migrate-meta-layouts":"set","ast-page-background-enabled":"default","ast-page-background-meta":{"desktop":{"background-color":"","background-image":"","background-repeat":"repeat","background-position":"center center","background-size":"auto","background-attachment":"scroll","background-type":"","background-media":"","overlay-type":"","overlay-color":"","overlay-opacity":"","overlay-gradient":""},"tablet":{"background-color":"","background-image":"","background-repeat":"repeat","background-position":"center center","background-size":"auto","background-attachment":"scroll","background-type":"","background-media":"","overlay-type":"","overlay-color":"","overlay-opacity":"","overlay-gradient":""},"mobile":{"background-color":"","background-image":"","background-repeat":"repeat","background-position":"center center","background-size":"auto","background-attachment":"scroll","background-type":"","background-media":"","overlay-type":"","overlay-color":"","overlay-opacity":"","overlay-gradient":""}},"ast-content-background-meta":{"desktop":{"background-color":"var(--ast-global-color-5)","background-image":"","background-repeat":"repeat","background-position":"center center","background-size":"auto","background-attachment":"scroll","background-type":"","background-media":"","overlay-type":"","overlay-color":"","overlay-opacity":"","overlay-gradient":""},"tablet":{"background-color":"var(--ast-global-color-5)","background-image":"","background-repeat":"repeat","background-position":"center center","background-size":"auto","background-attachment":"scroll","background-type":"","background-media":"","overlay-type":"","overlay-color":"","overlay-opacity":"","overlay-gradient":""},"mobile":{"background-color":"var(--ast-global-color-5)","background-image":"","background-repeat":"repeat","background-position":"center center","background-size":"auto","background-attachment":"scroll","background-type":"","background-media":"","overlay-type":"","overlay-color":"","overlay-opacity":"","overlay-gradient":""}},"_joinchat":[],"footnotes":""},"class_list":["post-2781","page","type-page","status-publish","hentry"],"acf":[],"uagb_featured_image_src":{"full":false,"thumbnail":false,"medium":false,"medium_large":false,"large":false,"1536x1536":false,"2048x2048":false,"trp-custom-language-flag":false,"woocommerce_thumbnail":false,"woocommerce_single":false,"woocommerce_gallery_thumbnail":false},"uagb_author_info":{"display_name":"yannazhan@gmail.com","author_link":"https:\/\/vapestornado.com\/cs\/author\/yannazhangmail-com\/"},"uagb_comment_info":0,"uagb_excerpt":"At vapestornado, we are committed to maintaining a responsible and legal approach to the sale of our vape products. To ensure we meet legal requirements and promote responsible vaping, we have implemented the following age verification policy: Legal Smoking Age Requirement Customers must be at least 21 years old (the legal smoking age in the&hellip;","_links":{"self":[{"href":"https:\/\/vapestornado.com\/cs\/wp-json\/wp\/v2\/pages\/2781","targetHints":{"allow":["GET"]}}],"collection":[{"href":"https:\/\/vapestornado.com\/cs\/wp-json\/wp\/v2\/pages"}],"about":[{"href":"https:\/\/vapestornado.com\/cs\/wp-json\/wp\/v2\/types\/page"}],"author":[{"embeddable":true,"href":"https:\/\/vapestornado.com\/cs\/wp-json\/wp\/v2\/users\/1"}],"replies":[{"embeddable":true,"href":"https:\/\/vapestornado.com\/cs\/wp-json\/wp\/v2\/comments?post=2781"}],"version-history":[{"count":1,"href":"https:\/\/vapestornado.com\/cs\/wp-json\/wp\/v2\/pages\/2781\/revisions"}],"predecessor-version":[{"id":2783,"href":"https:\/\/vapestornado.com\/cs\/wp-json\/wp\/v2\/pages\/2781\/revisions\/2783"}],"wp:attachment":[{"href":"https:\/\/vapestornado.com\/cs\/wp-json\/wp\/v2\/media?parent=2781"}],"curies":[{"name":"wp","href":"https:\/\/api.w.org\/{rel}","templated":true}]}}