{"id":2778,"date":"2024-11-12T09:59:42","date_gmt":"2024-11-12T09:59:42","guid":{"rendered":"https:\/\/vapestornado.com\/?page_id=2778"},"modified":"2024-11-12T09:59:43","modified_gmt":"2024-11-12T09:59:43","slug":"privacy-policy-for-vapestornado","status":"publish","type":"page","link":"https:\/\/vapestornado.com\/cs\/privacy-policy-for-vapestornado\/","title":{"rendered":"Z\u00e1sady ochrany osobn\u00edch \u00fadaj\u016f pro vapestornado"},"content":{"rendered":"<p>Ve spole\u010dnosti vapestornado klademe d\u016fraz na ochranu a d\u016fv\u011brnost va\u0161ich osobn\u00edch \u00fadaj\u016f. Tyto z\u00e1sady ochrany osobn\u00edch \u00fadaj\u016f vysv\u011btluj\u00ed, jak shroma\u017e\u010fujeme, pou\u017e\u00edv\u00e1me a chr\u00e1n\u00edme informace, kter\u00e9 poskytujete p\u0159i pou\u017e\u00edv\u00e1n\u00ed na\u0161ich webov\u00fdch str\u00e1nek vapestornado.com.<\/p>\n\n\n\n<p><strong>Sb\u011br informac\u00ed<\/strong><\/p>\n\n\n\n<p>Kdy\u017e nav\u0161t\u00edv\u00edte na\u0161e webov\u00e9 str\u00e1nky, m\u016f\u017eeme shroma\u017e\u010fovat n\u00e1sleduj\u00edc\u00ed typy informac\u00ed:<\/p>\n\n\n\n<ul class=\"wp-block-list\">\n<li><strong>Osobn\u00ed \u00fadaje<\/strong>: To zahrnuje \u00fadaje jako va\u0161e jm\u00e9no, e-mailov\u00e1 adresa a kontaktn\u00ed informace, kter\u00e9 poskytnete p\u0159i n\u00e1kupu nebo kdy\u017e n\u00e1s kontaktujete.<\/li>\n\n\n\n<li><strong>Informace o prohl\u00ed\u017een\u00ed a za\u0159\u00edzen\u00ed<\/strong>: Shroma\u017e\u010fujeme informace o va\u0161em chov\u00e1n\u00ed p\u0159i prohl\u00ed\u017een\u00ed a za\u0159\u00edzen\u00ed pomoc\u00ed soubor\u016f cookie a podobn\u00fdch technologi\u00ed, abychom zlep\u0161ili va\u0161i u\u017eivatelskou zku\u0161enost.<\/li>\n\n\n\n<li><strong>Ostatn\u00ed informace<\/strong>: Jak\u00e9koli dal\u0161\u00ed podrobnosti, kter\u00e9 s n\u00e1mi dobrovoln\u011b sd\u00edl\u00edte.<\/li>\n<\/ul>\n\n\n\n<p><strong>Pou\u017eit\u00ed informac\u00ed<\/strong><\/p>\n\n\n\n<p>Informace, kter\u00e9 shroma\u017e\u010fujeme, pou\u017e\u00edv\u00e1me pro \u00fa\u010dely, kter\u00e9 zahrnuj\u00ed:<\/p>\n\n\n\n<ul class=\"wp-block-list\">\n<li><strong>Ozn\u00e1men\u00ed o objedn\u00e1vk\u00e1ch<\/strong>: Kdy\u017e zad\u00e1te objedn\u00e1vku, pou\u017eijeme va\u0161i poskytnutou e-mailovou adresu k zas\u00edl\u00e1n\u00ed d\u016fle\u017eit\u00fdch aktualizac\u00ed, jako jsou potvrzen\u00ed objedn\u00e1vky, ozn\u00e1men\u00ed o odesl\u00e1n\u00ed a dal\u0161\u00ed komunikace t\u00fdkaj\u00edc\u00ed se objedn\u00e1vky.<\/li>\n\n\n\n<li><strong>Marketingov\u00e1 komunikace<\/strong>: Zad\u00e1\u00e1n\u00edm objedn\u00e1vky na na\u0161em webu souhlas\u00edte s t\u00edm, \u017ee budete dost\u00e1vat pravideln\u00e9 marketingov\u00e9 e-maily s informacemi o nov\u00fdch produktech, speci\u00e1ln\u00edch nab\u00eddk\u00e1ch, akc\u00edch a ud\u00e1lostech. Odb\u011br m\u016f\u017eete kdykoli zru\u0161it podle pokyn\u016f uveden\u00fdch v ka\u017ed\u00e9m e-mailu.<\/li>\n\n\n\n<li><strong>Z\u00e1kaznick\u00e1 komunikace<\/strong>: M\u016f\u017eeme v\u00e1s kontaktovat ohledn\u011b va\u0161ich objedn\u00e1vek, dotaz\u016f a propaga\u010dn\u00edch aktualizac\u00ed.<\/li>\n\n\n\n<li><strong>Vylep\u0161en\u00ed webov\u00fdch str\u00e1nek<\/strong>: Pou\u017e\u00edv\u00e1me data ke zlep\u0161en\u00ed na\u0161ich webov\u00fdch str\u00e1nek a slu\u017eeb na z\u00e1klad\u011b zp\u011btn\u00e9 vazby a interakc\u00ed u\u017eivatel\u016f.<\/li>\n\n\n\n<li><strong>Zabezpe\u010den\u00ed a prevence podvod\u016f<\/strong>: Va\u0161e informace pou\u017e\u00edv\u00e1me k zabezpe\u010den\u00ed na\u0161ich str\u00e1nek a prevenci podvodn\u00fdch aktivit.<\/li>\n<\/ul>\n\n\n\n<p><strong>Sd\u00edlen\u00ed informac\u00ed<\/strong><\/p>\n\n\n\n<p>Neprod\u00e1v\u00e1me ani nesd\u00edl\u00edme va\u0161e osobn\u00ed \u00fadaje s t\u0159et\u00edmi stranami bez va\u0161eho souhlasu, s v\u00fdjimkou p\u0159\u00edpad\u016f, kdy je to nezbytn\u00e9 pro spln\u011bn\u00ed va\u0161ich po\u017eadavk\u016f (nap\u0159. sd\u00edlen\u00ed s p\u0159epravn\u00edmi partnery) nebo jak to vy\u017eaduje z\u00e1kon.<\/p>\n\n\n\n<p><strong>Zabezpe\u010den\u00ed dat<\/strong><\/p>\n\n\n\n<p>Pou\u017e\u00edv\u00e1me standardn\u00ed bezpe\u010dnostn\u00ed opat\u0159en\u00ed, v\u010detn\u011b \u0161ifrov\u00e1n\u00ed, technologie Secure Socket Layer (SSL) a pravideln\u00fdch bezpe\u010dnostn\u00edch hodnocen\u00ed, abychom chr\u00e1nili va\u0161e osobn\u00ed \u00fadaje.<\/p>\n\n\n\n<p><strong>Va\u0161e pr\u00e1va<\/strong><\/p>\n\n\n\n<p>M\u00e1te pr\u00e1vo kdykoli p\u0159istoupit ke sv\u00fdm osobn\u00edm \u00fadaj\u016fm, aktualizovat je nebo je smazat. M\u016f\u017eete se tak\u00e9 odhl\u00e1sit z odb\u011bru marketingov\u00fdch sd\u011blen\u00ed kliknut\u00edm na odkaz \u201eodhl\u00e1sit\u201c v na\u0161ich e-mailech.<\/p>\n\n\n\n<p><strong>Aktualizace z\u00e1sad<\/strong><\/p>\n\n\n\n<p>Tyto Z\u00e1sady ochrany osobn\u00edch \u00fadaj\u016f mohou b\u00fdt pravideln\u011b aktualizov\u00e1ny, aby odr\u00e1\u017eely zm\u011bny v na\u0161ich postupech nebo pr\u00e1vn\u00edch po\u017eadavc\u00edch. Doporu\u010dujeme, abyste si tyto z\u00e1sady pravideln\u011b prohl\u00ed\u017eeli.<\/p>\n\n\n\n<p>Pou\u017e\u00edv\u00e1n\u00edm na\u0161ich webov\u00fdch str\u00e1nek souhlas\u00edte s podm\u00ednkami uveden\u00fdmi v t\u011bchto Z\u00e1sad\u00e1ch ochrany osobn\u00edch \u00fadaj\u016f. V p\u0159\u00edpad\u011b jak\u00fdchkoli dotaz\u016f nebo obav t\u00fdkaj\u00edc\u00edch se na\u0161ich postup\u016f ochrany osobn\u00edch \u00fadaj\u016f n\u00e1s kontaktujte na adrese <a>info@vapestornado.com<\/a>.<\/p>\n\n\n\n<p>D\u011bkujeme, \u017ee jste si vybrali vapestornado pro va\u0161e pot\u0159eby jednor\u00e1zov\u00fdch vap\u016f.<\/p>","protected":false},"excerpt":{"rendered":"<p>Ve spole\u010dnosti vapestornado up\u0159ednost\u0148ujeme ochranu a d\u016fv\u011brnost va\u0161ich osobn\u00edch \u00fadaj\u016f. Tyto Z\u00e1sady ochrany osobn\u00edch \u00fadaj\u016f vysv\u011btluj\u00ed, jak shroma\u017e\u010fujeme, pou\u017e\u00edv\u00e1me a chr\u00e1n\u00edme informace, kter\u00e9 poskytujete p\u0159i pou\u017e\u00edv\u00e1n\u00ed na\u0161ich webov\u00fdch str\u00e1nek vapestornado.com. Shroma\u017e\u010fov\u00e1n\u00ed informac\u00ed Kdy\u017e nav\u0161t\u00edv\u00edte na\u0161e webov\u00e9 str\u00e1nky, m\u016f\u017eeme shroma\u017e\u010fovat n\u00e1sleduj\u00edc\u00ed typy informac\u00ed: Pou\u017eit\u00ed informac\u00ed Pou\u017e\u00edv\u00e1me informace, kter\u00e9 shroma\u017e\u010fujeme [\u2026]<\/p>","protected":false},"author":1,"featured_media":0,"parent":0,"menu_order":0,"comment_status":"closed","ping_status":"closed","template":"","meta":{"_acf_changed":false,"_uag_custom_page_level_css":"","_lmt_disableupdate":"","_lmt_disable":"","_monsterinsights_skip_tracking":false,"_monsterinsights_sitenote_active":false,"_monsterinsights_sitenote_note":"","_monsterinsights_sitenote_category":0,"site-sidebar-layout":"default","site-content-layout":"","ast-site-content-layout":"default","site-content-style":"default","site-sidebar-style":"default","ast-global-header-display":"","ast-banner-title-visibility":"","ast-main-header-display":"","ast-hfb-above-header-display":"","ast-hfb-below-header-display":"","ast-hfb-mobile-header-display":"","site-post-title":"","ast-breadcrumbs-content":"","ast-featured-img":"","footer-sml-layout":"","ast-disable-related-posts":"","theme-transparent-header-meta":"","adv-header-id-meta":"","stick-header-meta":"","header-above-stick-meta":"","header-main-stick-meta":"","header-below-stick-meta":"","astra-migrate-meta-layouts":"set","ast-page-background-enabled":"default","ast-page-background-meta":{"desktop":{"background-color":"","background-image":"","background-repeat":"repeat","background-position":"center center","background-size":"auto","background-attachment":"scroll","background-type":"","background-media":"","overlay-type":"","overlay-color":"","overlay-opacity":"","overlay-gradient":""},"tablet":{"background-color":"","background-image":"","background-repeat":"repeat","background-position":"center center","background-size":"auto","background-attachment":"scroll","background-type":"","background-media":"","overlay-type":"","overlay-color":"","overlay-opacity":"","overlay-gradient":""},"mobile":{"background-color":"","background-image":"","background-repeat":"repeat","background-position":"center center","background-size":"auto","background-attachment":"scroll","background-type":"","background-media":"","overlay-type":"","overlay-color":"","overlay-opacity":"","overlay-gradient":""}},"ast-content-background-meta":{"desktop":{"background-color":"var(--ast-global-color-5)","background-image":"","background-repeat":"repeat","background-position":"center center","background-size":"auto","background-attachment":"scroll","background-type":"","background-media":"","overlay-type":"","overlay-color":"","overlay-opacity":"","overlay-gradient":""},"tablet":{"background-color":"var(--ast-global-color-5)","background-image":"","background-repeat":"repeat","background-position":"center center","background-size":"auto","background-attachment":"scroll","background-type":"","background-media":"","overlay-type":"","overlay-color":"","overlay-opacity":"","overlay-gradient":""},"mobile":{"background-color":"var(--ast-global-color-5)","background-image":"","background-repeat":"repeat","background-position":"center center","background-size":"auto","background-attachment":"scroll","background-type":"","background-media":"","overlay-type":"","overlay-color":"","overlay-opacity":"","overlay-gradient":""}},"_joinchat":[],"footnotes":""},"class_list":["post-2778","page","type-page","status-publish","hentry"],"acf":[],"uagb_featured_image_src":{"full":false,"thumbnail":false,"medium":false,"medium_large":false,"large":false,"1536x1536":false,"2048x2048":false,"trp-custom-language-flag":false,"woocommerce_thumbnail":false,"woocommerce_single":false,"woocommerce_gallery_thumbnail":false},"uagb_author_info":{"display_name":"yannazhan@gmail.com","author_link":"https:\/\/vapestornado.com\/cs\/author\/yannazhangmail-com\/"},"uagb_comment_info":0,"uagb_excerpt":"At vapestornado, we prioritize the protection and confidentiality of your personal information. This Privacy Policy explains how we collect, use, and protect the information you provide while using our website, vapestornado.com. Information Collection When you visit our website, we may collect the following types of information: Use of Information We use the information we collect&hellip;","_links":{"self":[{"href":"https:\/\/vapestornado.com\/cs\/wp-json\/wp\/v2\/pages\/2778","targetHints":{"allow":["GET"]}}],"collection":[{"href":"https:\/\/vapestornado.com\/cs\/wp-json\/wp\/v2\/pages"}],"about":[{"href":"https:\/\/vapestornado.com\/cs\/wp-json\/wp\/v2\/types\/page"}],"author":[{"embeddable":true,"href":"https:\/\/vapestornado.com\/cs\/wp-json\/wp\/v2\/users\/1"}],"replies":[{"embeddable":true,"href":"https:\/\/vapestornado.com\/cs\/wp-json\/wp\/v2\/comments?post=2778"}],"version-history":[{"count":1,"href":"https:\/\/vapestornado.com\/cs\/wp-json\/wp\/v2\/pages\/2778\/revisions"}],"predecessor-version":[{"id":2779,"href":"https:\/\/vapestornado.com\/cs\/wp-json\/wp\/v2\/pages\/2778\/revisions\/2779"}],"wp:attachment":[{"href":"https:\/\/vapestornado.com\/cs\/wp-json\/wp\/v2\/media?parent=2778"}],"curies":[{"name":"wp","href":"https:\/\/api.w.org\/{rel}","templated":true}]}}