{"id":2776,"date":"2024-11-12T09:55:46","date_gmt":"2024-11-12T09:55:46","guid":{"rendered":"https:\/\/vapestornado.com\/?page_id=2776"},"modified":"2024-11-12T09:55:48","modified_gmt":"2024-11-12T09:55:48","slug":"terms-conditions","status":"publish","type":"page","link":"https:\/\/vapestornado.com\/cs\/terms-conditions\/","title":{"rendered":"Podm\u00ednky"},"content":{"rendered":"<p>V\u00edtejte na vapestornado! Vstupem na na\u0161e webov\u00e9 str\u00e1nky a jejich pou\u017e\u00edv\u00e1n\u00edm souhlas\u00edte s dodr\u017eov\u00e1n\u00edm n\u00e1sleduj\u00edc\u00edch podm\u00ednek a ujedn\u00e1n\u00ed spolu s platn\u00fdmi z\u00e1kony. Pokud s t\u011bmito podm\u00ednkami nesouhlas\u00edte, nepou\u017e\u00edvejte na\u0161e str\u00e1nky. N\u00e1kupem na na\u0161ich webov\u00fdch str\u00e1nk\u00e1ch souhlas\u00edte s podm\u00ednkami<\/p>\n\n\n\n<p><strong>Mezin\u00e1rodn\u00ed objedn\u00e1vky<\/strong><\/p>\n\n\n\n<p>Spole\u010dnost vapestornado s\u00eddl\u00ed v Hongkongu a p\u016fsob\u00ed glob\u00e1ln\u011b. Z\u00e1kazn\u00edci, kte\u0159\u00ed u n\u00e1s nakupuj\u00ed a zas\u00edlaj\u00ed zbo\u017e\u00ed do zem\u00ed mimo Hongkong, budou pova\u017eov\u00e1ni za mezin\u00e1rodn\u00ed z\u00e1kazn\u00edky. P\u0159ed n\u00e1kupem se pros\u00edm ujist\u011bte, \u017ee rozum\u00edte p\u0159edpis\u016fm va\u0161\u00ed zem\u011b t\u00fdkaj\u00edc\u00edm se dr\u017een\u00ed, dovozu, v\u00fdvozu a pou\u017e\u00edv\u00e1n\u00ed vaporiza\u010dn\u00edch produkt\u016f. Dal\u0161\u00ed z\u00e1sady pro konkr\u00e9tn\u00ed zem\u011b jsou uvedeny v na\u0161ich z\u00e1sad\u00e1ch dopravy, vracen\u00ed zbo\u017e\u00ed a z\u00e1ruky.<\/p>\n\n\n\n<p><strong>Autorsk\u00e1 pr\u00e1va<\/strong><\/p>\n\n\n\n<p>Ve\u0161ker\u00fd obsah na t\u00e9to str\u00e1nce, v\u010detn\u011b textu, grafiky a k\u00f3du, je chr\u00e1n\u011bn autorsk\u00fdm pr\u00e1vem jako kolektivn\u00ed d\u00edlo podle autorsk\u00fdch z\u00e1kon\u016f. Toto kolektivn\u00ed d\u00edlo zahrnuje d\u00edla licencovan\u00e1 spole\u010dnosti vapestornado. Copyright 2022, vapestornado. V\u0161echna pr\u00e1va vyhrazena. M\u016f\u017eete elektronicky kop\u00edrovat a tisknout \u010d\u00e1sti t\u00e9to str\u00e1nky pouze za \u00fa\u010delem zad\u00e1n\u00ed objedn\u00e1vky u spole\u010dnosti vapestornado nebo n\u00e1kupu produkt\u016f vapestornado. Jak\u00e9koli jin\u00e9 pou\u017eit\u00ed, v\u010detn\u011b reprodukce, distribuce, zobrazen\u00ed nebo p\u0159enosu obsahu str\u00e1nky, je p\u0159\u00edsn\u011b zak\u00e1z\u00e1no bez v\u00fdslovn\u00e9ho svolen\u00ed spole\u010dnosti vapestornado Inc.<\/p>\n\n\n\n<p><strong>Ochrann\u00e9 zn\u00e1mky<\/strong><\/p>\n\n\n\n<p>V\u0161echny ochrann\u00e9 zn\u00e1mky, servisn\u00ed zn\u00e1mky a obchodn\u00ed n\u00e1zvy pou\u017eit\u00e9 na t\u00e9to str\u00e1nce jsou ochrann\u00e9 zn\u00e1mky nebo registrovan\u00e9 ochrann\u00e9 zn\u00e1mky spole\u010dnosti vapestornado.<\/p>\n\n\n\n<p><strong>Z\u0159eknut\u00ed se z\u00e1ruky<\/strong><\/p>\n\n\n\n<p>Na\u0161e str\u00e1nky a poskytovan\u00e9 materi\u00e1ly a produkty jsou nab\u00edzeny \u201etak jak jsou\u201c bez z\u00e1ruk jak\u00e9hokoli druhu, a\u0165 u\u017e v\u00fdslovn\u00fdch nebo implicitn\u00edch. vapestornado se z\u0159\u00edk\u00e1 ve\u0161ker\u00fdch z\u00e1ruk, v\u010detn\u011b obchodovatelnosti, vhodnosti pro konkr\u00e9tn\u00ed \u00fa\u010del a neporu\u0161ov\u00e1n\u00ed pr\u00e1v. Nezaru\u010dujeme, \u017ee funkce str\u00e1nek budou nep\u0159eru\u0161ovan\u00e9 nebo bezchybn\u00e9, ani \u017ee budou opraveny p\u0159\u00edpadn\u00e9 vady. Rovn\u011b\u017e nezaru\u010dujeme p\u0159esnost, v\u010dasnost nebo spolehlivost materi\u00e1l\u016f na str\u00e1nk\u00e1ch.<\/p>\n\n\n\n<p><strong>Omezen\u00ed odpov\u011bdnosti<\/strong><\/p>\n\n\n\n<p>Spole\u010dnost vapestornado nenese odpov\u011bdnost za \u017e\u00e1dn\u00e9 zvl\u00e1\u0161tn\u00ed nebo n\u00e1sledn\u00e9 \u0161kody vznikl\u00e9 v d\u016fsledku pou\u017eit\u00ed materi\u00e1l\u016f na t\u00e9to str\u00e1nce nebo v\u00fdkonu produkt\u016f, a to ani v p\u0159\u00edpad\u011b, \u017ee byla upozorn\u011bna na mo\u017enost vzniku takov\u00fdch \u0161kod. N\u011bkter\u00e9 jurisdikce nepovoluj\u00ed omezen\u00ed z\u00e1ruk nebo vylou\u010den\u00ed odpov\u011bdnosti za n\u00e1sledn\u00e9 \u0161kody, tak\u017ee se tato omezen\u00ed na v\u00e1s nemus\u00ed vztahovat.<\/p>\n\n\n\n<p><strong>Ukon\u010den\u00ed<\/strong><\/p>\n\n\n\n<p>Tyto podm\u00ednky se na v\u00e1s vztahuj\u00ed p\u0159i vstupu na str\u00e1nky nebo p\u0159i dokon\u010den\u00ed jak\u00e9hokoli registra\u010dn\u00edho nebo n\u00e1kupn\u00edho procesu. spole\u010dnost vapestornado m\u016f\u017ee tyto podm\u00ednky nebo jakoukoli jejich \u010d\u00e1st kdykoli a z jak\u00e9hokoli d\u016fvodu ukon\u010dit bez p\u0159edchoz\u00edho upozorn\u011bn\u00ed. N\u011bkter\u00e1 ustanoven\u00ed, v\u010detn\u011b autorsk\u00fdch pr\u00e1v, ochrann\u00fdch zn\u00e1mek, prohl\u00e1\u0161en\u00ed o vylou\u010den\u00ed odpov\u011bdnosti, omezen\u00ed odpov\u011bdnosti, od\u0161kodn\u011bn\u00ed a r\u016fzn\u00e9, z\u016fst\u00e1vaj\u00ed v platnosti i po ukon\u010den\u00ed.<\/p>\n\n\n\n<p><strong>Upozorn\u011bn\u00ed<\/strong><\/p>\n\n\n\n<p>Spole\u010dnost vapestornado v\u00e1m m\u016f\u017ee zaslat upozorn\u011bn\u00ed e-mailem, obecn\u00e9 upozorn\u011bn\u00ed na str\u00e1nk\u00e1ch nebo jin\u00fdmi spolehliv\u00fdmi metodami pomoc\u00ed kontaktn\u00edch informac\u00ed, kter\u00e9 jste poskytli.<\/p>\n\n\n\n<p><strong>R\u016fzn\u00e9<\/strong><\/p>\n\n\n\n<p>Va\u0161e pou\u017e\u00edv\u00e1n\u00ed t\u00e9to str\u00e1nky se \u0159\u00edd\u00ed z\u00e1kony Hongkongu bez ohledu na ustanoven\u00ed o volb\u011b pr\u00e1va. Ve\u0161ker\u00e1 soudn\u00ed \u0159\u00edzen\u00ed souvisej\u00edc\u00ed s touto str\u00e1nkou se budou konat u soud\u016f v Hongkongu. Ve\u0161ker\u00e9 n\u00e1roky souvisej\u00edc\u00ed s touto str\u00e1nkou mus\u00ed b\u00fdt uplatn\u011bny do jednoho roku od vzniku n\u00e1roku. Pokud spole\u010dnost vapestornado nevym\u00e1h\u00e1 jak\u00e9koli ustanoven\u00ed t\u011bchto podm\u00ednek, nez\u0159\u00edk\u00e1 se t\u00edm \u017e\u00e1dn\u00fdch pr\u00e1v. Spole\u010dnost vapestornado m\u016f\u017ee postoupit sv\u00e1 pr\u00e1va a povinnosti vypl\u00fdvaj\u00edc\u00ed z t\u00e9to smlouvy bez p\u0159edchoz\u00edho upozorn\u011bn\u00ed.<\/p>\n\n\n\n<p><strong>Pou\u017e\u00edv\u00e1n\u00ed str\u00e1nek<\/strong><\/p>\n\n\n\n<p>Je zak\u00e1z\u00e1no jak\u00e9koli obt\u011b\u017eov\u00e1n\u00ed na str\u00e1nk\u00e1ch. Nesm\u00edte nahr\u00e1vat z\u00e1vadn\u00fd obsah ani \u017e\u00e1dat ostatn\u00ed o komer\u010dn\u00ed slu\u017eby. Spole\u010dnost vapestornado si vyhrazuje pr\u00e1vo blokovat nebo odstra\u0148ovat nevhodn\u00fd obsah dle vlastn\u00edho uv\u00e1\u017een\u00ed.<\/p>\n\n\n\n<p><strong>Prohl\u00e1\u0161en\u00ed o vylou\u010den\u00ed odpov\u011bdnosti za \u00fa\u010dast<\/strong><\/p>\n\n\n\n<p>vapestornado nenese odpov\u011bdnost za obsah vytv\u00e1\u0159en\u00fd u\u017eivateli na str\u00e1nk\u00e1ch. P\u016fsob\u00edme jako prost\u0159edn\u00edk pro distribuci a vyhrazujeme si pr\u00e1vo odstranit jak\u00fdkoli z\u00e1vadn\u00fd materi\u00e1l.<\/p>\n\n\n\n<p><strong>Pou\u017eit\u00ed produkt\u016f<\/strong><\/p>\n\n\n\n<p>vapestornado ne\u010din\u00ed \u017e\u00e1dn\u00e1 prohl\u00e1\u0161en\u00ed ohledn\u011b \u00fa\u010dinnosti na\u0161ich produkt\u016f pro jak\u00e9koli specifick\u00e9 pou\u017eit\u00ed. Zakoupen\u00edm na\u0161ich produkt\u016f souhlas\u00edte s t\u00edm, \u017ee je budete pou\u017e\u00edvat na vlastn\u00ed riziko. Nikotinov\u00e9 produkty jsou ur\u010deny pouze pro dosp\u011bl\u00e9. P\u0159ed pou\u017eit\u00edm nikotinov\u00fdch produkt\u016f se pora\u010fte s l\u00e9ka\u0159em.<\/p>\n\n\n\n<p><strong>Od\u0161kodn\u011bn\u00ed<\/strong><\/p>\n\n\n\n<p>Souhlas\u00edte s t\u00edm, \u017ee od\u0161kodn\u00edte vapestornado a jeho poskytovatele slu\u017eeb za jak\u00e9koli ztr\u00e1ty, v\u00fddaje, zran\u011bn\u00ed, \u0161kody a n\u00e1klady vypl\u00fdvaj\u00edc\u00ed z jak\u00e9hokoli poru\u0161en\u00ed t\u011bchto podm\u00ednek nebo \u010dinnost\u00ed souvisej\u00edc\u00edch s va\u0161\u00edm \u00fa\u010dtem.<\/p>\n\n\n\n<p><strong>Odkazy t\u0159et\u00edch stran<\/strong><\/p>\n\n\n\n<p>vapestornado m\u016f\u017ee odkazovat na str\u00e1nky t\u0159et\u00edch stran pro pohodl\u00ed n\u00e1v\u0161t\u011bvn\u00edk\u016f. Nem\u00e1me \u017e\u00e1dnou kontrolu nad t\u011bmito str\u00e1nkami a neneseme odpov\u011bdnost za jejich praktiky.<\/p>\n\n\n\n<p><strong>Odm\u00edtnut\u00ed odpov\u011bdnosti za produkt<\/strong><\/p>\n\n\n\n<p>N\u011bkter\u00e9 produkty mohou m\u00edt specifick\u00e9 odm\u00edtnut\u00ed odpov\u011bdnosti t\u00fdkaj\u00edc\u00ed se n\u00e1roku na v\u00fdm\u011bnu nebo vr\u00e1cen\u00ed pen\u011bz. P\u0159ed zakoupen\u00edm si p\u0159e\u010dt\u011bte v\u0161echna odm\u00edtnut\u00ed odpov\u011bdnosti za produkt. Souhlasem s na\u0161imi podm\u00ednkami p\u0159i placen\u00ed potvrzujete, \u017ee jste si p\u0159e\u010detli a porozum\u011bli v\u0161em odm\u00edtnut\u00edm odpov\u011bdnosti za produkt.<\/p>\n\n\n\n<p>D\u011bkujeme, \u017ee jste si vybrali vapestornado!<\/p>","protected":false},"excerpt":{"rendered":"<p>V\u00edtejte na vapestornado! P\u0159\u00edstupem na na\u0161e webov\u00e9 str\u00e1nky a jejich pou\u017e\u00edv\u00e1n\u00edm souhlas\u00edte s dodr\u017eov\u00e1n\u00edm n\u00e1sleduj\u00edc\u00edch podm\u00ednek a platn\u00fdch z\u00e1kon\u016f. Pokud nesouhlas\u00edte s t\u011bmito podm\u00ednkami, nepou\u017e\u00edvejte n\u00e1\u0161 web. Prov\u00e1d\u011bn\u00edm n\u00e1kupu na na\u0161ich str\u00e1nk\u00e1ch souhlas\u00edte s n\u00ed\u017ee uveden\u00fdmi Obchodn\u00edmi podm\u00ednkami a [\u2026]<\/p>","protected":false},"author":1,"featured_media":0,"parent":0,"menu_order":0,"comment_status":"closed","ping_status":"closed","template":"","meta":{"_acf_changed":false,"_uag_custom_page_level_css":"","_lmt_disableupdate":"","_lmt_disable":"","_monsterinsights_skip_tracking":false,"_monsterinsights_sitenote_active":false,"_monsterinsights_sitenote_note":"","_monsterinsights_sitenote_category":0,"site-sidebar-layout":"default","site-content-layout":"","ast-site-content-layout":"default","site-content-style":"default","site-sidebar-style":"default","ast-global-header-display":"","ast-banner-title-visibility":"","ast-main-header-display":"","ast-hfb-above-header-display":"","ast-hfb-below-header-display":"","ast-hfb-mobile-header-display":"","site-post-title":"","ast-breadcrumbs-content":"","ast-featured-img":"","footer-sml-layout":"","ast-disable-related-posts":"","theme-transparent-header-meta":"","adv-header-id-meta":"","stick-header-meta":"","header-above-stick-meta":"","header-main-stick-meta":"","header-below-stick-meta":"","astra-migrate-meta-layouts":"set","ast-page-background-enabled":"default","ast-page-background-meta":{"desktop":{"background-color":"","background-image":"","background-repeat":"repeat","background-position":"center center","background-size":"auto","background-attachment":"scroll","background-type":"","background-media":"","overlay-type":"","overlay-color":"","overlay-opacity":"","overlay-gradient":""},"tablet":{"background-color":"","background-image":"","background-repeat":"repeat","background-position":"center center","background-size":"auto","background-attachment":"scroll","background-type":"","background-media":"","overlay-type":"","overlay-color":"","overlay-opacity":"","overlay-gradient":""},"mobile":{"background-color":"","background-image":"","background-repeat":"repeat","background-position":"center center","background-size":"auto","background-attachment":"scroll","background-type":"","background-media":"","overlay-type":"","overlay-color":"","overlay-opacity":"","overlay-gradient":""}},"ast-content-background-meta":{"desktop":{"background-color":"var(--ast-global-color-5)","background-image":"","background-repeat":"repeat","background-position":"center center","background-size":"auto","background-attachment":"scroll","background-type":"","background-media":"","overlay-type":"","overlay-color":"","overlay-opacity":"","overlay-gradient":""},"tablet":{"background-color":"var(--ast-global-color-5)","background-image":"","background-repeat":"repeat","background-position":"center center","background-size":"auto","background-attachment":"scroll","background-type":"","background-media":"","overlay-type":"","overlay-color":"","overlay-opacity":"","overlay-gradient":""},"mobile":{"background-color":"var(--ast-global-color-5)","background-image":"","background-repeat":"repeat","background-position":"center center","background-size":"auto","background-attachment":"scroll","background-type":"","background-media":"","overlay-type":"","overlay-color":"","overlay-opacity":"","overlay-gradient":""}},"_joinchat":[],"footnotes":""},"class_list":["post-2776","page","type-page","status-publish","hentry"],"acf":[],"uagb_featured_image_src":{"full":false,"thumbnail":false,"medium":false,"medium_large":false,"large":false,"1536x1536":false,"2048x2048":false,"trp-custom-language-flag":false,"woocommerce_thumbnail":false,"woocommerce_single":false,"woocommerce_gallery_thumbnail":false},"uagb_author_info":{"display_name":"yannazhan@gmail.com","author_link":"https:\/\/vapestornado.com\/cs\/author\/yannazhangmail-com\/"},"uagb_comment_info":0,"uagb_excerpt":"Welcome to vapestornado! By accessing and using our website, you agree to comply with the following terms and conditions, along with applicable laws. If you do not agree with these terms, please do not use our site. By making a purchase on our website, you agree to the Terms &amp; Conditions below, as well as&hellip;","_links":{"self":[{"href":"https:\/\/vapestornado.com\/cs\/wp-json\/wp\/v2\/pages\/2776","targetHints":{"allow":["GET"]}}],"collection":[{"href":"https:\/\/vapestornado.com\/cs\/wp-json\/wp\/v2\/pages"}],"about":[{"href":"https:\/\/vapestornado.com\/cs\/wp-json\/wp\/v2\/types\/page"}],"author":[{"embeddable":true,"href":"https:\/\/vapestornado.com\/cs\/wp-json\/wp\/v2\/users\/1"}],"replies":[{"embeddable":true,"href":"https:\/\/vapestornado.com\/cs\/wp-json\/wp\/v2\/comments?post=2776"}],"version-history":[{"count":1,"href":"https:\/\/vapestornado.com\/cs\/wp-json\/wp\/v2\/pages\/2776\/revisions"}],"predecessor-version":[{"id":2777,"href":"https:\/\/vapestornado.com\/cs\/wp-json\/wp\/v2\/pages\/2776\/revisions\/2777"}],"wp:attachment":[{"href":"https:\/\/vapestornado.com\/cs\/wp-json\/wp\/v2\/media?parent=2776"}],"curies":[{"name":"wp","href":"https:\/\/api.w.org\/{rel}","templated":true}]}}