{"id":2772,"date":"2024-11-12T09:48:42","date_gmt":"2024-11-12T09:48:42","guid":{"rendered":"https:\/\/vapestornado.com\/?page_id=2772"},"modified":"2024-11-12T09:52:13","modified_gmt":"2024-11-12T09:52:13","slug":"vapestornado-shipping-policy","status":"publish","type":"page","link":"https:\/\/vapestornado.com\/cs\/vapestornado-shipping-policy\/","title":{"rendered":"Z\u00e1sady dopravy vapestornado"},"content":{"rendered":"<ol class=\"wp-block-list\">\n<li><strong>Doba zpracov\u00e1n\u00ed a odesl\u00e1n\u00ed:<\/strong><br>Objedn\u00e1vky jsou zpracov\u00e1ny a odesl\u00e1ny do 1\u20133 pracovn\u00edch dn\u016f. Doba doru\u010den\u00ed se obvykle pohybuje od 7 do 15 pracovn\u00edch dn\u016f. Upozor\u0148ujeme, \u017ee o v\u00edkendech nezas\u00edl\u00e1me.<\/li>\n\n\n\n<li><strong>Informace o sledov\u00e1n\u00ed z\u00e1silky:<\/strong><br>Jakmile bude va\u0161e objedn\u00e1vka odesl\u00e1na, obdr\u017e\u00edte e-mail s informacemi o sledov\u00e1n\u00ed z\u00e1silky. Svoji z\u00e1silku m\u016f\u017eete sledovat pomoc\u00ed poskytnut\u00e9ho sledovac\u00edho \u010d\u00edsla na <a href=\"https:\/\/www.17track.net\/en\" target=\"_blank\" rel=\"noopener\">https:\/\/www.17track.net\/en<\/a>. Po odesl\u00e1n\u00ed po\u010dkejte 1\u20132 dny, ne\u017e se zobraz\u00ed aktualizace sledov\u00e1n\u00ed.<\/li>\n\n\n\n<li><strong>Zru\u0161en\u00ed objedn\u00e1vky nebo zm\u011bny adresy:<\/strong><br>Doru\u010dovac\u00ed adresu m\u016f\u017eete zru\u0161it nebo aktualizovat kdykoli p\u0159ed odesl\u00e1n\u00edm objedn\u00e1vky. Jakmile v\u0161ak bude odesl\u00e1na, nem\u016f\u017eeme zpracovat vr\u00e1cen\u00ed pen\u011bz ani zm\u011bny adresy.<\/li>\n\n\n\n<li><strong>Doru\u010den\u00ed s uhrazen\u00fdm clem (DDP):<\/strong><br>Pro vybran\u00e9 zem\u011b nab\u00edz\u00edme doru\u010den\u00ed DDP, co\u017e znamen\u00e1, \u017ee nebudete muset \u0159e\u0161it celn\u00ed odbaven\u00ed ani platit clo.<ul><li><strong>\u010cesk\u00e1 republika<\/strong> \u2013 UPS Express<\/li><li><strong>UK<\/strong> \u2013 M\u00edstn\u00ed DPD Express<\/li><li><strong>Evropa<\/strong> \u2013 UPS Express\/DPD Express\/DHL Express<\/li><\/ul><strong>Zem\u011b v Evrop\u011b, kter\u00e9 maj\u00ed n\u00e1rok na DDP<\/strong> zahrnuj\u00ed: N\u011bmecko, Belgie, Lucembursko, Nizozemsko, \u010cesk\u00e1 republika, Polsko, Chorvatsko, Slovensko, Slovinsko, Finsko, D\u00e1nsko, \u0160v\u00e9dsko, Rakousko, Francie, It\u00e1lie, Ma\u010farsko, Bulharsko, Litva, Estonsko, Loty\u0161sko, \u0158ecko, Irsko, Portugalsko a \u0160pan\u011blsko.<\/li>\n\n\n\n<li><strong>Pozn\u00e1mka:<\/strong> U z\u00e1silek do Finska, \u0160v\u00e9dska, D\u00e1nska, Norska, Islandu, \u0160v\u00fdcarska a Srbska existuje riziko sekund\u00e1rn\u00edho celn\u00edho odbaven\u00ed. Pokud m\u00edstn\u00ed celn\u00ed \u00fa\u0159ad zbo\u017e\u00ed b\u011bhem kontroly zabav\u00ed, poji\u0161t\u011bn\u00ed celn\u00edho odbaven\u00ed ztr\u00e1tu nepokryje.<\/li>\n<\/ol>\n\n\n\n<p>D\u011bkujeme, \u017ee jste si pro sv\u00e9 pot\u0159eby v oblasti vapingu vybrali vapestornado!<\/p>\n\n\n\n<hr class=\"wp-block-separator has-alpha-channel-opacity\"\/>\n\n\n\n<p><strong>Doba odesl\u00e1n\u00ed Puff pro konkr\u00e9tn\u00ed zem\u011b<\/strong><\/p>\n\n\n\n<figure class=\"wp-block-table\"><table class=\"has-fixed-layout\"><thead><tr><th>Zem\u011b<\/th><th>Zp\u016fsob dopravy<\/th><th>Doba dod\u00e1n\u00ed<\/th><\/tr><\/thead><tbody><tr><td>\u010cesk\u00e1 republika<\/td><td>M\u00edstn\u00ed UPS Ground<\/td><td>10-15 dn\u00ed<\/td><\/tr><tr><td>UK<\/td><td>M\u00edstn\u00ed DPD Express<\/td><td>7-12 dn\u00ed<\/td><\/tr><tr><td>N\u011bmecka<\/td><td>UPS\/DPD\/DHL<\/td><td>8-13 dn\u00ed<\/td><\/tr><tr><td>Francie<\/td><td>UPS\/DPD\/DHL<\/td><td>8-13 dn\u00ed<\/td><\/tr><tr><td>Belgie<\/td><td>UPS\/DPD\/DHL<\/td><td>8-13 dn\u00ed<\/td><\/tr><tr><td>Lucembursko<\/td><td>UPS\/DPD\/DHL<\/td><td>8-13 dn\u00ed<\/td><\/tr><tr><td>Nizozemsko<\/td><td>UPS\/DPD\/DHL<\/td><td>8-13 dn\u00ed<\/td><\/tr><tr><td>\u010cesk\u00e1 republika<\/td><td>UPS\/DPD\/DHL<\/td><td>8-13 dn\u00ed<\/td><\/tr><tr><td>Polska<\/td><td>UPS\/DPD\/DHL<\/td><td>8-13 dn\u00ed<\/td><\/tr><tr><td>Chorvatsko<\/td><td>UPS\/DPD\/DHL<\/td><td>8-13 dn\u00ed<\/td><\/tr><tr><td>Slovensko<\/td><td>UPS\/DPD\/DHL<\/td><td>8-13 dn\u00ed<\/td><\/tr><tr><td>Slovinsko<\/td><td>UPS\/DPD\/DHL<\/td><td>8-13 dn\u00ed<\/td><\/tr><tr><td>Finska<\/td><td>UPS\/DPD\/DHL<\/td><td>8-13 dn\u00ed<\/td><\/tr><tr><td>D\u00e1nsko<\/td><td>UPS\/DPD\/DHL<\/td><td>8-13 dn\u00ed<\/td><\/tr><tr><td>\u0160v\u00e9dska<\/td><td>UPS\/DPD\/DHL<\/td><td>8-13 dn\u00ed<\/td><\/tr><tr><td>Rakousko<\/td><td>UPS\/DPD\/DHL<\/td><td>8-13 dn\u00ed<\/td><\/tr><tr><td>It\u00e1lie<\/td><td>UPS\/DPD\/DHL<\/td><td>8-13 dn\u00ed<\/td><\/tr><tr><td>Ma\u010farsko<\/td><td>UPS\/DPD\/DHL<\/td><td>8-13 dn\u00ed<\/td><\/tr><tr><td>Litva<\/td><td>UPS\/DPD\/DHL<\/td><td>8-13 dn\u00ed<\/td><\/tr><tr><td>Estonsko<\/td><td>UPS\/DPD\/DHL<\/td><td>8-13 dn\u00ed<\/td><\/tr><tr><td>Loty\u0161sko<\/td><td>UPS\/DPD\/DHL<\/td><td>8-13 dn\u00ed<\/td><\/tr><tr><td>\u0158ecko<\/td><td>UPS\/DPD\/DHL<\/td><td>8-13 dn\u00ed<\/td><\/tr><tr><td>Irsko<\/td><td>UPS\/DPD\/DHL<\/td><td>8-13 dn\u00ed<\/td><\/tr><tr><td>Portugalsko<\/td><td>UPS\/DPD\/DHL<\/td><td>8-13 dn\u00ed<\/td><\/tr><tr><td>\u0160pan\u011blska<\/td><td>UPS\/DPD\/DHL<\/td><td>8-13 dn\u00ed<\/td><\/tr><tr><td>SAE (Dubaj)<\/td><td>Vyhrazen\u00e1 linka Dubaj<\/td><td>12-18 dn\u00ed<\/td><\/tr><tr><td>Ji\u017en\u00ed Afrika<\/td><td>Vyhrazen\u00e1 linka Ji\u017en\u00ed Afrika<\/td><td>15-25 dn\u00ed<\/td><\/tr><tr><td>Vietnam<\/td><td>Vyhrazen\u00e1 linka Vietnam<\/td><td>3-5 dn\u00ed<\/td><\/tr><tr><td>Z\u00e1padn\u00ed Malajsie<\/td><td>Vyhrazen\u00e1 linka Malajsie<\/td><td>4-8 dn\u00ed<\/td><\/tr><\/tbody><\/table><\/figure>\n\n\n\n<p><\/p>","protected":false},"excerpt":{"rendered":"<p>D\u011bkujeme, \u017ee jste si pro sv\u00e9 pot\u0159eby vapingu vybrali vapestornado! Doba odesl\u00e1n\u00ed Puff pro konkr\u00e9tn\u00ed zem\u011b Zem\u011b Zp\u016fsob dopravy Doba dopravy \u010cesk\u00e1 republika M\u00edstn\u00ed UPS Ground 10-15 dn\u00ed Velk\u00e1 Brit\u00e1nie M\u00edstn\u00ed DPD Express 7-12 dn\u00ed N\u011bmecko UPS\/DPD\/DHL 8-13 dn\u00ed Francie UPS\/DPD\/DHL 8-13 dn\u00ed Belgie UPS\/DPD\/DHL 8-13 dn\u00ed Lucembursko UPS\/DPD\/DHL 8-13 dn\u00ed Nizozemsko UPS\/DPD\/DHL 8-13 dn\u00ed \u010cesk\u00e1 republika UPS\/DPD\/DHL [\u2026]<\/p>","protected":false},"author":1,"featured_media":0,"parent":0,"menu_order":0,"comment_status":"closed","ping_status":"closed","template":"","meta":{"_acf_changed":false,"_uag_custom_page_level_css":"","_lmt_disableupdate":"","_lmt_disable":"","_monsterinsights_skip_tracking":false,"_monsterinsights_sitenote_active":false,"_monsterinsights_sitenote_note":"","_monsterinsights_sitenote_category":0,"site-sidebar-layout":"default","site-content-layout":"","ast-site-content-layout":"default","site-content-style":"default","site-sidebar-style":"default","ast-global-header-display":"","ast-banner-title-visibility":"","ast-main-header-display":"","ast-hfb-above-header-display":"","ast-hfb-below-header-display":"","ast-hfb-mobile-header-display":"","site-post-title":"","ast-breadcrumbs-content":"","ast-featured-img":"","footer-sml-layout":"","ast-disable-related-posts":"","theme-transparent-header-meta":"","adv-header-id-meta":"","stick-header-meta":"","header-above-stick-meta":"","header-main-stick-meta":"","header-below-stick-meta":"","astra-migrate-meta-layouts":"set","ast-page-background-enabled":"default","ast-page-background-meta":{"desktop":{"background-color":"","background-image":"","background-repeat":"repeat","background-position":"center center","background-size":"auto","background-attachment":"scroll","background-type":"","background-media":"","overlay-type":"","overlay-color":"","overlay-opacity":"","overlay-gradient":""},"tablet":{"background-color":"","background-image":"","background-repeat":"repeat","background-position":"center center","background-size":"auto","background-attachment":"scroll","background-type":"","background-media":"","overlay-type":"","overlay-color":"","overlay-opacity":"","overlay-gradient":""},"mobile":{"background-color":"","background-image":"","background-repeat":"repeat","background-position":"center center","background-size":"auto","background-attachment":"scroll","background-type":"","background-media":"","overlay-type":"","overlay-color":"","overlay-opacity":"","overlay-gradient":""}},"ast-content-background-meta":{"desktop":{"background-color":"var(--ast-global-color-5)","background-image":"","background-repeat":"repeat","background-position":"center center","background-size":"auto","background-attachment":"scroll","background-type":"","background-media":"","overlay-type":"","overlay-color":"","overlay-opacity":"","overlay-gradient":""},"tablet":{"background-color":"var(--ast-global-color-5)","background-image":"","background-repeat":"repeat","background-position":"center center","background-size":"auto","background-attachment":"scroll","background-type":"","background-media":"","overlay-type":"","overlay-color":"","overlay-opacity":"","overlay-gradient":""},"mobile":{"background-color":"var(--ast-global-color-5)","background-image":"","background-repeat":"repeat","background-position":"center center","background-size":"auto","background-attachment":"scroll","background-type":"","background-media":"","overlay-type":"","overlay-color":"","overlay-opacity":"","overlay-gradient":""}},"_joinchat":[],"footnotes":""},"class_list":["post-2772","page","type-page","status-publish","hentry"],"acf":[],"uagb_featured_image_src":{"full":false,"thumbnail":false,"medium":false,"medium_large":false,"large":false,"1536x1536":false,"2048x2048":false,"trp-custom-language-flag":false,"woocommerce_thumbnail":false,"woocommerce_single":false,"woocommerce_gallery_thumbnail":false},"uagb_author_info":{"display_name":"yannazhan@gmail.com","author_link":"https:\/\/vapestornado.com\/cs\/author\/yannazhangmail-com\/"},"uagb_comment_info":0,"uagb_excerpt":"Thank you for choosing vapestornado for your vaping needs! Puff Shipping Times for Specific Countries Country Shipping Method Shipping Time USA Local UPS Ground 10-15 Days UK Local DPD Express 7-12 Days Germany UPS\/DPD\/DHL 8-13 Days France UPS\/DPD\/DHL 8-13 Days Belgium UPS\/DPD\/DHL 8-13 Days Luxembourg UPS\/DPD\/DHL 8-13 Days Netherlands UPS\/DPD\/DHL 8-13 Days Czech Republic UPS\/DPD\/DHL&hellip;","_links":{"self":[{"href":"https:\/\/vapestornado.com\/cs\/wp-json\/wp\/v2\/pages\/2772","targetHints":{"allow":["GET"]}}],"collection":[{"href":"https:\/\/vapestornado.com\/cs\/wp-json\/wp\/v2\/pages"}],"about":[{"href":"https:\/\/vapestornado.com\/cs\/wp-json\/wp\/v2\/types\/page"}],"author":[{"embeddable":true,"href":"https:\/\/vapestornado.com\/cs\/wp-json\/wp\/v2\/users\/1"}],"replies":[{"embeddable":true,"href":"https:\/\/vapestornado.com\/cs\/wp-json\/wp\/v2\/comments?post=2772"}],"version-history":[{"count":3,"href":"https:\/\/vapestornado.com\/cs\/wp-json\/wp\/v2\/pages\/2772\/revisions"}],"predecessor-version":[{"id":2775,"href":"https:\/\/vapestornado.com\/cs\/wp-json\/wp\/v2\/pages\/2772\/revisions\/2775"}],"wp:attachment":[{"href":"https:\/\/vapestornado.com\/cs\/wp-json\/wp\/v2\/media?parent=2772"}],"curies":[{"name":"wp","href":"https:\/\/api.w.org\/{rel}","templated":true}]}}