{"id":2769,"date":"2024-11-12T09:44:18","date_gmt":"2024-11-12T09:44:18","guid":{"rendered":"https:\/\/vapestornado.com\/?page_id=2769"},"modified":"2024-11-12T09:45:01","modified_gmt":"2024-11-12T09:45:01","slug":"refund-policy","status":"publish","type":"page","link":"https:\/\/vapestornado.com\/cs\/refund-policy\/","title":{"rendered":"Z\u00e1sady vr\u00e1cen\u00ed pen\u011bz"},"content":{"rendered":"<p>D\u011bkujeme v\u00e1m za n\u00e1kup u vapestornado. P\u0159e\u010dt\u011bte si pros\u00edm pozorn\u011b na\u0161e z\u00e1sady vracen\u00ed pen\u011bz:<\/p>\n\n\n\n<p><strong>\u017d\u00e1dosti o vr\u00e1cen\u00ed pen\u011bz do 24 hodin:<\/strong><br>M\u016f\u017eete po\u017e\u00e1dat o vr\u00e1cen\u00ed pen\u011bz do 24 hodin od zad\u00e1n\u00ed objedn\u00e1vky. Kontaktujte n\u00e1s neprodlen\u011b, abyste obdr\u017eeli plnou n\u00e1hradu.<\/p>\n\n\n\n<p><strong>\u017d\u00e1dosti o vr\u00e1cen\u00ed pen\u011bz po 24 hodin\u00e1ch:<\/strong><br>U objedn\u00e1vek zadan\u00fdch p\u0159ed v\u00edce ne\u017e 24 hodinami nemus\u00ed b\u00fdt pln\u00e1 n\u00e1hrada mo\u017en\u00e1, proto\u017ee objedn\u00e1vky jsou obvykle p\u0159ipraveny pro celn\u00ed \u0159\u00edzen\u00ed. V t\u011bchto p\u0159\u00edpadech m\u016f\u017eeme poskytnout \u010d\u00e1ste\u010dnou n\u00e1hradu a\u017e do v\u00fd\u0161e 50 % z \u010d\u00e1stky objedn\u00e1vky z d\u016fvodu n\u00e1klad\u016f na sta\u017een\u00ed bal\u00edku.<\/p>\n\n\n\n<p><strong>\u017d\u00e1dn\u00e1 n\u00e1hrada po odesl\u00e1n\u00ed:<\/strong><br>Jakmile bude v\u00e1\u0161 bal\u00edk odesl\u00e1n a bude vyd\u00e1no sledovac\u00ed \u010d\u00edslo, nebudete m\u00edt n\u00e1rok na vr\u00e1cen\u00ed pen\u011bz.<\/p>\n\n\n\n<p><strong>Poji\u0161t\u011bn\u00ed a celn\u00ed probl\u00e9my:<\/strong><br>V\u0161echny bal\u00edky jsou poji\u0161t\u011bny. Pokud je v\u00e1\u0161 bal\u00edk zadr\u017een celn\u00edmi org\u00e1ny a nebude propu\u0161t\u011bn, vystav\u00edme plnou n\u00e1hradu.<\/p>\n\n\n\n<p><strong>Nespr\u00e1vn\u00e1 adresa nebo probl\u00e9my s doru\u010den\u00edm:<\/strong><br>Pokud nelze bal\u00edk doru\u010dit z d\u016fvodu nespr\u00e1vn\u00e9 adresy nebo jin\u00fdch probl\u00e9m\u016f souvisej\u00edc\u00edch se z\u00e1kazn\u00edkem, je z\u00e1kazn\u00edk odpov\u011bdn\u00fd za n\u00e1klady na op\u011btovn\u00e9 odesl\u00e1n\u00ed.<\/p>\n\n\n\n<p>V p\u0159\u00edpad\u011b jak\u00fdchkoli dotaz\u016f nebo obav t\u00fdkaj\u00edc\u00edch se na\u0161ich z\u00e1sad vracen\u00ed pen\u011bz kontaktujte n\u00e1\u0161 t\u00fdm z\u00e1kaznick\u00e9 podpory na adrese vapestornado.<\/p>\n\n\n\n<p><\/p>","protected":false},"excerpt":{"rendered":"<p>D\u011bkujeme, \u017ee nakupujete u vapestornado. P\u0159e\u010dt\u011bte si pros\u00edm pozorn\u011b na\u0161e z\u00e1sady vracen\u00ed pen\u011bz: \u017d\u00e1dosti o vr\u00e1cen\u00ed pen\u011bz do 24 hodin: M\u016f\u017eete po\u017e\u00e1dat o vr\u00e1cen\u00ed pen\u011bz do 24 hodin od zad\u00e1n\u00ed objedn\u00e1vky. Kontaktujte n\u00e1s neprodlen\u011b, abyste obdr\u017eeli plnou n\u00e1hradu. \u017d\u00e1dosti o vr\u00e1cen\u00ed pen\u011bz po 24 hodin\u00e1ch: U objedn\u00e1vek zadan\u00fdch p\u0159ed v\u00edce ne\u017e 24 hodinami nemus\u00ed b\u00fdt pln\u00e1 n\u00e1hrada mo\u017en\u00e1 [\u2026]<\/p>","protected":false},"author":1,"featured_media":0,"parent":0,"menu_order":0,"comment_status":"closed","ping_status":"closed","template":"","meta":{"_acf_changed":false,"_uag_custom_page_level_css":"","_lmt_disableupdate":"","_lmt_disable":"","_monsterinsights_skip_tracking":false,"_monsterinsights_sitenote_active":false,"_monsterinsights_sitenote_note":"","_monsterinsights_sitenote_category":0,"site-sidebar-layout":"default","site-content-layout":"","ast-site-content-layout":"default","site-content-style":"default","site-sidebar-style":"default","ast-global-header-display":"","ast-banner-title-visibility":"","ast-main-header-display":"","ast-hfb-above-header-display":"","ast-hfb-below-header-display":"","ast-hfb-mobile-header-display":"","site-post-title":"","ast-breadcrumbs-content":"","ast-featured-img":"","footer-sml-layout":"","ast-disable-related-posts":"","theme-transparent-header-meta":"","adv-header-id-meta":"","stick-header-meta":"","header-above-stick-meta":"","header-main-stick-meta":"","header-below-stick-meta":"","astra-migrate-meta-layouts":"set","ast-page-background-enabled":"default","ast-page-background-meta":{"desktop":{"background-color":"","background-image":"","background-repeat":"repeat","background-position":"center center","background-size":"auto","background-attachment":"scroll","background-type":"","background-media":"","overlay-type":"","overlay-color":"","overlay-opacity":"","overlay-gradient":""},"tablet":{"background-color":"","background-image":"","background-repeat":"repeat","background-position":"center center","background-size":"auto","background-attachment":"scroll","background-type":"","background-media":"","overlay-type":"","overlay-color":"","overlay-opacity":"","overlay-gradient":""},"mobile":{"background-color":"","background-image":"","background-repeat":"repeat","background-position":"center center","background-size":"auto","background-attachment":"scroll","background-type":"","background-media":"","overlay-type":"","overlay-color":"","overlay-opacity":"","overlay-gradient":""}},"ast-content-background-meta":{"desktop":{"background-color":"var(--ast-global-color-5)","background-image":"","background-repeat":"repeat","background-position":"center center","background-size":"auto","background-attachment":"scroll","background-type":"","background-media":"","overlay-type":"","overlay-color":"","overlay-opacity":"","overlay-gradient":""},"tablet":{"background-color":"var(--ast-global-color-5)","background-image":"","background-repeat":"repeat","background-position":"center center","background-size":"auto","background-attachment":"scroll","background-type":"","background-media":"","overlay-type":"","overlay-color":"","overlay-opacity":"","overlay-gradient":""},"mobile":{"background-color":"var(--ast-global-color-5)","background-image":"","background-repeat":"repeat","background-position":"center center","background-size":"auto","background-attachment":"scroll","background-type":"","background-media":"","overlay-type":"","overlay-color":"","overlay-opacity":"","overlay-gradient":""}},"_joinchat":[],"footnotes":""},"class_list":["post-2769","page","type-page","status-publish","hentry"],"acf":[],"uagb_featured_image_src":{"full":false,"thumbnail":false,"medium":false,"medium_large":false,"large":false,"1536x1536":false,"2048x2048":false,"trp-custom-language-flag":false,"woocommerce_thumbnail":false,"woocommerce_single":false,"woocommerce_gallery_thumbnail":false},"uagb_author_info":{"display_name":"yannazhan@gmail.com","author_link":"https:\/\/vapestornado.com\/cs\/author\/yannazhangmail-com\/"},"uagb_comment_info":0,"uagb_excerpt":"Thank you for shopping with vapestornado. Please review our refund policy carefully: Refund Requests Within 24 Hours:You may request a refund within 24 hours of placing your order. Contact us promptly to receive a full refund. Refund Requests After 24 Hours:For orders placed more than 24 hours ago, a full refund may not be possible&hellip;","_links":{"self":[{"href":"https:\/\/vapestornado.com\/cs\/wp-json\/wp\/v2\/pages\/2769","targetHints":{"allow":["GET"]}}],"collection":[{"href":"https:\/\/vapestornado.com\/cs\/wp-json\/wp\/v2\/pages"}],"about":[{"href":"https:\/\/vapestornado.com\/cs\/wp-json\/wp\/v2\/types\/page"}],"author":[{"embeddable":true,"href":"https:\/\/vapestornado.com\/cs\/wp-json\/wp\/v2\/users\/1"}],"replies":[{"embeddable":true,"href":"https:\/\/vapestornado.com\/cs\/wp-json\/wp\/v2\/comments?post=2769"}],"version-history":[{"count":2,"href":"https:\/\/vapestornado.com\/cs\/wp-json\/wp\/v2\/pages\/2769\/revisions"}],"predecessor-version":[{"id":2771,"href":"https:\/\/vapestornado.com\/cs\/wp-json\/wp\/v2\/pages\/2769\/revisions\/2771"}],"wp:attachment":[{"href":"https:\/\/vapestornado.com\/cs\/wp-json\/wp\/v2\/media?parent=2769"}],"curies":[{"name":"wp","href":"https:\/\/api.w.org\/{rel}","templated":true}]}}